{"id":59858,"date":"2023-02-24T14:09:24","date_gmt":"2023-02-24T13:09:24","guid":{"rendered":"https:\/\/www.upjs.sk\/internal-system-evaluation-quality\/etika\/"},"modified":"2023-06-01T10:52:13","modified_gmt":"2023-06-01T09:52:13","slug":"ethical","status":"publish","type":"page","link":"https:\/\/www.upjs.sk\/en\/information\/science-and-research\/scientific-and-research-activities-phd-studies\/doctoral-studies\/ethical\/","title":{"rendered":"Ethical environment"},"content":{"rendered":"\n<figure class=\"wp-block-image size-full\"><img decoding=\"async\" width=\"1170\" height=\"300\" src=\"https:\/\/www.upjs.sk\/app\/uploads\/2023\/05\/banner-komponent-uzky-1.jpg\" alt=\"\" class=\"wp-image-59897\" srcset=\"https:\/\/www.upjs.sk\/app\/uploads\/2023\/05\/banner-komponent-uzky-1.jpg 1170w, https:\/\/www.upjs.sk\/app\/uploads\/2023\/05\/banner-komponent-uzky-1-300x77.jpg 300w, https:\/\/www.upjs.sk\/app\/uploads\/2023\/05\/banner-komponent-uzky-1-1024x263.jpg 1024w, https:\/\/www.upjs.sk\/app\/uploads\/2023\/05\/banner-komponent-uzky-1-768x197.jpg 768w\" sizes=\"(max-width: 1170px) 100vw, 1170px\" \/><\/figure>\n\n\n\n<p class=\"has-text-align-justify\">Pavol Jozef \u0160af\u00e1rik University in Ko\u0161ice creates an environment where all persons are treated equally and with respect and where fundamental rights and freedoms such as the right to life and health, the inviolability of the person and his\/her privacy, and the right to preserve human dignity are respected, along with personal honour and reputation, freedom of thought, conscience, religion and expression, as well as freedom of scientific enquiry and artistic creation of all staff and students, regardless of their occupation, function, field of study, form and year of study. It rejects discrimination on the basis of race, ethnic origin, nationality, ideology, religion, belief, world view, age, gender, sexual orientation, physical handicap, language, social origin, or property. It treats everyone with respect, regardless of socio-cultural differences. It observes the principle of equal treatment and equal opportunities. It rejects any form of sexual harassment.<\/p>\n\n\n\n<figure class=\"wp-block-gallery has-nested-images columns-default wp-block-gallery-1 is-layout-flex wp-block-gallery-is-layout-flex\">\n<figure class=\"wp-block-image size-large\"><a href=\"https:\/\/www.upjs.sk\/en\/information\/science-and-research\/ethics-committee\/\"><img decoding=\"async\" width=\"1024\" height=\"384\" data-id=\"59908\" src=\"https:\/\/www.upjs.sk\/app\/uploads\/2023\/05\/19-1024x384.jpg\" alt=\"\" class=\"wp-image-59908\" srcset=\"https:\/\/www.upjs.sk\/app\/uploads\/2023\/05\/19-1024x384.jpg 1024w, https:\/\/www.upjs.sk\/app\/uploads\/2023\/05\/19-300x113.jpg 300w, https:\/\/www.upjs.sk\/app\/uploads\/2023\/05\/19-768x288.jpg 768w, https:\/\/www.upjs.sk\/app\/uploads\/2023\/05\/19.jpg 1480w\" sizes=\"(max-width: 1024px) 100vw, 1024px\" \/><\/a><\/figure>\n\n\n\n<figure class=\"wp-block-image size-large\"><a href=\"https:\/\/www.upjs.sk\/en\/information\/science-and-research\/ethics\/\"><img decoding=\"async\" width=\"1024\" height=\"384\" data-id=\"59905\" src=\"https:\/\/www.upjs.sk\/app\/uploads\/2023\/05\/20-1024x384.jpg\" alt=\"\" class=\"wp-image-59905\" srcset=\"https:\/\/www.upjs.sk\/app\/uploads\/2023\/05\/20-1024x384.jpg 1024w, https:\/\/www.upjs.sk\/app\/uploads\/2023\/05\/20-300x113.jpg 300w, https:\/\/www.upjs.sk\/app\/uploads\/2023\/05\/20-768x288.jpg 768w, https:\/\/www.upjs.sk\/app\/uploads\/2023\/05\/20.jpg 1480w\" sizes=\"(max-width: 1024px) 100vw, 1024px\" \/><\/a><\/figure>\n\n\n\n<figure class=\"wp-block-image size-large\"><a href=\"https:\/\/www.upjs.sk\/en\/information\/science-and-research\/ethics\/\"><img decoding=\"async\" width=\"1024\" height=\"384\" data-id=\"59919\" src=\"https:\/\/www.upjs.sk\/app\/uploads\/2023\/05\/Spravy-o-cinnosti-UPJS-1-1024x384.jpg\" alt=\"\" class=\"wp-image-59919\" srcset=\"https:\/\/www.upjs.sk\/app\/uploads\/2023\/05\/Spravy-o-cinnosti-UPJS-1-1024x384.jpg 1024w, https:\/\/www.upjs.sk\/app\/uploads\/2023\/05\/Spravy-o-cinnosti-UPJS-1-300x113.jpg 300w, https:\/\/www.upjs.sk\/app\/uploads\/2023\/05\/Spravy-o-cinnosti-UPJS-1-768x288.jpg 768w, https:\/\/www.upjs.sk\/app\/uploads\/2023\/05\/Spravy-o-cinnosti-UPJS-1.jpg 1480w\" sizes=\"(max-width: 1024px) 100vw, 1024px\" \/><\/a><\/figure>\n<\/figure>\n","protected":false},"excerpt":{"rendered":"<p>Pavol Jozef \u0160af\u00e1rik University in Ko\u0161ice creates an environment where all persons are treated equally and with respect and where fundamental rights and freedoms such as the right to life and health, the inviolability of the person and his\/her privacy, and the right to preserve human dignity are respected, along with personal honour and reputation, &hellip; <a href=\"https:\/\/www.upjs.sk\/en\/information\/science-and-research\/scientific-and-research-activities-phd-studies\/doctoral-studies\/ethical\/\">Continued<\/a><\/p>\n","protected":false},"author":36,"featured_media":0,"parent":59915,"menu_order":0,"comment_status":"closed","ping_status":"closed","template":"","meta":{"_acf_changed":false,"_editorskit_title_hidden":false,"_editorskit_reading_time":1,"_editorskit_is_block_options_detached":false,"_editorskit_block_options_position":"{}","footnotes":""},"categories":[],"tags":[],"class_list":["post-59858","page","type-page","status-publish","hentry"],"acf":{"acf_link_na_externy_obsah":""},"yoast_head":"<!-- This site is optimized with the Yoast SEO plugin v27.4 - https:\/\/yoast.com\/product\/yoast-seo-wordpress\/ -->\n<title>Ethical environment - UPJ\u0160 Ko\u0161ice<\/title>\n<meta name=\"robots\" content=\"index, follow, max-snippet:-1, max-image-preview:large, max-video-preview:-1\" \/>\n<link rel=\"canonical\" href=\"https:\/\/www.upjs.sk\/en\/information\/science-and-research\/scientific-and-research-activities-phd-studies\/doctoral-studies\/ethical\/\" \/>\n<meta property=\"og:locale\" content=\"en_US\" \/>\n<meta property=\"og:type\" content=\"article\" \/>\n<meta property=\"og:title\" content=\"Ethical environment - UPJ\u0160 Ko\u0161ice\" \/>\n<meta property=\"og:description\" content=\"Pavol Jozef \u0160af\u00e1rik University in Ko\u0161ice creates an environment where all persons are treated equally and with respect and where fundamental rights and freedoms such as the right to life and health, the inviolability of the person and his\/her privacy, and the right to preserve human dignity are respected, along with personal honour and reputation, &hellip; Continued\" \/>\n<meta property=\"og:url\" content=\"https:\/\/www.upjs.sk\/en\/information\/science-and-research\/scientific-and-research-activities-phd-studies\/doctoral-studies\/ethical\/\" \/>\n<meta property=\"og:site_name\" content=\"UPJ\u0160 Ko\u0161ice\" \/>\n<meta property=\"article:publisher\" content=\"https:\/\/www.facebook.com\/UniverzitaPavlaJozefaSafarikaVkosiciach\/\" \/>\n<meta property=\"article:modified_time\" content=\"2023-06-01T09:52:13+00:00\" \/>\n<meta property=\"og:image\" content=\"https:\/\/www.upjs.sk\/app\/uploads\/2023\/05\/banner-komponent-uzky-1.jpg\" \/>\n<meta name=\"twitter:card\" content=\"summary_large_image\" \/>\n<meta name=\"twitter:site\" content=\"@UPJS_kosice\" \/>\n<meta name=\"twitter:label1\" content=\"Est. reading time\" \/>\n\t<meta name=\"twitter:data1\" content=\"2 minutes\" \/>\n<script type=\"application\/ld+json\" class=\"yoast-schema-graph\">{\"@context\":\"https:\\\/\\\/schema.org\",\"@graph\":[{\"@type\":\"WebPage\",\"@id\":\"https:\\\/\\\/www.upjs.sk\\\/en\\\/information\\\/science-and-research\\\/scientific-and-research-activities-phd-studies\\\/doctoral-studies\\\/ethical\\\/\",\"url\":\"https:\\\/\\\/www.upjs.sk\\\/en\\\/information\\\/science-and-research\\\/scientific-and-research-activities-phd-studies\\\/doctoral-studies\\\/ethical\\\/\",\"name\":\"Ethical environment - UPJ\u0160 Ko\u0161ice\",\"isPartOf\":{\"@id\":\"https:\\\/\\\/www.upjs.sk\\\/en\\\/#website\"},\"primaryImageOfPage\":{\"@id\":\"https:\\\/\\\/www.upjs.sk\\\/en\\\/information\\\/science-and-research\\\/scientific-and-research-activities-phd-studies\\\/doctoral-studies\\\/ethical\\\/#primaryimage\"},\"image\":{\"@id\":\"https:\\\/\\\/www.upjs.sk\\\/en\\\/information\\\/science-and-research\\\/scientific-and-research-activities-phd-studies\\\/doctoral-studies\\\/ethical\\\/#primaryimage\"},\"thumbnailUrl\":\"https:\\\/\\\/www.upjs.sk\\\/app\\\/uploads\\\/2023\\\/05\\\/banner-komponent-uzky-1.jpg\",\"datePublished\":\"2023-02-24T13:09:24+00:00\",\"dateModified\":\"2023-06-01T09:52:13+00:00\",\"breadcrumb\":{\"@id\":\"https:\\\/\\\/www.upjs.sk\\\/en\\\/information\\\/science-and-research\\\/scientific-and-research-activities-phd-studies\\\/doctoral-studies\\\/ethical\\\/#breadcrumb\"},\"inLanguage\":\"en-US\",\"potentialAction\":[{\"@type\":\"ReadAction\",\"target\":[\"https:\\\/\\\/www.upjs.sk\\\/en\\\/information\\\/science-and-research\\\/scientific-and-research-activities-phd-studies\\\/doctoral-studies\\\/ethical\\\/\"]}]},{\"@type\":\"ImageObject\",\"inLanguage\":\"en-US\",\"@id\":\"https:\\\/\\\/www.upjs.sk\\\/en\\\/information\\\/science-and-research\\\/scientific-and-research-activities-phd-studies\\\/doctoral-studies\\\/ethical\\\/#primaryimage\",\"url\":\"https:\\\/\\\/www.upjs.sk\\\/app\\\/uploads\\\/2023\\\/05\\\/banner-komponent-uzky-1.jpg\",\"contentUrl\":\"https:\\\/\\\/www.upjs.sk\\\/app\\\/uploads\\\/2023\\\/05\\\/banner-komponent-uzky-1.jpg\"},{\"@type\":\"BreadcrumbList\",\"@id\":\"https:\\\/\\\/www.upjs.sk\\\/en\\\/information\\\/science-and-research\\\/scientific-and-research-activities-phd-studies\\\/doctoral-studies\\\/ethical\\\/#breadcrumb\",\"itemListElement\":[{\"@type\":\"ListItem\",\"position\":1,\"name\":\"Home\",\"item\":\"https:\\\/\\\/www.upjs.sk\\\/en\\\/\"},{\"@type\":\"ListItem\",\"position\":2,\"name\":\"Information\",\"item\":\"https:\\\/\\\/www.upjs.sk\\\/en\\\/information\\\/\"},{\"@type\":\"ListItem\",\"position\":3,\"name\":\"Science, Research and Development\",\"item\":\"https:\\\/\\\/www.upjs.sk\\\/en\\\/information\\\/science-and-research\\\/\"},{\"@type\":\"ListItem\",\"position\":4,\"name\":\"Scientific and Research Activities, PhD Studies\",\"item\":\"https:\\\/\\\/www.upjs.sk\\\/en\\\/information\\\/science-and-research\\\/scientific-and-research-activities-phd-studies\\\/\"},{\"@type\":\"ListItem\",\"position\":5,\"name\":\"Scientific research and doctoral studies\",\"item\":\"https:\\\/\\\/www.upjs.sk\\\/en\\\/information\\\/science-and-research\\\/scientific-and-research-activities-phd-studies\\\/doctoral-studies\\\/\"},{\"@type\":\"ListItem\",\"position\":6,\"name\":\"Ethical environment\"}]},{\"@type\":\"WebSite\",\"@id\":\"https:\\\/\\\/www.upjs.sk\\\/en\\\/#website\",\"url\":\"https:\\\/\\\/www.upjs.sk\\\/en\\\/\",\"name\":\"UPJ\u0160 Ko\u0161ice\",\"description\":\"Wisdom of the Past, Knowledge of the Present, Education of the Future\",\"publisher\":{\"@id\":\"https:\\\/\\\/www.upjs.sk\\\/en\\\/#organization\"},\"potentialAction\":[{\"@type\":\"SearchAction\",\"target\":{\"@type\":\"EntryPoint\",\"urlTemplate\":\"https:\\\/\\\/www.upjs.sk\\\/en\\\/?s={search_term_string}\"},\"query-input\":{\"@type\":\"PropertyValueSpecification\",\"valueRequired\":true,\"valueName\":\"search_term_string\"}}],\"inLanguage\":\"en-US\"},{\"@type\":\"Organization\",\"@id\":\"https:\\\/\\\/www.upjs.sk\\\/en\\\/#organization\",\"name\":\"UPJ\u0160 Ko\u0161ice\",\"url\":\"https:\\\/\\\/www.upjs.sk\\\/en\\\/\",\"logo\":{\"@type\":\"ImageObject\",\"inLanguage\":\"en-US\",\"@id\":\"https:\\\/\\\/www.upjs.sk\\\/en\\\/#\\\/schema\\\/logo\\\/image\\\/\",\"url\":\"https:\\\/\\\/www.upjs.sk\\\/app\\\/uploads\\\/2023\\\/01\\\/UPJS_ENG_esymbol.svg\",\"contentUrl\":\"https:\\\/\\\/www.upjs.sk\\\/app\\\/uploads\\\/2023\\\/01\\\/UPJS_ENG_esymbol.svg\",\"width\":448,\"height\":139,\"caption\":\"UPJ\u0160 Ko\u0161ice\"},\"image\":{\"@id\":\"https:\\\/\\\/www.upjs.sk\\\/en\\\/#\\\/schema\\\/logo\\\/image\\\/\"},\"sameAs\":[\"https:\\\/\\\/www.facebook.com\\\/UniverzitaPavlaJozefaSafarikaVkosiciach\\\/\",\"https:\\\/\\\/x.com\\\/UPJS_kosice\",\"https:\\\/\\\/www.instagram.com\\\/upjs_kosice\",\"https:\\\/\\\/www.linkedin.com\\\/company\\\/pavol-jozef-afrik-university-in-koice\\\/\"]}]}<\/script>\n<!-- \/ Yoast SEO plugin. -->","yoast_head_json":{"title":"Ethical environment - UPJ\u0160 Ko\u0161ice","robots":{"index":"index","follow":"follow","max-snippet":"max-snippet:-1","max-image-preview":"max-image-preview:large","max-video-preview":"max-video-preview:-1"},"canonical":"https:\/\/www.upjs.sk\/en\/information\/science-and-research\/scientific-and-research-activities-phd-studies\/doctoral-studies\/ethical\/","og_locale":"en_US","og_type":"article","og_title":"Ethical environment - UPJ\u0160 Ko\u0161ice","og_description":"Pavol Jozef \u0160af\u00e1rik University in Ko\u0161ice creates an environment where all persons are treated equally and with respect and where fundamental rights and freedoms such as the right to life and health, the inviolability of the person and his\/her privacy, and the right to preserve human dignity are respected, along with personal honour and reputation, &hellip; Continued","og_url":"https:\/\/www.upjs.sk\/en\/information\/science-and-research\/scientific-and-research-activities-phd-studies\/doctoral-studies\/ethical\/","og_site_name":"UPJ\u0160 Ko\u0161ice","article_publisher":"https:\/\/www.facebook.com\/UniverzitaPavlaJozefaSafarikaVkosiciach\/","article_modified_time":"2023-06-01T09:52:13+00:00","og_image":[{"url":"https:\/\/www.upjs.sk\/app\/uploads\/2023\/05\/banner-komponent-uzky-1.jpg","type":"","width":"","height":""}],"twitter_card":"summary_large_image","twitter_site":"@UPJS_kosice","twitter_misc":{"Est. reading time":"2 minutes"},"schema":{"@context":"https:\/\/schema.org","@graph":[{"@type":"WebPage","@id":"https:\/\/www.upjs.sk\/en\/information\/science-and-research\/scientific-and-research-activities-phd-studies\/doctoral-studies\/ethical\/","url":"https:\/\/www.upjs.sk\/en\/information\/science-and-research\/scientific-and-research-activities-phd-studies\/doctoral-studies\/ethical\/","name":"Ethical environment - UPJ\u0160 Ko\u0161ice","isPartOf":{"@id":"https:\/\/www.upjs.sk\/en\/#website"},"primaryImageOfPage":{"@id":"https:\/\/www.upjs.sk\/en\/information\/science-and-research\/scientific-and-research-activities-phd-studies\/doctoral-studies\/ethical\/#primaryimage"},"image":{"@id":"https:\/\/www.upjs.sk\/en\/information\/science-and-research\/scientific-and-research-activities-phd-studies\/doctoral-studies\/ethical\/#primaryimage"},"thumbnailUrl":"https:\/\/www.upjs.sk\/app\/uploads\/2023\/05\/banner-komponent-uzky-1.jpg","datePublished":"2023-02-24T13:09:24+00:00","dateModified":"2023-06-01T09:52:13+00:00","breadcrumb":{"@id":"https:\/\/www.upjs.sk\/en\/information\/science-and-research\/scientific-and-research-activities-phd-studies\/doctoral-studies\/ethical\/#breadcrumb"},"inLanguage":"en-US","potentialAction":[{"@type":"ReadAction","target":["https:\/\/www.upjs.sk\/en\/information\/science-and-research\/scientific-and-research-activities-phd-studies\/doctoral-studies\/ethical\/"]}]},{"@type":"ImageObject","inLanguage":"en-US","@id":"https:\/\/www.upjs.sk\/en\/information\/science-and-research\/scientific-and-research-activities-phd-studies\/doctoral-studies\/ethical\/#primaryimage","url":"https:\/\/www.upjs.sk\/app\/uploads\/2023\/05\/banner-komponent-uzky-1.jpg","contentUrl":"https:\/\/www.upjs.sk\/app\/uploads\/2023\/05\/banner-komponent-uzky-1.jpg"},{"@type":"BreadcrumbList","@id":"https:\/\/www.upjs.sk\/en\/information\/science-and-research\/scientific-and-research-activities-phd-studies\/doctoral-studies\/ethical\/#breadcrumb","itemListElement":[{"@type":"ListItem","position":1,"name":"Home","item":"https:\/\/www.upjs.sk\/en\/"},{"@type":"ListItem","position":2,"name":"Information","item":"https:\/\/www.upjs.sk\/en\/information\/"},{"@type":"ListItem","position":3,"name":"Science, Research and Development","item":"https:\/\/www.upjs.sk\/en\/information\/science-and-research\/"},{"@type":"ListItem","position":4,"name":"Scientific and Research Activities, PhD Studies","item":"https:\/\/www.upjs.sk\/en\/information\/science-and-research\/scientific-and-research-activities-phd-studies\/"},{"@type":"ListItem","position":5,"name":"Scientific research and doctoral studies","item":"https:\/\/www.upjs.sk\/en\/information\/science-and-research\/scientific-and-research-activities-phd-studies\/doctoral-studies\/"},{"@type":"ListItem","position":6,"name":"Ethical environment"}]},{"@type":"WebSite","@id":"https:\/\/www.upjs.sk\/en\/#website","url":"https:\/\/www.upjs.sk\/en\/","name":"UPJ\u0160 Ko\u0161ice","description":"Wisdom of the Past, Knowledge of the Present, Education of the Future","publisher":{"@id":"https:\/\/www.upjs.sk\/en\/#organization"},"potentialAction":[{"@type":"SearchAction","target":{"@type":"EntryPoint","urlTemplate":"https:\/\/www.upjs.sk\/en\/?s={search_term_string}"},"query-input":{"@type":"PropertyValueSpecification","valueRequired":true,"valueName":"search_term_string"}}],"inLanguage":"en-US"},{"@type":"Organization","@id":"https:\/\/www.upjs.sk\/en\/#organization","name":"UPJ\u0160 Ko\u0161ice","url":"https:\/\/www.upjs.sk\/en\/","logo":{"@type":"ImageObject","inLanguage":"en-US","@id":"https:\/\/www.upjs.sk\/en\/#\/schema\/logo\/image\/","url":"https:\/\/www.upjs.sk\/app\/uploads\/2023\/01\/UPJS_ENG_esymbol.svg","contentUrl":"https:\/\/www.upjs.sk\/app\/uploads\/2023\/01\/UPJS_ENG_esymbol.svg","width":448,"height":139,"caption":"UPJ\u0160 Ko\u0161ice"},"image":{"@id":"https:\/\/www.upjs.sk\/en\/#\/schema\/logo\/image\/"},"sameAs":["https:\/\/www.facebook.com\/UniverzitaPavlaJozefaSafarikaVkosiciach\/","https:\/\/x.com\/UPJS_kosice","https:\/\/www.instagram.com\/upjs_kosice","https:\/\/www.linkedin.com\/company\/pavol-jozef-afrik-university-in-koice\/"]}]}},"_links":{"self":[{"href":"https:\/\/www.upjs.sk\/en\/wp-json\/wp\/v2\/pages\/59858","targetHints":{"allow":["GET"]}}],"collection":[{"href":"https:\/\/www.upjs.sk\/en\/wp-json\/wp\/v2\/pages"}],"about":[{"href":"https:\/\/www.upjs.sk\/en\/wp-json\/wp\/v2\/types\/page"}],"author":[{"embeddable":true,"href":"https:\/\/www.upjs.sk\/en\/wp-json\/wp\/v2\/users\/36"}],"replies":[{"embeddable":true,"href":"https:\/\/www.upjs.sk\/en\/wp-json\/wp\/v2\/comments?post=59858"}],"version-history":[{"count":5,"href":"https:\/\/www.upjs.sk\/en\/wp-json\/wp\/v2\/pages\/59858\/revisions"}],"predecessor-version":[{"id":60437,"href":"https:\/\/www.upjs.sk\/en\/wp-json\/wp\/v2\/pages\/59858\/revisions\/60437"}],"up":[{"embeddable":true,"href":"https:\/\/www.upjs.sk\/en\/wp-json\/wp\/v2\/pages\/59915"}],"wp:attachment":[{"href":"https:\/\/www.upjs.sk\/en\/wp-json\/wp\/v2\/media?parent=59858"}],"wp:term":[{"taxonomy":"category","embeddable":true,"href":"https:\/\/www.upjs.sk\/en\/wp-json\/wp\/v2\/categories?post=59858"},{"taxonomy":"post_tag","embeddable":true,"href":"https:\/\/www.upjs.sk\/en\/wp-json\/wp\/v2\/tags?post=59858"}],"curies":[{"name":"wp","href":"https:\/\/api.w.org\/{rel}","templated":true}]}}