{"id":59891,"date":"2022-03-21T11:48:29","date_gmt":"2022-03-21T11:48:29","guid":{"rendered":"https:\/\/www.upjs.sk\/information\/science-and-research\/scientific-and-research-activities-phd-studies\/research-projects\/drhc-prof\/"},"modified":"2023-05-25T12:24:48","modified_gmt":"2023-05-25T11:24:48","slug":"drhc-prof","status":"publish","type":"page","link":"https:\/\/www.upjs.sk\/en\/information\/science-and-research\/scientific-and-research-activities-phd-studies\/doctoral-studies\/drhc-prof\/","title":{"rendered":"Honorary title of Doctor Honoris Causa and Honorary Academic Title Emeritus Professor"},"content":{"rendered":"\n<h2 class=\"wp-block-heading\"><span style=\"color:#164082;font-size:30px\">Doctor Honoris Causa at UPJ\u0160<\/span><\/h2>\n\n\n<style>.kb-row-layout-id_ca4d5e-42 > .kt-row-column-wrap{align-content:start;}:where(.kb-row-layout-id_ca4d5e-42 > .kt-row-column-wrap) > .wp-block-kadence-column{justify-content:start;}.kb-row-layout-id_ca4d5e-42 > .kt-row-column-wrap{column-gap:var(--global-kb-gap-md, 2rem);row-gap:var(--global-kb-gap-md, 2rem);padding-top:var(--global-kb-spacing-sm, 1.5rem);padding-bottom:var(--global-kb-spacing-sm, 1.5rem);grid-template-columns:minmax(0, calc(75% - ((var(--global-kb-gap-md, 2rem) * 1 )\/2)))minmax(0, calc(25% - ((var(--global-kb-gap-md, 2rem) * 1 )\/2)));}.kb-row-layout-id_ca4d5e-42 > .kt-row-layout-overlay{opacity:0.30;}@media all and (max-width: 1024px){.kb-row-layout-id_ca4d5e-42 > .kt-row-column-wrap{grid-template-columns:minmax(0, 2fr) minmax(0, 1fr);}}@media all and (max-width: 767px){.kb-row-layout-id_ca4d5e-42 > .kt-row-column-wrap{grid-template-columns:minmax(0, 1fr);}}.kb-row-layout-id_ca4d5e-42 p {  margin:0;}<\/style><div class=\"kb-row-layout-wrap kb-row-layout-id_ca4d5e-42 alignnone wp-block-kadence-rowlayout\"><div class=\"kt-row-column-wrap kt-has-2-columns kt-row-layout-left-golden kt-tab-layout-inherit kt-mobile-layout-row kt-row-valign-top kt-inner-column-height-full\">\n<style>.kadence-column_99e66b-4f > .kt-inside-inner-col,.kadence-column_99e66b-4f > .kt-inside-inner-col:before{border-top-left-radius:0px;border-top-right-radius:0px;border-bottom-right-radius:0px;border-bottom-left-radius:0px;}.kadence-column_99e66b-4f > .kt-inside-inner-col{column-gap:var(--global-kb-gap-sm, 1rem);}.kadence-column_99e66b-4f > .kt-inside-inner-col{flex-direction:column;}.kadence-column_99e66b-4f > .kt-inside-inner-col > .aligncenter{width:100%;}.kadence-column_99e66b-4f > .kt-inside-inner-col:before{opacity:0.3;}.kadence-column_99e66b-4f{position:relative;}@media all and (max-width: 1024px){.kadence-column_99e66b-4f > .kt-inside-inner-col{flex-direction:column;justify-content:center;}}@media all and (max-width: 767px){.kadence-column_99e66b-4f > .kt-inside-inner-col{flex-direction:column;justify-content:center;}}<\/style>\n<div class=\"wp-block-kadence-column kadence-column_99e66b-4f inner-column-1\"><div class=\"kt-inside-inner-col\">\n<p class=\"has-text-align-justify\">Pavol Jozef \u0160af\u00e1rik University in Ko\u0161ice awards the honorary title of doctor honoris causa to personalities who, through their lifelong work, have made a significant contribution to the dissemination of the ideas of humanism, democracy and understanding between nations, in the field of education, science, art or politics, and whose significance has transcended the borders of the country in which they are active, and who have also contributed to the development of science and education.<\/p>\n<\/div><\/div>\n\n\n<style>.kadence-column_5e462f-48 > .kt-inside-inner-col{display:flex;}.kadence-column_5e462f-48 > .kt-inside-inner-col{padding-top:20px;padding-right:20px;padding-bottom:20px;padding-left:20px;}.kadence-column_5e462f-48 > .kt-inside-inner-col,.kadence-column_5e462f-48 > .kt-inside-inner-col:before{border-top-left-radius:5px;border-top-right-radius:5px;border-bottom-right-radius:5px;border-bottom-left-radius:5px;}.kadence-column_5e462f-48 > .kt-inside-inner-col{column-gap:var(--global-kb-gap-sm, 1rem);}.kadence-column_5e462f-48 > .kt-inside-inner-col{flex-direction:column;justify-content:center;}.kadence-column_5e462f-48 > .kt-inside-inner-col > .aligncenter{width:100%;}.kt-row-column-wrap > .kadence-column_5e462f-48{align-self:center;}.kt-inner-column-height-full:not(.kt-has-1-columns) > .wp-block-kadence-column.kadence-column_5e462f-48{align-self:auto;}.kt-inner-column-height-full:not(.kt-has-1-columns) > .wp-block-kadence-column.kadence-column_5e462f-48 > .kt-inside-inner-col{flex-direction:column;justify-content:center;}.kadence-column_5e462f-48 > .kt-inside-inner-col{background-color:#164082;}.kadence-column_5e462f-48 > .kt-inside-inner-col:before{opacity:0.3;}.kadence-column_5e462f-48, .kadence-column_5e462f-48 h1, .kadence-column_5e462f-48 h2, .kadence-column_5e462f-48 h3, .kadence-column_5e462f-48 h4, .kadence-column_5e462f-48 h5, .kadence-column_5e462f-48 h6{color:#ffffff;}.kadence-column_5e462f-48{position:relative;}@media all and (max-width: 1024px){.kt-row-column-wrap > .kadence-column_5e462f-48{align-self:center;}}@media all and (max-width: 1024px){.kt-inner-column-height-full:not(.kt-has-1-columns) > .wp-block-kadence-column.kadence-column_5e462f-48{align-self:auto;}}@media all and (max-width: 1024px){.kt-inner-column-height-full:not(.kt-has-1-columns) > .wp-block-kadence-column.kadence-column_5e462f-48 > .kt-inside-inner-col{flex-direction:column;justify-content:center;}}@media all and (max-width: 1024px){.kadence-column_5e462f-48 > .kt-inside-inner-col{flex-direction:column;justify-content:center;}}@media all and (max-width: 767px){.kt-row-column-wrap > .kadence-column_5e462f-48{align-self:center;}.kt-inner-column-height-full:not(.kt-has-1-columns) > .wp-block-kadence-column.kadence-column_5e462f-48{align-self:auto;}.kt-inner-column-height-full:not(.kt-has-1-columns) > .wp-block-kadence-column.kadence-column_5e462f-48 > .kt-inside-inner-col{flex-direction:column;justify-content:center;}.kadence-column_5e462f-48 > .kt-inside-inner-col{flex-direction:column;justify-content:center;}}<\/style>\n<div class=\"wp-block-kadence-column kadence-column_5e462f-48 kb-section-has-link inner-column-2\"><div class=\"kt-inside-inner-col\">\n<p style=\"text-transform:uppercase\"><strong>Honorary Degree Holders &#8220;<mark style=\"background-color:rgba(0, 0, 0, 0)\" class=\"has-inline-color has-zakladna-zlata-color\">Doctor Honoris Causa<\/mark>&#8221; at<\/strong> UPJ\u0160 in KO3ICE<\/p>\n<\/div><a href=\"https:\/\/www.upjs.sk\/en\/information\/science-and-research\/scientific-and-research-activities-phd-studies\/dr-honoris-causa\/\" class=\"kb-section-link-overlay\"><\/a><\/div>\n\n<\/div><\/div>\n\n\n<h2 class=\"wp-block-heading\"><span style=\"color:#164082;font-size:30px\">Professor Emeritus and Visiting Professor at UPJ\u0160 in Ko\u0161ice<\/span><\/h2>\n\n\n<style>.kb-row-layout-id_2af0ca-e4 > .kt-row-column-wrap{align-content:start;}:where(.kb-row-layout-id_2af0ca-e4 > .kt-row-column-wrap) > .wp-block-kadence-column{justify-content:start;}.kb-row-layout-id_2af0ca-e4 > .kt-row-column-wrap{column-gap:var(--global-kb-gap-md, 2rem);row-gap:var(--global-kb-gap-md, 2rem);padding-top:var(--global-kb-spacing-sm, 1.5rem);padding-bottom:var(--global-kb-spacing-sm, 1.5rem);grid-template-columns:minmax(0, calc(75% - ((var(--global-kb-gap-md, 2rem) * 1 )\/2)))minmax(0, calc(25% - ((var(--global-kb-gap-md, 2rem) * 1 )\/2)));}.kb-row-layout-id_2af0ca-e4 > .kt-row-layout-overlay{opacity:0.30;}@media all and (max-width: 1024px){.kb-row-layout-id_2af0ca-e4 > .kt-row-column-wrap{grid-template-columns:minmax(0, 2fr) minmax(0, 1fr);}}@media all and (max-width: 767px){.kb-row-layout-id_2af0ca-e4 > .kt-row-column-wrap{grid-template-columns:minmax(0, 1fr);}}.kb-row-layout-id_2af0ca-e4 p {  margin:0;}<\/style><div class=\"kb-row-layout-wrap kb-row-layout-id_2af0ca-e4 alignnone wp-block-kadence-rowlayout\"><div class=\"kt-row-column-wrap kt-has-2-columns kt-row-layout-left-golden kt-tab-layout-inherit kt-mobile-layout-row kt-row-valign-top kt-inner-column-height-full\">\n<style>.kadence-column_5ac6c0-e5 > .kt-inside-inner-col,.kadence-column_5ac6c0-e5 > .kt-inside-inner-col:before{border-top-left-radius:0px;border-top-right-radius:0px;border-bottom-right-radius:0px;border-bottom-left-radius:0px;}.kadence-column_5ac6c0-e5 > .kt-inside-inner-col{column-gap:var(--global-kb-gap-sm, 1rem);}.kadence-column_5ac6c0-e5 > .kt-inside-inner-col{flex-direction:column;}.kadence-column_5ac6c0-e5 > .kt-inside-inner-col > .aligncenter{width:100%;}.kadence-column_5ac6c0-e5 > .kt-inside-inner-col:before{opacity:0.3;}.kadence-column_5ac6c0-e5{position:relative;}@media all and (max-width: 1024px){.kadence-column_5ac6c0-e5 > .kt-inside-inner-col{flex-direction:column;justify-content:center;}}@media all and (max-width: 767px){.kadence-column_5ac6c0-e5 > .kt-inside-inner-col{flex-direction:column;justify-content:center;}}<\/style>\n<div class=\"wp-block-kadence-column kadence-column_5ac6c0-e5 inner-column-1\"><div class=\"kt-inside-inner-col\">\n<p class=\"has-text-align-justify\">Pavol Jozef \u0160af\u00e1rik University in Ko\u0161ice also awards the honorary academic title of Emeritus Professor to professors over 70 years of age for their significant contribution in the field of science and education, and Visiting Professor to prominent and renowned domestic or foreign personalities and experts during their tenure at UPJ\u0160.<\/p>\n\n\n\n<p class=\"has-text-align-justify\">The title of &#8220;Emeritus Professor (Professor Emeritus) of the University of Pavol Jozef \u0160af\u00e1rik in Ko\u0161ice&#8221; may be awarded by the Rector, on the proposal of the University&#8217;s Scientific Council, in accordance with the Higher Education Act, for significant contributions in the field of science or art and education to a professor over 70 years of age who has terminated his\/her employment with the University or one of its faculties as a full professor and continues to be active scientifically and pedagogically at the University or one of its faculties. Active scientific work means, in particular, participation in a scientific project, publication of research outputs, etc. Active pedagogical work means in particular giving lectures, supervising theses, etc.<\/p>\n<\/div><\/div>\n\n\n<style>.kadence-column_a35df0-f9 > .kt-inside-inner-col{display:flex;}.kadence-column_a35df0-f9 > .kt-inside-inner-col{padding-top:20px;padding-right:20px;padding-bottom:20px;padding-left:20px;}.kadence-column_a35df0-f9 > .kt-inside-inner-col,.kadence-column_a35df0-f9 > .kt-inside-inner-col:before{border-top-left-radius:5px;border-top-right-radius:5px;border-bottom-right-radius:5px;border-bottom-left-radius:5px;}.kadence-column_a35df0-f9 > .kt-inside-inner-col{column-gap:var(--global-kb-gap-sm, 1rem);}.kadence-column_a35df0-f9 > .kt-inside-inner-col{flex-direction:column;justify-content:center;}.kadence-column_a35df0-f9 > .kt-inside-inner-col > .aligncenter{width:100%;}.kt-row-column-wrap > .kadence-column_a35df0-f9{align-self:center;}.kt-inner-column-height-full:not(.kt-has-1-columns) > .wp-block-kadence-column.kadence-column_a35df0-f9{align-self:auto;}.kt-inner-column-height-full:not(.kt-has-1-columns) > .wp-block-kadence-column.kadence-column_a35df0-f9 > .kt-inside-inner-col{flex-direction:column;justify-content:center;}.kadence-column_a35df0-f9 > .kt-inside-inner-col{background-color:#164082;}.kadence-column_a35df0-f9 > .kt-inside-inner-col:before{opacity:0.3;}.kadence-column_a35df0-f9, .kadence-column_a35df0-f9 h1, .kadence-column_a35df0-f9 h2, .kadence-column_a35df0-f9 h3, .kadence-column_a35df0-f9 h4, .kadence-column_a35df0-f9 h5, .kadence-column_a35df0-f9 h6{color:#ffffff;}.kadence-column_a35df0-f9{position:relative;}@media all and (max-width: 1024px){.kt-row-column-wrap > .kadence-column_a35df0-f9{align-self:center;}}@media all and (max-width: 1024px){.kt-inner-column-height-full:not(.kt-has-1-columns) > .wp-block-kadence-column.kadence-column_a35df0-f9{align-self:auto;}}@media all and (max-width: 1024px){.kt-inner-column-height-full:not(.kt-has-1-columns) > .wp-block-kadence-column.kadence-column_a35df0-f9 > .kt-inside-inner-col{flex-direction:column;justify-content:center;}}@media all and (max-width: 1024px){.kadence-column_a35df0-f9 > .kt-inside-inner-col{flex-direction:column;justify-content:center;}}@media all and (max-width: 767px){.kt-row-column-wrap > .kadence-column_a35df0-f9{align-self:center;}.kt-inner-column-height-full:not(.kt-has-1-columns) > .wp-block-kadence-column.kadence-column_a35df0-f9{align-self:auto;}.kt-inner-column-height-full:not(.kt-has-1-columns) > .wp-block-kadence-column.kadence-column_a35df0-f9 > .kt-inside-inner-col{flex-direction:column;justify-content:center;}.kadence-column_a35df0-f9 > .kt-inside-inner-col{flex-direction:column;justify-content:center;}}<\/style>\n<div class=\"wp-block-kadence-column kadence-column_a35df0-f9 kb-section-has-link inner-column-2\"><div class=\"kt-inside-inner-col\">\n<p><strong>LIST OF<\/strong><\/p>\n\n\n\n<p><strong><mark style=\"background-color:rgba(0, 0, 0, 0)\" class=\"has-inline-color has-zakladna-zlata-color\">PROFESSOR EMERITUS<\/mark><\/strong><\/p>\n\n\n\n<p><strong>AT <\/strong>UPJ\u0160 IN KO\u0160ICE<\/p>\n<\/div><a href=\"\/informacie\/vyskum\/vedeckovyskumna-cinnost\/drhc-prof\/zoznam-profesorov-s-cestnym-titulom\/\" class=\"kb-section-link-overlay\"><\/a><\/div>\n\n<\/div><\/div>","protected":false},"excerpt":{"rendered":"<p>Doctor Honoris Causa at UPJ\u0160 Pavol Jozef \u0160af\u00e1rik University in Ko\u0161ice awards the honorary title of doctor honoris causa to personalities who, through their lifelong work, have made a significant contribution to the dissemination of the ideas of humanism, democracy and understanding between nations, in the field of education, science, art or politics, and whose &hellip; <a href=\"https:\/\/www.upjs.sk\/en\/information\/science-and-research\/scientific-and-research-activities-phd-studies\/doctoral-studies\/drhc-prof\/\">Continued<\/a><\/p>\n","protected":false},"author":1,"featured_media":0,"parent":59915,"menu_order":3,"comment_status":"closed","ping_status":"closed","template":"","meta":{"_acf_changed":false,"_editorskit_title_hidden":false,"_editorskit_reading_time":1,"_editorskit_is_block_options_detached":false,"_editorskit_block_options_position":"{}","footnotes":""},"categories":[],"tags":[],"class_list":["post-59891","page","type-page","status-publish","hentry"],"acf":{"acf_link_na_externy_obsah":""},"yoast_head":"<!-- This site is optimized with the Yoast SEO plugin v27.2 - https:\/\/yoast.com\/product\/yoast-seo-wordpress\/ -->\n<title>Honorary title of Doctor Honoris Causa and Honorary Academic Title Emeritus Professor - UPJ\u0160 Ko\u0161ice<\/title>\n<meta name=\"robots\" content=\"index, follow, max-snippet:-1, max-image-preview:large, max-video-preview:-1\" \/>\n<link rel=\"canonical\" href=\"https:\/\/www.upjs.sk\/en\/information\/science-and-research\/scientific-and-research-activities-phd-studies\/doctoral-studies\/drhc-prof\/\" \/>\n<meta property=\"og:locale\" content=\"en_US\" \/>\n<meta property=\"og:type\" content=\"article\" \/>\n<meta property=\"og:title\" content=\"Honorary title of Doctor Honoris Causa and Honorary Academic Title Emeritus Professor - UPJ\u0160 Ko\u0161ice\" \/>\n<meta property=\"og:description\" content=\"Doctor Honoris Causa at UPJ\u0160 Pavol Jozef \u0160af\u00e1rik University in Ko\u0161ice awards the honorary title of doctor honoris causa to personalities who, through their lifelong work, have made a significant contribution to the dissemination of the ideas of humanism, democracy and understanding between nations, in the field of education, science, art or politics, and whose &hellip; Continued\" \/>\n<meta property=\"og:url\" content=\"https:\/\/www.upjs.sk\/en\/information\/science-and-research\/scientific-and-research-activities-phd-studies\/doctoral-studies\/drhc-prof\/\" \/>\n<meta property=\"og:site_name\" content=\"UPJ\u0160 Ko\u0161ice\" \/>\n<meta property=\"article:publisher\" content=\"https:\/\/www.facebook.com\/UniverzitaPavlaJozefaSafarikaVkosiciach\/\" \/>\n<meta property=\"article:modified_time\" content=\"2023-05-25T11:24:48+00:00\" \/>\n<meta name=\"twitter:card\" content=\"summary_large_image\" \/>\n<meta name=\"twitter:site\" content=\"@UPJS_kosice\" \/>\n<meta name=\"twitter:label1\" content=\"Est. reading time\" \/>\n\t<meta name=\"twitter:data1\" content=\"2 minutes\" \/>\n<script type=\"application\/ld+json\" class=\"yoast-schema-graph\">{\"@context\":\"https:\/\/schema.org\",\"@graph\":[{\"@type\":\"WebPage\",\"@id\":\"https:\/\/www.upjs.sk\/en\/information\/science-and-research\/scientific-and-research-activities-phd-studies\/doctoral-studies\/drhc-prof\/\",\"url\":\"https:\/\/www.upjs.sk\/en\/information\/science-and-research\/scientific-and-research-activities-phd-studies\/doctoral-studies\/drhc-prof\/\",\"name\":\"Honorary title of Doctor Honoris Causa and Honorary Academic Title Emeritus Professor - UPJ\u0160 Ko\u0161ice\",\"isPartOf\":{\"@id\":\"https:\/\/www.upjs.sk\/en\/#website\"},\"datePublished\":\"2022-03-21T11:48:29+00:00\",\"dateModified\":\"2023-05-25T11:24:48+00:00\",\"breadcrumb\":{\"@id\":\"https:\/\/www.upjs.sk\/en\/information\/science-and-research\/scientific-and-research-activities-phd-studies\/doctoral-studies\/drhc-prof\/#breadcrumb\"},\"inLanguage\":\"en-US\",\"potentialAction\":[{\"@type\":\"ReadAction\",\"target\":[\"https:\/\/www.upjs.sk\/en\/information\/science-and-research\/scientific-and-research-activities-phd-studies\/doctoral-studies\/drhc-prof\/\"]}]},{\"@type\":\"BreadcrumbList\",\"@id\":\"https:\/\/www.upjs.sk\/en\/information\/science-and-research\/scientific-and-research-activities-phd-studies\/doctoral-studies\/drhc-prof\/#breadcrumb\",\"itemListElement\":[{\"@type\":\"ListItem\",\"position\":1,\"name\":\"Home\",\"item\":\"https:\/\/www.upjs.sk\/en\/\"},{\"@type\":\"ListItem\",\"position\":2,\"name\":\"Information\",\"item\":\"https:\/\/www.upjs.sk\/en\/information\/\"},{\"@type\":\"ListItem\",\"position\":3,\"name\":\"Science, Research and Development\",\"item\":\"https:\/\/www.upjs.sk\/en\/information\/science-and-research\/\"},{\"@type\":\"ListItem\",\"position\":4,\"name\":\"Scientific and Research Activities, PhD Studies\",\"item\":\"https:\/\/www.upjs.sk\/en\/information\/science-and-research\/scientific-and-research-activities-phd-studies\/\"},{\"@type\":\"ListItem\",\"position\":5,\"name\":\"Scientific research and doctoral studies\",\"item\":\"https:\/\/www.upjs.sk\/en\/information\/science-and-research\/scientific-and-research-activities-phd-studies\/doctoral-studies\/\"},{\"@type\":\"ListItem\",\"position\":6,\"name\":\"Honorary title of Doctor Honoris Causa and Honorary Academic Title Emeritus Professor\"}]},{\"@type\":\"WebSite\",\"@id\":\"https:\/\/www.upjs.sk\/en\/#website\",\"url\":\"https:\/\/www.upjs.sk\/en\/\",\"name\":\"UPJ\u0160 Ko\u0161ice\",\"description\":\"Wisdom of the Past, Knowledge of the Present, Education of the Future\",\"publisher\":{\"@id\":\"https:\/\/www.upjs.sk\/en\/#organization\"},\"potentialAction\":[{\"@type\":\"SearchAction\",\"target\":{\"@type\":\"EntryPoint\",\"urlTemplate\":\"https:\/\/www.upjs.sk\/en\/?s={search_term_string}\"},\"query-input\":{\"@type\":\"PropertyValueSpecification\",\"valueRequired\":true,\"valueName\":\"search_term_string\"}}],\"inLanguage\":\"en-US\"},{\"@type\":\"Organization\",\"@id\":\"https:\/\/www.upjs.sk\/en\/#organization\",\"name\":\"UPJ\u0160 Ko\u0161ice\",\"url\":\"https:\/\/www.upjs.sk\/en\/\",\"logo\":{\"@type\":\"ImageObject\",\"inLanguage\":\"en-US\",\"@id\":\"https:\/\/www.upjs.sk\/en\/#\/schema\/logo\/image\/\",\"url\":\"https:\/\/www.upjs.sk\/app\/uploads\/2023\/01\/UPJS_ENG_esymbol.svg\",\"contentUrl\":\"https:\/\/www.upjs.sk\/app\/uploads\/2023\/01\/UPJS_ENG_esymbol.svg\",\"width\":448,\"height\":139,\"caption\":\"UPJ\u0160 Ko\u0161ice\"},\"image\":{\"@id\":\"https:\/\/www.upjs.sk\/en\/#\/schema\/logo\/image\/\"},\"sameAs\":[\"https:\/\/www.facebook.com\/UniverzitaPavlaJozefaSafarikaVkosiciach\/\",\"https:\/\/x.com\/UPJS_kosice\",\"https:\/\/www.instagram.com\/upjs_kosice\",\"https:\/\/www.linkedin.com\/company\/pavol-jozef-afrik-university-in-koice\/\"]}]}<\/script>\n<!-- \/ Yoast SEO plugin. -->","yoast_head_json":{"title":"Honorary title of Doctor Honoris Causa and Honorary Academic Title Emeritus Professor - UPJ\u0160 Ko\u0161ice","robots":{"index":"index","follow":"follow","max-snippet":"max-snippet:-1","max-image-preview":"max-image-preview:large","max-video-preview":"max-video-preview:-1"},"canonical":"https:\/\/www.upjs.sk\/en\/information\/science-and-research\/scientific-and-research-activities-phd-studies\/doctoral-studies\/drhc-prof\/","og_locale":"en_US","og_type":"article","og_title":"Honorary title of Doctor Honoris Causa and Honorary Academic Title Emeritus Professor - UPJ\u0160 Ko\u0161ice","og_description":"Doctor Honoris Causa at UPJ\u0160 Pavol Jozef \u0160af\u00e1rik University in Ko\u0161ice awards the honorary title of doctor honoris causa to personalities who, through their lifelong work, have made a significant contribution to the dissemination of the ideas of humanism, democracy and understanding between nations, in the field of education, science, art or politics, and whose &hellip; Continued","og_url":"https:\/\/www.upjs.sk\/en\/information\/science-and-research\/scientific-and-research-activities-phd-studies\/doctoral-studies\/drhc-prof\/","og_site_name":"UPJ\u0160 Ko\u0161ice","article_publisher":"https:\/\/www.facebook.com\/UniverzitaPavlaJozefaSafarikaVkosiciach\/","article_modified_time":"2023-05-25T11:24:48+00:00","twitter_card":"summary_large_image","twitter_site":"@UPJS_kosice","twitter_misc":{"Est. reading time":"2 minutes"},"schema":{"@context":"https:\/\/schema.org","@graph":[{"@type":"WebPage","@id":"https:\/\/www.upjs.sk\/en\/information\/science-and-research\/scientific-and-research-activities-phd-studies\/doctoral-studies\/drhc-prof\/","url":"https:\/\/www.upjs.sk\/en\/information\/science-and-research\/scientific-and-research-activities-phd-studies\/doctoral-studies\/drhc-prof\/","name":"Honorary title of Doctor Honoris Causa and Honorary Academic Title Emeritus Professor - UPJ\u0160 Ko\u0161ice","isPartOf":{"@id":"https:\/\/www.upjs.sk\/en\/#website"},"datePublished":"2022-03-21T11:48:29+00:00","dateModified":"2023-05-25T11:24:48+00:00","breadcrumb":{"@id":"https:\/\/www.upjs.sk\/en\/information\/science-and-research\/scientific-and-research-activities-phd-studies\/doctoral-studies\/drhc-prof\/#breadcrumb"},"inLanguage":"en-US","potentialAction":[{"@type":"ReadAction","target":["https:\/\/www.upjs.sk\/en\/information\/science-and-research\/scientific-and-research-activities-phd-studies\/doctoral-studies\/drhc-prof\/"]}]},{"@type":"BreadcrumbList","@id":"https:\/\/www.upjs.sk\/en\/information\/science-and-research\/scientific-and-research-activities-phd-studies\/doctoral-studies\/drhc-prof\/#breadcrumb","itemListElement":[{"@type":"ListItem","position":1,"name":"Home","item":"https:\/\/www.upjs.sk\/en\/"},{"@type":"ListItem","position":2,"name":"Information","item":"https:\/\/www.upjs.sk\/en\/information\/"},{"@type":"ListItem","position":3,"name":"Science, Research and Development","item":"https:\/\/www.upjs.sk\/en\/information\/science-and-research\/"},{"@type":"ListItem","position":4,"name":"Scientific and Research Activities, PhD Studies","item":"https:\/\/www.upjs.sk\/en\/information\/science-and-research\/scientific-and-research-activities-phd-studies\/"},{"@type":"ListItem","position":5,"name":"Scientific research and doctoral studies","item":"https:\/\/www.upjs.sk\/en\/information\/science-and-research\/scientific-and-research-activities-phd-studies\/doctoral-studies\/"},{"@type":"ListItem","position":6,"name":"Honorary title of Doctor Honoris Causa and Honorary Academic Title Emeritus Professor"}]},{"@type":"WebSite","@id":"https:\/\/www.upjs.sk\/en\/#website","url":"https:\/\/www.upjs.sk\/en\/","name":"UPJ\u0160 Ko\u0161ice","description":"Wisdom of the Past, Knowledge of the Present, Education of the Future","publisher":{"@id":"https:\/\/www.upjs.sk\/en\/#organization"},"potentialAction":[{"@type":"SearchAction","target":{"@type":"EntryPoint","urlTemplate":"https:\/\/www.upjs.sk\/en\/?s={search_term_string}"},"query-input":{"@type":"PropertyValueSpecification","valueRequired":true,"valueName":"search_term_string"}}],"inLanguage":"en-US"},{"@type":"Organization","@id":"https:\/\/www.upjs.sk\/en\/#organization","name":"UPJ\u0160 Ko\u0161ice","url":"https:\/\/www.upjs.sk\/en\/","logo":{"@type":"ImageObject","inLanguage":"en-US","@id":"https:\/\/www.upjs.sk\/en\/#\/schema\/logo\/image\/","url":"https:\/\/www.upjs.sk\/app\/uploads\/2023\/01\/UPJS_ENG_esymbol.svg","contentUrl":"https:\/\/www.upjs.sk\/app\/uploads\/2023\/01\/UPJS_ENG_esymbol.svg","width":448,"height":139,"caption":"UPJ\u0160 Ko\u0161ice"},"image":{"@id":"https:\/\/www.upjs.sk\/en\/#\/schema\/logo\/image\/"},"sameAs":["https:\/\/www.facebook.com\/UniverzitaPavlaJozefaSafarikaVkosiciach\/","https:\/\/x.com\/UPJS_kosice","https:\/\/www.instagram.com\/upjs_kosice","https:\/\/www.linkedin.com\/company\/pavol-jozef-afrik-university-in-koice\/"]}]}},"_links":{"self":[{"href":"https:\/\/www.upjs.sk\/en\/wp-json\/wp\/v2\/pages\/59891","targetHints":{"allow":["GET"]}}],"collection":[{"href":"https:\/\/www.upjs.sk\/en\/wp-json\/wp\/v2\/pages"}],"about":[{"href":"https:\/\/www.upjs.sk\/en\/wp-json\/wp\/v2\/types\/page"}],"author":[{"embeddable":true,"href":"https:\/\/www.upjs.sk\/en\/wp-json\/wp\/v2\/users\/1"}],"replies":[{"embeddable":true,"href":"https:\/\/www.upjs.sk\/en\/wp-json\/wp\/v2\/comments?post=59891"}],"version-history":[{"count":7,"href":"https:\/\/www.upjs.sk\/en\/wp-json\/wp\/v2\/pages\/59891\/revisions"}],"predecessor-version":[{"id":60249,"href":"https:\/\/www.upjs.sk\/en\/wp-json\/wp\/v2\/pages\/59891\/revisions\/60249"}],"up":[{"embeddable":true,"href":"https:\/\/www.upjs.sk\/en\/wp-json\/wp\/v2\/pages\/59915"}],"wp:attachment":[{"href":"https:\/\/www.upjs.sk\/en\/wp-json\/wp\/v2\/media?parent=59891"}],"wp:term":[{"taxonomy":"category","embeddable":true,"href":"https:\/\/www.upjs.sk\/en\/wp-json\/wp\/v2\/categories?post=59891"},{"taxonomy":"post_tag","embeddable":true,"href":"https:\/\/www.upjs.sk\/en\/wp-json\/wp\/v2\/tags?post=59891"}],"curies":[{"name":"wp","href":"https:\/\/api.w.org\/{rel}","templated":true}]}}