{"id":59984,"date":"2023-05-19T11:59:06","date_gmt":"2023-05-19T10:59:06","guid":{"rendered":"https:\/\/www.upjs.sk\/information\/international-relations\/cwur\/"},"modified":"2023-05-19T12:10:58","modified_gmt":"2023-05-19T11:10:58","slug":"cwur","status":"publish","type":"page","link":"https:\/\/www.upjs.sk\/en\/information\/international-relations\/rankings\/cwur\/","title":{"rendered":"CWUR"},"content":{"rendered":"\n<p>The Center for World University Rankings does not rely on surveys or data provided by the institutions themselves. The ranking is based on seven criteria grouped into four areas:<\/p>\n\n\n\n<figure class=\"wp-block-table is-style-stripes\"><table><thead><tr><th>Area<\/th><th>Criterion<\/th><th>Description<\/th><\/tr><\/thead><tbody><tr><td><strong>Education<\/strong><\/td><td>&nbsp;<\/td><td>Based on the academic success of a university\u2019s alumni, and measured by the number of a university&#8217;s alumni who have won prestigious academic distinctions relative to the university&#8217;s size (25%).<\/td><\/tr><tr><td><strong><strong>Employability<\/strong><\/strong><\/td><td>&nbsp;<\/td><td>Based on the professional success of a university\u2019s alumni, and measured by the number of a university&#8217;s alumni who have held top positions at major companies relative to the university&#8217;s size (25%).<\/td><\/tr><tr><td><strong><strong>Faculty<\/strong><\/strong><\/td><td>&nbsp;<\/td><td>Measured by the number of faculty members who have won prestigious academic distinctions (10%).<\/td><\/tr><tr><td><strong><strong>Research<\/strong><\/strong><\/td><td>Research Output<\/td><td>Measured by the total number of research papers (10%).<\/td><\/tr><tr><td>&nbsp;<\/td><td>High-Quality Publications<\/td><td>Measured by the number of research papers appearing in top-tier journals (10%).<\/td><\/tr><tr><td>&nbsp;<\/td><td>Influence<\/td><td>Measured by the number of research papers appearing in highly-influential journals (10%).<\/td><\/tr><tr><td>&nbsp;<\/td><td>Citations<\/td><td>Measured by the number of highly-cited research papers (10%).<\/td><\/tr><\/tbody><\/table><\/figure>\n\n\n<style>.wp-block-kadence-advancedheading.kt-adv-heading_57a806-66, .wp-block-kadence-advancedheading.kt-adv-heading_57a806-66[data-kb-block=\"kb-adv-heading_57a806-66\"]{margin-top:25px;margin-bottom:25px;text-align:center;font-style:normal;}.wp-block-kadence-advancedheading.kt-adv-heading_57a806-66 mark.kt-highlight, .wp-block-kadence-advancedheading.kt-adv-heading_57a806-66[data-kb-block=\"kb-adv-heading_57a806-66\"] mark.kt-highlight{font-style:normal;color:#f76a0c;-webkit-box-decoration-break:clone;box-decoration-break:clone;padding-top:0px;padding-right:0px;padding-bottom:0px;padding-left:0px;}@media all and (max-width: 767px){.wp-block-kadence-advancedheading.kt-adv-heading_57a806-66, .wp-block-kadence-advancedheading.kt-adv-heading_57a806-66[data-kb-block=\"kb-adv-heading_57a806-66\"]{font-size:24px;line-height:24px;text-align:left!important;}}<\/style>\n<h4 class=\"kt-adv-heading_57a806-66 studujnaupjs-heading-text wp-block-kadence-advancedheading has-zakladna-modra-color has-text-color\" data-kb-block=\"kb-adv-heading_57a806-66\"><strong>Ranking of UPJ\u0160<\/strong><\/h4>\n\n\n<style>.kt-accordion-id_f6bee6-fa .kt-accordion-inner-wrap{column-gap:var(--global-kb-gap-md, 2rem);row-gap:10px;}.kt-accordion-id_f6bee6-fa .kt-accordion-panel-inner{border-top:0px solid #F4F4F4;border-right:1px solid #F4F4F4;border-bottom:1px solid #F4F4F4;border-left:3px solid #164082;padding-top:5px;padding-right:5px;padding-bottom:5px;padding-left:16px;}.kt-accordion-id_f6bee6-fa .wp-block-kadence-pane .kt-accordion-header-wrap .kt-blocks-accordion-header{border-top:1px solid #F4F4F4;border-right:1px solid #F4F4F4;border-bottom:1px solid #F4F4F4;border-left:3px solid #164082;border-top-left-radius:0px;border-top-right-radius:0px;border-bottom-right-radius:0px;border-bottom-left-radius:0px;background:#ffffff;font-size:16px;line-height:20px;font-weight:400;color:#444444;padding-top:14px;padding-right:16px;padding-bottom:14px;padding-left:16px;}.kt-accordion-id_f6bee6-fa:not( .kt-accodion-icon-style-basiccircle ):not( .kt-accodion-icon-style-xclosecircle ):not( .kt-accodion-icon-style-arrowcircle ) .kt-blocks-accordion-icon-trigger:after, .kt-accordion-id_f6bee6-fa:not( .kt-accodion-icon-style-basiccircle ):not( .kt-accodion-icon-style-xclosecircle ):not( .kt-accodion-icon-style-arrowcircle ) .kt-blocks-accordion-icon-trigger:before{background:#444444;}.kt-accordion-id_f6bee6-fa:not( .kt-accodion-icon-style-basic ):not( .kt-accodion-icon-style-xclose ):not( .kt-accodion-icon-style-arrow ) .kt-blocks-accordion-icon-trigger{background:#444444;}.kt-accordion-id_f6bee6-fa:not( .kt-accodion-icon-style-basic ):not( .kt-accodion-icon-style-xclose ):not( .kt-accodion-icon-style-arrow ) .kt-blocks-accordion-icon-trigger:after, .kt-accordion-id_f6bee6-fa:not( .kt-accodion-icon-style-basic ):not( .kt-accodion-icon-style-xclose ):not( .kt-accodion-icon-style-arrow ) .kt-blocks-accordion-icon-trigger:before{background:#ffffff;}.kt-accordion-id_f6bee6-fa .kt-accordion-header-wrap .kt-blocks-accordion-header:hover, body:not(.hide-focus-outline) .kt-accordion-id_f6bee6-fa .kt-accordion-header-wrap .kt-blocks-accordion-header:focus-visible{color:#444444;background:#ffffff;border-top:1px solid #F4F4F4;border-right:1px solid #F4F4F4;border-bottom:1px solid #F4F4F4;border-left:3px solid #164082;}.kt-accordion-id_f6bee6-fa:not( .kt-accodion-icon-style-basiccircle ):not( .kt-accodion-icon-style-xclosecircle ):not( .kt-accodion-icon-style-arrowcircle ) .kt-blocks-accordion-header:hover .kt-blocks-accordion-icon-trigger:after, .kt-accordion-id_f6bee6-fa:not( .kt-accodion-icon-style-basiccircle ):not( .kt-accodion-icon-style-xclosecircle ):not( .kt-accodion-icon-style-arrowcircle ) .kt-blocks-accordion-header:hover .kt-blocks-accordion-icon-trigger:before, body:not(.hide-focus-outline) .kt-accordion-id_f6bee6-fa:not( .kt-accodion-icon-style-basiccircle ):not( .kt-accodion-icon-style-xclosecircle ):not( .kt-accodion-icon-style-arrowcircle ) .kt-blocks-accordion--visible .kt-blocks-accordion-icon-trigger:after, body:not(.hide-focus-outline) .kt-accordion-id_f6bee6-fa:not( .kt-accodion-icon-style-basiccircle ):not( .kt-accodion-icon-style-xclosecircle ):not( .kt-accodion-icon-style-arrowcircle ) .kt-blocks-accordion-header:focus-visible .kt-blocks-accordion-icon-trigger:before{background:#444444;}.kt-accordion-id_f6bee6-fa:not( .kt-accodion-icon-style-basic ):not( .kt-accodion-icon-style-xclose ):not( .kt-accodion-icon-style-arrow ) .kt-blocks-accordion-header:hover .kt-blocks-accordion-icon-trigger, body:not(.hide-focus-outline) .kt-accordion-id_f6bee6-fa:not( .kt-accodion-icon-style-basic ):not( .kt-accodion-icon-style-xclose ):not( .kt-accodion-icon-style-arrow ) .kt-blocks-accordion-header:focus-visible .kt-blocks-accordion-icon-trigger{background:#444444;}.kt-accordion-id_f6bee6-fa:not( .kt-accodion-icon-style-basic ):not( .kt-accodion-icon-style-xclose ):not( .kt-accodion-icon-style-arrow ) .kt-blocks-accordion-header:hover .kt-blocks-accordion-icon-trigger:after, .kt-accordion-id_f6bee6-fa:not( .kt-accodion-icon-style-basic ):not( .kt-accodion-icon-style-xclose ):not( .kt-accodion-icon-style-arrow ) .kt-blocks-accordion-header:hover .kt-blocks-accordion-icon-trigger:before, body:not(.hide-focus-outline) .kt-accordion-id_f6bee6-fa:not( .kt-accodion-icon-style-basic ):not( .kt-accodion-icon-style-xclose ):not( .kt-accodion-icon-style-arrow ) .kt-blocks-accordion-header:focus-visible .kt-blocks-accordion-icon-trigger:after, body:not(.hide-focus-outline) .kt-accordion-id_f6bee6-fa:not( .kt-accodion-icon-style-basic ):not( .kt-accodion-icon-style-xclose ):not( .kt-accodion-icon-style-arrow ) .kt-blocks-accordion-header:focus-visible .kt-blocks-accordion-icon-trigger:before{background:#ffffff;}.kt-accordion-id_f6bee6-fa .kt-accordion-header-wrap .kt-blocks-accordion-header:focus-visible, .kt-accordion-id_f6bee6-fa .kt-accordion-header-wrap .kt-blocks-accordion-header.kt-accordion-panel-active{color:#444444;background:#ffffff;border-top:1px solid #F4F4F4;border-right:1px solid #F4F4F4;border-bottom:0px solid #F4F4F4;border-left:3px solid #164082;}.kt-accordion-id_f6bee6-fa:not( .kt-accodion-icon-style-basiccircle ):not( .kt-accodion-icon-style-xclosecircle ):not( .kt-accodion-icon-style-arrowcircle ) .kt-blocks-accordion-header.kt-accordion-panel-active .kt-blocks-accordion-icon-trigger:after, .kt-accordion-id_f6bee6-fa:not( .kt-accodion-icon-style-basiccircle ):not( .kt-accodion-icon-style-xclosecircle ):not( .kt-accodion-icon-style-arrowcircle ) .kt-blocks-accordion-header.kt-accordion-panel-active .kt-blocks-accordion-icon-trigger:before{background:#444444;}.kt-accordion-id_f6bee6-fa:not( .kt-accodion-icon-style-basic ):not( .kt-accodion-icon-style-xclose ):not( .kt-accodion-icon-style-arrow ) .kt-blocks-accordion-header.kt-accordion-panel-active .kt-blocks-accordion-icon-trigger{background:#444444;}.kt-accordion-id_f6bee6-fa:not( .kt-accodion-icon-style-basic ):not( .kt-accodion-icon-style-xclose ):not( .kt-accodion-icon-style-arrow ) .kt-blocks-accordion-header.kt-accordion-panel-active .kt-blocks-accordion-icon-trigger:after, .kt-accordion-id_f6bee6-fa:not( .kt-accodion-icon-style-basic ):not( .kt-accodion-icon-style-xclose ):not( .kt-accodion-icon-style-arrow ) .kt-blocks-accordion-header.kt-accordion-panel-active .kt-blocks-accordion-icon-trigger:before{background:#ffffff;}@media all and (max-width: 1024px){.kt-accordion-id_f6bee6-fa .kt-accordion-panel-inner{border-top:0px solid #F4F4F4;border-right:1px solid #F4F4F4;border-bottom:1px solid #F4F4F4;border-left:3px solid #164082;}}@media all and (max-width: 1024px){.kt-accordion-id_f6bee6-fa .wp-block-kadence-pane .kt-accordion-header-wrap .kt-blocks-accordion-header{border-top:1px solid #F4F4F4;border-right:1px solid #F4F4F4;border-bottom:1px solid #F4F4F4;border-left:3px solid #164082;}}@media all and (max-width: 1024px){.kt-accordion-id_f6bee6-fa .kt-accordion-header-wrap .kt-blocks-accordion-header:hover, body:not(.hide-focus-outline) .kt-accordion-id_f6bee6-fa .kt-accordion-header-wrap .kt-blocks-accordion-header:focus-visible{border-top:1px solid #F4F4F4;border-right:1px solid #F4F4F4;border-bottom:1px solid #F4F4F4;border-left:3px solid #164082;}}@media all and (max-width: 1024px){.kt-accordion-id_f6bee6-fa .kt-accordion-header-wrap .kt-blocks-accordion-header:focus-visible, .kt-accordion-id_f6bee6-fa .kt-accordion-header-wrap .kt-blocks-accordion-header.kt-accordion-panel-active{border-top:1px solid #F4F4F4;border-right:1px solid #F4F4F4;border-bottom:0px solid #F4F4F4;border-left:3px solid #164082;}}@media all and (max-width: 767px){.kt-accordion-id_f6bee6-fa .kt-accordion-inner-wrap{display:block;}.kt-accordion-id_f6bee6-fa .kt-accordion-inner-wrap .kt-accordion-pane:not(:first-child){margin-top:10px;}.kt-accordion-id_f6bee6-fa .kt-accordion-panel-inner{border-top:0px solid #F4F4F4;border-right:1px solid #F4F4F4;border-bottom:1px solid #F4F4F4;border-left:3px solid #164082;}.kt-accordion-id_f6bee6-fa .wp-block-kadence-pane .kt-accordion-header-wrap .kt-blocks-accordion-header{border-top:1px solid #F4F4F4;border-right:1px solid #F4F4F4;border-bottom:1px solid #F4F4F4;border-left:3px solid #164082;}.kt-accordion-id_f6bee6-fa .kt-accordion-header-wrap .kt-blocks-accordion-header:hover, body:not(.hide-focus-outline) .kt-accordion-id_f6bee6-fa .kt-accordion-header-wrap .kt-blocks-accordion-header:focus-visible{border-top:1px solid #F4F4F4;border-right:1px solid #F4F4F4;border-bottom:1px solid #F4F4F4;border-left:3px solid #164082;}.kt-accordion-id_f6bee6-fa .kt-accordion-header-wrap .kt-blocks-accordion-header:focus-visible, .kt-accordion-id_f6bee6-fa .kt-accordion-header-wrap .kt-blocks-accordion-header.kt-accordion-panel-active{border-top:1px solid #F4F4F4;border-right:1px solid #F4F4F4;border-bottom:0px solid #F4F4F4;border-left:3px solid #164082;}}<\/style>\n<div class=\"wp-block-kadence-accordion alignnone\"><div class=\"kt-accordion-wrap kt-accordion-id_f6bee6-fa kt-accordion-has-25-panes kt-active-pane-0 kt-accordion-block kt-pane-header-alignment-left kt-accodion-icon-style-arrow kt-accodion-icon-side-right\" style=\"max-width:2000px\"><div class=\"kt-accordion-inner-wrap\" data-allow-multiple-open=\"true\" data-start-open=\"none\">\n<div class=\"wp-block-kadence-pane kt-accordion-pane kt-accordion-pane-1 kt-pane_df7c1b-cf\"><div class=\"kt-accordion-header-wrap\"><button class=\"kt-blocks-accordion-header kt-acccordion-button-label-show\"><span class=\"kt-blocks-accordion-title-wrap\"><span class=\"kt-blocks-accordion-title\"><strong>CWUR 2023<br\/>Overal Rank<\/strong>: 1435 | <strong>In Slovakia:<\/strong> 2 | <strong>In CZ and SK:<\/strong> 10<\/span><\/span><span class=\"kt-blocks-accordion-icon-trigger\"><\/span><\/button><\/div><div class=\"kt-accordion-panel kt-accordion-panel-hidden\"><div class=\"kt-accordion-panel-inner\">\n<p>In 2023, Pavol Jozef \u0160af\u00e1rik University in Ko\u0161ice, with a score of 68.2, was ranked 1435th in the CWUR World University Rankings. Among Slovak universities, UPJ\u0160 ranked 2<sup>nd<\/sup> out of 4 evaluated universities, which include Comenius University in Bratislava, Pavol Jozef \u0160af\u00e1rik University in Ko\u0161ice, Slovak University of Technology in Bratislava, and Technical University of Ko\u0161ice. In terms of both the Czech Republic and Slovakia, UPJ\u0160 ranked 10<sup>th<\/sup> out of 15 evaluated universities. Within the Visegrad Group (V4), UPJ\u0160 was ranked 40<sup>th<\/sup> out of 62 universities. While the ranking evaluates four categories of criteria, UPJ\u0160 was specifically assessed for research quality and ranked 1374<sup>th<\/sup> worldwide. This year, a total of 20,531 higher education institutions from around the world were evaluated, with only the top 2000 institutions included in the final ranking. Therefore, UPJ\u0160 belongs to the top 7% of universities worldwide.<\/p>\n<\/div><\/div><\/div>\n\n\n\n<div class=\"wp-block-kadence-pane kt-accordion-pane kt-accordion-pane-15 kt-pane_d8cbcb-03\"><div class=\"kt-accordion-header-wrap\"><button class=\"kt-blocks-accordion-header kt-acccordion-button-label-show\"><span class=\"kt-blocks-accordion-title-wrap\"><span class=\"kt-blocks-accordion-title\"><strong>CWUR 2022\/2023<br\/>Overal Rank:<\/strong> 1402 | <strong><strong>In Slovakia:<\/strong><\/strong> 2 | <strong> <strong>In CZ and SK:<\/strong><\/strong> 10<\/span><\/span><span class=\"kt-blocks-accordion-icon-trigger\"><\/span><\/button><\/div><div class=\"kt-accordion-panel kt-accordion-panel-hidden\"><div class=\"kt-accordion-panel-inner\"><\/div><\/div><\/div>\n\n\n\n<div class=\"wp-block-kadence-pane kt-accordion-pane kt-accordion-pane-16 kt-pane_062022-03\"><div class=\"kt-accordion-header-wrap\"><button class=\"kt-blocks-accordion-header kt-acccordion-button-label-show\"><span class=\"kt-blocks-accordion-title-wrap\"><span class=\"kt-blocks-accordion-title\"><strong>CWUR 2021\/2022<br\/>Overal Rank:<\/strong> 1312 | <strong><strong>In Slovakia:<\/strong><\/strong> 24 | <strong> <strong>In CZ and SK:<\/strong><\/strong> 10<\/span><\/span><span class=\"kt-blocks-accordion-icon-trigger\"><\/span><\/button><\/div><div class=\"kt-accordion-panel kt-accordion-panel-hidden\"><div class=\"kt-accordion-panel-inner\"><\/div><\/div><\/div>\n<\/div><\/div><\/div>\n","protected":false},"excerpt":{"rendered":"<p>The Center for World University Rankings does not rely on surveys or data provided by the institutions themselves. The ranking is based on seven criteria grouped into four areas: Area Criterion Description Education &nbsp; Based on the academic success of a university\u2019s alumni, and measured by the number of a university&#8217;s alumni who have won &hellip; <a href=\"https:\/\/www.upjs.sk\/en\/information\/international-relations\/rankings\/cwur\/\">Continued<\/a><\/p>\n","protected":false},"author":33,"featured_media":0,"parent":28088,"menu_order":1,"comment_status":"closed","ping_status":"closed","template":"","meta":{"_acf_changed":false,"_editorskit_title_hidden":false,"_editorskit_reading_time":1,"_editorskit_is_block_options_detached":false,"_editorskit_block_options_position":"{}","footnotes":""},"categories":[],"tags":[],"class_list":["post-59984","page","type-page","status-publish","hentry"],"acf":{"acf_link_na_externy_obsah":""},"yoast_head":"<!-- This site is optimized with the Yoast SEO plugin v27.2 - https:\/\/yoast.com\/product\/yoast-seo-wordpress\/ -->\n<title>CWUR - UPJ\u0160 Ko\u0161ice<\/title>\n<meta name=\"robots\" content=\"index, follow, max-snippet:-1, max-image-preview:large, max-video-preview:-1\" \/>\n<link rel=\"canonical\" href=\"https:\/\/www.upjs.sk\/en\/information\/international-relations\/rankings\/cwur\/\" \/>\n<meta property=\"og:locale\" content=\"en_US\" \/>\n<meta property=\"og:type\" content=\"article\" \/>\n<meta property=\"og:title\" content=\"CWUR - UPJ\u0160 Ko\u0161ice\" \/>\n<meta property=\"og:description\" content=\"The Center for World University Rankings does not rely on surveys or data provided by the institutions themselves. The ranking is based on seven criteria grouped into four areas: Area Criterion Description Education &nbsp; Based on the academic success of a university\u2019s alumni, and measured by the number of a university&#8217;s alumni who have won &hellip; Continued\" \/>\n<meta property=\"og:url\" content=\"https:\/\/www.upjs.sk\/en\/information\/international-relations\/rankings\/cwur\/\" \/>\n<meta property=\"og:site_name\" content=\"UPJ\u0160 Ko\u0161ice\" \/>\n<meta property=\"article:publisher\" content=\"https:\/\/www.facebook.com\/UniverzitaPavlaJozefaSafarikaVkosiciach\/\" \/>\n<meta property=\"article:modified_time\" content=\"2023-05-19T11:10:58+00:00\" \/>\n<meta name=\"twitter:card\" content=\"summary_large_image\" \/>\n<meta name=\"twitter:site\" content=\"@UPJS_kosice\" \/>\n<meta name=\"twitter:label1\" content=\"Est. reading time\" \/>\n\t<meta name=\"twitter:data1\" content=\"2 minutes\" \/>\n<script type=\"application\/ld+json\" class=\"yoast-schema-graph\">{\"@context\":\"https:\/\/schema.org\",\"@graph\":[{\"@type\":\"WebPage\",\"@id\":\"https:\/\/www.upjs.sk\/en\/information\/international-relations\/rankings\/cwur\/\",\"url\":\"https:\/\/www.upjs.sk\/en\/information\/international-relations\/rankings\/cwur\/\",\"name\":\"CWUR - UPJ\u0160 Ko\u0161ice\",\"isPartOf\":{\"@id\":\"https:\/\/www.upjs.sk\/en\/#website\"},\"datePublished\":\"2023-05-19T10:59:06+00:00\",\"dateModified\":\"2023-05-19T11:10:58+00:00\",\"breadcrumb\":{\"@id\":\"https:\/\/www.upjs.sk\/en\/information\/international-relations\/rankings\/cwur\/#breadcrumb\"},\"inLanguage\":\"en-US\",\"potentialAction\":[{\"@type\":\"ReadAction\",\"target\":[\"https:\/\/www.upjs.sk\/en\/information\/international-relations\/rankings\/cwur\/\"]}]},{\"@type\":\"BreadcrumbList\",\"@id\":\"https:\/\/www.upjs.sk\/en\/information\/international-relations\/rankings\/cwur\/#breadcrumb\",\"itemListElement\":[{\"@type\":\"ListItem\",\"position\":1,\"name\":\"Home\",\"item\":\"https:\/\/www.upjs.sk\/en\/\"},{\"@type\":\"ListItem\",\"position\":2,\"name\":\"Information\",\"item\":\"https:\/\/www.upjs.sk\/en\/information\/\"},{\"@type\":\"ListItem\",\"position\":3,\"name\":\"International Relations\",\"item\":\"https:\/\/www.upjs.sk\/en\/information\/international-relations\/\"},{\"@type\":\"ListItem\",\"position\":4,\"name\":\"Rankings\",\"item\":\"https:\/\/www.upjs.sk\/en\/information\/international-relations\/rankings\/\"},{\"@type\":\"ListItem\",\"position\":5,\"name\":\"CWUR\"}]},{\"@type\":\"WebSite\",\"@id\":\"https:\/\/www.upjs.sk\/en\/#website\",\"url\":\"https:\/\/www.upjs.sk\/en\/\",\"name\":\"UPJ\u0160 Ko\u0161ice\",\"description\":\"Wisdom of the Past, Knowledge of the Present, Education of the Future\",\"publisher\":{\"@id\":\"https:\/\/www.upjs.sk\/en\/#organization\"},\"potentialAction\":[{\"@type\":\"SearchAction\",\"target\":{\"@type\":\"EntryPoint\",\"urlTemplate\":\"https:\/\/www.upjs.sk\/en\/?s={search_term_string}\"},\"query-input\":{\"@type\":\"PropertyValueSpecification\",\"valueRequired\":true,\"valueName\":\"search_term_string\"}}],\"inLanguage\":\"en-US\"},{\"@type\":\"Organization\",\"@id\":\"https:\/\/www.upjs.sk\/en\/#organization\",\"name\":\"UPJ\u0160 Ko\u0161ice\",\"url\":\"https:\/\/www.upjs.sk\/en\/\",\"logo\":{\"@type\":\"ImageObject\",\"inLanguage\":\"en-US\",\"@id\":\"https:\/\/www.upjs.sk\/en\/#\/schema\/logo\/image\/\",\"url\":\"https:\/\/www.upjs.sk\/app\/uploads\/2023\/01\/UPJS_ENG_esymbol.svg\",\"contentUrl\":\"https:\/\/www.upjs.sk\/app\/uploads\/2023\/01\/UPJS_ENG_esymbol.svg\",\"width\":448,\"height\":139,\"caption\":\"UPJ\u0160 Ko\u0161ice\"},\"image\":{\"@id\":\"https:\/\/www.upjs.sk\/en\/#\/schema\/logo\/image\/\"},\"sameAs\":[\"https:\/\/www.facebook.com\/UniverzitaPavlaJozefaSafarikaVkosiciach\/\",\"https:\/\/x.com\/UPJS_kosice\",\"https:\/\/www.instagram.com\/upjs_kosice\",\"https:\/\/www.linkedin.com\/company\/pavol-jozef-afrik-university-in-koice\/\"]}]}<\/script>\n<!-- \/ Yoast SEO plugin. -->","yoast_head_json":{"title":"CWUR - UPJ\u0160 Ko\u0161ice","robots":{"index":"index","follow":"follow","max-snippet":"max-snippet:-1","max-image-preview":"max-image-preview:large","max-video-preview":"max-video-preview:-1"},"canonical":"https:\/\/www.upjs.sk\/en\/information\/international-relations\/rankings\/cwur\/","og_locale":"en_US","og_type":"article","og_title":"CWUR - UPJ\u0160 Ko\u0161ice","og_description":"The Center for World University Rankings does not rely on surveys or data provided by the institutions themselves. The ranking is based on seven criteria grouped into four areas: Area Criterion Description Education &nbsp; Based on the academic success of a university\u2019s alumni, and measured by the number of a university&#8217;s alumni who have won &hellip; Continued","og_url":"https:\/\/www.upjs.sk\/en\/information\/international-relations\/rankings\/cwur\/","og_site_name":"UPJ\u0160 Ko\u0161ice","article_publisher":"https:\/\/www.facebook.com\/UniverzitaPavlaJozefaSafarikaVkosiciach\/","article_modified_time":"2023-05-19T11:10:58+00:00","twitter_card":"summary_large_image","twitter_site":"@UPJS_kosice","twitter_misc":{"Est. reading time":"2 minutes"},"schema":{"@context":"https:\/\/schema.org","@graph":[{"@type":"WebPage","@id":"https:\/\/www.upjs.sk\/en\/information\/international-relations\/rankings\/cwur\/","url":"https:\/\/www.upjs.sk\/en\/information\/international-relations\/rankings\/cwur\/","name":"CWUR - UPJ\u0160 Ko\u0161ice","isPartOf":{"@id":"https:\/\/www.upjs.sk\/en\/#website"},"datePublished":"2023-05-19T10:59:06+00:00","dateModified":"2023-05-19T11:10:58+00:00","breadcrumb":{"@id":"https:\/\/www.upjs.sk\/en\/information\/international-relations\/rankings\/cwur\/#breadcrumb"},"inLanguage":"en-US","potentialAction":[{"@type":"ReadAction","target":["https:\/\/www.upjs.sk\/en\/information\/international-relations\/rankings\/cwur\/"]}]},{"@type":"BreadcrumbList","@id":"https:\/\/www.upjs.sk\/en\/information\/international-relations\/rankings\/cwur\/#breadcrumb","itemListElement":[{"@type":"ListItem","position":1,"name":"Home","item":"https:\/\/www.upjs.sk\/en\/"},{"@type":"ListItem","position":2,"name":"Information","item":"https:\/\/www.upjs.sk\/en\/information\/"},{"@type":"ListItem","position":3,"name":"International Relations","item":"https:\/\/www.upjs.sk\/en\/information\/international-relations\/"},{"@type":"ListItem","position":4,"name":"Rankings","item":"https:\/\/www.upjs.sk\/en\/information\/international-relations\/rankings\/"},{"@type":"ListItem","position":5,"name":"CWUR"}]},{"@type":"WebSite","@id":"https:\/\/www.upjs.sk\/en\/#website","url":"https:\/\/www.upjs.sk\/en\/","name":"UPJ\u0160 Ko\u0161ice","description":"Wisdom of the Past, Knowledge of the Present, Education of the Future","publisher":{"@id":"https:\/\/www.upjs.sk\/en\/#organization"},"potentialAction":[{"@type":"SearchAction","target":{"@type":"EntryPoint","urlTemplate":"https:\/\/www.upjs.sk\/en\/?s={search_term_string}"},"query-input":{"@type":"PropertyValueSpecification","valueRequired":true,"valueName":"search_term_string"}}],"inLanguage":"en-US"},{"@type":"Organization","@id":"https:\/\/www.upjs.sk\/en\/#organization","name":"UPJ\u0160 Ko\u0161ice","url":"https:\/\/www.upjs.sk\/en\/","logo":{"@type":"ImageObject","inLanguage":"en-US","@id":"https:\/\/www.upjs.sk\/en\/#\/schema\/logo\/image\/","url":"https:\/\/www.upjs.sk\/app\/uploads\/2023\/01\/UPJS_ENG_esymbol.svg","contentUrl":"https:\/\/www.upjs.sk\/app\/uploads\/2023\/01\/UPJS_ENG_esymbol.svg","width":448,"height":139,"caption":"UPJ\u0160 Ko\u0161ice"},"image":{"@id":"https:\/\/www.upjs.sk\/en\/#\/schema\/logo\/image\/"},"sameAs":["https:\/\/www.facebook.com\/UniverzitaPavlaJozefaSafarikaVkosiciach\/","https:\/\/x.com\/UPJS_kosice","https:\/\/www.instagram.com\/upjs_kosice","https:\/\/www.linkedin.com\/company\/pavol-jozef-afrik-university-in-koice\/"]}]}},"_links":{"self":[{"href":"https:\/\/www.upjs.sk\/en\/wp-json\/wp\/v2\/pages\/59984","targetHints":{"allow":["GET"]}}],"collection":[{"href":"https:\/\/www.upjs.sk\/en\/wp-json\/wp\/v2\/pages"}],"about":[{"href":"https:\/\/www.upjs.sk\/en\/wp-json\/wp\/v2\/types\/page"}],"author":[{"embeddable":true,"href":"https:\/\/www.upjs.sk\/en\/wp-json\/wp\/v2\/users\/33"}],"replies":[{"embeddable":true,"href":"https:\/\/www.upjs.sk\/en\/wp-json\/wp\/v2\/comments?post=59984"}],"version-history":[{"count":3,"href":"https:\/\/www.upjs.sk\/en\/wp-json\/wp\/v2\/pages\/59984\/revisions"}],"predecessor-version":[{"id":59991,"href":"https:\/\/www.upjs.sk\/en\/wp-json\/wp\/v2\/pages\/59984\/revisions\/59991"}],"up":[{"embeddable":true,"href":"https:\/\/www.upjs.sk\/en\/wp-json\/wp\/v2\/pages\/28088"}],"wp:attachment":[{"href":"https:\/\/www.upjs.sk\/en\/wp-json\/wp\/v2\/media?parent=59984"}],"wp:term":[{"taxonomy":"category","embeddable":true,"href":"https:\/\/www.upjs.sk\/en\/wp-json\/wp\/v2\/categories?post=59984"},{"taxonomy":"post_tag","embeddable":true,"href":"https:\/\/www.upjs.sk\/en\/wp-json\/wp\/v2\/tags?post=59984"}],"curies":[{"name":"wp","href":"https:\/\/api.w.org\/{rel}","templated":true}]}}