{"id":87300,"date":"2025-03-03T09:59:09","date_gmt":"2025-03-03T08:59:09","guid":{"rendered":"https:\/\/www.upjs.sk\/?page_id=87300"},"modified":"2025-03-04T08:59:17","modified_gmt":"2025-03-04T07:59:17","slug":"about-the-project","status":"publish","type":"page","link":"https:\/\/www.upjs.sk\/en\/information\/international-relations\/internalisation-support\/about-the-project\/","title":{"rendered":"About the Project"},"content":{"rendered":"\n<figure class=\"wp-block-table is-style-regular\"><table><tbody><tr><td><strong>Project title:<\/strong><\/td><td>Audit of the level of internationalization and implementation of the projects of internationalization of higher education institutions and research institutions<\/td><\/tr><tr><td><strong>Project number:<\/strong><\/td><td>10I04-20-V01-00004<\/td><\/tr><tr><td><strong>Program name:<\/strong><\/td><td>Recovery and Resilience Plan of the Slovak Republic<\/td><\/tr><tr><td><strong>COMPONENT 10:<\/strong><\/td><td>Attracting and retaining talents<\/td><\/tr><tr><td><strong>Investment 4:<\/strong><\/td><td>Support of internationalization in the academic environment<\/td><\/tr><tr><td><strong>Project period:<\/strong><\/td><td>1.1.2024 \u2013 31.10.2025<\/td><\/tr><tr><td><strong>Annotation:<\/strong><\/td><td>In 2023, Pavol Jozef \u0160af\u00e1rik University in Ko\u0161ice submitted a proposal to the Ministry of Education, Research, Development and Youth of the Slovak Republic within the call &#8220;<strong>Audit of the level of internationalization and implementation of the projects of internationalization of higher education institutions and research institutions<\/strong>&#8220;. As one of ten institutions in Slovakia, it succeeded in the call and received funding for the implementation of the project that is focused on the quality and effectiveness of existing internationalization efforts, as well as on the strategy, planning and implementation of internationalization processes. The funds received under the Recovery Plan will enable the University to analyse its current strategies, identify areas for improvement, and implement measures to increase its international competitiveness.<\/td><\/tr><\/tbody><\/table><\/figure>\n\n\n\n<p><strong><em>Funded by the EU NextGenerationEU through the Recovery and Resilience Plan for Slovakia under the project No. 10I04-20-V01-00004.<\/em><\/strong><\/p>\n\n\n<style>.kb-row-layout-wrap.wp-block-kadence-rowlayout.kb-row-layout-id87300_647c2b-bc{margin-top:0px;margin-bottom:0px;}.kb-row-layout-id87300_647c2b-bc > .kt-row-column-wrap{align-content:center;}:where(.kb-row-layout-id87300_647c2b-bc > .kt-row-column-wrap) > .wp-block-kadence-column{justify-content:center;}.kb-row-layout-id87300_647c2b-bc > .kt-row-column-wrap{column-gap:var(--global-kb-gap-none, 0rem );row-gap:82px;padding-top:0px;padding-bottom:0px;}.kb-row-layout-id87300_647c2b-bc > .kt-row-column-wrap > div:not(.added-for-specificity){grid-column:initial;}.kb-row-layout-id87300_647c2b-bc > .kt-row-column-wrap{grid-template-columns:repeat(3, minmax(0, 1fr));}.kb-row-layout-id87300_647c2b-bc > .kt-row-layout-overlay{opacity:0.30;}@media all and (max-width: 1024px){.kb-row-layout-id87300_647c2b-bc > .kt-row-column-wrap > div:not(.added-for-specificity){grid-column:initial;}}@media all and (max-width: 1024px){.kb-row-layout-id87300_647c2b-bc > .kt-row-column-wrap{grid-template-columns:repeat(3, minmax(0, 1fr));}}@media all and (max-width: 767px){.kb-row-layout-id87300_647c2b-bc > .kt-row-column-wrap > div:not(.added-for-specificity){grid-column:initial;}.kb-row-layout-id87300_647c2b-bc > .kt-row-column-wrap{grid-template-columns:minmax(0, 1fr);}}<\/style><div class=\"kb-row-layout-wrap kb-row-layout-id87300_647c2b-bc alignnone wp-block-kadence-rowlayout\"><div class=\"kt-row-column-wrap kt-has-3-columns kt-row-layout-equal kt-tab-layout-inherit kt-mobile-layout-row kt-row-valign-middle\">\n<style>.kadence-column87300_91a372-ca > .kt-inside-inner-col,.kadence-column87300_91a372-ca > .kt-inside-inner-col:before{border-top-left-radius:0px;border-top-right-radius:0px;border-bottom-right-radius:0px;border-bottom-left-radius:0px;}.kadence-column87300_91a372-ca > .kt-inside-inner-col{column-gap:var(--global-kb-gap-sm, 1rem);}.kadence-column87300_91a372-ca > .kt-inside-inner-col{flex-direction:column;}.kadence-column87300_91a372-ca > .kt-inside-inner-col > .aligncenter{width:100%;}.kadence-column87300_91a372-ca > .kt-inside-inner-col:before{opacity:0.3;}.kadence-column87300_91a372-ca{position:relative;}@media all and (max-width: 1024px){.kadence-column87300_91a372-ca > .kt-inside-inner-col{flex-direction:column;justify-content:center;}}@media all and (max-width: 767px){.kadence-column87300_91a372-ca > .kt-inside-inner-col{flex-direction:column;justify-content:center;}}<\/style>\n<div class=\"wp-block-kadence-column kadence-column87300_91a372-ca\"><div class=\"kt-inside-inner-col\"><style>.kb-image87300_8cb796-1f.kb-image-is-ratio-size, .kb-image87300_8cb796-1f .kb-image-is-ratio-size{max-width:200px;width:100%;}.wp-block-kadence-column > .kt-inside-inner-col > .kb-image87300_8cb796-1f.kb-image-is-ratio-size, .wp-block-kadence-column > .kt-inside-inner-col > .kb-image87300_8cb796-1f .kb-image-is-ratio-size{align-self:unset;}.kb-image87300_8cb796-1f figure{max-width:200px;}.kb-image87300_8cb796-1f .image-is-svg, .kb-image87300_8cb796-1f .image-is-svg img{width:100%;}.kb-image87300_8cb796-1f .kb-image-has-overlay:after{opacity:0.3;}@media all and (max-width: 767px){.kb-image87300_8cb796-1f.kb-image-is-ratio-size, .kb-image87300_8cb796-1f .kb-image-is-ratio-size{max-width:1000px;width:100%;}.kb-image87300_8cb796-1f figure{max-width:1000px;}}<\/style>\n<div class=\"wp-block-kadence-image kb-image87300_8cb796-1f\"><figure class=\"aligncenter size-large\"><img decoding=\"async\" width=\"1024\" height=\"233\" src=\"https:\/\/www.upjs.sk\/app\/uploads\/2025\/02\/Internalisation-audit_logo_plan-obnovy-1024x233.png\" alt=\"\" class=\"kb-img wp-image-87130\" srcset=\"https:\/\/www.upjs.sk\/app\/uploads\/2025\/02\/Internalisation-audit_logo_plan-obnovy-1024x233.png 1024w, https:\/\/www.upjs.sk\/app\/uploads\/2025\/02\/Internalisation-audit_logo_plan-obnovy-300x68.png 300w, https:\/\/www.upjs.sk\/app\/uploads\/2025\/02\/Internalisation-audit_logo_plan-obnovy-768x175.png 768w, https:\/\/www.upjs.sk\/app\/uploads\/2025\/02\/Internalisation-audit_logo_plan-obnovy.png 1080w\" sizes=\"(max-width: 1024px) 100vw, 1024px\" \/><\/figure><\/div>\n<\/div><\/div>\n\n\n<style>.kadence-column87300_296a38-cb > .kt-inside-inner-col,.kadence-column87300_296a38-cb > .kt-inside-inner-col:before{border-top-left-radius:0px;border-top-right-radius:0px;border-bottom-right-radius:0px;border-bottom-left-radius:0px;}.kadence-column87300_296a38-cb > .kt-inside-inner-col{column-gap:var(--global-kb-gap-sm, 1rem);}.kadence-column87300_296a38-cb > .kt-inside-inner-col{flex-direction:column;}.kadence-column87300_296a38-cb > .kt-inside-inner-col > .aligncenter{width:100%;}.kadence-column87300_296a38-cb > .kt-inside-inner-col:before{opacity:0.3;}.kadence-column87300_296a38-cb{position:relative;}@media all and (max-width: 1024px){.kadence-column87300_296a38-cb > .kt-inside-inner-col{flex-direction:column;justify-content:center;}}@media all and (max-width: 767px){.kadence-column87300_296a38-cb > .kt-inside-inner-col{flex-direction:column;justify-content:center;}}<\/style>\n<div class=\"wp-block-kadence-column kadence-column87300_296a38-cb\"><div class=\"kt-inside-inner-col\"><style>.kb-image87300_9aaf61-bc.kb-image-is-ratio-size, .kb-image87300_9aaf61-bc .kb-image-is-ratio-size{max-width:200px;width:100%;}.wp-block-kadence-column > .kt-inside-inner-col > .kb-image87300_9aaf61-bc.kb-image-is-ratio-size, .wp-block-kadence-column > .kt-inside-inner-col > .kb-image87300_9aaf61-bc .kb-image-is-ratio-size{align-self:unset;}.kb-image87300_9aaf61-bc figure{max-width:200px;}.kb-image87300_9aaf61-bc .image-is-svg, .kb-image87300_9aaf61-bc .image-is-svg img{width:100%;}.kb-image87300_9aaf61-bc .kb-image-has-overlay:after{opacity:0.3;}@media all and (max-width: 767px){.kb-image87300_9aaf61-bc.kb-image-is-ratio-size, .kb-image87300_9aaf61-bc .kb-image-is-ratio-size{max-width:1000px;width:100%;}.kb-image87300_9aaf61-bc figure{max-width:1000px;}}<\/style>\n<div class=\"wp-block-kadence-image kb-image87300_9aaf61-bc\"><figure class=\"aligncenter size-large\"><img decoding=\"async\" width=\"1024\" height=\"252\" src=\"https:\/\/www.upjs.sk\/app\/uploads\/2025\/02\/Internalisation-audit_logo_financovane-EU-1024x252.png\" alt=\"\" class=\"kb-img wp-image-87127\" srcset=\"https:\/\/www.upjs.sk\/app\/uploads\/2025\/02\/Internalisation-audit_logo_financovane-EU-1024x252.png 1024w, https:\/\/www.upjs.sk\/app\/uploads\/2025\/02\/Internalisation-audit_logo_financovane-EU-300x74.png 300w, https:\/\/www.upjs.sk\/app\/uploads\/2025\/02\/Internalisation-audit_logo_financovane-EU-768x189.png 768w, https:\/\/www.upjs.sk\/app\/uploads\/2025\/02\/Internalisation-audit_logo_financovane-EU.png 1080w\" sizes=\"(max-width: 1024px) 100vw, 1024px\" \/><\/figure><\/div>\n<\/div><\/div>\n\n\n<style>.kadence-column87300_ef065f-8d > .kt-inside-inner-col,.kadence-column87300_ef065f-8d > .kt-inside-inner-col:before{border-top-left-radius:0px;border-top-right-radius:0px;border-bottom-right-radius:0px;border-bottom-left-radius:0px;}.kadence-column87300_ef065f-8d > .kt-inside-inner-col{column-gap:var(--global-kb-gap-sm, 1rem);}.kadence-column87300_ef065f-8d > .kt-inside-inner-col{flex-direction:column;}.kadence-column87300_ef065f-8d > .kt-inside-inner-col > .aligncenter{width:100%;}.kadence-column87300_ef065f-8d > .kt-inside-inner-col:before{opacity:0.3;}.kadence-column87300_ef065f-8d{position:relative;}@media all and (max-width: 1024px){.kadence-column87300_ef065f-8d > .kt-inside-inner-col{flex-direction:column;justify-content:center;}}@media all and (max-width: 767px){.kadence-column87300_ef065f-8d > .kt-inside-inner-col{flex-direction:column;justify-content:center;}}<\/style>\n<div class=\"wp-block-kadence-column kadence-column87300_ef065f-8d\"><div class=\"kt-inside-inner-col\"><style>.kb-image87300_7956d0-b2.kb-image-is-ratio-size, .kb-image87300_7956d0-b2 .kb-image-is-ratio-size{max-width:200px;width:100%;}.wp-block-kadence-column > .kt-inside-inner-col > .kb-image87300_7956d0-b2.kb-image-is-ratio-size, .wp-block-kadence-column > .kt-inside-inner-col > .kb-image87300_7956d0-b2 .kb-image-is-ratio-size{align-self:unset;}.kb-image87300_7956d0-b2 figure{max-width:200px;}.kb-image87300_7956d0-b2 .image-is-svg, .kb-image87300_7956d0-b2 .image-is-svg img{width:100%;}.kb-image87300_7956d0-b2 .kb-image-has-overlay:after{opacity:0.3;}@media all and (max-width: 767px){.kb-image87300_7956d0-b2.kb-image-is-ratio-size, .kb-image87300_7956d0-b2 .kb-image-is-ratio-size{max-width:1000px;width:100%;}.kb-image87300_7956d0-b2 figure{max-width:1000px;}}<\/style>\n<div class=\"wp-block-kadence-image kb-image87300_7956d0-b2\"><figure class=\"aligncenter size-large image-is-svg\"><img decoding=\"async\" width=\"418\" height=\"138\" src=\"https:\/\/www.upjs.sk\/app\/uploads\/2025\/03\/logo_MSVVaM-SR_farebne.svg\" alt=\"\" class=\"kb-img wp-image-87379\"\/><\/figure><\/div>\n<\/div><\/div>\n\n<\/div><\/div>\n\n\n<p><\/p>\n","protected":false},"excerpt":{"rendered":"<p>Project title: Audit of the level of internationalization and implementation of the projects of internationalization of higher education institutions and research institutions Project number: 10I04-20-V01-00004 Program name: Recovery and Resilience Plan of the Slovak Republic COMPONENT 10: Attracting and retaining talents Investment 4: Support of internationalization in the academic environment Project period: 1.1.2024 \u2013 31.10.2025 &hellip; <a href=\"https:\/\/www.upjs.sk\/en\/information\/international-relations\/internalisation-support\/about-the-project\/\">Continued<\/a><\/p>\n","protected":false},"author":33,"featured_media":0,"parent":87297,"menu_order":3,"comment_status":"closed","ping_status":"closed","template":"","meta":{"_acf_changed":false,"_editorskit_title_hidden":false,"_editorskit_reading_time":0,"_editorskit_is_block_options_detached":false,"_editorskit_block_options_position":"{}","footnotes":""},"categories":[],"tags":[],"class_list":["post-87300","page","type-page","status-publish","hentry"],"acf":{"acf_link_na_externy_obsah":""},"yoast_head":"<!-- This site is optimized with the Yoast SEO plugin v27.4 - https:\/\/yoast.com\/product\/yoast-seo-wordpress\/ -->\n<title>About the Project - UPJ\u0160 Ko\u0161ice<\/title>\n<meta name=\"robots\" content=\"index, follow, max-snippet:-1, max-image-preview:large, max-video-preview:-1\" \/>\n<link rel=\"canonical\" href=\"https:\/\/www.upjs.sk\/en\/information\/international-relations\/internalisation-support\/about-the-project\/\" \/>\n<meta property=\"og:locale\" content=\"en_US\" \/>\n<meta property=\"og:type\" content=\"article\" \/>\n<meta property=\"og:title\" content=\"About the Project - UPJ\u0160 Ko\u0161ice\" \/>\n<meta property=\"og:description\" content=\"Project title: Audit of the level of internationalization and implementation of the projects of internationalization of higher education institutions and research institutions Project number: 10I04-20-V01-00004 Program name: Recovery and Resilience Plan of the Slovak Republic COMPONENT 10: Attracting and retaining talents Investment 4: Support of internationalization in the academic environment Project period: 1.1.2024 \u2013 31.10.2025 &hellip; Continued\" \/>\n<meta property=\"og:url\" content=\"https:\/\/www.upjs.sk\/en\/information\/international-relations\/internalisation-support\/about-the-project\/\" \/>\n<meta property=\"og:site_name\" content=\"UPJ\u0160 Ko\u0161ice\" \/>\n<meta property=\"article:publisher\" content=\"https:\/\/www.facebook.com\/UniverzitaPavlaJozefaSafarikaVkosiciach\/\" \/>\n<meta property=\"article:modified_time\" content=\"2025-03-04T07:59:17+00:00\" \/>\n<meta property=\"og:image\" content=\"https:\/\/www.upjs.sk\/app\/uploads\/2025\/02\/Internalisation-audit_logo_plan-obnovy.png\" \/>\n\t<meta property=\"og:image:width\" content=\"1080\" \/>\n\t<meta property=\"og:image:height\" content=\"246\" \/>\n\t<meta property=\"og:image:type\" content=\"image\/png\" \/>\n<meta name=\"twitter:card\" content=\"summary_large_image\" \/>\n<meta name=\"twitter:site\" content=\"@UPJS_kosice\" \/>\n<meta name=\"twitter:label1\" content=\"Est. reading time\" \/>\n\t<meta name=\"twitter:data1\" content=\"1 minute\" \/>\n<script type=\"application\/ld+json\" class=\"yoast-schema-graph\">{\"@context\":\"https:\\\/\\\/schema.org\",\"@graph\":[{\"@type\":\"WebPage\",\"@id\":\"https:\\\/\\\/www.upjs.sk\\\/en\\\/information\\\/international-relations\\\/internalisation-support\\\/about-the-project\\\/\",\"url\":\"https:\\\/\\\/www.upjs.sk\\\/en\\\/information\\\/international-relations\\\/internalisation-support\\\/about-the-project\\\/\",\"name\":\"About the Project - UPJ\u0160 Ko\u0161ice\",\"isPartOf\":{\"@id\":\"https:\\\/\\\/www.upjs.sk\\\/en\\\/#website\"},\"primaryImageOfPage\":{\"@id\":\"https:\\\/\\\/www.upjs.sk\\\/en\\\/information\\\/international-relations\\\/internalisation-support\\\/about-the-project\\\/#primaryimage\"},\"image\":{\"@id\":\"https:\\\/\\\/www.upjs.sk\\\/en\\\/information\\\/international-relations\\\/internalisation-support\\\/about-the-project\\\/#primaryimage\"},\"thumbnailUrl\":\"https:\\\/\\\/www.upjs.sk\\\/app\\\/uploads\\\/2025\\\/02\\\/Internalisation-audit_logo_plan-obnovy-1024x233.png\",\"datePublished\":\"2025-03-03T08:59:09+00:00\",\"dateModified\":\"2025-03-04T07:59:17+00:00\",\"breadcrumb\":{\"@id\":\"https:\\\/\\\/www.upjs.sk\\\/en\\\/information\\\/international-relations\\\/internalisation-support\\\/about-the-project\\\/#breadcrumb\"},\"inLanguage\":\"en-US\",\"potentialAction\":[{\"@type\":\"ReadAction\",\"target\":[\"https:\\\/\\\/www.upjs.sk\\\/en\\\/information\\\/international-relations\\\/internalisation-support\\\/about-the-project\\\/\"]}]},{\"@type\":\"ImageObject\",\"inLanguage\":\"en-US\",\"@id\":\"https:\\\/\\\/www.upjs.sk\\\/en\\\/information\\\/international-relations\\\/internalisation-support\\\/about-the-project\\\/#primaryimage\",\"url\":\"https:\\\/\\\/www.upjs.sk\\\/app\\\/uploads\\\/2025\\\/02\\\/Internalisation-audit_logo_plan-obnovy-1024x233.png\",\"contentUrl\":\"https:\\\/\\\/www.upjs.sk\\\/app\\\/uploads\\\/2025\\\/02\\\/Internalisation-audit_logo_plan-obnovy-1024x233.png\"},{\"@type\":\"BreadcrumbList\",\"@id\":\"https:\\\/\\\/www.upjs.sk\\\/en\\\/information\\\/international-relations\\\/internalisation-support\\\/about-the-project\\\/#breadcrumb\",\"itemListElement\":[{\"@type\":\"ListItem\",\"position\":1,\"name\":\"Home\",\"item\":\"https:\\\/\\\/www.upjs.sk\\\/en\\\/\"},{\"@type\":\"ListItem\",\"position\":2,\"name\":\"Information\",\"item\":\"https:\\\/\\\/www.upjs.sk\\\/en\\\/information\\\/\"},{\"@type\":\"ListItem\",\"position\":3,\"name\":\"International Relations\",\"item\":\"https:\\\/\\\/www.upjs.sk\\\/en\\\/information\\\/international-relations\\\/\"},{\"@type\":\"ListItem\",\"position\":4,\"name\":\"Internationalisation Support\",\"item\":\"https:\\\/\\\/www.upjs.sk\\\/en\\\/information\\\/international-relations\\\/internalisation-support\\\/\"},{\"@type\":\"ListItem\",\"position\":5,\"name\":\"About the Project\"}]},{\"@type\":\"WebSite\",\"@id\":\"https:\\\/\\\/www.upjs.sk\\\/en\\\/#website\",\"url\":\"https:\\\/\\\/www.upjs.sk\\\/en\\\/\",\"name\":\"UPJ\u0160 Ko\u0161ice\",\"description\":\"Wisdom of the Past, Knowledge of the Present, Education of the Future\",\"publisher\":{\"@id\":\"https:\\\/\\\/www.upjs.sk\\\/en\\\/#organization\"},\"potentialAction\":[{\"@type\":\"SearchAction\",\"target\":{\"@type\":\"EntryPoint\",\"urlTemplate\":\"https:\\\/\\\/www.upjs.sk\\\/en\\\/?s={search_term_string}\"},\"query-input\":{\"@type\":\"PropertyValueSpecification\",\"valueRequired\":true,\"valueName\":\"search_term_string\"}}],\"inLanguage\":\"en-US\"},{\"@type\":\"Organization\",\"@id\":\"https:\\\/\\\/www.upjs.sk\\\/en\\\/#organization\",\"name\":\"UPJ\u0160 Ko\u0161ice\",\"url\":\"https:\\\/\\\/www.upjs.sk\\\/en\\\/\",\"logo\":{\"@type\":\"ImageObject\",\"inLanguage\":\"en-US\",\"@id\":\"https:\\\/\\\/www.upjs.sk\\\/en\\\/#\\\/schema\\\/logo\\\/image\\\/\",\"url\":\"https:\\\/\\\/www.upjs.sk\\\/app\\\/uploads\\\/2023\\\/01\\\/UPJS_ENG_esymbol.svg\",\"contentUrl\":\"https:\\\/\\\/www.upjs.sk\\\/app\\\/uploads\\\/2023\\\/01\\\/UPJS_ENG_esymbol.svg\",\"width\":448,\"height\":139,\"caption\":\"UPJ\u0160 Ko\u0161ice\"},\"image\":{\"@id\":\"https:\\\/\\\/www.upjs.sk\\\/en\\\/#\\\/schema\\\/logo\\\/image\\\/\"},\"sameAs\":[\"https:\\\/\\\/www.facebook.com\\\/UniverzitaPavlaJozefaSafarikaVkosiciach\\\/\",\"https:\\\/\\\/x.com\\\/UPJS_kosice\",\"https:\\\/\\\/www.instagram.com\\\/upjs_kosice\",\"https:\\\/\\\/www.linkedin.com\\\/company\\\/pavol-jozef-afrik-university-in-koice\\\/\"]}]}<\/script>\n<!-- \/ Yoast SEO plugin. -->","yoast_head_json":{"title":"About the Project - UPJ\u0160 Ko\u0161ice","robots":{"index":"index","follow":"follow","max-snippet":"max-snippet:-1","max-image-preview":"max-image-preview:large","max-video-preview":"max-video-preview:-1"},"canonical":"https:\/\/www.upjs.sk\/en\/information\/international-relations\/internalisation-support\/about-the-project\/","og_locale":"en_US","og_type":"article","og_title":"About the Project - UPJ\u0160 Ko\u0161ice","og_description":"Project title: Audit of the level of internationalization and implementation of the projects of internationalization of higher education institutions and research institutions Project number: 10I04-20-V01-00004 Program name: Recovery and Resilience Plan of the Slovak Republic COMPONENT 10: Attracting and retaining talents Investment 4: Support of internationalization in the academic environment Project period: 1.1.2024 \u2013 31.10.2025 &hellip; Continued","og_url":"https:\/\/www.upjs.sk\/en\/information\/international-relations\/internalisation-support\/about-the-project\/","og_site_name":"UPJ\u0160 Ko\u0161ice","article_publisher":"https:\/\/www.facebook.com\/UniverzitaPavlaJozefaSafarikaVkosiciach\/","article_modified_time":"2025-03-04T07:59:17+00:00","og_image":[{"width":1080,"height":246,"url":"https:\/\/www.upjs.sk\/app\/uploads\/2025\/02\/Internalisation-audit_logo_plan-obnovy.png","type":"image\/png"}],"twitter_card":"summary_large_image","twitter_site":"@UPJS_kosice","twitter_misc":{"Est. reading time":"1 minute"},"schema":{"@context":"https:\/\/schema.org","@graph":[{"@type":"WebPage","@id":"https:\/\/www.upjs.sk\/en\/information\/international-relations\/internalisation-support\/about-the-project\/","url":"https:\/\/www.upjs.sk\/en\/information\/international-relations\/internalisation-support\/about-the-project\/","name":"About the Project - UPJ\u0160 Ko\u0161ice","isPartOf":{"@id":"https:\/\/www.upjs.sk\/en\/#website"},"primaryImageOfPage":{"@id":"https:\/\/www.upjs.sk\/en\/information\/international-relations\/internalisation-support\/about-the-project\/#primaryimage"},"image":{"@id":"https:\/\/www.upjs.sk\/en\/information\/international-relations\/internalisation-support\/about-the-project\/#primaryimage"},"thumbnailUrl":"https:\/\/www.upjs.sk\/app\/uploads\/2025\/02\/Internalisation-audit_logo_plan-obnovy-1024x233.png","datePublished":"2025-03-03T08:59:09+00:00","dateModified":"2025-03-04T07:59:17+00:00","breadcrumb":{"@id":"https:\/\/www.upjs.sk\/en\/information\/international-relations\/internalisation-support\/about-the-project\/#breadcrumb"},"inLanguage":"en-US","potentialAction":[{"@type":"ReadAction","target":["https:\/\/www.upjs.sk\/en\/information\/international-relations\/internalisation-support\/about-the-project\/"]}]},{"@type":"ImageObject","inLanguage":"en-US","@id":"https:\/\/www.upjs.sk\/en\/information\/international-relations\/internalisation-support\/about-the-project\/#primaryimage","url":"https:\/\/www.upjs.sk\/app\/uploads\/2025\/02\/Internalisation-audit_logo_plan-obnovy-1024x233.png","contentUrl":"https:\/\/www.upjs.sk\/app\/uploads\/2025\/02\/Internalisation-audit_logo_plan-obnovy-1024x233.png"},{"@type":"BreadcrumbList","@id":"https:\/\/www.upjs.sk\/en\/information\/international-relations\/internalisation-support\/about-the-project\/#breadcrumb","itemListElement":[{"@type":"ListItem","position":1,"name":"Home","item":"https:\/\/www.upjs.sk\/en\/"},{"@type":"ListItem","position":2,"name":"Information","item":"https:\/\/www.upjs.sk\/en\/information\/"},{"@type":"ListItem","position":3,"name":"International Relations","item":"https:\/\/www.upjs.sk\/en\/information\/international-relations\/"},{"@type":"ListItem","position":4,"name":"Internationalisation Support","item":"https:\/\/www.upjs.sk\/en\/information\/international-relations\/internalisation-support\/"},{"@type":"ListItem","position":5,"name":"About the Project"}]},{"@type":"WebSite","@id":"https:\/\/www.upjs.sk\/en\/#website","url":"https:\/\/www.upjs.sk\/en\/","name":"UPJ\u0160 Ko\u0161ice","description":"Wisdom of the Past, Knowledge of the Present, Education of the Future","publisher":{"@id":"https:\/\/www.upjs.sk\/en\/#organization"},"potentialAction":[{"@type":"SearchAction","target":{"@type":"EntryPoint","urlTemplate":"https:\/\/www.upjs.sk\/en\/?s={search_term_string}"},"query-input":{"@type":"PropertyValueSpecification","valueRequired":true,"valueName":"search_term_string"}}],"inLanguage":"en-US"},{"@type":"Organization","@id":"https:\/\/www.upjs.sk\/en\/#organization","name":"UPJ\u0160 Ko\u0161ice","url":"https:\/\/www.upjs.sk\/en\/","logo":{"@type":"ImageObject","inLanguage":"en-US","@id":"https:\/\/www.upjs.sk\/en\/#\/schema\/logo\/image\/","url":"https:\/\/www.upjs.sk\/app\/uploads\/2023\/01\/UPJS_ENG_esymbol.svg","contentUrl":"https:\/\/www.upjs.sk\/app\/uploads\/2023\/01\/UPJS_ENG_esymbol.svg","width":448,"height":139,"caption":"UPJ\u0160 Ko\u0161ice"},"image":{"@id":"https:\/\/www.upjs.sk\/en\/#\/schema\/logo\/image\/"},"sameAs":["https:\/\/www.facebook.com\/UniverzitaPavlaJozefaSafarikaVkosiciach\/","https:\/\/x.com\/UPJS_kosice","https:\/\/www.instagram.com\/upjs_kosice","https:\/\/www.linkedin.com\/company\/pavol-jozef-afrik-university-in-koice\/"]}]}},"_links":{"self":[{"href":"https:\/\/www.upjs.sk\/en\/wp-json\/wp\/v2\/pages\/87300","targetHints":{"allow":["GET"]}}],"collection":[{"href":"https:\/\/www.upjs.sk\/en\/wp-json\/wp\/v2\/pages"}],"about":[{"href":"https:\/\/www.upjs.sk\/en\/wp-json\/wp\/v2\/types\/page"}],"author":[{"embeddable":true,"href":"https:\/\/www.upjs.sk\/en\/wp-json\/wp\/v2\/users\/33"}],"replies":[{"embeddable":true,"href":"https:\/\/www.upjs.sk\/en\/wp-json\/wp\/v2\/comments?post=87300"}],"version-history":[{"count":4,"href":"https:\/\/www.upjs.sk\/en\/wp-json\/wp\/v2\/pages\/87300\/revisions"}],"predecessor-version":[{"id":87384,"href":"https:\/\/www.upjs.sk\/en\/wp-json\/wp\/v2\/pages\/87300\/revisions\/87384"}],"up":[{"embeddable":true,"href":"https:\/\/www.upjs.sk\/en\/wp-json\/wp\/v2\/pages\/87297"}],"wp:attachment":[{"href":"https:\/\/www.upjs.sk\/en\/wp-json\/wp\/v2\/media?parent=87300"}],"wp:term":[{"taxonomy":"category","embeddable":true,"href":"https:\/\/www.upjs.sk\/en\/wp-json\/wp\/v2\/categories?post=87300"},{"taxonomy":"post_tag","embeddable":true,"href":"https:\/\/www.upjs.sk\/en\/wp-json\/wp\/v2\/tags?post=87300"}],"curies":[{"name":"wp","href":"https:\/\/api.w.org\/{rel}","templated":true}]}}