{"id":96876,"date":"2025-10-17T09:47:13","date_gmt":"2025-10-17T07:47:13","guid":{"rendered":"https:\/\/www.upjs.sk\/?page_id=96876"},"modified":"2025-10-17T09:54:42","modified_gmt":"2025-10-17T07:54:42","slug":"scientific-degrees-doctor-of-science-drsc-awarded-by-the-scientific-board-of-upjs-in-kosice","status":"publish","type":"page","link":"https:\/\/www.upjs.sk\/en\/scientific-degrees-doctor-of-science-drsc-awarded-by-the-scientific-board-of-upjs-in-kosice\/","title":{"rendered":"Scientific degrees \u201cDoctor of Science (DrSc.)\u201d awarded by the Scientific Board of UPJ\u0160 in Ko\u0161ice"},"content":{"rendered":"\n<p>The Scientific Board of Pavol Jozef \u0160af\u00e1rik University in Ko\u0161ice has awarded the scientific degree of \u201cDoctor of Science (DrSc.)\u201d in accordance with Section 36 of the Decree of the Slovak Commission for Scientific Degrees No. 65\/1977 on the procedure for awarding scientific degrees, as amended by the Decree of the Slovak Commission for Scientific Degrees No. 302\/1990 to the following applicants:<\/p>\n\n\n\n<p><strong>prof. MUDr. Peter Mitro, DrSc.<\/strong><br>Doctor of Medical Sciences<br>Field of science: Internal Diseases<br>Department: 1st Cardiology Clinic of UPJ\u0160 Faculty of Medicine and V\u00daSCH a.s., 040 01 Ko\u0161ice<br>Date of award by the Scientific Board: 8.3.2024<\/p>\n\n\n\n<p><strong>prof. MUDr. Eva Kubala Havrdov\u00e1, DrSc.<\/strong><br>Doctor of Medical Sciences<br>Field of science: Neurology<br>Department: Department of Neurology and Centre of Clinical Neurosciences of the 1st Faculty of Medicine, Comenius University and General Hospital, Prague<br>Date of award by the Scientific Board: 26.5.20236<br><\/p>\n\n\n\n<p><strong>doc. RNDr. Gabriel \u017dold\u00e1k, DrSc.<\/strong><br>Doctor of Biophysical Sciences<br>Field of science: Biophysics<br>Department: Technology and Innovation Park)<br>Date of award by the Scientific Board: 25.11.2022<br><\/p>\n\n\n\n<p><strong>doc. RNDr. Zuzana Ga\u017eov\u00e1, DrSc.<\/strong><br>Doctor of Biophysical Sciences<br>Field of science: Biophysics<br>Department: Institute of Experimental Physics SAS<br>Date of award by the Scientific Board: 11.3.2022<br><\/p>\n\n\n\n<p><strong>doc. RNDr. Erik Sedl\u00e1k, DrSc.<\/strong><br>Doctor of Biophysical Sciences<br>Field of science: Biophysics<br>Department: Centre of Interdisciplinary Biosciences, Technology and Innovation Park of UPJ\u0160 in Ko\u0161ice<br>Date of award by the Scientific Board: 29.5.2020<br><\/p>\n\n\n\n<p><strong>doc. RNDr. R\u00f3bert Jajcay, DrSc.<\/strong><br>Doctor of Mathematical Sciences<br>Field of science: Discrete Mathematics<br>Department: Faculty of Mathematics, Physics and Informatics, Comenius University in Bratislava<br>Date of award by the Scientific Board: 16.3.2018<br><\/p>\n\n\n\n<p><strong>Mgr. Norbert Ku\u010derka, DrSc.<\/strong><br>Doctor of Physical Sciences<br>Field of science: Biophysics<br>Department: Faculty of Pharmacy, Comenius University in Bratislava<br>Date of award by the Scientific Board: 10.3.2017<br><\/p>\n\n\n\n<p><strong>MUDr. Andrey Musatov, DrSc.<\/strong><br>Doctor of Physical Sciences<br>Field of science: 010303 Biophysics<br>Slovak Academy of Sciences<br>Department: Institute of Experimental Physics<br>Date of award by the Scientific Board: 29.5.2015<br><\/p>\n\n\n\n<p><strong>prof. RNDr. Mel\u00e1nia Babincov\u00e1, DrSc.<\/strong><br>Doctor of Physical Sciences<br>Field of science: 010303 Biophysics<br>Comenius University in Bratislava<br>Department: Faculty of Mathematics, Physics and Informatics, Department of Nuclear Physics and Biophysics<br>Date of award by the Scientific Board: 29.5.2015<br><\/p>\n\n\n\n<p><strong>RNDr. Ivo Jur\u00e1nek, DrSc.<\/strong><br>Doctor of Medical Sciences<br>Field of science: 030104 Pharmacology<br>Department: Institute of Experimental Pharmacology and Toxicology SAS<br>Date of award by the Scientific Board: 13.3.2015<br><\/p>\n\n\n\n<p><strong>prof. MUDr. Ivica Laz\u00farov\u00e1, DrSc.<\/strong><br>Doctor of Medical Sciences<br>Field of science: 030215 Internal Diseases<br>Department: I. Internal Clinic of the Faculty of Medicine, UPJ\u0160<br>Date of award by the Scientific Board: 13.3.2015<br><\/p>\n\n\n\n<p><strong>RNDr. Peter Skyba, DrSc.<\/strong><br>Doctor of Physical Sciences<br>Field of science: 010304 Condensed matter Physics and Acoustics<br>Department: Institute of Experimental Physics SAS<br>Date of award by the Scientific Board: 7.11.2014<br><\/p>\n\n\n\n<p><strong>doc. Mgr. Mar\u010dek Chorv\u00e1tov\u00e1, DrSc.<\/strong><br>Doctor of Physical Sciences<br>Field of science: 010303 Biophysics<br>Department: International Laser Centre in Bratislava<br>Date of award by the Scientific Board: 7.11.2014<br><\/p>\n\n\n\n<p><strong>PharmDr. Katar\u00edna Bauerov\u00e1, DrSc.<\/strong><br>Doctor of Medical Sciences<br>Field of science: 030104 Pharmacology<br>Department: Institute of Experimental Pharmacology and Toxicology SAS<br>Date of award by the Scientific Board: &nbsp;28.3.2014<br><\/p>\n\n\n\n<p><strong>doc. RNDr. Rastislav Varga, DrSc.<\/strong><br>Doctor of Physical Sciences<br>Field of science: 010304 Condensed matter Physics and Acoustics<br>Department: Institute of Physical Sciences, Faculty of Science, Pavol Jozef \u0160af\u00e1rik University<br>Date of award by the Scientific Board: 28.3.2014<br><\/p>\n\n\n\n<p><strong>prof. MUDr. Igor Rie\u010dansk\u00fd, DrSc.<\/strong><br>Doctor of Medical Sciences<br>Field of science: 030215 Internal Diseases<br>Department: Department of Cardiology and Angiology, Faculty of Medicine, SZU in Bratislava<br>Date of award by the Scientific Board: 28.3.2014<br><\/p>\n\n\n\n<p><strong>doc. RNDr. Martin Mo\u0161ko, DrSc.<\/strong><br>Doctor of Physical Sciences<br>Field of science: 010304 Condensed matter Physics and Acoustics<br>Department: Institute of Electrical Engineering SAS<br>Date of award by the Scientific Board: 8.11.2013<br><\/p>\n\n\n\n<p><strong>RNDr. Gabriela Hr\u010dkov\u00e1, DrSc.<\/strong><br>Doctor of Medical Sciences<br>Field of science: 030104 Pharmacology<br>Department: Institute of Parasitology SAS<br>Date of award by the Scientific Board: 8.11.2013<br><\/p>\n\n\n\n<p><strong>RNDr. Pavol Farka\u0161ovsk\u00fd, DrSc.<\/strong><br>Doctor of Physical Sciences<br>Field of science: 010304 Condensed matter Physics and Acoustics<br>Department: Institute of Experimental Physics SAS<br>Date of award by the Scientific Board: 31.5.2013<br><\/p>\n\n\n\n<p><strong>Prof. MVDr. J\u00e1n Moj\u017ei\u0161, DrSc.<\/strong><br>Doctor of Medical Sciences<br>Field of science: 030104 Pharmacology<br>Department: Institute of Pharmacology, Faculty of Medicine, UPJ\u0160<br>Date of award by the Scientific Board: 15.6.2012<br><br><\/p>\n","protected":false},"excerpt":{"rendered":"<p>The Scientific Board of Pavol Jozef \u0160af\u00e1rik University in Ko\u0161ice has awarded the scientific degree of \u201cDoctor of Science (DrSc.)\u201d in accordance with Section 36 of the Decree of the Slovak Commission for Scientific Degrees No. 65\/1977 on the procedure for awarding scientific degrees, as amended by the Decree of the Slovak Commission for Scientific &hellip; <a href=\"https:\/\/www.upjs.sk\/en\/scientific-degrees-doctor-of-science-drsc-awarded-by-the-scientific-board-of-upjs-in-kosice\/\">Continued<\/a><\/p>\n","protected":false},"author":99,"featured_media":0,"parent":0,"menu_order":1,"comment_status":"closed","ping_status":"closed","template":"","meta":{"_acf_changed":false,"_editorskit_title_hidden":false,"_editorskit_reading_time":0,"_editorskit_is_block_options_detached":false,"_editorskit_block_options_position":"{}","footnotes":""},"categories":[],"tags":[],"class_list":["post-96876","page","type-page","status-publish","hentry"],"acf":{"acf_link_na_externy_obsah":""},"yoast_head":"<!-- This site is optimized with the Yoast SEO plugin v27.4 - https:\/\/yoast.com\/product\/yoast-seo-wordpress\/ -->\n<title>Scientific degrees \u201cDoctor of Science (DrSc.)\u201d awarded by the Scientific Board of UPJ\u0160 in Ko\u0161ice - UPJ\u0160 Ko\u0161ice<\/title>\n<meta name=\"robots\" content=\"index, follow, max-snippet:-1, max-image-preview:large, max-video-preview:-1\" \/>\n<link rel=\"canonical\" href=\"https:\/\/www.upjs.sk\/en\/scientific-degrees-doctor-of-science-drsc-awarded-by-the-scientific-board-of-upjs-in-kosice\/\" \/>\n<meta property=\"og:locale\" content=\"en_US\" \/>\n<meta property=\"og:type\" content=\"article\" \/>\n<meta property=\"og:title\" content=\"Scientific degrees \u201cDoctor of Science (DrSc.)\u201d awarded by the Scientific Board of UPJ\u0160 in Ko\u0161ice - UPJ\u0160 Ko\u0161ice\" \/>\n<meta property=\"og:description\" content=\"The Scientific Board of Pavol Jozef \u0160af\u00e1rik University in Ko\u0161ice has awarded the scientific degree of \u201cDoctor of Science (DrSc.)\u201d in accordance with Section 36 of the Decree of the Slovak Commission for Scientific Degrees No. 65\/1977 on the procedure for awarding scientific degrees, as amended by the Decree of the Slovak Commission for Scientific &hellip; Continued\" \/>\n<meta property=\"og:url\" content=\"https:\/\/www.upjs.sk\/en\/scientific-degrees-doctor-of-science-drsc-awarded-by-the-scientific-board-of-upjs-in-kosice\/\" \/>\n<meta property=\"og:site_name\" content=\"UPJ\u0160 Ko\u0161ice\" \/>\n<meta property=\"article:publisher\" content=\"https:\/\/www.facebook.com\/UniverzitaPavlaJozefaSafarikaVkosiciach\/\" \/>\n<meta property=\"article:modified_time\" content=\"2025-10-17T07:54:42+00:00\" \/>\n<meta name=\"twitter:card\" content=\"summary_large_image\" \/>\n<meta name=\"twitter:site\" content=\"@UPJS_kosice\" \/>\n<meta name=\"twitter:label1\" content=\"Est. reading time\" \/>\n\t<meta name=\"twitter:data1\" content=\"3 minutes\" \/>\n<script type=\"application\/ld+json\" class=\"yoast-schema-graph\">{\"@context\":\"https:\\\/\\\/schema.org\",\"@graph\":[{\"@type\":\"WebPage\",\"@id\":\"https:\\\/\\\/www.upjs.sk\\\/en\\\/scientific-degrees-doctor-of-science-drsc-awarded-by-the-scientific-board-of-upjs-in-kosice\\\/\",\"url\":\"https:\\\/\\\/www.upjs.sk\\\/en\\\/scientific-degrees-doctor-of-science-drsc-awarded-by-the-scientific-board-of-upjs-in-kosice\\\/\",\"name\":\"Scientific degrees \u201cDoctor of Science (DrSc.)\u201d awarded by the Scientific Board of UPJ\u0160 in Ko\u0161ice - UPJ\u0160 Ko\u0161ice\",\"isPartOf\":{\"@id\":\"https:\\\/\\\/www.upjs.sk\\\/en\\\/#website\"},\"datePublished\":\"2025-10-17T07:47:13+00:00\",\"dateModified\":\"2025-10-17T07:54:42+00:00\",\"breadcrumb\":{\"@id\":\"https:\\\/\\\/www.upjs.sk\\\/en\\\/scientific-degrees-doctor-of-science-drsc-awarded-by-the-scientific-board-of-upjs-in-kosice\\\/#breadcrumb\"},\"inLanguage\":\"en-US\",\"potentialAction\":[{\"@type\":\"ReadAction\",\"target\":[\"https:\\\/\\\/www.upjs.sk\\\/en\\\/scientific-degrees-doctor-of-science-drsc-awarded-by-the-scientific-board-of-upjs-in-kosice\\\/\"]}]},{\"@type\":\"BreadcrumbList\",\"@id\":\"https:\\\/\\\/www.upjs.sk\\\/en\\\/scientific-degrees-doctor-of-science-drsc-awarded-by-the-scientific-board-of-upjs-in-kosice\\\/#breadcrumb\",\"itemListElement\":[{\"@type\":\"ListItem\",\"position\":1,\"name\":\"Home\",\"item\":\"https:\\\/\\\/www.upjs.sk\\\/en\\\/\"},{\"@type\":\"ListItem\",\"position\":2,\"name\":\"Scientific degrees \u201cDoctor of Science (DrSc.)\u201d awarded by the Scientific Board of UPJ\u0160 in Ko\u0161ice\"}]},{\"@type\":\"WebSite\",\"@id\":\"https:\\\/\\\/www.upjs.sk\\\/en\\\/#website\",\"url\":\"https:\\\/\\\/www.upjs.sk\\\/en\\\/\",\"name\":\"UPJ\u0160 Ko\u0161ice\",\"description\":\"Wisdom of the Past, Knowledge of the Present, Education of the Future\",\"publisher\":{\"@id\":\"https:\\\/\\\/www.upjs.sk\\\/en\\\/#organization\"},\"potentialAction\":[{\"@type\":\"SearchAction\",\"target\":{\"@type\":\"EntryPoint\",\"urlTemplate\":\"https:\\\/\\\/www.upjs.sk\\\/en\\\/?s={search_term_string}\"},\"query-input\":{\"@type\":\"PropertyValueSpecification\",\"valueRequired\":true,\"valueName\":\"search_term_string\"}}],\"inLanguage\":\"en-US\"},{\"@type\":\"Organization\",\"@id\":\"https:\\\/\\\/www.upjs.sk\\\/en\\\/#organization\",\"name\":\"UPJ\u0160 Ko\u0161ice\",\"url\":\"https:\\\/\\\/www.upjs.sk\\\/en\\\/\",\"logo\":{\"@type\":\"ImageObject\",\"inLanguage\":\"en-US\",\"@id\":\"https:\\\/\\\/www.upjs.sk\\\/en\\\/#\\\/schema\\\/logo\\\/image\\\/\",\"url\":\"https:\\\/\\\/www.upjs.sk\\\/app\\\/uploads\\\/2023\\\/01\\\/UPJS_ENG_esymbol.svg\",\"contentUrl\":\"https:\\\/\\\/www.upjs.sk\\\/app\\\/uploads\\\/2023\\\/01\\\/UPJS_ENG_esymbol.svg\",\"width\":448,\"height\":139,\"caption\":\"UPJ\u0160 Ko\u0161ice\"},\"image\":{\"@id\":\"https:\\\/\\\/www.upjs.sk\\\/en\\\/#\\\/schema\\\/logo\\\/image\\\/\"},\"sameAs\":[\"https:\\\/\\\/www.facebook.com\\\/UniverzitaPavlaJozefaSafarikaVkosiciach\\\/\",\"https:\\\/\\\/x.com\\\/UPJS_kosice\",\"https:\\\/\\\/www.instagram.com\\\/upjs_kosice\",\"https:\\\/\\\/www.linkedin.com\\\/company\\\/pavol-jozef-afrik-university-in-koice\\\/\"]}]}<\/script>\n<!-- \/ Yoast SEO plugin. -->","yoast_head_json":{"title":"Scientific degrees \u201cDoctor of Science (DrSc.)\u201d awarded by the Scientific Board of UPJ\u0160 in Ko\u0161ice - UPJ\u0160 Ko\u0161ice","robots":{"index":"index","follow":"follow","max-snippet":"max-snippet:-1","max-image-preview":"max-image-preview:large","max-video-preview":"max-video-preview:-1"},"canonical":"https:\/\/www.upjs.sk\/en\/scientific-degrees-doctor-of-science-drsc-awarded-by-the-scientific-board-of-upjs-in-kosice\/","og_locale":"en_US","og_type":"article","og_title":"Scientific degrees \u201cDoctor of Science (DrSc.)\u201d awarded by the Scientific Board of UPJ\u0160 in Ko\u0161ice - UPJ\u0160 Ko\u0161ice","og_description":"The Scientific Board of Pavol Jozef \u0160af\u00e1rik University in Ko\u0161ice has awarded the scientific degree of \u201cDoctor of Science (DrSc.)\u201d in accordance with Section 36 of the Decree of the Slovak Commission for Scientific Degrees No. 65\/1977 on the procedure for awarding scientific degrees, as amended by the Decree of the Slovak Commission for Scientific &hellip; Continued","og_url":"https:\/\/www.upjs.sk\/en\/scientific-degrees-doctor-of-science-drsc-awarded-by-the-scientific-board-of-upjs-in-kosice\/","og_site_name":"UPJ\u0160 Ko\u0161ice","article_publisher":"https:\/\/www.facebook.com\/UniverzitaPavlaJozefaSafarikaVkosiciach\/","article_modified_time":"2025-10-17T07:54:42+00:00","twitter_card":"summary_large_image","twitter_site":"@UPJS_kosice","twitter_misc":{"Est. reading time":"3 minutes"},"schema":{"@context":"https:\/\/schema.org","@graph":[{"@type":"WebPage","@id":"https:\/\/www.upjs.sk\/en\/scientific-degrees-doctor-of-science-drsc-awarded-by-the-scientific-board-of-upjs-in-kosice\/","url":"https:\/\/www.upjs.sk\/en\/scientific-degrees-doctor-of-science-drsc-awarded-by-the-scientific-board-of-upjs-in-kosice\/","name":"Scientific degrees \u201cDoctor of Science (DrSc.)\u201d awarded by the Scientific Board of UPJ\u0160 in Ko\u0161ice - UPJ\u0160 Ko\u0161ice","isPartOf":{"@id":"https:\/\/www.upjs.sk\/en\/#website"},"datePublished":"2025-10-17T07:47:13+00:00","dateModified":"2025-10-17T07:54:42+00:00","breadcrumb":{"@id":"https:\/\/www.upjs.sk\/en\/scientific-degrees-doctor-of-science-drsc-awarded-by-the-scientific-board-of-upjs-in-kosice\/#breadcrumb"},"inLanguage":"en-US","potentialAction":[{"@type":"ReadAction","target":["https:\/\/www.upjs.sk\/en\/scientific-degrees-doctor-of-science-drsc-awarded-by-the-scientific-board-of-upjs-in-kosice\/"]}]},{"@type":"BreadcrumbList","@id":"https:\/\/www.upjs.sk\/en\/scientific-degrees-doctor-of-science-drsc-awarded-by-the-scientific-board-of-upjs-in-kosice\/#breadcrumb","itemListElement":[{"@type":"ListItem","position":1,"name":"Home","item":"https:\/\/www.upjs.sk\/en\/"},{"@type":"ListItem","position":2,"name":"Scientific degrees \u201cDoctor of Science (DrSc.)\u201d awarded by the Scientific Board of UPJ\u0160 in Ko\u0161ice"}]},{"@type":"WebSite","@id":"https:\/\/www.upjs.sk\/en\/#website","url":"https:\/\/www.upjs.sk\/en\/","name":"UPJ\u0160 Ko\u0161ice","description":"Wisdom of the Past, Knowledge of the Present, Education of the Future","publisher":{"@id":"https:\/\/www.upjs.sk\/en\/#organization"},"potentialAction":[{"@type":"SearchAction","target":{"@type":"EntryPoint","urlTemplate":"https:\/\/www.upjs.sk\/en\/?s={search_term_string}"},"query-input":{"@type":"PropertyValueSpecification","valueRequired":true,"valueName":"search_term_string"}}],"inLanguage":"en-US"},{"@type":"Organization","@id":"https:\/\/www.upjs.sk\/en\/#organization","name":"UPJ\u0160 Ko\u0161ice","url":"https:\/\/www.upjs.sk\/en\/","logo":{"@type":"ImageObject","inLanguage":"en-US","@id":"https:\/\/www.upjs.sk\/en\/#\/schema\/logo\/image\/","url":"https:\/\/www.upjs.sk\/app\/uploads\/2023\/01\/UPJS_ENG_esymbol.svg","contentUrl":"https:\/\/www.upjs.sk\/app\/uploads\/2023\/01\/UPJS_ENG_esymbol.svg","width":448,"height":139,"caption":"UPJ\u0160 Ko\u0161ice"},"image":{"@id":"https:\/\/www.upjs.sk\/en\/#\/schema\/logo\/image\/"},"sameAs":["https:\/\/www.facebook.com\/UniverzitaPavlaJozefaSafarikaVkosiciach\/","https:\/\/x.com\/UPJS_kosice","https:\/\/www.instagram.com\/upjs_kosice","https:\/\/www.linkedin.com\/company\/pavol-jozef-afrik-university-in-koice\/"]}]}},"_links":{"self":[{"href":"https:\/\/www.upjs.sk\/en\/wp-json\/wp\/v2\/pages\/96876","targetHints":{"allow":["GET"]}}],"collection":[{"href":"https:\/\/www.upjs.sk\/en\/wp-json\/wp\/v2\/pages"}],"about":[{"href":"https:\/\/www.upjs.sk\/en\/wp-json\/wp\/v2\/types\/page"}],"author":[{"embeddable":true,"href":"https:\/\/www.upjs.sk\/en\/wp-json\/wp\/v2\/users\/99"}],"replies":[{"embeddable":true,"href":"https:\/\/www.upjs.sk\/en\/wp-json\/wp\/v2\/comments?post=96876"}],"version-history":[{"count":3,"href":"https:\/\/www.upjs.sk\/en\/wp-json\/wp\/v2\/pages\/96876\/revisions"}],"predecessor-version":[{"id":96883,"href":"https:\/\/www.upjs.sk\/en\/wp-json\/wp\/v2\/pages\/96876\/revisions\/96883"}],"wp:attachment":[{"href":"https:\/\/www.upjs.sk\/en\/wp-json\/wp\/v2\/media?parent=96876"}],"wp:term":[{"taxonomy":"category","embeddable":true,"href":"https:\/\/www.upjs.sk\/en\/wp-json\/wp\/v2\/categories?post=96876"},{"taxonomy":"post_tag","embeddable":true,"href":"https:\/\/www.upjs.sk\/en\/wp-json\/wp\/v2\/tags?post=96876"}],"curies":[{"name":"wp","href":"https:\/\/api.w.org\/{rel}","templated":true}]}}