{"id":20982,"date":"2022-02-13T22:03:04","date_gmt":"2022-02-13T22:03:04","guid":{"rendered":"https:\/\/www.upjs.sk\/fakulta-verejnej-spravy\/foreign-relations\/digreen\/"},"modified":"2024-02-26T11:31:06","modified_gmt":"2024-02-26T10:31:06","slug":"digreen","status":"publish","type":"page","link":"https:\/\/www.upjs.sk\/fakulta-verejnej-spravy\/en\/international-relations\/digreen\/","title":{"rendered":"Digital government for green municipalities and cities"},"content":{"rendered":"<p><img decoding=\"async\" style=\"float: left; height: 152px; width: 150px;\" src=\"https:\/\/www.upjs.sk\/app\/uploads\/sites\/12\/2022\/11\/Logo-EU-Co-funded.png\" alt=\"\" \/>\u00a0 \u00a0 \u00a0 \u00a0 \u00a0 \u00a0 \u00a0 \u00a0 \u00a0 \u00a0 \u00a0 \u00a0 \u00a0 \u00a0<img decoding=\"async\" style=\"float: right; height: 134px; width: 120px;\" src=\"https:\/\/www.upjs.sk\/app\/uploads\/sites\/12\/2022\/11\/Logo-DiGreen-Final.png\" alt=\"\" \/><\/p>\n<p style=\"text-align: center;\"><span style=\"color: #000000; font-family: Calibri,sans-serif; font-size: 14px;\">Digital government for green municipalities and cities (DiGreen)<br \/><\/span><span style=\"font-size: 14px;\"><span style=\"font-family: Calibri,sans-serif;\"><span style=\"color: #000000;\"><span style=\"font-style: normal;\"><span style=\"font-weight: normal;\"><span style=\"letter-spacing: normal;\"><span style=\"text-transform: none;\"><span style=\"text-decoration: none;\">KA220 Cooperation Partnership<\/span><\/span><\/span><\/span><\/span><\/span><\/span><\/span><span style=\"font-size: 12px;\"><span style=\"font-family: Calibri,sans-serif;\"><span style=\"color: #000000;\"><span style=\"font-style: normal;\"><span style=\"font-weight: normal;\"><span style=\"letter-spacing: normal;\"><span style=\"text-transform: none;\"><span style=\"text-decoration: none;\"><span style=\"font-size: 14px;\">s<\/span>\u00a0<br \/><\/span><\/span><\/span><\/span><\/span><\/span><\/span><\/span><span style=\"font-size: 14px;\"><span style=\"font-family: Calibri,sans-serif;\"><span style=\"color: #000000;\"><span style=\"font-style: normal;\"><span style=\"font-weight: normal;\"><span style=\"letter-spacing: normal;\"><span style=\"text-transform: none;\"><span style=\"text-decoration: none;\">Project number: 2021-1-SK01-KA220-HED-000023505<\/span><\/span><\/span><\/span><\/span><\/span><\/span><\/span><\/p>\n<p style=\"text-align: center;\">\u00a0<\/p>\n\n\n<p><strong>About<\/strong><br>Programme: Erasmus+<br>Action Type: KA220-HED &#8211; Cooperation Partnerships in Higher Education<br>Call: 2021<br>Round: Round 1<br>Field: Higher Education<br>Project Title: Digital Government for Green Municipalities and Cities<br>Project Acronym: DiGreen<br>Duration: 01. 11. 2021 &#8211; 31. 10. 2024<br>Total Budget: 324 810 \u20ac<br>National Agency: <a aria-label=\"Slovensk\u00e1 akademick\u00e1 asoci\u00e1cia pre medzin\u00e1rodn\u00fa spolupr\u00e1cu (opens in a new tab)\" href=\"http:\/\/www.saaic.sk\/_main.php?prog=SAAIC&amp;str=saaic_o_nas.html\" target=\"_blank\" rel=\"noreferrer noopener\" class=\"ek-link\">Slovensk\u00e1 akademick\u00e1 asoci\u00e1cia pre medzin\u00e1rodn\u00fa spolupr\u00e1cu<\/a><\/p>\n\n\n\n<p><strong>Team<\/strong><br><em>Coordinator:<\/em><br>Univerzita Pavla Jozefa \u0160af\u00e1rika v Ko\u0161iciach (Pavol Jozef \u0160af\u00e1rik University in Ko\u0161ice, Slovakia)<\/p>\n\n\n\n<p><em>Partner Organisations:<\/em><br>Accademia Europea di Bolzano (<a aria-label=\"Eurac Research (opens in a new tab)\" href=\"http:\/\/www.eurac.edu\/\" target=\"_blank\" rel=\"noreferrer noopener\" class=\"ek-link\">Eurac Research<\/a>, Italy)<br>Institutul de Economie Mondiala (<a aria-label=\"The Institute for World Economy (opens in a new tab)\" href=\"http:\/\/www.iem.ro\/\" target=\"_blank\" rel=\"noreferrer noopener\" class=\"ek-link\">The Institute for World Economy<\/a>, Romania)<br>FH OO Studienbetriebs GmbH (<a href=\"http:\/\/www.fh-ooe.at\/\" target=\"_blank\" aria-label=\"University of Applied Sciences Upper Austria (opens in a new tab)\" rel=\"noreferrer noopener\" class=\"ek-link\">University of Applied Sciences Upper Austria<\/a>, Austria)<\/p>\n\n\n\n<p><a href=\"https:\/\/www.upjs.sk\/en\/faculty-of-public-administration\/DiGreen\/Team\/\">Read more about the Team<\/a><\/p>\n\n\n\n<p><strong>Scope<\/strong><br>DiGreen aims to provide professionals working in the municipality\/city self-government public bodies and young citizens (students) with a framework to exchange knowledge and digital and green good practices. DiGreen will provide a crosscutting teaching and education DiGreen concept together with a multidimensional curriculum.<\/p>\n\n\n\n<p>DiGreen will facilitate the exchange among an international network of municipalities and cities, municipalities\u2019 employees, universities, research institutions and communal practitioners on learning about green digital skills and other environmental and digital issues.<\/p>\n\n\n\n<p>The general objective of the DiGreen project is to establish a transnational collaboration between partners involved and apply innovative approaches for addressing their target groups.<\/p>\n\n\n\n<p><strong>Project Results<\/strong><\/p>\n\n\n\n<ol class=\"wp-block-list\">\n<li>Handbook of DIGITAL good practice &#8211; cities and municipalities as the source for viable solutions<\/li>\n\n\n\n<li>Handbook of GREEN good practice &#8211; cities and municipalities as the source for viable solutions<\/li>\n\n\n\n<li>Crosscutting teaching and education DiGreen concept.<\/li>\n\n\n\n<li>Multidimensional DiGreen Curriculum.<\/li>\n<\/ol>\n\n\n\n<p><a href=\"https:\/\/www.upjs.sk\/en\/faculty-of-public-administration\/DiGreen\/results\/\">Find out more about the project results\u00a0<\/a><\/p>\n\n\n\n<p><strong>Contacts<\/strong><br>PhDr. Miroslav Fe\u010dko, PhD.<br>Pavol Jozef \u0160af\u00e1rik University in Ko\u0161ice, Faculty of Public Administration<br>Phone: +421 55 234 5154<br>E-mail: miroslav.fecko@upjs.sk<\/p>\n\n\n\n<p>doc. Ing. Silvia Ru\u010dinsk\u00e1, PhD., university professor<br>Pavol Jozef \u0160af\u00e1rik University in Ko\u0161ice, Faculty of Public Administration<br>Phone: +421 55 234 1164<br>E-mail: silvia.rucinska@upjs.sk<\/p>\n\n\n<style>.kb-image_954b55-3b .kb-image-has-overlay:after{opacity:0.3;}<\/style>\n<figure class=\"wp-block-kadence-image kb-image_954b55-3b size-large\"><img loading=\"lazy\" decoding=\"async\" width=\"1024\" height=\"143\" src=\"https:\/\/www.upjs.sk\/app\/uploads\/sites\/12\/2023\/03\/DiGreen_obrbottom-1024x143.jpg\" alt=\"\" class=\"kb-img wp-image-23379\" srcset=\"https:\/\/www.upjs.sk\/app\/uploads\/sites\/12\/2023\/03\/DiGreen_obrbottom-1024x143.jpg 1024w, https:\/\/www.upjs.sk\/app\/uploads\/sites\/12\/2023\/03\/DiGreen_obrbottom-300x42.jpg 300w, https:\/\/www.upjs.sk\/app\/uploads\/sites\/12\/2023\/03\/DiGreen_obrbottom-768x107.jpg 768w, https:\/\/www.upjs.sk\/app\/uploads\/sites\/12\/2023\/03\/DiGreen_obrbottom-1536x214.jpg 1536w, https:\/\/www.upjs.sk\/app\/uploads\/sites\/12\/2023\/03\/DiGreen_obrbottom-2048x286.jpg 2048w\" sizes=\"auto, (max-width: 1024px) 100vw, 1024px\" \/><\/figure>\n\n\n\n<p>.. <!-- Global site tag (gtag.js) - Google Analytics --> <script async=\"\" src=\"https:\/\/www.googletagmanager.com\/gtag\/js?id=G-EFJY646VJ2\"><\/script> <script>\n  window.dataLayer = window.dataLayer || [];\n  function gtag(){dataLayer.push(arguments);}\n  gtag('js', new Date());\n\n  gtag('config', 'G-EFJY646VJ2');\n<\/script><\/p>\n","protected":false},"excerpt":{"rendered":"<p>\u00a0 \u00a0 \u00a0 \u00a0 \u00a0 \u00a0 \u00a0 \u00a0 \u00a0 \u00a0 \u00a0 \u00a0 \u00a0 \u00a0 Digital government for green municipalities and cities (DiGreen)KA220 Cooperation Partnerships\u00a0Project number: 2021-1-SK01-KA220-HED-000023505 \u00a0 AboutProgramme: Erasmus+Action Type: KA220-HED &#8211; Cooperation Partnerships in Higher EducationCall: 2021Round: Round 1Field: Higher EducationProject Title: Digital Government for Green Municipalities and CitiesProject Acronym: DiGreenDuration: 01. 11. 2021 &hellip; <a href=\"https:\/\/www.upjs.sk\/fakulta-verejnej-spravy\/en\/international-relations\/digreen\/\">Continued<\/a><\/p>\n","protected":false},"author":1,"featured_media":20993,"parent":20978,"menu_order":0,"comment_status":"closed","ping_status":"closed","template":"","meta":{"_acf_changed":false,"_editorskit_title_hidden":false,"_editorskit_reading_time":1,"_editorskit_is_block_options_detached":false,"_editorskit_block_options_position":"{}","footnotes":""},"categories":[],"tags":[],"class_list":["post-20982","page","type-page","status-publish","has-post-thumbnail","hentry"],"acf":{"acf_link_na_externy_obsah":""},"yoast_head":"<!-- This site is optimized with the Yoast SEO plugin v27.4 - https:\/\/yoast.com\/product\/yoast-seo-wordpress\/ -->\n<title>Digital government for green municipalities and cities - Fakulta verejnej spr\u00e1vy | UPJ\u0160<\/title>\n<meta name=\"robots\" content=\"index, follow, max-snippet:-1, max-image-preview:large, max-video-preview:-1\" \/>\n<link rel=\"canonical\" href=\"https:\/\/www.upjs.sk\/fakulta-verejnej-spravy\/en\/international-relations\/digreen\/\" \/>\n<meta property=\"og:locale\" content=\"en_US\" \/>\n<meta property=\"og:type\" content=\"article\" \/>\n<meta property=\"og:title\" content=\"Digital government for green municipalities and cities - Fakulta verejnej spr\u00e1vy | UPJ\u0160\" \/>\n<meta property=\"og:description\" content=\"\u00a0 \u00a0 \u00a0 \u00a0 \u00a0 \u00a0 \u00a0 \u00a0 \u00a0 \u00a0 \u00a0 \u00a0 \u00a0 \u00a0 Digital government for green municipalities and cities (DiGreen)KA220 Cooperation Partnerships\u00a0Project number: 2021-1-SK01-KA220-HED-000023505 \u00a0 AboutProgramme: Erasmus+Action Type: KA220-HED &#8211; Cooperation Partnerships in Higher EducationCall: 2021Round: Round 1Field: Higher EducationProject Title: Digital Government for Green Municipalities and CitiesProject Acronym: DiGreenDuration: 01. 11. 2021 &hellip; Continued\" \/>\n<meta property=\"og:url\" content=\"https:\/\/www.upjs.sk\/fakulta-verejnej-spravy\/en\/international-relations\/digreen\/\" \/>\n<meta property=\"og:site_name\" content=\"Fakulta verejnej spr\u00e1vy | UPJ\u0160\" \/>\n<meta property=\"article:modified_time\" content=\"2024-02-26T10:31:06+00:00\" \/>\n<meta property=\"og:image\" content=\"https:\/\/www.upjs.sk\/app\/uploads\/sites\/12\/2022\/11\/digreen-web-1-scaled.jpg\" \/>\n\t<meta property=\"og:image:width\" content=\"2560\" \/>\n\t<meta property=\"og:image:height\" content=\"357\" \/>\n\t<meta property=\"og:image:type\" content=\"image\/jpeg\" \/>\n<meta name=\"twitter:card\" content=\"summary_large_image\" \/>\n<meta name=\"twitter:label1\" content=\"Est. reading time\" \/>\n\t<meta name=\"twitter:data1\" content=\"3 minutes\" \/>\n<script type=\"application\/ld+json\" class=\"yoast-schema-graph\">{\"@context\":\"https:\\\/\\\/schema.org\",\"@graph\":[{\"@type\":\"WebPage\",\"@id\":\"https:\\\/\\\/www.upjs.sk\\\/fakulta-verejnej-spravy\\\/en\\\/international-relations\\\/digreen\\\/\",\"url\":\"https:\\\/\\\/www.upjs.sk\\\/fakulta-verejnej-spravy\\\/en\\\/international-relations\\\/digreen\\\/\",\"name\":\"Digital government for green municipalities and cities - Fakulta verejnej spr\u00e1vy | UPJ\u0160\",\"isPartOf\":{\"@id\":\"https:\\\/\\\/www.upjs.sk\\\/fakulta-verejnej-spravy\\\/en\\\/#website\"},\"primaryImageOfPage\":{\"@id\":\"https:\\\/\\\/www.upjs.sk\\\/fakulta-verejnej-spravy\\\/en\\\/international-relations\\\/digreen\\\/#primaryimage\"},\"image\":{\"@id\":\"https:\\\/\\\/www.upjs.sk\\\/fakulta-verejnej-spravy\\\/en\\\/international-relations\\\/digreen\\\/#primaryimage\"},\"thumbnailUrl\":\"https:\\\/\\\/www.upjs.sk\\\/app\\\/uploads\\\/sites\\\/12\\\/2022\\\/11\\\/digreen-web-1-scaled.jpg\",\"datePublished\":\"2022-02-13T22:03:04+00:00\",\"dateModified\":\"2024-02-26T10:31:06+00:00\",\"breadcrumb\":{\"@id\":\"https:\\\/\\\/www.upjs.sk\\\/fakulta-verejnej-spravy\\\/en\\\/international-relations\\\/digreen\\\/#breadcrumb\"},\"inLanguage\":\"en-US\",\"potentialAction\":[{\"@type\":\"ReadAction\",\"target\":[\"https:\\\/\\\/www.upjs.sk\\\/fakulta-verejnej-spravy\\\/en\\\/international-relations\\\/digreen\\\/\"]}]},{\"@type\":\"ImageObject\",\"inLanguage\":\"en-US\",\"@id\":\"https:\\\/\\\/www.upjs.sk\\\/fakulta-verejnej-spravy\\\/en\\\/international-relations\\\/digreen\\\/#primaryimage\",\"url\":\"https:\\\/\\\/www.upjs.sk\\\/app\\\/uploads\\\/sites\\\/12\\\/2022\\\/11\\\/digreen-web-1-scaled.jpg\",\"contentUrl\":\"https:\\\/\\\/www.upjs.sk\\\/app\\\/uploads\\\/sites\\\/12\\\/2022\\\/11\\\/digreen-web-1-scaled.jpg\",\"width\":2560,\"height\":357,\"caption\":\"DiGreen\"},{\"@type\":\"BreadcrumbList\",\"@id\":\"https:\\\/\\\/www.upjs.sk\\\/fakulta-verejnej-spravy\\\/en\\\/international-relations\\\/digreen\\\/#breadcrumb\",\"itemListElement\":[{\"@type\":\"ListItem\",\"position\":1,\"name\":\"Home\",\"item\":\"https:\\\/\\\/www.upjs.sk\\\/fakulta-verejnej-spravy\\\/en\\\/\"},{\"@type\":\"ListItem\",\"position\":2,\"name\":\"International relations\",\"item\":\"https:\\\/\\\/www.upjs.sk\\\/fakulta-verejnej-spravy\\\/en\\\/international-relations\\\/\"},{\"@type\":\"ListItem\",\"position\":3,\"name\":\"Digital government for green municipalities and cities\"}]},{\"@type\":\"WebSite\",\"@id\":\"https:\\\/\\\/www.upjs.sk\\\/fakulta-verejnej-spravy\\\/en\\\/#website\",\"url\":\"https:\\\/\\\/www.upjs.sk\\\/fakulta-verejnej-spravy\\\/en\\\/\",\"name\":\"Fakulta verejnej spr\u00e1vy | UPJ\u0160\",\"description\":\"\",\"publisher\":{\"@id\":\"https:\\\/\\\/www.upjs.sk\\\/fakulta-verejnej-spravy\\\/en\\\/#organization\"},\"potentialAction\":[{\"@type\":\"SearchAction\",\"target\":{\"@type\":\"EntryPoint\",\"urlTemplate\":\"https:\\\/\\\/www.upjs.sk\\\/fakulta-verejnej-spravy\\\/en\\\/?s={search_term_string}\"},\"query-input\":{\"@type\":\"PropertyValueSpecification\",\"valueRequired\":true,\"valueName\":\"search_term_string\"}}],\"inLanguage\":\"en-US\"},{\"@type\":\"Organization\",\"@id\":\"https:\\\/\\\/www.upjs.sk\\\/fakulta-verejnej-spravy\\\/en\\\/#organization\",\"name\":\"Fakulta verejnej spr\u00e1vy | UPJ\u0160\",\"url\":\"https:\\\/\\\/www.upjs.sk\\\/fakulta-verejnej-spravy\\\/en\\\/\",\"logo\":{\"@type\":\"ImageObject\",\"inLanguage\":\"en-US\",\"@id\":\"https:\\\/\\\/www.upjs.sk\\\/fakulta-verejnej-spravy\\\/en\\\/#\\\/schema\\\/logo\\\/image\\\/\",\"url\":\"https:\\\/\\\/www.upjs.sk\\\/app\\\/uploads\\\/sites\\\/12\\\/2023\\\/01\\\/FVS_ENG_frame.svg\",\"contentUrl\":\"https:\\\/\\\/www.upjs.sk\\\/app\\\/uploads\\\/sites\\\/12\\\/2023\\\/01\\\/FVS_ENG_frame.svg\",\"width\":292,\"height\":61,\"caption\":\"Fakulta verejnej spr\u00e1vy | UPJ\u0160\"},\"image\":{\"@id\":\"https:\\\/\\\/www.upjs.sk\\\/fakulta-verejnej-spravy\\\/en\\\/#\\\/schema\\\/logo\\\/image\\\/\"}}]}<\/script>\n<!-- \/ Yoast SEO plugin. -->","yoast_head_json":{"title":"Digital government for green municipalities and cities - Fakulta verejnej spr\u00e1vy | UPJ\u0160","robots":{"index":"index","follow":"follow","max-snippet":"max-snippet:-1","max-image-preview":"max-image-preview:large","max-video-preview":"max-video-preview:-1"},"canonical":"https:\/\/www.upjs.sk\/fakulta-verejnej-spravy\/en\/international-relations\/digreen\/","og_locale":"en_US","og_type":"article","og_title":"Digital government for green municipalities and cities - Fakulta verejnej spr\u00e1vy | UPJ\u0160","og_description":"\u00a0 \u00a0 \u00a0 \u00a0 \u00a0 \u00a0 \u00a0 \u00a0 \u00a0 \u00a0 \u00a0 \u00a0 \u00a0 \u00a0 Digital government for green municipalities and cities (DiGreen)KA220 Cooperation Partnerships\u00a0Project number: 2021-1-SK01-KA220-HED-000023505 \u00a0 AboutProgramme: Erasmus+Action Type: KA220-HED &#8211; Cooperation Partnerships in Higher EducationCall: 2021Round: Round 1Field: Higher EducationProject Title: Digital Government for Green Municipalities and CitiesProject Acronym: DiGreenDuration: 01. 11. 2021 &hellip; Continued","og_url":"https:\/\/www.upjs.sk\/fakulta-verejnej-spravy\/en\/international-relations\/digreen\/","og_site_name":"Fakulta verejnej spr\u00e1vy | UPJ\u0160","article_modified_time":"2024-02-26T10:31:06+00:00","og_image":[{"width":2560,"height":357,"url":"https:\/\/www.upjs.sk\/app\/uploads\/sites\/12\/2022\/11\/digreen-web-1-scaled.jpg","type":"image\/jpeg"}],"twitter_card":"summary_large_image","twitter_misc":{"Est. reading time":"3 minutes"},"schema":{"@context":"https:\/\/schema.org","@graph":[{"@type":"WebPage","@id":"https:\/\/www.upjs.sk\/fakulta-verejnej-spravy\/en\/international-relations\/digreen\/","url":"https:\/\/www.upjs.sk\/fakulta-verejnej-spravy\/en\/international-relations\/digreen\/","name":"Digital government for green municipalities and cities - Fakulta verejnej spr\u00e1vy | UPJ\u0160","isPartOf":{"@id":"https:\/\/www.upjs.sk\/fakulta-verejnej-spravy\/en\/#website"},"primaryImageOfPage":{"@id":"https:\/\/www.upjs.sk\/fakulta-verejnej-spravy\/en\/international-relations\/digreen\/#primaryimage"},"image":{"@id":"https:\/\/www.upjs.sk\/fakulta-verejnej-spravy\/en\/international-relations\/digreen\/#primaryimage"},"thumbnailUrl":"https:\/\/www.upjs.sk\/app\/uploads\/sites\/12\/2022\/11\/digreen-web-1-scaled.jpg","datePublished":"2022-02-13T22:03:04+00:00","dateModified":"2024-02-26T10:31:06+00:00","breadcrumb":{"@id":"https:\/\/www.upjs.sk\/fakulta-verejnej-spravy\/en\/international-relations\/digreen\/#breadcrumb"},"inLanguage":"en-US","potentialAction":[{"@type":"ReadAction","target":["https:\/\/www.upjs.sk\/fakulta-verejnej-spravy\/en\/international-relations\/digreen\/"]}]},{"@type":"ImageObject","inLanguage":"en-US","@id":"https:\/\/www.upjs.sk\/fakulta-verejnej-spravy\/en\/international-relations\/digreen\/#primaryimage","url":"https:\/\/www.upjs.sk\/app\/uploads\/sites\/12\/2022\/11\/digreen-web-1-scaled.jpg","contentUrl":"https:\/\/www.upjs.sk\/app\/uploads\/sites\/12\/2022\/11\/digreen-web-1-scaled.jpg","width":2560,"height":357,"caption":"DiGreen"},{"@type":"BreadcrumbList","@id":"https:\/\/www.upjs.sk\/fakulta-verejnej-spravy\/en\/international-relations\/digreen\/#breadcrumb","itemListElement":[{"@type":"ListItem","position":1,"name":"Home","item":"https:\/\/www.upjs.sk\/fakulta-verejnej-spravy\/en\/"},{"@type":"ListItem","position":2,"name":"International relations","item":"https:\/\/www.upjs.sk\/fakulta-verejnej-spravy\/en\/international-relations\/"},{"@type":"ListItem","position":3,"name":"Digital government for green municipalities and cities"}]},{"@type":"WebSite","@id":"https:\/\/www.upjs.sk\/fakulta-verejnej-spravy\/en\/#website","url":"https:\/\/www.upjs.sk\/fakulta-verejnej-spravy\/en\/","name":"Fakulta verejnej spr\u00e1vy | UPJ\u0160","description":"","publisher":{"@id":"https:\/\/www.upjs.sk\/fakulta-verejnej-spravy\/en\/#organization"},"potentialAction":[{"@type":"SearchAction","target":{"@type":"EntryPoint","urlTemplate":"https:\/\/www.upjs.sk\/fakulta-verejnej-spravy\/en\/?s={search_term_string}"},"query-input":{"@type":"PropertyValueSpecification","valueRequired":true,"valueName":"search_term_string"}}],"inLanguage":"en-US"},{"@type":"Organization","@id":"https:\/\/www.upjs.sk\/fakulta-verejnej-spravy\/en\/#organization","name":"Fakulta verejnej spr\u00e1vy | UPJ\u0160","url":"https:\/\/www.upjs.sk\/fakulta-verejnej-spravy\/en\/","logo":{"@type":"ImageObject","inLanguage":"en-US","@id":"https:\/\/www.upjs.sk\/fakulta-verejnej-spravy\/en\/#\/schema\/logo\/image\/","url":"https:\/\/www.upjs.sk\/app\/uploads\/sites\/12\/2023\/01\/FVS_ENG_frame.svg","contentUrl":"https:\/\/www.upjs.sk\/app\/uploads\/sites\/12\/2023\/01\/FVS_ENG_frame.svg","width":292,"height":61,"caption":"Fakulta verejnej spr\u00e1vy | UPJ\u0160"},"image":{"@id":"https:\/\/www.upjs.sk\/fakulta-verejnej-spravy\/en\/#\/schema\/logo\/image\/"}}]}},"_links":{"self":[{"href":"https:\/\/www.upjs.sk\/fakulta-verejnej-spravy\/en\/wp-json\/wp\/v2\/pages\/20982","targetHints":{"allow":["GET"]}}],"collection":[{"href":"https:\/\/www.upjs.sk\/fakulta-verejnej-spravy\/en\/wp-json\/wp\/v2\/pages"}],"about":[{"href":"https:\/\/www.upjs.sk\/fakulta-verejnej-spravy\/en\/wp-json\/wp\/v2\/types\/page"}],"author":[{"embeddable":true,"href":"https:\/\/www.upjs.sk\/fakulta-verejnej-spravy\/en\/wp-json\/wp\/v2\/users\/1"}],"replies":[{"embeddable":true,"href":"https:\/\/www.upjs.sk\/fakulta-verejnej-spravy\/en\/wp-json\/wp\/v2\/comments?post=20982"}],"version-history":[{"count":10,"href":"https:\/\/www.upjs.sk\/fakulta-verejnej-spravy\/en\/wp-json\/wp\/v2\/pages\/20982\/revisions"}],"predecessor-version":[{"id":26349,"href":"https:\/\/www.upjs.sk\/fakulta-verejnej-spravy\/en\/wp-json\/wp\/v2\/pages\/20982\/revisions\/26349"}],"up":[{"embeddable":true,"href":"https:\/\/www.upjs.sk\/fakulta-verejnej-spravy\/en\/wp-json\/wp\/v2\/pages\/20978"}],"wp:featuredmedia":[{"embeddable":true,"href":"https:\/\/www.upjs.sk\/fakulta-verejnej-spravy\/en\/wp-json\/wp\/v2\/media\/20993"}],"wp:attachment":[{"href":"https:\/\/www.upjs.sk\/fakulta-verejnej-spravy\/en\/wp-json\/wp\/v2\/media?parent=20982"}],"wp:term":[{"taxonomy":"category","embeddable":true,"href":"https:\/\/www.upjs.sk\/fakulta-verejnej-spravy\/en\/wp-json\/wp\/v2\/categories?post=20982"},{"taxonomy":"post_tag","embeddable":true,"href":"https:\/\/www.upjs.sk\/fakulta-verejnej-spravy\/en\/wp-json\/wp\/v2\/tags?post=20982"}],"curies":[{"name":"wp","href":"https:\/\/api.w.org\/{rel}","templated":true}]}}