{"id":21057,"date":"2022-11-10T13:33:14","date_gmt":"2022-11-10T13:33:14","guid":{"rendered":"https:\/\/www.upjs.sk\/fakulta-verejnej-spravy\/contact\/"},"modified":"2023-08-15T08:37:59","modified_gmt":"2023-08-15T07:37:59","slug":"contacts","status":"publish","type":"page","link":"https:\/\/www.upjs.sk\/fakulta-verejnej-spravy\/en\/contacts\/","title":{"rendered":"Contacts"},"content":{"rendered":"<style>.kb-row-layout-id_4a1a87-ec > .kt-row-column-wrap{align-content:start;}:where(.kb-row-layout-id_4a1a87-ec > .kt-row-column-wrap) > .wp-block-kadence-column{justify-content:start;}.kb-row-layout-id_4a1a87-ec > .kt-row-column-wrap{column-gap:var(--global-kb-gap-md, 2rem);row-gap:var(--global-kb-gap-md, 2rem);padding-top:var(--global-kb-spacing-sm, 1.5rem);padding-bottom:var(--global-kb-spacing-sm, 1.5rem);grid-template-columns:repeat(2, minmax(0, 1fr));}.kb-row-layout-id_4a1a87-ec > .kt-row-layout-overlay{opacity:0.30;}@media all and (max-width: 1024px){.kb-row-layout-id_4a1a87-ec > .kt-row-column-wrap{grid-template-columns:repeat(2, minmax(0, 1fr));}}@media all and (max-width: 767px){.kb-row-layout-id_4a1a87-ec > .kt-row-column-wrap{grid-template-columns:minmax(0, 1fr);}}<\/style><div class=\"kb-row-layout-wrap kb-row-layout-id_4a1a87-ec aligncenter wp-block-kadence-rowlayout\"><div class=\"kt-row-column-wrap kt-has-2-columns kt-row-layout-equal kt-tab-layout-inherit kt-mobile-layout-row kt-row-valign-top\">\n<style>.kadence-column_dd8574-df > .kt-inside-inner-col,.kadence-column_dd8574-df > .kt-inside-inner-col:before{border-top-left-radius:0px;border-top-right-radius:0px;border-bottom-right-radius:0px;border-bottom-left-radius:0px;}.kadence-column_dd8574-df > .kt-inside-inner-col{column-gap:var(--global-kb-gap-sm, 1rem);}.kadence-column_dd8574-df > .kt-inside-inner-col{flex-direction:column;}.kadence-column_dd8574-df > .kt-inside-inner-col > .aligncenter{width:100%;}.kadence-column_dd8574-df > .kt-inside-inner-col:before{opacity:0.3;}.kadence-column_dd8574-df{position:relative;}@media all and (max-width: 1024px){.kadence-column_dd8574-df > .kt-inside-inner-col{flex-direction:column;justify-content:center;}}@media all and (max-width: 767px){.kadence-column_dd8574-df > .kt-inside-inner-col{flex-direction:column;justify-content:center;}}<\/style>\n<div class=\"wp-block-kadence-column kadence-column_dd8574-df inner-column-1\"><div class=\"kt-inside-inner-col\">\n<p><strong data-rich-text-format-boundary=\"true\">Address of the faculty seat:<br \/><\/strong>Fakulta verejnej spr\u00e1vy UPJ\u0160 v Ko\u0161iciach<br data-rich-text-line-break=\"true\" \/>Popradsk\u00e1 66<br data-rich-text-line-break=\"true\" \/>040 11 Ko\u0161ice<\/p>\n<p><strong>Postal address of the faculty:<\/strong><br \/>Fakulta verejnej spr\u00e1vy UPJ\u0160 v Ko\u0161iciach<br \/>P.O.Box C-2<br \/>041 32 Ko\u0161ice<\/p>\n<p><strong data-rich-text-format-boundary=\"true\">Dean&#8217;s Office:<\/strong><br data-rich-text-line-break=\"true\" \/>Telef\u00f3n: +421 55 234 5100<br data-rich-text-line-break=\"true\" \/>e-mail: fvs-vzdelavanie@upjs.sk<\/p>\n<p><strong>Study Department:<\/strong><br \/>Telephone Nos: +421 55 234 5181, +421 55 234 5182,<br \/>+421 55 234 5105<br \/>e-mail: fvs-vzdelavanie@upjs.sk<\/p>\n\n\n\n<p>Addresses for official correspondence you can find in sections <br><a href=\"https:\/\/www.upjs.sk\/fakulta-verejnej-spravy\/en\/faculty-bodies\/\" class=\"ek-link\">Faculty Bodies<\/a> a <a href=\"https:\/\/www.upjs.sk\/fakulta-verejnej-spravy\/en\/pracoviska\/deans-office\/\" class=\"ek-link\">Dean&#8217;s Office<\/a>. <\/p>\n\n\n\n<p><a aria-label=\"Telefonick\u00e9 kontakty (opens in a new tab)\" href=\"https:\/\/voip.upjs.sk\/?find=5\" target=\"_blank\" rel=\"noreferrer noopener\" class=\"ek-link\">Telephnic contacts<\/a>.<\/p>\n\n\n\n<p><strong>Identification and Invoicing Data<\/strong><br>ID: 00397768 <br>VAT ID: SK2021157050 <br>Tax ID: 2021157050<\/p>\n\n\n\n<p><strong>UPJ\u0160 Electronic Mailbox<\/strong><br>Number of electronic mailbox for correspondence by Central Public Administration Portal is E0005755501.<\/p>\n\n\n\n<p><\/p>\n<\/div><\/div>\n\n\n<style>.kadence-column_3f8ced-d1 > .kt-inside-inner-col,.kadence-column_3f8ced-d1 > .kt-inside-inner-col:before{border-top-left-radius:0px;border-top-right-radius:0px;border-bottom-right-radius:0px;border-bottom-left-radius:0px;}.kadence-column_3f8ced-d1 > .kt-inside-inner-col{column-gap:var(--global-kb-gap-sm, 1rem);}.kadence-column_3f8ced-d1 > .kt-inside-inner-col{flex-direction:column;}.kadence-column_3f8ced-d1 > .kt-inside-inner-col > .aligncenter{width:100%;}.kadence-column_3f8ced-d1 > .kt-inside-inner-col:before{opacity:0.3;}.kadence-column_3f8ced-d1{position:relative;}@media all and (max-width: 1024px){.kadence-column_3f8ced-d1 > .kt-inside-inner-col{flex-direction:column;justify-content:center;}}@media all and (max-width: 767px){.kadence-column_3f8ced-d1 > .kt-inside-inner-col{flex-direction:column;justify-content:center;}}<\/style>\n<div class=\"wp-block-kadence-column kadence-column_3f8ced-d1 inner-column-2\"><div class=\"kt-inside-inner-col\">\n<p class=\"has-text-align-center has-medium-font-size\"><strong><a href=\"http:\/\/tm3.co\/8fnL3Y\" target=\"_blank\" aria-label=\" (opens in a new tab)\" rel=\"noreferrer noopener\" class=\"ek-link\">How to find us<\/a><\/strong><\/p>\n\n\n\n<figure class=\"wp-block-image aligncenter size-full\"><a href=\"http:\/\/tm3.co\/8fnL3Y\" target=\"_blank\" rel=\"noreferrer noopener\"><img loading=\"lazy\" decoding=\"async\" width=\"519\" height=\"466\" src=\"https:\/\/www.upjs.sk\/app\/uploads\/sites\/12\/2023\/03\/FVS-contacts-map-en.png\" alt=\"\" class=\"wp-image-23474\" srcset=\"https:\/\/www.upjs.sk\/app\/uploads\/sites\/12\/2023\/03\/FVS-contacts-map-en.png 519w, https:\/\/www.upjs.sk\/app\/uploads\/sites\/12\/2023\/03\/FVS-contacts-map-en-300x269.png 300w\" sizes=\"auto, (max-width: 519px) 100vw, 519px\" \/><\/a><\/figure>\n<\/div><\/div>\n\n<\/div><\/div>","protected":false},"excerpt":{"rendered":"<p>Address of the faculty seat:Fakulta verejnej spr\u00e1vy UPJ\u0160 v Ko\u0161iciachPopradsk\u00e1 66040 11 Ko\u0161ice Postal address of the faculty:Fakulta verejnej spr\u00e1vy UPJ\u0160 v Ko\u0161iciachP.O.Box C-2041 32 Ko\u0161ice Dean&#8217;s Office:Telef\u00f3n: +421 55 234 5100e-mail: fvs-vzdelavanie@upjs.sk Study Department:Telephone Nos: +421 55 234 5181, +421 55 234 5182,+421 55 234 5105e-mail: fvs-vzdelavanie@upjs.sk Addresses for official correspondence you can find &hellip; <a href=\"https:\/\/www.upjs.sk\/fakulta-verejnej-spravy\/en\/contacts\/\">Continued<\/a><\/p>\n","protected":false},"author":20,"featured_media":0,"parent":0,"menu_order":41,"comment_status":"closed","ping_status":"closed","template":"","meta":{"_acf_changed":false,"_editorskit_title_hidden":false,"_editorskit_reading_time":1,"_editorskit_is_block_options_detached":false,"_editorskit_block_options_position":"{}","footnotes":""},"categories":[],"tags":[],"class_list":["post-21057","page","type-page","status-publish","hentry"],"acf":{"acf_link_na_externy_obsah":""},"yoast_head":"<!-- This site is optimized with the Yoast SEO plugin v27.4 - https:\/\/yoast.com\/product\/yoast-seo-wordpress\/ -->\n<title>Contacts - Fakulta verejnej spr\u00e1vy | UPJ\u0160<\/title>\n<meta name=\"robots\" content=\"index, follow, max-snippet:-1, max-image-preview:large, max-video-preview:-1\" \/>\n<link rel=\"canonical\" href=\"https:\/\/www.upjs.sk\/fakulta-verejnej-spravy\/en\/contacts\/\" \/>\n<meta property=\"og:locale\" content=\"en_US\" \/>\n<meta property=\"og:type\" content=\"article\" \/>\n<meta property=\"og:title\" content=\"Contacts - Fakulta verejnej spr\u00e1vy | UPJ\u0160\" \/>\n<meta property=\"og:description\" content=\"Address of the faculty seat:Fakulta verejnej spr\u00e1vy UPJ\u0160 v Ko\u0161iciachPopradsk\u00e1 66040 11 Ko\u0161ice Postal address of the faculty:Fakulta verejnej spr\u00e1vy UPJ\u0160 v Ko\u0161iciachP.O.Box C-2041 32 Ko\u0161ice Dean&#8217;s Office:Telef\u00f3n: +421 55 234 5100e-mail: fvs-vzdelavanie@upjs.sk Study Department:Telephone Nos: +421 55 234 5181, +421 55 234 5182,+421 55 234 5105e-mail: fvs-vzdelavanie@upjs.sk Addresses for official correspondence you can find &hellip; Continued\" \/>\n<meta property=\"og:url\" content=\"https:\/\/www.upjs.sk\/fakulta-verejnej-spravy\/en\/contacts\/\" \/>\n<meta property=\"og:site_name\" content=\"Fakulta verejnej spr\u00e1vy | UPJ\u0160\" \/>\n<meta property=\"article:modified_time\" content=\"2023-08-15T07:37:59+00:00\" \/>\n<meta property=\"og:image\" content=\"https:\/\/www.upjs.sk\/app\/uploads\/sites\/12\/2023\/03\/FVS-contacts-map-en.png\" \/>\n<meta name=\"twitter:card\" content=\"summary_large_image\" \/>\n<meta name=\"twitter:label1\" content=\"Est. reading time\" \/>\n\t<meta name=\"twitter:data1\" content=\"1 minute\" \/>\n<script type=\"application\/ld+json\" class=\"yoast-schema-graph\">{\"@context\":\"https:\\\/\\\/schema.org\",\"@graph\":[{\"@type\":\"WebPage\",\"@id\":\"https:\\\/\\\/www.upjs.sk\\\/fakulta-verejnej-spravy\\\/en\\\/contacts\\\/\",\"url\":\"https:\\\/\\\/www.upjs.sk\\\/fakulta-verejnej-spravy\\\/en\\\/contacts\\\/\",\"name\":\"Contacts - Fakulta verejnej spr\u00e1vy | UPJ\u0160\",\"isPartOf\":{\"@id\":\"https:\\\/\\\/www.upjs.sk\\\/fakulta-verejnej-spravy\\\/en\\\/#website\"},\"primaryImageOfPage\":{\"@id\":\"https:\\\/\\\/www.upjs.sk\\\/fakulta-verejnej-spravy\\\/en\\\/contacts\\\/#primaryimage\"},\"image\":{\"@id\":\"https:\\\/\\\/www.upjs.sk\\\/fakulta-verejnej-spravy\\\/en\\\/contacts\\\/#primaryimage\"},\"thumbnailUrl\":\"https:\\\/\\\/www.upjs.sk\\\/app\\\/uploads\\\/sites\\\/12\\\/2023\\\/03\\\/FVS-contacts-map-en.png\",\"datePublished\":\"2022-11-10T13:33:14+00:00\",\"dateModified\":\"2023-08-15T07:37:59+00:00\",\"breadcrumb\":{\"@id\":\"https:\\\/\\\/www.upjs.sk\\\/fakulta-verejnej-spravy\\\/en\\\/contacts\\\/#breadcrumb\"},\"inLanguage\":\"en-US\",\"potentialAction\":[{\"@type\":\"ReadAction\",\"target\":[\"https:\\\/\\\/www.upjs.sk\\\/fakulta-verejnej-spravy\\\/en\\\/contacts\\\/\"]}]},{\"@type\":\"ImageObject\",\"inLanguage\":\"en-US\",\"@id\":\"https:\\\/\\\/www.upjs.sk\\\/fakulta-verejnej-spravy\\\/en\\\/contacts\\\/#primaryimage\",\"url\":\"https:\\\/\\\/www.upjs.sk\\\/app\\\/uploads\\\/sites\\\/12\\\/2023\\\/03\\\/FVS-contacts-map-en.png\",\"contentUrl\":\"https:\\\/\\\/www.upjs.sk\\\/app\\\/uploads\\\/sites\\\/12\\\/2023\\\/03\\\/FVS-contacts-map-en.png\"},{\"@type\":\"BreadcrumbList\",\"@id\":\"https:\\\/\\\/www.upjs.sk\\\/fakulta-verejnej-spravy\\\/en\\\/contacts\\\/#breadcrumb\",\"itemListElement\":[{\"@type\":\"ListItem\",\"position\":1,\"name\":\"Home\",\"item\":\"https:\\\/\\\/www.upjs.sk\\\/fakulta-verejnej-spravy\\\/en\\\/\"},{\"@type\":\"ListItem\",\"position\":2,\"name\":\"Contacts\"}]},{\"@type\":\"WebSite\",\"@id\":\"https:\\\/\\\/www.upjs.sk\\\/fakulta-verejnej-spravy\\\/en\\\/#website\",\"url\":\"https:\\\/\\\/www.upjs.sk\\\/fakulta-verejnej-spravy\\\/en\\\/\",\"name\":\"Fakulta verejnej spr\u00e1vy | UPJ\u0160\",\"description\":\"\",\"publisher\":{\"@id\":\"https:\\\/\\\/www.upjs.sk\\\/fakulta-verejnej-spravy\\\/en\\\/#organization\"},\"potentialAction\":[{\"@type\":\"SearchAction\",\"target\":{\"@type\":\"EntryPoint\",\"urlTemplate\":\"https:\\\/\\\/www.upjs.sk\\\/fakulta-verejnej-spravy\\\/en\\\/?s={search_term_string}\"},\"query-input\":{\"@type\":\"PropertyValueSpecification\",\"valueRequired\":true,\"valueName\":\"search_term_string\"}}],\"inLanguage\":\"en-US\"},{\"@type\":\"Organization\",\"@id\":\"https:\\\/\\\/www.upjs.sk\\\/fakulta-verejnej-spravy\\\/en\\\/#organization\",\"name\":\"Fakulta verejnej spr\u00e1vy | UPJ\u0160\",\"url\":\"https:\\\/\\\/www.upjs.sk\\\/fakulta-verejnej-spravy\\\/en\\\/\",\"logo\":{\"@type\":\"ImageObject\",\"inLanguage\":\"en-US\",\"@id\":\"https:\\\/\\\/www.upjs.sk\\\/fakulta-verejnej-spravy\\\/en\\\/#\\\/schema\\\/logo\\\/image\\\/\",\"url\":\"https:\\\/\\\/www.upjs.sk\\\/app\\\/uploads\\\/sites\\\/12\\\/2023\\\/01\\\/FVS_ENG_frame.svg\",\"contentUrl\":\"https:\\\/\\\/www.upjs.sk\\\/app\\\/uploads\\\/sites\\\/12\\\/2023\\\/01\\\/FVS_ENG_frame.svg\",\"width\":292,\"height\":61,\"caption\":\"Fakulta verejnej spr\u00e1vy | UPJ\u0160\"},\"image\":{\"@id\":\"https:\\\/\\\/www.upjs.sk\\\/fakulta-verejnej-spravy\\\/en\\\/#\\\/schema\\\/logo\\\/image\\\/\"}}]}<\/script>\n<!-- \/ Yoast SEO plugin. -->","yoast_head_json":{"title":"Contacts - Fakulta verejnej spr\u00e1vy | UPJ\u0160","robots":{"index":"index","follow":"follow","max-snippet":"max-snippet:-1","max-image-preview":"max-image-preview:large","max-video-preview":"max-video-preview:-1"},"canonical":"https:\/\/www.upjs.sk\/fakulta-verejnej-spravy\/en\/contacts\/","og_locale":"en_US","og_type":"article","og_title":"Contacts - Fakulta verejnej spr\u00e1vy | UPJ\u0160","og_description":"Address of the faculty seat:Fakulta verejnej spr\u00e1vy UPJ\u0160 v Ko\u0161iciachPopradsk\u00e1 66040 11 Ko\u0161ice Postal address of the faculty:Fakulta verejnej spr\u00e1vy UPJ\u0160 v Ko\u0161iciachP.O.Box C-2041 32 Ko\u0161ice Dean&#8217;s Office:Telef\u00f3n: +421 55 234 5100e-mail: fvs-vzdelavanie@upjs.sk Study Department:Telephone Nos: +421 55 234 5181, +421 55 234 5182,+421 55 234 5105e-mail: fvs-vzdelavanie@upjs.sk Addresses for official correspondence you can find &hellip; Continued","og_url":"https:\/\/www.upjs.sk\/fakulta-verejnej-spravy\/en\/contacts\/","og_site_name":"Fakulta verejnej spr\u00e1vy | UPJ\u0160","article_modified_time":"2023-08-15T07:37:59+00:00","og_image":[{"url":"https:\/\/www.upjs.sk\/app\/uploads\/sites\/12\/2023\/03\/FVS-contacts-map-en.png","type":"","width":"","height":""}],"twitter_card":"summary_large_image","twitter_misc":{"Est. reading time":"1 minute"},"schema":{"@context":"https:\/\/schema.org","@graph":[{"@type":"WebPage","@id":"https:\/\/www.upjs.sk\/fakulta-verejnej-spravy\/en\/contacts\/","url":"https:\/\/www.upjs.sk\/fakulta-verejnej-spravy\/en\/contacts\/","name":"Contacts - Fakulta verejnej spr\u00e1vy | UPJ\u0160","isPartOf":{"@id":"https:\/\/www.upjs.sk\/fakulta-verejnej-spravy\/en\/#website"},"primaryImageOfPage":{"@id":"https:\/\/www.upjs.sk\/fakulta-verejnej-spravy\/en\/contacts\/#primaryimage"},"image":{"@id":"https:\/\/www.upjs.sk\/fakulta-verejnej-spravy\/en\/contacts\/#primaryimage"},"thumbnailUrl":"https:\/\/www.upjs.sk\/app\/uploads\/sites\/12\/2023\/03\/FVS-contacts-map-en.png","datePublished":"2022-11-10T13:33:14+00:00","dateModified":"2023-08-15T07:37:59+00:00","breadcrumb":{"@id":"https:\/\/www.upjs.sk\/fakulta-verejnej-spravy\/en\/contacts\/#breadcrumb"},"inLanguage":"en-US","potentialAction":[{"@type":"ReadAction","target":["https:\/\/www.upjs.sk\/fakulta-verejnej-spravy\/en\/contacts\/"]}]},{"@type":"ImageObject","inLanguage":"en-US","@id":"https:\/\/www.upjs.sk\/fakulta-verejnej-spravy\/en\/contacts\/#primaryimage","url":"https:\/\/www.upjs.sk\/app\/uploads\/sites\/12\/2023\/03\/FVS-contacts-map-en.png","contentUrl":"https:\/\/www.upjs.sk\/app\/uploads\/sites\/12\/2023\/03\/FVS-contacts-map-en.png"},{"@type":"BreadcrumbList","@id":"https:\/\/www.upjs.sk\/fakulta-verejnej-spravy\/en\/contacts\/#breadcrumb","itemListElement":[{"@type":"ListItem","position":1,"name":"Home","item":"https:\/\/www.upjs.sk\/fakulta-verejnej-spravy\/en\/"},{"@type":"ListItem","position":2,"name":"Contacts"}]},{"@type":"WebSite","@id":"https:\/\/www.upjs.sk\/fakulta-verejnej-spravy\/en\/#website","url":"https:\/\/www.upjs.sk\/fakulta-verejnej-spravy\/en\/","name":"Fakulta verejnej spr\u00e1vy | UPJ\u0160","description":"","publisher":{"@id":"https:\/\/www.upjs.sk\/fakulta-verejnej-spravy\/en\/#organization"},"potentialAction":[{"@type":"SearchAction","target":{"@type":"EntryPoint","urlTemplate":"https:\/\/www.upjs.sk\/fakulta-verejnej-spravy\/en\/?s={search_term_string}"},"query-input":{"@type":"PropertyValueSpecification","valueRequired":true,"valueName":"search_term_string"}}],"inLanguage":"en-US"},{"@type":"Organization","@id":"https:\/\/www.upjs.sk\/fakulta-verejnej-spravy\/en\/#organization","name":"Fakulta verejnej spr\u00e1vy | UPJ\u0160","url":"https:\/\/www.upjs.sk\/fakulta-verejnej-spravy\/en\/","logo":{"@type":"ImageObject","inLanguage":"en-US","@id":"https:\/\/www.upjs.sk\/fakulta-verejnej-spravy\/en\/#\/schema\/logo\/image\/","url":"https:\/\/www.upjs.sk\/app\/uploads\/sites\/12\/2023\/01\/FVS_ENG_frame.svg","contentUrl":"https:\/\/www.upjs.sk\/app\/uploads\/sites\/12\/2023\/01\/FVS_ENG_frame.svg","width":292,"height":61,"caption":"Fakulta verejnej spr\u00e1vy | UPJ\u0160"},"image":{"@id":"https:\/\/www.upjs.sk\/fakulta-verejnej-spravy\/en\/#\/schema\/logo\/image\/"}}]}},"_links":{"self":[{"href":"https:\/\/www.upjs.sk\/fakulta-verejnej-spravy\/en\/wp-json\/wp\/v2\/pages\/21057","targetHints":{"allow":["GET"]}}],"collection":[{"href":"https:\/\/www.upjs.sk\/fakulta-verejnej-spravy\/en\/wp-json\/wp\/v2\/pages"}],"about":[{"href":"https:\/\/www.upjs.sk\/fakulta-verejnej-spravy\/en\/wp-json\/wp\/v2\/types\/page"}],"author":[{"embeddable":true,"href":"https:\/\/www.upjs.sk\/fakulta-verejnej-spravy\/en\/wp-json\/wp\/v2\/users\/20"}],"replies":[{"embeddable":true,"href":"https:\/\/www.upjs.sk\/fakulta-verejnej-spravy\/en\/wp-json\/wp\/v2\/comments?post=21057"}],"version-history":[{"count":18,"href":"https:\/\/www.upjs.sk\/fakulta-verejnej-spravy\/en\/wp-json\/wp\/v2\/pages\/21057\/revisions"}],"predecessor-version":[{"id":24825,"href":"https:\/\/www.upjs.sk\/fakulta-verejnej-spravy\/en\/wp-json\/wp\/v2\/pages\/21057\/revisions\/24825"}],"wp:attachment":[{"href":"https:\/\/www.upjs.sk\/fakulta-verejnej-spravy\/en\/wp-json\/wp\/v2\/media?parent=21057"}],"wp:term":[{"taxonomy":"category","embeddable":true,"href":"https:\/\/www.upjs.sk\/fakulta-verejnej-spravy\/en\/wp-json\/wp\/v2\/categories?post=21057"},{"taxonomy":"post_tag","embeddable":true,"href":"https:\/\/www.upjs.sk\/fakulta-verejnej-spravy\/en\/wp-json\/wp\/v2\/tags?post=21057"}],"curies":[{"name":"wp","href":"https:\/\/api.w.org\/{rel}","templated":true}]}}