{"id":21072,"date":"2016-01-08T14:23:29","date_gmt":"2016-01-08T14:23:29","guid":{"rendered":"https:\/\/www.upjs.sk\/fakulta-verejnej-spravy\/foreign-relations\/3847-2\/"},"modified":"2016-01-08T14:23:29","modified_gmt":"2016-01-08T14:23:29","slug":"3847-2","status":"publish","type":"page","link":"https:\/\/www.upjs.sk\/fakulta-verejnej-spravy\/en\/international-relations\/3847-2\/","title":{"rendered":"Lifelong Learning Program \/ Erasmus"},"content":{"rendered":"<p><strong>Description of Course Units for 2015\/2016:<\/strong><\/p>\n<ol>\n<li><a href=\"\/public\/files\/FVS\/Erasmus\/Economic_Theories.pdf\">Economic Theories <\/a><\/li>\n<li><a href=\"\/public\/files\/FVS\/Erasmus\/Economic_Policy.pdf\">Economic Policy <\/a><\/li>\n<li><a href=\"\/public\/files\/FVS\/Erasmus\/Financial_Law.pdf\" target=\"_blank\" rel=\"noopener\">Financial Law<\/a><\/li>\n<li><a href=\"\/public\/files\/FVS\/Erasmus\/Tax_Law.pdf\" target=\"_blank\" rel=\"noopener\">Tax Law<\/a><\/li>\n<li><a href=\"\/public\/files\/FVS\/Erasmus\/NPO_and_Civic_Society.pdf\">Non-Profit Organizations and Civic Society<\/a><\/li>\n<li><a href=\"\/public\/files\/FVS\/Erasmus\/Communication_in_International_Relations.pdf\">Communication in International Relations<\/a><\/li>\n<li><a href=\"\/public\/files\/FVS\/Erasmus\/Intercultural_Communication.pdf\">Intercultural Communication<\/a><\/li>\n<li><a href=\"\/public\/files\/FVS\/Erasmus\/International_Economic_Relations.pdf\" target=\"_blank\" rel=\"noopener\">International Economic Relations<\/a><\/li>\n<li><a href=\"\/public\/files\/FVS\/Erasmus\/Social_Psychology.pdf\">Social Psychology\u00a0 <\/a><\/li>\n<li><a href=\"\/public\/files\/FVS\/Erasmus\/Statistics.pdf\" target=\"_blank\" rel=\"noopener\">Statistics<\/a><\/li>\n<li><a href=\"\/public\/files\/FVS\/Erasmus\/Political_Dimension_of_Civil_Society.pdf\">Political Dimension of Civic Society<\/a><\/li>\n<li><a href=\"\/public\/files\/FVS\/Erasmus\/Psychology_of_Cultural_and_Ethnic_Diversity.pdf\">Psychology of Cultural and Ethnic Diversity<\/a><\/li>\n<li><a href=\"\/public\/files\/FVS\/Erasmus\/Psychology.pdf\">Psychology<\/a><\/li>\n<li><a href=\"\/public\/files\/FVS\/Erasmus\/Decision-Making_Methods.pdf\">Decision-Making Methods<\/a><\/li>\n<li><a href=\"\/public\/files\/FVS\/Erasmus\/Public_Finance.pdf\">Public Finance<\/a><\/li>\n<\/ol>\n<p>\u00a0<\/p>\n<p style=\"text-align: justify;\"><strong>APPLICATION PROCEDURE FOR INCOMING ERASMUS STUDENTS<\/strong><\/p>\n<p style=\"text-align: justify;\">Before you come to study to Pavol Jozef \u0160af\u00e1rik University in Ko\u0161ice,\u00a0you have to get\u00a0through some procedure:<\/p>\n<p style=\"text-align: justify;\">1.\u00a0\u00a0\u00a0 Contact International Relations Office of your home University and find out whether your department or University has a Bilateral Agreement with Pavol Jozef \u0160af\u00e1rik University in Ko\u0161ice for the respective academic year. You can also refer to our list of Partner Universities (<a href=\"\/en\/university\/international-relations\/partner-universities\/\">Partner Universities according to Countries<\/a>, <a href=\"\/en\/university\/international-relations\/partner-universities-according-to-field-of-study\/\">Partner Universities according to Field of Study<\/a>).<\/p>\n<p style=\"text-align: justify;\">2.\u00a0\u00a0\u00a0 If your department or university has a Bilateral Agreement with Pavol Jozef \u0160af\u00e1rik University in Ko\u0161ice and you have been officially nominated by your home University as Socrates Erasmus Student, print and fill in the <a href=\"\/public\/media\/2141\/student-application-form.doc\" target=\"_blank\" rel=\"noopener\">Student Application Form<\/a>. For further information about your study programme, please look at the relevant <a href=\"\/en\/university\/international-relations\/ects\/\">ECTS Information Package<\/a>, contact the responsible <a href=\"\/en\/university\/international-relations\/coordinator\/\">Departmental Erasmus Coordinator<\/a> of our University and print and fill in <a href=\"\/public\/media\/2141\/learning-agreement.doc\" target=\"_blank\" rel=\"noopener\">Learning Agreement Form<\/a>. Learning Agreement Form is to be confirmed\/signed by Institutional and Departmental Socrates Erasmus Coordinator of your home University. If you wish to use the <a href=\"\/en\/departments\/tudent-hostel-and-canteen\/\">University Accommodation facilities<\/a>, please print out and fill in the <a href=\"\/public\/media\/2141\/application-for-accomodation.doc\" target=\"_blank\" rel=\"noopener\">Accommodation Application Form<\/a>.\u00a0<\/p>\n<p style=\"text-align: justify;\">3.\u00a0\u00a0\u00a0 Send all forms (Student Application Form, Learning Agreement and Accommodation Application Form) to us via <a href=\"\/en\/university\/international-relations\/email-fax-post\/\">e-mail, fax or post<\/a>. Deadlines for applications are June 30th for Winter Semester and November 30th for Summer Semester.<\/p>\n<p style=\"text-align: justify;\">4.\u00a0\u00a0\u00a0 Copies of all documents approved by our University will be sent by fax or e-mail to your home University (IRO). Our LLP\/Erasmus Coordinator will also inform you without delay by e-mail about acceptance for a study programme and about your accommodation.<\/p>\n<p>\u00a0<\/p>\n<p><span style=\"font-size:small\"><span style=\"color:#000080\"><strong><span style=\"font-family:arial,sans-serif; font-weight:normal\">more information <a href=\"\/en\/university\/international-relations\/application-procedure\/\">here<\/a><\/span><\/strong><\/span><\/span><\/p>\n<p>\u00a0<\/p>\n<p>\u00a0<\/p>\n","protected":false},"excerpt":{"rendered":"<p>Description of Course Units for 2015\/2016: Economic Theories Economic Policy Financial Law Tax Law Non-Profit Organizations and Civic Society Communication in International Relations Intercultural Communication International Economic Relations Social Psychology\u00a0 Statistics Political Dimension of Civic Society Psychology of Cultural and Ethnic Diversity Psychology Decision-Making Methods Public Finance \u00a0 APPLICATION PROCEDURE FOR INCOMING ERASMUS STUDENTS Before &hellip; <a href=\"https:\/\/www.upjs.sk\/fakulta-verejnej-spravy\/en\/international-relations\/3847-2\/\">Continued<\/a><\/p>\n","protected":false},"author":1,"featured_media":0,"parent":20978,"menu_order":8,"comment_status":"closed","ping_status":"closed","template":"","meta":{"_acf_changed":false,"_editorskit_title_hidden":false,"_editorskit_reading_time":0,"_editorskit_is_block_options_detached":false,"_editorskit_block_options_position":"{}","footnotes":""},"categories":[],"tags":[],"class_list":["post-21072","page","type-page","status-publish","hentry"],"acf":{"acf_link_na_externy_obsah":""},"yoast_head":"<!-- This site is optimized with the Yoast SEO plugin v27.4 - https:\/\/yoast.com\/product\/yoast-seo-wordpress\/ -->\n<title>Lifelong Learning Program \/ Erasmus - Fakulta verejnej spr\u00e1vy | UPJ\u0160<\/title>\n<meta name=\"robots\" content=\"index, follow, max-snippet:-1, max-image-preview:large, max-video-preview:-1\" \/>\n<link rel=\"canonical\" href=\"https:\/\/www.upjs.sk\/fakulta-verejnej-spravy\/en\/international-relations\/3847-2\/\" \/>\n<meta property=\"og:locale\" content=\"en_US\" \/>\n<meta property=\"og:type\" content=\"article\" \/>\n<meta property=\"og:title\" content=\"Lifelong Learning Program \/ Erasmus - Fakulta verejnej spr\u00e1vy | UPJ\u0160\" \/>\n<meta property=\"og:description\" content=\"Description of Course Units for 2015\/2016: Economic Theories Economic Policy Financial Law Tax Law Non-Profit Organizations and Civic Society Communication in International Relations Intercultural Communication International Economic Relations Social Psychology\u00a0 Statistics Political Dimension of Civic Society Psychology of Cultural and Ethnic Diversity Psychology Decision-Making Methods Public Finance \u00a0 APPLICATION PROCEDURE FOR INCOMING ERASMUS STUDENTS Before &hellip; Continued\" \/>\n<meta property=\"og:url\" content=\"https:\/\/www.upjs.sk\/fakulta-verejnej-spravy\/en\/international-relations\/3847-2\/\" \/>\n<meta property=\"og:site_name\" content=\"Fakulta verejnej spr\u00e1vy | UPJ\u0160\" \/>\n<meta name=\"twitter:card\" content=\"summary_large_image\" \/>\n<meta name=\"twitter:label1\" content=\"Est. reading time\" \/>\n\t<meta name=\"twitter:data1\" content=\"2 minutes\" \/>\n<script type=\"application\/ld+json\" class=\"yoast-schema-graph\">{\"@context\":\"https:\\\/\\\/schema.org\",\"@graph\":[{\"@type\":\"WebPage\",\"@id\":\"https:\\\/\\\/www.upjs.sk\\\/fakulta-verejnej-spravy\\\/en\\\/international-relations\\\/3847-2\\\/\",\"url\":\"https:\\\/\\\/www.upjs.sk\\\/fakulta-verejnej-spravy\\\/en\\\/international-relations\\\/3847-2\\\/\",\"name\":\"Lifelong Learning Program \\\/ Erasmus - Fakulta verejnej spr\u00e1vy | UPJ\u0160\",\"isPartOf\":{\"@id\":\"https:\\\/\\\/www.upjs.sk\\\/fakulta-verejnej-spravy\\\/en\\\/#website\"},\"datePublished\":\"2016-01-08T14:23:29+00:00\",\"breadcrumb\":{\"@id\":\"https:\\\/\\\/www.upjs.sk\\\/fakulta-verejnej-spravy\\\/en\\\/international-relations\\\/3847-2\\\/#breadcrumb\"},\"inLanguage\":\"en-US\",\"potentialAction\":[{\"@type\":\"ReadAction\",\"target\":[\"https:\\\/\\\/www.upjs.sk\\\/fakulta-verejnej-spravy\\\/en\\\/international-relations\\\/3847-2\\\/\"]}]},{\"@type\":\"BreadcrumbList\",\"@id\":\"https:\\\/\\\/www.upjs.sk\\\/fakulta-verejnej-spravy\\\/en\\\/international-relations\\\/3847-2\\\/#breadcrumb\",\"itemListElement\":[{\"@type\":\"ListItem\",\"position\":1,\"name\":\"Home\",\"item\":\"https:\\\/\\\/www.upjs.sk\\\/fakulta-verejnej-spravy\\\/en\\\/\"},{\"@type\":\"ListItem\",\"position\":2,\"name\":\"International relations\",\"item\":\"https:\\\/\\\/www.upjs.sk\\\/fakulta-verejnej-spravy\\\/en\\\/international-relations\\\/\"},{\"@type\":\"ListItem\",\"position\":3,\"name\":\"Lifelong Learning Program \\\/ Erasmus\"}]},{\"@type\":\"WebSite\",\"@id\":\"https:\\\/\\\/www.upjs.sk\\\/fakulta-verejnej-spravy\\\/en\\\/#website\",\"url\":\"https:\\\/\\\/www.upjs.sk\\\/fakulta-verejnej-spravy\\\/en\\\/\",\"name\":\"Fakulta verejnej spr\u00e1vy | UPJ\u0160\",\"description\":\"\",\"publisher\":{\"@id\":\"https:\\\/\\\/www.upjs.sk\\\/fakulta-verejnej-spravy\\\/en\\\/#organization\"},\"potentialAction\":[{\"@type\":\"SearchAction\",\"target\":{\"@type\":\"EntryPoint\",\"urlTemplate\":\"https:\\\/\\\/www.upjs.sk\\\/fakulta-verejnej-spravy\\\/en\\\/?s={search_term_string}\"},\"query-input\":{\"@type\":\"PropertyValueSpecification\",\"valueRequired\":true,\"valueName\":\"search_term_string\"}}],\"inLanguage\":\"en-US\"},{\"@type\":\"Organization\",\"@id\":\"https:\\\/\\\/www.upjs.sk\\\/fakulta-verejnej-spravy\\\/en\\\/#organization\",\"name\":\"Fakulta verejnej spr\u00e1vy | UPJ\u0160\",\"url\":\"https:\\\/\\\/www.upjs.sk\\\/fakulta-verejnej-spravy\\\/en\\\/\",\"logo\":{\"@type\":\"ImageObject\",\"inLanguage\":\"en-US\",\"@id\":\"https:\\\/\\\/www.upjs.sk\\\/fakulta-verejnej-spravy\\\/en\\\/#\\\/schema\\\/logo\\\/image\\\/\",\"url\":\"https:\\\/\\\/www.upjs.sk\\\/app\\\/uploads\\\/sites\\\/12\\\/2023\\\/01\\\/FVS_ENG_frame.svg\",\"contentUrl\":\"https:\\\/\\\/www.upjs.sk\\\/app\\\/uploads\\\/sites\\\/12\\\/2023\\\/01\\\/FVS_ENG_frame.svg\",\"width\":292,\"height\":61,\"caption\":\"Fakulta verejnej spr\u00e1vy | UPJ\u0160\"},\"image\":{\"@id\":\"https:\\\/\\\/www.upjs.sk\\\/fakulta-verejnej-spravy\\\/en\\\/#\\\/schema\\\/logo\\\/image\\\/\"}}]}<\/script>\n<!-- \/ Yoast SEO plugin. -->","yoast_head_json":{"title":"Lifelong Learning Program \/ Erasmus - Fakulta verejnej spr\u00e1vy | UPJ\u0160","robots":{"index":"index","follow":"follow","max-snippet":"max-snippet:-1","max-image-preview":"max-image-preview:large","max-video-preview":"max-video-preview:-1"},"canonical":"https:\/\/www.upjs.sk\/fakulta-verejnej-spravy\/en\/international-relations\/3847-2\/","og_locale":"en_US","og_type":"article","og_title":"Lifelong Learning Program \/ Erasmus - Fakulta verejnej spr\u00e1vy | UPJ\u0160","og_description":"Description of Course Units for 2015\/2016: Economic Theories Economic Policy Financial Law Tax Law Non-Profit Organizations and Civic Society Communication in International Relations Intercultural Communication International Economic Relations Social Psychology\u00a0 Statistics Political Dimension of Civic Society Psychology of Cultural and Ethnic Diversity Psychology Decision-Making Methods Public Finance \u00a0 APPLICATION PROCEDURE FOR INCOMING ERASMUS STUDENTS Before &hellip; Continued","og_url":"https:\/\/www.upjs.sk\/fakulta-verejnej-spravy\/en\/international-relations\/3847-2\/","og_site_name":"Fakulta verejnej spr\u00e1vy | UPJ\u0160","twitter_card":"summary_large_image","twitter_misc":{"Est. reading time":"2 minutes"},"schema":{"@context":"https:\/\/schema.org","@graph":[{"@type":"WebPage","@id":"https:\/\/www.upjs.sk\/fakulta-verejnej-spravy\/en\/international-relations\/3847-2\/","url":"https:\/\/www.upjs.sk\/fakulta-verejnej-spravy\/en\/international-relations\/3847-2\/","name":"Lifelong Learning Program \/ Erasmus - Fakulta verejnej spr\u00e1vy | UPJ\u0160","isPartOf":{"@id":"https:\/\/www.upjs.sk\/fakulta-verejnej-spravy\/en\/#website"},"datePublished":"2016-01-08T14:23:29+00:00","breadcrumb":{"@id":"https:\/\/www.upjs.sk\/fakulta-verejnej-spravy\/en\/international-relations\/3847-2\/#breadcrumb"},"inLanguage":"en-US","potentialAction":[{"@type":"ReadAction","target":["https:\/\/www.upjs.sk\/fakulta-verejnej-spravy\/en\/international-relations\/3847-2\/"]}]},{"@type":"BreadcrumbList","@id":"https:\/\/www.upjs.sk\/fakulta-verejnej-spravy\/en\/international-relations\/3847-2\/#breadcrumb","itemListElement":[{"@type":"ListItem","position":1,"name":"Home","item":"https:\/\/www.upjs.sk\/fakulta-verejnej-spravy\/en\/"},{"@type":"ListItem","position":2,"name":"International relations","item":"https:\/\/www.upjs.sk\/fakulta-verejnej-spravy\/en\/international-relations\/"},{"@type":"ListItem","position":3,"name":"Lifelong Learning Program \/ Erasmus"}]},{"@type":"WebSite","@id":"https:\/\/www.upjs.sk\/fakulta-verejnej-spravy\/en\/#website","url":"https:\/\/www.upjs.sk\/fakulta-verejnej-spravy\/en\/","name":"Fakulta verejnej spr\u00e1vy | UPJ\u0160","description":"","publisher":{"@id":"https:\/\/www.upjs.sk\/fakulta-verejnej-spravy\/en\/#organization"},"potentialAction":[{"@type":"SearchAction","target":{"@type":"EntryPoint","urlTemplate":"https:\/\/www.upjs.sk\/fakulta-verejnej-spravy\/en\/?s={search_term_string}"},"query-input":{"@type":"PropertyValueSpecification","valueRequired":true,"valueName":"search_term_string"}}],"inLanguage":"en-US"},{"@type":"Organization","@id":"https:\/\/www.upjs.sk\/fakulta-verejnej-spravy\/en\/#organization","name":"Fakulta verejnej spr\u00e1vy | UPJ\u0160","url":"https:\/\/www.upjs.sk\/fakulta-verejnej-spravy\/en\/","logo":{"@type":"ImageObject","inLanguage":"en-US","@id":"https:\/\/www.upjs.sk\/fakulta-verejnej-spravy\/en\/#\/schema\/logo\/image\/","url":"https:\/\/www.upjs.sk\/app\/uploads\/sites\/12\/2023\/01\/FVS_ENG_frame.svg","contentUrl":"https:\/\/www.upjs.sk\/app\/uploads\/sites\/12\/2023\/01\/FVS_ENG_frame.svg","width":292,"height":61,"caption":"Fakulta verejnej spr\u00e1vy | UPJ\u0160"},"image":{"@id":"https:\/\/www.upjs.sk\/fakulta-verejnej-spravy\/en\/#\/schema\/logo\/image\/"}}]}},"_links":{"self":[{"href":"https:\/\/www.upjs.sk\/fakulta-verejnej-spravy\/en\/wp-json\/wp\/v2\/pages\/21072","targetHints":{"allow":["GET"]}}],"collection":[{"href":"https:\/\/www.upjs.sk\/fakulta-verejnej-spravy\/en\/wp-json\/wp\/v2\/pages"}],"about":[{"href":"https:\/\/www.upjs.sk\/fakulta-verejnej-spravy\/en\/wp-json\/wp\/v2\/types\/page"}],"author":[{"embeddable":true,"href":"https:\/\/www.upjs.sk\/fakulta-verejnej-spravy\/en\/wp-json\/wp\/v2\/users\/1"}],"replies":[{"embeddable":true,"href":"https:\/\/www.upjs.sk\/fakulta-verejnej-spravy\/en\/wp-json\/wp\/v2\/comments?post=21072"}],"version-history":[{"count":0,"href":"https:\/\/www.upjs.sk\/fakulta-verejnej-spravy\/en\/wp-json\/wp\/v2\/pages\/21072\/revisions"}],"up":[{"embeddable":true,"href":"https:\/\/www.upjs.sk\/fakulta-verejnej-spravy\/en\/wp-json\/wp\/v2\/pages\/20978"}],"wp:attachment":[{"href":"https:\/\/www.upjs.sk\/fakulta-verejnej-spravy\/en\/wp-json\/wp\/v2\/media?parent=21072"}],"wp:term":[{"taxonomy":"category","embeddable":true,"href":"https:\/\/www.upjs.sk\/fakulta-verejnej-spravy\/en\/wp-json\/wp\/v2\/categories?post=21072"},{"taxonomy":"post_tag","embeddable":true,"href":"https:\/\/www.upjs.sk\/fakulta-verejnej-spravy\/en\/wp-json\/wp\/v2\/tags?post=21072"}],"curies":[{"name":"wp","href":"https:\/\/api.w.org\/{rel}","templated":true}]}}