{"id":21094,"date":"2021-04-27T14:54:59","date_gmt":"2021-04-27T14:54:59","guid":{"rendered":"https:\/\/www.upjs.sk\/fakulta-verejnej-spravy\/faculty\/7638-2\/"},"modified":"2025-10-20T14:11:37","modified_gmt":"2025-10-20T13:11:37","slug":"academic-senate","status":"publish","type":"page","link":"https:\/\/www.upjs.sk\/fakulta-verejnej-spravy\/en\/faculty-bodies\/academic-senate\/","title":{"rendered":"Academic Senate"},"content":{"rendered":"\n<p class=\"has-medium-font-size\" style=\"font-style:normal;font-weight:600\"><strong>List of Members of Academic Senate of Faculty of Public Administration<\/strong><\/p>\n\n\n\n<p class=\"has-medium-font-size\" style=\"font-style:normal;font-weight:600\"><strong>Chairwoman<\/strong><\/p>\n\n\n<style>.kb-row-layout-wrap.wp-block-kadence-rowlayout.kb-row-layout-id21094_107e11-6b{margin-top:0px;margin-bottom:0px;}.kb-row-layout-id21094_107e11-6b > .kt-row-column-wrap{align-content:start;}:where(.kb-row-layout-id21094_107e11-6b > .kt-row-column-wrap) > .wp-block-kadence-column{justify-content:start;}.kb-row-layout-id21094_107e11-6b > .kt-row-column-wrap{column-gap:var(--global-kb-gap-md, 2rem);row-gap:var(--global-kb-gap-md, 2rem);padding-top:0px;padding-bottom:0px;grid-template-columns:minmax(0, calc(20% - ((var(--global-kb-gap-md, 2rem) * 1 )\/2)))minmax(0, calc(80% - ((var(--global-kb-gap-md, 2rem) * 1 )\/2)));}.kb-row-layout-id21094_107e11-6b{border-top-left-radius:0px;border-top-right-radius:0px;border-bottom-right-radius:0px;border-bottom-left-radius:0px;}.kb-row-layout-id21094_107e11-6b > .kt-row-layout-overlay{opacity:0.30;}@media all and (max-width: 1024px){.kb-row-layout-id21094_107e11-6b > .kt-row-column-wrap{grid-template-columns:minmax(0, 1fr) minmax(0, 2fr);}}@media all and (max-width: 767px){.kb-row-layout-id21094_107e11-6b > .kt-row-column-wrap{grid-template-columns:minmax(0, 1fr);}}<\/style><div class=\"kb-row-layout-wrap kb-row-layout-id21094_107e11-6b alignnone wp-block-kadence-rowlayout\"><div class=\"kt-row-column-wrap kt-has-2-columns kt-row-layout-right-golden kt-tab-layout-inherit kt-mobile-layout-row kt-row-valign-top\">\n<style>.kadence-column21094_89b63b-d6 > .kt-inside-inner-col{padding-top:0px;padding-right:0px;padding-bottom:0px;padding-left:0px;}.kadence-column21094_89b63b-d6 > .kt-inside-inner-col,.kadence-column21094_89b63b-d6 > .kt-inside-inner-col:before{border-top-left-radius:0px;border-top-right-radius:0px;border-bottom-right-radius:0px;border-bottom-left-radius:0px;}.kadence-column21094_89b63b-d6 > .kt-inside-inner-col{column-gap:var(--global-kb-gap-sm, 1rem);}.kadence-column21094_89b63b-d6 > .kt-inside-inner-col{flex-direction:column;}.kadence-column21094_89b63b-d6 > .kt-inside-inner-col > .aligncenter{width:100%;}.kadence-column21094_89b63b-d6 > .kt-inside-inner-col:before{opacity:0.3;}.kadence-column21094_89b63b-d6{position:relative;}@media all and (max-width: 1024px){.kadence-column21094_89b63b-d6 > .kt-inside-inner-col{flex-direction:column;justify-content:center;}}@media all and (max-width: 767px){.kadence-column21094_89b63b-d6 > .kt-inside-inner-col{flex-direction:column;justify-content:center;}}<\/style>\n<div class=\"wp-block-kadence-column kadence-column21094_89b63b-d6 inner-column-1\"><div class=\"kt-inside-inner-col\">\n<figure class=\"wp-block-image size-full\"><img loading=\"lazy\" decoding=\"async\" width=\"150\" height=\"225\" src=\"https:\/\/www.upjs.sk\/app\/uploads\/sites\/12\/2022\/09\/DSC0222.jpg\" alt=\"\" class=\"wp-image-13083\"\/><\/figure>\n<\/div><\/div>\n\n\n<style>.kadence-column21094_5ea2f9-c2 > .kt-inside-inner-col{display:flex;}.kadence-column21094_5ea2f9-c2 > .kt-inside-inner-col,.kadence-column21094_5ea2f9-c2 > .kt-inside-inner-col:before{border-top-left-radius:0px;border-top-right-radius:0px;border-bottom-right-radius:0px;border-bottom-left-radius:0px;}.kadence-column21094_5ea2f9-c2 > .kt-inside-inner-col{column-gap:var(--global-kb-gap-sm, 1rem);}.kadence-column21094_5ea2f9-c2 > .kt-inside-inner-col{flex-direction:column;justify-content:center;}.kadence-column21094_5ea2f9-c2 > .kt-inside-inner-col > .aligncenter{width:100%;}.kt-row-column-wrap > .kadence-column21094_5ea2f9-c2{align-self:center;}.kt-inner-column-height-full:not(.kt-has-1-columns) > .wp-block-kadence-column.kadence-column21094_5ea2f9-c2{align-self:auto;}.kt-inner-column-height-full:not(.kt-has-1-columns) > .wp-block-kadence-column.kadence-column21094_5ea2f9-c2 > .kt-inside-inner-col{flex-direction:column;justify-content:center;}.kadence-column21094_5ea2f9-c2 > .kt-inside-inner-col:before{opacity:0.3;}.kadence-column21094_5ea2f9-c2{position:relative;}@media all and (max-width: 1024px){.kt-row-column-wrap > .kadence-column21094_5ea2f9-c2{align-self:center;}}@media all and (max-width: 1024px){.kt-inner-column-height-full:not(.kt-has-1-columns) > .wp-block-kadence-column.kadence-column21094_5ea2f9-c2{align-self:auto;}}@media all and (max-width: 1024px){.kt-inner-column-height-full:not(.kt-has-1-columns) > .wp-block-kadence-column.kadence-column21094_5ea2f9-c2 > .kt-inside-inner-col{flex-direction:column;justify-content:center;}}@media all and (max-width: 1024px){.kadence-column21094_5ea2f9-c2 > .kt-inside-inner-col{flex-direction:column;justify-content:center;}}@media all and (max-width: 767px){.kt-row-column-wrap > .kadence-column21094_5ea2f9-c2{align-self:center;}.kt-inner-column-height-full:not(.kt-has-1-columns) > .wp-block-kadence-column.kadence-column21094_5ea2f9-c2{align-self:auto;}.kt-inner-column-height-full:not(.kt-has-1-columns) > .wp-block-kadence-column.kadence-column21094_5ea2f9-c2 > .kt-inside-inner-col{flex-direction:column;justify-content:center;}.kadence-column21094_5ea2f9-c2 > .kt-inside-inner-col{flex-direction:column;justify-content:center;}}<\/style>\n<div class=\"wp-block-kadence-column kadence-column21094_5ea2f9-c2 inner-column-2\"><div class=\"kt-inside-inner-col\">\n<p><a aria-label=\" (opens in a new tab)\" href=\"https:\/\/www.upjs.sk\/en\/FVS\/employee\/eliska.zasadova\/\" target=\"_blank\" rel=\"noreferrer noopener\" class=\"ek-link\">PhDr. Eli\u0161ka Z\u00e1sadov\u00e1, PhD.<\/a><br><br>e-mail: fvs-as@upjs.sk<\/p>\n<\/div><\/div>\n\n<\/div><\/div>\n\n\n<p><br><strong>Vice-Chairwoman<\/strong><br>Mgr. Lenka Jakub\u00f3cov\u00e1<\/p>\n\n\n\n<p><strong>Secretary<\/strong><br>Mgr. Vikt\u00f3ria Adamov Kr\u00e1\u013eov\u00e1, PhD.<\/p>\n\n\n\n<p><strong>Employee Part<\/strong><br>Ing. Krist\u00edna Guzyov\u00e1, PhD.<br>PhDr. Darina Kore\u0148ov\u00e1, PhD., univ. ass. proffesor<br>PhDr. Ondrej Mita\u013e, PhD.<br>doc. Ing. Ladislav Suh\u00e1nyi, PhD., MBA<br>PhDr. Jana Volochov\u00e1, PhD.<\/p>\n\n\n\n<p><strong>Student Part<\/strong><br>Mgr. Vadym Pryimachuk<br>Pavlo Sikora<br>Mgr. Richard Vejo<\/p>\n","protected":false},"excerpt":{"rendered":"<p>List of Members of Academic Senate of Faculty of Public Administration Chairwoman PhDr. Eli\u0161ka Z\u00e1sadov\u00e1, PhD. e-mail: fvs-as@upjs.sk Vice-ChairwomanMgr. Lenka Jakub\u00f3cov\u00e1 SecretaryMgr. Vikt\u00f3ria Adamov Kr\u00e1\u013eov\u00e1, PhD. Employee PartIng. Krist\u00edna Guzyov\u00e1, PhD.PhDr. Darina Kore\u0148ov\u00e1, PhD., univ. ass. proffesorPhDr. Ondrej Mita\u013e, PhD.doc. Ing. Ladislav Suh\u00e1nyi, PhD., MBAPhDr. Jana Volochov\u00e1, PhD. Student PartMgr. Vadym PryimachukPavlo SikoraMgr. Richard Vejo<\/p>\n","protected":false},"author":1,"featured_media":0,"parent":22195,"menu_order":1,"comment_status":"closed","ping_status":"closed","template":"","meta":{"_acf_changed":false,"_editorskit_title_hidden":false,"_editorskit_reading_time":1,"_editorskit_is_block_options_detached":false,"_editorskit_block_options_position":"{}","footnotes":""},"categories":[],"tags":[],"class_list":["post-21094","page","type-page","status-publish","hentry"],"acf":{"acf_link_na_externy_obsah":""},"yoast_head":"<!-- This site is optimized with the Yoast SEO plugin v27.2 - https:\/\/yoast.com\/product\/yoast-seo-wordpress\/ -->\n<title>Academic Senate - Fakulta verejnej spr\u00e1vy | UPJ\u0160<\/title>\n<meta name=\"robots\" content=\"index, follow, max-snippet:-1, max-image-preview:large, max-video-preview:-1\" \/>\n<link rel=\"canonical\" href=\"https:\/\/www.upjs.sk\/fakulta-verejnej-spravy\/en\/faculty-bodies\/academic-senate\/\" \/>\n<meta property=\"og:locale\" content=\"en_US\" \/>\n<meta property=\"og:type\" content=\"article\" \/>\n<meta property=\"og:title\" content=\"Academic Senate - Fakulta verejnej spr\u00e1vy | UPJ\u0160\" \/>\n<meta property=\"og:description\" content=\"List of Members of Academic Senate of Faculty of Public Administration Chairwoman PhDr. Eli\u0161ka Z\u00e1sadov\u00e1, PhD. e-mail: fvs-as@upjs.sk Vice-ChairwomanMgr. Lenka Jakub\u00f3cov\u00e1 SecretaryMgr. Vikt\u00f3ria Adamov Kr\u00e1\u013eov\u00e1, PhD. Employee PartIng. Krist\u00edna Guzyov\u00e1, PhD.PhDr. Darina Kore\u0148ov\u00e1, PhD., univ. ass. proffesorPhDr. Ondrej Mita\u013e, PhD.doc. Ing. Ladislav Suh\u00e1nyi, PhD., MBAPhDr. Jana Volochov\u00e1, PhD. Student PartMgr. Vadym PryimachukPavlo SikoraMgr. Richard Vejo\" \/>\n<meta property=\"og:url\" content=\"https:\/\/www.upjs.sk\/fakulta-verejnej-spravy\/en\/faculty-bodies\/academic-senate\/\" \/>\n<meta property=\"og:site_name\" content=\"Fakulta verejnej spr\u00e1vy | UPJ\u0160\" \/>\n<meta property=\"article:modified_time\" content=\"2025-10-20T13:11:37+00:00\" \/>\n<meta property=\"og:image\" content=\"https:\/\/www.upjs.sk\/app\/uploads\/sites\/12\/2022\/09\/DSC0222.jpg\" \/>\n\t<meta property=\"og:image:width\" content=\"150\" \/>\n\t<meta property=\"og:image:height\" content=\"225\" \/>\n\t<meta property=\"og:image:type\" content=\"image\/jpeg\" \/>\n<meta name=\"twitter:card\" content=\"summary_large_image\" \/>\n<meta name=\"twitter:label1\" content=\"Est. reading time\" \/>\n\t<meta name=\"twitter:data1\" content=\"1 minute\" \/>\n<script type=\"application\/ld+json\" class=\"yoast-schema-graph\">{\"@context\":\"https:\/\/schema.org\",\"@graph\":[{\"@type\":\"WebPage\",\"@id\":\"https:\/\/www.upjs.sk\/fakulta-verejnej-spravy\/en\/faculty-bodies\/academic-senate\/\",\"url\":\"https:\/\/www.upjs.sk\/fakulta-verejnej-spravy\/en\/faculty-bodies\/academic-senate\/\",\"name\":\"Academic Senate - Fakulta verejnej spr\u00e1vy | UPJ\u0160\",\"isPartOf\":{\"@id\":\"https:\/\/www.upjs.sk\/fakulta-verejnej-spravy\/en\/#website\"},\"primaryImageOfPage\":{\"@id\":\"https:\/\/www.upjs.sk\/fakulta-verejnej-spravy\/en\/faculty-bodies\/academic-senate\/#primaryimage\"},\"image\":{\"@id\":\"https:\/\/www.upjs.sk\/fakulta-verejnej-spravy\/en\/faculty-bodies\/academic-senate\/#primaryimage\"},\"thumbnailUrl\":\"https:\/\/www.upjs.sk\/app\/uploads\/sites\/12\/2022\/09\/DSC0222.jpg\",\"datePublished\":\"2021-04-27T14:54:59+00:00\",\"dateModified\":\"2025-10-20T13:11:37+00:00\",\"breadcrumb\":{\"@id\":\"https:\/\/www.upjs.sk\/fakulta-verejnej-spravy\/en\/faculty-bodies\/academic-senate\/#breadcrumb\"},\"inLanguage\":\"en-US\",\"potentialAction\":[{\"@type\":\"ReadAction\",\"target\":[\"https:\/\/www.upjs.sk\/fakulta-verejnej-spravy\/en\/faculty-bodies\/academic-senate\/\"]}]},{\"@type\":\"ImageObject\",\"inLanguage\":\"en-US\",\"@id\":\"https:\/\/www.upjs.sk\/fakulta-verejnej-spravy\/en\/faculty-bodies\/academic-senate\/#primaryimage\",\"url\":\"https:\/\/www.upjs.sk\/app\/uploads\/sites\/12\/2022\/09\/DSC0222.jpg\",\"contentUrl\":\"https:\/\/www.upjs.sk\/app\/uploads\/sites\/12\/2022\/09\/DSC0222.jpg\"},{\"@type\":\"BreadcrumbList\",\"@id\":\"https:\/\/www.upjs.sk\/fakulta-verejnej-spravy\/en\/faculty-bodies\/academic-senate\/#breadcrumb\",\"itemListElement\":[{\"@type\":\"ListItem\",\"position\":1,\"name\":\"Home\",\"item\":\"https:\/\/www.upjs.sk\/fakulta-verejnej-spravy\/en\/\"},{\"@type\":\"ListItem\",\"position\":2,\"name\":\"Faculty Bodies\",\"item\":\"https:\/\/www.upjs.sk\/fakulta-verejnej-spravy\/en\/faculty-bodies\/\"},{\"@type\":\"ListItem\",\"position\":3,\"name\":\"Academic Senate\"}]},{\"@type\":\"WebSite\",\"@id\":\"https:\/\/www.upjs.sk\/fakulta-verejnej-spravy\/en\/#website\",\"url\":\"https:\/\/www.upjs.sk\/fakulta-verejnej-spravy\/en\/\",\"name\":\"Fakulta verejnej spr\u00e1vy | UPJ\u0160\",\"description\":\"\",\"publisher\":{\"@id\":\"https:\/\/www.upjs.sk\/fakulta-verejnej-spravy\/en\/#organization\"},\"potentialAction\":[{\"@type\":\"SearchAction\",\"target\":{\"@type\":\"EntryPoint\",\"urlTemplate\":\"https:\/\/www.upjs.sk\/fakulta-verejnej-spravy\/en\/?s={search_term_string}\"},\"query-input\":{\"@type\":\"PropertyValueSpecification\",\"valueRequired\":true,\"valueName\":\"search_term_string\"}}],\"inLanguage\":\"en-US\"},{\"@type\":\"Organization\",\"@id\":\"https:\/\/www.upjs.sk\/fakulta-verejnej-spravy\/en\/#organization\",\"name\":\"Fakulta verejnej spr\u00e1vy | UPJ\u0160\",\"url\":\"https:\/\/www.upjs.sk\/fakulta-verejnej-spravy\/en\/\",\"logo\":{\"@type\":\"ImageObject\",\"inLanguage\":\"en-US\",\"@id\":\"https:\/\/www.upjs.sk\/fakulta-verejnej-spravy\/en\/#\/schema\/logo\/image\/\",\"url\":\"https:\/\/www.upjs.sk\/app\/uploads\/sites\/12\/2023\/01\/FVS_ENG_frame.svg\",\"contentUrl\":\"https:\/\/www.upjs.sk\/app\/uploads\/sites\/12\/2023\/01\/FVS_ENG_frame.svg\",\"width\":292,\"height\":61,\"caption\":\"Fakulta verejnej spr\u00e1vy | UPJ\u0160\"},\"image\":{\"@id\":\"https:\/\/www.upjs.sk\/fakulta-verejnej-spravy\/en\/#\/schema\/logo\/image\/\"}}]}<\/script>\n<!-- \/ Yoast SEO plugin. -->","yoast_head_json":{"title":"Academic Senate - Fakulta verejnej spr\u00e1vy | UPJ\u0160","robots":{"index":"index","follow":"follow","max-snippet":"max-snippet:-1","max-image-preview":"max-image-preview:large","max-video-preview":"max-video-preview:-1"},"canonical":"https:\/\/www.upjs.sk\/fakulta-verejnej-spravy\/en\/faculty-bodies\/academic-senate\/","og_locale":"en_US","og_type":"article","og_title":"Academic Senate - Fakulta verejnej spr\u00e1vy | UPJ\u0160","og_description":"List of Members of Academic Senate of Faculty of Public Administration Chairwoman PhDr. Eli\u0161ka Z\u00e1sadov\u00e1, PhD. e-mail: fvs-as@upjs.sk Vice-ChairwomanMgr. Lenka Jakub\u00f3cov\u00e1 SecretaryMgr. Vikt\u00f3ria Adamov Kr\u00e1\u013eov\u00e1, PhD. Employee PartIng. Krist\u00edna Guzyov\u00e1, PhD.PhDr. Darina Kore\u0148ov\u00e1, PhD., univ. ass. proffesorPhDr. Ondrej Mita\u013e, PhD.doc. Ing. Ladislav Suh\u00e1nyi, PhD., MBAPhDr. Jana Volochov\u00e1, PhD. Student PartMgr. Vadym PryimachukPavlo SikoraMgr. Richard Vejo","og_url":"https:\/\/www.upjs.sk\/fakulta-verejnej-spravy\/en\/faculty-bodies\/academic-senate\/","og_site_name":"Fakulta verejnej spr\u00e1vy | UPJ\u0160","article_modified_time":"2025-10-20T13:11:37+00:00","og_image":[{"width":150,"height":225,"url":"https:\/\/www.upjs.sk\/app\/uploads\/sites\/12\/2022\/09\/DSC0222.jpg","type":"image\/jpeg"}],"twitter_card":"summary_large_image","twitter_misc":{"Est. reading time":"1 minute"},"schema":{"@context":"https:\/\/schema.org","@graph":[{"@type":"WebPage","@id":"https:\/\/www.upjs.sk\/fakulta-verejnej-spravy\/en\/faculty-bodies\/academic-senate\/","url":"https:\/\/www.upjs.sk\/fakulta-verejnej-spravy\/en\/faculty-bodies\/academic-senate\/","name":"Academic Senate - Fakulta verejnej spr\u00e1vy | UPJ\u0160","isPartOf":{"@id":"https:\/\/www.upjs.sk\/fakulta-verejnej-spravy\/en\/#website"},"primaryImageOfPage":{"@id":"https:\/\/www.upjs.sk\/fakulta-verejnej-spravy\/en\/faculty-bodies\/academic-senate\/#primaryimage"},"image":{"@id":"https:\/\/www.upjs.sk\/fakulta-verejnej-spravy\/en\/faculty-bodies\/academic-senate\/#primaryimage"},"thumbnailUrl":"https:\/\/www.upjs.sk\/app\/uploads\/sites\/12\/2022\/09\/DSC0222.jpg","datePublished":"2021-04-27T14:54:59+00:00","dateModified":"2025-10-20T13:11:37+00:00","breadcrumb":{"@id":"https:\/\/www.upjs.sk\/fakulta-verejnej-spravy\/en\/faculty-bodies\/academic-senate\/#breadcrumb"},"inLanguage":"en-US","potentialAction":[{"@type":"ReadAction","target":["https:\/\/www.upjs.sk\/fakulta-verejnej-spravy\/en\/faculty-bodies\/academic-senate\/"]}]},{"@type":"ImageObject","inLanguage":"en-US","@id":"https:\/\/www.upjs.sk\/fakulta-verejnej-spravy\/en\/faculty-bodies\/academic-senate\/#primaryimage","url":"https:\/\/www.upjs.sk\/app\/uploads\/sites\/12\/2022\/09\/DSC0222.jpg","contentUrl":"https:\/\/www.upjs.sk\/app\/uploads\/sites\/12\/2022\/09\/DSC0222.jpg"},{"@type":"BreadcrumbList","@id":"https:\/\/www.upjs.sk\/fakulta-verejnej-spravy\/en\/faculty-bodies\/academic-senate\/#breadcrumb","itemListElement":[{"@type":"ListItem","position":1,"name":"Home","item":"https:\/\/www.upjs.sk\/fakulta-verejnej-spravy\/en\/"},{"@type":"ListItem","position":2,"name":"Faculty Bodies","item":"https:\/\/www.upjs.sk\/fakulta-verejnej-spravy\/en\/faculty-bodies\/"},{"@type":"ListItem","position":3,"name":"Academic Senate"}]},{"@type":"WebSite","@id":"https:\/\/www.upjs.sk\/fakulta-verejnej-spravy\/en\/#website","url":"https:\/\/www.upjs.sk\/fakulta-verejnej-spravy\/en\/","name":"Fakulta verejnej spr\u00e1vy | UPJ\u0160","description":"","publisher":{"@id":"https:\/\/www.upjs.sk\/fakulta-verejnej-spravy\/en\/#organization"},"potentialAction":[{"@type":"SearchAction","target":{"@type":"EntryPoint","urlTemplate":"https:\/\/www.upjs.sk\/fakulta-verejnej-spravy\/en\/?s={search_term_string}"},"query-input":{"@type":"PropertyValueSpecification","valueRequired":true,"valueName":"search_term_string"}}],"inLanguage":"en-US"},{"@type":"Organization","@id":"https:\/\/www.upjs.sk\/fakulta-verejnej-spravy\/en\/#organization","name":"Fakulta verejnej spr\u00e1vy | UPJ\u0160","url":"https:\/\/www.upjs.sk\/fakulta-verejnej-spravy\/en\/","logo":{"@type":"ImageObject","inLanguage":"en-US","@id":"https:\/\/www.upjs.sk\/fakulta-verejnej-spravy\/en\/#\/schema\/logo\/image\/","url":"https:\/\/www.upjs.sk\/app\/uploads\/sites\/12\/2023\/01\/FVS_ENG_frame.svg","contentUrl":"https:\/\/www.upjs.sk\/app\/uploads\/sites\/12\/2023\/01\/FVS_ENG_frame.svg","width":292,"height":61,"caption":"Fakulta verejnej spr\u00e1vy | UPJ\u0160"},"image":{"@id":"https:\/\/www.upjs.sk\/fakulta-verejnej-spravy\/en\/#\/schema\/logo\/image\/"}}]}},"_links":{"self":[{"href":"https:\/\/www.upjs.sk\/fakulta-verejnej-spravy\/en\/wp-json\/wp\/v2\/pages\/21094","targetHints":{"allow":["GET"]}}],"collection":[{"href":"https:\/\/www.upjs.sk\/fakulta-verejnej-spravy\/en\/wp-json\/wp\/v2\/pages"}],"about":[{"href":"https:\/\/www.upjs.sk\/fakulta-verejnej-spravy\/en\/wp-json\/wp\/v2\/types\/page"}],"author":[{"embeddable":true,"href":"https:\/\/www.upjs.sk\/fakulta-verejnej-spravy\/en\/wp-json\/wp\/v2\/users\/1"}],"replies":[{"embeddable":true,"href":"https:\/\/www.upjs.sk\/fakulta-verejnej-spravy\/en\/wp-json\/wp\/v2\/comments?post=21094"}],"version-history":[{"count":10,"href":"https:\/\/www.upjs.sk\/fakulta-verejnej-spravy\/en\/wp-json\/wp\/v2\/pages\/21094\/revisions"}],"predecessor-version":[{"id":29711,"href":"https:\/\/www.upjs.sk\/fakulta-verejnej-spravy\/en\/wp-json\/wp\/v2\/pages\/21094\/revisions\/29711"}],"up":[{"embeddable":true,"href":"https:\/\/www.upjs.sk\/fakulta-verejnej-spravy\/en\/wp-json\/wp\/v2\/pages\/22195"}],"wp:attachment":[{"href":"https:\/\/www.upjs.sk\/fakulta-verejnej-spravy\/en\/wp-json\/wp\/v2\/media?parent=21094"}],"wp:term":[{"taxonomy":"category","embeddable":true,"href":"https:\/\/www.upjs.sk\/fakulta-verejnej-spravy\/en\/wp-json\/wp\/v2\/categories?post=21094"},{"taxonomy":"post_tag","embeddable":true,"href":"https:\/\/www.upjs.sk\/fakulta-verejnej-spravy\/en\/wp-json\/wp\/v2\/tags?post=21094"}],"curies":[{"name":"wp","href":"https:\/\/api.w.org\/{rel}","templated":true}]}}