{"id":22049,"date":"2022-11-10T09:47:27","date_gmt":"2022-11-10T09:47:27","guid":{"rendered":"https:\/\/www.upjs.sk\/fakulta-verejnej-spravy\/konferencie-a-workshopy\/"},"modified":"2025-10-20T15:04:54","modified_gmt":"2025-10-20T14:04:54","slug":"konferencie-a-workshopy","status":"publish","type":"page","link":"https:\/\/www.upjs.sk\/fakulta-verejnej-spravy\/en\/konferencie-a-workshopy\/","title":{"rendered":"Scientific Events"},"content":{"rendered":"\n<p><br><em>February 13, 2025<\/em><br>The 10th International Scientific Conference for Doctoral Students <a href=\"https:\/\/www.upjs.sk\/fakulta-verejnej-spravy\/teoriapraxvs\/\" target=\"_blank\" rel=\"noreferrer noopener\">Theory and Practice of Public Administration 2025<\/a><br><\/p>\n\n\n\n<p><em>February 15, 2024<\/em><br>The 9th annual international scientific conference for doctoral students, entitled &#8220;Theory and Practice of Public Administration.&#8221;<br>Due to positive feedback, especially from foreign participants, the conference was held online using Microsoft Teams.<br>A total of 23 doctoral students from Slovakia, the Czech Republic, and Hungary participated in the conference.<br>The conference participants were divided into three professional sections led by the dean of the faculty, doc. JUDr. Mgr. Michal Jesenko, PhD., Ing. Eva V\u00fdrostov\u00e1, PhD., university associate professor, and doc. JUDr. Peter Molitoris, PhD.<br>Doctoral students had the opportunity to discuss current topics and challenges facing our society from various perspectives.<br><a href=\"https:\/\/aleph.upjs.sk\/vufind\/Record\/000116429?sid=13601748\" target=\"_blank\" rel=\"noreferrer noopener\">Conference Proceedings<\/a><\/p>\n\n\n\n<p><em>February 17, 2023<\/em><br>The 8th annual international scientific conference for doctoral students, entitled <a class=\"ek-link\" href=\"https:\/\/teoriapraxvs.weebly.com\/\">Theory and Practice of Public Administration 2023<\/a>\u00a0<br>A total of 26 doctoral students from Slovakia, Hungary, and Ukraine participated in the conference. Conference participants were divided into four specialised sections according to the topic of their contributions.<br>In the political science section, participants presented contributions focused, for example, on addressing green issues in Slovakia or the influence of the political culture of the inhabitants of the Slovak-Ukrainian border region on local and regional political processes.<br>The social section provided a space for presentations and discussions on topics such as the impact of the COVID-19 pandemic on marginalised groups in the Slovak Republic.<br>In the economic section, participants presented contributions on topics such as waste management and the impact of employing foreigners on the Slovak economy.<br>The legal sections addressed topics such as current changes in public procurement, the activities of regional councils, and the protection of minors&#8217; personal data in the online environment.<br><a href=\"https:\/\/unibook.upjs.sk\/img\/cms\/2023\/fvs\/teoria-a-prax-verejnej-spravy-2023.pdf\" target=\"_blank\" rel=\"noreferrer noopener\">Conference Proceedings<\/a><\/p>\n\n\n\n<p><em>February 11, 2022<\/em><br>The 7th annual international scientific conference for doctoral students, entitled Theory and Practice of Public Administration.<br>The conference was attended by 32 doctoral students from Slovakia, the Czech Republic, Poland, Hungary, and Russia. The conference enabled participants to present the results of their scientific research in the field of public administration, which is facing new problems and challenges, especially in the current period of the global COVID-19 pandemic. The conference also provided participants with a space for professional discussion on public administration issues. Participants presented the results of their scientific work in specialised sections focused on the political science aspects of public administration, the socio-economic aspects of public administration, and, last but not least, the legal aspects of public administration. Three sections were created within the conference: political science, socio-economic, and legal, which was divided into two sections due to the large number of participants.<br><a href=\"https:\/\/unibook.upjs.sk\/img\/cms\/2022\/fvs\/teoria-a-prax-vs-7.pdf\" target=\"_blank\" rel=\"noreferrer noopener\">Conference Proceedings<\/a><\/p>\n\n\n\n<p><em>March 19, 2021<\/em><br>The 6th annual international scientific conference for doctoral students, entitled &#8220;Theory and Practice of Public Administration.&#8221;<br>The conference was attended by 33 participants from Slovakia, the Czech Republic, Poland, and Ukraine. The scientific conference aimed to create a space for the exchange of knowledge, presentation of research results, and professional discussion focused on the theory and practice of public administration from a legal, economic, social, and political science perspective.<br>Conference participants presented papers in four sections. The legal section included contributions dealing with the topics of constitutional protection, the protection of fundamental rights, the exercise of state administration, and local referendums. In the legal-political section, contributions were presented on the topics of public administration, the application of the UN Convention, the concept of smart cities, and other interesting topics. The contributions in the social section focused on workplace bullying, the impact of the pandemic on families with children, the impact of the pandemic on unemployment, and issues related to community centres. The fourth, economic section included contributions dealing with issues such as the welfare state model, the regional impacts of climate change, the management of higher territorial units, civic crowdfunding, and other interesting contemporary issues.<br><a href=\"https:\/\/unibook.upjs.sk\/sk\/predaj\/1502-teoria-a-prax-verejnej-spravy-2021\" target=\"_blank\" rel=\"noreferrer noopener\">Conference Proceedings<\/a><\/p>\n\n\n\n<p><em>February 6, 2020<\/em><br>The 5th annual international scientific conference for doctoral students, &#8220;Theory and Practice of Public Administration&#8221;<br><a href=\"https:\/\/unibook.upjs.sk\/img\/cms\/2020\/fvs\/teoria-a-prax-verejnej-spravy-5-rocnik.pdf\">Conference Proceedings<\/a><\/p>\n\n\n\n<p><em>February 13, 2019<\/em><br>The 4th annual international scientific conference for doctoral students, &#8220;Theory and Practice of Public Administration&#8221;<br><a href=\"https:\/\/unibook.upjs.sk\/img\/cms\/2019\/fvs\/teoria-a-prax-vs-2019-web.pdf\" target=\"_blank\" rel=\"noreferrer noopener\">Conference Proceedings<\/a><\/p>\n\n\n\n<p><em>February 15, 2018<\/em><br>The 3rd annual international scientific conference for doctoral students, &#8220;Theory and Practice of Public Administration&#8221;<br><a href=\"https:\/\/unibook.upjs.sk\/img\/cms\/2018\/fvs\/tvs2018-web.pdf\" target=\"_blank\" rel=\"noreferrer noopener\">Conference Proceedings<\/a><\/p>\n\n\n\n<p><em>February 15, 2017<\/em><br>The 2nd annual international scientific conference for doctoral students, &#8220;Theory and Practice of Public Administration&#8221;<br><a href=\"https:\/\/unibook.upjs.sk\/img\/cms\/2017\/fvs\/teoria-a-prax-vs2017.pdf\" target=\"_blank\" rel=\"noreferrer noopener\">Conference Proceedings<\/a><\/p>\n\n\n\n<p><em>February<\/em> 2016<br>The 1st annual international scientific conference for doctoral students, &#8220;Theory and Practice of Public Administration&#8221;<br><a href=\"http:\/\/2. ro\u010dn\u00edk medzin\u00e1rodnej vedeckej konferencie doktorandov &quot;Te\u00f3ria a prax verejnej spr\u00e1vy&quot;\" target=\"_blank\" rel=\"noreferrer noopener\">Conference Proceedings (CD)<\/a><\/p>\n\n\n\n<p><\/p>\n","protected":false},"excerpt":{"rendered":"<p>February 13, 2025The 10th International Scientific Conference for Doctoral Students Theory and Practice of Public Administration 2025 February 15, 2024The 9th annual international scientific conference for doctoral students, entitled &#8220;Theory and Practice of Public Administration.&#8221;Due to positive feedback, especially from foreign participants, the conference was held online using Microsoft Teams.A total of 23 doctoral students &hellip; <a href=\"https:\/\/www.upjs.sk\/fakulta-verejnej-spravy\/en\/konferencie-a-workshopy\/\">Continued<\/a><\/p>\n","protected":false},"author":20,"featured_media":0,"parent":0,"menu_order":33,"comment_status":"closed","ping_status":"closed","template":"","meta":{"_acf_changed":false,"_editorskit_title_hidden":false,"_editorskit_reading_time":1,"_editorskit_is_block_options_detached":false,"_editorskit_block_options_position":"{}","footnotes":""},"categories":[],"tags":[],"class_list":["post-22049","page","type-page","status-publish","hentry"],"acf":{"acf_link_na_externy_obsah":""},"yoast_head":"<!-- This site is optimized with the Yoast SEO plugin v27.2 - https:\/\/yoast.com\/product\/yoast-seo-wordpress\/ -->\n<title>Scientific Events - Fakulta verejnej spr\u00e1vy | UPJ\u0160<\/title>\n<meta name=\"robots\" content=\"index, follow, max-snippet:-1, max-image-preview:large, max-video-preview:-1\" \/>\n<link rel=\"canonical\" href=\"https:\/\/www.upjs.sk\/fakulta-verejnej-spravy\/en\/konferencie-a-workshopy\/\" \/>\n<meta property=\"og:locale\" content=\"en_US\" \/>\n<meta property=\"og:type\" content=\"article\" \/>\n<meta property=\"og:title\" content=\"Scientific Events - Fakulta verejnej spr\u00e1vy | UPJ\u0160\" \/>\n<meta property=\"og:description\" content=\"February 13, 2025The 10th International Scientific Conference for Doctoral Students Theory and Practice of Public Administration 2025 February 15, 2024The 9th annual international scientific conference for doctoral students, entitled &#8220;Theory and Practice of Public Administration.&#8221;Due to positive feedback, especially from foreign participants, the conference was held online using Microsoft Teams.A total of 23 doctoral students &hellip; Continued\" \/>\n<meta property=\"og:url\" content=\"https:\/\/www.upjs.sk\/fakulta-verejnej-spravy\/en\/konferencie-a-workshopy\/\" \/>\n<meta property=\"og:site_name\" content=\"Fakulta verejnej spr\u00e1vy | UPJ\u0160\" \/>\n<meta property=\"article:modified_time\" content=\"2025-10-20T14:04:54+00:00\" \/>\n<meta name=\"twitter:card\" content=\"summary_large_image\" \/>\n<meta name=\"twitter:label1\" content=\"Est. reading time\" \/>\n\t<meta name=\"twitter:data1\" content=\"5 minutes\" \/>\n<script type=\"application\/ld+json\" class=\"yoast-schema-graph\">{\"@context\":\"https:\/\/schema.org\",\"@graph\":[{\"@type\":\"WebPage\",\"@id\":\"https:\/\/www.upjs.sk\/fakulta-verejnej-spravy\/en\/konferencie-a-workshopy\/\",\"url\":\"https:\/\/www.upjs.sk\/fakulta-verejnej-spravy\/en\/konferencie-a-workshopy\/\",\"name\":\"Scientific Events - Fakulta verejnej spr\u00e1vy | UPJ\u0160\",\"isPartOf\":{\"@id\":\"https:\/\/www.upjs.sk\/fakulta-verejnej-spravy\/en\/#website\"},\"datePublished\":\"2022-11-10T09:47:27+00:00\",\"dateModified\":\"2025-10-20T14:04:54+00:00\",\"breadcrumb\":{\"@id\":\"https:\/\/www.upjs.sk\/fakulta-verejnej-spravy\/en\/konferencie-a-workshopy\/#breadcrumb\"},\"inLanguage\":\"en-US\",\"potentialAction\":[{\"@type\":\"ReadAction\",\"target\":[\"https:\/\/www.upjs.sk\/fakulta-verejnej-spravy\/en\/konferencie-a-workshopy\/\"]}]},{\"@type\":\"BreadcrumbList\",\"@id\":\"https:\/\/www.upjs.sk\/fakulta-verejnej-spravy\/en\/konferencie-a-workshopy\/#breadcrumb\",\"itemListElement\":[{\"@type\":\"ListItem\",\"position\":1,\"name\":\"Home\",\"item\":\"https:\/\/www.upjs.sk\/fakulta-verejnej-spravy\/en\/\"},{\"@type\":\"ListItem\",\"position\":2,\"name\":\"Scientific Events\"}]},{\"@type\":\"WebSite\",\"@id\":\"https:\/\/www.upjs.sk\/fakulta-verejnej-spravy\/en\/#website\",\"url\":\"https:\/\/www.upjs.sk\/fakulta-verejnej-spravy\/en\/\",\"name\":\"Fakulta verejnej spr\u00e1vy | UPJ\u0160\",\"description\":\"\",\"publisher\":{\"@id\":\"https:\/\/www.upjs.sk\/fakulta-verejnej-spravy\/en\/#organization\"},\"potentialAction\":[{\"@type\":\"SearchAction\",\"target\":{\"@type\":\"EntryPoint\",\"urlTemplate\":\"https:\/\/www.upjs.sk\/fakulta-verejnej-spravy\/en\/?s={search_term_string}\"},\"query-input\":{\"@type\":\"PropertyValueSpecification\",\"valueRequired\":true,\"valueName\":\"search_term_string\"}}],\"inLanguage\":\"en-US\"},{\"@type\":\"Organization\",\"@id\":\"https:\/\/www.upjs.sk\/fakulta-verejnej-spravy\/en\/#organization\",\"name\":\"Fakulta verejnej spr\u00e1vy | UPJ\u0160\",\"url\":\"https:\/\/www.upjs.sk\/fakulta-verejnej-spravy\/en\/\",\"logo\":{\"@type\":\"ImageObject\",\"inLanguage\":\"en-US\",\"@id\":\"https:\/\/www.upjs.sk\/fakulta-verejnej-spravy\/en\/#\/schema\/logo\/image\/\",\"url\":\"https:\/\/www.upjs.sk\/app\/uploads\/sites\/12\/2023\/01\/FVS_ENG_frame.svg\",\"contentUrl\":\"https:\/\/www.upjs.sk\/app\/uploads\/sites\/12\/2023\/01\/FVS_ENG_frame.svg\",\"width\":292,\"height\":61,\"caption\":\"Fakulta verejnej spr\u00e1vy | UPJ\u0160\"},\"image\":{\"@id\":\"https:\/\/www.upjs.sk\/fakulta-verejnej-spravy\/en\/#\/schema\/logo\/image\/\"}}]}<\/script>\n<!-- \/ Yoast SEO plugin. -->","yoast_head_json":{"title":"Scientific Events - Fakulta verejnej spr\u00e1vy | UPJ\u0160","robots":{"index":"index","follow":"follow","max-snippet":"max-snippet:-1","max-image-preview":"max-image-preview:large","max-video-preview":"max-video-preview:-1"},"canonical":"https:\/\/www.upjs.sk\/fakulta-verejnej-spravy\/en\/konferencie-a-workshopy\/","og_locale":"en_US","og_type":"article","og_title":"Scientific Events - Fakulta verejnej spr\u00e1vy | UPJ\u0160","og_description":"February 13, 2025The 10th International Scientific Conference for Doctoral Students Theory and Practice of Public Administration 2025 February 15, 2024The 9th annual international scientific conference for doctoral students, entitled &#8220;Theory and Practice of Public Administration.&#8221;Due to positive feedback, especially from foreign participants, the conference was held online using Microsoft Teams.A total of 23 doctoral students &hellip; Continued","og_url":"https:\/\/www.upjs.sk\/fakulta-verejnej-spravy\/en\/konferencie-a-workshopy\/","og_site_name":"Fakulta verejnej spr\u00e1vy | UPJ\u0160","article_modified_time":"2025-10-20T14:04:54+00:00","twitter_card":"summary_large_image","twitter_misc":{"Est. reading time":"5 minutes"},"schema":{"@context":"https:\/\/schema.org","@graph":[{"@type":"WebPage","@id":"https:\/\/www.upjs.sk\/fakulta-verejnej-spravy\/en\/konferencie-a-workshopy\/","url":"https:\/\/www.upjs.sk\/fakulta-verejnej-spravy\/en\/konferencie-a-workshopy\/","name":"Scientific Events - Fakulta verejnej spr\u00e1vy | UPJ\u0160","isPartOf":{"@id":"https:\/\/www.upjs.sk\/fakulta-verejnej-spravy\/en\/#website"},"datePublished":"2022-11-10T09:47:27+00:00","dateModified":"2025-10-20T14:04:54+00:00","breadcrumb":{"@id":"https:\/\/www.upjs.sk\/fakulta-verejnej-spravy\/en\/konferencie-a-workshopy\/#breadcrumb"},"inLanguage":"en-US","potentialAction":[{"@type":"ReadAction","target":["https:\/\/www.upjs.sk\/fakulta-verejnej-spravy\/en\/konferencie-a-workshopy\/"]}]},{"@type":"BreadcrumbList","@id":"https:\/\/www.upjs.sk\/fakulta-verejnej-spravy\/en\/konferencie-a-workshopy\/#breadcrumb","itemListElement":[{"@type":"ListItem","position":1,"name":"Home","item":"https:\/\/www.upjs.sk\/fakulta-verejnej-spravy\/en\/"},{"@type":"ListItem","position":2,"name":"Scientific Events"}]},{"@type":"WebSite","@id":"https:\/\/www.upjs.sk\/fakulta-verejnej-spravy\/en\/#website","url":"https:\/\/www.upjs.sk\/fakulta-verejnej-spravy\/en\/","name":"Fakulta verejnej spr\u00e1vy | UPJ\u0160","description":"","publisher":{"@id":"https:\/\/www.upjs.sk\/fakulta-verejnej-spravy\/en\/#organization"},"potentialAction":[{"@type":"SearchAction","target":{"@type":"EntryPoint","urlTemplate":"https:\/\/www.upjs.sk\/fakulta-verejnej-spravy\/en\/?s={search_term_string}"},"query-input":{"@type":"PropertyValueSpecification","valueRequired":true,"valueName":"search_term_string"}}],"inLanguage":"en-US"},{"@type":"Organization","@id":"https:\/\/www.upjs.sk\/fakulta-verejnej-spravy\/en\/#organization","name":"Fakulta verejnej spr\u00e1vy | UPJ\u0160","url":"https:\/\/www.upjs.sk\/fakulta-verejnej-spravy\/en\/","logo":{"@type":"ImageObject","inLanguage":"en-US","@id":"https:\/\/www.upjs.sk\/fakulta-verejnej-spravy\/en\/#\/schema\/logo\/image\/","url":"https:\/\/www.upjs.sk\/app\/uploads\/sites\/12\/2023\/01\/FVS_ENG_frame.svg","contentUrl":"https:\/\/www.upjs.sk\/app\/uploads\/sites\/12\/2023\/01\/FVS_ENG_frame.svg","width":292,"height":61,"caption":"Fakulta verejnej spr\u00e1vy | UPJ\u0160"},"image":{"@id":"https:\/\/www.upjs.sk\/fakulta-verejnej-spravy\/en\/#\/schema\/logo\/image\/"}}]}},"_links":{"self":[{"href":"https:\/\/www.upjs.sk\/fakulta-verejnej-spravy\/en\/wp-json\/wp\/v2\/pages\/22049","targetHints":{"allow":["GET"]}}],"collection":[{"href":"https:\/\/www.upjs.sk\/fakulta-verejnej-spravy\/en\/wp-json\/wp\/v2\/pages"}],"about":[{"href":"https:\/\/www.upjs.sk\/fakulta-verejnej-spravy\/en\/wp-json\/wp\/v2\/types\/page"}],"author":[{"embeddable":true,"href":"https:\/\/www.upjs.sk\/fakulta-verejnej-spravy\/en\/wp-json\/wp\/v2\/users\/20"}],"replies":[{"embeddable":true,"href":"https:\/\/www.upjs.sk\/fakulta-verejnej-spravy\/en\/wp-json\/wp\/v2\/comments?post=22049"}],"version-history":[{"count":8,"href":"https:\/\/www.upjs.sk\/fakulta-verejnej-spravy\/en\/wp-json\/wp\/v2\/pages\/22049\/revisions"}],"predecessor-version":[{"id":29725,"href":"https:\/\/www.upjs.sk\/fakulta-verejnej-spravy\/en\/wp-json\/wp\/v2\/pages\/22049\/revisions\/29725"}],"wp:attachment":[{"href":"https:\/\/www.upjs.sk\/fakulta-verejnej-spravy\/en\/wp-json\/wp\/v2\/media?parent=22049"}],"wp:term":[{"taxonomy":"category","embeddable":true,"href":"https:\/\/www.upjs.sk\/fakulta-verejnej-spravy\/en\/wp-json\/wp\/v2\/categories?post=22049"},{"taxonomy":"post_tag","embeddable":true,"href":"https:\/\/www.upjs.sk\/fakulta-verejnej-spravy\/en\/wp-json\/wp\/v2\/tags?post=22049"}],"curies":[{"name":"wp","href":"https:\/\/api.w.org\/{rel}","templated":true}]}}