{"id":22559,"date":"2022-11-10T09:39:24","date_gmt":"2022-11-10T09:39:24","guid":{"rendered":"https:\/\/www.upjs.sk\/fakulta-verejnej-spravy\/referat-pre-doktorandske-studium-a-vedeckovyskumnu-cinnost\/"},"modified":"2025-10-20T14:38:08","modified_gmt":"2025-10-20T13:38:08","slug":"referat-pre-doktorandske-studium-a-vedeckovyskumnu-cinnost","status":"publish","type":"page","link":"https:\/\/www.upjs.sk\/fakulta-verejnej-spravy\/en\/referat-pre-doktorandske-studium-a-vedeckovyskumnu-cinnost\/","title":{"rendered":"Department of Science, Research and Doctoral Studies"},"content":{"rendered":"\n<p><\/p>\n\n\n<style>.kb-row-layout-id22559_7ac800-b5 > .kt-row-column-wrap{align-content:start;}:where(.kb-row-layout-id22559_7ac800-b5 > .kt-row-column-wrap) > .wp-block-kadence-column{justify-content:start;}.kb-row-layout-id22559_7ac800-b5 > .kt-row-column-wrap{column-gap:var(--global-kb-gap-md, 2rem);row-gap:var(--global-kb-gap-md, 2rem);padding-top:0px;padding-bottom:0px;grid-template-columns:minmax(0, calc(20% - ((var(--global-kb-gap-md, 2rem) * 1 )\/2)))minmax(0, calc(80% - ((var(--global-kb-gap-md, 2rem) * 1 )\/2)));}.kb-row-layout-id22559_7ac800-b5 > .kt-row-layout-overlay{opacity:0.30;}@media all and (max-width: 1024px){.kb-row-layout-id22559_7ac800-b5 > .kt-row-column-wrap{grid-template-columns:minmax(0, 1fr) minmax(0, 2fr);}}@media all and (max-width: 767px){.kb-row-layout-id22559_7ac800-b5 > .kt-row-column-wrap{grid-template-columns:minmax(0, 1fr);}}<\/style><div class=\"kb-row-layout-wrap kb-row-layout-id22559_7ac800-b5 alignnone wp-block-kadence-rowlayout\"><div class=\"kt-row-column-wrap kt-has-2-columns kt-row-layout-right-golden kt-tab-layout-inherit kt-mobile-layout-row kt-row-valign-top\">\n<style>.kadence-column22559_ba7220-da > .kt-inside-inner-col,.kadence-column22559_ba7220-da > .kt-inside-inner-col:before{border-top-left-radius:0px;border-top-right-radius:0px;border-bottom-right-radius:0px;border-bottom-left-radius:0px;}.kadence-column22559_ba7220-da > .kt-inside-inner-col{column-gap:var(--global-kb-gap-sm, 1rem);}.kadence-column22559_ba7220-da > .kt-inside-inner-col{flex-direction:column;}.kadence-column22559_ba7220-da > .kt-inside-inner-col > .aligncenter{width:100%;}.kadence-column22559_ba7220-da > .kt-inside-inner-col:before{opacity:0.3;}.kadence-column22559_ba7220-da{position:relative;}@media all and (max-width: 1024px){.kadence-column22559_ba7220-da > .kt-inside-inner-col{flex-direction:column;justify-content:center;}}@media all and (max-width: 767px){.kadence-column22559_ba7220-da > .kt-inside-inner-col{flex-direction:column;justify-content:center;}}<\/style>\n<div class=\"wp-block-kadence-column kadence-column22559_ba7220-da inner-column-1\"><div class=\"kt-inside-inner-col\"><style>.kb-image22559_d576b3-24 .kb-image-has-overlay:after{opacity:0.3;}.kb-image22559_d576b3-24 img.kb-img, .kb-image22559_d576b3-24 .kb-img img{box-shadow:7px 0px 15px 0px #006DB2;}<\/style>\n<figure class=\"wp-block-kadence-image kb-image22559_d576b3-24 size-large is-resized\"><img loading=\"lazy\" decoding=\"async\" src=\"https:\/\/www.upjs.sk\/app\/uploads\/sites\/12\/2022\/09\/fofo-profil-small-1-681x1024.jpg\" alt=\"\" class=\"kb-img wp-image-13086\" width=\"150\" height=\"225\"\/><\/figure>\n<\/div><\/div>\n\n\n<style>.kadence-column22559_97dd9c-40 > .kt-inside-inner-col{display:flex;}.kadence-column22559_97dd9c-40 > .kt-inside-inner-col,.kadence-column22559_97dd9c-40 > .kt-inside-inner-col:before{border-top-left-radius:0px;border-top-right-radius:0px;border-bottom-right-radius:0px;border-bottom-left-radius:0px;}.kadence-column22559_97dd9c-40 > .kt-inside-inner-col{column-gap:var(--global-kb-gap-sm, 1rem);}.kadence-column22559_97dd9c-40 > .kt-inside-inner-col{flex-direction:column;justify-content:center;}.kadence-column22559_97dd9c-40 > .kt-inside-inner-col > .aligncenter{width:100%;}.kt-row-column-wrap > .kadence-column22559_97dd9c-40{align-self:center;}.kt-inner-column-height-full:not(.kt-has-1-columns) > .wp-block-kadence-column.kadence-column22559_97dd9c-40{align-self:auto;}.kt-inner-column-height-full:not(.kt-has-1-columns) > .wp-block-kadence-column.kadence-column22559_97dd9c-40 > .kt-inside-inner-col{flex-direction:column;justify-content:center;}.kadence-column22559_97dd9c-40 > .kt-inside-inner-col:before{opacity:0.3;}.kadence-column22559_97dd9c-40{position:relative;}@media all and (max-width: 1024px){.kt-row-column-wrap > .kadence-column22559_97dd9c-40{align-self:center;}}@media all and (max-width: 1024px){.kt-inner-column-height-full:not(.kt-has-1-columns) > .wp-block-kadence-column.kadence-column22559_97dd9c-40{align-self:auto;}}@media all and (max-width: 1024px){.kt-inner-column-height-full:not(.kt-has-1-columns) > .wp-block-kadence-column.kadence-column22559_97dd9c-40 > .kt-inside-inner-col{flex-direction:column;justify-content:center;}}@media all and (max-width: 1024px){.kadence-column22559_97dd9c-40 > .kt-inside-inner-col{flex-direction:column;justify-content:center;}}@media all and (max-width: 767px){.kt-row-column-wrap > .kadence-column22559_97dd9c-40{align-self:center;}.kt-inner-column-height-full:not(.kt-has-1-columns) > .wp-block-kadence-column.kadence-column22559_97dd9c-40{align-self:auto;}.kt-inner-column-height-full:not(.kt-has-1-columns) > .wp-block-kadence-column.kadence-column22559_97dd9c-40 > .kt-inside-inner-col{flex-direction:column;justify-content:center;}.kadence-column22559_97dd9c-40 > .kt-inside-inner-col{flex-direction:column;justify-content:center;}}<\/style>\n<div class=\"wp-block-kadence-column kadence-column22559_97dd9c-40 inner-column-2\"><div class=\"kt-inside-inner-col\">\n<p class=\"has-text-align-left\"><strong><a href=\"http:\/\/www.upjs.sk\/FVS\/zamestnanec\/miroslav.fecko\/\" class=\"ek-link\">PhDr. Miroslav Fe\u010dko, PhD.<\/a><\/strong><br>Vice-Dean for Science, Research and Foreign Relations<br>tel: +421&nbsp;55&nbsp;234 5154<br>e-mail: <a aria-label=\" (opens in a new tab)\" href=\"mailto:miroslav.fecko@upjs.sk\" target=\"_blank\" rel=\"noreferrer noopener\" class=\"ek-link\">miroslav.fecko@upjs.sk<\/a><\/p>\n<\/div><\/div>\n\n<\/div><\/div>\n\n<style>.kb-row-layout-id22559_a28604-6d > .kt-row-column-wrap{align-content:start;}:where(.kb-row-layout-id22559_a28604-6d > .kt-row-column-wrap) > .wp-block-kadence-column{justify-content:start;}.kb-row-layout-id22559_a28604-6d > .kt-row-column-wrap{column-gap:var(--global-kb-gap-md, 2rem);row-gap:var(--global-kb-gap-md, 2rem);padding-top:var(--global-kb-spacing-sm, 1.5rem);padding-bottom:var(--global-kb-spacing-sm, 1.5rem);grid-template-columns:minmax(0, 1fr);}.kb-row-layout-id22559_a28604-6d > .kt-row-layout-overlay{opacity:0.30;}@media all and (max-width: 1024px){.kb-row-layout-id22559_a28604-6d > .kt-row-column-wrap{grid-template-columns:minmax(0, 1fr);}}@media all and (max-width: 767px){.kb-row-layout-id22559_a28604-6d > .kt-row-column-wrap{grid-template-columns:minmax(0, 1fr);}}<\/style><div class=\"kb-row-layout-wrap kb-row-layout-id22559_a28604-6d alignnone wp-block-kadence-rowlayout\"><div class=\"kt-row-column-wrap kt-has-1-columns kt-row-layout-equal kt-tab-layout-inherit kt-mobile-layout-row kt-row-valign-top\">\n<style>.kadence-column22559_c913d7-d4 > .kt-inside-inner-col,.kadence-column22559_c913d7-d4 > .kt-inside-inner-col:before{border-top-left-radius:0px;border-top-right-radius:0px;border-bottom-right-radius:0px;border-bottom-left-radius:0px;}.kadence-column22559_c913d7-d4 > .kt-inside-inner-col{column-gap:var(--global-kb-gap-sm, 1rem);}.kadence-column22559_c913d7-d4 > .kt-inside-inner-col{flex-direction:column;}.kadence-column22559_c913d7-d4 > .kt-inside-inner-col > .aligncenter{width:100%;}.kadence-column22559_c913d7-d4 > .kt-inside-inner-col:before{opacity:0.3;}.kadence-column22559_c913d7-d4{position:relative;}@media all and (max-width: 1024px){.kadence-column22559_c913d7-d4 > .kt-inside-inner-col{flex-direction:column;justify-content:center;}}@media all and (max-width: 767px){.kadence-column22559_c913d7-d4 > .kt-inside-inner-col{flex-direction:column;justify-content:center;}}<\/style>\n<div class=\"wp-block-kadence-column kadence-column22559_c913d7-d4 inner-column-1\"><div class=\"kt-inside-inner-col\">\n<p>Ing. Jana Chmelov\u00e1<br>Department of Science, Research and Doctoral Studies<\/p>\n\n\n\n<p>\u2709 <a href=\"mailto: fvs-phd@upjs.sk\" target=\"_blank\" rel=\"noreferrer noopener\">fvs-phd@upjs.sk<\/a>, <a href=\"mailto:fvs-veda@upjs.sk\" target=\"_blank\" rel=\"noreferrer noopener\">fvs-veda@upjs.sk<\/a><br>\u2706 +421 55 234 5116<\/p>\n<\/div><\/div>\n\n<\/div><\/div>\n\n\n<p><\/p>\n","protected":false},"excerpt":{"rendered":"<p>PhDr. Miroslav Fe\u010dko, PhD.Vice-Dean for Science, Research and Foreign Relationstel: +421&nbsp;55&nbsp;234 5154e-mail: miroslav.fecko@upjs.sk Ing. Jana Chmelov\u00e1Department of Science, Research and Doctoral Studies \u2709 fvs-phd@upjs.sk, fvs-veda@upjs.sk\u2706 +421 55 234 5116<\/p>\n","protected":false},"author":20,"featured_media":0,"parent":0,"menu_order":39,"comment_status":"closed","ping_status":"closed","template":"","meta":{"_acf_changed":false,"_editorskit_title_hidden":false,"_editorskit_reading_time":1,"_editorskit_is_block_options_detached":false,"_editorskit_block_options_position":"{}","footnotes":""},"categories":[],"tags":[],"class_list":["post-22559","page","type-page","status-publish","hentry"],"acf":{"acf_link_na_externy_obsah":""},"yoast_head":"<!-- This site is optimized with the Yoast SEO plugin v27.2 - https:\/\/yoast.com\/product\/yoast-seo-wordpress\/ -->\n<title>Department of Science, Research and Doctoral Studies - Fakulta verejnej spr\u00e1vy | UPJ\u0160<\/title>\n<meta name=\"robots\" content=\"index, follow, max-snippet:-1, max-image-preview:large, max-video-preview:-1\" \/>\n<link rel=\"canonical\" href=\"https:\/\/www.upjs.sk\/fakulta-verejnej-spravy\/en\/referat-pre-doktorandske-studium-a-vedeckovyskumnu-cinnost\/\" \/>\n<meta property=\"og:locale\" content=\"en_US\" \/>\n<meta property=\"og:type\" content=\"article\" \/>\n<meta property=\"og:title\" content=\"Department of Science, Research and Doctoral Studies - Fakulta verejnej spr\u00e1vy | UPJ\u0160\" \/>\n<meta property=\"og:description\" content=\"PhDr. Miroslav Fe\u010dko, PhD.Vice-Dean for Science, Research and Foreign Relationstel: +421&nbsp;55&nbsp;234 5154e-mail: miroslav.fecko@upjs.sk Ing. Jana Chmelov\u00e1Department of Science, Research and Doctoral Studies \u2709 fvs-phd@upjs.sk, fvs-veda@upjs.sk\u2706 +421 55 234 5116\" \/>\n<meta property=\"og:url\" content=\"https:\/\/www.upjs.sk\/fakulta-verejnej-spravy\/en\/referat-pre-doktorandske-studium-a-vedeckovyskumnu-cinnost\/\" \/>\n<meta property=\"og:site_name\" content=\"Fakulta verejnej spr\u00e1vy | UPJ\u0160\" \/>\n<meta property=\"article:modified_time\" content=\"2025-10-20T13:38:08+00:00\" \/>\n<meta property=\"og:image\" content=\"https:\/\/www.upjs.sk\/app\/uploads\/sites\/12\/2022\/09\/fofo-profil-small-1-scaled-e1675768964519.jpg\" \/>\n\t<meta property=\"og:image:width\" content=\"150\" \/>\n\t<meta property=\"og:image:height\" content=\"225\" \/>\n\t<meta property=\"og:image:type\" content=\"image\/jpeg\" \/>\n<meta name=\"twitter:card\" content=\"summary_large_image\" \/>\n<meta name=\"twitter:label1\" content=\"Est. reading time\" \/>\n\t<meta name=\"twitter:data1\" content=\"1 minute\" \/>\n<script type=\"application\/ld+json\" class=\"yoast-schema-graph\">{\"@context\":\"https:\/\/schema.org\",\"@graph\":[{\"@type\":\"WebPage\",\"@id\":\"https:\/\/www.upjs.sk\/fakulta-verejnej-spravy\/en\/referat-pre-doktorandske-studium-a-vedeckovyskumnu-cinnost\/\",\"url\":\"https:\/\/www.upjs.sk\/fakulta-verejnej-spravy\/en\/referat-pre-doktorandske-studium-a-vedeckovyskumnu-cinnost\/\",\"name\":\"Department of Science, Research and Doctoral Studies - Fakulta verejnej spr\u00e1vy | UPJ\u0160\",\"isPartOf\":{\"@id\":\"https:\/\/www.upjs.sk\/fakulta-verejnej-spravy\/en\/#website\"},\"primaryImageOfPage\":{\"@id\":\"https:\/\/www.upjs.sk\/fakulta-verejnej-spravy\/en\/referat-pre-doktorandske-studium-a-vedeckovyskumnu-cinnost\/#primaryimage\"},\"image\":{\"@id\":\"https:\/\/www.upjs.sk\/fakulta-verejnej-spravy\/en\/referat-pre-doktorandske-studium-a-vedeckovyskumnu-cinnost\/#primaryimage\"},\"thumbnailUrl\":\"https:\/\/www.upjs.sk\/app\/uploads\/sites\/12\/2022\/09\/fofo-profil-small-1-681x1024.jpg\",\"datePublished\":\"2022-11-10T09:39:24+00:00\",\"dateModified\":\"2025-10-20T13:38:08+00:00\",\"breadcrumb\":{\"@id\":\"https:\/\/www.upjs.sk\/fakulta-verejnej-spravy\/en\/referat-pre-doktorandske-studium-a-vedeckovyskumnu-cinnost\/#breadcrumb\"},\"inLanguage\":\"en-US\",\"potentialAction\":[{\"@type\":\"ReadAction\",\"target\":[\"https:\/\/www.upjs.sk\/fakulta-verejnej-spravy\/en\/referat-pre-doktorandske-studium-a-vedeckovyskumnu-cinnost\/\"]}]},{\"@type\":\"ImageObject\",\"inLanguage\":\"en-US\",\"@id\":\"https:\/\/www.upjs.sk\/fakulta-verejnej-spravy\/en\/referat-pre-doktorandske-studium-a-vedeckovyskumnu-cinnost\/#primaryimage\",\"url\":\"https:\/\/www.upjs.sk\/app\/uploads\/sites\/12\/2022\/09\/fofo-profil-small-1-681x1024.jpg\",\"contentUrl\":\"https:\/\/www.upjs.sk\/app\/uploads\/sites\/12\/2022\/09\/fofo-profil-small-1-681x1024.jpg\"},{\"@type\":\"BreadcrumbList\",\"@id\":\"https:\/\/www.upjs.sk\/fakulta-verejnej-spravy\/en\/referat-pre-doktorandske-studium-a-vedeckovyskumnu-cinnost\/#breadcrumb\",\"itemListElement\":[{\"@type\":\"ListItem\",\"position\":1,\"name\":\"Home\",\"item\":\"https:\/\/www.upjs.sk\/fakulta-verejnej-spravy\/en\/\"},{\"@type\":\"ListItem\",\"position\":2,\"name\":\"Department of Science, Research and Doctoral Studies\"}]},{\"@type\":\"WebSite\",\"@id\":\"https:\/\/www.upjs.sk\/fakulta-verejnej-spravy\/en\/#website\",\"url\":\"https:\/\/www.upjs.sk\/fakulta-verejnej-spravy\/en\/\",\"name\":\"Fakulta verejnej spr\u00e1vy | UPJ\u0160\",\"description\":\"\",\"publisher\":{\"@id\":\"https:\/\/www.upjs.sk\/fakulta-verejnej-spravy\/en\/#organization\"},\"potentialAction\":[{\"@type\":\"SearchAction\",\"target\":{\"@type\":\"EntryPoint\",\"urlTemplate\":\"https:\/\/www.upjs.sk\/fakulta-verejnej-spravy\/en\/?s={search_term_string}\"},\"query-input\":{\"@type\":\"PropertyValueSpecification\",\"valueRequired\":true,\"valueName\":\"search_term_string\"}}],\"inLanguage\":\"en-US\"},{\"@type\":\"Organization\",\"@id\":\"https:\/\/www.upjs.sk\/fakulta-verejnej-spravy\/en\/#organization\",\"name\":\"Fakulta verejnej spr\u00e1vy | UPJ\u0160\",\"url\":\"https:\/\/www.upjs.sk\/fakulta-verejnej-spravy\/en\/\",\"logo\":{\"@type\":\"ImageObject\",\"inLanguage\":\"en-US\",\"@id\":\"https:\/\/www.upjs.sk\/fakulta-verejnej-spravy\/en\/#\/schema\/logo\/image\/\",\"url\":\"https:\/\/www.upjs.sk\/app\/uploads\/sites\/12\/2023\/01\/FVS_ENG_frame.svg\",\"contentUrl\":\"https:\/\/www.upjs.sk\/app\/uploads\/sites\/12\/2023\/01\/FVS_ENG_frame.svg\",\"width\":292,\"height\":61,\"caption\":\"Fakulta verejnej spr\u00e1vy | UPJ\u0160\"},\"image\":{\"@id\":\"https:\/\/www.upjs.sk\/fakulta-verejnej-spravy\/en\/#\/schema\/logo\/image\/\"}}]}<\/script>\n<!-- \/ Yoast SEO plugin. -->","yoast_head_json":{"title":"Department of Science, Research and Doctoral Studies - Fakulta verejnej spr\u00e1vy | UPJ\u0160","robots":{"index":"index","follow":"follow","max-snippet":"max-snippet:-1","max-image-preview":"max-image-preview:large","max-video-preview":"max-video-preview:-1"},"canonical":"https:\/\/www.upjs.sk\/fakulta-verejnej-spravy\/en\/referat-pre-doktorandske-studium-a-vedeckovyskumnu-cinnost\/","og_locale":"en_US","og_type":"article","og_title":"Department of Science, Research and Doctoral Studies - Fakulta verejnej spr\u00e1vy | UPJ\u0160","og_description":"PhDr. Miroslav Fe\u010dko, PhD.Vice-Dean for Science, Research and Foreign Relationstel: +421&nbsp;55&nbsp;234 5154e-mail: miroslav.fecko@upjs.sk Ing. Jana Chmelov\u00e1Department of Science, Research and Doctoral Studies \u2709 fvs-phd@upjs.sk, fvs-veda@upjs.sk\u2706 +421 55 234 5116","og_url":"https:\/\/www.upjs.sk\/fakulta-verejnej-spravy\/en\/referat-pre-doktorandske-studium-a-vedeckovyskumnu-cinnost\/","og_site_name":"Fakulta verejnej spr\u00e1vy | UPJ\u0160","article_modified_time":"2025-10-20T13:38:08+00:00","og_image":[{"width":150,"height":225,"url":"https:\/\/www.upjs.sk\/app\/uploads\/sites\/12\/2022\/09\/fofo-profil-small-1-scaled-e1675768964519.jpg","type":"image\/jpeg"}],"twitter_card":"summary_large_image","twitter_misc":{"Est. reading time":"1 minute"},"schema":{"@context":"https:\/\/schema.org","@graph":[{"@type":"WebPage","@id":"https:\/\/www.upjs.sk\/fakulta-verejnej-spravy\/en\/referat-pre-doktorandske-studium-a-vedeckovyskumnu-cinnost\/","url":"https:\/\/www.upjs.sk\/fakulta-verejnej-spravy\/en\/referat-pre-doktorandske-studium-a-vedeckovyskumnu-cinnost\/","name":"Department of Science, Research and Doctoral Studies - Fakulta verejnej spr\u00e1vy | UPJ\u0160","isPartOf":{"@id":"https:\/\/www.upjs.sk\/fakulta-verejnej-spravy\/en\/#website"},"primaryImageOfPage":{"@id":"https:\/\/www.upjs.sk\/fakulta-verejnej-spravy\/en\/referat-pre-doktorandske-studium-a-vedeckovyskumnu-cinnost\/#primaryimage"},"image":{"@id":"https:\/\/www.upjs.sk\/fakulta-verejnej-spravy\/en\/referat-pre-doktorandske-studium-a-vedeckovyskumnu-cinnost\/#primaryimage"},"thumbnailUrl":"https:\/\/www.upjs.sk\/app\/uploads\/sites\/12\/2022\/09\/fofo-profil-small-1-681x1024.jpg","datePublished":"2022-11-10T09:39:24+00:00","dateModified":"2025-10-20T13:38:08+00:00","breadcrumb":{"@id":"https:\/\/www.upjs.sk\/fakulta-verejnej-spravy\/en\/referat-pre-doktorandske-studium-a-vedeckovyskumnu-cinnost\/#breadcrumb"},"inLanguage":"en-US","potentialAction":[{"@type":"ReadAction","target":["https:\/\/www.upjs.sk\/fakulta-verejnej-spravy\/en\/referat-pre-doktorandske-studium-a-vedeckovyskumnu-cinnost\/"]}]},{"@type":"ImageObject","inLanguage":"en-US","@id":"https:\/\/www.upjs.sk\/fakulta-verejnej-spravy\/en\/referat-pre-doktorandske-studium-a-vedeckovyskumnu-cinnost\/#primaryimage","url":"https:\/\/www.upjs.sk\/app\/uploads\/sites\/12\/2022\/09\/fofo-profil-small-1-681x1024.jpg","contentUrl":"https:\/\/www.upjs.sk\/app\/uploads\/sites\/12\/2022\/09\/fofo-profil-small-1-681x1024.jpg"},{"@type":"BreadcrumbList","@id":"https:\/\/www.upjs.sk\/fakulta-verejnej-spravy\/en\/referat-pre-doktorandske-studium-a-vedeckovyskumnu-cinnost\/#breadcrumb","itemListElement":[{"@type":"ListItem","position":1,"name":"Home","item":"https:\/\/www.upjs.sk\/fakulta-verejnej-spravy\/en\/"},{"@type":"ListItem","position":2,"name":"Department of Science, Research and Doctoral Studies"}]},{"@type":"WebSite","@id":"https:\/\/www.upjs.sk\/fakulta-verejnej-spravy\/en\/#website","url":"https:\/\/www.upjs.sk\/fakulta-verejnej-spravy\/en\/","name":"Fakulta verejnej spr\u00e1vy | UPJ\u0160","description":"","publisher":{"@id":"https:\/\/www.upjs.sk\/fakulta-verejnej-spravy\/en\/#organization"},"potentialAction":[{"@type":"SearchAction","target":{"@type":"EntryPoint","urlTemplate":"https:\/\/www.upjs.sk\/fakulta-verejnej-spravy\/en\/?s={search_term_string}"},"query-input":{"@type":"PropertyValueSpecification","valueRequired":true,"valueName":"search_term_string"}}],"inLanguage":"en-US"},{"@type":"Organization","@id":"https:\/\/www.upjs.sk\/fakulta-verejnej-spravy\/en\/#organization","name":"Fakulta verejnej spr\u00e1vy | UPJ\u0160","url":"https:\/\/www.upjs.sk\/fakulta-verejnej-spravy\/en\/","logo":{"@type":"ImageObject","inLanguage":"en-US","@id":"https:\/\/www.upjs.sk\/fakulta-verejnej-spravy\/en\/#\/schema\/logo\/image\/","url":"https:\/\/www.upjs.sk\/app\/uploads\/sites\/12\/2023\/01\/FVS_ENG_frame.svg","contentUrl":"https:\/\/www.upjs.sk\/app\/uploads\/sites\/12\/2023\/01\/FVS_ENG_frame.svg","width":292,"height":61,"caption":"Fakulta verejnej spr\u00e1vy | UPJ\u0160"},"image":{"@id":"https:\/\/www.upjs.sk\/fakulta-verejnej-spravy\/en\/#\/schema\/logo\/image\/"}}]}},"_links":{"self":[{"href":"https:\/\/www.upjs.sk\/fakulta-verejnej-spravy\/en\/wp-json\/wp\/v2\/pages\/22559","targetHints":{"allow":["GET"]}}],"collection":[{"href":"https:\/\/www.upjs.sk\/fakulta-verejnej-spravy\/en\/wp-json\/wp\/v2\/pages"}],"about":[{"href":"https:\/\/www.upjs.sk\/fakulta-verejnej-spravy\/en\/wp-json\/wp\/v2\/types\/page"}],"author":[{"embeddable":true,"href":"https:\/\/www.upjs.sk\/fakulta-verejnej-spravy\/en\/wp-json\/wp\/v2\/users\/20"}],"replies":[{"embeddable":true,"href":"https:\/\/www.upjs.sk\/fakulta-verejnej-spravy\/en\/wp-json\/wp\/v2\/comments?post=22559"}],"version-history":[{"count":7,"href":"https:\/\/www.upjs.sk\/fakulta-verejnej-spravy\/en\/wp-json\/wp\/v2\/pages\/22559\/revisions"}],"predecessor-version":[{"id":29713,"href":"https:\/\/www.upjs.sk\/fakulta-verejnej-spravy\/en\/wp-json\/wp\/v2\/pages\/22559\/revisions\/29713"}],"wp:attachment":[{"href":"https:\/\/www.upjs.sk\/fakulta-verejnej-spravy\/en\/wp-json\/wp\/v2\/media?parent=22559"}],"wp:term":[{"taxonomy":"category","embeddable":true,"href":"https:\/\/www.upjs.sk\/fakulta-verejnej-spravy\/en\/wp-json\/wp\/v2\/categories?post=22559"},{"taxonomy":"post_tag","embeddable":true,"href":"https:\/\/www.upjs.sk\/fakulta-verejnej-spravy\/en\/wp-json\/wp\/v2\/tags?post=22559"}],"curies":[{"name":"wp","href":"https:\/\/api.w.org\/{rel}","templated":true}]}}