{"id":23330,"date":"2022-09-23T11:43:53","date_gmt":"2022-09-23T11:43:53","guid":{"rendered":"https:\/\/www.upjs.sk\/fakulta-verejnej-spravy\/studijni-poradcovia\/"},"modified":"2024-04-19T07:54:54","modified_gmt":"2024-04-19T06:54:54","slug":"studijni-poradcovia","status":"publish","type":"page","link":"https:\/\/www.upjs.sk\/fakulta-verejnej-spravy\/en\/studijni-poradcovia\/","title":{"rendered":"Study Counsellors"},"content":{"rendered":"\n<p><a href=\"http:\/\/www.upjs.sk\/FVS\/zamestnanec\/jozef.andrejcak\" target=\"_blank\" aria-label=\" (opens in a new tab)\" rel=\"noreferrer noopener\" class=\"ek-link\"><strong>PhDr. Jozef Andrej\u010d\u00e1k, PhD.<\/strong><\/a><br>1st year of Bachelor study programs <strong>Public Administration, European Public Administration <\/strong>and <strong>Information Systems in Public Administration <\/strong>(full-time and external forms of study)<\/p>\n\n\n\n<p><a aria-label=\"PhDr. Jana Volochov\u00e1, PhD. (opens in a new tab)\" href=\"http:\/\/www.upjs.sk\/FVS\/zamestnanec\/jana.volochova\" target=\"_blank\" rel=\"noreferrer noopener\" class=\"ek-link\"><strong>PhDr. Jana Volochov\u00e1, PhD.<\/strong><\/a><br>2nd year of Bachelor study programs <strong>Public Administration, European Public Administration <\/strong>and <strong>Information Systems in Public Administration <\/strong>(full-time and external forms of study)<\/p>\n\n\n\n<p><a aria-label=\"Mgr. Veronika D\u017eatkov\u00e1, PhD. (opens in a new tab)\" href=\"http:\/\/www.upjs.sk\/FVS\/zamestnanec\/veronika.dzatkova\" target=\"_blank\" rel=\"noreferrer noopener\" class=\"ek-link\"><strong>Mgr. Veronika D\u017eatkov\u00e1, PhD.<\/strong><\/a><br>3rd year of Bachelor study programs <strong>Public Administration, European Public Administration <\/strong>and <strong>Information Systems in Public Administration <\/strong>(full-time and external forms of study)<\/p>\n\n\n\n<p><a aria-label=\"PhDr. Jana D\u017eu\u0148ov\u00e1, PhD. (opens in a new tab)\" href=\"http:\/\/www.upjs.sk\/FVS\/zamestnanec\/jana.dzunova.\" target=\"_blank\" rel=\"noreferrer noopener\" class=\"ek-link\"><strong>PhDr. Jana D\u017eu\u0148ov\u00e1, PhD.<\/strong><\/a><br>1st year of Master study programs <strong>Public Administration, European Public Administration <\/strong>and <strong>Information Systems in Public Administration <\/strong>(full-time and external forms of study)<\/p>\n\n\n\n<p><a aria-label=\"PhDr. Ondrej Mita\u013e, PhD. (opens in a new tab)\" href=\"http:\/\/www.upjs.sk\/FVS\/zamestnanec\/ondrej.mital\" target=\"_blank\" rel=\"noreferrer noopener\" class=\"ek-link\"><strong>PhDr. Ondrej Mita\u013e, PhD.<\/strong><\/a><br>2nd year of Master study programs <strong>Public Administration, European Public Administration <\/strong>and <strong>Information Systems in Public Administration <\/strong>(full-time and external forms of study)<\/p>\n","protected":false},"excerpt":{"rendered":"<p>PhDr. Jozef Andrej\u010d\u00e1k, PhD.1st year of Bachelor study programs Public Administration, European Public Administration and Information Systems in Public Administration (full-time and external forms of study) PhDr. Jana Volochov\u00e1, PhD.2nd year of Bachelor study programs Public Administration, European Public Administration and Information Systems in Public Administration (full-time and external forms of study) Mgr. Veronika D\u017eatkov\u00e1, &hellip; <a href=\"https:\/\/www.upjs.sk\/fakulta-verejnej-spravy\/en\/studijni-poradcovia\/\">Continued<\/a><\/p>\n","protected":false},"author":1,"featured_media":0,"parent":0,"menu_order":40,"comment_status":"closed","ping_status":"closed","template":"","meta":{"_acf_changed":false,"_editorskit_title_hidden":false,"_editorskit_reading_time":1,"_editorskit_is_block_options_detached":false,"_editorskit_block_options_position":"{}","footnotes":""},"categories":[],"tags":[],"class_list":["post-23330","page","type-page","status-publish","hentry"],"acf":{"acf_link_na_externy_obsah":""},"yoast_head":"<!-- This site is optimized with the Yoast SEO plugin v27.4 - https:\/\/yoast.com\/product\/yoast-seo-wordpress\/ -->\n<title>Study Counsellors - Fakulta verejnej spr\u00e1vy | UPJ\u0160<\/title>\n<meta name=\"robots\" content=\"index, follow, max-snippet:-1, max-image-preview:large, max-video-preview:-1\" \/>\n<link rel=\"canonical\" href=\"https:\/\/www.upjs.sk\/fakulta-verejnej-spravy\/en\/studijni-poradcovia\/\" \/>\n<meta property=\"og:locale\" content=\"en_US\" \/>\n<meta property=\"og:type\" content=\"article\" \/>\n<meta property=\"og:title\" content=\"Study Counsellors - Fakulta verejnej spr\u00e1vy | UPJ\u0160\" \/>\n<meta property=\"og:description\" content=\"PhDr. Jozef Andrej\u010d\u00e1k, PhD.1st year of Bachelor study programs Public Administration, European Public Administration and Information Systems in Public Administration (full-time and external forms of study) PhDr. Jana Volochov\u00e1, PhD.2nd year of Bachelor study programs Public Administration, European Public Administration and Information Systems in Public Administration (full-time and external forms of study) Mgr. Veronika D\u017eatkov\u00e1, &hellip; Continued\" \/>\n<meta property=\"og:url\" content=\"https:\/\/www.upjs.sk\/fakulta-verejnej-spravy\/en\/studijni-poradcovia\/\" \/>\n<meta property=\"og:site_name\" content=\"Fakulta verejnej spr\u00e1vy | UPJ\u0160\" \/>\n<meta property=\"article:modified_time\" content=\"2024-04-19T06:54:54+00:00\" \/>\n<meta name=\"twitter:card\" content=\"summary_large_image\" \/>\n<meta name=\"twitter:label1\" content=\"Est. reading time\" \/>\n\t<meta name=\"twitter:data1\" content=\"1 minute\" \/>\n<script type=\"application\/ld+json\" class=\"yoast-schema-graph\">{\"@context\":\"https:\\\/\\\/schema.org\",\"@graph\":[{\"@type\":\"WebPage\",\"@id\":\"https:\\\/\\\/www.upjs.sk\\\/fakulta-verejnej-spravy\\\/en\\\/studijni-poradcovia\\\/\",\"url\":\"https:\\\/\\\/www.upjs.sk\\\/fakulta-verejnej-spravy\\\/en\\\/studijni-poradcovia\\\/\",\"name\":\"Study Counsellors - Fakulta verejnej spr\u00e1vy | UPJ\u0160\",\"isPartOf\":{\"@id\":\"https:\\\/\\\/www.upjs.sk\\\/fakulta-verejnej-spravy\\\/en\\\/#website\"},\"datePublished\":\"2022-09-23T11:43:53+00:00\",\"dateModified\":\"2024-04-19T06:54:54+00:00\",\"breadcrumb\":{\"@id\":\"https:\\\/\\\/www.upjs.sk\\\/fakulta-verejnej-spravy\\\/en\\\/studijni-poradcovia\\\/#breadcrumb\"},\"inLanguage\":\"en-US\",\"potentialAction\":[{\"@type\":\"ReadAction\",\"target\":[\"https:\\\/\\\/www.upjs.sk\\\/fakulta-verejnej-spravy\\\/en\\\/studijni-poradcovia\\\/\"]}]},{\"@type\":\"BreadcrumbList\",\"@id\":\"https:\\\/\\\/www.upjs.sk\\\/fakulta-verejnej-spravy\\\/en\\\/studijni-poradcovia\\\/#breadcrumb\",\"itemListElement\":[{\"@type\":\"ListItem\",\"position\":1,\"name\":\"Home\",\"item\":\"https:\\\/\\\/www.upjs.sk\\\/fakulta-verejnej-spravy\\\/en\\\/\"},{\"@type\":\"ListItem\",\"position\":2,\"name\":\"Study Counsellors\"}]},{\"@type\":\"WebSite\",\"@id\":\"https:\\\/\\\/www.upjs.sk\\\/fakulta-verejnej-spravy\\\/en\\\/#website\",\"url\":\"https:\\\/\\\/www.upjs.sk\\\/fakulta-verejnej-spravy\\\/en\\\/\",\"name\":\"Fakulta verejnej spr\u00e1vy | UPJ\u0160\",\"description\":\"\",\"publisher\":{\"@id\":\"https:\\\/\\\/www.upjs.sk\\\/fakulta-verejnej-spravy\\\/en\\\/#organization\"},\"potentialAction\":[{\"@type\":\"SearchAction\",\"target\":{\"@type\":\"EntryPoint\",\"urlTemplate\":\"https:\\\/\\\/www.upjs.sk\\\/fakulta-verejnej-spravy\\\/en\\\/?s={search_term_string}\"},\"query-input\":{\"@type\":\"PropertyValueSpecification\",\"valueRequired\":true,\"valueName\":\"search_term_string\"}}],\"inLanguage\":\"en-US\"},{\"@type\":\"Organization\",\"@id\":\"https:\\\/\\\/www.upjs.sk\\\/fakulta-verejnej-spravy\\\/en\\\/#organization\",\"name\":\"Fakulta verejnej spr\u00e1vy | UPJ\u0160\",\"url\":\"https:\\\/\\\/www.upjs.sk\\\/fakulta-verejnej-spravy\\\/en\\\/\",\"logo\":{\"@type\":\"ImageObject\",\"inLanguage\":\"en-US\",\"@id\":\"https:\\\/\\\/www.upjs.sk\\\/fakulta-verejnej-spravy\\\/en\\\/#\\\/schema\\\/logo\\\/image\\\/\",\"url\":\"https:\\\/\\\/www.upjs.sk\\\/app\\\/uploads\\\/sites\\\/12\\\/2023\\\/01\\\/FVS_ENG_frame.svg\",\"contentUrl\":\"https:\\\/\\\/www.upjs.sk\\\/app\\\/uploads\\\/sites\\\/12\\\/2023\\\/01\\\/FVS_ENG_frame.svg\",\"width\":292,\"height\":61,\"caption\":\"Fakulta verejnej spr\u00e1vy | UPJ\u0160\"},\"image\":{\"@id\":\"https:\\\/\\\/www.upjs.sk\\\/fakulta-verejnej-spravy\\\/en\\\/#\\\/schema\\\/logo\\\/image\\\/\"}}]}<\/script>\n<!-- \/ Yoast SEO plugin. -->","yoast_head_json":{"title":"Study Counsellors - Fakulta verejnej spr\u00e1vy | UPJ\u0160","robots":{"index":"index","follow":"follow","max-snippet":"max-snippet:-1","max-image-preview":"max-image-preview:large","max-video-preview":"max-video-preview:-1"},"canonical":"https:\/\/www.upjs.sk\/fakulta-verejnej-spravy\/en\/studijni-poradcovia\/","og_locale":"en_US","og_type":"article","og_title":"Study Counsellors - Fakulta verejnej spr\u00e1vy | UPJ\u0160","og_description":"PhDr. Jozef Andrej\u010d\u00e1k, PhD.1st year of Bachelor study programs Public Administration, European Public Administration and Information Systems in Public Administration (full-time and external forms of study) PhDr. Jana Volochov\u00e1, PhD.2nd year of Bachelor study programs Public Administration, European Public Administration and Information Systems in Public Administration (full-time and external forms of study) Mgr. Veronika D\u017eatkov\u00e1, &hellip; Continued","og_url":"https:\/\/www.upjs.sk\/fakulta-verejnej-spravy\/en\/studijni-poradcovia\/","og_site_name":"Fakulta verejnej spr\u00e1vy | UPJ\u0160","article_modified_time":"2024-04-19T06:54:54+00:00","twitter_card":"summary_large_image","twitter_misc":{"Est. reading time":"1 minute"},"schema":{"@context":"https:\/\/schema.org","@graph":[{"@type":"WebPage","@id":"https:\/\/www.upjs.sk\/fakulta-verejnej-spravy\/en\/studijni-poradcovia\/","url":"https:\/\/www.upjs.sk\/fakulta-verejnej-spravy\/en\/studijni-poradcovia\/","name":"Study Counsellors - Fakulta verejnej spr\u00e1vy | UPJ\u0160","isPartOf":{"@id":"https:\/\/www.upjs.sk\/fakulta-verejnej-spravy\/en\/#website"},"datePublished":"2022-09-23T11:43:53+00:00","dateModified":"2024-04-19T06:54:54+00:00","breadcrumb":{"@id":"https:\/\/www.upjs.sk\/fakulta-verejnej-spravy\/en\/studijni-poradcovia\/#breadcrumb"},"inLanguage":"en-US","potentialAction":[{"@type":"ReadAction","target":["https:\/\/www.upjs.sk\/fakulta-verejnej-spravy\/en\/studijni-poradcovia\/"]}]},{"@type":"BreadcrumbList","@id":"https:\/\/www.upjs.sk\/fakulta-verejnej-spravy\/en\/studijni-poradcovia\/#breadcrumb","itemListElement":[{"@type":"ListItem","position":1,"name":"Home","item":"https:\/\/www.upjs.sk\/fakulta-verejnej-spravy\/en\/"},{"@type":"ListItem","position":2,"name":"Study Counsellors"}]},{"@type":"WebSite","@id":"https:\/\/www.upjs.sk\/fakulta-verejnej-spravy\/en\/#website","url":"https:\/\/www.upjs.sk\/fakulta-verejnej-spravy\/en\/","name":"Fakulta verejnej spr\u00e1vy | UPJ\u0160","description":"","publisher":{"@id":"https:\/\/www.upjs.sk\/fakulta-verejnej-spravy\/en\/#organization"},"potentialAction":[{"@type":"SearchAction","target":{"@type":"EntryPoint","urlTemplate":"https:\/\/www.upjs.sk\/fakulta-verejnej-spravy\/en\/?s={search_term_string}"},"query-input":{"@type":"PropertyValueSpecification","valueRequired":true,"valueName":"search_term_string"}}],"inLanguage":"en-US"},{"@type":"Organization","@id":"https:\/\/www.upjs.sk\/fakulta-verejnej-spravy\/en\/#organization","name":"Fakulta verejnej spr\u00e1vy | UPJ\u0160","url":"https:\/\/www.upjs.sk\/fakulta-verejnej-spravy\/en\/","logo":{"@type":"ImageObject","inLanguage":"en-US","@id":"https:\/\/www.upjs.sk\/fakulta-verejnej-spravy\/en\/#\/schema\/logo\/image\/","url":"https:\/\/www.upjs.sk\/app\/uploads\/sites\/12\/2023\/01\/FVS_ENG_frame.svg","contentUrl":"https:\/\/www.upjs.sk\/app\/uploads\/sites\/12\/2023\/01\/FVS_ENG_frame.svg","width":292,"height":61,"caption":"Fakulta verejnej spr\u00e1vy | UPJ\u0160"},"image":{"@id":"https:\/\/www.upjs.sk\/fakulta-verejnej-spravy\/en\/#\/schema\/logo\/image\/"}}]}},"_links":{"self":[{"href":"https:\/\/www.upjs.sk\/fakulta-verejnej-spravy\/en\/wp-json\/wp\/v2\/pages\/23330","targetHints":{"allow":["GET"]}}],"collection":[{"href":"https:\/\/www.upjs.sk\/fakulta-verejnej-spravy\/en\/wp-json\/wp\/v2\/pages"}],"about":[{"href":"https:\/\/www.upjs.sk\/fakulta-verejnej-spravy\/en\/wp-json\/wp\/v2\/types\/page"}],"author":[{"embeddable":true,"href":"https:\/\/www.upjs.sk\/fakulta-verejnej-spravy\/en\/wp-json\/wp\/v2\/users\/1"}],"replies":[{"embeddable":true,"href":"https:\/\/www.upjs.sk\/fakulta-verejnej-spravy\/en\/wp-json\/wp\/v2\/comments?post=23330"}],"version-history":[{"count":5,"href":"https:\/\/www.upjs.sk\/fakulta-verejnej-spravy\/en\/wp-json\/wp\/v2\/pages\/23330\/revisions"}],"predecessor-version":[{"id":26552,"href":"https:\/\/www.upjs.sk\/fakulta-verejnej-spravy\/en\/wp-json\/wp\/v2\/pages\/23330\/revisions\/26552"}],"wp:attachment":[{"href":"https:\/\/www.upjs.sk\/fakulta-verejnej-spravy\/en\/wp-json\/wp\/v2\/media?parent=23330"}],"wp:term":[{"taxonomy":"category","embeddable":true,"href":"https:\/\/www.upjs.sk\/fakulta-verejnej-spravy\/en\/wp-json\/wp\/v2\/categories?post=23330"},{"taxonomy":"post_tag","embeddable":true,"href":"https:\/\/www.upjs.sk\/fakulta-verejnej-spravy\/en\/wp-json\/wp\/v2\/tags?post=23330"}],"curies":[{"name":"wp","href":"https:\/\/api.w.org\/{rel}","templated":true}]}}