{"id":12952,"date":"2022-09-14T15:22:30","date_gmt":"2022-09-14T15:22:30","guid":{"rendered":"https:\/\/www.upjs.sk\/fakulta-verejnej-spravy\/zahranicne-vztahy\/"},"modified":"2023-01-23T11:16:41","modified_gmt":"2023-01-23T10:16:41","slug":"medzinarodne-vztahy","status":"publish","type":"page","link":"https:\/\/www.upjs.sk\/fakulta-verejnej-spravy\/medzinarodne-vztahy\/","title":{"rendered":"Medzin\u00e1rodn\u00e9 vz\u0165ahy"},"content":{"rendered":"<p><span style=\"font-size: 16px;\"><strong>Erasmus+ mobility<br \/>\n<\/strong><\/span><span style=\"font-size: 16px;\"><a href=\"https:\/\/www.upjs.sk\/informacie\/medzinarodne-vztahy\/erasmus\/ka131-studium\/\">V\u0161eobecn\u00e9 inform\u00e1cie<\/a><\/span><br \/>\n<a href=\"\/fakulta-verejnej-spravy\/zahranicne-vztahy\/27607\/\"><span style=\"font-size: 16px;\">V\u00fdberov\u00e9 konanie 2022\/2023 &#8211; kr\u00e1tkodob\u00e9 mobility doktorandov<\/span><\/a><br \/>\n<a href=\"https:\/\/www.upjs.sk\/fakulta-verejnej-spravy\/zahranicne-vztahy\/26676\"><span style=\"font-size: 16px;\">V\u00fdberov\u00e9 konanie 2022\/2023<\/span><\/a><span style=\"font-size: 16px;\"><br \/>\n<a href=\"https:\/\/www.upjs.sk\/fakulta-verejnej-spravy\/zahranicne-vztahy\/26677\">Partnersk\u00e9 univerzity a bilater\u00e1lne zmluvy 2022\/2023<\/a><\/span><\/p>\n<p><span style=\"font-size: 16px;\"><strong>Erasmus+ ponuky<\/strong><\/span><span style=\"font-size: 16px;\"><br \/>\n<a href=\"https:\/\/erasmusintern.org\/traineeships\" target=\"_blank\" rel=\"noopener\">Internships Search<\/a><\/span><span style=\"font-size: 16px;\"><br \/>\n<a href=\"\/public\/media\/1160\/Erasmus Placement_Offer_Form_VIGO_Spain_ORI.pdf\" target=\"_blank\" rel=\"noopener\">University of Vigo (Spain) &#8211; St\u00e1\u017e<\/a><\/span><br \/>\n<a style=\"font-size: 16px;\" href=\"\/public\/media\/1160\/nabidka staze pro SK studenty, 01_2020.pdf\" target=\"_blank\" rel=\"noopener\">Ascari &#8211; St\u00e1\u017e<\/a><span style=\"font-size: 16px;\"><br \/>\n<a href=\"\/public\/media\/1160\/Nabidka_staz_Erasmus.pdf\" target=\"_blank\" rel=\"noopener\">Institut pro politiku a spole\u010dnost &#8211; St\u00e1\u017e<\/a><\/span><span style=\"font-size: 16px;\"><br \/>\n<a href=\"\/public\/media\/1160\/Erasmus+ Staz - Agora CE.pdf\" target=\"_blank\" rel=\"noopener\">Agora CE &#8211; St\u00e1\u017e<\/a><\/span><span style=\"font-size: 16px;\"><br \/>\n<a href=\"\/public\/media\/1160\/Ponuka staze EDUCA Praha CZ.pdf\" target=\"_blank\" rel=\"noopener\"><span style=\"font-family: calibri;\">EDUCA International &#8211; St\u00e1\u017e<\/span><\/a><\/span><br \/>\n<a href=\"\/public\/media\/1160\/PONUKA staz02.jpg\" target=\"_blank\" rel=\"noopener\"><span style=\"color: #2980b9;\"><span style=\"font-size: 16px;\">Amnesty International &#8211; St\u00e1\u017e<\/span><\/span><\/a><span style=\"font-size: 16px;\"><br \/>\n<a href=\"https:\/\/www.mup.cz\/zahranicni-spoluprace\/pracovni-staze-erasmus\/\" target=\"_blank\" rel=\"noopener\">Metropolitn\u00ed Univerzita Praha &#8211; St\u00e1\u017e<\/a><\/span><\/p>\n<p><span style=\"font-size: 16px;\"><strong>Erasmus+\u00a0<\/strong><strong style=\"font-size: 16px;\">Incoming S<\/strong><strong>tudents<\/strong><\/span><span style=\"font-size: 16px;\"><br \/>\n<a href=\"https:\/\/www.upjs.sk\/fakulta-verejnej-spravy\/zahranicne-vztahy\/24542\" target=\"_blank\" rel=\"noopener\">Description of Course Units 2022\/2023<\/a><\/span><span style=\"font-size: 16px;\"><br \/>\n<a href=\"http:\/\/www.upjs.sk\/en\/university\/international-relations\/erasmus-plus\/incoming-students\/\">Deadlines, Application Procedure, Accommodation<\/a><\/span><span style=\"font-size: 16px;\"><strong><br \/>\n<\/strong><a href=\"https:\/\/www.upjs.sk\/fakulta-verejnej-spravy\/zahranicne-vztahy\/18354\">Double Degree<\/a> &#8211; \u0161tudujte v zahrani\u010d\u00ed a z\u00edskajte dvojit\u00fd diplom<\/span><\/p>\n<p><span style=\"font-size: 16px;\"><strong>In\u00e9 ponuky<\/strong><\/span><br \/>\n<a style=\"font-size: 16px;\" href=\"https:\/\/www.hwr-berlin.de\/en\/study\/international-study\/hwr-berlin-summer-winter-school\/\" target=\"_blank\" rel=\"noopener\">HWR Berlin Summer School 2022 Blended Learning<\/a><br \/>\n<a href=\"http:\/\/www.stipendia.sk\"><span style=\"font-size: 16px;\"><span style=\"color: #2980b9;\">N\u00e1rodn\u00fd \u0161tipendijn\u00fd program SR 2022\/2023<\/span><\/span><\/a><span style=\"font-size: 16px;\"><br \/>\n<a href=\"https:\/\/www.aktion.saia.sk\/sk\/main\/stipendia-akcie\/\" target=\"_blank\" rel=\"noopener\">Akcia Rak\u00fasko &#8211; Slovensko \/ \u0161tipendi\u00e1<\/a><\/span><span style=\"font-size: 16px;\"><br \/>\n<a href=\"https:\/\/www.aktion.saia.sk\/sk\/main\/projekty-akcie\/\" target=\"_blank\" rel=\"noopener\">Akcia Rak\u00fasko &#8211; Slovensko \/ projekty<\/a><\/span><span style=\"font-size: 16px;\"><br \/>\n<a href=\"\/fakulta-verejnej-spravy\/zahranicne-vztahy\/4233\/\">Europass &#8211; eur\u00f3psky \u017eivotopis<\/a><\/span><span style=\"font-size: 16px;\"><br \/>\n<a href=\"https:\/\/www.upjs.sk\/public\/media\/10163\/2017-SK-Erasmus-Charta-Studenta.pdf\">Erasmus Charta \u0161tudenta\u00a0<\/a><\/span><\/p>\n<p><span style=\"font-size: 16px;\"><strong>Medzin\u00e1rodn\u00e9 projekty<br \/>\n<\/strong><\/span><span style=\"font-size: 16px;\"><a href=\"https:\/\/www.upjs.sk\/en\/faculty-of-public-administration\/DiGreen\/\" target=\"_blank\" rel=\"noopener\">Digital Government for Green Municipalities and Cities (DiGreen)<\/a><\/span><span style=\"font-size: 16px;\"><br \/>\n<a href=\"https:\/\/www.upjs.sk\/fakulta-verejnej-spravy\/verejnost-media\/24501\/\" target=\"_blank\" rel=\"noopener\">Future of Public Administration<\/a><\/span><span style=\"font-size: 16px;\"><br \/>\n<a href=\"https:\/\/www.upjs.sk\/fakulta-verejnej-spravy\/zahranicne-vztahy\/22907\" target=\"_blank\" rel=\"noopener\">Public Administration Education Quality Enhancement (PAQUALITY)<\/a><\/span><span style=\"font-size: 16px;\"><br \/>\n<a href=\"https:\/\/www.upjs.sk\/fakulta-verejnej-spravy\/zahranicne-vztahy\/22908\" target=\"_blank\" rel=\"noopener\">Kompetenzaufbau f\u00fcr eine wirkungsorientierte Steuerung in kleinen und mittleren Kommunen (KoWiSt)<\/a><\/span><\/p>\n<p><span style=\"font-size: 16px;\"><strong>Kontakt:<\/strong><\/span><\/p>\n<p><span style=\"font-size: 16px;\"><strong>PhDr. Miroslav Fe\u010dko, PhD.<\/strong><br \/>\nProdekan pre zahrani\u010dn\u00e9 vz\u0165ahy a rozvoj<br \/>\nTel. \u010d. +421 55 234 5154<br \/>\nE-mail: miroslav.fecko@upjs.sk\u00a0\u00a0\u00a0<\/span><\/p>\n<p><span style=\"font-size: 16px;\"><strong>Ing. Jana Chmelov\u00e1<\/strong><br \/>\nRefer\u00e1t pre\u00a0zahrani\u010dn\u00e9 vz\u0165ahy a rozvoj<br \/>\nTel. \u010d. +421 55 234 5116<br \/>\nE-mail: jana.chmelova@upjs.sk \u00a0\u00a0<\/span><\/p>\n","protected":false},"excerpt":{"rendered":"<p>Erasmus+ mobility V\u0161eobecn\u00e9 inform\u00e1cie V\u00fdberov\u00e9 konanie 2022\/2023 &#8211; kr\u00e1tkodob\u00e9 mobility doktorandov V\u00fdberov\u00e9 konanie 2022\/2023 Partnersk\u00e9 univerzity a bilater\u00e1lne zmluvy 2022\/2023 Erasmus+ ponuky Internships Search University of Vigo (Spain) &#8211; St\u00e1\u017e Ascari &#8211; St\u00e1\u017e Institut pro politiku a spole\u010dnost &#8211; St\u00e1\u017e Agora CE &#8211; St\u00e1\u017e EDUCA International &#8211; St\u00e1\u017e Amnesty International &#8211; St\u00e1\u017e Metropolitn\u00ed Univerzita Praha &hellip; <a href=\"https:\/\/www.upjs.sk\/fakulta-verejnej-spravy\/medzinarodne-vztahy\/\">\u010c\u00edta\u0165 \u010falej<\/a><\/p>\n","protected":false},"author":1,"featured_media":12953,"parent":0,"menu_order":39,"comment_status":"closed","ping_status":"closed","template":"","meta":{"_acf_changed":false,"_editorskit_title_hidden":false,"_editorskit_reading_time":1,"_editorskit_is_block_options_detached":false,"_editorskit_block_options_position":"{}","footnotes":""},"categories":[],"tags":[],"class_list":["post-12952","page","type-page","status-publish","has-post-thumbnail","hentry"],"acf":{"acf_link_na_externy_obsah":""},"yoast_head":"<!-- This site is optimized with the Yoast SEO plugin v27.4 - https:\/\/yoast.com\/product\/yoast-seo-wordpress\/ -->\n<title>Medzin\u00e1rodn\u00e9 vz\u0165ahy - Fakulta verejnej spr\u00e1vy | UPJ\u0160<\/title>\n<meta name=\"robots\" content=\"index, follow, max-snippet:-1, max-image-preview:large, max-video-preview:-1\" \/>\n<link rel=\"canonical\" href=\"https:\/\/www.upjs.sk\/fakulta-verejnej-spravy\/medzinarodne-vztahy\/\" \/>\n<meta property=\"og:locale\" content=\"sk_SK\" \/>\n<meta property=\"og:type\" content=\"article\" \/>\n<meta property=\"og:title\" content=\"Medzin\u00e1rodn\u00e9 vz\u0165ahy - Fakulta verejnej spr\u00e1vy | UPJ\u0160\" \/>\n<meta property=\"og:description\" content=\"Erasmus+ mobility V\u0161eobecn\u00e9 inform\u00e1cie V\u00fdberov\u00e9 konanie 2022\/2023 &#8211; kr\u00e1tkodob\u00e9 mobility doktorandov V\u00fdberov\u00e9 konanie 2022\/2023 Partnersk\u00e9 univerzity a bilater\u00e1lne zmluvy 2022\/2023 Erasmus+ ponuky Internships Search University of Vigo (Spain) &#8211; St\u00e1\u017e Ascari &#8211; St\u00e1\u017e Institut pro politiku a spole\u010dnost &#8211; St\u00e1\u017e Agora CE &#8211; St\u00e1\u017e EDUCA International &#8211; St\u00e1\u017e Amnesty International &#8211; St\u00e1\u017e Metropolitn\u00ed Univerzita Praha &hellip; \u010c\u00edta\u0165 \u010falej\" \/>\n<meta property=\"og:url\" content=\"https:\/\/www.upjs.sk\/fakulta-verejnej-spravy\/medzinarodne-vztahy\/\" \/>\n<meta property=\"og:site_name\" content=\"Fakulta verejnej spr\u00e1vy | UPJ\u0160\" \/>\n<meta property=\"article:modified_time\" content=\"2023-01-23T10:16:41+00:00\" \/>\n<meta property=\"og:image\" content=\"https:\/\/www.upjs.sk\/app\/uploads\/sites\/12\/2022\/09\/dilpom-Kunca-sutaz.jpg\" \/>\n\t<meta property=\"og:image:width\" content=\"1736\" \/>\n\t<meta property=\"og:image:height\" content=\"1230\" \/>\n\t<meta property=\"og:image:type\" content=\"image\/jpeg\" \/>\n<meta name=\"twitter:card\" content=\"summary_large_image\" \/>\n<meta name=\"twitter:label1\" content=\"Predpokladan\u00fd \u010das \u010d\u00edtania\" \/>\n\t<meta name=\"twitter:data1\" content=\"1 min\u00fata\" \/>\n<script type=\"application\/ld+json\" class=\"yoast-schema-graph\">{\"@context\":\"https:\\\/\\\/schema.org\",\"@graph\":[{\"@type\":\"WebPage\",\"@id\":\"https:\\\/\\\/www.upjs.sk\\\/fakulta-verejnej-spravy\\\/medzinarodne-vztahy\\\/\",\"url\":\"https:\\\/\\\/www.upjs.sk\\\/fakulta-verejnej-spravy\\\/medzinarodne-vztahy\\\/\",\"name\":\"Medzin\u00e1rodn\u00e9 vz\u0165ahy - Fakulta verejnej spr\u00e1vy | UPJ\u0160\",\"isPartOf\":{\"@id\":\"https:\\\/\\\/www.upjs.sk\\\/fakulta-verejnej-spravy\\\/#website\"},\"primaryImageOfPage\":{\"@id\":\"https:\\\/\\\/www.upjs.sk\\\/fakulta-verejnej-spravy\\\/medzinarodne-vztahy\\\/#primaryimage\"},\"image\":{\"@id\":\"https:\\\/\\\/www.upjs.sk\\\/fakulta-verejnej-spravy\\\/medzinarodne-vztahy\\\/#primaryimage\"},\"thumbnailUrl\":\"https:\\\/\\\/www.upjs.sk\\\/app\\\/uploads\\\/sites\\\/12\\\/2022\\\/09\\\/dilpom-Kunca-sutaz.jpg\",\"datePublished\":\"2022-09-14T15:22:30+00:00\",\"dateModified\":\"2023-01-23T10:16:41+00:00\",\"breadcrumb\":{\"@id\":\"https:\\\/\\\/www.upjs.sk\\\/fakulta-verejnej-spravy\\\/medzinarodne-vztahy\\\/#breadcrumb\"},\"inLanguage\":\"sk-SK\",\"potentialAction\":[{\"@type\":\"ReadAction\",\"target\":[\"https:\\\/\\\/www.upjs.sk\\\/fakulta-verejnej-spravy\\\/medzinarodne-vztahy\\\/\"]}]},{\"@type\":\"ImageObject\",\"inLanguage\":\"sk-SK\",\"@id\":\"https:\\\/\\\/www.upjs.sk\\\/fakulta-verejnej-spravy\\\/medzinarodne-vztahy\\\/#primaryimage\",\"url\":\"https:\\\/\\\/www.upjs.sk\\\/app\\\/uploads\\\/sites\\\/12\\\/2022\\\/09\\\/dilpom-Kunca-sutaz.jpg\",\"contentUrl\":\"https:\\\/\\\/www.upjs.sk\\\/app\\\/uploads\\\/sites\\\/12\\\/2022\\\/09\\\/dilpom-Kunca-sutaz.jpg\",\"width\":1736,\"height\":1230,\"caption\":\"zahranicne-vztahy\"},{\"@type\":\"BreadcrumbList\",\"@id\":\"https:\\\/\\\/www.upjs.sk\\\/fakulta-verejnej-spravy\\\/medzinarodne-vztahy\\\/#breadcrumb\",\"itemListElement\":[{\"@type\":\"ListItem\",\"position\":1,\"name\":\"Home\",\"item\":\"https:\\\/\\\/www.upjs.sk\\\/fakulta-verejnej-spravy\\\/\"},{\"@type\":\"ListItem\",\"position\":2,\"name\":\"Medzin\u00e1rodn\u00e9 vz\u0165ahy\"}]},{\"@type\":\"WebSite\",\"@id\":\"https:\\\/\\\/www.upjs.sk\\\/fakulta-verejnej-spravy\\\/#website\",\"url\":\"https:\\\/\\\/www.upjs.sk\\\/fakulta-verejnej-spravy\\\/\",\"name\":\"Fakulta verejnej spr\u00e1vy | UPJ\u0160\",\"description\":\"\",\"publisher\":{\"@id\":\"https:\\\/\\\/www.upjs.sk\\\/fakulta-verejnej-spravy\\\/#organization\"},\"potentialAction\":[{\"@type\":\"SearchAction\",\"target\":{\"@type\":\"EntryPoint\",\"urlTemplate\":\"https:\\\/\\\/www.upjs.sk\\\/fakulta-verejnej-spravy\\\/?s={search_term_string}\"},\"query-input\":{\"@type\":\"PropertyValueSpecification\",\"valueRequired\":true,\"valueName\":\"search_term_string\"}}],\"inLanguage\":\"sk-SK\"},{\"@type\":\"Organization\",\"@id\":\"https:\\\/\\\/www.upjs.sk\\\/fakulta-verejnej-spravy\\\/#organization\",\"name\":\"Fakulta verejnej spr\u00e1vy | UPJ\u0160\",\"url\":\"https:\\\/\\\/www.upjs.sk\\\/fakulta-verejnej-spravy\\\/\",\"logo\":{\"@type\":\"ImageObject\",\"inLanguage\":\"sk-SK\",\"@id\":\"https:\\\/\\\/www.upjs.sk\\\/fakulta-verejnej-spravy\\\/#\\\/schema\\\/logo\\\/image\\\/\",\"url\":\"https:\\\/\\\/www.upjs.sk\\\/app\\\/uploads\\\/sites\\\/12\\\/2022\\\/09\\\/logo-verejnej-spravy-fakulta.png\",\"contentUrl\":\"https:\\\/\\\/www.upjs.sk\\\/app\\\/uploads\\\/sites\\\/12\\\/2022\\\/09\\\/logo-verejnej-spravy-fakulta.png\",\"width\":415,\"height\":87,\"caption\":\"Fakulta verejnej spr\u00e1vy | UPJ\u0160\"},\"image\":{\"@id\":\"https:\\\/\\\/www.upjs.sk\\\/fakulta-verejnej-spravy\\\/#\\\/schema\\\/logo\\\/image\\\/\"}}]}<\/script>\n<!-- \/ Yoast SEO plugin. -->","yoast_head_json":{"title":"Medzin\u00e1rodn\u00e9 vz\u0165ahy - Fakulta verejnej spr\u00e1vy | UPJ\u0160","robots":{"index":"index","follow":"follow","max-snippet":"max-snippet:-1","max-image-preview":"max-image-preview:large","max-video-preview":"max-video-preview:-1"},"canonical":"https:\/\/www.upjs.sk\/fakulta-verejnej-spravy\/medzinarodne-vztahy\/","og_locale":"sk_SK","og_type":"article","og_title":"Medzin\u00e1rodn\u00e9 vz\u0165ahy - Fakulta verejnej spr\u00e1vy | UPJ\u0160","og_description":"Erasmus+ mobility V\u0161eobecn\u00e9 inform\u00e1cie V\u00fdberov\u00e9 konanie 2022\/2023 &#8211; kr\u00e1tkodob\u00e9 mobility doktorandov V\u00fdberov\u00e9 konanie 2022\/2023 Partnersk\u00e9 univerzity a bilater\u00e1lne zmluvy 2022\/2023 Erasmus+ ponuky Internships Search University of Vigo (Spain) &#8211; St\u00e1\u017e Ascari &#8211; St\u00e1\u017e Institut pro politiku a spole\u010dnost &#8211; St\u00e1\u017e Agora CE &#8211; St\u00e1\u017e EDUCA International &#8211; St\u00e1\u017e Amnesty International &#8211; St\u00e1\u017e Metropolitn\u00ed Univerzita Praha &hellip; \u010c\u00edta\u0165 \u010falej","og_url":"https:\/\/www.upjs.sk\/fakulta-verejnej-spravy\/medzinarodne-vztahy\/","og_site_name":"Fakulta verejnej spr\u00e1vy | UPJ\u0160","article_modified_time":"2023-01-23T10:16:41+00:00","og_image":[{"width":1736,"height":1230,"url":"https:\/\/www.upjs.sk\/app\/uploads\/sites\/12\/2022\/09\/dilpom-Kunca-sutaz.jpg","type":"image\/jpeg"}],"twitter_card":"summary_large_image","twitter_misc":{"Predpokladan\u00fd \u010das \u010d\u00edtania":"1 min\u00fata"},"schema":{"@context":"https:\/\/schema.org","@graph":[{"@type":"WebPage","@id":"https:\/\/www.upjs.sk\/fakulta-verejnej-spravy\/medzinarodne-vztahy\/","url":"https:\/\/www.upjs.sk\/fakulta-verejnej-spravy\/medzinarodne-vztahy\/","name":"Medzin\u00e1rodn\u00e9 vz\u0165ahy - Fakulta verejnej spr\u00e1vy | UPJ\u0160","isPartOf":{"@id":"https:\/\/www.upjs.sk\/fakulta-verejnej-spravy\/#website"},"primaryImageOfPage":{"@id":"https:\/\/www.upjs.sk\/fakulta-verejnej-spravy\/medzinarodne-vztahy\/#primaryimage"},"image":{"@id":"https:\/\/www.upjs.sk\/fakulta-verejnej-spravy\/medzinarodne-vztahy\/#primaryimage"},"thumbnailUrl":"https:\/\/www.upjs.sk\/app\/uploads\/sites\/12\/2022\/09\/dilpom-Kunca-sutaz.jpg","datePublished":"2022-09-14T15:22:30+00:00","dateModified":"2023-01-23T10:16:41+00:00","breadcrumb":{"@id":"https:\/\/www.upjs.sk\/fakulta-verejnej-spravy\/medzinarodne-vztahy\/#breadcrumb"},"inLanguage":"sk-SK","potentialAction":[{"@type":"ReadAction","target":["https:\/\/www.upjs.sk\/fakulta-verejnej-spravy\/medzinarodne-vztahy\/"]}]},{"@type":"ImageObject","inLanguage":"sk-SK","@id":"https:\/\/www.upjs.sk\/fakulta-verejnej-spravy\/medzinarodne-vztahy\/#primaryimage","url":"https:\/\/www.upjs.sk\/app\/uploads\/sites\/12\/2022\/09\/dilpom-Kunca-sutaz.jpg","contentUrl":"https:\/\/www.upjs.sk\/app\/uploads\/sites\/12\/2022\/09\/dilpom-Kunca-sutaz.jpg","width":1736,"height":1230,"caption":"zahranicne-vztahy"},{"@type":"BreadcrumbList","@id":"https:\/\/www.upjs.sk\/fakulta-verejnej-spravy\/medzinarodne-vztahy\/#breadcrumb","itemListElement":[{"@type":"ListItem","position":1,"name":"Home","item":"https:\/\/www.upjs.sk\/fakulta-verejnej-spravy\/"},{"@type":"ListItem","position":2,"name":"Medzin\u00e1rodn\u00e9 vz\u0165ahy"}]},{"@type":"WebSite","@id":"https:\/\/www.upjs.sk\/fakulta-verejnej-spravy\/#website","url":"https:\/\/www.upjs.sk\/fakulta-verejnej-spravy\/","name":"Fakulta verejnej spr\u00e1vy | UPJ\u0160","description":"","publisher":{"@id":"https:\/\/www.upjs.sk\/fakulta-verejnej-spravy\/#organization"},"potentialAction":[{"@type":"SearchAction","target":{"@type":"EntryPoint","urlTemplate":"https:\/\/www.upjs.sk\/fakulta-verejnej-spravy\/?s={search_term_string}"},"query-input":{"@type":"PropertyValueSpecification","valueRequired":true,"valueName":"search_term_string"}}],"inLanguage":"sk-SK"},{"@type":"Organization","@id":"https:\/\/www.upjs.sk\/fakulta-verejnej-spravy\/#organization","name":"Fakulta verejnej spr\u00e1vy | UPJ\u0160","url":"https:\/\/www.upjs.sk\/fakulta-verejnej-spravy\/","logo":{"@type":"ImageObject","inLanguage":"sk-SK","@id":"https:\/\/www.upjs.sk\/fakulta-verejnej-spravy\/#\/schema\/logo\/image\/","url":"https:\/\/www.upjs.sk\/app\/uploads\/sites\/12\/2022\/09\/logo-verejnej-spravy-fakulta.png","contentUrl":"https:\/\/www.upjs.sk\/app\/uploads\/sites\/12\/2022\/09\/logo-verejnej-spravy-fakulta.png","width":415,"height":87,"caption":"Fakulta verejnej spr\u00e1vy | UPJ\u0160"},"image":{"@id":"https:\/\/www.upjs.sk\/fakulta-verejnej-spravy\/#\/schema\/logo\/image\/"}}]}},"_links":{"self":[{"href":"https:\/\/www.upjs.sk\/fakulta-verejnej-spravy\/wp-json\/wp\/v2\/pages\/12952","targetHints":{"allow":["GET"]}}],"collection":[{"href":"https:\/\/www.upjs.sk\/fakulta-verejnej-spravy\/wp-json\/wp\/v2\/pages"}],"about":[{"href":"https:\/\/www.upjs.sk\/fakulta-verejnej-spravy\/wp-json\/wp\/v2\/types\/page"}],"author":[{"embeddable":true,"href":"https:\/\/www.upjs.sk\/fakulta-verejnej-spravy\/wp-json\/wp\/v2\/users\/1"}],"replies":[{"embeddable":true,"href":"https:\/\/www.upjs.sk\/fakulta-verejnej-spravy\/wp-json\/wp\/v2\/comments?post=12952"}],"version-history":[{"count":13,"href":"https:\/\/www.upjs.sk\/fakulta-verejnej-spravy\/wp-json\/wp\/v2\/pages\/12952\/revisions"}],"predecessor-version":[{"id":22360,"href":"https:\/\/www.upjs.sk\/fakulta-verejnej-spravy\/wp-json\/wp\/v2\/pages\/12952\/revisions\/22360"}],"wp:featuredmedia":[{"embeddable":true,"href":"https:\/\/www.upjs.sk\/fakulta-verejnej-spravy\/wp-json\/wp\/v2\/media\/12953"}],"wp:attachment":[{"href":"https:\/\/www.upjs.sk\/fakulta-verejnej-spravy\/wp-json\/wp\/v2\/media?parent=12952"}],"wp:term":[{"taxonomy":"category","embeddable":true,"href":"https:\/\/www.upjs.sk\/fakulta-verejnej-spravy\/wp-json\/wp\/v2\/categories?post=12952"},{"taxonomy":"post_tag","embeddable":true,"href":"https:\/\/www.upjs.sk\/fakulta-verejnej-spravy\/wp-json\/wp\/v2\/tags?post=12952"}],"curies":[{"name":"wp","href":"https:\/\/api.w.org\/{rel}","templated":true}]}}