{"id":13175,"date":"2022-09-23T15:43:17","date_gmt":"2022-09-23T15:43:17","guid":{"rendered":"https:\/\/www.upjs.sk\/fakulta-verejnej-spravy\/informacie-pre-studentov\/12564-2\/"},"modified":"2025-09-18T08:26:36","modified_gmt":"2025-09-18T07:26:36","slug":"studijny-referat","status":"publish","type":"page","link":"https:\/\/www.upjs.sk\/fakulta-verejnej-spravy\/informacie-pre-studentov\/studijny-referat\/","title":{"rendered":"\u0160tudijn\u00fd refer\u00e1t"},"content":{"rendered":"\n<p><\/p>\n\n\n\n<p>\u00daradn\u00e9 hodiny<strong>:<\/strong><\/p>\n\n\n<style>.kb-row-layout-id13175_b224d9-e0 > .kt-row-column-wrap{align-content:start;}:where(.kb-row-layout-id13175_b224d9-e0 > .kt-row-column-wrap) > .wp-block-kadence-column{justify-content:start;}.kb-row-layout-id13175_b224d9-e0 > .kt-row-column-wrap{column-gap:var(--global-kb-gap-md, 2rem);row-gap:var(--global-kb-gap-md, 2rem);padding-top:var(--global-kb-spacing-sm, 1.5rem);padding-bottom:var(--global-kb-spacing-sm, 1.5rem);}.kb-row-layout-id13175_b224d9-e0 > .kt-row-column-wrap > div:not(.added-for-specificity){grid-column:initial;}.kb-row-layout-id13175_b224d9-e0 > .kt-row-column-wrap{grid-template-columns:repeat(5, minmax(0, 1fr));}.kb-row-layout-id13175_b224d9-e0 > .kt-row-layout-overlay{opacity:0.30;}@media all and (max-width: 1024px){.kb-row-layout-id13175_b224d9-e0 > .kt-row-column-wrap > div:not(.added-for-specificity){grid-column:initial;}}@media all and (max-width: 1024px){.kb-row-layout-id13175_b224d9-e0 > .kt-row-column-wrap{grid-template-columns:repeat(5, minmax(0, 1fr));}}@media all and (max-width: 767px){.kb-row-layout-id13175_b224d9-e0 > .kt-row-column-wrap > div:not(.added-for-specificity){grid-column:initial;}.kb-row-layout-id13175_b224d9-e0 > .kt-row-column-wrap{grid-template-columns:minmax(0, 1fr);}}<\/style><div class=\"kb-row-layout-wrap kb-row-layout-id13175_b224d9-e0 alignnone wp-block-kadence-rowlayout\"><div class=\"kt-row-column-wrap kt-has-5-columns kt-row-layout-equal kt-tab-layout-inherit kt-mobile-layout-row kt-row-valign-top\">\n<style>.kadence-column13175_259316-81 > .kt-inside-inner-col{box-shadow:7px 0px 15px 0px #006DB2;}.kadence-column13175_259316-81 > .kt-inside-inner-col,.kadence-column13175_259316-81 > .kt-inside-inner-col:before{border-top-left-radius:0px;border-top-right-radius:0px;border-bottom-right-radius:0px;border-bottom-left-radius:0px;}.kadence-column13175_259316-81 > .kt-inside-inner-col{column-gap:var(--global-kb-gap-sm, 1rem);}.kadence-column13175_259316-81 > .kt-inside-inner-col{flex-direction:column;}.kadence-column13175_259316-81 > .kt-inside-inner-col > .aligncenter{width:100%;}.kadence-column13175_259316-81 > .kt-inside-inner-col:before{opacity:0.3;}.kadence-column13175_259316-81{position:relative;}@media all and (max-width: 1024px){.kadence-column13175_259316-81 > .kt-inside-inner-col{flex-direction:column;justify-content:center;}}@media all and (max-width: 767px){.kadence-column13175_259316-81 > .kt-inside-inner-col{flex-direction:column;justify-content:center;}}<\/style>\n<div class=\"wp-block-kadence-column kadence-column13175_259316-81\"><div class=\"kt-inside-inner-col\">\n<p class=\"has-text-align-center\"><br>Pondelok<br><br>13:00 &#8211; 15:00<br><\/p>\n<\/div><\/div>\n\n\n<style>.kadence-column13175_f029a2-49 > .kt-inside-inner-col{box-shadow:7px 0px 15px 0px #006DB2;}.kadence-column13175_f029a2-49 > .kt-inside-inner-col,.kadence-column13175_f029a2-49 > .kt-inside-inner-col:before{border-top-left-radius:0px;border-top-right-radius:0px;border-bottom-right-radius:0px;border-bottom-left-radius:0px;}.kadence-column13175_f029a2-49 > .kt-inside-inner-col{column-gap:var(--global-kb-gap-sm, 1rem);}.kadence-column13175_f029a2-49 > .kt-inside-inner-col{flex-direction:column;}.kadence-column13175_f029a2-49 > .kt-inside-inner-col > .aligncenter{width:100%;}.kadence-column13175_f029a2-49 > .kt-inside-inner-col:before{opacity:0.3;}.kadence-column13175_f029a2-49{position:relative;}@media all and (max-width: 1024px){.kadence-column13175_f029a2-49 > .kt-inside-inner-col{flex-direction:column;justify-content:center;}}@media all and (max-width: 767px){.kadence-column13175_f029a2-49 > .kt-inside-inner-col{flex-direction:column;justify-content:center;}}<\/style>\n<div class=\"wp-block-kadence-column kadence-column13175_f029a2-49\"><div class=\"kt-inside-inner-col\">\n<p class=\"has-text-align-center\"><br>Utorok<br><br>9:00 &#8211; 12:00<br><\/p>\n<\/div><\/div>\n\n\n<style>.kadence-column13175_e37c5f-8f > .kt-inside-inner-col{box-shadow:7px 0px 15px 0px #006DB2;}.kadence-column13175_e37c5f-8f > .kt-inside-inner-col,.kadence-column13175_e37c5f-8f > .kt-inside-inner-col:before{border-top-left-radius:0px;border-top-right-radius:0px;border-bottom-right-radius:0px;border-bottom-left-radius:0px;}.kadence-column13175_e37c5f-8f > .kt-inside-inner-col{column-gap:var(--global-kb-gap-sm, 1rem);}.kadence-column13175_e37c5f-8f > .kt-inside-inner-col{flex-direction:column;}.kadence-column13175_e37c5f-8f > .kt-inside-inner-col > .aligncenter{width:100%;}.kadence-column13175_e37c5f-8f > .kt-inside-inner-col:before{opacity:0.3;}.kadence-column13175_e37c5f-8f{position:relative;}@media all and (max-width: 1024px){.kadence-column13175_e37c5f-8f > .kt-inside-inner-col{flex-direction:column;justify-content:center;}}@media all and (max-width: 767px){.kadence-column13175_e37c5f-8f > .kt-inside-inner-col{flex-direction:column;justify-content:center;}}<\/style>\n<div class=\"wp-block-kadence-column kadence-column13175_e37c5f-8f\"><div class=\"kt-inside-inner-col\">\n<p class=\"has-text-align-center\"><br>Streda<br><br>13:00 &#8211; 15:00<br><\/p>\n<\/div><\/div>\n\n\n<style>.kadence-column13175_c6cfa7-49 > .kt-inside-inner-col{box-shadow:7px 0px 15px 0px #006DB2;}.kadence-column13175_c6cfa7-49 > .kt-inside-inner-col,.kadence-column13175_c6cfa7-49 > .kt-inside-inner-col:before{border-top-left-radius:0px;border-top-right-radius:0px;border-bottom-right-radius:0px;border-bottom-left-radius:0px;}.kadence-column13175_c6cfa7-49 > .kt-inside-inner-col{column-gap:var(--global-kb-gap-sm, 1rem);}.kadence-column13175_c6cfa7-49 > .kt-inside-inner-col{flex-direction:column;}.kadence-column13175_c6cfa7-49 > .kt-inside-inner-col > .aligncenter{width:100%;}.kadence-column13175_c6cfa7-49 > .kt-inside-inner-col:before{opacity:0.3;}.kadence-column13175_c6cfa7-49{position:relative;}@media all and (max-width: 1024px){.kadence-column13175_c6cfa7-49 > .kt-inside-inner-col{flex-direction:column;justify-content:center;}}@media all and (max-width: 767px){.kadence-column13175_c6cfa7-49 > .kt-inside-inner-col{flex-direction:column;justify-content:center;}}<\/style>\n<div class=\"wp-block-kadence-column kadence-column13175_c6cfa7-49\"><div class=\"kt-inside-inner-col\">\n<p class=\"has-text-align-center\"><br>\u0160tvrtok<br><br>9:00-12:00<br><\/p>\n<\/div><\/div>\n\n\n<style>.kadence-column13175_202c8b-ff > .kt-inside-inner-col{box-shadow:7px 0px 15px 0px #006DB2;}.kadence-column13175_202c8b-ff > .kt-inside-inner-col,.kadence-column13175_202c8b-ff > .kt-inside-inner-col:before{border-top-left-radius:0px;border-top-right-radius:0px;border-bottom-right-radius:0px;border-bottom-left-radius:0px;}.kadence-column13175_202c8b-ff > .kt-inside-inner-col{column-gap:var(--global-kb-gap-sm, 1rem);}.kadence-column13175_202c8b-ff > .kt-inside-inner-col{flex-direction:column;}.kadence-column13175_202c8b-ff > .kt-inside-inner-col > .aligncenter{width:100%;}.kadence-column13175_202c8b-ff > .kt-inside-inner-col:before{opacity:0.3;}.kadence-column13175_202c8b-ff{position:relative;}@media all and (max-width: 1024px){.kadence-column13175_202c8b-ff > .kt-inside-inner-col{flex-direction:column;justify-content:center;}}@media all and (max-width: 767px){.kadence-column13175_202c8b-ff > .kt-inside-inner-col{flex-direction:column;justify-content:center;}}<\/style>\n<div class=\"wp-block-kadence-column kadence-column13175_202c8b-ff\"><div class=\"kt-inside-inner-col\">\n<p class=\"has-text-align-center\"><br>Piatok<br>Nestr\u00e1nkov\u00fd de\u0148<br>fvs-vzdelavanie@upjs.sk<\/p>\n<\/div><\/div>\n\n<\/div><\/div>\n\n\n<p><strong>E-mail<\/strong>: <a href=\"mailto:fvs-vzdelavanie@upjs.sk\">fvs-vzdelavanie@upjs.sk<\/a><\/p>\n\n\n\n<p><strong>JUDr. Martina Kantorov\u00e1, PhD.<\/strong><br>Prodekanka pre vzdel\u00e1vaciu \u010dinnos\u0165<br>Tel.: +421 55 234 5109<\/p>\n\n\n\n<p><strong>Edita B\u00f3di\u0161ov\u00e1<\/strong>, ved\u00faca \u0161tudijn\u00e9ho refer\u00e1tu<br>pre \u0161tudentov <strong>bakal\u00e1rskeho<\/strong> stup\u0148a \u0161t\u00fadia v \u0161tudijnom programe <strong>verejn\u00e1 spr\u00e1va<\/strong> (<em>extern\u00e1 forma<\/em>) a pre \u0161tudentov <strong>magistersk\u00e9ho<\/strong> stup\u0148a \u0161t\u00fadia v \u0161tudijnom programe <strong>verejn\u00e1 spr\u00e1va<\/strong> (<em>extern\u00e1 forma<\/em>)<br>Kancel\u00e1ria \u010d. 116a (1. poschodie).<br>Tel.: +421 55\u00a0234 5181<\/p>\n\n\n\n<p><strong>Jana Li\u010dkov\u00e1<\/strong>, \u0161tudijn\u00e1 referentka<br>pre \u0161tudentov <strong>bakal\u00e1rskeho <\/strong>stup\u0148a \u0161t\u00fadia v \u0161tudijnom programe <strong>eur\u00f3pska verejn\u00e1 spr\u00e1va<\/strong><br>Kancel\u00e1ria \u010d. 116 (1. poschodie).<br>Tel.: +421 55\u00a0234 5182<\/p>\n\n\n\n<p><strong>Michaela Ka\u017eim\u00edrov\u00e1<\/strong>, \u0161tudijn\u00e1 referentka<br>pre \u0161tudentov <strong>bakal\u00e1rskeho<\/strong> stup\u0148a \u0161t\u00fadia v \u0161tudijnom programe <strong>verejn\u00e1 spr\u00e1va<\/strong> (<em>denn\u00e1 forma<\/em>) a v \u0161tudijnom programe <strong>informa\u010dn\u00e9 syst\u00e9my vo verejnej spr\u00e1ve<\/strong><br>Kancel\u00e1ria \u010d.117 (1. poschodie).<br>Tel.: +421 55\u00a0234 5105<\/p>\n\n\n\n<p><strong>Ing. Jana Antal\u00edkov\u00e1, MBA<\/strong>, \u0161tudijn\u00e1 referentka<br>pre \u0161tudentov <strong>magistersk\u00e9ho<\/strong> stup\u0148a \u0161t\u00fadia v \u0161tudijnom programe <strong>verejn\u00e1 spr\u00e1va<\/strong> (<em>denn\u00e1 forma<\/em>) a pre \u0161tudentov <strong>magistersk\u00e9ho<\/strong> stup\u0148a \u0161t\u00fadia v \u0161tudijnom programe <strong>eur\u00f3pska verejn\u00e1 spr\u00e1va<\/strong> (<em>denn\u00e1 forma<\/em>)<br>Kancel\u00e1ria \u010d. 117 (1. poschodie).<br>Tel.: +421 55\u00a0234 5104<\/p>\n\n\n\n<p><\/p>\n","protected":false},"excerpt":{"rendered":"<p>\u00daradn\u00e9 hodiny: Pondelok 13:00 &#8211; 15:00 Utorok 9:00 &#8211; 12:00 Streda 13:00 &#8211; 15:00 \u0160tvrtok 9:00-12:00 PiatokNestr\u00e1nkov\u00fd de\u0148fvs-vzdelavanie@upjs.sk E-mail: fvs-vzdelavanie@upjs.sk JUDr. Martina Kantorov\u00e1, PhD.Prodekanka pre vzdel\u00e1vaciu \u010dinnos\u0165Tel.: +421 55 234 5109 Edita B\u00f3di\u0161ov\u00e1, ved\u00faca \u0161tudijn\u00e9ho refer\u00e1tupre \u0161tudentov bakal\u00e1rskeho stup\u0148a \u0161t\u00fadia v \u0161tudijnom programe verejn\u00e1 spr\u00e1va (extern\u00e1 forma) a pre \u0161tudentov magistersk\u00e9ho stup\u0148a \u0161t\u00fadia v \u0161tudijnom &hellip; <a href=\"https:\/\/www.upjs.sk\/fakulta-verejnej-spravy\/informacie-pre-studentov\/studijny-referat\/\">\u010c\u00edta\u0165 \u010falej<\/a><\/p>\n","protected":false},"author":1,"featured_media":0,"parent":12837,"menu_order":16,"comment_status":"closed","ping_status":"closed","template":"","meta":{"_acf_changed":false,"_editorskit_title_hidden":false,"_editorskit_reading_time":1,"_editorskit_is_block_options_detached":false,"_editorskit_block_options_position":"{}","footnotes":""},"categories":[],"tags":[],"class_list":["post-13175","page","type-page","status-publish","hentry"],"acf":{"acf_link_na_externy_obsah":""},"yoast_head":"<!-- This site is optimized with the Yoast SEO plugin v27.4 - https:\/\/yoast.com\/product\/yoast-seo-wordpress\/ -->\n<title>\u0160tudijn\u00fd refer\u00e1t - Fakulta verejnej spr\u00e1vy | UPJ\u0160<\/title>\n<meta name=\"robots\" content=\"index, follow, max-snippet:-1, max-image-preview:large, max-video-preview:-1\" \/>\n<link rel=\"canonical\" href=\"https:\/\/www.upjs.sk\/fakulta-verejnej-spravy\/informacie-pre-studentov\/studijny-referat\/\" \/>\n<meta property=\"og:locale\" content=\"sk_SK\" \/>\n<meta property=\"og:type\" content=\"article\" \/>\n<meta property=\"og:title\" content=\"\u0160tudijn\u00fd refer\u00e1t - Fakulta verejnej spr\u00e1vy | UPJ\u0160\" \/>\n<meta property=\"og:description\" content=\"\u00daradn\u00e9 hodiny: Pondelok 13:00 &#8211; 15:00 Utorok 9:00 &#8211; 12:00 Streda 13:00 &#8211; 15:00 \u0160tvrtok 9:00-12:00 PiatokNestr\u00e1nkov\u00fd de\u0148fvs-vzdelavanie@upjs.sk E-mail: fvs-vzdelavanie@upjs.sk JUDr. Martina Kantorov\u00e1, PhD.Prodekanka pre vzdel\u00e1vaciu \u010dinnos\u0165Tel.: +421 55 234 5109 Edita B\u00f3di\u0161ov\u00e1, ved\u00faca \u0161tudijn\u00e9ho refer\u00e1tupre \u0161tudentov bakal\u00e1rskeho stup\u0148a \u0161t\u00fadia v \u0161tudijnom programe verejn\u00e1 spr\u00e1va (extern\u00e1 forma) a pre \u0161tudentov magistersk\u00e9ho stup\u0148a \u0161t\u00fadia v \u0161tudijnom &hellip; \u010c\u00edta\u0165 \u010falej\" \/>\n<meta property=\"og:url\" content=\"https:\/\/www.upjs.sk\/fakulta-verejnej-spravy\/informacie-pre-studentov\/studijny-referat\/\" \/>\n<meta property=\"og:site_name\" content=\"Fakulta verejnej spr\u00e1vy | UPJ\u0160\" \/>\n<meta property=\"article:modified_time\" content=\"2025-09-18T07:26:36+00:00\" \/>\n<meta name=\"twitter:card\" content=\"summary_large_image\" \/>\n<meta name=\"twitter:label1\" content=\"Predpokladan\u00fd \u010das \u010d\u00edtania\" \/>\n\t<meta name=\"twitter:data1\" content=\"1 min\u00fata\" \/>\n<script type=\"application\/ld+json\" class=\"yoast-schema-graph\">{\"@context\":\"https:\\\/\\\/schema.org\",\"@graph\":[{\"@type\":\"WebPage\",\"@id\":\"https:\\\/\\\/www.upjs.sk\\\/fakulta-verejnej-spravy\\\/informacie-pre-studentov\\\/studijny-referat\\\/\",\"url\":\"https:\\\/\\\/www.upjs.sk\\\/fakulta-verejnej-spravy\\\/informacie-pre-studentov\\\/studijny-referat\\\/\",\"name\":\"\u0160tudijn\u00fd refer\u00e1t - Fakulta verejnej spr\u00e1vy | UPJ\u0160\",\"isPartOf\":{\"@id\":\"https:\\\/\\\/www.upjs.sk\\\/fakulta-verejnej-spravy\\\/#website\"},\"datePublished\":\"2022-09-23T15:43:17+00:00\",\"dateModified\":\"2025-09-18T07:26:36+00:00\",\"breadcrumb\":{\"@id\":\"https:\\\/\\\/www.upjs.sk\\\/fakulta-verejnej-spravy\\\/informacie-pre-studentov\\\/studijny-referat\\\/#breadcrumb\"},\"inLanguage\":\"sk-SK\",\"potentialAction\":[{\"@type\":\"ReadAction\",\"target\":[\"https:\\\/\\\/www.upjs.sk\\\/fakulta-verejnej-spravy\\\/informacie-pre-studentov\\\/studijny-referat\\\/\"]}]},{\"@type\":\"BreadcrumbList\",\"@id\":\"https:\\\/\\\/www.upjs.sk\\\/fakulta-verejnej-spravy\\\/informacie-pre-studentov\\\/studijny-referat\\\/#breadcrumb\",\"itemListElement\":[{\"@type\":\"ListItem\",\"position\":1,\"name\":\"Home\",\"item\":\"https:\\\/\\\/www.upjs.sk\\\/fakulta-verejnej-spravy\\\/\"},{\"@type\":\"ListItem\",\"position\":2,\"name\":\"Inform\u00e1cie pre \u0161tudentov\",\"item\":\"https:\\\/\\\/www.upjs.sk\\\/fakulta-verejnej-spravy\\\/?page_id=12837\"},{\"@type\":\"ListItem\",\"position\":3,\"name\":\"\u0160tudijn\u00fd refer\u00e1t\"}]},{\"@type\":\"WebSite\",\"@id\":\"https:\\\/\\\/www.upjs.sk\\\/fakulta-verejnej-spravy\\\/#website\",\"url\":\"https:\\\/\\\/www.upjs.sk\\\/fakulta-verejnej-spravy\\\/\",\"name\":\"Fakulta verejnej spr\u00e1vy | UPJ\u0160\",\"description\":\"\",\"publisher\":{\"@id\":\"https:\\\/\\\/www.upjs.sk\\\/fakulta-verejnej-spravy\\\/#organization\"},\"potentialAction\":[{\"@type\":\"SearchAction\",\"target\":{\"@type\":\"EntryPoint\",\"urlTemplate\":\"https:\\\/\\\/www.upjs.sk\\\/fakulta-verejnej-spravy\\\/?s={search_term_string}\"},\"query-input\":{\"@type\":\"PropertyValueSpecification\",\"valueRequired\":true,\"valueName\":\"search_term_string\"}}],\"inLanguage\":\"sk-SK\"},{\"@type\":\"Organization\",\"@id\":\"https:\\\/\\\/www.upjs.sk\\\/fakulta-verejnej-spravy\\\/#organization\",\"name\":\"Fakulta verejnej spr\u00e1vy | UPJ\u0160\",\"url\":\"https:\\\/\\\/www.upjs.sk\\\/fakulta-verejnej-spravy\\\/\",\"logo\":{\"@type\":\"ImageObject\",\"inLanguage\":\"sk-SK\",\"@id\":\"https:\\\/\\\/www.upjs.sk\\\/fakulta-verejnej-spravy\\\/#\\\/schema\\\/logo\\\/image\\\/\",\"url\":\"https:\\\/\\\/www.upjs.sk\\\/app\\\/uploads\\\/sites\\\/12\\\/2022\\\/09\\\/logo-verejnej-spravy-fakulta.png\",\"contentUrl\":\"https:\\\/\\\/www.upjs.sk\\\/app\\\/uploads\\\/sites\\\/12\\\/2022\\\/09\\\/logo-verejnej-spravy-fakulta.png\",\"width\":415,\"height\":87,\"caption\":\"Fakulta verejnej spr\u00e1vy | UPJ\u0160\"},\"image\":{\"@id\":\"https:\\\/\\\/www.upjs.sk\\\/fakulta-verejnej-spravy\\\/#\\\/schema\\\/logo\\\/image\\\/\"}}]}<\/script>\n<!-- \/ Yoast SEO plugin. -->","yoast_head_json":{"title":"\u0160tudijn\u00fd refer\u00e1t - Fakulta verejnej spr\u00e1vy | UPJ\u0160","robots":{"index":"index","follow":"follow","max-snippet":"max-snippet:-1","max-image-preview":"max-image-preview:large","max-video-preview":"max-video-preview:-1"},"canonical":"https:\/\/www.upjs.sk\/fakulta-verejnej-spravy\/informacie-pre-studentov\/studijny-referat\/","og_locale":"sk_SK","og_type":"article","og_title":"\u0160tudijn\u00fd refer\u00e1t - Fakulta verejnej spr\u00e1vy | UPJ\u0160","og_description":"\u00daradn\u00e9 hodiny: Pondelok 13:00 &#8211; 15:00 Utorok 9:00 &#8211; 12:00 Streda 13:00 &#8211; 15:00 \u0160tvrtok 9:00-12:00 PiatokNestr\u00e1nkov\u00fd de\u0148fvs-vzdelavanie@upjs.sk E-mail: fvs-vzdelavanie@upjs.sk JUDr. Martina Kantorov\u00e1, PhD.Prodekanka pre vzdel\u00e1vaciu \u010dinnos\u0165Tel.: +421 55 234 5109 Edita B\u00f3di\u0161ov\u00e1, ved\u00faca \u0161tudijn\u00e9ho refer\u00e1tupre \u0161tudentov bakal\u00e1rskeho stup\u0148a \u0161t\u00fadia v \u0161tudijnom programe verejn\u00e1 spr\u00e1va (extern\u00e1 forma) a pre \u0161tudentov magistersk\u00e9ho stup\u0148a \u0161t\u00fadia v \u0161tudijnom &hellip; \u010c\u00edta\u0165 \u010falej","og_url":"https:\/\/www.upjs.sk\/fakulta-verejnej-spravy\/informacie-pre-studentov\/studijny-referat\/","og_site_name":"Fakulta verejnej spr\u00e1vy | UPJ\u0160","article_modified_time":"2025-09-18T07:26:36+00:00","twitter_card":"summary_large_image","twitter_misc":{"Predpokladan\u00fd \u010das \u010d\u00edtania":"1 min\u00fata"},"schema":{"@context":"https:\/\/schema.org","@graph":[{"@type":"WebPage","@id":"https:\/\/www.upjs.sk\/fakulta-verejnej-spravy\/informacie-pre-studentov\/studijny-referat\/","url":"https:\/\/www.upjs.sk\/fakulta-verejnej-spravy\/informacie-pre-studentov\/studijny-referat\/","name":"\u0160tudijn\u00fd refer\u00e1t - Fakulta verejnej spr\u00e1vy | UPJ\u0160","isPartOf":{"@id":"https:\/\/www.upjs.sk\/fakulta-verejnej-spravy\/#website"},"datePublished":"2022-09-23T15:43:17+00:00","dateModified":"2025-09-18T07:26:36+00:00","breadcrumb":{"@id":"https:\/\/www.upjs.sk\/fakulta-verejnej-spravy\/informacie-pre-studentov\/studijny-referat\/#breadcrumb"},"inLanguage":"sk-SK","potentialAction":[{"@type":"ReadAction","target":["https:\/\/www.upjs.sk\/fakulta-verejnej-spravy\/informacie-pre-studentov\/studijny-referat\/"]}]},{"@type":"BreadcrumbList","@id":"https:\/\/www.upjs.sk\/fakulta-verejnej-spravy\/informacie-pre-studentov\/studijny-referat\/#breadcrumb","itemListElement":[{"@type":"ListItem","position":1,"name":"Home","item":"https:\/\/www.upjs.sk\/fakulta-verejnej-spravy\/"},{"@type":"ListItem","position":2,"name":"Inform\u00e1cie pre \u0161tudentov","item":"https:\/\/www.upjs.sk\/fakulta-verejnej-spravy\/?page_id=12837"},{"@type":"ListItem","position":3,"name":"\u0160tudijn\u00fd refer\u00e1t"}]},{"@type":"WebSite","@id":"https:\/\/www.upjs.sk\/fakulta-verejnej-spravy\/#website","url":"https:\/\/www.upjs.sk\/fakulta-verejnej-spravy\/","name":"Fakulta verejnej spr\u00e1vy | UPJ\u0160","description":"","publisher":{"@id":"https:\/\/www.upjs.sk\/fakulta-verejnej-spravy\/#organization"},"potentialAction":[{"@type":"SearchAction","target":{"@type":"EntryPoint","urlTemplate":"https:\/\/www.upjs.sk\/fakulta-verejnej-spravy\/?s={search_term_string}"},"query-input":{"@type":"PropertyValueSpecification","valueRequired":true,"valueName":"search_term_string"}}],"inLanguage":"sk-SK"},{"@type":"Organization","@id":"https:\/\/www.upjs.sk\/fakulta-verejnej-spravy\/#organization","name":"Fakulta verejnej spr\u00e1vy | UPJ\u0160","url":"https:\/\/www.upjs.sk\/fakulta-verejnej-spravy\/","logo":{"@type":"ImageObject","inLanguage":"sk-SK","@id":"https:\/\/www.upjs.sk\/fakulta-verejnej-spravy\/#\/schema\/logo\/image\/","url":"https:\/\/www.upjs.sk\/app\/uploads\/sites\/12\/2022\/09\/logo-verejnej-spravy-fakulta.png","contentUrl":"https:\/\/www.upjs.sk\/app\/uploads\/sites\/12\/2022\/09\/logo-verejnej-spravy-fakulta.png","width":415,"height":87,"caption":"Fakulta verejnej spr\u00e1vy | UPJ\u0160"},"image":{"@id":"https:\/\/www.upjs.sk\/fakulta-verejnej-spravy\/#\/schema\/logo\/image\/"}}]}},"_links":{"self":[{"href":"https:\/\/www.upjs.sk\/fakulta-verejnej-spravy\/wp-json\/wp\/v2\/pages\/13175","targetHints":{"allow":["GET"]}}],"collection":[{"href":"https:\/\/www.upjs.sk\/fakulta-verejnej-spravy\/wp-json\/wp\/v2\/pages"}],"about":[{"href":"https:\/\/www.upjs.sk\/fakulta-verejnej-spravy\/wp-json\/wp\/v2\/types\/page"}],"author":[{"embeddable":true,"href":"https:\/\/www.upjs.sk\/fakulta-verejnej-spravy\/wp-json\/wp\/v2\/users\/1"}],"replies":[{"embeddable":true,"href":"https:\/\/www.upjs.sk\/fakulta-verejnej-spravy\/wp-json\/wp\/v2\/comments?post=13175"}],"version-history":[{"count":19,"href":"https:\/\/www.upjs.sk\/fakulta-verejnej-spravy\/wp-json\/wp\/v2\/pages\/13175\/revisions"}],"predecessor-version":[{"id":29224,"href":"https:\/\/www.upjs.sk\/fakulta-verejnej-spravy\/wp-json\/wp\/v2\/pages\/13175\/revisions\/29224"}],"up":[{"embeddable":true,"href":"https:\/\/www.upjs.sk\/fakulta-verejnej-spravy\/wp-json\/wp\/v2\/pages\/12837"}],"wp:attachment":[{"href":"https:\/\/www.upjs.sk\/fakulta-verejnej-spravy\/wp-json\/wp\/v2\/media?parent=13175"}],"wp:term":[{"taxonomy":"category","embeddable":true,"href":"https:\/\/www.upjs.sk\/fakulta-verejnej-spravy\/wp-json\/wp\/v2\/categories?post=13175"},{"taxonomy":"post_tag","embeddable":true,"href":"https:\/\/www.upjs.sk\/fakulta-verejnej-spravy\/wp-json\/wp\/v2\/tags?post=13175"}],"curies":[{"name":"wp","href":"https:\/\/api.w.org\/{rel}","templated":true}]}}