{"id":13176,"date":"2022-08-04T09:57:40","date_gmt":"2022-08-04T09:57:40","guid":{"rendered":"https:\/\/www.upjs.sk\/fakulta-verejnej-spravy\/informacie-pre-studentov\/12567-2\/"},"modified":"2025-11-03T11:56:53","modified_gmt":"2025-11-03T10:56:53","slug":"12567-2","status":"publish","type":"page","link":"https:\/\/www.upjs.sk\/fakulta-verejnej-spravy\/informacie-pre-studentov\/12567-2\/","title":{"rendered":"Predpisy"},"content":{"rendered":"\n<p><\/p>\n\n\n\n<p><a href=\"https:\/\/intranet.upjs.sk\/op\/op.Public.php?documentid=4214\" target=\"_blank\" rel=\"noreferrer noopener\">\u0160tat\u00fat UPJ\u0160 v Ko\u0161iciach<\/a><\/p>\n\n\n\n<p><a href=\"https:\/\/intranet.upjs.sk\/op\/op.Public.php?documentid=10255&amp;version=1\" target=\"_blank\" rel=\"noreferrer noopener\">\u0160tudijn\u00fd poriadok Univerzity Pavla Jozefa \u0160af\u00e1rika v Ko\u0161iciach pre 1., 2. a spojen\u00fd 1. a 2. stupe\u0148 \u0161t\u00fadia<\/a> &#8211; \u00fa\u010dinn\u00fd od 1. 9. 2025<\/p>\n\n\n\n<p><a aria-label=\"\u0160tudijn\u00fd poriadok UPJ\u0160 v Ko\u0161iciach (opens in a new tab)\" class=\"ek-link\" href=\"https:\/\/intranet.upjs.sk\/op\/op.Public.php?documentid=5740\" target=\"_blank\" rel=\"noreferrer noopener\">\u0160tudijn\u00fd poriadok UPJ\u0160 v Ko\u0161iciach pre 1., 2. a spojen\u00fd 1. a 2. stupe\u0148 \u0161t\u00fadia,<\/a> <a href=\"https:\/\/intranet.upjs.sk\/op\/op.Public.php?documentid=8738\" target=\"_blank\" rel=\"noreferrer noopener\">Dodatok \u010d. 1<\/a>, <a href=\"https:\/\/intranet.upjs.sk\/op\/op.Public.php?documentid=9329\" target=\"_blank\" rel=\"noreferrer noopener\">Dodatok \u010d. 2<\/a> &#8211; \u00fa\u010dinn\u00fd do 31. 8. 2025<br>Pr\u00edloha 1: <a aria-label=\"Odpor\u00fa\u010dan\u00fd sp\u00f4sob pride\u013eovania kreditov predmetom pri tvorbe \u0161tudijn\u00fdch programov na UPJ\u0160 na 1., 2. a spojenom 1. a 2. stupni \u0161t\u00fadi (opens in a new tab)\" class=\"ek-link\" href=\"https:\/\/intranet.upjs.sk\/op\/op.Public.php?documentid=5744\" target=\"_blank\" rel=\"noreferrer noopener\">Odpor\u00fa\u010dan\u00fd sp\u00f4sob pride\u013eovania kreditov predmetom pri tvorbe \u0161tudijn\u00fdch programov na UPJ\u0160 na 1., 2. a spojenom 1. a 2. stupni \u0161t\u00fadia<\/a><\/p>\n\n\n\n<p><a href=\"https:\/\/intranet.upjs.sk\/op\/op.Public.php?documentid=10074\" target=\"_blank\" rel=\"noreferrer noopener\">Rozhodnutie rektora \u010d. 9\/2025<\/a> o ur\u010den\u00ed \u0161koln\u00e9ho, poplatkov spojen\u00fdch so \u0161t\u00fadiom a o \u00fahrad\u00e1ch n\u00e1kladov spojen\u00fdch so zvy\u0161ovan\u00edm kvalifik\u00e1cie v ak. roku 2025\/2026 na UPJ\u0160 v Ko\u0161iciach (\u00fa\u010dinn\u00e9 od 1. 9. 2025)<br><a href=\"https:\/\/intranet.upjs.sk\/op\/op.Public.php?documentid=10256\" target=\"_blank\" rel=\"noreferrer noopener\">Dodatok \u010d. 1 k Rozhodnutiu rektora \u010d. 9\/2025<\/a> o ur\u010den\u00ed \u0161koln\u00e9ho, poplatkov spojen\u00fdch so \u0161t\u00fadiom a o \u00fahrad\u00e1ch n\u00e1kladov spojen\u00fdch so zvy\u0161ovan\u00edm kvalifik\u00e1cie v ak. rok 2025\/2026 na UPJ\u0160 v Ko\u0161iciach (\u00fa\u010dinn\u00fd od 1. 9. 2025)<\/p>\n\n\n\n<p><a aria-label=\"\u0160tipendijn\u00fd poriadok UPJ\u0160 v Ko\u0161iciach (opens in a new tab)\" class=\"ek-link\" href=\"https:\/\/intranet.upjs.sk\/op\/op.Public.php?documentid=1540\" target=\"_blank\" rel=\"noreferrer noopener\">\u0160tipendijn\u00fd poriadok UPJ\u0160 v Ko\u0161iciach<\/a> v znen\u00ed <a href=\"https:\/\/intranet.upjs.sk\/out\/out.ViewDocument.php?documentid=7712&amp;showtree=1\" target=\"_blank\" rel=\"noreferrer noopener\">Dodatku \u010d. 1<\/a>, <a href=\"https:\/\/intranet.upjs.sk\/out\/out.ViewDocument.php?documentid=8177&amp;showtree=1\">Dodatku \u010d. 2<\/a><\/p>\n\n\n\n<p><a href=\"https:\/\/intranet.upjs.sk\/op\/op.Public.php?documentid=10438\" target=\"_blank\" rel=\"noreferrer noopener\">\u0160tipendijn\u00fd poriadok UPJ\u0160 v Ko\u0161iciach, Fakulty verejnej spr\u00e1vy<\/a><\/p>\n\n\n\n<p><a href=\"https:\/\/intranet.upjs.sk\/op\/op.Public.php?documentid=8746\" target=\"_blank\" aria-label=\"Disciplin\u00e1rny poriadok a rokovac\u00ed poriadok Disciplin\u00e1rnej komisie FVS UPJ\u0160 v Ko\u0161iciach (opens in a new tab)\" rel=\"noreferrer noopener\" class=\"ek-link\">Disciplin\u00e1rny poriadok a rokovac\u00ed poriadok Disciplin\u00e1rnej komisie FVS UPJ\u0160 v Ko\u0161iciach<\/a><\/p>\n\n\n\n<p><a href=\"https:\/\/www.upjs.sk\/pracoviska\/univerzitna-kniznica\/zaverecne-prace\/\" target=\"_blank\" rel=\"noreferrer noopener\">Smernica \u010d. 1\/2011<\/a> o z\u00e1kladn\u00fdch n\u00e1le\u017eitostiach z\u00e1vere\u010dn\u00fdch pr\u00e1c, rigor\u00f3znych pr\u00e1c a habilita\u010dn\u00fdch pr\u00e1c, ich spr\u00edstupnen\u00ed po dobu ich uchovania a kontrole originality platn\u00e1 pre UPJ\u0160 v Ko\u0161iciach a jej s\u00fa\u010dasti vr\u00e1tane jej dodatkov<\/p>\n\n\n\n<p><a href=\"https:\/\/www.upjs.sk\/app\/uploads\/sites\/12\/2025\/11\/Pokyn-c.4_2025-o-zakl.-nalezitostiach-zaverecnych-prac.pdf\">Pokyn dekana \u010d. 4\/2025<\/a> o z\u00e1kladn\u00fdch n\u00e1le\u017eitostiach z\u00e1vere\u010dn\u00fdch pr\u00e1c, ich zverejnen\u00ed a spr\u00edstupnen\u00ed po dobu ich uchov\u00e1vania a kontrole originality platn\u00fd pre Univerzitu Pavla Jozefa \u0160af\u00e1rika, Fakultu verejnej spr\u00e1vy<br>Pr\u00edlohy:<br>Pr\u00edloha \u010d. 1: <a href=\"https:\/\/www.upjs.sk\/app\/uploads\/sites\/12\/2024\/10\/Vzor-obalu-zaverecnej-prace_2024.docx\" target=\"_blank\" rel=\"noreferrer noopener\">Vzor obalu z\u00e1vere\u010dnej pr\u00e1ce<\/a><br>Pr\u00edloha \u010d. 2: <a href=\"https:\/\/www.upjs.sk\/app\/uploads\/sites\/12\/2024\/10\/Vzor-titulneho-listu.docx\" target=\"_blank\" rel=\"noreferrer noopener\">Vzor tituln\u00e9ho listu<\/a><br>Pr\u00edloha \u010d. 3: <a href=\"https:\/\/www.upjs.sk\/app\/uploads\/sites\/12\/2024\/10\/Vzor_Cestne-vyhlasenie-o-vydani-prace-v-ramci-periodickej-alebo-neperiodickej-publikacie.pdf\" target=\"_blank\" rel=\"noreferrer noopener\">Vzor \u010cestn\u00e9ho vyhl\u00e1senia o vydan\u00ed z\u00e1vere\u010dnej pr\u00e1ce, rigor\u00f3znej pr\u00e1ce alebo habilita\u010dnej pr\u00e1ce v r\u00e1mci periodickej alebo neperiodickej publik\u00e1cie<\/a><br>Pr\u00edloha \u010d. 4: <a href=\"https:\/\/www.upjs.sk\/app\/uploads\/sites\/12\/2024\/10\/Vzor-Licencnej-zmluvy-o-pouziti-zaverecnej-prace.pdf\" target=\"_blank\" rel=\"noreferrer noopener\">Vzor Licen\u010dnej zmluvy o pou\u017eit\u00ed z\u00e1vere\u010dnej a rigor\u00f3znej pr\u00e1ce<\/a><br>Pr\u00edloha \u010d. 5: <a href=\"https:\/\/www.upjs.sk\/app\/uploads\/sites\/12\/2024\/10\/Vzor-Licencnej-zmluvy-o-pouziti-posudku-k-zaverecnej-praci.pdf\" target=\"_blank\" rel=\"noreferrer noopener\">Vzor Licen\u010dnej zmluvy o pou\u017eit\u00ed posudku k z\u00e1vere\u010dnej a rigor\u00f3znej pr\u00e1ci<\/a><br>Pr\u00edloha \u010d. 6: <a href=\"https:\/\/www.upjs.sk\/app\/uploads\/sites\/12\/2024\/10\/Vzor-posudku-veduceho-bakalarskej-prace.docx\" target=\"_blank\" rel=\"noreferrer noopener\">Vzor posudku ved\u00faceho bakal\u00e1rskej pr\u00e1ce<\/a><br>Pr\u00edloha \u010d. 7: <a href=\"https:\/\/www.upjs.sk\/app\/uploads\/sites\/12\/2024\/10\/Vzor-posudku-oponenta-bakalarskej-prace.docx\" target=\"_blank\" rel=\"noreferrer noopener\">Vzor posudku oponenta bakal\u00e1rskej pr\u00e1ce<\/a><br>Pr\u00edloha \u010d. 8: <a href=\"https:\/\/www.upjs.sk\/app\/uploads\/sites\/12\/2024\/10\/Vzor-posudku-veduceho-diplomovej-prace.docx\" target=\"_blank\" rel=\"noreferrer noopener\">Vzor posudku ved\u00faceho diplomovej pr\u00e1ce<\/a><br>Pr\u00edloha \u010d. 9: <a href=\"https:\/\/www.upjs.sk\/app\/uploads\/sites\/12\/2024\/10\/Vzor-posudku-oponenta-diplomovej-prace.docx\" target=\"_blank\" rel=\"noreferrer noopener\">Vzor posudku oponenta diplomovej pr\u00e1ce<\/a><br><\/p>\n\n\n\n<p><a href=\"https:\/\/intranet.upjs.sk\/out\/out.ViewDocument.php?documentid=9961&amp;showtree=1\"><strong>Rozhodnutie rektora \u010d. 25\/2024<\/strong>,<\/a> ktor\u00e9 stanovuje rozsah, sp\u00f4sob a postup pou\u017eitia softv\u00e9rov\u00fdch n\u00e1strojov na odha\u013eovanie plagi\u00e1torstva na Univerzite Pavla Jozefa \u0160af\u00e1rika v Ko\u0161iciach<\/p>\n\n\n\n<p><strong><a href=\"https:\/\/intranet.upjs.sk\/op\/op.ViewOnline.php?documentid=9973&amp;version=1\">Rozhodnutie rektora \u010d. 1\/2025<\/a><\/strong>, ktor\u00fdm sa upravuj\u00fa z\u00e1sady pou\u017e\u00edvania umelej inteligencie na Univerzite Pavla Jozefa \u0160af\u00e1rika v Ko\u0161iciach<\/p>\n\n\n\n<p><\/p>\n","protected":false},"excerpt":{"rendered":"<p>\u0160tat\u00fat UPJ\u0160 v Ko\u0161iciach \u0160tudijn\u00fd poriadok Univerzity Pavla Jozefa \u0160af\u00e1rika v Ko\u0161iciach pre 1., 2. a spojen\u00fd 1. a 2. stupe\u0148 \u0161t\u00fadia &#8211; \u00fa\u010dinn\u00fd od 1. 9. 2025 \u0160tudijn\u00fd poriadok UPJ\u0160 v Ko\u0161iciach pre 1., 2. a spojen\u00fd 1. a 2. stupe\u0148 \u0161t\u00fadia, Dodatok \u010d. 1, Dodatok \u010d. 2 &#8211; \u00fa\u010dinn\u00fd do 31. 8. 2025Pr\u00edloha &hellip; <a href=\"https:\/\/www.upjs.sk\/fakulta-verejnej-spravy\/informacie-pre-studentov\/12567-2\/\">\u010c\u00edta\u0165 \u010falej<\/a><\/p>\n","protected":false},"author":1,"featured_media":0,"parent":12837,"menu_order":17,"comment_status":"closed","ping_status":"closed","template":"","meta":{"_acf_changed":false,"_editorskit_title_hidden":false,"_editorskit_reading_time":1,"_editorskit_is_block_options_detached":false,"_editorskit_block_options_position":"{}","footnotes":""},"categories":[],"tags":[],"class_list":["post-13176","page","type-page","status-publish","hentry"],"acf":{"acf_link_na_externy_obsah":""},"yoast_head":"<!-- This site is optimized with the Yoast SEO plugin v27.4 - https:\/\/yoast.com\/product\/yoast-seo-wordpress\/ -->\n<title>Predpisy - Fakulta verejnej spr\u00e1vy | UPJ\u0160<\/title>\n<meta name=\"robots\" content=\"index, follow, max-snippet:-1, max-image-preview:large, max-video-preview:-1\" \/>\n<link rel=\"canonical\" href=\"https:\/\/www.upjs.sk\/fakulta-verejnej-spravy\/informacie-pre-studentov\/12567-2\/\" \/>\n<meta property=\"og:locale\" content=\"sk_SK\" \/>\n<meta property=\"og:type\" content=\"article\" \/>\n<meta property=\"og:title\" content=\"Predpisy - Fakulta verejnej spr\u00e1vy | UPJ\u0160\" \/>\n<meta property=\"og:description\" content=\"\u0160tat\u00fat UPJ\u0160 v Ko\u0161iciach \u0160tudijn\u00fd poriadok Univerzity Pavla Jozefa \u0160af\u00e1rika v Ko\u0161iciach pre 1., 2. a spojen\u00fd 1. a 2. stupe\u0148 \u0161t\u00fadia &#8211; \u00fa\u010dinn\u00fd od 1. 9. 2025 \u0160tudijn\u00fd poriadok UPJ\u0160 v Ko\u0161iciach pre 1., 2. a spojen\u00fd 1. a 2. stupe\u0148 \u0161t\u00fadia, Dodatok \u010d. 1, Dodatok \u010d. 2 &#8211; \u00fa\u010dinn\u00fd do 31. 8. 2025Pr\u00edloha &hellip; \u010c\u00edta\u0165 \u010falej\" \/>\n<meta property=\"og:url\" content=\"https:\/\/www.upjs.sk\/fakulta-verejnej-spravy\/informacie-pre-studentov\/12567-2\/\" \/>\n<meta property=\"og:site_name\" content=\"Fakulta verejnej spr\u00e1vy | UPJ\u0160\" \/>\n<meta property=\"article:modified_time\" content=\"2025-11-03T10:56:53+00:00\" \/>\n<meta name=\"twitter:card\" content=\"summary_large_image\" \/>\n<meta name=\"twitter:label1\" content=\"Predpokladan\u00fd \u010das \u010d\u00edtania\" \/>\n\t<meta name=\"twitter:data1\" content=\"3 min\u00faty\" \/>\n<script type=\"application\/ld+json\" class=\"yoast-schema-graph\">{\"@context\":\"https:\\\/\\\/schema.org\",\"@graph\":[{\"@type\":\"WebPage\",\"@id\":\"https:\\\/\\\/www.upjs.sk\\\/fakulta-verejnej-spravy\\\/informacie-pre-studentov\\\/12567-2\\\/\",\"url\":\"https:\\\/\\\/www.upjs.sk\\\/fakulta-verejnej-spravy\\\/informacie-pre-studentov\\\/12567-2\\\/\",\"name\":\"Predpisy - Fakulta verejnej spr\u00e1vy | UPJ\u0160\",\"isPartOf\":{\"@id\":\"https:\\\/\\\/www.upjs.sk\\\/fakulta-verejnej-spravy\\\/#website\"},\"datePublished\":\"2022-08-04T09:57:40+00:00\",\"dateModified\":\"2025-11-03T10:56:53+00:00\",\"breadcrumb\":{\"@id\":\"https:\\\/\\\/www.upjs.sk\\\/fakulta-verejnej-spravy\\\/informacie-pre-studentov\\\/12567-2\\\/#breadcrumb\"},\"inLanguage\":\"sk-SK\",\"potentialAction\":[{\"@type\":\"ReadAction\",\"target\":[\"https:\\\/\\\/www.upjs.sk\\\/fakulta-verejnej-spravy\\\/informacie-pre-studentov\\\/12567-2\\\/\"]}]},{\"@type\":\"BreadcrumbList\",\"@id\":\"https:\\\/\\\/www.upjs.sk\\\/fakulta-verejnej-spravy\\\/informacie-pre-studentov\\\/12567-2\\\/#breadcrumb\",\"itemListElement\":[{\"@type\":\"ListItem\",\"position\":1,\"name\":\"Home\",\"item\":\"https:\\\/\\\/www.upjs.sk\\\/fakulta-verejnej-spravy\\\/\"},{\"@type\":\"ListItem\",\"position\":2,\"name\":\"Inform\u00e1cie pre \u0161tudentov\",\"item\":\"https:\\\/\\\/www.upjs.sk\\\/fakulta-verejnej-spravy\\\/?page_id=12837\"},{\"@type\":\"ListItem\",\"position\":3,\"name\":\"Predpisy\"}]},{\"@type\":\"WebSite\",\"@id\":\"https:\\\/\\\/www.upjs.sk\\\/fakulta-verejnej-spravy\\\/#website\",\"url\":\"https:\\\/\\\/www.upjs.sk\\\/fakulta-verejnej-spravy\\\/\",\"name\":\"Fakulta verejnej spr\u00e1vy | UPJ\u0160\",\"description\":\"\",\"publisher\":{\"@id\":\"https:\\\/\\\/www.upjs.sk\\\/fakulta-verejnej-spravy\\\/#organization\"},\"potentialAction\":[{\"@type\":\"SearchAction\",\"target\":{\"@type\":\"EntryPoint\",\"urlTemplate\":\"https:\\\/\\\/www.upjs.sk\\\/fakulta-verejnej-spravy\\\/?s={search_term_string}\"},\"query-input\":{\"@type\":\"PropertyValueSpecification\",\"valueRequired\":true,\"valueName\":\"search_term_string\"}}],\"inLanguage\":\"sk-SK\"},{\"@type\":\"Organization\",\"@id\":\"https:\\\/\\\/www.upjs.sk\\\/fakulta-verejnej-spravy\\\/#organization\",\"name\":\"Fakulta verejnej spr\u00e1vy | UPJ\u0160\",\"url\":\"https:\\\/\\\/www.upjs.sk\\\/fakulta-verejnej-spravy\\\/\",\"logo\":{\"@type\":\"ImageObject\",\"inLanguage\":\"sk-SK\",\"@id\":\"https:\\\/\\\/www.upjs.sk\\\/fakulta-verejnej-spravy\\\/#\\\/schema\\\/logo\\\/image\\\/\",\"url\":\"https:\\\/\\\/www.upjs.sk\\\/app\\\/uploads\\\/sites\\\/12\\\/2022\\\/09\\\/logo-verejnej-spravy-fakulta.png\",\"contentUrl\":\"https:\\\/\\\/www.upjs.sk\\\/app\\\/uploads\\\/sites\\\/12\\\/2022\\\/09\\\/logo-verejnej-spravy-fakulta.png\",\"width\":415,\"height\":87,\"caption\":\"Fakulta verejnej spr\u00e1vy | UPJ\u0160\"},\"image\":{\"@id\":\"https:\\\/\\\/www.upjs.sk\\\/fakulta-verejnej-spravy\\\/#\\\/schema\\\/logo\\\/image\\\/\"}}]}<\/script>\n<!-- \/ Yoast SEO plugin. -->","yoast_head_json":{"title":"Predpisy - Fakulta verejnej spr\u00e1vy | UPJ\u0160","robots":{"index":"index","follow":"follow","max-snippet":"max-snippet:-1","max-image-preview":"max-image-preview:large","max-video-preview":"max-video-preview:-1"},"canonical":"https:\/\/www.upjs.sk\/fakulta-verejnej-spravy\/informacie-pre-studentov\/12567-2\/","og_locale":"sk_SK","og_type":"article","og_title":"Predpisy - Fakulta verejnej spr\u00e1vy | UPJ\u0160","og_description":"\u0160tat\u00fat UPJ\u0160 v Ko\u0161iciach \u0160tudijn\u00fd poriadok Univerzity Pavla Jozefa \u0160af\u00e1rika v Ko\u0161iciach pre 1., 2. a spojen\u00fd 1. a 2. stupe\u0148 \u0161t\u00fadia &#8211; \u00fa\u010dinn\u00fd od 1. 9. 2025 \u0160tudijn\u00fd poriadok UPJ\u0160 v Ko\u0161iciach pre 1., 2. a spojen\u00fd 1. a 2. stupe\u0148 \u0161t\u00fadia, Dodatok \u010d. 1, Dodatok \u010d. 2 &#8211; \u00fa\u010dinn\u00fd do 31. 8. 2025Pr\u00edloha &hellip; \u010c\u00edta\u0165 \u010falej","og_url":"https:\/\/www.upjs.sk\/fakulta-verejnej-spravy\/informacie-pre-studentov\/12567-2\/","og_site_name":"Fakulta verejnej spr\u00e1vy | UPJ\u0160","article_modified_time":"2025-11-03T10:56:53+00:00","twitter_card":"summary_large_image","twitter_misc":{"Predpokladan\u00fd \u010das \u010d\u00edtania":"3 min\u00faty"},"schema":{"@context":"https:\/\/schema.org","@graph":[{"@type":"WebPage","@id":"https:\/\/www.upjs.sk\/fakulta-verejnej-spravy\/informacie-pre-studentov\/12567-2\/","url":"https:\/\/www.upjs.sk\/fakulta-verejnej-spravy\/informacie-pre-studentov\/12567-2\/","name":"Predpisy - Fakulta verejnej spr\u00e1vy | UPJ\u0160","isPartOf":{"@id":"https:\/\/www.upjs.sk\/fakulta-verejnej-spravy\/#website"},"datePublished":"2022-08-04T09:57:40+00:00","dateModified":"2025-11-03T10:56:53+00:00","breadcrumb":{"@id":"https:\/\/www.upjs.sk\/fakulta-verejnej-spravy\/informacie-pre-studentov\/12567-2\/#breadcrumb"},"inLanguage":"sk-SK","potentialAction":[{"@type":"ReadAction","target":["https:\/\/www.upjs.sk\/fakulta-verejnej-spravy\/informacie-pre-studentov\/12567-2\/"]}]},{"@type":"BreadcrumbList","@id":"https:\/\/www.upjs.sk\/fakulta-verejnej-spravy\/informacie-pre-studentov\/12567-2\/#breadcrumb","itemListElement":[{"@type":"ListItem","position":1,"name":"Home","item":"https:\/\/www.upjs.sk\/fakulta-verejnej-spravy\/"},{"@type":"ListItem","position":2,"name":"Inform\u00e1cie pre \u0161tudentov","item":"https:\/\/www.upjs.sk\/fakulta-verejnej-spravy\/?page_id=12837"},{"@type":"ListItem","position":3,"name":"Predpisy"}]},{"@type":"WebSite","@id":"https:\/\/www.upjs.sk\/fakulta-verejnej-spravy\/#website","url":"https:\/\/www.upjs.sk\/fakulta-verejnej-spravy\/","name":"Fakulta verejnej spr\u00e1vy | UPJ\u0160","description":"","publisher":{"@id":"https:\/\/www.upjs.sk\/fakulta-verejnej-spravy\/#organization"},"potentialAction":[{"@type":"SearchAction","target":{"@type":"EntryPoint","urlTemplate":"https:\/\/www.upjs.sk\/fakulta-verejnej-spravy\/?s={search_term_string}"},"query-input":{"@type":"PropertyValueSpecification","valueRequired":true,"valueName":"search_term_string"}}],"inLanguage":"sk-SK"},{"@type":"Organization","@id":"https:\/\/www.upjs.sk\/fakulta-verejnej-spravy\/#organization","name":"Fakulta verejnej spr\u00e1vy | UPJ\u0160","url":"https:\/\/www.upjs.sk\/fakulta-verejnej-spravy\/","logo":{"@type":"ImageObject","inLanguage":"sk-SK","@id":"https:\/\/www.upjs.sk\/fakulta-verejnej-spravy\/#\/schema\/logo\/image\/","url":"https:\/\/www.upjs.sk\/app\/uploads\/sites\/12\/2022\/09\/logo-verejnej-spravy-fakulta.png","contentUrl":"https:\/\/www.upjs.sk\/app\/uploads\/sites\/12\/2022\/09\/logo-verejnej-spravy-fakulta.png","width":415,"height":87,"caption":"Fakulta verejnej spr\u00e1vy | UPJ\u0160"},"image":{"@id":"https:\/\/www.upjs.sk\/fakulta-verejnej-spravy\/#\/schema\/logo\/image\/"}}]}},"_links":{"self":[{"href":"https:\/\/www.upjs.sk\/fakulta-verejnej-spravy\/wp-json\/wp\/v2\/pages\/13176","targetHints":{"allow":["GET"]}}],"collection":[{"href":"https:\/\/www.upjs.sk\/fakulta-verejnej-spravy\/wp-json\/wp\/v2\/pages"}],"about":[{"href":"https:\/\/www.upjs.sk\/fakulta-verejnej-spravy\/wp-json\/wp\/v2\/types\/page"}],"author":[{"embeddable":true,"href":"https:\/\/www.upjs.sk\/fakulta-verejnej-spravy\/wp-json\/wp\/v2\/users\/1"}],"replies":[{"embeddable":true,"href":"https:\/\/www.upjs.sk\/fakulta-verejnej-spravy\/wp-json\/wp\/v2\/comments?post=13176"}],"version-history":[{"count":20,"href":"https:\/\/www.upjs.sk\/fakulta-verejnej-spravy\/wp-json\/wp\/v2\/pages\/13176\/revisions"}],"predecessor-version":[{"id":29887,"href":"https:\/\/www.upjs.sk\/fakulta-verejnej-spravy\/wp-json\/wp\/v2\/pages\/13176\/revisions\/29887"}],"up":[{"embeddable":true,"href":"https:\/\/www.upjs.sk\/fakulta-verejnej-spravy\/wp-json\/wp\/v2\/pages\/12837"}],"wp:attachment":[{"href":"https:\/\/www.upjs.sk\/fakulta-verejnej-spravy\/wp-json\/wp\/v2\/media?parent=13176"}],"wp:term":[{"taxonomy":"category","embeddable":true,"href":"https:\/\/www.upjs.sk\/fakulta-verejnej-spravy\/wp-json\/wp\/v2\/categories?post=13176"},{"taxonomy":"post_tag","embeddable":true,"href":"https:\/\/www.upjs.sk\/fakulta-verejnej-spravy\/wp-json\/wp\/v2\/tags?post=13176"}],"curies":[{"name":"wp","href":"https:\/\/api.w.org\/{rel}","templated":true}]}}