{"id":13193,"date":"2022-09-23T11:43:53","date_gmt":"2022-09-23T11:43:53","guid":{"rendered":"https:\/\/www.upjs.sk\/fakulta-verejnej-spravy\/informacie-pre-studentov\/12572-2\/"},"modified":"2024-06-21T13:01:03","modified_gmt":"2024-06-21T12:01:03","slug":"studijni-poradcovia","status":"publish","type":"page","link":"https:\/\/www.upjs.sk\/fakulta-verejnej-spravy\/informacie-pre-studentov\/studijni-poradcovia\/","title":{"rendered":"\u0160tudijn\u00ed poradcovia"},"content":{"rendered":"\n<p><a aria-label=\" (opens in a new tab)\" href=\"http:\/\/www.upjs.sk\/FVS\/zamestnanec\/jozef.andrejcak\" target=\"_blank\" rel=\"noreferrer noopener\" class=\"ek-link\"><strong>Mgr. Jozef Andrej\u010d\u00e1k, PhD.<\/strong><\/a><br>1. rok bakal\u00e1rskych \u0161tudijn\u00fdch programov <strong>verejn\u00e1 spr\u00e1va, eur\u00f3pska verejn\u00e1 spr\u00e1va <\/strong>a <strong>informa\u010dn\u00e9 syst\u00e9my vo verejnej spr\u00e1ve <\/strong>v dennej a externej forme \u0161t\u00fadia<\/p>\n\n\n\n<p><a aria-label=\"PhDr. Jana Volochov\u00e1, PhD. (opens in a new tab)\" href=\"http:\/\/www.upjs.sk\/FVS\/zamestnanec\/jana.volochova\" target=\"_blank\" rel=\"noreferrer noopener\" class=\"ek-link\"><strong>PhDr. Jana Volochov\u00e1, PhD.<\/strong><\/a><br>2. rok bakal\u00e1rskych \u0161tudijn\u00fdch programov <strong>verejn\u00e1 spr\u00e1va, eur\u00f3pska verejn\u00e1 spr\u00e1va <\/strong>a <strong>informa\u010dn\u00e9 syst\u00e9my vo verejnej spr\u00e1ve <\/strong>v dennej a externej forme \u0161t\u00fadia<\/p>\n\n\n\n<p><a aria-label=\"Mgr. Veronika D\u017eatkov\u00e1, PhD. (opens in a new tab)\" href=\"http:\/\/www.upjs.sk\/FVS\/zamestnanec\/veronika.dzatkova\" target=\"_blank\" rel=\"noreferrer noopener\" class=\"ek-link\"><strong>Mgr. Veronika D\u017eatkov\u00e1, PhD.<\/strong><\/a><br>3. rok bakal\u00e1rskych \u0161tudijn\u00fdch programov <strong>verejn\u00e1 spr\u00e1va, eur\u00f3pska verejn\u00e1 spr\u00e1va <\/strong>a <strong>informa\u010dn\u00e9 syst\u00e9my vo verejnej spr\u00e1ve <\/strong>v dennej a externej forme \u0161t\u00fadia<\/p>\n\n\n\n<p><a href=\"http:\/\/www.upjs.sk\/FVS\/zamestnanec\/jana.dzunova.\" target=\"_blank\" aria-label=\"PhDr. Jana D\u017eu\u0148ov\u00e1, PhD. (opens in a new tab)\" rel=\"noreferrer noopener\" class=\"ek-link\"><strong>PhDr. Jana D\u017eu\u0148ov\u00e1, PhD.<\/strong><\/a><br>1. rok magistersk\u00fdch \u0161tudijn\u00fdch programov <strong>verejn\u00e1 spr\u00e1va <\/strong>a <strong>eur\u00f3pska verejn\u00e1 spr\u00e1va <\/strong>v dennej a externej forme \u0161t\u00fadia<\/p>\n\n\n\n<p><a href=\"http:\/\/www.upjs.sk\/FVS\/zamestnanec\/ondrej.mital\" target=\"_blank\" aria-label=\"PhDr. Ondrej Mita\u013e, PhD. (opens in a new tab)\" rel=\"noreferrer noopener\" class=\"ek-link\"><strong>PhDr. Ondrej Mita\u013e, PhD.<\/strong><\/a><br>2. rok magistersk\u00fdch \u0161tudijn\u00fdch programov <strong>verejn\u00e1 spr\u00e1va <\/strong>a <strong>eur\u00f3pska verejn\u00e1 spr\u00e1va <\/strong>v dennej a externej forme \u0161t\u00fadia<\/p>\n","protected":false},"excerpt":{"rendered":"<p>Mgr. Jozef Andrej\u010d\u00e1k, PhD.1. rok bakal\u00e1rskych \u0161tudijn\u00fdch programov verejn\u00e1 spr\u00e1va, eur\u00f3pska verejn\u00e1 spr\u00e1va a informa\u010dn\u00e9 syst\u00e9my vo verejnej spr\u00e1ve v dennej a externej forme \u0161t\u00fadia PhDr. Jana Volochov\u00e1, PhD.2. rok bakal\u00e1rskych \u0161tudijn\u00fdch programov verejn\u00e1 spr\u00e1va, eur\u00f3pska verejn\u00e1 spr\u00e1va a informa\u010dn\u00e9 syst\u00e9my vo verejnej spr\u00e1ve v dennej a externej forme \u0161t\u00fadia Mgr. Veronika D\u017eatkov\u00e1, PhD.3. rok &hellip; <a href=\"https:\/\/www.upjs.sk\/fakulta-verejnej-spravy\/informacie-pre-studentov\/studijni-poradcovia\/\">\u010c\u00edta\u0165 \u010falej<\/a><\/p>\n","protected":false},"author":1,"featured_media":0,"parent":12837,"menu_order":19,"comment_status":"closed","ping_status":"closed","template":"","meta":{"_acf_changed":false,"_editorskit_title_hidden":false,"_editorskit_reading_time":1,"_editorskit_is_block_options_detached":false,"_editorskit_block_options_position":"{}","footnotes":""},"categories":[],"tags":[],"class_list":["post-13193","page","type-page","status-publish","hentry"],"acf":{"acf_link_na_externy_obsah":""},"yoast_head":"<!-- This site is optimized with the Yoast SEO plugin v27.4 - https:\/\/yoast.com\/product\/yoast-seo-wordpress\/ -->\n<title>\u0160tudijn\u00ed poradcovia - Fakulta verejnej spr\u00e1vy | UPJ\u0160<\/title>\n<meta name=\"robots\" content=\"index, follow, max-snippet:-1, max-image-preview:large, max-video-preview:-1\" \/>\n<link rel=\"canonical\" href=\"https:\/\/www.upjs.sk\/fakulta-verejnej-spravy\/informacie-pre-studentov\/studijni-poradcovia\/\" \/>\n<meta property=\"og:locale\" content=\"sk_SK\" \/>\n<meta property=\"og:type\" content=\"article\" \/>\n<meta property=\"og:title\" content=\"\u0160tudijn\u00ed poradcovia - Fakulta verejnej spr\u00e1vy | UPJ\u0160\" \/>\n<meta property=\"og:description\" content=\"Mgr. Jozef Andrej\u010d\u00e1k, PhD.1. rok bakal\u00e1rskych \u0161tudijn\u00fdch programov verejn\u00e1 spr\u00e1va, eur\u00f3pska verejn\u00e1 spr\u00e1va a informa\u010dn\u00e9 syst\u00e9my vo verejnej spr\u00e1ve v dennej a externej forme \u0161t\u00fadia PhDr. Jana Volochov\u00e1, PhD.2. rok bakal\u00e1rskych \u0161tudijn\u00fdch programov verejn\u00e1 spr\u00e1va, eur\u00f3pska verejn\u00e1 spr\u00e1va a informa\u010dn\u00e9 syst\u00e9my vo verejnej spr\u00e1ve v dennej a externej forme \u0161t\u00fadia Mgr. Veronika D\u017eatkov\u00e1, PhD.3. rok &hellip; \u010c\u00edta\u0165 \u010falej\" \/>\n<meta property=\"og:url\" content=\"https:\/\/www.upjs.sk\/fakulta-verejnej-spravy\/informacie-pre-studentov\/studijni-poradcovia\/\" \/>\n<meta property=\"og:site_name\" content=\"Fakulta verejnej spr\u00e1vy | UPJ\u0160\" \/>\n<meta property=\"article:modified_time\" content=\"2024-06-21T12:01:03+00:00\" \/>\n<meta name=\"twitter:card\" content=\"summary_large_image\" \/>\n<meta name=\"twitter:label1\" content=\"Predpokladan\u00fd \u010das \u010d\u00edtania\" \/>\n\t<meta name=\"twitter:data1\" content=\"1 min\u00fata\" \/>\n<script type=\"application\/ld+json\" class=\"yoast-schema-graph\">{\"@context\":\"https:\\\/\\\/schema.org\",\"@graph\":[{\"@type\":\"WebPage\",\"@id\":\"https:\\\/\\\/www.upjs.sk\\\/fakulta-verejnej-spravy\\\/informacie-pre-studentov\\\/studijni-poradcovia\\\/\",\"url\":\"https:\\\/\\\/www.upjs.sk\\\/fakulta-verejnej-spravy\\\/informacie-pre-studentov\\\/studijni-poradcovia\\\/\",\"name\":\"\u0160tudijn\u00ed poradcovia - Fakulta verejnej spr\u00e1vy | UPJ\u0160\",\"isPartOf\":{\"@id\":\"https:\\\/\\\/www.upjs.sk\\\/fakulta-verejnej-spravy\\\/#website\"},\"datePublished\":\"2022-09-23T11:43:53+00:00\",\"dateModified\":\"2024-06-21T12:01:03+00:00\",\"breadcrumb\":{\"@id\":\"https:\\\/\\\/www.upjs.sk\\\/fakulta-verejnej-spravy\\\/informacie-pre-studentov\\\/studijni-poradcovia\\\/#breadcrumb\"},\"inLanguage\":\"sk-SK\",\"potentialAction\":[{\"@type\":\"ReadAction\",\"target\":[\"https:\\\/\\\/www.upjs.sk\\\/fakulta-verejnej-spravy\\\/informacie-pre-studentov\\\/studijni-poradcovia\\\/\"]}]},{\"@type\":\"BreadcrumbList\",\"@id\":\"https:\\\/\\\/www.upjs.sk\\\/fakulta-verejnej-spravy\\\/informacie-pre-studentov\\\/studijni-poradcovia\\\/#breadcrumb\",\"itemListElement\":[{\"@type\":\"ListItem\",\"position\":1,\"name\":\"Home\",\"item\":\"https:\\\/\\\/www.upjs.sk\\\/fakulta-verejnej-spravy\\\/\"},{\"@type\":\"ListItem\",\"position\":2,\"name\":\"Inform\u00e1cie pre \u0161tudentov\",\"item\":\"https:\\\/\\\/www.upjs.sk\\\/fakulta-verejnej-spravy\\\/?page_id=12837\"},{\"@type\":\"ListItem\",\"position\":3,\"name\":\"\u0160tudijn\u00ed poradcovia\"}]},{\"@type\":\"WebSite\",\"@id\":\"https:\\\/\\\/www.upjs.sk\\\/fakulta-verejnej-spravy\\\/#website\",\"url\":\"https:\\\/\\\/www.upjs.sk\\\/fakulta-verejnej-spravy\\\/\",\"name\":\"Fakulta verejnej spr\u00e1vy | UPJ\u0160\",\"description\":\"\",\"publisher\":{\"@id\":\"https:\\\/\\\/www.upjs.sk\\\/fakulta-verejnej-spravy\\\/#organization\"},\"potentialAction\":[{\"@type\":\"SearchAction\",\"target\":{\"@type\":\"EntryPoint\",\"urlTemplate\":\"https:\\\/\\\/www.upjs.sk\\\/fakulta-verejnej-spravy\\\/?s={search_term_string}\"},\"query-input\":{\"@type\":\"PropertyValueSpecification\",\"valueRequired\":true,\"valueName\":\"search_term_string\"}}],\"inLanguage\":\"sk-SK\"},{\"@type\":\"Organization\",\"@id\":\"https:\\\/\\\/www.upjs.sk\\\/fakulta-verejnej-spravy\\\/#organization\",\"name\":\"Fakulta verejnej spr\u00e1vy | UPJ\u0160\",\"url\":\"https:\\\/\\\/www.upjs.sk\\\/fakulta-verejnej-spravy\\\/\",\"logo\":{\"@type\":\"ImageObject\",\"inLanguage\":\"sk-SK\",\"@id\":\"https:\\\/\\\/www.upjs.sk\\\/fakulta-verejnej-spravy\\\/#\\\/schema\\\/logo\\\/image\\\/\",\"url\":\"https:\\\/\\\/www.upjs.sk\\\/app\\\/uploads\\\/sites\\\/12\\\/2022\\\/09\\\/logo-verejnej-spravy-fakulta.png\",\"contentUrl\":\"https:\\\/\\\/www.upjs.sk\\\/app\\\/uploads\\\/sites\\\/12\\\/2022\\\/09\\\/logo-verejnej-spravy-fakulta.png\",\"width\":415,\"height\":87,\"caption\":\"Fakulta verejnej spr\u00e1vy | UPJ\u0160\"},\"image\":{\"@id\":\"https:\\\/\\\/www.upjs.sk\\\/fakulta-verejnej-spravy\\\/#\\\/schema\\\/logo\\\/image\\\/\"}}]}<\/script>\n<!-- \/ Yoast SEO plugin. -->","yoast_head_json":{"title":"\u0160tudijn\u00ed poradcovia - Fakulta verejnej spr\u00e1vy | UPJ\u0160","robots":{"index":"index","follow":"follow","max-snippet":"max-snippet:-1","max-image-preview":"max-image-preview:large","max-video-preview":"max-video-preview:-1"},"canonical":"https:\/\/www.upjs.sk\/fakulta-verejnej-spravy\/informacie-pre-studentov\/studijni-poradcovia\/","og_locale":"sk_SK","og_type":"article","og_title":"\u0160tudijn\u00ed poradcovia - Fakulta verejnej spr\u00e1vy | UPJ\u0160","og_description":"Mgr. Jozef Andrej\u010d\u00e1k, PhD.1. rok bakal\u00e1rskych \u0161tudijn\u00fdch programov verejn\u00e1 spr\u00e1va, eur\u00f3pska verejn\u00e1 spr\u00e1va a informa\u010dn\u00e9 syst\u00e9my vo verejnej spr\u00e1ve v dennej a externej forme \u0161t\u00fadia PhDr. Jana Volochov\u00e1, PhD.2. rok bakal\u00e1rskych \u0161tudijn\u00fdch programov verejn\u00e1 spr\u00e1va, eur\u00f3pska verejn\u00e1 spr\u00e1va a informa\u010dn\u00e9 syst\u00e9my vo verejnej spr\u00e1ve v dennej a externej forme \u0161t\u00fadia Mgr. Veronika D\u017eatkov\u00e1, PhD.3. rok &hellip; \u010c\u00edta\u0165 \u010falej","og_url":"https:\/\/www.upjs.sk\/fakulta-verejnej-spravy\/informacie-pre-studentov\/studijni-poradcovia\/","og_site_name":"Fakulta verejnej spr\u00e1vy | UPJ\u0160","article_modified_time":"2024-06-21T12:01:03+00:00","twitter_card":"summary_large_image","twitter_misc":{"Predpokladan\u00fd \u010das \u010d\u00edtania":"1 min\u00fata"},"schema":{"@context":"https:\/\/schema.org","@graph":[{"@type":"WebPage","@id":"https:\/\/www.upjs.sk\/fakulta-verejnej-spravy\/informacie-pre-studentov\/studijni-poradcovia\/","url":"https:\/\/www.upjs.sk\/fakulta-verejnej-spravy\/informacie-pre-studentov\/studijni-poradcovia\/","name":"\u0160tudijn\u00ed poradcovia - Fakulta verejnej spr\u00e1vy | UPJ\u0160","isPartOf":{"@id":"https:\/\/www.upjs.sk\/fakulta-verejnej-spravy\/#website"},"datePublished":"2022-09-23T11:43:53+00:00","dateModified":"2024-06-21T12:01:03+00:00","breadcrumb":{"@id":"https:\/\/www.upjs.sk\/fakulta-verejnej-spravy\/informacie-pre-studentov\/studijni-poradcovia\/#breadcrumb"},"inLanguage":"sk-SK","potentialAction":[{"@type":"ReadAction","target":["https:\/\/www.upjs.sk\/fakulta-verejnej-spravy\/informacie-pre-studentov\/studijni-poradcovia\/"]}]},{"@type":"BreadcrumbList","@id":"https:\/\/www.upjs.sk\/fakulta-verejnej-spravy\/informacie-pre-studentov\/studijni-poradcovia\/#breadcrumb","itemListElement":[{"@type":"ListItem","position":1,"name":"Home","item":"https:\/\/www.upjs.sk\/fakulta-verejnej-spravy\/"},{"@type":"ListItem","position":2,"name":"Inform\u00e1cie pre \u0161tudentov","item":"https:\/\/www.upjs.sk\/fakulta-verejnej-spravy\/?page_id=12837"},{"@type":"ListItem","position":3,"name":"\u0160tudijn\u00ed poradcovia"}]},{"@type":"WebSite","@id":"https:\/\/www.upjs.sk\/fakulta-verejnej-spravy\/#website","url":"https:\/\/www.upjs.sk\/fakulta-verejnej-spravy\/","name":"Fakulta verejnej spr\u00e1vy | UPJ\u0160","description":"","publisher":{"@id":"https:\/\/www.upjs.sk\/fakulta-verejnej-spravy\/#organization"},"potentialAction":[{"@type":"SearchAction","target":{"@type":"EntryPoint","urlTemplate":"https:\/\/www.upjs.sk\/fakulta-verejnej-spravy\/?s={search_term_string}"},"query-input":{"@type":"PropertyValueSpecification","valueRequired":true,"valueName":"search_term_string"}}],"inLanguage":"sk-SK"},{"@type":"Organization","@id":"https:\/\/www.upjs.sk\/fakulta-verejnej-spravy\/#organization","name":"Fakulta verejnej spr\u00e1vy | UPJ\u0160","url":"https:\/\/www.upjs.sk\/fakulta-verejnej-spravy\/","logo":{"@type":"ImageObject","inLanguage":"sk-SK","@id":"https:\/\/www.upjs.sk\/fakulta-verejnej-spravy\/#\/schema\/logo\/image\/","url":"https:\/\/www.upjs.sk\/app\/uploads\/sites\/12\/2022\/09\/logo-verejnej-spravy-fakulta.png","contentUrl":"https:\/\/www.upjs.sk\/app\/uploads\/sites\/12\/2022\/09\/logo-verejnej-spravy-fakulta.png","width":415,"height":87,"caption":"Fakulta verejnej spr\u00e1vy | UPJ\u0160"},"image":{"@id":"https:\/\/www.upjs.sk\/fakulta-verejnej-spravy\/#\/schema\/logo\/image\/"}}]}},"_links":{"self":[{"href":"https:\/\/www.upjs.sk\/fakulta-verejnej-spravy\/wp-json\/wp\/v2\/pages\/13193","targetHints":{"allow":["GET"]}}],"collection":[{"href":"https:\/\/www.upjs.sk\/fakulta-verejnej-spravy\/wp-json\/wp\/v2\/pages"}],"about":[{"href":"https:\/\/www.upjs.sk\/fakulta-verejnej-spravy\/wp-json\/wp\/v2\/types\/page"}],"author":[{"embeddable":true,"href":"https:\/\/www.upjs.sk\/fakulta-verejnej-spravy\/wp-json\/wp\/v2\/users\/1"}],"replies":[{"embeddable":true,"href":"https:\/\/www.upjs.sk\/fakulta-verejnej-spravy\/wp-json\/wp\/v2\/comments?post=13193"}],"version-history":[{"count":8,"href":"https:\/\/www.upjs.sk\/fakulta-verejnej-spravy\/wp-json\/wp\/v2\/pages\/13193\/revisions"}],"predecessor-version":[{"id":26727,"href":"https:\/\/www.upjs.sk\/fakulta-verejnej-spravy\/wp-json\/wp\/v2\/pages\/13193\/revisions\/26727"}],"up":[{"embeddable":true,"href":"https:\/\/www.upjs.sk\/fakulta-verejnej-spravy\/wp-json\/wp\/v2\/pages\/12837"}],"wp:attachment":[{"href":"https:\/\/www.upjs.sk\/fakulta-verejnej-spravy\/wp-json\/wp\/v2\/media?parent=13193"}],"wp:term":[{"taxonomy":"category","embeddable":true,"href":"https:\/\/www.upjs.sk\/fakulta-verejnej-spravy\/wp-json\/wp\/v2\/categories?post=13193"},{"taxonomy":"post_tag","embeddable":true,"href":"https:\/\/www.upjs.sk\/fakulta-verejnej-spravy\/wp-json\/wp\/v2\/tags?post=13193"}],"curies":[{"name":"wp","href":"https:\/\/api.w.org\/{rel}","templated":true}]}}