{"id":13194,"date":"2022-03-21T12:08:19","date_gmt":"2022-03-21T12:08:19","guid":{"rendered":"https:\/\/www.upjs.sk\/fakulta-verejnej-spravy\/informacie-pre-studentov\/12705-2\/"},"modified":"2023-01-30T14:31:35","modified_gmt":"2023-01-30T13:31:35","slug":"12705-2","status":"publish","type":"page","link":"https:\/\/www.upjs.sk\/fakulta-verejnej-spravy\/informacie-pre-studentov\/12705-2\/","title":{"rendered":"Poplatky za potvrdenie o n\u00e1v\u0161teve \u0161koly"},"content":{"rendered":"<p style=\"text-align:justify\"><strong>Potvrdenia o&nbsp;n\u00e1v\u0161teve \u0161koly<\/strong> (okrem t\u00fdch, ktor\u00e9 s\u00fa vydan\u00e9 v&nbsp;slovenskom jazyku pri z\u00e1pise bezplatne) s\u00fa pod\u013ea \u010dl. 4 ods. 2 Rozhodnutia rektora \u010d. 15\/2019 o&nbsp;ur\u010den\u00ed \u0161koln\u00e9ho,&nbsp;poplatkov spojen\u00fdch so \u0161t\u00fadiom a&nbsp;\u00fahrad\u00e1ch n\u00e1kladov spojen\u00fdch so zvy\u0161ovan\u00edm kvalifik\u00e1cie v&nbsp;akademickom roku 2020\/2021 na UPJ\u0160 v&nbsp;Ko\u0161iciach <strong>spoplatnen\u00e9<\/strong>.<\/p>\n<p><strong>Potvrdenie o&nbsp;n\u00e1v\u0161teve \u0161koly sa vyd\u00e1va na z\u00e1klade:<\/strong><\/p>\n<ul>\n<li><strong><a href=\"https:\/\/www.upjs.sk\/public\/media\/26780\/02_Ziadost%20o%20vydanie%20potvrdenia%20(mimo%20zapisu).docx\">p\u00edsomnej \u017eiadosti<\/a> \u0161tudenta, ktorej formul\u00e1r je aj vo vestibule pred \u0161tudijn\u00fdm refer\u00e1tom, alebo si ju m\u00f4\u017eete stiahnu\u0165 a vyplni\u0165 a posla\u0165 na fvs-vzdelavanie@upjs.sk<\/strong><\/li>\n<li><strong>\u00fahrady poplatku<\/strong><\/li>\n<\/ul>\n<table cellspacing=\"0\" cellpadding=\"0\" border=\"1\">\n<tbody>\n<tr>\n<td style=\"width:350px\">\n<p align=\"center\"><strong>Typ potvrdenia<\/strong><\/p>\n<\/td>\n<td style=\"width:132px\">\n<p align=\"center\"><strong>V\u00fd\u0161ka poplatku<\/strong><\/p>\n<\/td>\n<td style=\"width:147px\">\n<p align=\"center\"><strong>Variabiln\u00fd symbol<\/strong><\/p>\n<\/td>\n<\/tr>\n<tr>\n<td style=\"width:350px\">Potvrdenie v&nbsp;slovenskom jazyku<\/td>\n<td style=\"width:132px\">\n<p align=\"center\">2 \u20ac<\/p>\n<\/td>\n<td style=\"width:147px\">\n<p align=\"center\">4941<\/p>\n<\/td>\n<\/tr>\n<tr>\n<td style=\"width:350px\">Potvrdenie v&nbsp;anglickom jazyku<\/td>\n<td style=\"width:132px\">\n<p align=\"center\">4 \u20ac<\/p>\n<\/td>\n<td style=\"width:147px\">\n<p align=\"center\">4942<\/p>\n<\/td>\n<\/tr>\n<tr>\n<td style=\"width:350px\">Potvrdenie spojen\u00e9 s&nbsp;vyh\u013eadan\u00edm v&nbsp;arch\u00edve<\/td>\n<td style=\"width:132px\">\n<p align=\"center\">6 \u20ac<\/p>\n<\/td>\n<td style=\"width:147px\">\n<p align=\"center\">4943<\/p>\n<\/td>\n<\/tr>\n<\/tbody>\n<\/table>\n<p><strong>\u00daDAJE &nbsp;K&nbsp; PLATBE <\/strong><\/p>\n<p>\u010c\u00edslo \u00fa\u010dtu vo form\u00e1te IBAN:&nbsp;&nbsp;&nbsp;&nbsp;&nbsp;&nbsp; SK5881800000007000086002<br \/>\nSWIFT k\u00f3d: &nbsp;&nbsp;&nbsp;&nbsp;&nbsp;&nbsp;&nbsp;&nbsp;&nbsp;&nbsp;&nbsp;&nbsp;&nbsp;&nbsp;&nbsp;&nbsp;&nbsp;&nbsp;&nbsp;&nbsp;&nbsp;&nbsp;&nbsp;&nbsp;&nbsp;&nbsp;&nbsp;&nbsp;&nbsp;&nbsp;&nbsp;&nbsp;&nbsp;&nbsp; SPSRSKBA<br \/>\nKon\u0161tantn\u00fd symbol: &nbsp;&nbsp;&nbsp;&nbsp;&nbsp;&nbsp;&nbsp;&nbsp;&nbsp;&nbsp;&nbsp;&nbsp;&nbsp;&nbsp;&nbsp;&nbsp;&nbsp;&nbsp;&nbsp; 0308<br \/>\nVariabiln\u00fd symbol:&nbsp;&nbsp;&nbsp;&nbsp;&nbsp;&nbsp;&nbsp;&nbsp;&nbsp;&nbsp;&nbsp;&nbsp;&nbsp;&nbsp;&nbsp;&nbsp;&nbsp;&nbsp;&nbsp;&nbsp;&nbsp;&nbsp;&nbsp; uveden\u00e9 v&nbsp;tabu\u013eke<br \/>\n\u0160pecifick\u00fd symbol: &nbsp;&nbsp;&nbsp;&nbsp;&nbsp;&nbsp;&nbsp;&nbsp;&nbsp;&nbsp;&nbsp;&nbsp;&nbsp;&nbsp;&nbsp;&nbsp;&nbsp;&nbsp;&nbsp;&nbsp;&nbsp; rodn\u00e9 \u010d\u00edslo \u0161tudenta (bez lomky)<\/p>\n<p><strong>UPOZORNENIE<\/strong><\/p>\n<p>Poplatky nie je mo\u017en\u00e9 plati\u0165 v&nbsp;hotovosti.<br \/>\nOdpor\u00fa\u010dame \u2013 pre ur\u00fdchlenie vydania potvrdenia \u2013 k \u017eiadosti o vydanie potvrdenia o&nbsp;n\u00e1v\u0161teve \u0161koly dolo\u017ei\u0165 aj doklad o&nbsp;zaplaten\u00ed poplatku.<\/p>\n","protected":false},"excerpt":{"rendered":"<p>Potvrdenia o&nbsp;n\u00e1v\u0161teve \u0161koly (okrem t\u00fdch, ktor\u00e9 s\u00fa vydan\u00e9 v&nbsp;slovenskom jazyku pri z\u00e1pise bezplatne) s\u00fa pod\u013ea \u010dl. 4 ods. 2 Rozhodnutia rektora \u010d. 15\/2019 o&nbsp;ur\u010den\u00ed \u0161koln\u00e9ho,&nbsp;poplatkov spojen\u00fdch so \u0161t\u00fadiom a&nbsp;\u00fahrad\u00e1ch n\u00e1kladov spojen\u00fdch so zvy\u0161ovan\u00edm kvalifik\u00e1cie v&nbsp;akademickom roku 2020\/2021 na UPJ\u0160 v&nbsp;Ko\u0161iciach spoplatnen\u00e9. Potvrdenie o&nbsp;n\u00e1v\u0161teve \u0161koly sa vyd\u00e1va na z\u00e1klade: p\u00edsomnej \u017eiadosti \u0161tudenta, ktorej formul\u00e1r je aj &hellip; <a href=\"https:\/\/www.upjs.sk\/fakulta-verejnej-spravy\/informacie-pre-studentov\/12705-2\/\">\u010c\u00edta\u0165 \u010falej<\/a><\/p>\n","protected":false},"author":1,"featured_media":0,"parent":12837,"menu_order":20,"comment_status":"closed","ping_status":"closed","template":"","meta":{"_acf_changed":false,"_editorskit_title_hidden":false,"_editorskit_reading_time":0,"_editorskit_is_block_options_detached":false,"_editorskit_block_options_position":"{}","footnotes":""},"categories":[],"tags":[],"class_list":["post-13194","page","type-page","status-publish","hentry"],"acf":{"acf_link_na_externy_obsah":""},"yoast_head":"<!-- This site is optimized with the Yoast SEO plugin v27.2 - https:\/\/yoast.com\/product\/yoast-seo-wordpress\/ -->\n<title>Poplatky za potvrdenie o n\u00e1v\u0161teve \u0161koly - Fakulta verejnej spr\u00e1vy | UPJ\u0160<\/title>\n<meta name=\"robots\" content=\"index, follow, max-snippet:-1, max-image-preview:large, max-video-preview:-1\" \/>\n<link rel=\"canonical\" href=\"https:\/\/www.upjs.sk\/fakulta-verejnej-spravy\/informacie-pre-studentov\/12705-2\/\" \/>\n<meta property=\"og:locale\" content=\"sk_SK\" \/>\n<meta property=\"og:type\" content=\"article\" \/>\n<meta property=\"og:title\" content=\"Poplatky za potvrdenie o n\u00e1v\u0161teve \u0161koly - Fakulta verejnej spr\u00e1vy | UPJ\u0160\" \/>\n<meta property=\"og:description\" content=\"Potvrdenia o&nbsp;n\u00e1v\u0161teve \u0161koly (okrem t\u00fdch, ktor\u00e9 s\u00fa vydan\u00e9 v&nbsp;slovenskom jazyku pri z\u00e1pise bezplatne) s\u00fa pod\u013ea \u010dl. 4 ods. 2 Rozhodnutia rektora \u010d. 15\/2019 o&nbsp;ur\u010den\u00ed \u0161koln\u00e9ho,&nbsp;poplatkov spojen\u00fdch so \u0161t\u00fadiom a&nbsp;\u00fahrad\u00e1ch n\u00e1kladov spojen\u00fdch so zvy\u0161ovan\u00edm kvalifik\u00e1cie v&nbsp;akademickom roku 2020\/2021 na UPJ\u0160 v&nbsp;Ko\u0161iciach spoplatnen\u00e9. Potvrdenie o&nbsp;n\u00e1v\u0161teve \u0161koly sa vyd\u00e1va na z\u00e1klade: p\u00edsomnej \u017eiadosti \u0161tudenta, ktorej formul\u00e1r je aj &hellip; \u010c\u00edta\u0165 \u010falej\" \/>\n<meta property=\"og:url\" content=\"https:\/\/www.upjs.sk\/fakulta-verejnej-spravy\/informacie-pre-studentov\/12705-2\/\" \/>\n<meta property=\"og:site_name\" content=\"Fakulta verejnej spr\u00e1vy | UPJ\u0160\" \/>\n<meta property=\"article:modified_time\" content=\"2023-01-30T13:31:35+00:00\" \/>\n<meta name=\"twitter:card\" content=\"summary_large_image\" \/>\n<meta name=\"twitter:label1\" content=\"Predpokladan\u00fd \u010das \u010d\u00edtania\" \/>\n\t<meta name=\"twitter:data1\" content=\"1 min\u00fata\" \/>\n<script type=\"application\/ld+json\" class=\"yoast-schema-graph\">{\"@context\":\"https:\/\/schema.org\",\"@graph\":[{\"@type\":\"WebPage\",\"@id\":\"https:\/\/www.upjs.sk\/fakulta-verejnej-spravy\/informacie-pre-studentov\/12705-2\/\",\"url\":\"https:\/\/www.upjs.sk\/fakulta-verejnej-spravy\/informacie-pre-studentov\/12705-2\/\",\"name\":\"Poplatky za potvrdenie o n\u00e1v\u0161teve \u0161koly - Fakulta verejnej spr\u00e1vy | UPJ\u0160\",\"isPartOf\":{\"@id\":\"https:\/\/www.upjs.sk\/fakulta-verejnej-spravy\/#website\"},\"datePublished\":\"2022-03-21T12:08:19+00:00\",\"dateModified\":\"2023-01-30T13:31:35+00:00\",\"breadcrumb\":{\"@id\":\"https:\/\/www.upjs.sk\/fakulta-verejnej-spravy\/informacie-pre-studentov\/12705-2\/#breadcrumb\"},\"inLanguage\":\"sk-SK\",\"potentialAction\":[{\"@type\":\"ReadAction\",\"target\":[\"https:\/\/www.upjs.sk\/fakulta-verejnej-spravy\/informacie-pre-studentov\/12705-2\/\"]}]},{\"@type\":\"BreadcrumbList\",\"@id\":\"https:\/\/www.upjs.sk\/fakulta-verejnej-spravy\/informacie-pre-studentov\/12705-2\/#breadcrumb\",\"itemListElement\":[{\"@type\":\"ListItem\",\"position\":1,\"name\":\"Home\",\"item\":\"https:\/\/www.upjs.sk\/fakulta-verejnej-spravy\/\"},{\"@type\":\"ListItem\",\"position\":2,\"name\":\"Inform\u00e1cie pre \u0161tudentov\",\"item\":\"https:\/\/www.upjs.sk\/fakulta-verejnej-spravy\/?page_id=12837\"},{\"@type\":\"ListItem\",\"position\":3,\"name\":\"Poplatky za potvrdenie o n\u00e1v\u0161teve \u0161koly\"}]},{\"@type\":\"WebSite\",\"@id\":\"https:\/\/www.upjs.sk\/fakulta-verejnej-spravy\/#website\",\"url\":\"https:\/\/www.upjs.sk\/fakulta-verejnej-spravy\/\",\"name\":\"Fakulta verejnej spr\u00e1vy | UPJ\u0160\",\"description\":\"\",\"publisher\":{\"@id\":\"https:\/\/www.upjs.sk\/fakulta-verejnej-spravy\/#organization\"},\"potentialAction\":[{\"@type\":\"SearchAction\",\"target\":{\"@type\":\"EntryPoint\",\"urlTemplate\":\"https:\/\/www.upjs.sk\/fakulta-verejnej-spravy\/?s={search_term_string}\"},\"query-input\":{\"@type\":\"PropertyValueSpecification\",\"valueRequired\":true,\"valueName\":\"search_term_string\"}}],\"inLanguage\":\"sk-SK\"},{\"@type\":\"Organization\",\"@id\":\"https:\/\/www.upjs.sk\/fakulta-verejnej-spravy\/#organization\",\"name\":\"Fakulta verejnej spr\u00e1vy | UPJ\u0160\",\"url\":\"https:\/\/www.upjs.sk\/fakulta-verejnej-spravy\/\",\"logo\":{\"@type\":\"ImageObject\",\"inLanguage\":\"sk-SK\",\"@id\":\"https:\/\/www.upjs.sk\/fakulta-verejnej-spravy\/#\/schema\/logo\/image\/\",\"url\":\"https:\/\/www.upjs.sk\/app\/uploads\/sites\/12\/2022\/09\/logo-verejnej-spravy-fakulta.png\",\"contentUrl\":\"https:\/\/www.upjs.sk\/app\/uploads\/sites\/12\/2022\/09\/logo-verejnej-spravy-fakulta.png\",\"width\":415,\"height\":87,\"caption\":\"Fakulta verejnej spr\u00e1vy | UPJ\u0160\"},\"image\":{\"@id\":\"https:\/\/www.upjs.sk\/fakulta-verejnej-spravy\/#\/schema\/logo\/image\/\"}}]}<\/script>\n<!-- \/ Yoast SEO plugin. -->","yoast_head_json":{"title":"Poplatky za potvrdenie o n\u00e1v\u0161teve \u0161koly - Fakulta verejnej spr\u00e1vy | UPJ\u0160","robots":{"index":"index","follow":"follow","max-snippet":"max-snippet:-1","max-image-preview":"max-image-preview:large","max-video-preview":"max-video-preview:-1"},"canonical":"https:\/\/www.upjs.sk\/fakulta-verejnej-spravy\/informacie-pre-studentov\/12705-2\/","og_locale":"sk_SK","og_type":"article","og_title":"Poplatky za potvrdenie o n\u00e1v\u0161teve \u0161koly - Fakulta verejnej spr\u00e1vy | UPJ\u0160","og_description":"Potvrdenia o&nbsp;n\u00e1v\u0161teve \u0161koly (okrem t\u00fdch, ktor\u00e9 s\u00fa vydan\u00e9 v&nbsp;slovenskom jazyku pri z\u00e1pise bezplatne) s\u00fa pod\u013ea \u010dl. 4 ods. 2 Rozhodnutia rektora \u010d. 15\/2019 o&nbsp;ur\u010den\u00ed \u0161koln\u00e9ho,&nbsp;poplatkov spojen\u00fdch so \u0161t\u00fadiom a&nbsp;\u00fahrad\u00e1ch n\u00e1kladov spojen\u00fdch so zvy\u0161ovan\u00edm kvalifik\u00e1cie v&nbsp;akademickom roku 2020\/2021 na UPJ\u0160 v&nbsp;Ko\u0161iciach spoplatnen\u00e9. Potvrdenie o&nbsp;n\u00e1v\u0161teve \u0161koly sa vyd\u00e1va na z\u00e1klade: p\u00edsomnej \u017eiadosti \u0161tudenta, ktorej formul\u00e1r je aj &hellip; \u010c\u00edta\u0165 \u010falej","og_url":"https:\/\/www.upjs.sk\/fakulta-verejnej-spravy\/informacie-pre-studentov\/12705-2\/","og_site_name":"Fakulta verejnej spr\u00e1vy | UPJ\u0160","article_modified_time":"2023-01-30T13:31:35+00:00","twitter_card":"summary_large_image","twitter_misc":{"Predpokladan\u00fd \u010das \u010d\u00edtania":"1 min\u00fata"},"schema":{"@context":"https:\/\/schema.org","@graph":[{"@type":"WebPage","@id":"https:\/\/www.upjs.sk\/fakulta-verejnej-spravy\/informacie-pre-studentov\/12705-2\/","url":"https:\/\/www.upjs.sk\/fakulta-verejnej-spravy\/informacie-pre-studentov\/12705-2\/","name":"Poplatky za potvrdenie o n\u00e1v\u0161teve \u0161koly - Fakulta verejnej spr\u00e1vy | UPJ\u0160","isPartOf":{"@id":"https:\/\/www.upjs.sk\/fakulta-verejnej-spravy\/#website"},"datePublished":"2022-03-21T12:08:19+00:00","dateModified":"2023-01-30T13:31:35+00:00","breadcrumb":{"@id":"https:\/\/www.upjs.sk\/fakulta-verejnej-spravy\/informacie-pre-studentov\/12705-2\/#breadcrumb"},"inLanguage":"sk-SK","potentialAction":[{"@type":"ReadAction","target":["https:\/\/www.upjs.sk\/fakulta-verejnej-spravy\/informacie-pre-studentov\/12705-2\/"]}]},{"@type":"BreadcrumbList","@id":"https:\/\/www.upjs.sk\/fakulta-verejnej-spravy\/informacie-pre-studentov\/12705-2\/#breadcrumb","itemListElement":[{"@type":"ListItem","position":1,"name":"Home","item":"https:\/\/www.upjs.sk\/fakulta-verejnej-spravy\/"},{"@type":"ListItem","position":2,"name":"Inform\u00e1cie pre \u0161tudentov","item":"https:\/\/www.upjs.sk\/fakulta-verejnej-spravy\/?page_id=12837"},{"@type":"ListItem","position":3,"name":"Poplatky za potvrdenie o n\u00e1v\u0161teve \u0161koly"}]},{"@type":"WebSite","@id":"https:\/\/www.upjs.sk\/fakulta-verejnej-spravy\/#website","url":"https:\/\/www.upjs.sk\/fakulta-verejnej-spravy\/","name":"Fakulta verejnej spr\u00e1vy | UPJ\u0160","description":"","publisher":{"@id":"https:\/\/www.upjs.sk\/fakulta-verejnej-spravy\/#organization"},"potentialAction":[{"@type":"SearchAction","target":{"@type":"EntryPoint","urlTemplate":"https:\/\/www.upjs.sk\/fakulta-verejnej-spravy\/?s={search_term_string}"},"query-input":{"@type":"PropertyValueSpecification","valueRequired":true,"valueName":"search_term_string"}}],"inLanguage":"sk-SK"},{"@type":"Organization","@id":"https:\/\/www.upjs.sk\/fakulta-verejnej-spravy\/#organization","name":"Fakulta verejnej spr\u00e1vy | UPJ\u0160","url":"https:\/\/www.upjs.sk\/fakulta-verejnej-spravy\/","logo":{"@type":"ImageObject","inLanguage":"sk-SK","@id":"https:\/\/www.upjs.sk\/fakulta-verejnej-spravy\/#\/schema\/logo\/image\/","url":"https:\/\/www.upjs.sk\/app\/uploads\/sites\/12\/2022\/09\/logo-verejnej-spravy-fakulta.png","contentUrl":"https:\/\/www.upjs.sk\/app\/uploads\/sites\/12\/2022\/09\/logo-verejnej-spravy-fakulta.png","width":415,"height":87,"caption":"Fakulta verejnej spr\u00e1vy | UPJ\u0160"},"image":{"@id":"https:\/\/www.upjs.sk\/fakulta-verejnej-spravy\/#\/schema\/logo\/image\/"}}]}},"_links":{"self":[{"href":"https:\/\/www.upjs.sk\/fakulta-verejnej-spravy\/wp-json\/wp\/v2\/pages\/13194","targetHints":{"allow":["GET"]}}],"collection":[{"href":"https:\/\/www.upjs.sk\/fakulta-verejnej-spravy\/wp-json\/wp\/v2\/pages"}],"about":[{"href":"https:\/\/www.upjs.sk\/fakulta-verejnej-spravy\/wp-json\/wp\/v2\/types\/page"}],"author":[{"embeddable":true,"href":"https:\/\/www.upjs.sk\/fakulta-verejnej-spravy\/wp-json\/wp\/v2\/users\/1"}],"replies":[{"embeddable":true,"href":"https:\/\/www.upjs.sk\/fakulta-verejnej-spravy\/wp-json\/wp\/v2\/comments?post=13194"}],"version-history":[{"count":3,"href":"https:\/\/www.upjs.sk\/fakulta-verejnej-spravy\/wp-json\/wp\/v2\/pages\/13194\/revisions"}],"predecessor-version":[{"id":22523,"href":"https:\/\/www.upjs.sk\/fakulta-verejnej-spravy\/wp-json\/wp\/v2\/pages\/13194\/revisions\/22523"}],"up":[{"embeddable":true,"href":"https:\/\/www.upjs.sk\/fakulta-verejnej-spravy\/wp-json\/wp\/v2\/pages\/12837"}],"wp:attachment":[{"href":"https:\/\/www.upjs.sk\/fakulta-verejnej-spravy\/wp-json\/wp\/v2\/media?parent=13194"}],"wp:term":[{"taxonomy":"category","embeddable":true,"href":"https:\/\/www.upjs.sk\/fakulta-verejnej-spravy\/wp-json\/wp\/v2\/categories?post=13194"},{"taxonomy":"post_tag","embeddable":true,"href":"https:\/\/www.upjs.sk\/fakulta-verejnej-spravy\/wp-json\/wp\/v2\/tags?post=13194"}],"curies":[{"name":"wp","href":"https:\/\/api.w.org\/{rel}","templated":true}]}}