{"id":13479,"date":"2019-03-25T13:21:42","date_gmt":"2019-03-25T13:21:42","guid":{"rendered":"https:\/\/www.upjs.sk\/fakulta-verejnej-spravy\/vedecky-vyskum\/20615-2\/"},"modified":"2023-11-27T13:11:58","modified_gmt":"2023-11-27T12:11:58","slug":"20615-2","status":"publish","type":"page","link":"https:\/\/www.upjs.sk\/fakulta-verejnej-spravy\/vedecky-vyskum\/20615-2\/","title":{"rendered":"V\u00fdsledky fakultn\u00e9ho kola \u0160VO\u010c 2018\/2019"},"content":{"rendered":"\n<p>Fakultn\u00e9 kolo \u0160tudentskej vedeckej a&nbsp;odbornej \u010dinnosti (\u0160VO\u010c) sa konalo 18. 03. 2019 o&nbsp;13:00, vo ve\u013ekej zasada\u010dke fakulty. Pre \u00fa\u010dely konania fakultn\u00e9ho kola \u0160VO\u010c bola zostaven\u00e1 hodnotiaca komisia, ktor\u00e1 pozost\u00e1vala z&nbsp;troch \u010dlenov:<\/p>\n\n\n\n<ul class=\"wp-block-list\">\n<li>PhDr. Miroslav Fe\u010dko, PhD. (predseda komisie),<\/li>\n\n\n\n<li>PhDr. Ondrej Mita\u013e, PhD.,<\/li>\n\n\n\n<li>PhDr. Jana Volochov\u00e1.<\/li>\n<\/ul>\n\n\n\n<p>\u0160tudenti mali mo\u017enos\u0165 v\u00fdberu z&nbsp;celkov\u00e9ho po\u010dtu 32 vyp\u00edsan\u00fdch t\u00e9m, pri\u010dom prihl\u00e1\u0161ky do \u0160VO\u010c odovzdalo a fakultn\u00e9ho kola \u0160VO\u010c sa z\u00fa\u010dastnilo spolu p\u00e4\u0165 \u0161tudentov:<\/p>\n\n\n\n<figure class=\"wp-block-table is-style-stripes\" style=\"padding-top:0px;padding-right:0px;padding-bottom:0px;padding-left:0px\"><table><tbody><tr><td>\n<p style=\"text-align: center;\"><strong>\u0160tudent<\/strong><\/p>\n<\/td><td>\n<p style=\"text-align: center;\"><strong>N\u00e1zov pr\u00e1ce \u0160VO\u010c<\/strong><\/p>\n<\/td><td>\n<p style=\"text-align: center;\"><strong>Konzultant<\/strong><\/p>\n<\/td><\/tr><tr><td>\n<p align=\"center\">Diana Kancov\u00e1<\/p>\n<\/td><td>\n<p align=\"center\">Bike Sharing \u2013 rie\u0161enie mestskej mobility?<\/p>\n<\/td><td>\n<p align=\"center\">doc. Ing. Silvia Ru\u010dinsk\u00e1, PhD.<\/p>\n<\/td><\/tr><tr><td>\n<p align=\"center\">Ter\u00e9zia Kudlov\u00e1<\/p>\n<\/td><td>\n<p align=\"center\">Smart Environment &#8211; odpadov\u00e9 hospod\u00e1rstvo modern\u00e9ho mesta bud\u00facnosti<\/p>\n<\/td><td>\n<p align=\"center\">doc. Ing. Silvia Ru\u010dinsk\u00e1, PhD.<\/p>\n<\/td><\/tr><tr><td>\n<p align=\"center\">Bohdan Mikhnevych<\/p>\n<\/td><td>\n<p align=\"center\">Udr\u017eate\u013en\u00fd rozvoj v&nbsp;kontexte samospr\u00e1vy<\/p>\n<\/td><td>\n<p align=\"center\">Ing. Lenka P\u010dolinsk\u00e1, PhD.<\/p>\n<\/td><\/tr><tr><td>\n<p align=\"center\">Andriana Mukha<\/p>\n<\/td><td>\n<p align=\"center\">\u0160pecifik\u00e1 z\u00e1konodarnej moci v&nbsp;Ruskej feder\u00e1cii<\/p>\n<\/td><td>\n<p align=\"center\">doc. PhDr. Richard Geffert, Ph.D.<\/p>\n<\/td><\/tr><tr><td>\n<p align=\"center\">Bc. Veronika \u0160it\u00e1rov\u00e1<\/p>\n<\/td><td>\n<p align=\"center\">S\u00fa\u010das\u0165ou celku, ale nie tak celkom: Geo-blocking na vn\u00fatornom trhu Eur\u00f3pskej \u00fanie<\/p>\n<\/td><td>\n<p align=\"center\">PhDr. Miroslav Fe\u010dko, PhD.<\/p>\n<\/td><\/tr><\/tbody><\/table><\/figure>\n\n\n\n<p>Po zhodnoten\u00ed p\u00edsomne odovzdan\u00fdch pr\u00e1c, prezent\u00e1ci\u00ed a&nbsp;reakci\u00ed \u0161tudentov v&nbsp;diskusii, komisia stanovila nasledovn\u00e9 poradie \u0161tudentov s\u00fa\u0165a\u017eiacich v&nbsp;r\u00e1mci fakultn\u00e9ho kola \u0160VO\u010c:<\/p>\n\n\n\n<p>1. miesto: \u00a0 \u00a0 Diana Kancov\u00e1 (motiva\u010dn\u00e9 \u0161tipendium 100\u00a0\u20ac),<br>2. miesto: \u00a0 \u00a0 Ter\u00e9zia Kudlov\u00e1 (motiva\u010dn\u00e9 \u0161tipendium 80\u00a0\u20ac),<br>3. miesto: \u00a0 \u00a0 Bohdan Mikhnevych (motiva\u010dn\u00e9 \u0161tipendium 60\u00a0\u20ac),<\/p>\n\n\n\n<p>Andriana Mukha,<br>Bc. Veronika \u0160it\u00e1rov\u00e1.\u00a0<\/p>\n\n\n\n<p>V\u0161etky odovzdan\u00e9 a&nbsp;prezentovan\u00e9 pr\u00e1ce \u0160VO\u010c sp\u013a\u0148ali krit\u00e9ri\u00e1, ktor\u00e9 s\u00fa na podobn\u00fd typ pr\u00e1ce kladen\u00e9 a&nbsp;komisia taktie\u017e kon\u0161tatovala dobr\u00fa \u00farove\u0148 pr\u00e1c, a&nbsp;to z&nbsp;poh\u013eadu tematick\u00e9ho zamerania pr\u00e1c, ako aj ich obsahov\u00e9ho spracovania. \u0160tudenti vystupovali akt\u00edvne, diskutovali a&nbsp;o&nbsp;t\u00e9my sa zauj\u00edmali. V\u0161etci \u00fa\u010dastn\u00edci fakultn\u00e9ho kola \u0160VO\u010c z\u00edskali vecn\u00e9 ceny a&nbsp;\u0161tudenti na prv\u00fdch troch miestach z\u00edskali aj finan\u010dn\u00fa odmenu.&nbsp;<\/p>\n\n\n\n<figure class=\"wp-block-image is-resized\"><img decoding=\"async\" src=\"http:\/\/www.upjs.sk\/\/app\/uploads\/sites\/12\/2022\/09\/SVOC-2018_2019-2.jpg\" alt=\"\" style=\"aspect-ratio:1.5;width:588px;height:auto\"\/><\/figure>\n","protected":false},"excerpt":{"rendered":"<p>Fakultn\u00e9 kolo \u0160tudentskej vedeckej a&nbsp;odbornej \u010dinnosti (\u0160VO\u010c) sa konalo 18. 03. 2019 o&nbsp;13:00, vo ve\u013ekej zasada\u010dke fakulty. Pre \u00fa\u010dely konania fakultn\u00e9ho kola \u0160VO\u010c bola zostaven\u00e1 hodnotiaca komisia, ktor\u00e1 pozost\u00e1vala z&nbsp;troch \u010dlenov: \u0160tudenti mali mo\u017enos\u0165 v\u00fdberu z&nbsp;celkov\u00e9ho po\u010dtu 32 vyp\u00edsan\u00fdch t\u00e9m, pri\u010dom prihl\u00e1\u0161ky do \u0160VO\u010c odovzdalo a fakultn\u00e9ho kola \u0160VO\u010c sa z\u00fa\u010dastnilo spolu p\u00e4\u0165 \u0161tudentov: \u0160tudent &hellip; <a href=\"https:\/\/www.upjs.sk\/fakulta-verejnej-spravy\/vedecky-vyskum\/20615-2\/\">\u010c\u00edta\u0165 \u010falej<\/a><\/p>\n","protected":false},"author":1,"featured_media":13482,"parent":12880,"menu_order":22,"comment_status":"closed","ping_status":"closed","template":"","meta":{"_acf_changed":false,"_editorskit_title_hidden":false,"_editorskit_reading_time":0,"_editorskit_is_block_options_detached":false,"_editorskit_block_options_position":"{}","footnotes":""},"categories":[],"tags":[],"class_list":["post-13479","page","type-page","status-publish","has-post-thumbnail","hentry"],"acf":{"acf_link_na_externy_obsah":""},"yoast_head":"<!-- This site is optimized with the Yoast SEO plugin v27.2 - https:\/\/yoast.com\/product\/yoast-seo-wordpress\/ -->\n<title>V\u00fdsledky fakultn\u00e9ho kola \u0160VO\u010c 2018\/2019 - Fakulta verejnej spr\u00e1vy | UPJ\u0160<\/title>\n<meta name=\"robots\" content=\"index, follow, max-snippet:-1, max-image-preview:large, max-video-preview:-1\" \/>\n<link rel=\"canonical\" href=\"https:\/\/www.upjs.sk\/fakulta-verejnej-spravy\/vedecky-vyskum\/20615-2\/\" \/>\n<meta property=\"og:locale\" content=\"sk_SK\" \/>\n<meta property=\"og:type\" content=\"article\" \/>\n<meta property=\"og:title\" content=\"V\u00fdsledky fakultn\u00e9ho kola \u0160VO\u010c 2018\/2019 - Fakulta verejnej spr\u00e1vy | UPJ\u0160\" \/>\n<meta property=\"og:description\" content=\"Fakultn\u00e9 kolo \u0160tudentskej vedeckej a&nbsp;odbornej \u010dinnosti (\u0160VO\u010c) sa konalo 18. 03. 2019 o&nbsp;13:00, vo ve\u013ekej zasada\u010dke fakulty. Pre \u00fa\u010dely konania fakultn\u00e9ho kola \u0160VO\u010c bola zostaven\u00e1 hodnotiaca komisia, ktor\u00e1 pozost\u00e1vala z&nbsp;troch \u010dlenov: \u0160tudenti mali mo\u017enos\u0165 v\u00fdberu z&nbsp;celkov\u00e9ho po\u010dtu 32 vyp\u00edsan\u00fdch t\u00e9m, pri\u010dom prihl\u00e1\u0161ky do \u0160VO\u010c odovzdalo a fakultn\u00e9ho kola \u0160VO\u010c sa z\u00fa\u010dastnilo spolu p\u00e4\u0165 \u0161tudentov: \u0160tudent &hellip; \u010c\u00edta\u0165 \u010falej\" \/>\n<meta property=\"og:url\" content=\"https:\/\/www.upjs.sk\/fakulta-verejnej-spravy\/vedecky-vyskum\/20615-2\/\" \/>\n<meta property=\"og:site_name\" content=\"Fakulta verejnej spr\u00e1vy | UPJ\u0160\" \/>\n<meta property=\"article:modified_time\" content=\"2023-11-27T12:11:58+00:00\" \/>\n<meta property=\"og:image\" content=\"https:\/\/www.upjs.sk\/app\/uploads\/sites\/12\/2022\/09\/SVOC-2018_2019-6.jpg\" \/>\n\t<meta property=\"og:image:width\" content=\"1620\" \/>\n\t<meta property=\"og:image:height\" content=\"1080\" \/>\n\t<meta property=\"og:image:type\" content=\"image\/jpeg\" \/>\n<meta name=\"twitter:card\" content=\"summary_large_image\" \/>\n<meta name=\"twitter:label1\" content=\"Predpokladan\u00fd \u010das \u010d\u00edtania\" \/>\n\t<meta name=\"twitter:data1\" content=\"2 min\u00faty\" \/>\n<script type=\"application\/ld+json\" class=\"yoast-schema-graph\">{\"@context\":\"https:\/\/schema.org\",\"@graph\":[{\"@type\":\"WebPage\",\"@id\":\"https:\/\/www.upjs.sk\/fakulta-verejnej-spravy\/vedecky-vyskum\/20615-2\/\",\"url\":\"https:\/\/www.upjs.sk\/fakulta-verejnej-spravy\/vedecky-vyskum\/20615-2\/\",\"name\":\"V\u00fdsledky fakultn\u00e9ho kola \u0160VO\u010c 2018\/2019 - Fakulta verejnej spr\u00e1vy | UPJ\u0160\",\"isPartOf\":{\"@id\":\"https:\/\/www.upjs.sk\/fakulta-verejnej-spravy\/#website\"},\"primaryImageOfPage\":{\"@id\":\"https:\/\/www.upjs.sk\/fakulta-verejnej-spravy\/vedecky-vyskum\/20615-2\/#primaryimage\"},\"image\":{\"@id\":\"https:\/\/www.upjs.sk\/fakulta-verejnej-spravy\/vedecky-vyskum\/20615-2\/#primaryimage\"},\"thumbnailUrl\":\"https:\/\/www.upjs.sk\/app\/uploads\/sites\/12\/2022\/09\/SVOC-2018_2019-6.jpg\",\"datePublished\":\"2019-03-25T13:21:42+00:00\",\"dateModified\":\"2023-11-27T12:11:58+00:00\",\"breadcrumb\":{\"@id\":\"https:\/\/www.upjs.sk\/fakulta-verejnej-spravy\/vedecky-vyskum\/20615-2\/#breadcrumb\"},\"inLanguage\":\"sk-SK\",\"potentialAction\":[{\"@type\":\"ReadAction\",\"target\":[\"https:\/\/www.upjs.sk\/fakulta-verejnej-spravy\/vedecky-vyskum\/20615-2\/\"]}]},{\"@type\":\"ImageObject\",\"inLanguage\":\"sk-SK\",\"@id\":\"https:\/\/www.upjs.sk\/fakulta-verejnej-spravy\/vedecky-vyskum\/20615-2\/#primaryimage\",\"url\":\"https:\/\/www.upjs.sk\/app\/uploads\/sites\/12\/2022\/09\/SVOC-2018_2019-6.jpg\",\"contentUrl\":\"https:\/\/www.upjs.sk\/app\/uploads\/sites\/12\/2022\/09\/SVOC-2018_2019-6.jpg\",\"width\":1620,\"height\":1080,\"caption\":\"20615\"},{\"@type\":\"BreadcrumbList\",\"@id\":\"https:\/\/www.upjs.sk\/fakulta-verejnej-spravy\/vedecky-vyskum\/20615-2\/#breadcrumb\",\"itemListElement\":[{\"@type\":\"ListItem\",\"position\":1,\"name\":\"Home\",\"item\":\"https:\/\/www.upjs.sk\/fakulta-verejnej-spravy\/\"},{\"@type\":\"ListItem\",\"position\":2,\"name\":\"Veda a v\u00fdskum\",\"item\":\"https:\/\/www.upjs.sk\/fakulta-verejnej-spravy\/?page_id=12880\"},{\"@type\":\"ListItem\",\"position\":3,\"name\":\"V\u00fdsledky fakultn\u00e9ho kola \u0160VO\u010c 2018\/2019\"}]},{\"@type\":\"WebSite\",\"@id\":\"https:\/\/www.upjs.sk\/fakulta-verejnej-spravy\/#website\",\"url\":\"https:\/\/www.upjs.sk\/fakulta-verejnej-spravy\/\",\"name\":\"Fakulta verejnej spr\u00e1vy | UPJ\u0160\",\"description\":\"\",\"publisher\":{\"@id\":\"https:\/\/www.upjs.sk\/fakulta-verejnej-spravy\/#organization\"},\"potentialAction\":[{\"@type\":\"SearchAction\",\"target\":{\"@type\":\"EntryPoint\",\"urlTemplate\":\"https:\/\/www.upjs.sk\/fakulta-verejnej-spravy\/?s={search_term_string}\"},\"query-input\":{\"@type\":\"PropertyValueSpecification\",\"valueRequired\":true,\"valueName\":\"search_term_string\"}}],\"inLanguage\":\"sk-SK\"},{\"@type\":\"Organization\",\"@id\":\"https:\/\/www.upjs.sk\/fakulta-verejnej-spravy\/#organization\",\"name\":\"Fakulta verejnej spr\u00e1vy | UPJ\u0160\",\"url\":\"https:\/\/www.upjs.sk\/fakulta-verejnej-spravy\/\",\"logo\":{\"@type\":\"ImageObject\",\"inLanguage\":\"sk-SK\",\"@id\":\"https:\/\/www.upjs.sk\/fakulta-verejnej-spravy\/#\/schema\/logo\/image\/\",\"url\":\"https:\/\/www.upjs.sk\/app\/uploads\/sites\/12\/2022\/09\/logo-verejnej-spravy-fakulta.png\",\"contentUrl\":\"https:\/\/www.upjs.sk\/app\/uploads\/sites\/12\/2022\/09\/logo-verejnej-spravy-fakulta.png\",\"width\":415,\"height\":87,\"caption\":\"Fakulta verejnej spr\u00e1vy | UPJ\u0160\"},\"image\":{\"@id\":\"https:\/\/www.upjs.sk\/fakulta-verejnej-spravy\/#\/schema\/logo\/image\/\"}}]}<\/script>\n<!-- \/ Yoast SEO plugin. -->","yoast_head_json":{"title":"V\u00fdsledky fakultn\u00e9ho kola \u0160VO\u010c 2018\/2019 - Fakulta verejnej spr\u00e1vy | UPJ\u0160","robots":{"index":"index","follow":"follow","max-snippet":"max-snippet:-1","max-image-preview":"max-image-preview:large","max-video-preview":"max-video-preview:-1"},"canonical":"https:\/\/www.upjs.sk\/fakulta-verejnej-spravy\/vedecky-vyskum\/20615-2\/","og_locale":"sk_SK","og_type":"article","og_title":"V\u00fdsledky fakultn\u00e9ho kola \u0160VO\u010c 2018\/2019 - Fakulta verejnej spr\u00e1vy | UPJ\u0160","og_description":"Fakultn\u00e9 kolo \u0160tudentskej vedeckej a&nbsp;odbornej \u010dinnosti (\u0160VO\u010c) sa konalo 18. 03. 2019 o&nbsp;13:00, vo ve\u013ekej zasada\u010dke fakulty. Pre \u00fa\u010dely konania fakultn\u00e9ho kola \u0160VO\u010c bola zostaven\u00e1 hodnotiaca komisia, ktor\u00e1 pozost\u00e1vala z&nbsp;troch \u010dlenov: \u0160tudenti mali mo\u017enos\u0165 v\u00fdberu z&nbsp;celkov\u00e9ho po\u010dtu 32 vyp\u00edsan\u00fdch t\u00e9m, pri\u010dom prihl\u00e1\u0161ky do \u0160VO\u010c odovzdalo a fakultn\u00e9ho kola \u0160VO\u010c sa z\u00fa\u010dastnilo spolu p\u00e4\u0165 \u0161tudentov: \u0160tudent &hellip; \u010c\u00edta\u0165 \u010falej","og_url":"https:\/\/www.upjs.sk\/fakulta-verejnej-spravy\/vedecky-vyskum\/20615-2\/","og_site_name":"Fakulta verejnej spr\u00e1vy | UPJ\u0160","article_modified_time":"2023-11-27T12:11:58+00:00","og_image":[{"width":1620,"height":1080,"url":"https:\/\/www.upjs.sk\/app\/uploads\/sites\/12\/2022\/09\/SVOC-2018_2019-6.jpg","type":"image\/jpeg"}],"twitter_card":"summary_large_image","twitter_misc":{"Predpokladan\u00fd \u010das \u010d\u00edtania":"2 min\u00faty"},"schema":{"@context":"https:\/\/schema.org","@graph":[{"@type":"WebPage","@id":"https:\/\/www.upjs.sk\/fakulta-verejnej-spravy\/vedecky-vyskum\/20615-2\/","url":"https:\/\/www.upjs.sk\/fakulta-verejnej-spravy\/vedecky-vyskum\/20615-2\/","name":"V\u00fdsledky fakultn\u00e9ho kola \u0160VO\u010c 2018\/2019 - Fakulta verejnej spr\u00e1vy | UPJ\u0160","isPartOf":{"@id":"https:\/\/www.upjs.sk\/fakulta-verejnej-spravy\/#website"},"primaryImageOfPage":{"@id":"https:\/\/www.upjs.sk\/fakulta-verejnej-spravy\/vedecky-vyskum\/20615-2\/#primaryimage"},"image":{"@id":"https:\/\/www.upjs.sk\/fakulta-verejnej-spravy\/vedecky-vyskum\/20615-2\/#primaryimage"},"thumbnailUrl":"https:\/\/www.upjs.sk\/app\/uploads\/sites\/12\/2022\/09\/SVOC-2018_2019-6.jpg","datePublished":"2019-03-25T13:21:42+00:00","dateModified":"2023-11-27T12:11:58+00:00","breadcrumb":{"@id":"https:\/\/www.upjs.sk\/fakulta-verejnej-spravy\/vedecky-vyskum\/20615-2\/#breadcrumb"},"inLanguage":"sk-SK","potentialAction":[{"@type":"ReadAction","target":["https:\/\/www.upjs.sk\/fakulta-verejnej-spravy\/vedecky-vyskum\/20615-2\/"]}]},{"@type":"ImageObject","inLanguage":"sk-SK","@id":"https:\/\/www.upjs.sk\/fakulta-verejnej-spravy\/vedecky-vyskum\/20615-2\/#primaryimage","url":"https:\/\/www.upjs.sk\/app\/uploads\/sites\/12\/2022\/09\/SVOC-2018_2019-6.jpg","contentUrl":"https:\/\/www.upjs.sk\/app\/uploads\/sites\/12\/2022\/09\/SVOC-2018_2019-6.jpg","width":1620,"height":1080,"caption":"20615"},{"@type":"BreadcrumbList","@id":"https:\/\/www.upjs.sk\/fakulta-verejnej-spravy\/vedecky-vyskum\/20615-2\/#breadcrumb","itemListElement":[{"@type":"ListItem","position":1,"name":"Home","item":"https:\/\/www.upjs.sk\/fakulta-verejnej-spravy\/"},{"@type":"ListItem","position":2,"name":"Veda a v\u00fdskum","item":"https:\/\/www.upjs.sk\/fakulta-verejnej-spravy\/?page_id=12880"},{"@type":"ListItem","position":3,"name":"V\u00fdsledky fakultn\u00e9ho kola \u0160VO\u010c 2018\/2019"}]},{"@type":"WebSite","@id":"https:\/\/www.upjs.sk\/fakulta-verejnej-spravy\/#website","url":"https:\/\/www.upjs.sk\/fakulta-verejnej-spravy\/","name":"Fakulta verejnej spr\u00e1vy | UPJ\u0160","description":"","publisher":{"@id":"https:\/\/www.upjs.sk\/fakulta-verejnej-spravy\/#organization"},"potentialAction":[{"@type":"SearchAction","target":{"@type":"EntryPoint","urlTemplate":"https:\/\/www.upjs.sk\/fakulta-verejnej-spravy\/?s={search_term_string}"},"query-input":{"@type":"PropertyValueSpecification","valueRequired":true,"valueName":"search_term_string"}}],"inLanguage":"sk-SK"},{"@type":"Organization","@id":"https:\/\/www.upjs.sk\/fakulta-verejnej-spravy\/#organization","name":"Fakulta verejnej spr\u00e1vy | UPJ\u0160","url":"https:\/\/www.upjs.sk\/fakulta-verejnej-spravy\/","logo":{"@type":"ImageObject","inLanguage":"sk-SK","@id":"https:\/\/www.upjs.sk\/fakulta-verejnej-spravy\/#\/schema\/logo\/image\/","url":"https:\/\/www.upjs.sk\/app\/uploads\/sites\/12\/2022\/09\/logo-verejnej-spravy-fakulta.png","contentUrl":"https:\/\/www.upjs.sk\/app\/uploads\/sites\/12\/2022\/09\/logo-verejnej-spravy-fakulta.png","width":415,"height":87,"caption":"Fakulta verejnej spr\u00e1vy | UPJ\u0160"},"image":{"@id":"https:\/\/www.upjs.sk\/fakulta-verejnej-spravy\/#\/schema\/logo\/image\/"}}]}},"_links":{"self":[{"href":"https:\/\/www.upjs.sk\/fakulta-verejnej-spravy\/wp-json\/wp\/v2\/pages\/13479","targetHints":{"allow":["GET"]}}],"collection":[{"href":"https:\/\/www.upjs.sk\/fakulta-verejnej-spravy\/wp-json\/wp\/v2\/pages"}],"about":[{"href":"https:\/\/www.upjs.sk\/fakulta-verejnej-spravy\/wp-json\/wp\/v2\/types\/page"}],"author":[{"embeddable":true,"href":"https:\/\/www.upjs.sk\/fakulta-verejnej-spravy\/wp-json\/wp\/v2\/users\/1"}],"replies":[{"embeddable":true,"href":"https:\/\/www.upjs.sk\/fakulta-verejnej-spravy\/wp-json\/wp\/v2\/comments?post=13479"}],"version-history":[{"count":3,"href":"https:\/\/www.upjs.sk\/fakulta-verejnej-spravy\/wp-json\/wp\/v2\/pages\/13479\/revisions"}],"predecessor-version":[{"id":25510,"href":"https:\/\/www.upjs.sk\/fakulta-verejnej-spravy\/wp-json\/wp\/v2\/pages\/13479\/revisions\/25510"}],"up":[{"embeddable":true,"href":"https:\/\/www.upjs.sk\/fakulta-verejnej-spravy\/wp-json\/wp\/v2\/pages\/12880"}],"wp:featuredmedia":[{"embeddable":true,"href":"https:\/\/www.upjs.sk\/fakulta-verejnej-spravy\/wp-json\/wp\/v2\/media\/13482"}],"wp:attachment":[{"href":"https:\/\/www.upjs.sk\/fakulta-verejnej-spravy\/wp-json\/wp\/v2\/media?parent=13479"}],"wp:term":[{"taxonomy":"category","embeddable":true,"href":"https:\/\/www.upjs.sk\/fakulta-verejnej-spravy\/wp-json\/wp\/v2\/categories?post=13479"},{"taxonomy":"post_tag","embeddable":true,"href":"https:\/\/www.upjs.sk\/fakulta-verejnej-spravy\/wp-json\/wp\/v2\/tags?post=13479"}],"curies":[{"name":"wp","href":"https:\/\/api.w.org\/{rel}","templated":true}]}}