{"id":13581,"date":"2010-03-26T14:54:09","date_gmt":"2010-03-26T14:54:09","guid":{"rendered":"https:\/\/www.upjs.sk\/fakulta-verejnej-spravy\/zahranicne-vztahy\/odporucane-linky\/"},"modified":"2022-10-19T13:55:30","modified_gmt":"2022-10-19T13:55:30","slug":"odporucane-linky","status":"publish","type":"page","link":"https:\/\/www.upjs.sk\/fakulta-verejnej-spravy\/medzinarodne-vztahy\/odporucane-linky\/","title":{"rendered":"Odpor\u00fa\u010dan\u00e9 linky"},"content":{"rendered":"<p>\u00a0<\/p>\n<p><!-- Text --><\/p>\n<p><span style=\"font-size: larger\"><span style=\"color: #ff6600\"><span>Svetov\u00e9 linky<\/span><\/span><span style=\"color: #000080\"><br \/>\n<\/span><\/span><a href=\"http:\/\/www.e-netmarket.com\/international.htm\"><span style=\"font-size: larger\"><span style=\"color: #000080\">http:\/\/www.e-netmarket.com\/international.htm<\/span><\/span><\/a><span style=\"font-size: larger\"><span style=\"color: #000080\"> &#8211; International Student On-line Magazine <br \/>\n<\/span><\/span><a href=\"http:\/\/www.braintrack.com\/\"><span style=\"font-size: larger\"><span style=\"color: #000080\">http:\/\/www.braintrack.com<\/span><\/span><\/a><span style=\"font-size: larger\"><span style=\"color: #000080\"> &#8211; (vy\u0161e 5 500 odkazov na vysoko\u0161kolsk\u00e9 in\u0161tit\u00facie v 161 krajin\u00e1ch sveta) <br \/>\n<\/span><\/span><a href=\"http:\/\/www.oecd.org\/\"><span style=\"font-size: larger\"><span style=\"color: #000080\">http:\/\/www.oecd.org<\/span><\/span><\/a><span style=\"font-size: larger\"><span style=\"color: #000080\"> &#8211; Organisation for Economic Co-operation and Development<\/span><\/span><\/p>\n<p><span style=\"font-size: larger\"><span style=\"color: #ff6600\"><span>Eur\u00f3pske linky<\/span><\/span><span style=\"color: #000080\"><br \/>\n<\/span><\/span><a href=\"http:\/\/www.unister.sk\/\"><span style=\"font-size: larger\"><span style=\"color: #000080\">www.unister.sk<\/span><\/span><\/a><span style=\"font-size: larger\"><span style=\"color: #000080\"> &#8211; Eur\u00f3pska univerzitn\u00e1 sie\u0165<br \/>\n<\/span><\/span><a href=\"http:\/\/www.euroactivity.sk\/\"><span style=\"font-size: larger\"><span style=\"color: #000080\">http:\/\/www.euroactivity.sk<\/span><\/span><\/a><span style=\"font-size: larger\"><span style=\"color: #000080\"><br \/>\n<\/span><\/span><a href=\"http:\/\/www.europa.eu.int\/\"><span style=\"font-size: larger\"><span style=\"color: #000080\">http:\/\/www.europa.eu.int<\/span><\/span><\/a><span style=\"font-size: larger\"><span style=\"color: #000080\"> &#8211; The European Union on-line <br \/>\n<\/span><\/span><a href=\"http:\/\/www.eracareers.sk\/\"><span style=\"font-size: larger\"><span style=\"color: #000080\">http:\/\/www.eracareers.sk<\/span><\/span><\/a><span style=\"font-size: larger\"><span style=\"color: #000080\"> &#8211; Eur\u00f3psky mobilitn\u00fd port\u00e1l pre vedecko-v\u00fdskumn\u00fdch pracovn\u00edkov <br \/>\n<\/span><\/span><a href=\"http:\/\/ortelius.unifi.it\/\"><span style=\"font-size: larger\"><span style=\"color: #000080\">http:\/\/ortelius.unifi.it<\/span><\/span><\/a><span style=\"font-size: larger\"><span style=\"color: #000080\"> &#8211; The Data Base on Higher Education in Europe <br \/>\n<\/span><\/span><a href=\"http:\/\/www.eurydice.org\/\"><span style=\"font-size: larger\"><span style=\"color: #000080\">http:\/\/www.eurydice.org<\/span><\/span><\/a><span style=\"font-size: larger\"><span style=\"color: #000080\"> &#8211; The Information Network on Education in Europe <br \/>\n<\/span><\/span><a href=\"http:\/\/www.cordis.lu\/\"><span style=\"font-size: larger\"><span style=\"color: #000080\">http:\/\/www.cordis.lu<\/span><\/span><\/a><span style=\"font-size: larger\"><span style=\"color: #000080\"> &#8211; Community Research &#038; Development Information Service<br \/>\n<\/span><\/span><a href=\"http:\/\/www.nsf.gov\/\"><span style=\"font-size: larger\"><span style=\"color: #000080\">http:\/\/www.nsf.gov<\/span><\/span><\/a><span style=\"font-size: larger\"><span style=\"color: #000080\"> &#8211; The National Science Foundation <br \/>\n<\/span><\/span><a href=\"http:\/\/www.europa.sk\/\"><span style=\"font-size: larger\"><span style=\"color: #000080\">http:\/\/www.europa.sk<\/span><\/span><\/a><span style=\"font-size: larger\"><span style=\"color: #000080\"> &#8211; Deleg\u00e1cia Eur\u00f3pskej Komisie v SR<br \/>\n<\/span><\/span><a href=\"http:\/\/www.radaeuropy.sk\/\"><span style=\"font-size: larger\"><span style=\"color: #000080\">http:\/\/www.radaeuropy.sk<\/span><\/span><\/a><span style=\"font-size: larger\"><span style=\"color: #000080\"> &#8211; Rada Eur\u00f3py<br \/>\n<\/span><\/span><a href=\"http:\/\/www.osce.org\/\"><span style=\"font-size: larger\"><span style=\"color: #000080\">http:\/\/www.osce.org<\/span><\/span><\/a><span style=\"font-size: larger\"><span style=\"color: #000080\"> &#8211; Organisation for Security and Co-operation in Europe<br \/>\n<\/span><\/span><a href=\"http:\/\/www.sarc.sk\/\"><span style=\"font-size: larger\"><span style=\"color: #000080\">http:\/\/www.sarc.sk<\/span><\/span><\/a><span style=\"font-size: larger\"><span style=\"color: #000080\"> &#8211; Centrum pre rozvoj, vedu a technol\u00f3gie<\/span><\/span><\/p>\n<p><span style=\"font-size: larger\"><span style=\"color: #ff6600\"><span>Slovensk\u00e9 linky<\/span><\/span><span style=\"color: #000080\"><br \/>\n<\/span><\/span><a href=\"http:\/\/www.saaic.sk\/\"><span style=\"font-size: larger\"><span style=\"color: #000080\">http:\/\/www.saaic.sk<\/span><\/span><\/a><span style=\"font-size: larger\"><span style=\"color: #000080\"> &#8211; Slovensk\u00e1 akademick\u00e1 asoci\u00e1cia pre medzin\u00e1rodn\u00fa spolupr\u00e1cu<br \/>\n<\/span><\/span><a href=\"http:\/\/www.osf.sk\/\"><span style=\"font-size: larger\"><span style=\"color: #000080\">http:\/\/www.osf.sk<\/span><\/span><\/a><span style=\"font-size: larger\"><span style=\"color: #000080\"> &#8211; Nad\u00e1cia otvorenej spolo\u010dnosti<br \/>\n<\/span><\/span><a href=\"http:\/\/www.saia.sk\/\"><span style=\"font-size: larger\"><span style=\"color: #000080\">http:\/\/www.saia.sk<\/span><\/span><\/a><span style=\"font-size: larger\"><span style=\"color: #000080\"> &#8211; Slovensk\u00e1 akademick\u00e1 informa\u010dn\u00e1 agent\u00fara \u2013 servisn\u00e9 centrum pre tret\u00ed sektor<br \/>\n<\/span><\/span><a href=\"http:\/\/www.britishcouncil.org\/\"><span style=\"font-size: larger\"><span style=\"color: #000080\">http:\/\/www.britishcouncil.org<\/span><\/span><\/a><span style=\"font-size: larger\"><span style=\"color: #000080\"> &#8211; Britsk\u00e1 rada<br \/>\n<\/span><\/span><a href=\"http:\/\/www.fulbright.co.uk\/\"><span style=\"font-size: larger\"><span style=\"color: #000080\">http:\/\/www.fulbright.co.uk<\/span><\/span><\/a><span style=\"font-size: larger\"><span style=\"color: #000080\"> &#8211; Fulbrightova komisia<\/span><\/span><\/p>\n<p><a href=\"http:\/\/www.foreign.gov.sk\/\"><span style=\"font-size: larger\"><span style=\"color: #000080\">http:\/\/www.foreign.gov.sk<\/span><\/span><\/a><span style=\"font-size: larger\"><span style=\"color: #000080\"> &#8211; Ministerstvo zahrani\u010dn\u00fdch vec\u00ed SR<br \/>\n<\/span><\/span><a href=\"http:\/\/szm.sk.insamb\/\"><span style=\"font-size: larger\"><span style=\"color: #000080\">http:\/\/szm.sk.insamb<\/span><\/span><\/a><span style=\"font-size: larger\"><span style=\"color: #000080\"> &#8211; zahrani\u010dn\u00e9 ambas\u00e1dy, konzul\u00e1ty a in\u0161tit\u00faty<br \/>\n<\/span><\/span><a href=\"http:\/\/www.superstudy.com\/\"><span style=\"font-size: larger\"><span style=\"color: #000080\">http:\/\/www.superstudy.com<\/span><\/span><\/a><span style=\"font-size: larger\"><span style=\"color: #000080\"> &#8211; English courses \u2013 London &#8211; UK<\/span><\/span><\/p>\n<p><span style=\"font-size: larger\"><span style=\"color: #000080\"><a href=\"http:\/\/www.mladiinfo.com\/\"><span style=\"color: #000080\">http:\/\/www.mladiinfo.com\/<\/span><\/a>\u00a0&#8211; \u0161tudentsk\u00e1 iniciat\u00edva &#8222;Mlad\u00ed info&#8220;<\/span><\/span><\/p>\n","protected":false},"excerpt":{"rendered":"<p>\u00a0 Svetov\u00e9 linky http:\/\/www.e-netmarket.com\/international.htm &#8211; International Student On-line Magazine http:\/\/www.braintrack.com &#8211; (vy\u0161e 5 500 odkazov na vysoko\u0161kolsk\u00e9 in\u0161tit\u00facie v 161 krajin\u00e1ch sveta) http:\/\/www.oecd.org &#8211; Organisation for Economic Co-operation and Development Eur\u00f3pske linky www.unister.sk &#8211; Eur\u00f3pska univerzitn\u00e1 sie\u0165 http:\/\/www.euroactivity.sk http:\/\/www.europa.eu.int &#8211; The European Union on-line http:\/\/www.eracareers.sk &#8211; Eur\u00f3psky mobilitn\u00fd port\u00e1l pre vedecko-v\u00fdskumn\u00fdch pracovn\u00edkov http:\/\/ortelius.unifi.it &#8211; The &hellip; <a href=\"https:\/\/www.upjs.sk\/fakulta-verejnej-spravy\/medzinarodne-vztahy\/odporucane-linky\/\">\u010c\u00edta\u0165 \u010falej<\/a><\/p>\n","protected":false},"author":1,"featured_media":0,"parent":12952,"menu_order":1,"comment_status":"closed","ping_status":"closed","template":"","meta":{"_acf_changed":false,"_editorskit_title_hidden":false,"_editorskit_reading_time":0,"_editorskit_is_block_options_detached":false,"_editorskit_block_options_position":"{}","footnotes":""},"categories":[],"tags":[],"class_list":["post-13581","page","type-page","status-publish","hentry"],"acf":{"acf_link_na_externy_obsah":""},"yoast_head":"<!-- This site is optimized with the Yoast SEO plugin v27.4 - https:\/\/yoast.com\/product\/yoast-seo-wordpress\/ -->\n<title>Odpor\u00fa\u010dan\u00e9 linky - Fakulta verejnej spr\u00e1vy | UPJ\u0160<\/title>\n<meta name=\"robots\" content=\"index, follow, max-snippet:-1, max-image-preview:large, max-video-preview:-1\" \/>\n<link rel=\"canonical\" href=\"https:\/\/www.upjs.sk\/fakulta-verejnej-spravy\/medzinarodne-vztahy\/odporucane-linky\/\" \/>\n<meta property=\"og:locale\" content=\"sk_SK\" \/>\n<meta property=\"og:type\" content=\"article\" \/>\n<meta property=\"og:title\" content=\"Odpor\u00fa\u010dan\u00e9 linky - Fakulta verejnej spr\u00e1vy | UPJ\u0160\" \/>\n<meta property=\"og:description\" content=\"\u00a0 Svetov\u00e9 linky http:\/\/www.e-netmarket.com\/international.htm &#8211; International Student On-line Magazine http:\/\/www.braintrack.com &#8211; (vy\u0161e 5 500 odkazov na vysoko\u0161kolsk\u00e9 in\u0161tit\u00facie v 161 krajin\u00e1ch sveta) http:\/\/www.oecd.org &#8211; Organisation for Economic Co-operation and Development Eur\u00f3pske linky www.unister.sk &#8211; Eur\u00f3pska univerzitn\u00e1 sie\u0165 http:\/\/www.euroactivity.sk http:\/\/www.europa.eu.int &#8211; The European Union on-line http:\/\/www.eracareers.sk &#8211; Eur\u00f3psky mobilitn\u00fd port\u00e1l pre vedecko-v\u00fdskumn\u00fdch pracovn\u00edkov http:\/\/ortelius.unifi.it &#8211; The &hellip; \u010c\u00edta\u0165 \u010falej\" \/>\n<meta property=\"og:url\" content=\"https:\/\/www.upjs.sk\/fakulta-verejnej-spravy\/medzinarodne-vztahy\/odporucane-linky\/\" \/>\n<meta property=\"og:site_name\" content=\"Fakulta verejnej spr\u00e1vy | UPJ\u0160\" \/>\n<meta property=\"article:modified_time\" content=\"2022-10-19T13:55:30+00:00\" \/>\n<meta name=\"twitter:card\" content=\"summary_large_image\" \/>\n<meta name=\"twitter:label1\" content=\"Predpokladan\u00fd \u010das \u010d\u00edtania\" \/>\n\t<meta name=\"twitter:data1\" content=\"1 min\u00fata\" \/>\n<script type=\"application\/ld+json\" class=\"yoast-schema-graph\">{\"@context\":\"https:\\\/\\\/schema.org\",\"@graph\":[{\"@type\":\"WebPage\",\"@id\":\"https:\\\/\\\/www.upjs.sk\\\/fakulta-verejnej-spravy\\\/medzinarodne-vztahy\\\/odporucane-linky\\\/\",\"url\":\"https:\\\/\\\/www.upjs.sk\\\/fakulta-verejnej-spravy\\\/medzinarodne-vztahy\\\/odporucane-linky\\\/\",\"name\":\"Odpor\u00fa\u010dan\u00e9 linky - Fakulta verejnej spr\u00e1vy | UPJ\u0160\",\"isPartOf\":{\"@id\":\"https:\\\/\\\/www.upjs.sk\\\/fakulta-verejnej-spravy\\\/#website\"},\"datePublished\":\"2010-03-26T14:54:09+00:00\",\"dateModified\":\"2022-10-19T13:55:30+00:00\",\"breadcrumb\":{\"@id\":\"https:\\\/\\\/www.upjs.sk\\\/fakulta-verejnej-spravy\\\/medzinarodne-vztahy\\\/odporucane-linky\\\/#breadcrumb\"},\"inLanguage\":\"sk-SK\",\"potentialAction\":[{\"@type\":\"ReadAction\",\"target\":[\"https:\\\/\\\/www.upjs.sk\\\/fakulta-verejnej-spravy\\\/medzinarodne-vztahy\\\/odporucane-linky\\\/\"]}]},{\"@type\":\"BreadcrumbList\",\"@id\":\"https:\\\/\\\/www.upjs.sk\\\/fakulta-verejnej-spravy\\\/medzinarodne-vztahy\\\/odporucane-linky\\\/#breadcrumb\",\"itemListElement\":[{\"@type\":\"ListItem\",\"position\":1,\"name\":\"Home\",\"item\":\"https:\\\/\\\/www.upjs.sk\\\/fakulta-verejnej-spravy\\\/\"},{\"@type\":\"ListItem\",\"position\":2,\"name\":\"Medzin\u00e1rodn\u00e9 vz\u0165ahy\",\"item\":\"https:\\\/\\\/www.upjs.sk\\\/fakulta-verejnej-spravy\\\/medzinarodne-vztahy\\\/\"},{\"@type\":\"ListItem\",\"position\":3,\"name\":\"Odpor\u00fa\u010dan\u00e9 linky\"}]},{\"@type\":\"WebSite\",\"@id\":\"https:\\\/\\\/www.upjs.sk\\\/fakulta-verejnej-spravy\\\/#website\",\"url\":\"https:\\\/\\\/www.upjs.sk\\\/fakulta-verejnej-spravy\\\/\",\"name\":\"Fakulta verejnej spr\u00e1vy | UPJ\u0160\",\"description\":\"\",\"publisher\":{\"@id\":\"https:\\\/\\\/www.upjs.sk\\\/fakulta-verejnej-spravy\\\/#organization\"},\"potentialAction\":[{\"@type\":\"SearchAction\",\"target\":{\"@type\":\"EntryPoint\",\"urlTemplate\":\"https:\\\/\\\/www.upjs.sk\\\/fakulta-verejnej-spravy\\\/?s={search_term_string}\"},\"query-input\":{\"@type\":\"PropertyValueSpecification\",\"valueRequired\":true,\"valueName\":\"search_term_string\"}}],\"inLanguage\":\"sk-SK\"},{\"@type\":\"Organization\",\"@id\":\"https:\\\/\\\/www.upjs.sk\\\/fakulta-verejnej-spravy\\\/#organization\",\"name\":\"Fakulta verejnej spr\u00e1vy | UPJ\u0160\",\"url\":\"https:\\\/\\\/www.upjs.sk\\\/fakulta-verejnej-spravy\\\/\",\"logo\":{\"@type\":\"ImageObject\",\"inLanguage\":\"sk-SK\",\"@id\":\"https:\\\/\\\/www.upjs.sk\\\/fakulta-verejnej-spravy\\\/#\\\/schema\\\/logo\\\/image\\\/\",\"url\":\"https:\\\/\\\/www.upjs.sk\\\/app\\\/uploads\\\/sites\\\/12\\\/2022\\\/09\\\/logo-verejnej-spravy-fakulta.png\",\"contentUrl\":\"https:\\\/\\\/www.upjs.sk\\\/app\\\/uploads\\\/sites\\\/12\\\/2022\\\/09\\\/logo-verejnej-spravy-fakulta.png\",\"width\":415,\"height\":87,\"caption\":\"Fakulta verejnej spr\u00e1vy | UPJ\u0160\"},\"image\":{\"@id\":\"https:\\\/\\\/www.upjs.sk\\\/fakulta-verejnej-spravy\\\/#\\\/schema\\\/logo\\\/image\\\/\"}}]}<\/script>\n<!-- \/ Yoast SEO plugin. -->","yoast_head_json":{"title":"Odpor\u00fa\u010dan\u00e9 linky - Fakulta verejnej spr\u00e1vy | UPJ\u0160","robots":{"index":"index","follow":"follow","max-snippet":"max-snippet:-1","max-image-preview":"max-image-preview:large","max-video-preview":"max-video-preview:-1"},"canonical":"https:\/\/www.upjs.sk\/fakulta-verejnej-spravy\/medzinarodne-vztahy\/odporucane-linky\/","og_locale":"sk_SK","og_type":"article","og_title":"Odpor\u00fa\u010dan\u00e9 linky - Fakulta verejnej spr\u00e1vy | UPJ\u0160","og_description":"\u00a0 Svetov\u00e9 linky http:\/\/www.e-netmarket.com\/international.htm &#8211; International Student On-line Magazine http:\/\/www.braintrack.com &#8211; (vy\u0161e 5 500 odkazov na vysoko\u0161kolsk\u00e9 in\u0161tit\u00facie v 161 krajin\u00e1ch sveta) http:\/\/www.oecd.org &#8211; Organisation for Economic Co-operation and Development Eur\u00f3pske linky www.unister.sk &#8211; Eur\u00f3pska univerzitn\u00e1 sie\u0165 http:\/\/www.euroactivity.sk http:\/\/www.europa.eu.int &#8211; The European Union on-line http:\/\/www.eracareers.sk &#8211; Eur\u00f3psky mobilitn\u00fd port\u00e1l pre vedecko-v\u00fdskumn\u00fdch pracovn\u00edkov http:\/\/ortelius.unifi.it &#8211; The &hellip; \u010c\u00edta\u0165 \u010falej","og_url":"https:\/\/www.upjs.sk\/fakulta-verejnej-spravy\/medzinarodne-vztahy\/odporucane-linky\/","og_site_name":"Fakulta verejnej spr\u00e1vy | UPJ\u0160","article_modified_time":"2022-10-19T13:55:30+00:00","twitter_card":"summary_large_image","twitter_misc":{"Predpokladan\u00fd \u010das \u010d\u00edtania":"1 min\u00fata"},"schema":{"@context":"https:\/\/schema.org","@graph":[{"@type":"WebPage","@id":"https:\/\/www.upjs.sk\/fakulta-verejnej-spravy\/medzinarodne-vztahy\/odporucane-linky\/","url":"https:\/\/www.upjs.sk\/fakulta-verejnej-spravy\/medzinarodne-vztahy\/odporucane-linky\/","name":"Odpor\u00fa\u010dan\u00e9 linky - Fakulta verejnej spr\u00e1vy | UPJ\u0160","isPartOf":{"@id":"https:\/\/www.upjs.sk\/fakulta-verejnej-spravy\/#website"},"datePublished":"2010-03-26T14:54:09+00:00","dateModified":"2022-10-19T13:55:30+00:00","breadcrumb":{"@id":"https:\/\/www.upjs.sk\/fakulta-verejnej-spravy\/medzinarodne-vztahy\/odporucane-linky\/#breadcrumb"},"inLanguage":"sk-SK","potentialAction":[{"@type":"ReadAction","target":["https:\/\/www.upjs.sk\/fakulta-verejnej-spravy\/medzinarodne-vztahy\/odporucane-linky\/"]}]},{"@type":"BreadcrumbList","@id":"https:\/\/www.upjs.sk\/fakulta-verejnej-spravy\/medzinarodne-vztahy\/odporucane-linky\/#breadcrumb","itemListElement":[{"@type":"ListItem","position":1,"name":"Home","item":"https:\/\/www.upjs.sk\/fakulta-verejnej-spravy\/"},{"@type":"ListItem","position":2,"name":"Medzin\u00e1rodn\u00e9 vz\u0165ahy","item":"https:\/\/www.upjs.sk\/fakulta-verejnej-spravy\/medzinarodne-vztahy\/"},{"@type":"ListItem","position":3,"name":"Odpor\u00fa\u010dan\u00e9 linky"}]},{"@type":"WebSite","@id":"https:\/\/www.upjs.sk\/fakulta-verejnej-spravy\/#website","url":"https:\/\/www.upjs.sk\/fakulta-verejnej-spravy\/","name":"Fakulta verejnej spr\u00e1vy | UPJ\u0160","description":"","publisher":{"@id":"https:\/\/www.upjs.sk\/fakulta-verejnej-spravy\/#organization"},"potentialAction":[{"@type":"SearchAction","target":{"@type":"EntryPoint","urlTemplate":"https:\/\/www.upjs.sk\/fakulta-verejnej-spravy\/?s={search_term_string}"},"query-input":{"@type":"PropertyValueSpecification","valueRequired":true,"valueName":"search_term_string"}}],"inLanguage":"sk-SK"},{"@type":"Organization","@id":"https:\/\/www.upjs.sk\/fakulta-verejnej-spravy\/#organization","name":"Fakulta verejnej spr\u00e1vy | UPJ\u0160","url":"https:\/\/www.upjs.sk\/fakulta-verejnej-spravy\/","logo":{"@type":"ImageObject","inLanguage":"sk-SK","@id":"https:\/\/www.upjs.sk\/fakulta-verejnej-spravy\/#\/schema\/logo\/image\/","url":"https:\/\/www.upjs.sk\/app\/uploads\/sites\/12\/2022\/09\/logo-verejnej-spravy-fakulta.png","contentUrl":"https:\/\/www.upjs.sk\/app\/uploads\/sites\/12\/2022\/09\/logo-verejnej-spravy-fakulta.png","width":415,"height":87,"caption":"Fakulta verejnej spr\u00e1vy | UPJ\u0160"},"image":{"@id":"https:\/\/www.upjs.sk\/fakulta-verejnej-spravy\/#\/schema\/logo\/image\/"}}]}},"_links":{"self":[{"href":"https:\/\/www.upjs.sk\/fakulta-verejnej-spravy\/wp-json\/wp\/v2\/pages\/13581","targetHints":{"allow":["GET"]}}],"collection":[{"href":"https:\/\/www.upjs.sk\/fakulta-verejnej-spravy\/wp-json\/wp\/v2\/pages"}],"about":[{"href":"https:\/\/www.upjs.sk\/fakulta-verejnej-spravy\/wp-json\/wp\/v2\/types\/page"}],"author":[{"embeddable":true,"href":"https:\/\/www.upjs.sk\/fakulta-verejnej-spravy\/wp-json\/wp\/v2\/users\/1"}],"replies":[{"embeddable":true,"href":"https:\/\/www.upjs.sk\/fakulta-verejnej-spravy\/wp-json\/wp\/v2\/comments?post=13581"}],"version-history":[{"count":1,"href":"https:\/\/www.upjs.sk\/fakulta-verejnej-spravy\/wp-json\/wp\/v2\/pages\/13581\/revisions"}],"predecessor-version":[{"id":14710,"href":"https:\/\/www.upjs.sk\/fakulta-verejnej-spravy\/wp-json\/wp\/v2\/pages\/13581\/revisions\/14710"}],"up":[{"embeddable":true,"href":"https:\/\/www.upjs.sk\/fakulta-verejnej-spravy\/wp-json\/wp\/v2\/pages\/12952"}],"wp:attachment":[{"href":"https:\/\/www.upjs.sk\/fakulta-verejnej-spravy\/wp-json\/wp\/v2\/media?parent=13581"}],"wp:term":[{"taxonomy":"category","embeddable":true,"href":"https:\/\/www.upjs.sk\/fakulta-verejnej-spravy\/wp-json\/wp\/v2\/categories?post=13581"},{"taxonomy":"post_tag","embeddable":true,"href":"https:\/\/www.upjs.sk\/fakulta-verejnej-spravy\/wp-json\/wp\/v2\/tags?post=13581"}],"curies":[{"name":"wp","href":"https:\/\/api.w.org\/{rel}","templated":true}]}}