{"id":13587,"date":"2018-09-14T09:56:34","date_gmt":"2018-09-14T09:56:34","guid":{"rendered":"https:\/\/www.upjs.sk\/fakulta-verejnej-spravy\/zahranicne-vztahy\/4665-2\/"},"modified":"2018-09-14T09:56:34","modified_gmt":"2018-09-14T09:56:34","slug":"4665-2","status":"publish","type":"page","link":"https:\/\/www.upjs.sk\/fakulta-verejnej-spravy\/medzinarodne-vztahy\/4665-2\/","title":{"rendered":"ECTS &#8211; Description of Course Units"},"content":{"rendered":"<p><strong>Academic Year 2017\/2018:\u00a0<\/strong><\/p>\n<ol>\n<li><a href=\"\/public\/media\/4665\/Economic Theories.pdf\">Economic Theories <\/a><\/li>\n<li><a href=\"\/public\/media\/4665\/Economic Policy.pdf\">Economic Policy <\/a><\/li>\n<li><a href=\"\/public\/media\/4665\/Financial Law.pdf\" target=\"_blank\" rel=\"noopener\">Financial Law<\/a><\/li>\n<li><a href=\"\/public\/media\/4665\/Tax Law.pdf\" target=\"_blank\" rel=\"noopener\">Tax Law<\/a>\u00a0<\/li>\n<li><a href=\"\/public\/media\/4665\/Communication in International Relations.pdf\">Communication in International Relations<\/a><\/li>\n<li><a href=\"\/public\/media\/4665\/Intercultural Communication.pdf\">Intercultural Communication<\/a><\/li>\n<li><a href=\"\/public\/media\/4665\/International Economic Relations.pdf\" target=\"_blank\" rel=\"noopener\">International Economic Relations<\/a><\/li>\n<li><a href=\"\/public\/media\/4665\/Social Psychology.pdf\">Social Psychology\u00a0 <\/a><\/li>\n<li><a href=\"\/public\/media\/4665\/Statistics.pdf\" target=\"_blank\" rel=\"noopener\">Statistics<\/a><\/li>\n<li><a href=\"\/public\/media\/4665\/Political Dimension of Civil Society.pdf\">Political Dimension of Civic Society<\/a><\/li>\n<li>Public Finance<\/li>\n<li>Environmental Law<\/li>\n<li>International Trade<\/li>\n<li>Organizational Behavior<\/li>\n<\/ol>\n<p>\u00a0<\/p>\n<p>\u00a0<\/p>\n<p style=\"margin: 0cm 0cm 10pt\">\u00a0<\/p>\n","protected":false},"excerpt":{"rendered":"<p>Academic Year 2017\/2018:\u00a0 Economic Theories Economic Policy Financial Law Tax Law\u00a0 Communication in International Relations Intercultural Communication International Economic Relations Social Psychology\u00a0 Statistics Political Dimension of Civic Society Public Finance Environmental Law International Trade Organizational Behavior \u00a0 \u00a0 \u00a0<\/p>\n","protected":false},"author":1,"featured_media":0,"parent":12952,"menu_order":5,"comment_status":"closed","ping_status":"closed","template":"","meta":{"_acf_changed":false,"_editorskit_title_hidden":false,"_editorskit_reading_time":0,"_editorskit_is_block_options_detached":false,"_editorskit_block_options_position":"{}","footnotes":""},"categories":[],"tags":[],"class_list":["post-13587","page","type-page","status-publish","hentry"],"acf":{"acf_link_na_externy_obsah":""},"yoast_head":"<!-- This site is optimized with the Yoast SEO plugin v27.4 - https:\/\/yoast.com\/product\/yoast-seo-wordpress\/ -->\n<title>ECTS - Description of Course Units - Fakulta verejnej spr\u00e1vy | UPJ\u0160<\/title>\n<meta name=\"robots\" content=\"index, follow, max-snippet:-1, max-image-preview:large, max-video-preview:-1\" \/>\n<link rel=\"canonical\" href=\"https:\/\/www.upjs.sk\/fakulta-verejnej-spravy\/medzinarodne-vztahy\/4665-2\/\" \/>\n<meta property=\"og:locale\" content=\"sk_SK\" \/>\n<meta property=\"og:type\" content=\"article\" \/>\n<meta property=\"og:title\" content=\"ECTS - Description of Course Units - Fakulta verejnej spr\u00e1vy | UPJ\u0160\" \/>\n<meta property=\"og:description\" content=\"Academic Year 2017\/2018:\u00a0 Economic Theories Economic Policy Financial Law Tax Law\u00a0 Communication in International Relations Intercultural Communication International Economic Relations Social Psychology\u00a0 Statistics Political Dimension of Civic Society Public Finance Environmental Law International Trade Organizational Behavior \u00a0 \u00a0 \u00a0\" \/>\n<meta property=\"og:url\" content=\"https:\/\/www.upjs.sk\/fakulta-verejnej-spravy\/medzinarodne-vztahy\/4665-2\/\" \/>\n<meta property=\"og:site_name\" content=\"Fakulta verejnej spr\u00e1vy | UPJ\u0160\" \/>\n<meta name=\"twitter:card\" content=\"summary_large_image\" \/>\n<script type=\"application\/ld+json\" class=\"yoast-schema-graph\">{\"@context\":\"https:\\\/\\\/schema.org\",\"@graph\":[{\"@type\":\"WebPage\",\"@id\":\"https:\\\/\\\/www.upjs.sk\\\/fakulta-verejnej-spravy\\\/medzinarodne-vztahy\\\/4665-2\\\/\",\"url\":\"https:\\\/\\\/www.upjs.sk\\\/fakulta-verejnej-spravy\\\/medzinarodne-vztahy\\\/4665-2\\\/\",\"name\":\"ECTS - Description of Course Units - Fakulta verejnej spr\u00e1vy | UPJ\u0160\",\"isPartOf\":{\"@id\":\"https:\\\/\\\/www.upjs.sk\\\/fakulta-verejnej-spravy\\\/#website\"},\"datePublished\":\"2018-09-14T09:56:34+00:00\",\"breadcrumb\":{\"@id\":\"https:\\\/\\\/www.upjs.sk\\\/fakulta-verejnej-spravy\\\/medzinarodne-vztahy\\\/4665-2\\\/#breadcrumb\"},\"inLanguage\":\"sk-SK\",\"potentialAction\":[{\"@type\":\"ReadAction\",\"target\":[\"https:\\\/\\\/www.upjs.sk\\\/fakulta-verejnej-spravy\\\/medzinarodne-vztahy\\\/4665-2\\\/\"]}]},{\"@type\":\"BreadcrumbList\",\"@id\":\"https:\\\/\\\/www.upjs.sk\\\/fakulta-verejnej-spravy\\\/medzinarodne-vztahy\\\/4665-2\\\/#breadcrumb\",\"itemListElement\":[{\"@type\":\"ListItem\",\"position\":1,\"name\":\"Home\",\"item\":\"https:\\\/\\\/www.upjs.sk\\\/fakulta-verejnej-spravy\\\/\"},{\"@type\":\"ListItem\",\"position\":2,\"name\":\"Medzin\u00e1rodn\u00e9 vz\u0165ahy\",\"item\":\"https:\\\/\\\/www.upjs.sk\\\/fakulta-verejnej-spravy\\\/medzinarodne-vztahy\\\/\"},{\"@type\":\"ListItem\",\"position\":3,\"name\":\"ECTS &#8211; Description of Course Units\"}]},{\"@type\":\"WebSite\",\"@id\":\"https:\\\/\\\/www.upjs.sk\\\/fakulta-verejnej-spravy\\\/#website\",\"url\":\"https:\\\/\\\/www.upjs.sk\\\/fakulta-verejnej-spravy\\\/\",\"name\":\"Fakulta verejnej spr\u00e1vy | UPJ\u0160\",\"description\":\"\",\"publisher\":{\"@id\":\"https:\\\/\\\/www.upjs.sk\\\/fakulta-verejnej-spravy\\\/#organization\"},\"potentialAction\":[{\"@type\":\"SearchAction\",\"target\":{\"@type\":\"EntryPoint\",\"urlTemplate\":\"https:\\\/\\\/www.upjs.sk\\\/fakulta-verejnej-spravy\\\/?s={search_term_string}\"},\"query-input\":{\"@type\":\"PropertyValueSpecification\",\"valueRequired\":true,\"valueName\":\"search_term_string\"}}],\"inLanguage\":\"sk-SK\"},{\"@type\":\"Organization\",\"@id\":\"https:\\\/\\\/www.upjs.sk\\\/fakulta-verejnej-spravy\\\/#organization\",\"name\":\"Fakulta verejnej spr\u00e1vy | UPJ\u0160\",\"url\":\"https:\\\/\\\/www.upjs.sk\\\/fakulta-verejnej-spravy\\\/\",\"logo\":{\"@type\":\"ImageObject\",\"inLanguage\":\"sk-SK\",\"@id\":\"https:\\\/\\\/www.upjs.sk\\\/fakulta-verejnej-spravy\\\/#\\\/schema\\\/logo\\\/image\\\/\",\"url\":\"https:\\\/\\\/www.upjs.sk\\\/app\\\/uploads\\\/sites\\\/12\\\/2022\\\/09\\\/logo-verejnej-spravy-fakulta.png\",\"contentUrl\":\"https:\\\/\\\/www.upjs.sk\\\/app\\\/uploads\\\/sites\\\/12\\\/2022\\\/09\\\/logo-verejnej-spravy-fakulta.png\",\"width\":415,\"height\":87,\"caption\":\"Fakulta verejnej spr\u00e1vy | UPJ\u0160\"},\"image\":{\"@id\":\"https:\\\/\\\/www.upjs.sk\\\/fakulta-verejnej-spravy\\\/#\\\/schema\\\/logo\\\/image\\\/\"}}]}<\/script>\n<!-- \/ Yoast SEO plugin. -->","yoast_head_json":{"title":"ECTS - Description of Course Units - Fakulta verejnej spr\u00e1vy | UPJ\u0160","robots":{"index":"index","follow":"follow","max-snippet":"max-snippet:-1","max-image-preview":"max-image-preview:large","max-video-preview":"max-video-preview:-1"},"canonical":"https:\/\/www.upjs.sk\/fakulta-verejnej-spravy\/medzinarodne-vztahy\/4665-2\/","og_locale":"sk_SK","og_type":"article","og_title":"ECTS - Description of Course Units - Fakulta verejnej spr\u00e1vy | UPJ\u0160","og_description":"Academic Year 2017\/2018:\u00a0 Economic Theories Economic Policy Financial Law Tax Law\u00a0 Communication in International Relations Intercultural Communication International Economic Relations Social Psychology\u00a0 Statistics Political Dimension of Civic Society Public Finance Environmental Law International Trade Organizational Behavior \u00a0 \u00a0 \u00a0","og_url":"https:\/\/www.upjs.sk\/fakulta-verejnej-spravy\/medzinarodne-vztahy\/4665-2\/","og_site_name":"Fakulta verejnej spr\u00e1vy | UPJ\u0160","twitter_card":"summary_large_image","schema":{"@context":"https:\/\/schema.org","@graph":[{"@type":"WebPage","@id":"https:\/\/www.upjs.sk\/fakulta-verejnej-spravy\/medzinarodne-vztahy\/4665-2\/","url":"https:\/\/www.upjs.sk\/fakulta-verejnej-spravy\/medzinarodne-vztahy\/4665-2\/","name":"ECTS - Description of Course Units - Fakulta verejnej spr\u00e1vy | UPJ\u0160","isPartOf":{"@id":"https:\/\/www.upjs.sk\/fakulta-verejnej-spravy\/#website"},"datePublished":"2018-09-14T09:56:34+00:00","breadcrumb":{"@id":"https:\/\/www.upjs.sk\/fakulta-verejnej-spravy\/medzinarodne-vztahy\/4665-2\/#breadcrumb"},"inLanguage":"sk-SK","potentialAction":[{"@type":"ReadAction","target":["https:\/\/www.upjs.sk\/fakulta-verejnej-spravy\/medzinarodne-vztahy\/4665-2\/"]}]},{"@type":"BreadcrumbList","@id":"https:\/\/www.upjs.sk\/fakulta-verejnej-spravy\/medzinarodne-vztahy\/4665-2\/#breadcrumb","itemListElement":[{"@type":"ListItem","position":1,"name":"Home","item":"https:\/\/www.upjs.sk\/fakulta-verejnej-spravy\/"},{"@type":"ListItem","position":2,"name":"Medzin\u00e1rodn\u00e9 vz\u0165ahy","item":"https:\/\/www.upjs.sk\/fakulta-verejnej-spravy\/medzinarodne-vztahy\/"},{"@type":"ListItem","position":3,"name":"ECTS &#8211; Description of Course Units"}]},{"@type":"WebSite","@id":"https:\/\/www.upjs.sk\/fakulta-verejnej-spravy\/#website","url":"https:\/\/www.upjs.sk\/fakulta-verejnej-spravy\/","name":"Fakulta verejnej spr\u00e1vy | UPJ\u0160","description":"","publisher":{"@id":"https:\/\/www.upjs.sk\/fakulta-verejnej-spravy\/#organization"},"potentialAction":[{"@type":"SearchAction","target":{"@type":"EntryPoint","urlTemplate":"https:\/\/www.upjs.sk\/fakulta-verejnej-spravy\/?s={search_term_string}"},"query-input":{"@type":"PropertyValueSpecification","valueRequired":true,"valueName":"search_term_string"}}],"inLanguage":"sk-SK"},{"@type":"Organization","@id":"https:\/\/www.upjs.sk\/fakulta-verejnej-spravy\/#organization","name":"Fakulta verejnej spr\u00e1vy | UPJ\u0160","url":"https:\/\/www.upjs.sk\/fakulta-verejnej-spravy\/","logo":{"@type":"ImageObject","inLanguage":"sk-SK","@id":"https:\/\/www.upjs.sk\/fakulta-verejnej-spravy\/#\/schema\/logo\/image\/","url":"https:\/\/www.upjs.sk\/app\/uploads\/sites\/12\/2022\/09\/logo-verejnej-spravy-fakulta.png","contentUrl":"https:\/\/www.upjs.sk\/app\/uploads\/sites\/12\/2022\/09\/logo-verejnej-spravy-fakulta.png","width":415,"height":87,"caption":"Fakulta verejnej spr\u00e1vy | UPJ\u0160"},"image":{"@id":"https:\/\/www.upjs.sk\/fakulta-verejnej-spravy\/#\/schema\/logo\/image\/"}}]}},"_links":{"self":[{"href":"https:\/\/www.upjs.sk\/fakulta-verejnej-spravy\/wp-json\/wp\/v2\/pages\/13587","targetHints":{"allow":["GET"]}}],"collection":[{"href":"https:\/\/www.upjs.sk\/fakulta-verejnej-spravy\/wp-json\/wp\/v2\/pages"}],"about":[{"href":"https:\/\/www.upjs.sk\/fakulta-verejnej-spravy\/wp-json\/wp\/v2\/types\/page"}],"author":[{"embeddable":true,"href":"https:\/\/www.upjs.sk\/fakulta-verejnej-spravy\/wp-json\/wp\/v2\/users\/1"}],"replies":[{"embeddable":true,"href":"https:\/\/www.upjs.sk\/fakulta-verejnej-spravy\/wp-json\/wp\/v2\/comments?post=13587"}],"version-history":[{"count":0,"href":"https:\/\/www.upjs.sk\/fakulta-verejnej-spravy\/wp-json\/wp\/v2\/pages\/13587\/revisions"}],"up":[{"embeddable":true,"href":"https:\/\/www.upjs.sk\/fakulta-verejnej-spravy\/wp-json\/wp\/v2\/pages\/12952"}],"wp:attachment":[{"href":"https:\/\/www.upjs.sk\/fakulta-verejnej-spravy\/wp-json\/wp\/v2\/media?parent=13587"}],"wp:term":[{"taxonomy":"category","embeddable":true,"href":"https:\/\/www.upjs.sk\/fakulta-verejnej-spravy\/wp-json\/wp\/v2\/categories?post=13587"},{"taxonomy":"post_tag","embeddable":true,"href":"https:\/\/www.upjs.sk\/fakulta-verejnej-spravy\/wp-json\/wp\/v2\/tags?post=13587"}],"curies":[{"name":"wp","href":"https:\/\/api.w.org\/{rel}","templated":true}]}}