{"id":13606,"date":"2011-08-25T22:25:10","date_gmt":"2011-08-25T22:25:10","guid":{"rendered":"https:\/\/www.upjs.sk\/fakulta-verejnej-spravy\/zahranicne-vztahy\/6036-2\/"},"modified":"2011-08-25T22:25:10","modified_gmt":"2011-08-25T22:25:10","slug":"6036-2","status":"publish","type":"page","link":"https:\/\/www.upjs.sk\/fakulta-verejnej-spravy\/medzinarodne-vztahy\/6036-2\/","title":{"rendered":"Bilater\u00e1lne zmluvy v r\u00e1mci programu ERASMUS v akademickom roku 2011\/2012"},"content":{"rendered":"<div>\n\t\u00a0<\/div>\n<p>\n\t<span style=\"font-size: 14px\"><span style=\"color: #000066\">Turecko &#8211; Adnan Menderes University,\u00a0Aydin<\/span><\/span><\/p>\n<p>\n\t<span style=\"font-size: 14px\"><span style=\"color: #000066\">\u010cesko &#8211; Slezsk\u00e1 univerzita v Opav\u011b<\/span><\/span><\/p>\n<p>\n\t<span style=\"font-size: 14px\"><span style=\"color: #000066\">Gr\u00e9cko &#8211;\u00a0Panteion University of Athens<\/span><\/span><\/p>\n<p>\n\t<span style=\"font-size: 14px\"><span style=\"color: #000066\">Nemecko &#8211;\u00a0University of Bayreuth<\/span><\/span><\/p>\n<p>\n\t<span style=\"font-size: 14px\"><span style=\"color: #000066\">Nemecko &#8211; University of Ludwigsburg<\/span><\/span><\/p>\n<p>\n\t<span style=\"font-size: 14px\"><span style=\"color: #000066\">Ma\u010farsko &#8211;\u00a0Corvinus University, Budapest<\/span><\/span><\/p>\n<p>\n\t<span style=\"font-size: 14px\"><span style=\"color: #000066\">\u0160panielsko &#8211;\u00a0University of Le\u00f3n<\/span><\/span><\/p>\n<p>\n\t<span style=\"font-size: 14px\"><span style=\"color: #000066\">Po\u013esko &#8211;\u00a0Witelon University, Legnica<\/span><\/span><\/p>\n<p>\n\t<span style=\"font-size: 14px\"><span style=\"color: #000066\">Po\u013esko &#8211;\u00a0Katolicki Uniwersytet Lubelski Jana Pawla II, Lublin\u00a0<\/span><\/span><\/p>\n<p>\n\t<span style=\"font-size: 14px\"><span style=\"color: #000066\">Po\u013esko &#8211;\u00a0\u00a0Universyt\u00e9t Warminsko-Mazurski w Olsztyne<\/span><\/span><\/p>\n<p>\n\t<span style=\"color: #000066\">\u00a0<\/span><\/p>\n","protected":false},"excerpt":{"rendered":"<p>\u00a0 Turecko &#8211; Adnan Menderes University,\u00a0Aydin \u010cesko &#8211; Slezsk\u00e1 univerzita v Opav\u011b Gr\u00e9cko &#8211;\u00a0Panteion University of Athens Nemecko &#8211;\u00a0University of Bayreuth Nemecko &#8211; University of Ludwigsburg Ma\u010farsko &#8211;\u00a0Corvinus University, Budapest \u0160panielsko &#8211;\u00a0University of Le\u00f3n Po\u013esko &#8211;\u00a0Witelon University, Legnica Po\u013esko &#8211;\u00a0Katolicki Uniwersytet Lubelski Jana Pawla II, Lublin\u00a0 Po\u013esko &#8211;\u00a0\u00a0Universyt\u00e9t Warminsko-Mazurski w Olsztyne \u00a0<\/p>\n","protected":false},"author":1,"featured_media":0,"parent":12952,"menu_order":8,"comment_status":"closed","ping_status":"closed","template":"","meta":{"_acf_changed":false,"_editorskit_title_hidden":false,"_editorskit_reading_time":0,"_editorskit_is_block_options_detached":false,"_editorskit_block_options_position":"{}","footnotes":""},"categories":[],"tags":[],"class_list":["post-13606","page","type-page","status-publish","hentry"],"acf":{"acf_link_na_externy_obsah":""},"yoast_head":"<!-- This site is optimized with the Yoast SEO plugin v27.4 - https:\/\/yoast.com\/product\/yoast-seo-wordpress\/ -->\n<title>Bilater\u00e1lne zmluvy v r\u00e1mci programu ERASMUS v akademickom roku 2011\/2012 - Fakulta verejnej spr\u00e1vy | UPJ\u0160<\/title>\n<meta name=\"robots\" content=\"index, follow, max-snippet:-1, max-image-preview:large, max-video-preview:-1\" \/>\n<link rel=\"canonical\" href=\"https:\/\/www.upjs.sk\/fakulta-verejnej-spravy\/medzinarodne-vztahy\/6036-2\/\" \/>\n<meta property=\"og:locale\" content=\"sk_SK\" \/>\n<meta property=\"og:type\" content=\"article\" \/>\n<meta property=\"og:title\" content=\"Bilater\u00e1lne zmluvy v r\u00e1mci programu ERASMUS v akademickom roku 2011\/2012 - Fakulta verejnej spr\u00e1vy | UPJ\u0160\" \/>\n<meta property=\"og:description\" content=\"\u00a0 Turecko &#8211; Adnan Menderes University,\u00a0Aydin \u010cesko &#8211; Slezsk\u00e1 univerzita v Opav\u011b Gr\u00e9cko &#8211;\u00a0Panteion University of Athens Nemecko &#8211;\u00a0University of Bayreuth Nemecko &#8211; University of Ludwigsburg Ma\u010farsko &#8211;\u00a0Corvinus University, Budapest \u0160panielsko &#8211;\u00a0University of Le\u00f3n Po\u013esko &#8211;\u00a0Witelon University, Legnica Po\u013esko &#8211;\u00a0Katolicki Uniwersytet Lubelski Jana Pawla II, Lublin\u00a0 Po\u013esko &#8211;\u00a0\u00a0Universyt\u00e9t Warminsko-Mazurski w Olsztyne \u00a0\" \/>\n<meta property=\"og:url\" content=\"https:\/\/www.upjs.sk\/fakulta-verejnej-spravy\/medzinarodne-vztahy\/6036-2\/\" \/>\n<meta property=\"og:site_name\" content=\"Fakulta verejnej spr\u00e1vy | UPJ\u0160\" \/>\n<meta name=\"twitter:card\" content=\"summary_large_image\" \/>\n<script type=\"application\/ld+json\" class=\"yoast-schema-graph\">{\"@context\":\"https:\\\/\\\/schema.org\",\"@graph\":[{\"@type\":\"WebPage\",\"@id\":\"https:\\\/\\\/www.upjs.sk\\\/fakulta-verejnej-spravy\\\/medzinarodne-vztahy\\\/6036-2\\\/\",\"url\":\"https:\\\/\\\/www.upjs.sk\\\/fakulta-verejnej-spravy\\\/medzinarodne-vztahy\\\/6036-2\\\/\",\"name\":\"Bilater\u00e1lne zmluvy v r\u00e1mci programu ERASMUS v akademickom roku 2011\\\/2012 - Fakulta verejnej spr\u00e1vy | UPJ\u0160\",\"isPartOf\":{\"@id\":\"https:\\\/\\\/www.upjs.sk\\\/fakulta-verejnej-spravy\\\/#website\"},\"datePublished\":\"2011-08-25T22:25:10+00:00\",\"breadcrumb\":{\"@id\":\"https:\\\/\\\/www.upjs.sk\\\/fakulta-verejnej-spravy\\\/medzinarodne-vztahy\\\/6036-2\\\/#breadcrumb\"},\"inLanguage\":\"sk-SK\",\"potentialAction\":[{\"@type\":\"ReadAction\",\"target\":[\"https:\\\/\\\/www.upjs.sk\\\/fakulta-verejnej-spravy\\\/medzinarodne-vztahy\\\/6036-2\\\/\"]}]},{\"@type\":\"BreadcrumbList\",\"@id\":\"https:\\\/\\\/www.upjs.sk\\\/fakulta-verejnej-spravy\\\/medzinarodne-vztahy\\\/6036-2\\\/#breadcrumb\",\"itemListElement\":[{\"@type\":\"ListItem\",\"position\":1,\"name\":\"Home\",\"item\":\"https:\\\/\\\/www.upjs.sk\\\/fakulta-verejnej-spravy\\\/\"},{\"@type\":\"ListItem\",\"position\":2,\"name\":\"Medzin\u00e1rodn\u00e9 vz\u0165ahy\",\"item\":\"https:\\\/\\\/www.upjs.sk\\\/fakulta-verejnej-spravy\\\/medzinarodne-vztahy\\\/\"},{\"@type\":\"ListItem\",\"position\":3,\"name\":\"Bilater\u00e1lne zmluvy v r\u00e1mci programu ERASMUS v akademickom roku 2011\\\/2012\"}]},{\"@type\":\"WebSite\",\"@id\":\"https:\\\/\\\/www.upjs.sk\\\/fakulta-verejnej-spravy\\\/#website\",\"url\":\"https:\\\/\\\/www.upjs.sk\\\/fakulta-verejnej-spravy\\\/\",\"name\":\"Fakulta verejnej spr\u00e1vy | UPJ\u0160\",\"description\":\"\",\"publisher\":{\"@id\":\"https:\\\/\\\/www.upjs.sk\\\/fakulta-verejnej-spravy\\\/#organization\"},\"potentialAction\":[{\"@type\":\"SearchAction\",\"target\":{\"@type\":\"EntryPoint\",\"urlTemplate\":\"https:\\\/\\\/www.upjs.sk\\\/fakulta-verejnej-spravy\\\/?s={search_term_string}\"},\"query-input\":{\"@type\":\"PropertyValueSpecification\",\"valueRequired\":true,\"valueName\":\"search_term_string\"}}],\"inLanguage\":\"sk-SK\"},{\"@type\":\"Organization\",\"@id\":\"https:\\\/\\\/www.upjs.sk\\\/fakulta-verejnej-spravy\\\/#organization\",\"name\":\"Fakulta verejnej spr\u00e1vy | UPJ\u0160\",\"url\":\"https:\\\/\\\/www.upjs.sk\\\/fakulta-verejnej-spravy\\\/\",\"logo\":{\"@type\":\"ImageObject\",\"inLanguage\":\"sk-SK\",\"@id\":\"https:\\\/\\\/www.upjs.sk\\\/fakulta-verejnej-spravy\\\/#\\\/schema\\\/logo\\\/image\\\/\",\"url\":\"https:\\\/\\\/www.upjs.sk\\\/app\\\/uploads\\\/sites\\\/12\\\/2022\\\/09\\\/logo-verejnej-spravy-fakulta.png\",\"contentUrl\":\"https:\\\/\\\/www.upjs.sk\\\/app\\\/uploads\\\/sites\\\/12\\\/2022\\\/09\\\/logo-verejnej-spravy-fakulta.png\",\"width\":415,\"height\":87,\"caption\":\"Fakulta verejnej spr\u00e1vy | UPJ\u0160\"},\"image\":{\"@id\":\"https:\\\/\\\/www.upjs.sk\\\/fakulta-verejnej-spravy\\\/#\\\/schema\\\/logo\\\/image\\\/\"}}]}<\/script>\n<!-- \/ Yoast SEO plugin. -->","yoast_head_json":{"title":"Bilater\u00e1lne zmluvy v r\u00e1mci programu ERASMUS v akademickom roku 2011\/2012 - Fakulta verejnej spr\u00e1vy | UPJ\u0160","robots":{"index":"index","follow":"follow","max-snippet":"max-snippet:-1","max-image-preview":"max-image-preview:large","max-video-preview":"max-video-preview:-1"},"canonical":"https:\/\/www.upjs.sk\/fakulta-verejnej-spravy\/medzinarodne-vztahy\/6036-2\/","og_locale":"sk_SK","og_type":"article","og_title":"Bilater\u00e1lne zmluvy v r\u00e1mci programu ERASMUS v akademickom roku 2011\/2012 - Fakulta verejnej spr\u00e1vy | UPJ\u0160","og_description":"\u00a0 Turecko &#8211; Adnan Menderes University,\u00a0Aydin \u010cesko &#8211; Slezsk\u00e1 univerzita v Opav\u011b Gr\u00e9cko &#8211;\u00a0Panteion University of Athens Nemecko &#8211;\u00a0University of Bayreuth Nemecko &#8211; University of Ludwigsburg Ma\u010farsko &#8211;\u00a0Corvinus University, Budapest \u0160panielsko &#8211;\u00a0University of Le\u00f3n Po\u013esko &#8211;\u00a0Witelon University, Legnica Po\u013esko &#8211;\u00a0Katolicki Uniwersytet Lubelski Jana Pawla II, Lublin\u00a0 Po\u013esko &#8211;\u00a0\u00a0Universyt\u00e9t Warminsko-Mazurski w Olsztyne \u00a0","og_url":"https:\/\/www.upjs.sk\/fakulta-verejnej-spravy\/medzinarodne-vztahy\/6036-2\/","og_site_name":"Fakulta verejnej spr\u00e1vy | UPJ\u0160","twitter_card":"summary_large_image","schema":{"@context":"https:\/\/schema.org","@graph":[{"@type":"WebPage","@id":"https:\/\/www.upjs.sk\/fakulta-verejnej-spravy\/medzinarodne-vztahy\/6036-2\/","url":"https:\/\/www.upjs.sk\/fakulta-verejnej-spravy\/medzinarodne-vztahy\/6036-2\/","name":"Bilater\u00e1lne zmluvy v r\u00e1mci programu ERASMUS v akademickom roku 2011\/2012 - Fakulta verejnej spr\u00e1vy | UPJ\u0160","isPartOf":{"@id":"https:\/\/www.upjs.sk\/fakulta-verejnej-spravy\/#website"},"datePublished":"2011-08-25T22:25:10+00:00","breadcrumb":{"@id":"https:\/\/www.upjs.sk\/fakulta-verejnej-spravy\/medzinarodne-vztahy\/6036-2\/#breadcrumb"},"inLanguage":"sk-SK","potentialAction":[{"@type":"ReadAction","target":["https:\/\/www.upjs.sk\/fakulta-verejnej-spravy\/medzinarodne-vztahy\/6036-2\/"]}]},{"@type":"BreadcrumbList","@id":"https:\/\/www.upjs.sk\/fakulta-verejnej-spravy\/medzinarodne-vztahy\/6036-2\/#breadcrumb","itemListElement":[{"@type":"ListItem","position":1,"name":"Home","item":"https:\/\/www.upjs.sk\/fakulta-verejnej-spravy\/"},{"@type":"ListItem","position":2,"name":"Medzin\u00e1rodn\u00e9 vz\u0165ahy","item":"https:\/\/www.upjs.sk\/fakulta-verejnej-spravy\/medzinarodne-vztahy\/"},{"@type":"ListItem","position":3,"name":"Bilater\u00e1lne zmluvy v r\u00e1mci programu ERASMUS v akademickom roku 2011\/2012"}]},{"@type":"WebSite","@id":"https:\/\/www.upjs.sk\/fakulta-verejnej-spravy\/#website","url":"https:\/\/www.upjs.sk\/fakulta-verejnej-spravy\/","name":"Fakulta verejnej spr\u00e1vy | UPJ\u0160","description":"","publisher":{"@id":"https:\/\/www.upjs.sk\/fakulta-verejnej-spravy\/#organization"},"potentialAction":[{"@type":"SearchAction","target":{"@type":"EntryPoint","urlTemplate":"https:\/\/www.upjs.sk\/fakulta-verejnej-spravy\/?s={search_term_string}"},"query-input":{"@type":"PropertyValueSpecification","valueRequired":true,"valueName":"search_term_string"}}],"inLanguage":"sk-SK"},{"@type":"Organization","@id":"https:\/\/www.upjs.sk\/fakulta-verejnej-spravy\/#organization","name":"Fakulta verejnej spr\u00e1vy | UPJ\u0160","url":"https:\/\/www.upjs.sk\/fakulta-verejnej-spravy\/","logo":{"@type":"ImageObject","inLanguage":"sk-SK","@id":"https:\/\/www.upjs.sk\/fakulta-verejnej-spravy\/#\/schema\/logo\/image\/","url":"https:\/\/www.upjs.sk\/app\/uploads\/sites\/12\/2022\/09\/logo-verejnej-spravy-fakulta.png","contentUrl":"https:\/\/www.upjs.sk\/app\/uploads\/sites\/12\/2022\/09\/logo-verejnej-spravy-fakulta.png","width":415,"height":87,"caption":"Fakulta verejnej spr\u00e1vy | UPJ\u0160"},"image":{"@id":"https:\/\/www.upjs.sk\/fakulta-verejnej-spravy\/#\/schema\/logo\/image\/"}}]}},"_links":{"self":[{"href":"https:\/\/www.upjs.sk\/fakulta-verejnej-spravy\/wp-json\/wp\/v2\/pages\/13606","targetHints":{"allow":["GET"]}}],"collection":[{"href":"https:\/\/www.upjs.sk\/fakulta-verejnej-spravy\/wp-json\/wp\/v2\/pages"}],"about":[{"href":"https:\/\/www.upjs.sk\/fakulta-verejnej-spravy\/wp-json\/wp\/v2\/types\/page"}],"author":[{"embeddable":true,"href":"https:\/\/www.upjs.sk\/fakulta-verejnej-spravy\/wp-json\/wp\/v2\/users\/1"}],"replies":[{"embeddable":true,"href":"https:\/\/www.upjs.sk\/fakulta-verejnej-spravy\/wp-json\/wp\/v2\/comments?post=13606"}],"version-history":[{"count":0,"href":"https:\/\/www.upjs.sk\/fakulta-verejnej-spravy\/wp-json\/wp\/v2\/pages\/13606\/revisions"}],"up":[{"embeddable":true,"href":"https:\/\/www.upjs.sk\/fakulta-verejnej-spravy\/wp-json\/wp\/v2\/pages\/12952"}],"wp:attachment":[{"href":"https:\/\/www.upjs.sk\/fakulta-verejnej-spravy\/wp-json\/wp\/v2\/media?parent=13606"}],"wp:term":[{"taxonomy":"category","embeddable":true,"href":"https:\/\/www.upjs.sk\/fakulta-verejnej-spravy\/wp-json\/wp\/v2\/categories?post=13606"},{"taxonomy":"post_tag","embeddable":true,"href":"https:\/\/www.upjs.sk\/fakulta-verejnej-spravy\/wp-json\/wp\/v2\/tags?post=13606"}],"curies":[{"name":"wp","href":"https:\/\/api.w.org\/{rel}","templated":true}]}}