{"id":13616,"date":"2016-01-08T09:48:03","date_gmt":"2016-01-08T09:48:03","guid":{"rendered":"https:\/\/www.upjs.sk\/fakulta-verejnej-spravy\/zahranicne-vztahy\/8065-2\/"},"modified":"2016-01-08T09:48:03","modified_gmt":"2016-01-08T09:48:03","slug":"8065-2","status":"publish","type":"page","link":"https:\/\/www.upjs.sk\/fakulta-verejnej-spravy\/medzinarodne-vztahy\/8065-2\/","title":{"rendered":"Program CEEPUS a FVS"},"content":{"rendered":"<div style=\"text-align: justify;\">Program Ceepus predstavuje stredoeur\u00f3psky v\u00fdmenn\u00fd program zameran\u00fd na region\u00e1lnu spolupr\u00e1cu v r\u00e1mci siet\u00ed univerz\u00edt.<\/div>\n<div style=\"text-align: justify;\">Fakulta verejnej spr\u00e1vy UPJ\u0160 v Ko\u0161iciach je zapojen\u00e1 do programu a siete pod n\u00e1zvom: \u201eEconomic, social and political aspects of Central Europe\u201c. Z\u00e1merom siete je vytvori\u0165 platformu, podnieti\u0165 spolupr\u00e1cu medzi univerzitami a podie\u013ea\u0165 sa na tvorbe spolo\u010dn\u00fdch \u0161tudijn\u00fdch programov. Kooper\u00e1cia umo\u017en\u00ed jednotliv\u00fdm univerzit\u00e1m pon\u00faknu\u0165 svojim \u0161tudentom \u0161tudijn\u00e9 predmety, ktor\u00e9 bud\u00fa zabezpe\u010dovan\u00e9 a vyu\u010dovan\u00e9 odborn\u00edkmi z in\u00fdch univerz\u00edt, pri s\u00fa\u010dasnom re\u0161pektovan\u00ed a dodr\u017ean\u00ed nevyhnutn\u00fdch n\u00e1rodn\u00fdch \u0161pecif\u00edk a po\u017eiadaviek.<\/div>\n<div>\nSie\u0165 partnersk\u00fdch vysok\u00fdch \u0161k\u00f4l tvoria:<\/div>\n<ul>\n<li>\n<div>Slezsk\u00e1 univerzita v Opave, Fakulta ve\u0159ejn\u00fdch polit\u00edk,<\/div>\n<\/li>\n<li>\n<div>Univerzita Mateja Bela v Banskej Bystrici, Fakulta politick\u00fdch vied a medzin\u00e1rodn\u00fdch vz\u0165ahov,<\/div>\n<\/li>\n<li>\n<div>Uniwersytet Opolski, Instytut Politologii, Opole,<\/div>\n<\/li>\n<li>\n<div>Univerzita Pavla Jozefa \u0160af\u00e1rika v Ko\u0161iciach, Fakulta verejnej spr\u00e1vy,<\/div>\n<\/li>\n<li>\n<div>N\u00e1rodn\u00e1 univerzita verejn\u00fdch slu\u017eieb v Budape\u0161ti, Fakulta verejnej spr\u00e1vy,<\/div>\n<\/li>\n<li>\n<div>Uniwersytet Ekonomiczny w Katowicach, Wydzia\u0142 Ekonomii.<\/div>\n<\/li>\n<\/ul>\n","protected":false},"excerpt":{"rendered":"<p>Program Ceepus predstavuje stredoeur\u00f3psky v\u00fdmenn\u00fd program zameran\u00fd na region\u00e1lnu spolupr\u00e1cu v r\u00e1mci siet\u00ed univerz\u00edt. Fakulta verejnej spr\u00e1vy UPJ\u0160 v Ko\u0161iciach je zapojen\u00e1 do programu a siete pod n\u00e1zvom: \u201eEconomic, social and political aspects of Central Europe\u201c. Z\u00e1merom siete je vytvori\u0165 platformu, podnieti\u0165 spolupr\u00e1cu medzi univerzitami a podie\u013ea\u0165 sa na tvorbe spolo\u010dn\u00fdch \u0161tudijn\u00fdch programov. Kooper\u00e1cia umo\u017en\u00ed &hellip; <a href=\"https:\/\/www.upjs.sk\/fakulta-verejnej-spravy\/medzinarodne-vztahy\/8065-2\/\">\u010c\u00edta\u0165 \u010falej<\/a><\/p>\n","protected":false},"author":1,"featured_media":0,"parent":12952,"menu_order":17,"comment_status":"closed","ping_status":"closed","template":"","meta":{"_acf_changed":false,"_editorskit_title_hidden":false,"_editorskit_reading_time":0,"_editorskit_is_block_options_detached":false,"_editorskit_block_options_position":"{}","footnotes":""},"categories":[],"tags":[],"class_list":["post-13616","page","type-page","status-publish","hentry"],"acf":{"acf_link_na_externy_obsah":""},"yoast_head":"<!-- This site is optimized with the Yoast SEO plugin v27.4 - https:\/\/yoast.com\/product\/yoast-seo-wordpress\/ -->\n<title>Program CEEPUS a FVS - Fakulta verejnej spr\u00e1vy | UPJ\u0160<\/title>\n<meta name=\"robots\" content=\"index, follow, max-snippet:-1, max-image-preview:large, max-video-preview:-1\" \/>\n<link rel=\"canonical\" href=\"https:\/\/www.upjs.sk\/fakulta-verejnej-spravy\/medzinarodne-vztahy\/8065-2\/\" \/>\n<meta property=\"og:locale\" content=\"sk_SK\" \/>\n<meta property=\"og:type\" content=\"article\" \/>\n<meta property=\"og:title\" content=\"Program CEEPUS a FVS - Fakulta verejnej spr\u00e1vy | UPJ\u0160\" \/>\n<meta property=\"og:description\" content=\"Program Ceepus predstavuje stredoeur\u00f3psky v\u00fdmenn\u00fd program zameran\u00fd na region\u00e1lnu spolupr\u00e1cu v r\u00e1mci siet\u00ed univerz\u00edt. Fakulta verejnej spr\u00e1vy UPJ\u0160 v Ko\u0161iciach je zapojen\u00e1 do programu a siete pod n\u00e1zvom: \u201eEconomic, social and political aspects of Central Europe\u201c. Z\u00e1merom siete je vytvori\u0165 platformu, podnieti\u0165 spolupr\u00e1cu medzi univerzitami a podie\u013ea\u0165 sa na tvorbe spolo\u010dn\u00fdch \u0161tudijn\u00fdch programov. Kooper\u00e1cia umo\u017en\u00ed &hellip; \u010c\u00edta\u0165 \u010falej\" \/>\n<meta property=\"og:url\" content=\"https:\/\/www.upjs.sk\/fakulta-verejnej-spravy\/medzinarodne-vztahy\/8065-2\/\" \/>\n<meta property=\"og:site_name\" content=\"Fakulta verejnej spr\u00e1vy | UPJ\u0160\" \/>\n<meta name=\"twitter:card\" content=\"summary_large_image\" \/>\n<meta name=\"twitter:label1\" content=\"Predpokladan\u00fd \u010das \u010d\u00edtania\" \/>\n\t<meta name=\"twitter:data1\" content=\"1 min\u00fata\" \/>\n<script type=\"application\/ld+json\" class=\"yoast-schema-graph\">{\"@context\":\"https:\\\/\\\/schema.org\",\"@graph\":[{\"@type\":\"WebPage\",\"@id\":\"https:\\\/\\\/www.upjs.sk\\\/fakulta-verejnej-spravy\\\/medzinarodne-vztahy\\\/8065-2\\\/\",\"url\":\"https:\\\/\\\/www.upjs.sk\\\/fakulta-verejnej-spravy\\\/medzinarodne-vztahy\\\/8065-2\\\/\",\"name\":\"Program CEEPUS a FVS - Fakulta verejnej spr\u00e1vy | UPJ\u0160\",\"isPartOf\":{\"@id\":\"https:\\\/\\\/www.upjs.sk\\\/fakulta-verejnej-spravy\\\/#website\"},\"datePublished\":\"2016-01-08T09:48:03+00:00\",\"breadcrumb\":{\"@id\":\"https:\\\/\\\/www.upjs.sk\\\/fakulta-verejnej-spravy\\\/medzinarodne-vztahy\\\/8065-2\\\/#breadcrumb\"},\"inLanguage\":\"sk-SK\",\"potentialAction\":[{\"@type\":\"ReadAction\",\"target\":[\"https:\\\/\\\/www.upjs.sk\\\/fakulta-verejnej-spravy\\\/medzinarodne-vztahy\\\/8065-2\\\/\"]}]},{\"@type\":\"BreadcrumbList\",\"@id\":\"https:\\\/\\\/www.upjs.sk\\\/fakulta-verejnej-spravy\\\/medzinarodne-vztahy\\\/8065-2\\\/#breadcrumb\",\"itemListElement\":[{\"@type\":\"ListItem\",\"position\":1,\"name\":\"Home\",\"item\":\"https:\\\/\\\/www.upjs.sk\\\/fakulta-verejnej-spravy\\\/\"},{\"@type\":\"ListItem\",\"position\":2,\"name\":\"Medzin\u00e1rodn\u00e9 vz\u0165ahy\",\"item\":\"https:\\\/\\\/www.upjs.sk\\\/fakulta-verejnej-spravy\\\/medzinarodne-vztahy\\\/\"},{\"@type\":\"ListItem\",\"position\":3,\"name\":\"Program CEEPUS a FVS\"}]},{\"@type\":\"WebSite\",\"@id\":\"https:\\\/\\\/www.upjs.sk\\\/fakulta-verejnej-spravy\\\/#website\",\"url\":\"https:\\\/\\\/www.upjs.sk\\\/fakulta-verejnej-spravy\\\/\",\"name\":\"Fakulta verejnej spr\u00e1vy | UPJ\u0160\",\"description\":\"\",\"publisher\":{\"@id\":\"https:\\\/\\\/www.upjs.sk\\\/fakulta-verejnej-spravy\\\/#organization\"},\"potentialAction\":[{\"@type\":\"SearchAction\",\"target\":{\"@type\":\"EntryPoint\",\"urlTemplate\":\"https:\\\/\\\/www.upjs.sk\\\/fakulta-verejnej-spravy\\\/?s={search_term_string}\"},\"query-input\":{\"@type\":\"PropertyValueSpecification\",\"valueRequired\":true,\"valueName\":\"search_term_string\"}}],\"inLanguage\":\"sk-SK\"},{\"@type\":\"Organization\",\"@id\":\"https:\\\/\\\/www.upjs.sk\\\/fakulta-verejnej-spravy\\\/#organization\",\"name\":\"Fakulta verejnej spr\u00e1vy | UPJ\u0160\",\"url\":\"https:\\\/\\\/www.upjs.sk\\\/fakulta-verejnej-spravy\\\/\",\"logo\":{\"@type\":\"ImageObject\",\"inLanguage\":\"sk-SK\",\"@id\":\"https:\\\/\\\/www.upjs.sk\\\/fakulta-verejnej-spravy\\\/#\\\/schema\\\/logo\\\/image\\\/\",\"url\":\"https:\\\/\\\/www.upjs.sk\\\/app\\\/uploads\\\/sites\\\/12\\\/2022\\\/09\\\/logo-verejnej-spravy-fakulta.png\",\"contentUrl\":\"https:\\\/\\\/www.upjs.sk\\\/app\\\/uploads\\\/sites\\\/12\\\/2022\\\/09\\\/logo-verejnej-spravy-fakulta.png\",\"width\":415,\"height\":87,\"caption\":\"Fakulta verejnej spr\u00e1vy | UPJ\u0160\"},\"image\":{\"@id\":\"https:\\\/\\\/www.upjs.sk\\\/fakulta-verejnej-spravy\\\/#\\\/schema\\\/logo\\\/image\\\/\"}}]}<\/script>\n<!-- \/ Yoast SEO plugin. -->","yoast_head_json":{"title":"Program CEEPUS a FVS - Fakulta verejnej spr\u00e1vy | UPJ\u0160","robots":{"index":"index","follow":"follow","max-snippet":"max-snippet:-1","max-image-preview":"max-image-preview:large","max-video-preview":"max-video-preview:-1"},"canonical":"https:\/\/www.upjs.sk\/fakulta-verejnej-spravy\/medzinarodne-vztahy\/8065-2\/","og_locale":"sk_SK","og_type":"article","og_title":"Program CEEPUS a FVS - Fakulta verejnej spr\u00e1vy | UPJ\u0160","og_description":"Program Ceepus predstavuje stredoeur\u00f3psky v\u00fdmenn\u00fd program zameran\u00fd na region\u00e1lnu spolupr\u00e1cu v r\u00e1mci siet\u00ed univerz\u00edt. Fakulta verejnej spr\u00e1vy UPJ\u0160 v Ko\u0161iciach je zapojen\u00e1 do programu a siete pod n\u00e1zvom: \u201eEconomic, social and political aspects of Central Europe\u201c. Z\u00e1merom siete je vytvori\u0165 platformu, podnieti\u0165 spolupr\u00e1cu medzi univerzitami a podie\u013ea\u0165 sa na tvorbe spolo\u010dn\u00fdch \u0161tudijn\u00fdch programov. Kooper\u00e1cia umo\u017en\u00ed &hellip; \u010c\u00edta\u0165 \u010falej","og_url":"https:\/\/www.upjs.sk\/fakulta-verejnej-spravy\/medzinarodne-vztahy\/8065-2\/","og_site_name":"Fakulta verejnej spr\u00e1vy | UPJ\u0160","twitter_card":"summary_large_image","twitter_misc":{"Predpokladan\u00fd \u010das \u010d\u00edtania":"1 min\u00fata"},"schema":{"@context":"https:\/\/schema.org","@graph":[{"@type":"WebPage","@id":"https:\/\/www.upjs.sk\/fakulta-verejnej-spravy\/medzinarodne-vztahy\/8065-2\/","url":"https:\/\/www.upjs.sk\/fakulta-verejnej-spravy\/medzinarodne-vztahy\/8065-2\/","name":"Program CEEPUS a FVS - Fakulta verejnej spr\u00e1vy | UPJ\u0160","isPartOf":{"@id":"https:\/\/www.upjs.sk\/fakulta-verejnej-spravy\/#website"},"datePublished":"2016-01-08T09:48:03+00:00","breadcrumb":{"@id":"https:\/\/www.upjs.sk\/fakulta-verejnej-spravy\/medzinarodne-vztahy\/8065-2\/#breadcrumb"},"inLanguage":"sk-SK","potentialAction":[{"@type":"ReadAction","target":["https:\/\/www.upjs.sk\/fakulta-verejnej-spravy\/medzinarodne-vztahy\/8065-2\/"]}]},{"@type":"BreadcrumbList","@id":"https:\/\/www.upjs.sk\/fakulta-verejnej-spravy\/medzinarodne-vztahy\/8065-2\/#breadcrumb","itemListElement":[{"@type":"ListItem","position":1,"name":"Home","item":"https:\/\/www.upjs.sk\/fakulta-verejnej-spravy\/"},{"@type":"ListItem","position":2,"name":"Medzin\u00e1rodn\u00e9 vz\u0165ahy","item":"https:\/\/www.upjs.sk\/fakulta-verejnej-spravy\/medzinarodne-vztahy\/"},{"@type":"ListItem","position":3,"name":"Program CEEPUS a FVS"}]},{"@type":"WebSite","@id":"https:\/\/www.upjs.sk\/fakulta-verejnej-spravy\/#website","url":"https:\/\/www.upjs.sk\/fakulta-verejnej-spravy\/","name":"Fakulta verejnej spr\u00e1vy | UPJ\u0160","description":"","publisher":{"@id":"https:\/\/www.upjs.sk\/fakulta-verejnej-spravy\/#organization"},"potentialAction":[{"@type":"SearchAction","target":{"@type":"EntryPoint","urlTemplate":"https:\/\/www.upjs.sk\/fakulta-verejnej-spravy\/?s={search_term_string}"},"query-input":{"@type":"PropertyValueSpecification","valueRequired":true,"valueName":"search_term_string"}}],"inLanguage":"sk-SK"},{"@type":"Organization","@id":"https:\/\/www.upjs.sk\/fakulta-verejnej-spravy\/#organization","name":"Fakulta verejnej spr\u00e1vy | UPJ\u0160","url":"https:\/\/www.upjs.sk\/fakulta-verejnej-spravy\/","logo":{"@type":"ImageObject","inLanguage":"sk-SK","@id":"https:\/\/www.upjs.sk\/fakulta-verejnej-spravy\/#\/schema\/logo\/image\/","url":"https:\/\/www.upjs.sk\/app\/uploads\/sites\/12\/2022\/09\/logo-verejnej-spravy-fakulta.png","contentUrl":"https:\/\/www.upjs.sk\/app\/uploads\/sites\/12\/2022\/09\/logo-verejnej-spravy-fakulta.png","width":415,"height":87,"caption":"Fakulta verejnej spr\u00e1vy | UPJ\u0160"},"image":{"@id":"https:\/\/www.upjs.sk\/fakulta-verejnej-spravy\/#\/schema\/logo\/image\/"}}]}},"_links":{"self":[{"href":"https:\/\/www.upjs.sk\/fakulta-verejnej-spravy\/wp-json\/wp\/v2\/pages\/13616","targetHints":{"allow":["GET"]}}],"collection":[{"href":"https:\/\/www.upjs.sk\/fakulta-verejnej-spravy\/wp-json\/wp\/v2\/pages"}],"about":[{"href":"https:\/\/www.upjs.sk\/fakulta-verejnej-spravy\/wp-json\/wp\/v2\/types\/page"}],"author":[{"embeddable":true,"href":"https:\/\/www.upjs.sk\/fakulta-verejnej-spravy\/wp-json\/wp\/v2\/users\/1"}],"replies":[{"embeddable":true,"href":"https:\/\/www.upjs.sk\/fakulta-verejnej-spravy\/wp-json\/wp\/v2\/comments?post=13616"}],"version-history":[{"count":0,"href":"https:\/\/www.upjs.sk\/fakulta-verejnej-spravy\/wp-json\/wp\/v2\/pages\/13616\/revisions"}],"up":[{"embeddable":true,"href":"https:\/\/www.upjs.sk\/fakulta-verejnej-spravy\/wp-json\/wp\/v2\/pages\/12952"}],"wp:attachment":[{"href":"https:\/\/www.upjs.sk\/fakulta-verejnej-spravy\/wp-json\/wp\/v2\/media?parent=13616"}],"wp:term":[{"taxonomy":"category","embeddable":true,"href":"https:\/\/www.upjs.sk\/fakulta-verejnej-spravy\/wp-json\/wp\/v2\/categories?post=13616"},{"taxonomy":"post_tag","embeddable":true,"href":"https:\/\/www.upjs.sk\/fakulta-verejnej-spravy\/wp-json\/wp\/v2\/tags?post=13616"}],"curies":[{"name":"wp","href":"https:\/\/api.w.org\/{rel}","templated":true}]}}