{"id":13620,"date":"2014-10-02T14:40:30","date_gmt":"2014-10-02T14:40:30","guid":{"rendered":"https:\/\/www.upjs.sk\/fakulta-verejnej-spravy\/zahranicne-vztahy\/10855-2\/"},"modified":"2014-10-02T14:40:30","modified_gmt":"2014-10-02T14:40:30","slug":"10855-2","status":"publish","type":"page","link":"https:\/\/www.upjs.sk\/fakulta-verejnej-spravy\/medzinarodne-vztahy\/10855-2\/","title":{"rendered":"Preh\u013ead bilater\u00e1lnych zml\u00fav v akademickom roku 2014\/2015"},"content":{"rendered":"<p>\n\t\u00a0<\/p>\n<table border=\"1\" cellpadding=\"0\" cellspacing=\"0\" style=\"width: 472px\" width=\"471\">\n<colgroup>\n<col \/>\n<col \/>\n<col \/>\n<col \/>\n\t<\/colgroup>\n<tbody>\n<tr height=\"20\">\n<td colspan=\"4\" height=\"20\" style=\"height: 20px; width: 472px\">\n<div sizcache=\"0\" sizset=\"0\">\n<div sizcache=\"0\" sizset=\"0\">\n<div sizcache=\"0\" sizset=\"3\" style=\"text-align: center\">\n\t\t\t\t\t\t\t<strong>Preh\u013ead bilater\u00e1lnych zml\u00fav v akademickom roku 2014\/2015<\/strong><\/div>\n<\/p><\/div>\n<\/p><\/div>\n<\/td>\n<\/tr>\n<tr height=\"44\">\n<td height=\"44\" style=\"height: 44px; width: 163px; text-align: center\">\n\t\t\t\t<strong>Univerzita<\/strong><\/td>\n<td style=\"width: 113px; text-align: center\">\n\t\t\t\t<strong>Krajina<\/strong><\/td>\n<td style=\"width: 123px; text-align: center\">\n\t\t\t\t<strong>Typy mobil\u00edt<\/strong><\/td>\n<td style=\"width: 73px; text-align: center\">\n\t\t\t\t<strong>Stupne \u0161t\u00fadia<\/strong><\/td>\n<\/tr>\n<tr height=\"20\">\n<td height=\"40\" rowspan=\"2\" style=\"height: 40px; width: 163px\">\n\t\t\t\t<a href=\"http:\/\/www.panteion.gr\/\" target=\"_blank\" rel=\"noopener\">Panteion University of Athens<\/a><\/td>\n<td rowspan=\"2\" style=\"width: 113px\">\n\t\t\t\tGr\u00e9cko<\/td>\n<td rowspan=\"2\" style=\"width: 123px\">\n\t\t\t\t\u0161t\u00fadium, v\u00fdu\u010dba<\/td>\n<td rowspan=\"2\" style=\"width: 73px\">\n\t\t\t\tBc., Mgr.<\/td>\n<\/tr>\n<tr height=\"20\">\n\t\t<\/tr>\n<tr height=\"20\">\n<td height=\"40\" rowspan=\"2\" style=\"height: 40px; width: 163px\">\n\t\t\t\t<a href=\"http:\/\/www.en.uni-bayreuth.de\/home\/index.html\" target=\"_blank\" rel=\"noopener\">University of Bayreuth<\/a><\/td>\n<td rowspan=\"2\" style=\"width: 113px\">\n\t\t\t\tNemecko<\/td>\n<td rowspan=\"2\" style=\"width: 123px\">\n\t\t\t\t\u0161t\u00fadium, v\u00fdu\u010dba, \u0161kolenie<\/td>\n<td rowspan=\"2\" style=\"width: 73px\">\n\t\t\t\tBc., Mgr.<\/td>\n<\/tr>\n<tr height=\"20\">\n\t\t<\/tr>\n<tr height=\"20\">\n<td height=\"40\" rowspan=\"2\" style=\"height: 40px; width: 163px\">\n\t\t\t\t<a href=\"http:\/\/en.uni-nke.hu\/\" target=\"_blank\" rel=\"noopener\">National University of Public Service\u00a0<\/a><\/td>\n<td rowspan=\"2\" style=\"width: 113px\">\n\t\t\t\tMa\u010farsko<\/td>\n<td rowspan=\"2\" style=\"width: 123px\">\n\t\t\t\t\u0161t\u00fadium, v\u00fdu\u010dba, \u0161kolenie<\/td>\n<td rowspan=\"2\" style=\"width: 73px\">\n\t\t\t\tBc., Mgr.<\/td>\n<\/tr>\n<tr height=\"20\">\n\t\t<\/tr>\n<tr height=\"20\">\n<td height=\"40\" rowspan=\"2\" style=\"height: 40px; width: 163px\">\n\t\t\t\t<a href=\"http:\/\/www.pwsz.legnica.edu.pl\/artykul-238-english-0\" target=\"_blank\" rel=\"noopener\">Witelon University in Legnica<\/a><\/td>\n<td rowspan=\"2\" style=\"width: 113px\">\n\t\t\t\tPo\u013esko<\/td>\n<td rowspan=\"2\" style=\"width: 123px\">\n\t\t\t\t\u0161t\u00fadium, st\u00e1\u017e, v\u00fdu\u010dba, \u0161kolenia<\/td>\n<td rowspan=\"2\" style=\"width: 73px\">\n\t\t\t\tBc., Mgr.<\/td>\n<\/tr>\n<tr height=\"20\">\n\t\t<\/tr>\n<tr height=\"40\">\n<td height=\"60\" rowspan=\"2\" style=\"height: 60px; width: 163px\">\n\t\t\t\t<a href=\"http:\/\/www.kul.pl\/kul,21.html\" target=\"_blank\" rel=\"noopener\">Katolicki Uniwrsytet Lubelski Jana Pawla II., Lublin<\/a><\/td>\n<td rowspan=\"2\" style=\"width: 113px\">\n\t\t\t\tPo\u013esko<\/td>\n<td rowspan=\"2\" style=\"width: 123px\">\n\t\t\t\t\u0161t\u00fadium, v\u00fdu\u010dba<\/td>\n<td rowspan=\"2\" style=\"width: 73px\">\n\t\t\t\tBc., Mgr.<\/td>\n<\/tr>\n<tr height=\"20\">\n\t\t<\/tr>\n<tr height=\"20\">\n<td height=\"40\" rowspan=\"2\" style=\"height: 40px; width: 163px\">\n\t\t\t\t<a href=\"http:\/\/www.slu.cz\/slu\/cz\/\" target=\"_blank\" rel=\"noopener\">Slezsk\u00e1 univerzita v Opave<\/a><\/td>\n<td rowspan=\"2\" style=\"width: 113px\">\n\t\t\t\t\u010cesk\u00e1 republika<\/td>\n<td rowspan=\"2\" style=\"width: 123px\">\n\t\t\t\t\u0161t\u00fadium, v\u00fdu\u010dba, \u0161kolenie<\/td>\n<td rowspan=\"2\" style=\"width: 73px\">\n\t\t\t\tBc., Mgr.<\/td>\n<\/tr>\n<tr height=\"20\">\n\t\t<\/tr>\n<tr height=\"20\">\n<td height=\"40\" rowspan=\"2\" style=\"height: 40px; width: 163px\">\n\t\t\t\t<a href=\"http:\/\/www.vsb.cz\/cs\/\" target=\"_blank\" rel=\"noopener\">Technick\u00e1 univerzita v Ostrave<\/a><\/td>\n<td rowspan=\"2\" style=\"width: 113px\">\n\t\t\t\t\u010cesk\u00e1 republika<\/td>\n<td rowspan=\"2\" style=\"width: 123px\">\n\t\t\t\t\u0161t\u00fadium, v\u00fdu\u010dba, \u0161kolenie<\/td>\n<td rowspan=\"2\" style=\"width: 73px\">\n\t\t\t\tBc., Mgr.<\/td>\n<\/tr>\n<tr height=\"20\">\n\t\t<\/tr>\n<tr height=\"20\">\n<td height=\"40\" rowspan=\"2\" style=\"height: 40px; width: 163px\">\n\t\t\t\t<a href=\"http:\/\/www.adu.edu.tr\/en\/\" target=\"_blank\" rel=\"noopener\">Adnan Menderes University<\/a><\/td>\n<td rowspan=\"2\" style=\"width: 113px\">\n\t\t\t\tTurecko<\/td>\n<td rowspan=\"2\" style=\"width: 123px\">\n\t\t\t\t\u0161t\u00fadium, v\u00fdu\u010dba, \u0161kolenie<\/td>\n<td rowspan=\"2\" style=\"width: 73px\">\n\t\t\t\tBc., Mgr.<\/td>\n<\/tr>\n<tr height=\"20\">\n\t\t<\/tr>\n<tr height=\"20\">\n<td height=\"49\" rowspan=\"4\" style=\"height: 49px; width: 163px\">\n\t\t\t\t<a href=\"http:\/\/www.shu.ac.uk\/\" target=\"_blank\" rel=\"noopener\">Sheffield Hallam University<\/a><\/td>\n<td rowspan=\"4\" style=\"width: 113px\">\n\t\t\t\tVe\u013ek\u00e1 Brit\u00e1nia<\/td>\n<td rowspan=\"4\" style=\"width: 123px\">\n\t\t\t\t\u0161t\u00fadium, v\u00fdu\u010dba, \u0161kolenie<\/td>\n<td rowspan=\"4\" style=\"width: 73px\">\n\t\t\t\tBc., Mgr.<\/td>\n<\/tr>\n<tr height=\"1\">\n\t\t<\/tr>\n<tr height=\"20\">\n\t\t<\/tr>\n<tr height=\"8\">\n\t\t<\/tr>\n<\/tbody>\n<\/table>\n<p>\n\t\u00a0<\/p>\n<p>\n\t\u00a0<\/p>\n","protected":false},"excerpt":{"rendered":"<p>\u00a0 Preh\u013ead bilater\u00e1lnych zml\u00fav v akademickom roku 2014\/2015 Univerzita Krajina Typy mobil\u00edt Stupne \u0161t\u00fadia Panteion University of Athens Gr\u00e9cko \u0161t\u00fadium, v\u00fdu\u010dba Bc., Mgr. University of Bayreuth Nemecko \u0161t\u00fadium, v\u00fdu\u010dba, \u0161kolenie Bc., Mgr. National University of Public Service\u00a0 Ma\u010farsko \u0161t\u00fadium, v\u00fdu\u010dba, \u0161kolenie Bc., Mgr. Witelon University in Legnica Po\u013esko \u0161t\u00fadium, st\u00e1\u017e, v\u00fdu\u010dba, \u0161kolenia Bc., Mgr. Katolicki &hellip; <a href=\"https:\/\/www.upjs.sk\/fakulta-verejnej-spravy\/medzinarodne-vztahy\/10855-2\/\">\u010c\u00edta\u0165 \u010falej<\/a><\/p>\n","protected":false},"author":1,"featured_media":0,"parent":12952,"menu_order":21,"comment_status":"closed","ping_status":"closed","template":"","meta":{"_acf_changed":false,"_editorskit_title_hidden":false,"_editorskit_reading_time":0,"_editorskit_is_block_options_detached":false,"_editorskit_block_options_position":"{}","footnotes":""},"categories":[],"tags":[],"class_list":["post-13620","page","type-page","status-publish","hentry"],"acf":{"acf_link_na_externy_obsah":""},"yoast_head":"<!-- This site is optimized with the Yoast SEO plugin v27.4 - https:\/\/yoast.com\/product\/yoast-seo-wordpress\/ -->\n<title>Preh\u013ead bilater\u00e1lnych zml\u00fav v akademickom roku 2014\/2015 - Fakulta verejnej spr\u00e1vy | UPJ\u0160<\/title>\n<meta name=\"robots\" content=\"index, follow, max-snippet:-1, max-image-preview:large, max-video-preview:-1\" \/>\n<link rel=\"canonical\" href=\"https:\/\/www.upjs.sk\/fakulta-verejnej-spravy\/medzinarodne-vztahy\/10855-2\/\" \/>\n<meta property=\"og:locale\" content=\"sk_SK\" \/>\n<meta property=\"og:type\" content=\"article\" \/>\n<meta property=\"og:title\" content=\"Preh\u013ead bilater\u00e1lnych zml\u00fav v akademickom roku 2014\/2015 - Fakulta verejnej spr\u00e1vy | UPJ\u0160\" \/>\n<meta property=\"og:description\" content=\"\u00a0 Preh\u013ead bilater\u00e1lnych zml\u00fav v akademickom roku 2014\/2015 Univerzita Krajina Typy mobil\u00edt Stupne \u0161t\u00fadia Panteion University of Athens Gr\u00e9cko \u0161t\u00fadium, v\u00fdu\u010dba Bc., Mgr. University of Bayreuth Nemecko \u0161t\u00fadium, v\u00fdu\u010dba, \u0161kolenie Bc., Mgr. National University of Public Service\u00a0 Ma\u010farsko \u0161t\u00fadium, v\u00fdu\u010dba, \u0161kolenie Bc., Mgr. Witelon University in Legnica Po\u013esko \u0161t\u00fadium, st\u00e1\u017e, v\u00fdu\u010dba, \u0161kolenia Bc., Mgr. Katolicki &hellip; \u010c\u00edta\u0165 \u010falej\" \/>\n<meta property=\"og:url\" content=\"https:\/\/www.upjs.sk\/fakulta-verejnej-spravy\/medzinarodne-vztahy\/10855-2\/\" \/>\n<meta property=\"og:site_name\" content=\"Fakulta verejnej spr\u00e1vy | UPJ\u0160\" \/>\n<meta name=\"twitter:card\" content=\"summary_large_image\" \/>\n<meta name=\"twitter:label1\" content=\"Predpokladan\u00fd \u010das \u010d\u00edtania\" \/>\n\t<meta name=\"twitter:data1\" content=\"1 min\u00fata\" \/>\n<script type=\"application\/ld+json\" class=\"yoast-schema-graph\">{\"@context\":\"https:\\\/\\\/schema.org\",\"@graph\":[{\"@type\":\"WebPage\",\"@id\":\"https:\\\/\\\/www.upjs.sk\\\/fakulta-verejnej-spravy\\\/medzinarodne-vztahy\\\/10855-2\\\/\",\"url\":\"https:\\\/\\\/www.upjs.sk\\\/fakulta-verejnej-spravy\\\/medzinarodne-vztahy\\\/10855-2\\\/\",\"name\":\"Preh\u013ead bilater\u00e1lnych zml\u00fav v akademickom roku 2014\\\/2015 - Fakulta verejnej spr\u00e1vy | UPJ\u0160\",\"isPartOf\":{\"@id\":\"https:\\\/\\\/www.upjs.sk\\\/fakulta-verejnej-spravy\\\/#website\"},\"datePublished\":\"2014-10-02T14:40:30+00:00\",\"breadcrumb\":{\"@id\":\"https:\\\/\\\/www.upjs.sk\\\/fakulta-verejnej-spravy\\\/medzinarodne-vztahy\\\/10855-2\\\/#breadcrumb\"},\"inLanguage\":\"sk-SK\",\"potentialAction\":[{\"@type\":\"ReadAction\",\"target\":[\"https:\\\/\\\/www.upjs.sk\\\/fakulta-verejnej-spravy\\\/medzinarodne-vztahy\\\/10855-2\\\/\"]}]},{\"@type\":\"BreadcrumbList\",\"@id\":\"https:\\\/\\\/www.upjs.sk\\\/fakulta-verejnej-spravy\\\/medzinarodne-vztahy\\\/10855-2\\\/#breadcrumb\",\"itemListElement\":[{\"@type\":\"ListItem\",\"position\":1,\"name\":\"Home\",\"item\":\"https:\\\/\\\/www.upjs.sk\\\/fakulta-verejnej-spravy\\\/\"},{\"@type\":\"ListItem\",\"position\":2,\"name\":\"Medzin\u00e1rodn\u00e9 vz\u0165ahy\",\"item\":\"https:\\\/\\\/www.upjs.sk\\\/fakulta-verejnej-spravy\\\/medzinarodne-vztahy\\\/\"},{\"@type\":\"ListItem\",\"position\":3,\"name\":\"Preh\u013ead bilater\u00e1lnych zml\u00fav v akademickom roku 2014\\\/2015\"}]},{\"@type\":\"WebSite\",\"@id\":\"https:\\\/\\\/www.upjs.sk\\\/fakulta-verejnej-spravy\\\/#website\",\"url\":\"https:\\\/\\\/www.upjs.sk\\\/fakulta-verejnej-spravy\\\/\",\"name\":\"Fakulta verejnej spr\u00e1vy | UPJ\u0160\",\"description\":\"\",\"publisher\":{\"@id\":\"https:\\\/\\\/www.upjs.sk\\\/fakulta-verejnej-spravy\\\/#organization\"},\"potentialAction\":[{\"@type\":\"SearchAction\",\"target\":{\"@type\":\"EntryPoint\",\"urlTemplate\":\"https:\\\/\\\/www.upjs.sk\\\/fakulta-verejnej-spravy\\\/?s={search_term_string}\"},\"query-input\":{\"@type\":\"PropertyValueSpecification\",\"valueRequired\":true,\"valueName\":\"search_term_string\"}}],\"inLanguage\":\"sk-SK\"},{\"@type\":\"Organization\",\"@id\":\"https:\\\/\\\/www.upjs.sk\\\/fakulta-verejnej-spravy\\\/#organization\",\"name\":\"Fakulta verejnej spr\u00e1vy | UPJ\u0160\",\"url\":\"https:\\\/\\\/www.upjs.sk\\\/fakulta-verejnej-spravy\\\/\",\"logo\":{\"@type\":\"ImageObject\",\"inLanguage\":\"sk-SK\",\"@id\":\"https:\\\/\\\/www.upjs.sk\\\/fakulta-verejnej-spravy\\\/#\\\/schema\\\/logo\\\/image\\\/\",\"url\":\"https:\\\/\\\/www.upjs.sk\\\/app\\\/uploads\\\/sites\\\/12\\\/2022\\\/09\\\/logo-verejnej-spravy-fakulta.png\",\"contentUrl\":\"https:\\\/\\\/www.upjs.sk\\\/app\\\/uploads\\\/sites\\\/12\\\/2022\\\/09\\\/logo-verejnej-spravy-fakulta.png\",\"width\":415,\"height\":87,\"caption\":\"Fakulta verejnej spr\u00e1vy | UPJ\u0160\"},\"image\":{\"@id\":\"https:\\\/\\\/www.upjs.sk\\\/fakulta-verejnej-spravy\\\/#\\\/schema\\\/logo\\\/image\\\/\"}}]}<\/script>\n<!-- \/ Yoast SEO plugin. -->","yoast_head_json":{"title":"Preh\u013ead bilater\u00e1lnych zml\u00fav v akademickom roku 2014\/2015 - Fakulta verejnej spr\u00e1vy | UPJ\u0160","robots":{"index":"index","follow":"follow","max-snippet":"max-snippet:-1","max-image-preview":"max-image-preview:large","max-video-preview":"max-video-preview:-1"},"canonical":"https:\/\/www.upjs.sk\/fakulta-verejnej-spravy\/medzinarodne-vztahy\/10855-2\/","og_locale":"sk_SK","og_type":"article","og_title":"Preh\u013ead bilater\u00e1lnych zml\u00fav v akademickom roku 2014\/2015 - Fakulta verejnej spr\u00e1vy | UPJ\u0160","og_description":"\u00a0 Preh\u013ead bilater\u00e1lnych zml\u00fav v akademickom roku 2014\/2015 Univerzita Krajina Typy mobil\u00edt Stupne \u0161t\u00fadia Panteion University of Athens Gr\u00e9cko \u0161t\u00fadium, v\u00fdu\u010dba Bc., Mgr. University of Bayreuth Nemecko \u0161t\u00fadium, v\u00fdu\u010dba, \u0161kolenie Bc., Mgr. National University of Public Service\u00a0 Ma\u010farsko \u0161t\u00fadium, v\u00fdu\u010dba, \u0161kolenie Bc., Mgr. Witelon University in Legnica Po\u013esko \u0161t\u00fadium, st\u00e1\u017e, v\u00fdu\u010dba, \u0161kolenia Bc., Mgr. Katolicki &hellip; \u010c\u00edta\u0165 \u010falej","og_url":"https:\/\/www.upjs.sk\/fakulta-verejnej-spravy\/medzinarodne-vztahy\/10855-2\/","og_site_name":"Fakulta verejnej spr\u00e1vy | UPJ\u0160","twitter_card":"summary_large_image","twitter_misc":{"Predpokladan\u00fd \u010das \u010d\u00edtania":"1 min\u00fata"},"schema":{"@context":"https:\/\/schema.org","@graph":[{"@type":"WebPage","@id":"https:\/\/www.upjs.sk\/fakulta-verejnej-spravy\/medzinarodne-vztahy\/10855-2\/","url":"https:\/\/www.upjs.sk\/fakulta-verejnej-spravy\/medzinarodne-vztahy\/10855-2\/","name":"Preh\u013ead bilater\u00e1lnych zml\u00fav v akademickom roku 2014\/2015 - Fakulta verejnej spr\u00e1vy | UPJ\u0160","isPartOf":{"@id":"https:\/\/www.upjs.sk\/fakulta-verejnej-spravy\/#website"},"datePublished":"2014-10-02T14:40:30+00:00","breadcrumb":{"@id":"https:\/\/www.upjs.sk\/fakulta-verejnej-spravy\/medzinarodne-vztahy\/10855-2\/#breadcrumb"},"inLanguage":"sk-SK","potentialAction":[{"@type":"ReadAction","target":["https:\/\/www.upjs.sk\/fakulta-verejnej-spravy\/medzinarodne-vztahy\/10855-2\/"]}]},{"@type":"BreadcrumbList","@id":"https:\/\/www.upjs.sk\/fakulta-verejnej-spravy\/medzinarodne-vztahy\/10855-2\/#breadcrumb","itemListElement":[{"@type":"ListItem","position":1,"name":"Home","item":"https:\/\/www.upjs.sk\/fakulta-verejnej-spravy\/"},{"@type":"ListItem","position":2,"name":"Medzin\u00e1rodn\u00e9 vz\u0165ahy","item":"https:\/\/www.upjs.sk\/fakulta-verejnej-spravy\/medzinarodne-vztahy\/"},{"@type":"ListItem","position":3,"name":"Preh\u013ead bilater\u00e1lnych zml\u00fav v akademickom roku 2014\/2015"}]},{"@type":"WebSite","@id":"https:\/\/www.upjs.sk\/fakulta-verejnej-spravy\/#website","url":"https:\/\/www.upjs.sk\/fakulta-verejnej-spravy\/","name":"Fakulta verejnej spr\u00e1vy | UPJ\u0160","description":"","publisher":{"@id":"https:\/\/www.upjs.sk\/fakulta-verejnej-spravy\/#organization"},"potentialAction":[{"@type":"SearchAction","target":{"@type":"EntryPoint","urlTemplate":"https:\/\/www.upjs.sk\/fakulta-verejnej-spravy\/?s={search_term_string}"},"query-input":{"@type":"PropertyValueSpecification","valueRequired":true,"valueName":"search_term_string"}}],"inLanguage":"sk-SK"},{"@type":"Organization","@id":"https:\/\/www.upjs.sk\/fakulta-verejnej-spravy\/#organization","name":"Fakulta verejnej spr\u00e1vy | UPJ\u0160","url":"https:\/\/www.upjs.sk\/fakulta-verejnej-spravy\/","logo":{"@type":"ImageObject","inLanguage":"sk-SK","@id":"https:\/\/www.upjs.sk\/fakulta-verejnej-spravy\/#\/schema\/logo\/image\/","url":"https:\/\/www.upjs.sk\/app\/uploads\/sites\/12\/2022\/09\/logo-verejnej-spravy-fakulta.png","contentUrl":"https:\/\/www.upjs.sk\/app\/uploads\/sites\/12\/2022\/09\/logo-verejnej-spravy-fakulta.png","width":415,"height":87,"caption":"Fakulta verejnej spr\u00e1vy | UPJ\u0160"},"image":{"@id":"https:\/\/www.upjs.sk\/fakulta-verejnej-spravy\/#\/schema\/logo\/image\/"}}]}},"_links":{"self":[{"href":"https:\/\/www.upjs.sk\/fakulta-verejnej-spravy\/wp-json\/wp\/v2\/pages\/13620","targetHints":{"allow":["GET"]}}],"collection":[{"href":"https:\/\/www.upjs.sk\/fakulta-verejnej-spravy\/wp-json\/wp\/v2\/pages"}],"about":[{"href":"https:\/\/www.upjs.sk\/fakulta-verejnej-spravy\/wp-json\/wp\/v2\/types\/page"}],"author":[{"embeddable":true,"href":"https:\/\/www.upjs.sk\/fakulta-verejnej-spravy\/wp-json\/wp\/v2\/users\/1"}],"replies":[{"embeddable":true,"href":"https:\/\/www.upjs.sk\/fakulta-verejnej-spravy\/wp-json\/wp\/v2\/comments?post=13620"}],"version-history":[{"count":0,"href":"https:\/\/www.upjs.sk\/fakulta-verejnej-spravy\/wp-json\/wp\/v2\/pages\/13620\/revisions"}],"up":[{"embeddable":true,"href":"https:\/\/www.upjs.sk\/fakulta-verejnej-spravy\/wp-json\/wp\/v2\/pages\/12952"}],"wp:attachment":[{"href":"https:\/\/www.upjs.sk\/fakulta-verejnej-spravy\/wp-json\/wp\/v2\/media?parent=13620"}],"wp:term":[{"taxonomy":"category","embeddable":true,"href":"https:\/\/www.upjs.sk\/fakulta-verejnej-spravy\/wp-json\/wp\/v2\/categories?post=13620"},{"taxonomy":"post_tag","embeddable":true,"href":"https:\/\/www.upjs.sk\/fakulta-verejnej-spravy\/wp-json\/wp\/v2\/tags?post=13620"}],"curies":[{"name":"wp","href":"https:\/\/api.w.org\/{rel}","templated":true}]}}