{"id":13621,"date":"2018-07-03T13:21:35","date_gmt":"2018-07-03T13:21:35","guid":{"rendered":"https:\/\/www.upjs.sk\/fakulta-verejnej-spravy\/zahranicne-vztahy\/12487-2\/"},"modified":"2022-10-19T13:55:31","modified_gmt":"2022-10-19T13:55:31","slug":"12487-2","status":"publish","type":"page","link":"https:\/\/www.upjs.sk\/fakulta-verejnej-spravy\/medzinarodne-vztahy\/12487-2\/","title":{"rendered":"V\u00fdberov\u00e9 konanie pre Erasmus+ &#8211; \u0161t\u00fadium 2017\/2018"},"content":{"rendered":"<p>\u00a0<\/p>\n<p><strong>V\u00fdberov\u00e9 konanie pre Erasmus+ &#8211; \u0161t\u00fadium 2017\/2018<\/strong><\/p>\n<p><strong>D\u00e1tum konania:<\/strong>\u00a0\u00a0\u00a0\u00a0\u00a0\u00a0\u00a0\u00a0 \u00a0\u00a0\u00a0\u00a08. 3. 2017 (streda)<\/p>\n<p><strong>Miestnos\u0165:<\/strong> \u00a0\u00a0\u00a0\u00a0\u00a0\u00a0\u00a0\u00a0\u00a0\u00a0\u00a0\u00a0\u00a0\u00a0\u00a0\u00a0 \u00a0\u00a0\u00a0\u00a0427<\/p>\n<p><strong>\u010cas:<\/strong>\u00a0\u00a0\u00a0\u00a0\u00a0\u00a0\u00a0\u00a0\u00a0\u00a0\u00a0\u00a0\u00a0\u00a0\u00a0\u00a0\u00a0\u00a0\u00a0\u00a0\u00a0\u00a0\u00a0\u00a0\u00a0\u00a0\u00a0\u00a0\u00a0\u00a0\u00a0\u00a013:00 hod.<\/p>\n<p>Term\u00edn odovzdania prihl\u00e1\u0161ky (vr\u00e1tane pr\u00edloh) na Refer\u00e1te pre doktorandsk\u00e9 \u0161t\u00fadium, vedeckov\u00fdskumn\u00fa \u010dinnos\u0165 a rozvoj (I. poschodie, \u010d. miestnosti 114)<\/p>\n<p align=\"center\">do \u00a0<strong>3. 3. 2017 do 14:00 hod.<\/strong><\/p>\n<p><strong>S\u00fa\u010dasti prihl\u00e1\u0161ky:<\/strong><\/p>\n<p>1. <a href=\"\/public\/media\/12487\/Prihlaska_na_vyberove_konanie.docx\">Vyplnen\u00e1 a podp\u00edsan\u00e1 prihl\u00e1\u0161ka<\/a><br \/>\n2. \u017divotopis v <a href=\"http:\/\/www.upjs.sk\/public\/media\/12487\/Europass%20SJ.doc\">slovenskom<\/a> a <a href=\"http:\/\/www.upjs.sk\/public\/media\/12487\/Europass%20AJ.doc\">anglickom<\/a> jazyku<br \/>\n3. Motiva\u010dn\u00fd list v slovenskom a anglickom jazyku<\/p>\n","protected":false},"excerpt":{"rendered":"<p>\u00a0 V\u00fdberov\u00e9 konanie pre Erasmus+ &#8211; \u0161t\u00fadium 2017\/2018 D\u00e1tum konania:\u00a0\u00a0\u00a0\u00a0\u00a0\u00a0\u00a0\u00a0 \u00a0\u00a0\u00a0\u00a08. 3. 2017 (streda) Miestnos\u0165: \u00a0\u00a0\u00a0\u00a0\u00a0\u00a0\u00a0\u00a0\u00a0\u00a0\u00a0\u00a0\u00a0\u00a0\u00a0\u00a0 \u00a0\u00a0\u00a0\u00a0427 \u010cas:\u00a0\u00a0\u00a0\u00a0\u00a0\u00a0\u00a0\u00a0\u00a0\u00a0\u00a0\u00a0\u00a0\u00a0\u00a0\u00a0\u00a0\u00a0\u00a0\u00a0\u00a0\u00a0\u00a0\u00a0\u00a0\u00a0\u00a0\u00a0\u00a0\u00a0\u00a0\u00a013:00 hod. Term\u00edn odovzdania prihl\u00e1\u0161ky (vr\u00e1tane pr\u00edloh) na Refer\u00e1te pre doktorandsk\u00e9 \u0161t\u00fadium, vedeckov\u00fdskumn\u00fa \u010dinnos\u0165 a rozvoj (I. poschodie, \u010d. miestnosti 114) do \u00a03. 3. 2017 do 14:00 hod. S\u00fa\u010dasti prihl\u00e1\u0161ky: 1. Vyplnen\u00e1 a podp\u00edsan\u00e1 prihl\u00e1\u0161ka 2. \u017divotopis v &hellip; <a href=\"https:\/\/www.upjs.sk\/fakulta-verejnej-spravy\/medzinarodne-vztahy\/12487-2\/\">\u010c\u00edta\u0165 \u010falej<\/a><\/p>\n","protected":false},"author":1,"featured_media":13622,"parent":12952,"menu_order":22,"comment_status":"closed","ping_status":"closed","template":"","meta":{"_acf_changed":false,"_editorskit_title_hidden":false,"_editorskit_reading_time":0,"_editorskit_is_block_options_detached":false,"_editorskit_block_options_position":"{}","footnotes":""},"categories":[],"tags":[],"class_list":["post-13621","page","type-page","status-publish","has-post-thumbnail","hentry"],"acf":{"acf_link_na_externy_obsah":""},"yoast_head":"<!-- This site is optimized with the Yoast SEO plugin v27.4 - https:\/\/yoast.com\/product\/yoast-seo-wordpress\/ -->\n<title>V\u00fdberov\u00e9 konanie pre Erasmus+ - \u0161t\u00fadium 2017\/2018 - Fakulta verejnej spr\u00e1vy | UPJ\u0160<\/title>\n<meta name=\"robots\" content=\"index, follow, max-snippet:-1, max-image-preview:large, max-video-preview:-1\" \/>\n<link rel=\"canonical\" href=\"https:\/\/www.upjs.sk\/fakulta-verejnej-spravy\/medzinarodne-vztahy\/12487-2\/\" \/>\n<meta property=\"og:locale\" content=\"sk_SK\" \/>\n<meta property=\"og:type\" content=\"article\" \/>\n<meta property=\"og:title\" content=\"V\u00fdberov\u00e9 konanie pre Erasmus+ - \u0161t\u00fadium 2017\/2018 - Fakulta verejnej spr\u00e1vy | UPJ\u0160\" \/>\n<meta property=\"og:description\" content=\"\u00a0 V\u00fdberov\u00e9 konanie pre Erasmus+ &#8211; \u0161t\u00fadium 2017\/2018 D\u00e1tum konania:\u00a0\u00a0\u00a0\u00a0\u00a0\u00a0\u00a0\u00a0 \u00a0\u00a0\u00a0\u00a08. 3. 2017 (streda) Miestnos\u0165: \u00a0\u00a0\u00a0\u00a0\u00a0\u00a0\u00a0\u00a0\u00a0\u00a0\u00a0\u00a0\u00a0\u00a0\u00a0\u00a0 \u00a0\u00a0\u00a0\u00a0427 \u010cas:\u00a0\u00a0\u00a0\u00a0\u00a0\u00a0\u00a0\u00a0\u00a0\u00a0\u00a0\u00a0\u00a0\u00a0\u00a0\u00a0\u00a0\u00a0\u00a0\u00a0\u00a0\u00a0\u00a0\u00a0\u00a0\u00a0\u00a0\u00a0\u00a0\u00a0\u00a0\u00a013:00 hod. Term\u00edn odovzdania prihl\u00e1\u0161ky (vr\u00e1tane pr\u00edloh) na Refer\u00e1te pre doktorandsk\u00e9 \u0161t\u00fadium, vedeckov\u00fdskumn\u00fa \u010dinnos\u0165 a rozvoj (I. poschodie, \u010d. miestnosti 114) do \u00a03. 3. 2017 do 14:00 hod. S\u00fa\u010dasti prihl\u00e1\u0161ky: 1. Vyplnen\u00e1 a podp\u00edsan\u00e1 prihl\u00e1\u0161ka 2. \u017divotopis v &hellip; \u010c\u00edta\u0165 \u010falej\" \/>\n<meta property=\"og:url\" content=\"https:\/\/www.upjs.sk\/fakulta-verejnej-spravy\/medzinarodne-vztahy\/12487-2\/\" \/>\n<meta property=\"og:site_name\" content=\"Fakulta verejnej spr\u00e1vy | UPJ\u0160\" \/>\n<meta property=\"article:modified_time\" content=\"2022-10-19T13:55:31+00:00\" \/>\n<meta property=\"og:image\" content=\"https:\/\/www.upjs.sk\/app\/uploads\/sites\/12\/2022\/09\/Vysledky-E-studium_1718-scaled.jpg\" \/>\n\t<meta property=\"og:image:width\" content=\"2560\" \/>\n\t<meta property=\"og:image:height\" content=\"1804\" \/>\n\t<meta property=\"og:image:type\" content=\"image\/jpeg\" \/>\n<meta name=\"twitter:card\" content=\"summary_large_image\" \/>\n<script type=\"application\/ld+json\" class=\"yoast-schema-graph\">{\"@context\":\"https:\\\/\\\/schema.org\",\"@graph\":[{\"@type\":\"WebPage\",\"@id\":\"https:\\\/\\\/www.upjs.sk\\\/fakulta-verejnej-spravy\\\/medzinarodne-vztahy\\\/12487-2\\\/\",\"url\":\"https:\\\/\\\/www.upjs.sk\\\/fakulta-verejnej-spravy\\\/medzinarodne-vztahy\\\/12487-2\\\/\",\"name\":\"V\u00fdberov\u00e9 konanie pre Erasmus+ - \u0161t\u00fadium 2017\\\/2018 - Fakulta verejnej spr\u00e1vy | UPJ\u0160\",\"isPartOf\":{\"@id\":\"https:\\\/\\\/www.upjs.sk\\\/fakulta-verejnej-spravy\\\/#website\"},\"primaryImageOfPage\":{\"@id\":\"https:\\\/\\\/www.upjs.sk\\\/fakulta-verejnej-spravy\\\/medzinarodne-vztahy\\\/12487-2\\\/#primaryimage\"},\"image\":{\"@id\":\"https:\\\/\\\/www.upjs.sk\\\/fakulta-verejnej-spravy\\\/medzinarodne-vztahy\\\/12487-2\\\/#primaryimage\"},\"thumbnailUrl\":\"https:\\\/\\\/www.upjs.sk\\\/app\\\/uploads\\\/sites\\\/12\\\/2022\\\/09\\\/Vysledky-E-studium_1718-scaled.jpg\",\"datePublished\":\"2018-07-03T13:21:35+00:00\",\"dateModified\":\"2022-10-19T13:55:31+00:00\",\"breadcrumb\":{\"@id\":\"https:\\\/\\\/www.upjs.sk\\\/fakulta-verejnej-spravy\\\/medzinarodne-vztahy\\\/12487-2\\\/#breadcrumb\"},\"inLanguage\":\"sk-SK\",\"potentialAction\":[{\"@type\":\"ReadAction\",\"target\":[\"https:\\\/\\\/www.upjs.sk\\\/fakulta-verejnej-spravy\\\/medzinarodne-vztahy\\\/12487-2\\\/\"]}]},{\"@type\":\"ImageObject\",\"inLanguage\":\"sk-SK\",\"@id\":\"https:\\\/\\\/www.upjs.sk\\\/fakulta-verejnej-spravy\\\/medzinarodne-vztahy\\\/12487-2\\\/#primaryimage\",\"url\":\"https:\\\/\\\/www.upjs.sk\\\/app\\\/uploads\\\/sites\\\/12\\\/2022\\\/09\\\/Vysledky-E-studium_1718-scaled.jpg\",\"contentUrl\":\"https:\\\/\\\/www.upjs.sk\\\/app\\\/uploads\\\/sites\\\/12\\\/2022\\\/09\\\/Vysledky-E-studium_1718-scaled.jpg\",\"width\":2560,\"height\":1804,\"caption\":\"12487\"},{\"@type\":\"BreadcrumbList\",\"@id\":\"https:\\\/\\\/www.upjs.sk\\\/fakulta-verejnej-spravy\\\/medzinarodne-vztahy\\\/12487-2\\\/#breadcrumb\",\"itemListElement\":[{\"@type\":\"ListItem\",\"position\":1,\"name\":\"Home\",\"item\":\"https:\\\/\\\/www.upjs.sk\\\/fakulta-verejnej-spravy\\\/\"},{\"@type\":\"ListItem\",\"position\":2,\"name\":\"Medzin\u00e1rodn\u00e9 vz\u0165ahy\",\"item\":\"https:\\\/\\\/www.upjs.sk\\\/fakulta-verejnej-spravy\\\/medzinarodne-vztahy\\\/\"},{\"@type\":\"ListItem\",\"position\":3,\"name\":\"V\u00fdberov\u00e9 konanie pre Erasmus+ &#8211; \u0161t\u00fadium 2017\\\/2018\"}]},{\"@type\":\"WebSite\",\"@id\":\"https:\\\/\\\/www.upjs.sk\\\/fakulta-verejnej-spravy\\\/#website\",\"url\":\"https:\\\/\\\/www.upjs.sk\\\/fakulta-verejnej-spravy\\\/\",\"name\":\"Fakulta verejnej spr\u00e1vy | UPJ\u0160\",\"description\":\"\",\"publisher\":{\"@id\":\"https:\\\/\\\/www.upjs.sk\\\/fakulta-verejnej-spravy\\\/#organization\"},\"potentialAction\":[{\"@type\":\"SearchAction\",\"target\":{\"@type\":\"EntryPoint\",\"urlTemplate\":\"https:\\\/\\\/www.upjs.sk\\\/fakulta-verejnej-spravy\\\/?s={search_term_string}\"},\"query-input\":{\"@type\":\"PropertyValueSpecification\",\"valueRequired\":true,\"valueName\":\"search_term_string\"}}],\"inLanguage\":\"sk-SK\"},{\"@type\":\"Organization\",\"@id\":\"https:\\\/\\\/www.upjs.sk\\\/fakulta-verejnej-spravy\\\/#organization\",\"name\":\"Fakulta verejnej spr\u00e1vy | UPJ\u0160\",\"url\":\"https:\\\/\\\/www.upjs.sk\\\/fakulta-verejnej-spravy\\\/\",\"logo\":{\"@type\":\"ImageObject\",\"inLanguage\":\"sk-SK\",\"@id\":\"https:\\\/\\\/www.upjs.sk\\\/fakulta-verejnej-spravy\\\/#\\\/schema\\\/logo\\\/image\\\/\",\"url\":\"https:\\\/\\\/www.upjs.sk\\\/app\\\/uploads\\\/sites\\\/12\\\/2022\\\/09\\\/logo-verejnej-spravy-fakulta.png\",\"contentUrl\":\"https:\\\/\\\/www.upjs.sk\\\/app\\\/uploads\\\/sites\\\/12\\\/2022\\\/09\\\/logo-verejnej-spravy-fakulta.png\",\"width\":415,\"height\":87,\"caption\":\"Fakulta verejnej spr\u00e1vy | UPJ\u0160\"},\"image\":{\"@id\":\"https:\\\/\\\/www.upjs.sk\\\/fakulta-verejnej-spravy\\\/#\\\/schema\\\/logo\\\/image\\\/\"}}]}<\/script>\n<!-- \/ Yoast SEO plugin. -->","yoast_head_json":{"title":"V\u00fdberov\u00e9 konanie pre Erasmus+ - \u0161t\u00fadium 2017\/2018 - Fakulta verejnej spr\u00e1vy | UPJ\u0160","robots":{"index":"index","follow":"follow","max-snippet":"max-snippet:-1","max-image-preview":"max-image-preview:large","max-video-preview":"max-video-preview:-1"},"canonical":"https:\/\/www.upjs.sk\/fakulta-verejnej-spravy\/medzinarodne-vztahy\/12487-2\/","og_locale":"sk_SK","og_type":"article","og_title":"V\u00fdberov\u00e9 konanie pre Erasmus+ - \u0161t\u00fadium 2017\/2018 - Fakulta verejnej spr\u00e1vy | UPJ\u0160","og_description":"\u00a0 V\u00fdberov\u00e9 konanie pre Erasmus+ &#8211; \u0161t\u00fadium 2017\/2018 D\u00e1tum konania:\u00a0\u00a0\u00a0\u00a0\u00a0\u00a0\u00a0\u00a0 \u00a0\u00a0\u00a0\u00a08. 3. 2017 (streda) Miestnos\u0165: \u00a0\u00a0\u00a0\u00a0\u00a0\u00a0\u00a0\u00a0\u00a0\u00a0\u00a0\u00a0\u00a0\u00a0\u00a0\u00a0 \u00a0\u00a0\u00a0\u00a0427 \u010cas:\u00a0\u00a0\u00a0\u00a0\u00a0\u00a0\u00a0\u00a0\u00a0\u00a0\u00a0\u00a0\u00a0\u00a0\u00a0\u00a0\u00a0\u00a0\u00a0\u00a0\u00a0\u00a0\u00a0\u00a0\u00a0\u00a0\u00a0\u00a0\u00a0\u00a0\u00a0\u00a013:00 hod. Term\u00edn odovzdania prihl\u00e1\u0161ky (vr\u00e1tane pr\u00edloh) na Refer\u00e1te pre doktorandsk\u00e9 \u0161t\u00fadium, vedeckov\u00fdskumn\u00fa \u010dinnos\u0165 a rozvoj (I. poschodie, \u010d. miestnosti 114) do \u00a03. 3. 2017 do 14:00 hod. S\u00fa\u010dasti prihl\u00e1\u0161ky: 1. Vyplnen\u00e1 a podp\u00edsan\u00e1 prihl\u00e1\u0161ka 2. \u017divotopis v &hellip; \u010c\u00edta\u0165 \u010falej","og_url":"https:\/\/www.upjs.sk\/fakulta-verejnej-spravy\/medzinarodne-vztahy\/12487-2\/","og_site_name":"Fakulta verejnej spr\u00e1vy | UPJ\u0160","article_modified_time":"2022-10-19T13:55:31+00:00","og_image":[{"width":2560,"height":1804,"url":"https:\/\/www.upjs.sk\/app\/uploads\/sites\/12\/2022\/09\/Vysledky-E-studium_1718-scaled.jpg","type":"image\/jpeg"}],"twitter_card":"summary_large_image","schema":{"@context":"https:\/\/schema.org","@graph":[{"@type":"WebPage","@id":"https:\/\/www.upjs.sk\/fakulta-verejnej-spravy\/medzinarodne-vztahy\/12487-2\/","url":"https:\/\/www.upjs.sk\/fakulta-verejnej-spravy\/medzinarodne-vztahy\/12487-2\/","name":"V\u00fdberov\u00e9 konanie pre Erasmus+ - \u0161t\u00fadium 2017\/2018 - Fakulta verejnej spr\u00e1vy | UPJ\u0160","isPartOf":{"@id":"https:\/\/www.upjs.sk\/fakulta-verejnej-spravy\/#website"},"primaryImageOfPage":{"@id":"https:\/\/www.upjs.sk\/fakulta-verejnej-spravy\/medzinarodne-vztahy\/12487-2\/#primaryimage"},"image":{"@id":"https:\/\/www.upjs.sk\/fakulta-verejnej-spravy\/medzinarodne-vztahy\/12487-2\/#primaryimage"},"thumbnailUrl":"https:\/\/www.upjs.sk\/app\/uploads\/sites\/12\/2022\/09\/Vysledky-E-studium_1718-scaled.jpg","datePublished":"2018-07-03T13:21:35+00:00","dateModified":"2022-10-19T13:55:31+00:00","breadcrumb":{"@id":"https:\/\/www.upjs.sk\/fakulta-verejnej-spravy\/medzinarodne-vztahy\/12487-2\/#breadcrumb"},"inLanguage":"sk-SK","potentialAction":[{"@type":"ReadAction","target":["https:\/\/www.upjs.sk\/fakulta-verejnej-spravy\/medzinarodne-vztahy\/12487-2\/"]}]},{"@type":"ImageObject","inLanguage":"sk-SK","@id":"https:\/\/www.upjs.sk\/fakulta-verejnej-spravy\/medzinarodne-vztahy\/12487-2\/#primaryimage","url":"https:\/\/www.upjs.sk\/app\/uploads\/sites\/12\/2022\/09\/Vysledky-E-studium_1718-scaled.jpg","contentUrl":"https:\/\/www.upjs.sk\/app\/uploads\/sites\/12\/2022\/09\/Vysledky-E-studium_1718-scaled.jpg","width":2560,"height":1804,"caption":"12487"},{"@type":"BreadcrumbList","@id":"https:\/\/www.upjs.sk\/fakulta-verejnej-spravy\/medzinarodne-vztahy\/12487-2\/#breadcrumb","itemListElement":[{"@type":"ListItem","position":1,"name":"Home","item":"https:\/\/www.upjs.sk\/fakulta-verejnej-spravy\/"},{"@type":"ListItem","position":2,"name":"Medzin\u00e1rodn\u00e9 vz\u0165ahy","item":"https:\/\/www.upjs.sk\/fakulta-verejnej-spravy\/medzinarodne-vztahy\/"},{"@type":"ListItem","position":3,"name":"V\u00fdberov\u00e9 konanie pre Erasmus+ &#8211; \u0161t\u00fadium 2017\/2018"}]},{"@type":"WebSite","@id":"https:\/\/www.upjs.sk\/fakulta-verejnej-spravy\/#website","url":"https:\/\/www.upjs.sk\/fakulta-verejnej-spravy\/","name":"Fakulta verejnej spr\u00e1vy | UPJ\u0160","description":"","publisher":{"@id":"https:\/\/www.upjs.sk\/fakulta-verejnej-spravy\/#organization"},"potentialAction":[{"@type":"SearchAction","target":{"@type":"EntryPoint","urlTemplate":"https:\/\/www.upjs.sk\/fakulta-verejnej-spravy\/?s={search_term_string}"},"query-input":{"@type":"PropertyValueSpecification","valueRequired":true,"valueName":"search_term_string"}}],"inLanguage":"sk-SK"},{"@type":"Organization","@id":"https:\/\/www.upjs.sk\/fakulta-verejnej-spravy\/#organization","name":"Fakulta verejnej spr\u00e1vy | UPJ\u0160","url":"https:\/\/www.upjs.sk\/fakulta-verejnej-spravy\/","logo":{"@type":"ImageObject","inLanguage":"sk-SK","@id":"https:\/\/www.upjs.sk\/fakulta-verejnej-spravy\/#\/schema\/logo\/image\/","url":"https:\/\/www.upjs.sk\/app\/uploads\/sites\/12\/2022\/09\/logo-verejnej-spravy-fakulta.png","contentUrl":"https:\/\/www.upjs.sk\/app\/uploads\/sites\/12\/2022\/09\/logo-verejnej-spravy-fakulta.png","width":415,"height":87,"caption":"Fakulta verejnej spr\u00e1vy | UPJ\u0160"},"image":{"@id":"https:\/\/www.upjs.sk\/fakulta-verejnej-spravy\/#\/schema\/logo\/image\/"}}]}},"_links":{"self":[{"href":"https:\/\/www.upjs.sk\/fakulta-verejnej-spravy\/wp-json\/wp\/v2\/pages\/13621","targetHints":{"allow":["GET"]}}],"collection":[{"href":"https:\/\/www.upjs.sk\/fakulta-verejnej-spravy\/wp-json\/wp\/v2\/pages"}],"about":[{"href":"https:\/\/www.upjs.sk\/fakulta-verejnej-spravy\/wp-json\/wp\/v2\/types\/page"}],"author":[{"embeddable":true,"href":"https:\/\/www.upjs.sk\/fakulta-verejnej-spravy\/wp-json\/wp\/v2\/users\/1"}],"replies":[{"embeddable":true,"href":"https:\/\/www.upjs.sk\/fakulta-verejnej-spravy\/wp-json\/wp\/v2\/comments?post=13621"}],"version-history":[{"count":1,"href":"https:\/\/www.upjs.sk\/fakulta-verejnej-spravy\/wp-json\/wp\/v2\/pages\/13621\/revisions"}],"predecessor-version":[{"id":14711,"href":"https:\/\/www.upjs.sk\/fakulta-verejnej-spravy\/wp-json\/wp\/v2\/pages\/13621\/revisions\/14711"}],"up":[{"embeddable":true,"href":"https:\/\/www.upjs.sk\/fakulta-verejnej-spravy\/wp-json\/wp\/v2\/pages\/12952"}],"wp:featuredmedia":[{"embeddable":true,"href":"https:\/\/www.upjs.sk\/fakulta-verejnej-spravy\/wp-json\/wp\/v2\/media\/13622"}],"wp:attachment":[{"href":"https:\/\/www.upjs.sk\/fakulta-verejnej-spravy\/wp-json\/wp\/v2\/media?parent=13621"}],"wp:term":[{"taxonomy":"category","embeddable":true,"href":"https:\/\/www.upjs.sk\/fakulta-verejnej-spravy\/wp-json\/wp\/v2\/categories?post=13621"},{"taxonomy":"post_tag","embeddable":true,"href":"https:\/\/www.upjs.sk\/fakulta-verejnej-spravy\/wp-json\/wp\/v2\/tags?post=13621"}],"curies":[{"name":"wp","href":"https:\/\/api.w.org\/{rel}","templated":true}]}}