{"id":13632,"date":"2016-12-21T14:22:57","date_gmt":"2016-12-21T14:22:57","guid":{"rendered":"https:\/\/www.upjs.sk\/fakulta-verejnej-spravy\/zahranicne-vztahy\/15004-2\/"},"modified":"2022-10-19T13:55:31","modified_gmt":"2022-10-19T13:55:31","slug":"15004-2","status":"publish","type":"page","link":"https:\/\/www.upjs.sk\/fakulta-verejnej-spravy\/medzinarodne-vztahy\/15004-2\/","title":{"rendered":"Prihl\u00e1\u0161ka na v\u00fdberov\u00e9 konanie Erasmus+ 2017\/2018"},"content":{"rendered":"<p align=\"center\"><a name=\"_top\"><\/a><strong><u>Prihl\u00e1\u0161ka na v\u00fdberov\u00e9 konanie v\u00a0r\u00e1mci programu Erasmus+\u00a0 <\/u><\/strong><\/p>\n<p align=\"center\"><strong><u>\u0161t\u00fadium v\u00a0ak. roku 2017\/2018<\/u><\/strong><\/p>\n<p>\u00a0<\/p>\n<p><strong>Priezvisko a\u00a0meno uch\u00e1dza\u010da:<\/strong><\/p>\n<p>\u00a0<\/p>\n<p><strong>\u0160tudijn\u00fd program:<\/strong><\/p>\n<p>\u2610 Verejn\u00e1 spr\u00e1va \u2013 bakal\u00e1rsky stupe\u0148 \u0161t\u00fadia<\/p>\n<p>\u2610 Eur\u00f3pska verejn\u00e1 spr\u00e1va \u2013 bakal\u00e1rsky stupe\u0148 \u0161t\u00fadia<\/p>\n<p>\u2610 Verejn\u00e1 spr\u00e1va \u2013 magistersk\u00fd stupe\u0148 \u0161t\u00fadia<\/p>\n<p>\u2610 Eur\u00f3pska verejn\u00e1 spr\u00e1va \u2013 magistersk\u00fd stupe\u0148 \u0161t\u00fadia<\/p>\n<p>\u2610 Verejn\u00e1 politika a verejn\u00e1 spr\u00e1va v strednej Eur\u00f3pe<\/p>\n<p>\u00a0\u00a0\u00a0\u00a0 -joint degree \u2013 magistersk\u00fd stupe\u0148\u00a0\u00a0 \u0161t\u00fadia<\/p>\n<p>\u2610 Verejn\u00e1 politika a verejn\u00e1 spr\u00e1va \u2013 doktorandsk\u00fd stupe\u0148 \u0161t\u00fadia<\/p>\n<p><strong>Aktu\u00e1lny rok \u0161t\u00fadia:<\/strong><\/p>\n<p>\u2610 1.<\/p>\n<p>\u2610 2.<\/p>\n<p>\u2610 3.<\/p>\n<p><strong>Ozna\u010dte univerzitu, na ktorej pl\u00e1nujete absolvova\u0165 mobilitu (v prvom okienku za\u0161krtnite prim\u00e1rnu vo\u013ebu, v\u00a0druhom n\u00e1hradn\u00fa univerzitu):<\/strong><\/p>\n<p>\u00a0<\/p>\n<p>\u2610 \u2610<a href=\"http:\/\/panteionincoming.blogspot.sk\/\">Panteion University of Social and Political Sciences<\/a> (At\u00e9ny, Gr\u00e9cko)<\/p>\n<p>\u2610 \u2610<a href=\"http:\/\/www.bw.pwsz.legnica.edu.pl\/artykul-154-about_university-0\">The Witelon State University of Applied Sciences in Legnica<\/a> (Legnica, Po\u013esko)<\/p>\n<p>\u2610 \u2610<a href=\"http:\/\/www.kul.pl\/erasmus,272.html\">The John Paul II Catholic University of Lublin<\/a> (Lublin, Po\u013esko)<\/p>\n<p>\u2610 \u2610<a href=\"http:\/\/wsge.edu.pl\/\">Gospodarski\u00a0\u00a0 Euroregionalnej im.Alcide De Gasperi w Jozefowie\u00a0\u00a0\u00a0 <\/a>\u00a0(Jozefow,Po\u013esko)<\/p>\n<p>\u2610 \u2610<a href=\"http:\/\/www.wsiie.olsztyn.pl\/en\/international-cooperation\/erasmus-201415.html\">University of Computer Sciences and Economics in Olsztyn<\/a> (Olsztyn, Po\u013esko)<\/p>\n<p>\u2610 \u2610 <a href=\"http:\/\/www.go-poland.pl\/university\/pedagogical-university-cracow\">Pedagogical University of Cracow <\/a>\u00a0(Krakow, Po\u013esko)<\/p>\n<p>\u2610 \u2610<a href=\"http:\/\/ects.adu.edu.tr\/index.asp\">Adnan Menderes University\u00a0 <\/a>(Aydin, Turecko)<\/p>\n<p>\u2610 \u2610<a href=\"http:\/\/www.slu.cz\/slu\/cz\/veda-a-zahranicni-styky\/erasmus\">Silesian University in Opava <\/a>\u00a0(Opava, \u010cesk\u00e1 republika)<\/p>\n<p>\u2610 \u2610<a href=\"http:\/\/www.mup.cz\/en\/\">Metropolitan University Praque<\/a> (Praha, \u010cesk\u00e1 republika)<\/p>\n<p>\u2610 \u2610<a href=\"https:\/\/www.vsb.cz\/9230\/en\/incoming-students\/erasmus-plus-programme\/\">Technick\u00e1 univerzita v Ostrave<\/a> (Ostrava, \u010cesk\u00e1 republika)<\/p>\n<p><u>\u2610<\/u> \u2610<a href=\"http:\/\/en.uni-nke.hu\/\">National University of Public Service<\/a> (Budapest, Ma\u010farsko)<\/p>\n<p>\u00a0<\/p>\n<p>\u00a0<\/p>\n<p><strong>Ozna\u010dte semester akademick\u00e9ho roka v\u00a0ktorom pl\u00e1nujete absolvova\u0165 mobilitu:<\/strong><\/p>\n<p>\u2610 zimn\u00fd<\/p>\n<p>\u2610 letn\u00fd<\/p>\n<p>\u00a0<\/p>\n<p>V\u00a0Ko\u0161iciach, d\u0148a:&#8230;&#8230;&#8230;&#8230;&#8230;&#8230;&#8230;&#8230;&#8230;&#8230;&#8230;&#8230;.<\/p>\n<p>\u00a0<\/p>\n<p>Podpis \u0161tudenta:&#8230;&#8230;&#8230;&#8230;&#8230;&#8230;&#8230;&#8230;&#8230;&#8230;&#8230;&#8230;<\/p>\n<p>\u00a0<\/p>\n","protected":false},"excerpt":{"rendered":"<p>Prihl\u00e1\u0161ka na v\u00fdberov\u00e9 konanie v\u00a0r\u00e1mci programu Erasmus+\u00a0 \u0161t\u00fadium v\u00a0ak. roku 2017\/2018 \u00a0 Priezvisko a\u00a0meno uch\u00e1dza\u010da: \u00a0 \u0160tudijn\u00fd program: \u2610 Verejn\u00e1 spr\u00e1va \u2013 bakal\u00e1rsky stupe\u0148 \u0161t\u00fadia \u2610 Eur\u00f3pska verejn\u00e1 spr\u00e1va \u2013 bakal\u00e1rsky stupe\u0148 \u0161t\u00fadia \u2610 Verejn\u00e1 spr\u00e1va \u2013 magistersk\u00fd stupe\u0148 \u0161t\u00fadia \u2610 Eur\u00f3pska verejn\u00e1 spr\u00e1va \u2013 magistersk\u00fd stupe\u0148 \u0161t\u00fadia \u2610 Verejn\u00e1 politika a verejn\u00e1 spr\u00e1va v &hellip; <a href=\"https:\/\/www.upjs.sk\/fakulta-verejnej-spravy\/medzinarodne-vztahy\/15004-2\/\">\u010c\u00edta\u0165 \u010falej<\/a><\/p>\n","protected":false},"author":1,"featured_media":0,"parent":12952,"menu_order":24,"comment_status":"closed","ping_status":"closed","template":"","meta":{"_acf_changed":false,"_editorskit_title_hidden":false,"_editorskit_reading_time":0,"_editorskit_is_block_options_detached":false,"_editorskit_block_options_position":"{}","footnotes":""},"categories":[],"tags":[],"class_list":["post-13632","page","type-page","status-publish","hentry"],"acf":{"acf_link_na_externy_obsah":""},"yoast_head":"<!-- This site is optimized with the Yoast SEO plugin v27.4 - https:\/\/yoast.com\/product\/yoast-seo-wordpress\/ -->\n<title>Prihl\u00e1\u0161ka na v\u00fdberov\u00e9 konanie Erasmus+ 2017\/2018 - Fakulta verejnej spr\u00e1vy | UPJ\u0160<\/title>\n<meta name=\"robots\" content=\"index, follow, max-snippet:-1, max-image-preview:large, max-video-preview:-1\" \/>\n<link rel=\"canonical\" href=\"https:\/\/www.upjs.sk\/fakulta-verejnej-spravy\/medzinarodne-vztahy\/15004-2\/\" \/>\n<meta property=\"og:locale\" content=\"sk_SK\" \/>\n<meta property=\"og:type\" content=\"article\" \/>\n<meta property=\"og:title\" content=\"Prihl\u00e1\u0161ka na v\u00fdberov\u00e9 konanie Erasmus+ 2017\/2018 - Fakulta verejnej spr\u00e1vy | UPJ\u0160\" \/>\n<meta property=\"og:description\" content=\"Prihl\u00e1\u0161ka na v\u00fdberov\u00e9 konanie v\u00a0r\u00e1mci programu Erasmus+\u00a0 \u0161t\u00fadium v\u00a0ak. roku 2017\/2018 \u00a0 Priezvisko a\u00a0meno uch\u00e1dza\u010da: \u00a0 \u0160tudijn\u00fd program: \u2610 Verejn\u00e1 spr\u00e1va \u2013 bakal\u00e1rsky stupe\u0148 \u0161t\u00fadia \u2610 Eur\u00f3pska verejn\u00e1 spr\u00e1va \u2013 bakal\u00e1rsky stupe\u0148 \u0161t\u00fadia \u2610 Verejn\u00e1 spr\u00e1va \u2013 magistersk\u00fd stupe\u0148 \u0161t\u00fadia \u2610 Eur\u00f3pska verejn\u00e1 spr\u00e1va \u2013 magistersk\u00fd stupe\u0148 \u0161t\u00fadia \u2610 Verejn\u00e1 politika a verejn\u00e1 spr\u00e1va v &hellip; \u010c\u00edta\u0165 \u010falej\" \/>\n<meta property=\"og:url\" content=\"https:\/\/www.upjs.sk\/fakulta-verejnej-spravy\/medzinarodne-vztahy\/15004-2\/\" \/>\n<meta property=\"og:site_name\" content=\"Fakulta verejnej spr\u00e1vy | UPJ\u0160\" \/>\n<meta property=\"article:modified_time\" content=\"2022-10-19T13:55:31+00:00\" \/>\n<meta name=\"twitter:card\" content=\"summary_large_image\" \/>\n<meta name=\"twitter:label1\" content=\"Predpokladan\u00fd \u010das \u010d\u00edtania\" \/>\n\t<meta name=\"twitter:data1\" content=\"1 min\u00fata\" \/>\n<script type=\"application\/ld+json\" class=\"yoast-schema-graph\">{\"@context\":\"https:\\\/\\\/schema.org\",\"@graph\":[{\"@type\":\"WebPage\",\"@id\":\"https:\\\/\\\/www.upjs.sk\\\/fakulta-verejnej-spravy\\\/medzinarodne-vztahy\\\/15004-2\\\/\",\"url\":\"https:\\\/\\\/www.upjs.sk\\\/fakulta-verejnej-spravy\\\/medzinarodne-vztahy\\\/15004-2\\\/\",\"name\":\"Prihl\u00e1\u0161ka na v\u00fdberov\u00e9 konanie Erasmus+ 2017\\\/2018 - Fakulta verejnej spr\u00e1vy | UPJ\u0160\",\"isPartOf\":{\"@id\":\"https:\\\/\\\/www.upjs.sk\\\/fakulta-verejnej-spravy\\\/#website\"},\"datePublished\":\"2016-12-21T14:22:57+00:00\",\"dateModified\":\"2022-10-19T13:55:31+00:00\",\"breadcrumb\":{\"@id\":\"https:\\\/\\\/www.upjs.sk\\\/fakulta-verejnej-spravy\\\/medzinarodne-vztahy\\\/15004-2\\\/#breadcrumb\"},\"inLanguage\":\"sk-SK\",\"potentialAction\":[{\"@type\":\"ReadAction\",\"target\":[\"https:\\\/\\\/www.upjs.sk\\\/fakulta-verejnej-spravy\\\/medzinarodne-vztahy\\\/15004-2\\\/\"]}]},{\"@type\":\"BreadcrumbList\",\"@id\":\"https:\\\/\\\/www.upjs.sk\\\/fakulta-verejnej-spravy\\\/medzinarodne-vztahy\\\/15004-2\\\/#breadcrumb\",\"itemListElement\":[{\"@type\":\"ListItem\",\"position\":1,\"name\":\"Home\",\"item\":\"https:\\\/\\\/www.upjs.sk\\\/fakulta-verejnej-spravy\\\/\"},{\"@type\":\"ListItem\",\"position\":2,\"name\":\"Medzin\u00e1rodn\u00e9 vz\u0165ahy\",\"item\":\"https:\\\/\\\/www.upjs.sk\\\/fakulta-verejnej-spravy\\\/medzinarodne-vztahy\\\/\"},{\"@type\":\"ListItem\",\"position\":3,\"name\":\"Prihl\u00e1\u0161ka na v\u00fdberov\u00e9 konanie Erasmus+ 2017\\\/2018\"}]},{\"@type\":\"WebSite\",\"@id\":\"https:\\\/\\\/www.upjs.sk\\\/fakulta-verejnej-spravy\\\/#website\",\"url\":\"https:\\\/\\\/www.upjs.sk\\\/fakulta-verejnej-spravy\\\/\",\"name\":\"Fakulta verejnej spr\u00e1vy | UPJ\u0160\",\"description\":\"\",\"publisher\":{\"@id\":\"https:\\\/\\\/www.upjs.sk\\\/fakulta-verejnej-spravy\\\/#organization\"},\"potentialAction\":[{\"@type\":\"SearchAction\",\"target\":{\"@type\":\"EntryPoint\",\"urlTemplate\":\"https:\\\/\\\/www.upjs.sk\\\/fakulta-verejnej-spravy\\\/?s={search_term_string}\"},\"query-input\":{\"@type\":\"PropertyValueSpecification\",\"valueRequired\":true,\"valueName\":\"search_term_string\"}}],\"inLanguage\":\"sk-SK\"},{\"@type\":\"Organization\",\"@id\":\"https:\\\/\\\/www.upjs.sk\\\/fakulta-verejnej-spravy\\\/#organization\",\"name\":\"Fakulta verejnej spr\u00e1vy | UPJ\u0160\",\"url\":\"https:\\\/\\\/www.upjs.sk\\\/fakulta-verejnej-spravy\\\/\",\"logo\":{\"@type\":\"ImageObject\",\"inLanguage\":\"sk-SK\",\"@id\":\"https:\\\/\\\/www.upjs.sk\\\/fakulta-verejnej-spravy\\\/#\\\/schema\\\/logo\\\/image\\\/\",\"url\":\"https:\\\/\\\/www.upjs.sk\\\/app\\\/uploads\\\/sites\\\/12\\\/2022\\\/09\\\/logo-verejnej-spravy-fakulta.png\",\"contentUrl\":\"https:\\\/\\\/www.upjs.sk\\\/app\\\/uploads\\\/sites\\\/12\\\/2022\\\/09\\\/logo-verejnej-spravy-fakulta.png\",\"width\":415,\"height\":87,\"caption\":\"Fakulta verejnej spr\u00e1vy | UPJ\u0160\"},\"image\":{\"@id\":\"https:\\\/\\\/www.upjs.sk\\\/fakulta-verejnej-spravy\\\/#\\\/schema\\\/logo\\\/image\\\/\"}}]}<\/script>\n<!-- \/ Yoast SEO plugin. -->","yoast_head_json":{"title":"Prihl\u00e1\u0161ka na v\u00fdberov\u00e9 konanie Erasmus+ 2017\/2018 - Fakulta verejnej spr\u00e1vy | UPJ\u0160","robots":{"index":"index","follow":"follow","max-snippet":"max-snippet:-1","max-image-preview":"max-image-preview:large","max-video-preview":"max-video-preview:-1"},"canonical":"https:\/\/www.upjs.sk\/fakulta-verejnej-spravy\/medzinarodne-vztahy\/15004-2\/","og_locale":"sk_SK","og_type":"article","og_title":"Prihl\u00e1\u0161ka na v\u00fdberov\u00e9 konanie Erasmus+ 2017\/2018 - Fakulta verejnej spr\u00e1vy | UPJ\u0160","og_description":"Prihl\u00e1\u0161ka na v\u00fdberov\u00e9 konanie v\u00a0r\u00e1mci programu Erasmus+\u00a0 \u0161t\u00fadium v\u00a0ak. roku 2017\/2018 \u00a0 Priezvisko a\u00a0meno uch\u00e1dza\u010da: \u00a0 \u0160tudijn\u00fd program: \u2610 Verejn\u00e1 spr\u00e1va \u2013 bakal\u00e1rsky stupe\u0148 \u0161t\u00fadia \u2610 Eur\u00f3pska verejn\u00e1 spr\u00e1va \u2013 bakal\u00e1rsky stupe\u0148 \u0161t\u00fadia \u2610 Verejn\u00e1 spr\u00e1va \u2013 magistersk\u00fd stupe\u0148 \u0161t\u00fadia \u2610 Eur\u00f3pska verejn\u00e1 spr\u00e1va \u2013 magistersk\u00fd stupe\u0148 \u0161t\u00fadia \u2610 Verejn\u00e1 politika a verejn\u00e1 spr\u00e1va v &hellip; \u010c\u00edta\u0165 \u010falej","og_url":"https:\/\/www.upjs.sk\/fakulta-verejnej-spravy\/medzinarodne-vztahy\/15004-2\/","og_site_name":"Fakulta verejnej spr\u00e1vy | UPJ\u0160","article_modified_time":"2022-10-19T13:55:31+00:00","twitter_card":"summary_large_image","twitter_misc":{"Predpokladan\u00fd \u010das \u010d\u00edtania":"1 min\u00fata"},"schema":{"@context":"https:\/\/schema.org","@graph":[{"@type":"WebPage","@id":"https:\/\/www.upjs.sk\/fakulta-verejnej-spravy\/medzinarodne-vztahy\/15004-2\/","url":"https:\/\/www.upjs.sk\/fakulta-verejnej-spravy\/medzinarodne-vztahy\/15004-2\/","name":"Prihl\u00e1\u0161ka na v\u00fdberov\u00e9 konanie Erasmus+ 2017\/2018 - Fakulta verejnej spr\u00e1vy | UPJ\u0160","isPartOf":{"@id":"https:\/\/www.upjs.sk\/fakulta-verejnej-spravy\/#website"},"datePublished":"2016-12-21T14:22:57+00:00","dateModified":"2022-10-19T13:55:31+00:00","breadcrumb":{"@id":"https:\/\/www.upjs.sk\/fakulta-verejnej-spravy\/medzinarodne-vztahy\/15004-2\/#breadcrumb"},"inLanguage":"sk-SK","potentialAction":[{"@type":"ReadAction","target":["https:\/\/www.upjs.sk\/fakulta-verejnej-spravy\/medzinarodne-vztahy\/15004-2\/"]}]},{"@type":"BreadcrumbList","@id":"https:\/\/www.upjs.sk\/fakulta-verejnej-spravy\/medzinarodne-vztahy\/15004-2\/#breadcrumb","itemListElement":[{"@type":"ListItem","position":1,"name":"Home","item":"https:\/\/www.upjs.sk\/fakulta-verejnej-spravy\/"},{"@type":"ListItem","position":2,"name":"Medzin\u00e1rodn\u00e9 vz\u0165ahy","item":"https:\/\/www.upjs.sk\/fakulta-verejnej-spravy\/medzinarodne-vztahy\/"},{"@type":"ListItem","position":3,"name":"Prihl\u00e1\u0161ka na v\u00fdberov\u00e9 konanie Erasmus+ 2017\/2018"}]},{"@type":"WebSite","@id":"https:\/\/www.upjs.sk\/fakulta-verejnej-spravy\/#website","url":"https:\/\/www.upjs.sk\/fakulta-verejnej-spravy\/","name":"Fakulta verejnej spr\u00e1vy | UPJ\u0160","description":"","publisher":{"@id":"https:\/\/www.upjs.sk\/fakulta-verejnej-spravy\/#organization"},"potentialAction":[{"@type":"SearchAction","target":{"@type":"EntryPoint","urlTemplate":"https:\/\/www.upjs.sk\/fakulta-verejnej-spravy\/?s={search_term_string}"},"query-input":{"@type":"PropertyValueSpecification","valueRequired":true,"valueName":"search_term_string"}}],"inLanguage":"sk-SK"},{"@type":"Organization","@id":"https:\/\/www.upjs.sk\/fakulta-verejnej-spravy\/#organization","name":"Fakulta verejnej spr\u00e1vy | UPJ\u0160","url":"https:\/\/www.upjs.sk\/fakulta-verejnej-spravy\/","logo":{"@type":"ImageObject","inLanguage":"sk-SK","@id":"https:\/\/www.upjs.sk\/fakulta-verejnej-spravy\/#\/schema\/logo\/image\/","url":"https:\/\/www.upjs.sk\/app\/uploads\/sites\/12\/2022\/09\/logo-verejnej-spravy-fakulta.png","contentUrl":"https:\/\/www.upjs.sk\/app\/uploads\/sites\/12\/2022\/09\/logo-verejnej-spravy-fakulta.png","width":415,"height":87,"caption":"Fakulta verejnej spr\u00e1vy | UPJ\u0160"},"image":{"@id":"https:\/\/www.upjs.sk\/fakulta-verejnej-spravy\/#\/schema\/logo\/image\/"}}]}},"_links":{"self":[{"href":"https:\/\/www.upjs.sk\/fakulta-verejnej-spravy\/wp-json\/wp\/v2\/pages\/13632","targetHints":{"allow":["GET"]}}],"collection":[{"href":"https:\/\/www.upjs.sk\/fakulta-verejnej-spravy\/wp-json\/wp\/v2\/pages"}],"about":[{"href":"https:\/\/www.upjs.sk\/fakulta-verejnej-spravy\/wp-json\/wp\/v2\/types\/page"}],"author":[{"embeddable":true,"href":"https:\/\/www.upjs.sk\/fakulta-verejnej-spravy\/wp-json\/wp\/v2\/users\/1"}],"replies":[{"embeddable":true,"href":"https:\/\/www.upjs.sk\/fakulta-verejnej-spravy\/wp-json\/wp\/v2\/comments?post=13632"}],"version-history":[{"count":1,"href":"https:\/\/www.upjs.sk\/fakulta-verejnej-spravy\/wp-json\/wp\/v2\/pages\/13632\/revisions"}],"predecessor-version":[{"id":14713,"href":"https:\/\/www.upjs.sk\/fakulta-verejnej-spravy\/wp-json\/wp\/v2\/pages\/13632\/revisions\/14713"}],"up":[{"embeddable":true,"href":"https:\/\/www.upjs.sk\/fakulta-verejnej-spravy\/wp-json\/wp\/v2\/pages\/12952"}],"wp:attachment":[{"href":"https:\/\/www.upjs.sk\/fakulta-verejnej-spravy\/wp-json\/wp\/v2\/media?parent=13632"}],"wp:term":[{"taxonomy":"category","embeddable":true,"href":"https:\/\/www.upjs.sk\/fakulta-verejnej-spravy\/wp-json\/wp\/v2\/categories?post=13632"},{"taxonomy":"post_tag","embeddable":true,"href":"https:\/\/www.upjs.sk\/fakulta-verejnej-spravy\/wp-json\/wp\/v2\/tags?post=13632"}],"curies":[{"name":"wp","href":"https:\/\/api.w.org\/{rel}","templated":true}]}}