{"id":13685,"date":"2019-02-09T17:02:12","date_gmt":"2019-02-09T17:02:12","guid":{"rendered":"https:\/\/www.upjs.sk\/fakulta-verejnej-spravy\/zahranicne-vztahy\/20170-2\/"},"modified":"2022-10-19T13:55:35","modified_gmt":"2022-10-19T13:55:35","slug":"20170-2","status":"publish","type":"page","link":"https:\/\/www.upjs.sk\/fakulta-verejnej-spravy\/medzinarodne-vztahy\/20170-2\/","title":{"rendered":"V\u00fdberov\u00e9 konanie 2019\/2020"},"content":{"rendered":"<p>\u00a0<\/p>\n<p><span style=\"font-size:16px\">Informa\u010dn\u00fd semin\u00e1r Erasmus+ \u0161t\u00fadium a st\u00e1\u017e 2019\/2020: <strong>21. 02. 2019 o 12:30<\/strong>, PA0P1 Posluch\u00e1re\u0148<\/span><\/p>\n<p><span style=\"font-size:16px\">V\u00fdberov\u00e9 konanie <\/span><span style=\"font-size:16px\">Erasmus+ \u0161t\u00fadium a st\u00e1\u017e 2019\/2020: <strong>11. 03. 2019 o 14:00<\/strong>, PA3S05 (miestnos\u0165 305)\u00a0<\/span><span style=\"font-size:16px\">\u00a0<\/span><\/p>\n<p>\u00a0<\/p>\n<p><span style=\"font-size:16px\">Prihl\u00e1\u0161ky do v\u00fdberov\u00e9ho konania na Erasmus+\u00a0<strong>\u0161t\u00fadium<\/strong>\u00a0a\u00a0<strong>st\u00e1\u017e<\/strong>\u00a0je mo\u017en\u00e9 pod\u00e1va\u0165 priebe\u017ene, a\u00a0to najnesk\u00f4r do \u010dasu konania v\u00fdberov\u00e9ho konania. \u00a0<\/span><\/p>\n<p>\u00a0<\/p>\n<p><span style=\"font-size:16px\"><strong>Inform\u00e1cie k\u00a0mobilite Erasmus+ \u0161t\u00fadium<\/strong><\/span><\/p>\n<p><span style=\"font-size:16px\">&#8211; mo\u017enos\u0165 vycestova\u0165 od druh\u00e9ho roku bakal\u00e1rskeho \u0161t\u00fadia<\/span><\/p>\n<p><span style=\"font-size:16px\">&#8211; trvanie 3 \u2013 12 mesiacov pre v\u0161etky stupne V\u0160 vzdel\u00e1vania<\/span><\/p>\n<p><span style=\"font-size:16px\">&#8211; ka\u017ed\u00fd \u0161tudent s\u00fahrne max. 12 mesiacov v\u00a0ka\u017edom stupni V\u0160 vzdel\u00e1vania<\/span><\/p>\n<p><span style=\"font-size:16px\">&#8211; \u0161tudenti, ktor\u00ed sa z\u00fa\u010dast\u0148uj\u00fa mobility po\u010das \u0161t\u00e1tnicov\u00e9ho ro\u010dn\u00edka, musia mobilitu ukon\u010di\u0165 pred \u0161t\u00e1tnicami\u00a0<\/span><\/p>\n<p><span style=\"font-size:16px\">&#8211; \u0161tudent mus\u00ed na zahrani\u010dnej univerzite z\u00edska\u0165 minim\u00e1lne 20 ECTS kreditov za semester\u00a0<\/span><\/p>\n<p><span style=\"font-size:16px\"><a href=\"https:\/\/www.upjs.sk\/fakulta-verejnej-spravy\/zahranicne-vztahy\/20169\/\" target=\"_blank\" rel=\"noopener\">Partnersk\u00e9 univerzity pre Erasmus+ \u0161t\u00fadium.\u00a0<\/a><\/span><\/p>\n<p><span style=\"font-size:16px\"><a href=\"https:\/\/www.upjs.sk\/univerzita\/cinnost\/medzinarodne-vztahy\/erasmus-plus\/KA103-SM-studium-zaujemci\/\" target=\"_blank\" rel=\"noopener\">\u010eal\u0161ie inform\u00e1cie<\/a><\/span><\/p>\n<p>\u00a0<\/p>\n<p><span style=\"font-size:16px\"><strong>Inform\u00e1cie k\u00a0mobilite Erasmus+ st\u00e1\u017e<\/strong><\/span><\/p>\n<p><span style=\"font-size:16px\">&#8211; trvanie 2 \u2013 12 mesiacov pre v\u0161etky stupne V\u0160 vzdel\u00e1vania<\/span><\/p>\n<p><span style=\"font-size:16px\">&#8211; ka\u017ed\u00fd \u0161tudent s\u00fahrne max. 12 mesiacov v\u00a0ka\u017edom stupni V\u0160 vzdel\u00e1vania<\/span><\/p>\n<p><span style=\"font-size:16px\">&#8211; obdobie realiz\u00e1cie pre akademick\u00fd rok 2018\/2019 je 1.6.2019\u00a0\u2013 30.5.2020<\/span><\/p>\n<p><span style=\"font-size:16px\">&#8211; potrebn\u00e9 dolo\u017ei\u0165 e-mailov\u00fa komunik\u00e1ciu s\u00a0in\u0161tit\u00faciou o\u00a0predbe\u017enom akceptovan\u00ed \u0161tudenta a\u00a0predpokladanom term\u00edne absolvovania st\u00e1\u017ee<\/span><\/p>\n<p><span style=\"font-size:16px\">&#8211; st\u00e1\u017e pre absolventov,\u00a0<\/span><span style=\"font-size:16px\">a to do 1 roka od ukon\u010denia \u0161t\u00fadia, pri\u010dom v\u00fdberov\u00e9 konanie mus\u00ed by\u0165 absolvovan\u00e9 e\u0161te po\u010das \u0161t\u00fadia<\/span><\/p>\n<p><span style=\"font-size:16px\">&#8211; leto 2019 st\u00e1\u017e v oblasti &#8222;digit\u00e1lnych zru\u010dnost\u00ed&#8220;\u00a0<\/span><\/p>\n<p><span style=\"font-size:16px\"><a href=\"https:\/\/www.upjs.sk\/univerzita\/cinnost\/medzinarodne-vztahy\/erasmus-plus\/KA103-SM-staz-zaujemci\/\" target=\"_blank\" rel=\"noopener\">\u010eal\u0161ie inform\u00e1cie<\/a><\/span><\/p>\n<p>\u00a0<\/p>\n<p><span style=\"font-size:16px\"><strong>Potrebn\u00e9 doklady na prihl\u00e1senie sa do v\u00fdberov\u00e9ho konania:<\/strong><\/span><\/p>\n<p><span style=\"font-size:16px\"><a href=\"\/public\/media\/20170\/Prihlaska - Erasmus studium, 19_20.docx\" target=\"_blank\" rel=\"noopener\">Prihl\u00e1\u0161ka \u0161t\u00fadium<\/a><\/span><\/p>\n<p><span style=\"font-size:16px\"><a href=\"\/public\/media\/20170\/Prihlaska - Erasmus staz, 19_20.docx\" target=\"_blank\" rel=\"noopener\">Prihl\u00e1\u0161ka st\u00e1\u017e<\/a><\/span><\/p>\n<p><span style=\"font-size:16px\"><a href=\"https:\/\/www.upjs.sk\/fakulta-verejnej-spravy\/zahranicne-vztahy\/4233\/\" target=\"_blank\" rel=\"noopener\">\u017divotopis<\/a>\u00a0v\u00a0slovenskom a\u00a0anglickom jazyku<\/span><\/p>\n<p>\u00a0<\/p>\n<p><span style=\"font-size:16px\"><strong>V\u00a0pr\u00edpade ak\u00fdchko\u013evek ot\u00e1zok kontaktuje:<\/strong><\/span><\/p>\n<p><span style=\"font-size:16px\"><strong>PhDr. Miroslav Fe\u010dko, PhD.<\/strong><br \/>\nProdekan pre vedeckov\u00fdskumn\u00fa \u010dinnos\u0165 a zahrani\u010dn\u00e9 vz\u0165ahy<br \/>\nTel. \u010d. +421 55 234 5154<br \/>\nE-mail: miroslav.fecko@upjs.sk\u00a0\u00a0\u00a0<\/span><\/p>\n<p><span style=\"font-size:16px\"><strong>Ing. Jana Chmelov\u00e1<\/strong><br \/>\nRefer\u00e1t pre vedeckov\u00fdskumn\u00fa \u010dinnos\u0165 a zahrani\u010dn\u00e9 vz\u0165ahy<br \/>\nTel. \u010d. +421 55 234 5116<br \/>\nE-mail: jana.chmelova@upjs.sk \u00a0\u00a0<\/span><\/p>\n","protected":false},"excerpt":{"rendered":"<p>\u00a0 Informa\u010dn\u00fd semin\u00e1r Erasmus+ \u0161t\u00fadium a st\u00e1\u017e 2019\/2020: 21. 02. 2019 o 12:30, PA0P1 Posluch\u00e1re\u0148 V\u00fdberov\u00e9 konanie Erasmus+ \u0161t\u00fadium a st\u00e1\u017e 2019\/2020: 11. 03. 2019 o 14:00, PA3S05 (miestnos\u0165 305)\u00a0\u00a0 \u00a0 Prihl\u00e1\u0161ky do v\u00fdberov\u00e9ho konania na Erasmus+\u00a0\u0161t\u00fadium\u00a0a\u00a0st\u00e1\u017e\u00a0je mo\u017en\u00e9 pod\u00e1va\u0165 priebe\u017ene, a\u00a0to najnesk\u00f4r do \u010dasu konania v\u00fdberov\u00e9ho konania. \u00a0 \u00a0 Inform\u00e1cie k\u00a0mobilite Erasmus+ \u0161t\u00fadium &#8211; mo\u017enos\u0165 &hellip; <a href=\"https:\/\/www.upjs.sk\/fakulta-verejnej-spravy\/medzinarodne-vztahy\/20170-2\/\">\u010c\u00edta\u0165 \u010falej<\/a><\/p>\n","protected":false},"author":1,"featured_media":0,"parent":12952,"menu_order":32,"comment_status":"closed","ping_status":"closed","template":"","meta":{"_acf_changed":false,"_editorskit_title_hidden":false,"_editorskit_reading_time":0,"_editorskit_is_block_options_detached":false,"_editorskit_block_options_position":"{}","footnotes":""},"categories":[],"tags":[],"class_list":["post-13685","page","type-page","status-publish","hentry"],"acf":{"acf_link_na_externy_obsah":""},"yoast_head":"<!-- This site is optimized with the Yoast SEO plugin v27.4 - https:\/\/yoast.com\/product\/yoast-seo-wordpress\/ -->\n<title>V\u00fdberov\u00e9 konanie 2019\/2020 - Fakulta verejnej spr\u00e1vy | UPJ\u0160<\/title>\n<meta name=\"robots\" content=\"index, follow, max-snippet:-1, max-image-preview:large, max-video-preview:-1\" \/>\n<link rel=\"canonical\" href=\"https:\/\/www.upjs.sk\/fakulta-verejnej-spravy\/medzinarodne-vztahy\/20170-2\/\" \/>\n<meta property=\"og:locale\" content=\"sk_SK\" \/>\n<meta property=\"og:type\" content=\"article\" \/>\n<meta property=\"og:title\" content=\"V\u00fdberov\u00e9 konanie 2019\/2020 - Fakulta verejnej spr\u00e1vy | UPJ\u0160\" \/>\n<meta property=\"og:description\" content=\"\u00a0 Informa\u010dn\u00fd semin\u00e1r Erasmus+ \u0161t\u00fadium a st\u00e1\u017e 2019\/2020: 21. 02. 2019 o 12:30, PA0P1 Posluch\u00e1re\u0148 V\u00fdberov\u00e9 konanie Erasmus+ \u0161t\u00fadium a st\u00e1\u017e 2019\/2020: 11. 03. 2019 o 14:00, PA3S05 (miestnos\u0165 305)\u00a0\u00a0 \u00a0 Prihl\u00e1\u0161ky do v\u00fdberov\u00e9ho konania na Erasmus+\u00a0\u0161t\u00fadium\u00a0a\u00a0st\u00e1\u017e\u00a0je mo\u017en\u00e9 pod\u00e1va\u0165 priebe\u017ene, a\u00a0to najnesk\u00f4r do \u010dasu konania v\u00fdberov\u00e9ho konania. \u00a0 \u00a0 Inform\u00e1cie k\u00a0mobilite Erasmus+ \u0161t\u00fadium &#8211; mo\u017enos\u0165 &hellip; \u010c\u00edta\u0165 \u010falej\" \/>\n<meta property=\"og:url\" content=\"https:\/\/www.upjs.sk\/fakulta-verejnej-spravy\/medzinarodne-vztahy\/20170-2\/\" \/>\n<meta property=\"og:site_name\" content=\"Fakulta verejnej spr\u00e1vy | UPJ\u0160\" \/>\n<meta property=\"article:modified_time\" content=\"2022-10-19T13:55:35+00:00\" \/>\n<meta name=\"twitter:card\" content=\"summary_large_image\" \/>\n<meta name=\"twitter:label1\" content=\"Predpokladan\u00fd \u010das \u010d\u00edtania\" \/>\n\t<meta name=\"twitter:data1\" content=\"2 min\u00faty\" \/>\n<script type=\"application\/ld+json\" class=\"yoast-schema-graph\">{\"@context\":\"https:\\\/\\\/schema.org\",\"@graph\":[{\"@type\":\"WebPage\",\"@id\":\"https:\\\/\\\/www.upjs.sk\\\/fakulta-verejnej-spravy\\\/medzinarodne-vztahy\\\/20170-2\\\/\",\"url\":\"https:\\\/\\\/www.upjs.sk\\\/fakulta-verejnej-spravy\\\/medzinarodne-vztahy\\\/20170-2\\\/\",\"name\":\"V\u00fdberov\u00e9 konanie 2019\\\/2020 - Fakulta verejnej spr\u00e1vy | UPJ\u0160\",\"isPartOf\":{\"@id\":\"https:\\\/\\\/www.upjs.sk\\\/fakulta-verejnej-spravy\\\/#website\"},\"datePublished\":\"2019-02-09T17:02:12+00:00\",\"dateModified\":\"2022-10-19T13:55:35+00:00\",\"breadcrumb\":{\"@id\":\"https:\\\/\\\/www.upjs.sk\\\/fakulta-verejnej-spravy\\\/medzinarodne-vztahy\\\/20170-2\\\/#breadcrumb\"},\"inLanguage\":\"sk-SK\",\"potentialAction\":[{\"@type\":\"ReadAction\",\"target\":[\"https:\\\/\\\/www.upjs.sk\\\/fakulta-verejnej-spravy\\\/medzinarodne-vztahy\\\/20170-2\\\/\"]}]},{\"@type\":\"BreadcrumbList\",\"@id\":\"https:\\\/\\\/www.upjs.sk\\\/fakulta-verejnej-spravy\\\/medzinarodne-vztahy\\\/20170-2\\\/#breadcrumb\",\"itemListElement\":[{\"@type\":\"ListItem\",\"position\":1,\"name\":\"Home\",\"item\":\"https:\\\/\\\/www.upjs.sk\\\/fakulta-verejnej-spravy\\\/\"},{\"@type\":\"ListItem\",\"position\":2,\"name\":\"Medzin\u00e1rodn\u00e9 vz\u0165ahy\",\"item\":\"https:\\\/\\\/www.upjs.sk\\\/fakulta-verejnej-spravy\\\/medzinarodne-vztahy\\\/\"},{\"@type\":\"ListItem\",\"position\":3,\"name\":\"V\u00fdberov\u00e9 konanie 2019\\\/2020\"}]},{\"@type\":\"WebSite\",\"@id\":\"https:\\\/\\\/www.upjs.sk\\\/fakulta-verejnej-spravy\\\/#website\",\"url\":\"https:\\\/\\\/www.upjs.sk\\\/fakulta-verejnej-spravy\\\/\",\"name\":\"Fakulta verejnej spr\u00e1vy | UPJ\u0160\",\"description\":\"\",\"publisher\":{\"@id\":\"https:\\\/\\\/www.upjs.sk\\\/fakulta-verejnej-spravy\\\/#organization\"},\"potentialAction\":[{\"@type\":\"SearchAction\",\"target\":{\"@type\":\"EntryPoint\",\"urlTemplate\":\"https:\\\/\\\/www.upjs.sk\\\/fakulta-verejnej-spravy\\\/?s={search_term_string}\"},\"query-input\":{\"@type\":\"PropertyValueSpecification\",\"valueRequired\":true,\"valueName\":\"search_term_string\"}}],\"inLanguage\":\"sk-SK\"},{\"@type\":\"Organization\",\"@id\":\"https:\\\/\\\/www.upjs.sk\\\/fakulta-verejnej-spravy\\\/#organization\",\"name\":\"Fakulta verejnej spr\u00e1vy | UPJ\u0160\",\"url\":\"https:\\\/\\\/www.upjs.sk\\\/fakulta-verejnej-spravy\\\/\",\"logo\":{\"@type\":\"ImageObject\",\"inLanguage\":\"sk-SK\",\"@id\":\"https:\\\/\\\/www.upjs.sk\\\/fakulta-verejnej-spravy\\\/#\\\/schema\\\/logo\\\/image\\\/\",\"url\":\"https:\\\/\\\/www.upjs.sk\\\/app\\\/uploads\\\/sites\\\/12\\\/2022\\\/09\\\/logo-verejnej-spravy-fakulta.png\",\"contentUrl\":\"https:\\\/\\\/www.upjs.sk\\\/app\\\/uploads\\\/sites\\\/12\\\/2022\\\/09\\\/logo-verejnej-spravy-fakulta.png\",\"width\":415,\"height\":87,\"caption\":\"Fakulta verejnej spr\u00e1vy | UPJ\u0160\"},\"image\":{\"@id\":\"https:\\\/\\\/www.upjs.sk\\\/fakulta-verejnej-spravy\\\/#\\\/schema\\\/logo\\\/image\\\/\"}}]}<\/script>\n<!-- \/ Yoast SEO plugin. -->","yoast_head_json":{"title":"V\u00fdberov\u00e9 konanie 2019\/2020 - Fakulta verejnej spr\u00e1vy | UPJ\u0160","robots":{"index":"index","follow":"follow","max-snippet":"max-snippet:-1","max-image-preview":"max-image-preview:large","max-video-preview":"max-video-preview:-1"},"canonical":"https:\/\/www.upjs.sk\/fakulta-verejnej-spravy\/medzinarodne-vztahy\/20170-2\/","og_locale":"sk_SK","og_type":"article","og_title":"V\u00fdberov\u00e9 konanie 2019\/2020 - Fakulta verejnej spr\u00e1vy | UPJ\u0160","og_description":"\u00a0 Informa\u010dn\u00fd semin\u00e1r Erasmus+ \u0161t\u00fadium a st\u00e1\u017e 2019\/2020: 21. 02. 2019 o 12:30, PA0P1 Posluch\u00e1re\u0148 V\u00fdberov\u00e9 konanie Erasmus+ \u0161t\u00fadium a st\u00e1\u017e 2019\/2020: 11. 03. 2019 o 14:00, PA3S05 (miestnos\u0165 305)\u00a0\u00a0 \u00a0 Prihl\u00e1\u0161ky do v\u00fdberov\u00e9ho konania na Erasmus+\u00a0\u0161t\u00fadium\u00a0a\u00a0st\u00e1\u017e\u00a0je mo\u017en\u00e9 pod\u00e1va\u0165 priebe\u017ene, a\u00a0to najnesk\u00f4r do \u010dasu konania v\u00fdberov\u00e9ho konania. \u00a0 \u00a0 Inform\u00e1cie k\u00a0mobilite Erasmus+ \u0161t\u00fadium &#8211; mo\u017enos\u0165 &hellip; \u010c\u00edta\u0165 \u010falej","og_url":"https:\/\/www.upjs.sk\/fakulta-verejnej-spravy\/medzinarodne-vztahy\/20170-2\/","og_site_name":"Fakulta verejnej spr\u00e1vy | UPJ\u0160","article_modified_time":"2022-10-19T13:55:35+00:00","twitter_card":"summary_large_image","twitter_misc":{"Predpokladan\u00fd \u010das \u010d\u00edtania":"2 min\u00faty"},"schema":{"@context":"https:\/\/schema.org","@graph":[{"@type":"WebPage","@id":"https:\/\/www.upjs.sk\/fakulta-verejnej-spravy\/medzinarodne-vztahy\/20170-2\/","url":"https:\/\/www.upjs.sk\/fakulta-verejnej-spravy\/medzinarodne-vztahy\/20170-2\/","name":"V\u00fdberov\u00e9 konanie 2019\/2020 - Fakulta verejnej spr\u00e1vy | UPJ\u0160","isPartOf":{"@id":"https:\/\/www.upjs.sk\/fakulta-verejnej-spravy\/#website"},"datePublished":"2019-02-09T17:02:12+00:00","dateModified":"2022-10-19T13:55:35+00:00","breadcrumb":{"@id":"https:\/\/www.upjs.sk\/fakulta-verejnej-spravy\/medzinarodne-vztahy\/20170-2\/#breadcrumb"},"inLanguage":"sk-SK","potentialAction":[{"@type":"ReadAction","target":["https:\/\/www.upjs.sk\/fakulta-verejnej-spravy\/medzinarodne-vztahy\/20170-2\/"]}]},{"@type":"BreadcrumbList","@id":"https:\/\/www.upjs.sk\/fakulta-verejnej-spravy\/medzinarodne-vztahy\/20170-2\/#breadcrumb","itemListElement":[{"@type":"ListItem","position":1,"name":"Home","item":"https:\/\/www.upjs.sk\/fakulta-verejnej-spravy\/"},{"@type":"ListItem","position":2,"name":"Medzin\u00e1rodn\u00e9 vz\u0165ahy","item":"https:\/\/www.upjs.sk\/fakulta-verejnej-spravy\/medzinarodne-vztahy\/"},{"@type":"ListItem","position":3,"name":"V\u00fdberov\u00e9 konanie 2019\/2020"}]},{"@type":"WebSite","@id":"https:\/\/www.upjs.sk\/fakulta-verejnej-spravy\/#website","url":"https:\/\/www.upjs.sk\/fakulta-verejnej-spravy\/","name":"Fakulta verejnej spr\u00e1vy | UPJ\u0160","description":"","publisher":{"@id":"https:\/\/www.upjs.sk\/fakulta-verejnej-spravy\/#organization"},"potentialAction":[{"@type":"SearchAction","target":{"@type":"EntryPoint","urlTemplate":"https:\/\/www.upjs.sk\/fakulta-verejnej-spravy\/?s={search_term_string}"},"query-input":{"@type":"PropertyValueSpecification","valueRequired":true,"valueName":"search_term_string"}}],"inLanguage":"sk-SK"},{"@type":"Organization","@id":"https:\/\/www.upjs.sk\/fakulta-verejnej-spravy\/#organization","name":"Fakulta verejnej spr\u00e1vy | UPJ\u0160","url":"https:\/\/www.upjs.sk\/fakulta-verejnej-spravy\/","logo":{"@type":"ImageObject","inLanguage":"sk-SK","@id":"https:\/\/www.upjs.sk\/fakulta-verejnej-spravy\/#\/schema\/logo\/image\/","url":"https:\/\/www.upjs.sk\/app\/uploads\/sites\/12\/2022\/09\/logo-verejnej-spravy-fakulta.png","contentUrl":"https:\/\/www.upjs.sk\/app\/uploads\/sites\/12\/2022\/09\/logo-verejnej-spravy-fakulta.png","width":415,"height":87,"caption":"Fakulta verejnej spr\u00e1vy | UPJ\u0160"},"image":{"@id":"https:\/\/www.upjs.sk\/fakulta-verejnej-spravy\/#\/schema\/logo\/image\/"}}]}},"_links":{"self":[{"href":"https:\/\/www.upjs.sk\/fakulta-verejnej-spravy\/wp-json\/wp\/v2\/pages\/13685","targetHints":{"allow":["GET"]}}],"collection":[{"href":"https:\/\/www.upjs.sk\/fakulta-verejnej-spravy\/wp-json\/wp\/v2\/pages"}],"about":[{"href":"https:\/\/www.upjs.sk\/fakulta-verejnej-spravy\/wp-json\/wp\/v2\/types\/page"}],"author":[{"embeddable":true,"href":"https:\/\/www.upjs.sk\/fakulta-verejnej-spravy\/wp-json\/wp\/v2\/users\/1"}],"replies":[{"embeddable":true,"href":"https:\/\/www.upjs.sk\/fakulta-verejnej-spravy\/wp-json\/wp\/v2\/comments?post=13685"}],"version-history":[{"count":1,"href":"https:\/\/www.upjs.sk\/fakulta-verejnej-spravy\/wp-json\/wp\/v2\/pages\/13685\/revisions"}],"predecessor-version":[{"id":14719,"href":"https:\/\/www.upjs.sk\/fakulta-verejnej-spravy\/wp-json\/wp\/v2\/pages\/13685\/revisions\/14719"}],"up":[{"embeddable":true,"href":"https:\/\/www.upjs.sk\/fakulta-verejnej-spravy\/wp-json\/wp\/v2\/pages\/12952"}],"wp:attachment":[{"href":"https:\/\/www.upjs.sk\/fakulta-verejnej-spravy\/wp-json\/wp\/v2\/media?parent=13685"}],"wp:term":[{"taxonomy":"category","embeddable":true,"href":"https:\/\/www.upjs.sk\/fakulta-verejnej-spravy\/wp-json\/wp\/v2\/categories?post=13685"},{"taxonomy":"post_tag","embeddable":true,"href":"https:\/\/www.upjs.sk\/fakulta-verejnej-spravy\/wp-json\/wp\/v2\/tags?post=13685"}],"curies":[{"name":"wp","href":"https:\/\/api.w.org\/{rel}","templated":true}]}}