{"id":13690,"date":"2021-02-25T21:14:47","date_gmt":"2021-02-25T21:14:47","guid":{"rendered":"https:\/\/www.upjs.sk\/fakulta-verejnej-spravy\/zahranicne-vztahy\/22371-2\/"},"modified":"2022-10-19T13:55:36","modified_gmt":"2022-10-19T13:55:36","slug":"22371-2","status":"publish","type":"page","link":"https:\/\/www.upjs.sk\/fakulta-verejnej-spravy\/medzinarodne-vztahy\/22371-2\/","title":{"rendered":"Erasmus+ Course Units 2020\/2021"},"content":{"rendered":"<p><strong>Description of Erasmus+ Course Units provided by the Faculty of Public Administration in the Academic Year 2020\/2021<\/strong><\/p>\n<ol>\n<li><a href=\"\/public\/media\/4665\/Economic Theories.pdf\">Economic Theories\u00a0<\/a><\/li>\n<li><a href=\"\/public\/media\/4665\/Economic Policy.pdf\">Economic Policy\u00a0<\/a><\/li>\n<li><a href=\"\/public\/media\/4665\/Financial Law.pdf\" target=\"_blank\" rel=\"noopener\">Financial Law<\/a><\/li>\n<li><a href=\"\/public\/media\/4665\/Tax Law.pdf\" target=\"_blank\" rel=\"noopener\">Tax Law<\/a>\u00a0<\/li>\n<li><a href=\"\/public\/media\/4665\/Communication in International Relations.pdf\">Communication in International Relations<\/a><\/li>\n<li><a href=\"\/public\/media\/4665\/Intercultural Communication.pdf\">Intercultural Communication<\/a><\/li>\n<li><a href=\"\/public\/media\/4665\/International Economic Relations.pdf\" target=\"_blank\" rel=\"noopener\">International Economic Relations<\/a><\/li>\n<li><a href=\"\/public\/media\/4665\/Social Psychology.pdf\">Social Psychology\u00a0\u00a0<\/a><\/li>\n<li><a href=\"\/public\/media\/4665\/Statistics.pdf\" target=\"_blank\" rel=\"noopener\">Statistics<\/a><\/li>\n<li><a href=\"\/public\/media\/4665\/Political Dimension of Civil Society.pdf\">Political Dimension of Civic Society<\/a><\/li>\n<li><a href=\"\/public\/media\/22371\/Public finance.pdf\" target=\"_blank\" rel=\"noopener\">Public Finance<\/a><\/li>\n<li><a href=\"\/public\/media\/18272\/IL Environmental Law.pdf\" target=\"_blank\" rel=\"noopener\">Environmental Law<\/a><\/li>\n<li><a href=\"\/public\/media\/18272\/IL International Trade.pdf\" target=\"_blank\" rel=\"noopener\">International Trade<\/a><\/li>\n<li><a href=\"\/public\/media\/18272\/IL Organizational Behavior.pdf\" target=\"_blank\" rel=\"noopener\">Organizational Behavior<\/a><\/li>\n<li><a href=\"\/public\/media\/18272\/IL Social Policy - NEW.pdf\" target=\"_blank\" rel=\"noopener\">Social Policy\u00a0<\/a><\/li>\n<li><a href=\"\/public\/media\/22371\/Erasmus - Administrative System EU.pdf\" target=\"_blank\" rel=\"noopener\">Administrative System EU<\/a><\/li>\n<li><a href=\"\/public\/media\/22371\/Erasmus - Public administration and public policy.pdf\" target=\"_blank\" rel=\"noopener\">Public Administration and Public Policy<\/a><\/li>\n<li><a href=\"\/public\/media\/22371\/Erasmus - Public administration ethics.pdf\" target=\"_blank\" rel=\"noopener\">Public Administration Ethics<\/a><\/li>\n<\/ol>\n<p><em>*All courses are provided in the winter and summer semester.\u00a0<\/em><\/p>\n","protected":false},"excerpt":{"rendered":"<p>Description of Erasmus+ Course Units provided by the Faculty of Public Administration in the Academic Year 2020\/2021 Economic Theories\u00a0 Economic Policy\u00a0 Financial Law Tax Law\u00a0 Communication in International Relations Intercultural Communication International Economic Relations Social Psychology\u00a0\u00a0 Statistics Political Dimension of Civic Society Public Finance Environmental Law International Trade Organizational Behavior Social Policy\u00a0 Administrative System EU &hellip; <a href=\"https:\/\/www.upjs.sk\/fakulta-verejnej-spravy\/medzinarodne-vztahy\/22371-2\/\">\u010c\u00edta\u0165 \u010falej<\/a><\/p>\n","protected":false},"author":1,"featured_media":0,"parent":12952,"menu_order":35,"comment_status":"closed","ping_status":"closed","template":"","meta":{"_acf_changed":false,"_editorskit_title_hidden":false,"_editorskit_reading_time":0,"_editorskit_is_block_options_detached":false,"_editorskit_block_options_position":"{}","footnotes":""},"categories":[],"tags":[],"class_list":["post-13690","page","type-page","status-publish","hentry"],"acf":{"acf_link_na_externy_obsah":""},"yoast_head":"<!-- This site is optimized with the Yoast SEO plugin v27.4 - https:\/\/yoast.com\/product\/yoast-seo-wordpress\/ -->\n<title>Erasmus+ Course Units 2020\/2021 - Fakulta verejnej spr\u00e1vy | UPJ\u0160<\/title>\n<meta name=\"robots\" content=\"index, follow, max-snippet:-1, max-image-preview:large, max-video-preview:-1\" \/>\n<link rel=\"canonical\" href=\"https:\/\/www.upjs.sk\/fakulta-verejnej-spravy\/medzinarodne-vztahy\/22371-2\/\" \/>\n<meta property=\"og:locale\" content=\"sk_SK\" \/>\n<meta property=\"og:type\" content=\"article\" \/>\n<meta property=\"og:title\" content=\"Erasmus+ Course Units 2020\/2021 - Fakulta verejnej spr\u00e1vy | UPJ\u0160\" \/>\n<meta property=\"og:description\" content=\"Description of Erasmus+ Course Units provided by the Faculty of Public Administration in the Academic Year 2020\/2021 Economic Theories\u00a0 Economic Policy\u00a0 Financial Law Tax Law\u00a0 Communication in International Relations Intercultural Communication International Economic Relations Social Psychology\u00a0\u00a0 Statistics Political Dimension of Civic Society Public Finance Environmental Law International Trade Organizational Behavior Social Policy\u00a0 Administrative System EU &hellip; \u010c\u00edta\u0165 \u010falej\" \/>\n<meta property=\"og:url\" content=\"https:\/\/www.upjs.sk\/fakulta-verejnej-spravy\/medzinarodne-vztahy\/22371-2\/\" \/>\n<meta property=\"og:site_name\" content=\"Fakulta verejnej spr\u00e1vy | UPJ\u0160\" \/>\n<meta property=\"article:modified_time\" content=\"2022-10-19T13:55:36+00:00\" \/>\n<meta name=\"twitter:card\" content=\"summary_large_image\" \/>\n<script type=\"application\/ld+json\" class=\"yoast-schema-graph\">{\"@context\":\"https:\\\/\\\/schema.org\",\"@graph\":[{\"@type\":\"WebPage\",\"@id\":\"https:\\\/\\\/www.upjs.sk\\\/fakulta-verejnej-spravy\\\/medzinarodne-vztahy\\\/22371-2\\\/\",\"url\":\"https:\\\/\\\/www.upjs.sk\\\/fakulta-verejnej-spravy\\\/medzinarodne-vztahy\\\/22371-2\\\/\",\"name\":\"Erasmus+ Course Units 2020\\\/2021 - Fakulta verejnej spr\u00e1vy | UPJ\u0160\",\"isPartOf\":{\"@id\":\"https:\\\/\\\/www.upjs.sk\\\/fakulta-verejnej-spravy\\\/#website\"},\"datePublished\":\"2021-02-25T21:14:47+00:00\",\"dateModified\":\"2022-10-19T13:55:36+00:00\",\"breadcrumb\":{\"@id\":\"https:\\\/\\\/www.upjs.sk\\\/fakulta-verejnej-spravy\\\/medzinarodne-vztahy\\\/22371-2\\\/#breadcrumb\"},\"inLanguage\":\"sk-SK\",\"potentialAction\":[{\"@type\":\"ReadAction\",\"target\":[\"https:\\\/\\\/www.upjs.sk\\\/fakulta-verejnej-spravy\\\/medzinarodne-vztahy\\\/22371-2\\\/\"]}]},{\"@type\":\"BreadcrumbList\",\"@id\":\"https:\\\/\\\/www.upjs.sk\\\/fakulta-verejnej-spravy\\\/medzinarodne-vztahy\\\/22371-2\\\/#breadcrumb\",\"itemListElement\":[{\"@type\":\"ListItem\",\"position\":1,\"name\":\"Home\",\"item\":\"https:\\\/\\\/www.upjs.sk\\\/fakulta-verejnej-spravy\\\/\"},{\"@type\":\"ListItem\",\"position\":2,\"name\":\"Medzin\u00e1rodn\u00e9 vz\u0165ahy\",\"item\":\"https:\\\/\\\/www.upjs.sk\\\/fakulta-verejnej-spravy\\\/medzinarodne-vztahy\\\/\"},{\"@type\":\"ListItem\",\"position\":3,\"name\":\"Erasmus+ Course Units 2020\\\/2021\"}]},{\"@type\":\"WebSite\",\"@id\":\"https:\\\/\\\/www.upjs.sk\\\/fakulta-verejnej-spravy\\\/#website\",\"url\":\"https:\\\/\\\/www.upjs.sk\\\/fakulta-verejnej-spravy\\\/\",\"name\":\"Fakulta verejnej spr\u00e1vy | UPJ\u0160\",\"description\":\"\",\"publisher\":{\"@id\":\"https:\\\/\\\/www.upjs.sk\\\/fakulta-verejnej-spravy\\\/#organization\"},\"potentialAction\":[{\"@type\":\"SearchAction\",\"target\":{\"@type\":\"EntryPoint\",\"urlTemplate\":\"https:\\\/\\\/www.upjs.sk\\\/fakulta-verejnej-spravy\\\/?s={search_term_string}\"},\"query-input\":{\"@type\":\"PropertyValueSpecification\",\"valueRequired\":true,\"valueName\":\"search_term_string\"}}],\"inLanguage\":\"sk-SK\"},{\"@type\":\"Organization\",\"@id\":\"https:\\\/\\\/www.upjs.sk\\\/fakulta-verejnej-spravy\\\/#organization\",\"name\":\"Fakulta verejnej spr\u00e1vy | UPJ\u0160\",\"url\":\"https:\\\/\\\/www.upjs.sk\\\/fakulta-verejnej-spravy\\\/\",\"logo\":{\"@type\":\"ImageObject\",\"inLanguage\":\"sk-SK\",\"@id\":\"https:\\\/\\\/www.upjs.sk\\\/fakulta-verejnej-spravy\\\/#\\\/schema\\\/logo\\\/image\\\/\",\"url\":\"https:\\\/\\\/www.upjs.sk\\\/app\\\/uploads\\\/sites\\\/12\\\/2022\\\/09\\\/logo-verejnej-spravy-fakulta.png\",\"contentUrl\":\"https:\\\/\\\/www.upjs.sk\\\/app\\\/uploads\\\/sites\\\/12\\\/2022\\\/09\\\/logo-verejnej-spravy-fakulta.png\",\"width\":415,\"height\":87,\"caption\":\"Fakulta verejnej spr\u00e1vy | UPJ\u0160\"},\"image\":{\"@id\":\"https:\\\/\\\/www.upjs.sk\\\/fakulta-verejnej-spravy\\\/#\\\/schema\\\/logo\\\/image\\\/\"}}]}<\/script>\n<!-- \/ Yoast SEO plugin. -->","yoast_head_json":{"title":"Erasmus+ Course Units 2020\/2021 - Fakulta verejnej spr\u00e1vy | UPJ\u0160","robots":{"index":"index","follow":"follow","max-snippet":"max-snippet:-1","max-image-preview":"max-image-preview:large","max-video-preview":"max-video-preview:-1"},"canonical":"https:\/\/www.upjs.sk\/fakulta-verejnej-spravy\/medzinarodne-vztahy\/22371-2\/","og_locale":"sk_SK","og_type":"article","og_title":"Erasmus+ Course Units 2020\/2021 - Fakulta verejnej spr\u00e1vy | UPJ\u0160","og_description":"Description of Erasmus+ Course Units provided by the Faculty of Public Administration in the Academic Year 2020\/2021 Economic Theories\u00a0 Economic Policy\u00a0 Financial Law Tax Law\u00a0 Communication in International Relations Intercultural Communication International Economic Relations Social Psychology\u00a0\u00a0 Statistics Political Dimension of Civic Society Public Finance Environmental Law International Trade Organizational Behavior Social Policy\u00a0 Administrative System EU &hellip; \u010c\u00edta\u0165 \u010falej","og_url":"https:\/\/www.upjs.sk\/fakulta-verejnej-spravy\/medzinarodne-vztahy\/22371-2\/","og_site_name":"Fakulta verejnej spr\u00e1vy | UPJ\u0160","article_modified_time":"2022-10-19T13:55:36+00:00","twitter_card":"summary_large_image","schema":{"@context":"https:\/\/schema.org","@graph":[{"@type":"WebPage","@id":"https:\/\/www.upjs.sk\/fakulta-verejnej-spravy\/medzinarodne-vztahy\/22371-2\/","url":"https:\/\/www.upjs.sk\/fakulta-verejnej-spravy\/medzinarodne-vztahy\/22371-2\/","name":"Erasmus+ Course Units 2020\/2021 - Fakulta verejnej spr\u00e1vy | UPJ\u0160","isPartOf":{"@id":"https:\/\/www.upjs.sk\/fakulta-verejnej-spravy\/#website"},"datePublished":"2021-02-25T21:14:47+00:00","dateModified":"2022-10-19T13:55:36+00:00","breadcrumb":{"@id":"https:\/\/www.upjs.sk\/fakulta-verejnej-spravy\/medzinarodne-vztahy\/22371-2\/#breadcrumb"},"inLanguage":"sk-SK","potentialAction":[{"@type":"ReadAction","target":["https:\/\/www.upjs.sk\/fakulta-verejnej-spravy\/medzinarodne-vztahy\/22371-2\/"]}]},{"@type":"BreadcrumbList","@id":"https:\/\/www.upjs.sk\/fakulta-verejnej-spravy\/medzinarodne-vztahy\/22371-2\/#breadcrumb","itemListElement":[{"@type":"ListItem","position":1,"name":"Home","item":"https:\/\/www.upjs.sk\/fakulta-verejnej-spravy\/"},{"@type":"ListItem","position":2,"name":"Medzin\u00e1rodn\u00e9 vz\u0165ahy","item":"https:\/\/www.upjs.sk\/fakulta-verejnej-spravy\/medzinarodne-vztahy\/"},{"@type":"ListItem","position":3,"name":"Erasmus+ Course Units 2020\/2021"}]},{"@type":"WebSite","@id":"https:\/\/www.upjs.sk\/fakulta-verejnej-spravy\/#website","url":"https:\/\/www.upjs.sk\/fakulta-verejnej-spravy\/","name":"Fakulta verejnej spr\u00e1vy | UPJ\u0160","description":"","publisher":{"@id":"https:\/\/www.upjs.sk\/fakulta-verejnej-spravy\/#organization"},"potentialAction":[{"@type":"SearchAction","target":{"@type":"EntryPoint","urlTemplate":"https:\/\/www.upjs.sk\/fakulta-verejnej-spravy\/?s={search_term_string}"},"query-input":{"@type":"PropertyValueSpecification","valueRequired":true,"valueName":"search_term_string"}}],"inLanguage":"sk-SK"},{"@type":"Organization","@id":"https:\/\/www.upjs.sk\/fakulta-verejnej-spravy\/#organization","name":"Fakulta verejnej spr\u00e1vy | UPJ\u0160","url":"https:\/\/www.upjs.sk\/fakulta-verejnej-spravy\/","logo":{"@type":"ImageObject","inLanguage":"sk-SK","@id":"https:\/\/www.upjs.sk\/fakulta-verejnej-spravy\/#\/schema\/logo\/image\/","url":"https:\/\/www.upjs.sk\/app\/uploads\/sites\/12\/2022\/09\/logo-verejnej-spravy-fakulta.png","contentUrl":"https:\/\/www.upjs.sk\/app\/uploads\/sites\/12\/2022\/09\/logo-verejnej-spravy-fakulta.png","width":415,"height":87,"caption":"Fakulta verejnej spr\u00e1vy | UPJ\u0160"},"image":{"@id":"https:\/\/www.upjs.sk\/fakulta-verejnej-spravy\/#\/schema\/logo\/image\/"}}]}},"_links":{"self":[{"href":"https:\/\/www.upjs.sk\/fakulta-verejnej-spravy\/wp-json\/wp\/v2\/pages\/13690","targetHints":{"allow":["GET"]}}],"collection":[{"href":"https:\/\/www.upjs.sk\/fakulta-verejnej-spravy\/wp-json\/wp\/v2\/pages"}],"about":[{"href":"https:\/\/www.upjs.sk\/fakulta-verejnej-spravy\/wp-json\/wp\/v2\/types\/page"}],"author":[{"embeddable":true,"href":"https:\/\/www.upjs.sk\/fakulta-verejnej-spravy\/wp-json\/wp\/v2\/users\/1"}],"replies":[{"embeddable":true,"href":"https:\/\/www.upjs.sk\/fakulta-verejnej-spravy\/wp-json\/wp\/v2\/comments?post=13690"}],"version-history":[{"count":1,"href":"https:\/\/www.upjs.sk\/fakulta-verejnej-spravy\/wp-json\/wp\/v2\/pages\/13690\/revisions"}],"predecessor-version":[{"id":14722,"href":"https:\/\/www.upjs.sk\/fakulta-verejnej-spravy\/wp-json\/wp\/v2\/pages\/13690\/revisions\/14722"}],"up":[{"embeddable":true,"href":"https:\/\/www.upjs.sk\/fakulta-verejnej-spravy\/wp-json\/wp\/v2\/pages\/12952"}],"wp:attachment":[{"href":"https:\/\/www.upjs.sk\/fakulta-verejnej-spravy\/wp-json\/wp\/v2\/media?parent=13690"}],"wp:term":[{"taxonomy":"category","embeddable":true,"href":"https:\/\/www.upjs.sk\/fakulta-verejnej-spravy\/wp-json\/wp\/v2\/categories?post=13690"},{"taxonomy":"post_tag","embeddable":true,"href":"https:\/\/www.upjs.sk\/fakulta-verejnej-spravy\/wp-json\/wp\/v2\/tags?post=13690"}],"curies":[{"name":"wp","href":"https:\/\/api.w.org\/{rel}","templated":true}]}}