{"id":13730,"date":"2022-03-01T09:06:02","date_gmt":"2022-03-01T09:06:02","guid":{"rendered":"https:\/\/www.upjs.sk\/fakulta-verejnej-spravy\/zahranicne-vztahy\/26677-2\/"},"modified":"2022-10-19T13:55:40","modified_gmt":"2022-10-19T13:55:40","slug":"26677-2","status":"publish","type":"page","link":"https:\/\/www.upjs.sk\/fakulta-verejnej-spravy\/medzinarodne-vztahy\/26677-2\/","title":{"rendered":"Partnersk\u00e9 univerzity a bilater\u00e1lne zmluvy 2022\/2023"},"content":{"rendered":"<p>\u00a0<\/p>\n<p><strong><span style=\"font-size:16px\">Erasmus+ Partnersk\u00e9 univerzity a bilater\u00e1lne zmluvy 2022\/2023<\/span><\/strong><\/p>\n<p><em><span style=\"font-size:16px\">*Zoznam Erasmus+ partnersk\u00fdch univerz\u00edt je priebe\u017ene aktualizovan\u00fd. V\u00a0pr\u00edpade nejasnost\u00ed kontaktujte refer\u00e1t pre zahrani\u010dn\u00e9 vz\u0165ahy a\u00a0rozvoj.\u00a0<\/span><\/em><\/p>\n<p>\u00a0<\/p>\n<p><span style=\"font-size:16px\"><a href=\"https:\/\/www.slu.cz\/fvp\/cz\/zverasmusoprogramu\" target=\"_blank\" rel=\"noopener\">Silesian University in Opava<\/a>\u00a0(Opava, \u010cesk\u00e1 republika)<\/span><\/p>\n<p><span style=\"font-size:16px\"><a href=\"http:\/\/www.mup.cz\/zahranicni-spoluprace\/\" target=\"_blank\" rel=\"noopener\">Metropolitan University Praque<\/a>\u00a0(Praha, \u010cesk\u00e1 republika)<\/span><\/p>\n<p><span style=\"font-size:16px\"><a href=\"https:\/\/erasmus.panteion.gr\/index.php\/programs\/incoming-students\" target=\"_blank\" rel=\"noopener\">Panteion University of Social and Political Sciences\u00a0<\/a>(At\u00e9ny, Gr\u00e9cko)<\/span><\/p>\n<p><span style=\"font-size:16px\"><a href=\"https:\/\/en.uni-nke.hu\/scholarships-and-grants\/erasmus\/about\" target=\"_blank\" rel=\"noopener\">National University of Public Service<\/a>\u00a0(Budape\u0161\u0165, Ma\u010farsko)\u00a0<\/span><\/p>\n<p><span style=\"font-size:16px\"><a href=\"https:\/\/www.fu.uni-lj.si\/en\/international-relations\/incoming-students\/\" target=\"_blank\" rel=\"noopener\">University of Ljubljana,\u00a0Faculty of Public Administration<\/a> (Ljubljana, Slovinsko)<\/span><\/p>\n<p><span style=\"font-size:16px\"><a href=\"https:\/\/ue-varna.bg\/en\/p\/8629\/international-relations\/exchange-opportunities\/erasmus\/incoming-students\" target=\"_blank\" rel=\"noopener\">University of Economics &#8211; Varna<\/a> (Varna, Bulharsko)<\/span><\/p>\n<p><span style=\"font-size:16px\"><a href=\"https:\/\/iso.uni.lodz.pl\/erasmus\/programmes\/\" target=\"_blank\" rel=\"noopener\">University Lodz, Faculty of Law and Administration<\/a> (Lodz, Po\u013esko)<\/span><\/p>\n<p><span style=\"font-size:16px\"><a href=\"http:\/\/bw.pwsz.legnica.edu.pl\/artykul-160-APPLICATION_PROCEDURE-0\" target=\"_blank\" rel=\"noopener\">The Witelon State University of Applied Sciences in Legnica<\/a>\u00a0(Legnica, Po\u013esko)<\/span><\/p>\n<p><span style=\"font-size:16px\"><a href=\"https:\/\/bwm.up.krakow.pl\/incoming\/\" target=\"_blank\" rel=\"noopener\">Pedagogical University of Cracow<\/a>\u00a0(Krakow, Po\u013esko)<\/span><\/p>\n<p>\u00a0<\/p>\n","protected":false},"excerpt":{"rendered":"<p>\u00a0 Erasmus+ Partnersk\u00e9 univerzity a bilater\u00e1lne zmluvy 2022\/2023 *Zoznam Erasmus+ partnersk\u00fdch univerz\u00edt je priebe\u017ene aktualizovan\u00fd. V\u00a0pr\u00edpade nejasnost\u00ed kontaktujte refer\u00e1t pre zahrani\u010dn\u00e9 vz\u0165ahy a\u00a0rozvoj.\u00a0 \u00a0 Silesian University in Opava\u00a0(Opava, \u010cesk\u00e1 republika) Metropolitan University Praque\u00a0(Praha, \u010cesk\u00e1 republika) Panteion University of Social and Political Sciences\u00a0(At\u00e9ny, Gr\u00e9cko) National University of Public Service\u00a0(Budape\u0161\u0165, Ma\u010farsko)\u00a0 University of Ljubljana,\u00a0Faculty of Public Administration &hellip; <a href=\"https:\/\/www.upjs.sk\/fakulta-verejnej-spravy\/medzinarodne-vztahy\/26677-2\/\">\u010c\u00edta\u0165 \u010falej<\/a><\/p>\n","protected":false},"author":1,"featured_media":0,"parent":12952,"menu_order":46,"comment_status":"closed","ping_status":"closed","template":"","meta":{"_acf_changed":false,"_editorskit_title_hidden":false,"_editorskit_reading_time":0,"_editorskit_is_block_options_detached":false,"_editorskit_block_options_position":"{}","footnotes":""},"categories":[],"tags":[],"class_list":["post-13730","page","type-page","status-publish","hentry"],"acf":{"acf_link_na_externy_obsah":""},"yoast_head":"<!-- This site is optimized with the Yoast SEO plugin v27.4 - https:\/\/yoast.com\/product\/yoast-seo-wordpress\/ -->\n<title>Partnersk\u00e9 univerzity a bilater\u00e1lne zmluvy 2022\/2023 - Fakulta verejnej spr\u00e1vy | UPJ\u0160<\/title>\n<meta name=\"robots\" content=\"index, follow, max-snippet:-1, max-image-preview:large, max-video-preview:-1\" \/>\n<link rel=\"canonical\" href=\"https:\/\/www.upjs.sk\/fakulta-verejnej-spravy\/medzinarodne-vztahy\/26677-2\/\" \/>\n<meta property=\"og:locale\" content=\"sk_SK\" \/>\n<meta property=\"og:type\" content=\"article\" \/>\n<meta property=\"og:title\" content=\"Partnersk\u00e9 univerzity a bilater\u00e1lne zmluvy 2022\/2023 - Fakulta verejnej spr\u00e1vy | UPJ\u0160\" \/>\n<meta property=\"og:description\" content=\"\u00a0 Erasmus+ Partnersk\u00e9 univerzity a bilater\u00e1lne zmluvy 2022\/2023 *Zoznam Erasmus+ partnersk\u00fdch univerz\u00edt je priebe\u017ene aktualizovan\u00fd. V\u00a0pr\u00edpade nejasnost\u00ed kontaktujte refer\u00e1t pre zahrani\u010dn\u00e9 vz\u0165ahy a\u00a0rozvoj.\u00a0 \u00a0 Silesian University in Opava\u00a0(Opava, \u010cesk\u00e1 republika) Metropolitan University Praque\u00a0(Praha, \u010cesk\u00e1 republika) Panteion University of Social and Political Sciences\u00a0(At\u00e9ny, Gr\u00e9cko) National University of Public Service\u00a0(Budape\u0161\u0165, Ma\u010farsko)\u00a0 University of Ljubljana,\u00a0Faculty of Public Administration &hellip; \u010c\u00edta\u0165 \u010falej\" \/>\n<meta property=\"og:url\" content=\"https:\/\/www.upjs.sk\/fakulta-verejnej-spravy\/medzinarodne-vztahy\/26677-2\/\" \/>\n<meta property=\"og:site_name\" content=\"Fakulta verejnej spr\u00e1vy | UPJ\u0160\" \/>\n<meta property=\"article:modified_time\" content=\"2022-10-19T13:55:40+00:00\" \/>\n<meta name=\"twitter:card\" content=\"summary_large_image\" \/>\n<meta name=\"twitter:label1\" content=\"Predpokladan\u00fd \u010das \u010d\u00edtania\" \/>\n\t<meta name=\"twitter:data1\" content=\"1 min\u00fata\" \/>\n<script type=\"application\/ld+json\" class=\"yoast-schema-graph\">{\"@context\":\"https:\\\/\\\/schema.org\",\"@graph\":[{\"@type\":\"WebPage\",\"@id\":\"https:\\\/\\\/www.upjs.sk\\\/fakulta-verejnej-spravy\\\/medzinarodne-vztahy\\\/26677-2\\\/\",\"url\":\"https:\\\/\\\/www.upjs.sk\\\/fakulta-verejnej-spravy\\\/medzinarodne-vztahy\\\/26677-2\\\/\",\"name\":\"Partnersk\u00e9 univerzity a bilater\u00e1lne zmluvy 2022\\\/2023 - Fakulta verejnej spr\u00e1vy | UPJ\u0160\",\"isPartOf\":{\"@id\":\"https:\\\/\\\/www.upjs.sk\\\/fakulta-verejnej-spravy\\\/#website\"},\"datePublished\":\"2022-03-01T09:06:02+00:00\",\"dateModified\":\"2022-10-19T13:55:40+00:00\",\"breadcrumb\":{\"@id\":\"https:\\\/\\\/www.upjs.sk\\\/fakulta-verejnej-spravy\\\/medzinarodne-vztahy\\\/26677-2\\\/#breadcrumb\"},\"inLanguage\":\"sk-SK\",\"potentialAction\":[{\"@type\":\"ReadAction\",\"target\":[\"https:\\\/\\\/www.upjs.sk\\\/fakulta-verejnej-spravy\\\/medzinarodne-vztahy\\\/26677-2\\\/\"]}]},{\"@type\":\"BreadcrumbList\",\"@id\":\"https:\\\/\\\/www.upjs.sk\\\/fakulta-verejnej-spravy\\\/medzinarodne-vztahy\\\/26677-2\\\/#breadcrumb\",\"itemListElement\":[{\"@type\":\"ListItem\",\"position\":1,\"name\":\"Home\",\"item\":\"https:\\\/\\\/www.upjs.sk\\\/fakulta-verejnej-spravy\\\/\"},{\"@type\":\"ListItem\",\"position\":2,\"name\":\"Medzin\u00e1rodn\u00e9 vz\u0165ahy\",\"item\":\"https:\\\/\\\/www.upjs.sk\\\/fakulta-verejnej-spravy\\\/medzinarodne-vztahy\\\/\"},{\"@type\":\"ListItem\",\"position\":3,\"name\":\"Partnersk\u00e9 univerzity a bilater\u00e1lne zmluvy 2022\\\/2023\"}]},{\"@type\":\"WebSite\",\"@id\":\"https:\\\/\\\/www.upjs.sk\\\/fakulta-verejnej-spravy\\\/#website\",\"url\":\"https:\\\/\\\/www.upjs.sk\\\/fakulta-verejnej-spravy\\\/\",\"name\":\"Fakulta verejnej spr\u00e1vy | UPJ\u0160\",\"description\":\"\",\"publisher\":{\"@id\":\"https:\\\/\\\/www.upjs.sk\\\/fakulta-verejnej-spravy\\\/#organization\"},\"potentialAction\":[{\"@type\":\"SearchAction\",\"target\":{\"@type\":\"EntryPoint\",\"urlTemplate\":\"https:\\\/\\\/www.upjs.sk\\\/fakulta-verejnej-spravy\\\/?s={search_term_string}\"},\"query-input\":{\"@type\":\"PropertyValueSpecification\",\"valueRequired\":true,\"valueName\":\"search_term_string\"}}],\"inLanguage\":\"sk-SK\"},{\"@type\":\"Organization\",\"@id\":\"https:\\\/\\\/www.upjs.sk\\\/fakulta-verejnej-spravy\\\/#organization\",\"name\":\"Fakulta verejnej spr\u00e1vy | UPJ\u0160\",\"url\":\"https:\\\/\\\/www.upjs.sk\\\/fakulta-verejnej-spravy\\\/\",\"logo\":{\"@type\":\"ImageObject\",\"inLanguage\":\"sk-SK\",\"@id\":\"https:\\\/\\\/www.upjs.sk\\\/fakulta-verejnej-spravy\\\/#\\\/schema\\\/logo\\\/image\\\/\",\"url\":\"https:\\\/\\\/www.upjs.sk\\\/app\\\/uploads\\\/sites\\\/12\\\/2022\\\/09\\\/logo-verejnej-spravy-fakulta.png\",\"contentUrl\":\"https:\\\/\\\/www.upjs.sk\\\/app\\\/uploads\\\/sites\\\/12\\\/2022\\\/09\\\/logo-verejnej-spravy-fakulta.png\",\"width\":415,\"height\":87,\"caption\":\"Fakulta verejnej spr\u00e1vy | UPJ\u0160\"},\"image\":{\"@id\":\"https:\\\/\\\/www.upjs.sk\\\/fakulta-verejnej-spravy\\\/#\\\/schema\\\/logo\\\/image\\\/\"}}]}<\/script>\n<!-- \/ Yoast SEO plugin. -->","yoast_head_json":{"title":"Partnersk\u00e9 univerzity a bilater\u00e1lne zmluvy 2022\/2023 - Fakulta verejnej spr\u00e1vy | UPJ\u0160","robots":{"index":"index","follow":"follow","max-snippet":"max-snippet:-1","max-image-preview":"max-image-preview:large","max-video-preview":"max-video-preview:-1"},"canonical":"https:\/\/www.upjs.sk\/fakulta-verejnej-spravy\/medzinarodne-vztahy\/26677-2\/","og_locale":"sk_SK","og_type":"article","og_title":"Partnersk\u00e9 univerzity a bilater\u00e1lne zmluvy 2022\/2023 - Fakulta verejnej spr\u00e1vy | UPJ\u0160","og_description":"\u00a0 Erasmus+ Partnersk\u00e9 univerzity a bilater\u00e1lne zmluvy 2022\/2023 *Zoznam Erasmus+ partnersk\u00fdch univerz\u00edt je priebe\u017ene aktualizovan\u00fd. V\u00a0pr\u00edpade nejasnost\u00ed kontaktujte refer\u00e1t pre zahrani\u010dn\u00e9 vz\u0165ahy a\u00a0rozvoj.\u00a0 \u00a0 Silesian University in Opava\u00a0(Opava, \u010cesk\u00e1 republika) Metropolitan University Praque\u00a0(Praha, \u010cesk\u00e1 republika) Panteion University of Social and Political Sciences\u00a0(At\u00e9ny, Gr\u00e9cko) National University of Public Service\u00a0(Budape\u0161\u0165, Ma\u010farsko)\u00a0 University of Ljubljana,\u00a0Faculty of Public Administration &hellip; \u010c\u00edta\u0165 \u010falej","og_url":"https:\/\/www.upjs.sk\/fakulta-verejnej-spravy\/medzinarodne-vztahy\/26677-2\/","og_site_name":"Fakulta verejnej spr\u00e1vy | UPJ\u0160","article_modified_time":"2022-10-19T13:55:40+00:00","twitter_card":"summary_large_image","twitter_misc":{"Predpokladan\u00fd \u010das \u010d\u00edtania":"1 min\u00fata"},"schema":{"@context":"https:\/\/schema.org","@graph":[{"@type":"WebPage","@id":"https:\/\/www.upjs.sk\/fakulta-verejnej-spravy\/medzinarodne-vztahy\/26677-2\/","url":"https:\/\/www.upjs.sk\/fakulta-verejnej-spravy\/medzinarodne-vztahy\/26677-2\/","name":"Partnersk\u00e9 univerzity a bilater\u00e1lne zmluvy 2022\/2023 - Fakulta verejnej spr\u00e1vy | UPJ\u0160","isPartOf":{"@id":"https:\/\/www.upjs.sk\/fakulta-verejnej-spravy\/#website"},"datePublished":"2022-03-01T09:06:02+00:00","dateModified":"2022-10-19T13:55:40+00:00","breadcrumb":{"@id":"https:\/\/www.upjs.sk\/fakulta-verejnej-spravy\/medzinarodne-vztahy\/26677-2\/#breadcrumb"},"inLanguage":"sk-SK","potentialAction":[{"@type":"ReadAction","target":["https:\/\/www.upjs.sk\/fakulta-verejnej-spravy\/medzinarodne-vztahy\/26677-2\/"]}]},{"@type":"BreadcrumbList","@id":"https:\/\/www.upjs.sk\/fakulta-verejnej-spravy\/medzinarodne-vztahy\/26677-2\/#breadcrumb","itemListElement":[{"@type":"ListItem","position":1,"name":"Home","item":"https:\/\/www.upjs.sk\/fakulta-verejnej-spravy\/"},{"@type":"ListItem","position":2,"name":"Medzin\u00e1rodn\u00e9 vz\u0165ahy","item":"https:\/\/www.upjs.sk\/fakulta-verejnej-spravy\/medzinarodne-vztahy\/"},{"@type":"ListItem","position":3,"name":"Partnersk\u00e9 univerzity a bilater\u00e1lne zmluvy 2022\/2023"}]},{"@type":"WebSite","@id":"https:\/\/www.upjs.sk\/fakulta-verejnej-spravy\/#website","url":"https:\/\/www.upjs.sk\/fakulta-verejnej-spravy\/","name":"Fakulta verejnej spr\u00e1vy | UPJ\u0160","description":"","publisher":{"@id":"https:\/\/www.upjs.sk\/fakulta-verejnej-spravy\/#organization"},"potentialAction":[{"@type":"SearchAction","target":{"@type":"EntryPoint","urlTemplate":"https:\/\/www.upjs.sk\/fakulta-verejnej-spravy\/?s={search_term_string}"},"query-input":{"@type":"PropertyValueSpecification","valueRequired":true,"valueName":"search_term_string"}}],"inLanguage":"sk-SK"},{"@type":"Organization","@id":"https:\/\/www.upjs.sk\/fakulta-verejnej-spravy\/#organization","name":"Fakulta verejnej spr\u00e1vy | UPJ\u0160","url":"https:\/\/www.upjs.sk\/fakulta-verejnej-spravy\/","logo":{"@type":"ImageObject","inLanguage":"sk-SK","@id":"https:\/\/www.upjs.sk\/fakulta-verejnej-spravy\/#\/schema\/logo\/image\/","url":"https:\/\/www.upjs.sk\/app\/uploads\/sites\/12\/2022\/09\/logo-verejnej-spravy-fakulta.png","contentUrl":"https:\/\/www.upjs.sk\/app\/uploads\/sites\/12\/2022\/09\/logo-verejnej-spravy-fakulta.png","width":415,"height":87,"caption":"Fakulta verejnej spr\u00e1vy | UPJ\u0160"},"image":{"@id":"https:\/\/www.upjs.sk\/fakulta-verejnej-spravy\/#\/schema\/logo\/image\/"}}]}},"_links":{"self":[{"href":"https:\/\/www.upjs.sk\/fakulta-verejnej-spravy\/wp-json\/wp\/v2\/pages\/13730","targetHints":{"allow":["GET"]}}],"collection":[{"href":"https:\/\/www.upjs.sk\/fakulta-verejnej-spravy\/wp-json\/wp\/v2\/pages"}],"about":[{"href":"https:\/\/www.upjs.sk\/fakulta-verejnej-spravy\/wp-json\/wp\/v2\/types\/page"}],"author":[{"embeddable":true,"href":"https:\/\/www.upjs.sk\/fakulta-verejnej-spravy\/wp-json\/wp\/v2\/users\/1"}],"replies":[{"embeddable":true,"href":"https:\/\/www.upjs.sk\/fakulta-verejnej-spravy\/wp-json\/wp\/v2\/comments?post=13730"}],"version-history":[{"count":1,"href":"https:\/\/www.upjs.sk\/fakulta-verejnej-spravy\/wp-json\/wp\/v2\/pages\/13730\/revisions"}],"predecessor-version":[{"id":14727,"href":"https:\/\/www.upjs.sk\/fakulta-verejnej-spravy\/wp-json\/wp\/v2\/pages\/13730\/revisions\/14727"}],"up":[{"embeddable":true,"href":"https:\/\/www.upjs.sk\/fakulta-verejnej-spravy\/wp-json\/wp\/v2\/pages\/12952"}],"wp:attachment":[{"href":"https:\/\/www.upjs.sk\/fakulta-verejnej-spravy\/wp-json\/wp\/v2\/media?parent=13730"}],"wp:term":[{"taxonomy":"category","embeddable":true,"href":"https:\/\/www.upjs.sk\/fakulta-verejnej-spravy\/wp-json\/wp\/v2\/categories?post=13730"},{"taxonomy":"post_tag","embeddable":true,"href":"https:\/\/www.upjs.sk\/fakulta-verejnej-spravy\/wp-json\/wp\/v2\/tags?post=13730"}],"curies":[{"name":"wp","href":"https:\/\/api.w.org\/{rel}","templated":true}]}}