{"id":13732,"date":"2022-04-22T14:51:48","date_gmt":"2022-04-22T14:51:48","guid":{"rendered":"https:\/\/www.upjs.sk\/fakulta-verejnej-spravy\/informacie-pre-zamestnancov\/26630-2\/"},"modified":"2022-10-19T13:55:41","modified_gmt":"2022-10-19T13:55:41","slug":"26630-2","status":"publish","type":"page","link":"https:\/\/www.upjs.sk\/fakulta-verejnej-spravy\/informacie-pre-zamestnancov\/26630-2\/","title":{"rendered":"D\u00f4le\u017eit\u00e9 predpisy"},"content":{"rendered":"<p>Z\u00e1kony a nariadenia<\/p>\n<ul>\n<li><a href=\"https:\/\/www.slov-lex.sk\/domov\">SLOV-LEX &#8211; pr\u00e1vny a informa\u010dn\u00fd port\u00e1l<\/a><\/li>\n<li><a href=\"https:\/\/www.slov-lex.sk\/pravne-predpisy\/SK\/ZZ\/2002\/131\/20220101\">Z\u00e1kon \u010d.131\/2002 Z.z. o vysok\u00fdch \u0161kol\u00e1ch a o zmene a doplnen\u00ed niektor\u00fdch\u00a0z\u00e1konov<\/a>\u00a0(do 31. 3. 2022)<\/li>\n<li><a href=\"https:\/\/www.slov-lex.sk\/pravne-predpisy\/SK\/ZZ\/2018\/354\/20190101\">NARIADENIE VL\u00c1DY Slovenskej republiky z 28. novembra 2018, ktor\u00fdm sa men\u00ed nariadenie vl\u00e1dy Slovenskej republiky \u010d. 341\/2004 Z. z., ktor\u00fdm sa ustanovuj\u00fa katal\u00f3gy pracovn\u00fdch \u010dinnost\u00ed pri v\u00fdkone pr\u00e1ce vo verejnom z\u00e1ujme a o ich zmen\u00e1ch a dop\u013a\u0148an\u00ed v znen\u00ed neskor\u0161\u00edch predpisov<\/a><\/li>\n<li><a href=\"https:\/\/www.slov-lex.sk\/pravne-predpisy\/SK\/ZZ\/2003\/553\/20220101\">Z\u00e1kon \u010d. 553\/2003 Z.z. o odme\u0148ovan\u00ed niektor\u00fdch zamestnancov pri v\u00fdkone pr\u00e1ce vo verejnom z\u00e1ujme a o zmene a doplnen\u00ed niektor\u00fdch z\u00e1konov<\/a><\/li>\n<li><a href=\"https:\/\/www.slov-lex.sk\/pravne-predpisy\/SK\/ZZ\/2002\/283\/20200730\">Z\u00e1kon \u010d. 283\/2002 Z.z. o cestovn\u00fdch n\u00e1hrad\u00e1ch<\/a><\/li>\n<li><a href=\"https:\/\/www.slov-lex.sk\/pravne-predpisy\/SK\/ZZ\/2018\/388\/20200101\">Nariadenie vl\u00e1dy Slovenskej republiky \u010d. 388\/2018 Z.z., ktor\u00fdm sa ustanovuj\u00fa zv\u00fd\u0161en\u00e9 stupnice platov\u00fdch tar\u00edf zamestnancov pri v\u00fdkone pr\u00e1ce vo verejnom z\u00e1ujme<\/a><\/li>\n<\/ul>\n<p>D\u00f4le\u017eit\u00e9 fakultn\u00e9 dokumenty<\/p>\n<ul>\n<li><a href=\"\/public\/media\/1142\/Statut_FVS_2014_na zverejnenie.pdf\">\u0160tat\u00fat FVS UPJ\u0160<\/a><\/li>\n<li><a href=\"https:\/\/www.upjs.sk\/studenti\/legislativa\/stud-stip-poriadok\/\">\u0160tudijn\u00fd poriadok\u00a0a \u0161tipendijn\u00fd poriadok<\/a><\/li>\n<li><a href=\"https:\/\/www.upjs.sk\/public\/media\/25621\/FVS-Disciplinarny%20poriadok-AS%20FVS.pdf\">Disciplin\u00e1rny poriadok<\/a><\/li>\n<li><a href=\"https:\/\/www.upjs.sk\/public\/media\/1142\/OP_FVS_10042019_zmena%20organizacna%20na%20AS%2015042019_org%20zmena%2016092019finalfinal.pdf\">Organiza\u010dn\u00fd poriadok<\/a><\/li>\n<li><a href=\"https:\/\/www.upjs.sk\/fakulta-verejnej-spravy\/fakulta\/25622\/\">Dlhodob\u00e9\u00a0z\u00e1mery Fakulty verejnej spr\u00e1vy UPJ\u0160 v Ko\u0161iciach<\/a><a href=\"\/public\/media\/1142\/22_Dlhodoby_zamer_18-22.pdf\">\u00a0<\/a><\/li>\n<\/ul>\n<p>\u00a0<\/p>\n","protected":false},"excerpt":{"rendered":"<p>Z\u00e1kony a nariadenia SLOV-LEX &#8211; pr\u00e1vny a informa\u010dn\u00fd port\u00e1l Z\u00e1kon \u010d.131\/2002 Z.z. o vysok\u00fdch \u0161kol\u00e1ch a o zmene a doplnen\u00ed niektor\u00fdch\u00a0z\u00e1konov\u00a0(do 31. 3. 2022) NARIADENIE VL\u00c1DY Slovenskej republiky z 28. novembra 2018, ktor\u00fdm sa men\u00ed nariadenie vl\u00e1dy Slovenskej republiky \u010d. 341\/2004 Z. z., ktor\u00fdm sa ustanovuj\u00fa katal\u00f3gy pracovn\u00fdch \u010dinnost\u00ed pri v\u00fdkone pr\u00e1ce vo verejnom z\u00e1ujme &hellip; <a href=\"https:\/\/www.upjs.sk\/fakulta-verejnej-spravy\/informacie-pre-zamestnancov\/26630-2\/\">\u010c\u00edta\u0165 \u010falej<\/a><\/p>\n","protected":false},"author":1,"featured_media":0,"parent":13028,"menu_order":0,"comment_status":"closed","ping_status":"closed","template":"","meta":{"_acf_changed":false,"_editorskit_title_hidden":false,"_editorskit_reading_time":0,"_editorskit_is_block_options_detached":false,"_editorskit_block_options_position":"{}","footnotes":""},"categories":[],"tags":[],"class_list":["post-13732","page","type-page","status-publish","hentry"],"acf":{"acf_link_na_externy_obsah":""},"yoast_head":"<!-- This site is optimized with the Yoast SEO plugin v27.4 - https:\/\/yoast.com\/product\/yoast-seo-wordpress\/ -->\n<title>D\u00f4le\u017eit\u00e9 predpisy - Fakulta verejnej spr\u00e1vy | UPJ\u0160<\/title>\n<meta name=\"robots\" content=\"index, follow, max-snippet:-1, max-image-preview:large, max-video-preview:-1\" \/>\n<link rel=\"canonical\" href=\"https:\/\/www.upjs.sk\/fakulta-verejnej-spravy\/informacie-pre-zamestnancov\/26630-2\/\" \/>\n<meta property=\"og:locale\" content=\"sk_SK\" \/>\n<meta property=\"og:type\" content=\"article\" \/>\n<meta property=\"og:title\" content=\"D\u00f4le\u017eit\u00e9 predpisy - Fakulta verejnej spr\u00e1vy | UPJ\u0160\" \/>\n<meta property=\"og:description\" content=\"Z\u00e1kony a nariadenia SLOV-LEX &#8211; pr\u00e1vny a informa\u010dn\u00fd port\u00e1l Z\u00e1kon \u010d.131\/2002 Z.z. o vysok\u00fdch \u0161kol\u00e1ch a o zmene a doplnen\u00ed niektor\u00fdch\u00a0z\u00e1konov\u00a0(do 31. 3. 2022) NARIADENIE VL\u00c1DY Slovenskej republiky z 28. novembra 2018, ktor\u00fdm sa men\u00ed nariadenie vl\u00e1dy Slovenskej republiky \u010d. 341\/2004 Z. z., ktor\u00fdm sa ustanovuj\u00fa katal\u00f3gy pracovn\u00fdch \u010dinnost\u00ed pri v\u00fdkone pr\u00e1ce vo verejnom z\u00e1ujme &hellip; \u010c\u00edta\u0165 \u010falej\" \/>\n<meta property=\"og:url\" content=\"https:\/\/www.upjs.sk\/fakulta-verejnej-spravy\/informacie-pre-zamestnancov\/26630-2\/\" \/>\n<meta property=\"og:site_name\" content=\"Fakulta verejnej spr\u00e1vy | UPJ\u0160\" \/>\n<meta property=\"article:modified_time\" content=\"2022-10-19T13:55:41+00:00\" \/>\n<meta name=\"twitter:card\" content=\"summary_large_image\" \/>\n<meta name=\"twitter:label1\" content=\"Predpokladan\u00fd \u010das \u010d\u00edtania\" \/>\n\t<meta name=\"twitter:data1\" content=\"1 min\u00fata\" \/>\n<script type=\"application\/ld+json\" class=\"yoast-schema-graph\">{\"@context\":\"https:\\\/\\\/schema.org\",\"@graph\":[{\"@type\":\"WebPage\",\"@id\":\"https:\\\/\\\/www.upjs.sk\\\/fakulta-verejnej-spravy\\\/informacie-pre-zamestnancov\\\/26630-2\\\/\",\"url\":\"https:\\\/\\\/www.upjs.sk\\\/fakulta-verejnej-spravy\\\/informacie-pre-zamestnancov\\\/26630-2\\\/\",\"name\":\"D\u00f4le\u017eit\u00e9 predpisy - Fakulta verejnej spr\u00e1vy | UPJ\u0160\",\"isPartOf\":{\"@id\":\"https:\\\/\\\/www.upjs.sk\\\/fakulta-verejnej-spravy\\\/#website\"},\"datePublished\":\"2022-04-22T14:51:48+00:00\",\"dateModified\":\"2022-10-19T13:55:41+00:00\",\"breadcrumb\":{\"@id\":\"https:\\\/\\\/www.upjs.sk\\\/fakulta-verejnej-spravy\\\/informacie-pre-zamestnancov\\\/26630-2\\\/#breadcrumb\"},\"inLanguage\":\"sk-SK\",\"potentialAction\":[{\"@type\":\"ReadAction\",\"target\":[\"https:\\\/\\\/www.upjs.sk\\\/fakulta-verejnej-spravy\\\/informacie-pre-zamestnancov\\\/26630-2\\\/\"]}]},{\"@type\":\"BreadcrumbList\",\"@id\":\"https:\\\/\\\/www.upjs.sk\\\/fakulta-verejnej-spravy\\\/informacie-pre-zamestnancov\\\/26630-2\\\/#breadcrumb\",\"itemListElement\":[{\"@type\":\"ListItem\",\"position\":1,\"name\":\"Home\",\"item\":\"https:\\\/\\\/www.upjs.sk\\\/fakulta-verejnej-spravy\\\/\"},{\"@type\":\"ListItem\",\"position\":2,\"name\":\"Inform\u00e1cie pre zamestnancov\",\"item\":\"https:\\\/\\\/www.upjs.sk\\\/fakulta-verejnej-spravy\\\/informacie-pre-zamestnancov\\\/\"},{\"@type\":\"ListItem\",\"position\":3,\"name\":\"D\u00f4le\u017eit\u00e9 predpisy\"}]},{\"@type\":\"WebSite\",\"@id\":\"https:\\\/\\\/www.upjs.sk\\\/fakulta-verejnej-spravy\\\/#website\",\"url\":\"https:\\\/\\\/www.upjs.sk\\\/fakulta-verejnej-spravy\\\/\",\"name\":\"Fakulta verejnej spr\u00e1vy | UPJ\u0160\",\"description\":\"\",\"publisher\":{\"@id\":\"https:\\\/\\\/www.upjs.sk\\\/fakulta-verejnej-spravy\\\/#organization\"},\"potentialAction\":[{\"@type\":\"SearchAction\",\"target\":{\"@type\":\"EntryPoint\",\"urlTemplate\":\"https:\\\/\\\/www.upjs.sk\\\/fakulta-verejnej-spravy\\\/?s={search_term_string}\"},\"query-input\":{\"@type\":\"PropertyValueSpecification\",\"valueRequired\":true,\"valueName\":\"search_term_string\"}}],\"inLanguage\":\"sk-SK\"},{\"@type\":\"Organization\",\"@id\":\"https:\\\/\\\/www.upjs.sk\\\/fakulta-verejnej-spravy\\\/#organization\",\"name\":\"Fakulta verejnej spr\u00e1vy | UPJ\u0160\",\"url\":\"https:\\\/\\\/www.upjs.sk\\\/fakulta-verejnej-spravy\\\/\",\"logo\":{\"@type\":\"ImageObject\",\"inLanguage\":\"sk-SK\",\"@id\":\"https:\\\/\\\/www.upjs.sk\\\/fakulta-verejnej-spravy\\\/#\\\/schema\\\/logo\\\/image\\\/\",\"url\":\"https:\\\/\\\/www.upjs.sk\\\/app\\\/uploads\\\/sites\\\/12\\\/2022\\\/09\\\/logo-verejnej-spravy-fakulta.png\",\"contentUrl\":\"https:\\\/\\\/www.upjs.sk\\\/app\\\/uploads\\\/sites\\\/12\\\/2022\\\/09\\\/logo-verejnej-spravy-fakulta.png\",\"width\":415,\"height\":87,\"caption\":\"Fakulta verejnej spr\u00e1vy | UPJ\u0160\"},\"image\":{\"@id\":\"https:\\\/\\\/www.upjs.sk\\\/fakulta-verejnej-spravy\\\/#\\\/schema\\\/logo\\\/image\\\/\"}}]}<\/script>\n<!-- \/ Yoast SEO plugin. -->","yoast_head_json":{"title":"D\u00f4le\u017eit\u00e9 predpisy - Fakulta verejnej spr\u00e1vy | UPJ\u0160","robots":{"index":"index","follow":"follow","max-snippet":"max-snippet:-1","max-image-preview":"max-image-preview:large","max-video-preview":"max-video-preview:-1"},"canonical":"https:\/\/www.upjs.sk\/fakulta-verejnej-spravy\/informacie-pre-zamestnancov\/26630-2\/","og_locale":"sk_SK","og_type":"article","og_title":"D\u00f4le\u017eit\u00e9 predpisy - Fakulta verejnej spr\u00e1vy | UPJ\u0160","og_description":"Z\u00e1kony a nariadenia SLOV-LEX &#8211; pr\u00e1vny a informa\u010dn\u00fd port\u00e1l Z\u00e1kon \u010d.131\/2002 Z.z. o vysok\u00fdch \u0161kol\u00e1ch a o zmene a doplnen\u00ed niektor\u00fdch\u00a0z\u00e1konov\u00a0(do 31. 3. 2022) NARIADENIE VL\u00c1DY Slovenskej republiky z 28. novembra 2018, ktor\u00fdm sa men\u00ed nariadenie vl\u00e1dy Slovenskej republiky \u010d. 341\/2004 Z. z., ktor\u00fdm sa ustanovuj\u00fa katal\u00f3gy pracovn\u00fdch \u010dinnost\u00ed pri v\u00fdkone pr\u00e1ce vo verejnom z\u00e1ujme &hellip; \u010c\u00edta\u0165 \u010falej","og_url":"https:\/\/www.upjs.sk\/fakulta-verejnej-spravy\/informacie-pre-zamestnancov\/26630-2\/","og_site_name":"Fakulta verejnej spr\u00e1vy | UPJ\u0160","article_modified_time":"2022-10-19T13:55:41+00:00","twitter_card":"summary_large_image","twitter_misc":{"Predpokladan\u00fd \u010das \u010d\u00edtania":"1 min\u00fata"},"schema":{"@context":"https:\/\/schema.org","@graph":[{"@type":"WebPage","@id":"https:\/\/www.upjs.sk\/fakulta-verejnej-spravy\/informacie-pre-zamestnancov\/26630-2\/","url":"https:\/\/www.upjs.sk\/fakulta-verejnej-spravy\/informacie-pre-zamestnancov\/26630-2\/","name":"D\u00f4le\u017eit\u00e9 predpisy - Fakulta verejnej spr\u00e1vy | UPJ\u0160","isPartOf":{"@id":"https:\/\/www.upjs.sk\/fakulta-verejnej-spravy\/#website"},"datePublished":"2022-04-22T14:51:48+00:00","dateModified":"2022-10-19T13:55:41+00:00","breadcrumb":{"@id":"https:\/\/www.upjs.sk\/fakulta-verejnej-spravy\/informacie-pre-zamestnancov\/26630-2\/#breadcrumb"},"inLanguage":"sk-SK","potentialAction":[{"@type":"ReadAction","target":["https:\/\/www.upjs.sk\/fakulta-verejnej-spravy\/informacie-pre-zamestnancov\/26630-2\/"]}]},{"@type":"BreadcrumbList","@id":"https:\/\/www.upjs.sk\/fakulta-verejnej-spravy\/informacie-pre-zamestnancov\/26630-2\/#breadcrumb","itemListElement":[{"@type":"ListItem","position":1,"name":"Home","item":"https:\/\/www.upjs.sk\/fakulta-verejnej-spravy\/"},{"@type":"ListItem","position":2,"name":"Inform\u00e1cie pre zamestnancov","item":"https:\/\/www.upjs.sk\/fakulta-verejnej-spravy\/informacie-pre-zamestnancov\/"},{"@type":"ListItem","position":3,"name":"D\u00f4le\u017eit\u00e9 predpisy"}]},{"@type":"WebSite","@id":"https:\/\/www.upjs.sk\/fakulta-verejnej-spravy\/#website","url":"https:\/\/www.upjs.sk\/fakulta-verejnej-spravy\/","name":"Fakulta verejnej spr\u00e1vy | UPJ\u0160","description":"","publisher":{"@id":"https:\/\/www.upjs.sk\/fakulta-verejnej-spravy\/#organization"},"potentialAction":[{"@type":"SearchAction","target":{"@type":"EntryPoint","urlTemplate":"https:\/\/www.upjs.sk\/fakulta-verejnej-spravy\/?s={search_term_string}"},"query-input":{"@type":"PropertyValueSpecification","valueRequired":true,"valueName":"search_term_string"}}],"inLanguage":"sk-SK"},{"@type":"Organization","@id":"https:\/\/www.upjs.sk\/fakulta-verejnej-spravy\/#organization","name":"Fakulta verejnej spr\u00e1vy | UPJ\u0160","url":"https:\/\/www.upjs.sk\/fakulta-verejnej-spravy\/","logo":{"@type":"ImageObject","inLanguage":"sk-SK","@id":"https:\/\/www.upjs.sk\/fakulta-verejnej-spravy\/#\/schema\/logo\/image\/","url":"https:\/\/www.upjs.sk\/app\/uploads\/sites\/12\/2022\/09\/logo-verejnej-spravy-fakulta.png","contentUrl":"https:\/\/www.upjs.sk\/app\/uploads\/sites\/12\/2022\/09\/logo-verejnej-spravy-fakulta.png","width":415,"height":87,"caption":"Fakulta verejnej spr\u00e1vy | UPJ\u0160"},"image":{"@id":"https:\/\/www.upjs.sk\/fakulta-verejnej-spravy\/#\/schema\/logo\/image\/"}}]}},"_links":{"self":[{"href":"https:\/\/www.upjs.sk\/fakulta-verejnej-spravy\/wp-json\/wp\/v2\/pages\/13732","targetHints":{"allow":["GET"]}}],"collection":[{"href":"https:\/\/www.upjs.sk\/fakulta-verejnej-spravy\/wp-json\/wp\/v2\/pages"}],"about":[{"href":"https:\/\/www.upjs.sk\/fakulta-verejnej-spravy\/wp-json\/wp\/v2\/types\/page"}],"author":[{"embeddable":true,"href":"https:\/\/www.upjs.sk\/fakulta-verejnej-spravy\/wp-json\/wp\/v2\/users\/1"}],"replies":[{"embeddable":true,"href":"https:\/\/www.upjs.sk\/fakulta-verejnej-spravy\/wp-json\/wp\/v2\/comments?post=13732"}],"version-history":[{"count":1,"href":"https:\/\/www.upjs.sk\/fakulta-verejnej-spravy\/wp-json\/wp\/v2\/pages\/13732\/revisions"}],"predecessor-version":[{"id":14729,"href":"https:\/\/www.upjs.sk\/fakulta-verejnej-spravy\/wp-json\/wp\/v2\/pages\/13732\/revisions\/14729"}],"up":[{"embeddable":true,"href":"https:\/\/www.upjs.sk\/fakulta-verejnej-spravy\/wp-json\/wp\/v2\/pages\/13028"}],"wp:attachment":[{"href":"https:\/\/www.upjs.sk\/fakulta-verejnej-spravy\/wp-json\/wp\/v2\/media?parent=13732"}],"wp:term":[{"taxonomy":"category","embeddable":true,"href":"https:\/\/www.upjs.sk\/fakulta-verejnej-spravy\/wp-json\/wp\/v2\/categories?post=13732"},{"taxonomy":"post_tag","embeddable":true,"href":"https:\/\/www.upjs.sk\/fakulta-verejnej-spravy\/wp-json\/wp\/v2\/tags?post=13732"}],"curies":[{"name":"wp","href":"https:\/\/api.w.org\/{rel}","templated":true}]}}