{"id":13744,"date":"2021-09-22T12:11:16","date_gmt":"2021-09-22T12:11:16","guid":{"rendered":"https:\/\/www.upjs.sk\/fakulta-verejnej-spravy\/verejnost-media\/15545-2\/"},"modified":"2023-05-01T13:05:28","modified_gmt":"2023-05-01T12:05:28","slug":"15545-2","status":"publish","type":"page","link":"https:\/\/www.upjs.sk\/fakulta-verejnej-spravy\/15545-2\/","title":{"rendered":"Spolupr\u00e1ca s praxou"},"content":{"rendered":"<ul>\n<li><a href=\"https:\/\/www.upjs.sk\/fakulta-verejnej-spravy\/?page_id=12752\"><strong>Memorandum o spolupr\u00e1ci v oblasti \u0161t\u00e1tnej slu\u017eby s Radou pre \u0161t\u00e1tnu slu\u017ebu (2019)<\/strong><\/a><br \/>\nPredmetom memoranda je \u00fazka spolupr\u00e1ca vo v\u00fdmene inform\u00e1ci\u00ed so zameran\u00edm na \u0161t\u00e1tnu slu\u017ebu, organizovanie spolo\u010dn\u00fdch konferenci\u00ed a in\u00fdch odborn\u00fdch podujat\u00ed, odborn\u00e9 konzult\u00e1cie v oblasti \u0161t\u00e1tnej slu\u017eby, zap\u00e1janie pracovn\u00edkov Rady pre \u0161t\u00e1tnu slu\u017ebu do v\u00fdu\u010dbov\u00e9ho procesu formou expertn\u00fdch predn\u00e1\u0161ok a \u00fa\u010dasti pri konzultovan\u00ed z\u00e1vere\u010dn\u00fdch pr\u00e1c, ako aj realiz\u00e1cia odbornej praxe \u0161tudentov fakulty na pracovisku Rady pre \u0161t\u00e1tnu slu\u017ebu.<\/li>\n<li><strong>Dohoda o partnerstve s Bratislavsk\u00fdm samospr\u00e1vnym krajom (<a href=\"https:\/\/portal.egov.region-bsk.sk\/\">BSK<\/a>) (2015)<\/strong><br \/>\nPredmetom a \u00fa\u010delom dohody je realiz\u00e1cia uzatvoren\u00fdch Doh\u00f4d o absolvovan\u00ed odbornej st\u00e1\u017ee medzi BSK a \u0161tudentom Fakulty verejnej spr\u00e1vy UPJ\u0160 v Ko\u0161iciach a t\u00e1to dohoda umo\u017e\u0148uje absolvova\u0165 ka\u017edoro\u010dne 2 vybran\u00fdm \u0161tudentom fakulty absolvova\u0165 na BSK odborn\u00fa st\u00e1\u017e v rozsahu 1 a\u017e 3 mesiace. Po\u010das tohto obdobia bude \u00falohou \u0161tudenta identifikova\u0165 siln\u00e9 a slab\u00e9 str\u00e1nky, ne\u017eiaduce rozdiely na region\u00e1lnej \u00farovni hospod\u00e1rskeho, soci\u00e1lneho a \u00fazemn\u00e9ho rozvoja BSK a potenci\u00e1l jeho rozvoja. Okrem toho sa bude zap\u00e1ja\u0165 do administrat\u00edvnych \u010diastkov\u00fdch \u00faloh a oboznamova\u0165 sa s odbornou problematikou samospr\u00e1vy.<\/li>\n<li><strong>Memorandum o spolupr\u00e1ci uzatvoren\u00e9 medzi <a href=\"https:\/\/www.zmos.sk\/\">Zdru\u017een\u00edm miest a obc\u00ed Slovenska<\/a> (ZMOS) a UPJ\u0160 v Ko\u0161iciach, Fakultou verejnej spr\u00e1vy (2020)<\/strong><br \/>\nMemorandum zav\u00e4zuje obe strany vz\u00e1jomne spolupracova\u0165 pri:<\/p>\n<ul>\n<li>zabezpe\u010dovan\u00ed praxe \u0161tudentov Fakulty verejnej spr\u00e1vy v mestsk\u00fdch a obecn\u00fdch \u00faradoch zdru\u017een\u00fdch v ZMOS,<\/li>\n<li>realizovan\u00ed odborn\u00fdch a vzdel\u00e1vac\u00edch podujat\u00ed, osobitne pri vzdel\u00e1van\u00ed volen\u00fdch funkcion\u00e1rov miestnej samospr\u00e1vy,<\/li>\n<li>pri v\u00fdskumnej \u010dinnosti a vyu\u017e\u00edvan\u00ed odborn\u00e9ho potenci\u00e1lu obidvoch str\u00e1n,<\/li>\n<li>tvorbe (pr\u00edprave) vzdel\u00e1vac\u00edch a vedeck\u00fdch projektov,<\/li>\n<li>vz\u00e1jomnom a akt\u00edvnom p\u00f4soben\u00ed v org\u00e1noch (sekci\u00e1ch) ZMOS a Fakulty verejnej spr\u00e1vy<\/li>\n<\/ul>\n<\/li>\n<\/ul>\n<ul>\n<li>\n<p style=\"text-align: left\"><strong>Dohoda o vz\u00e1jomnej spolupr\u00e1ci s <a href=\"https:\/\/www.mzv.sk\/ministerstvo\/kariera_a_pracovne_ponuky-kratkodobe_studentske_staze\">Ministerstvom zahrani\u010dn\u00fdch vec\u00ed a eur\u00f3pskych z\u00e1le\u017eitost\u00ed Slovenskej republiky<\/a><\/strong><br \/>\nMinisterstvo zahrani\u010dn\u00fdch vec\u00ed a eur\u00f3pskych z\u00e1le\u017eitost\u00ed Slovenskej republiky (\u010falej len ministerstvo) organizuje program kr\u00e1tkodob\u00fdch \u0161tudentsk\u00fdch st\u00e1\u017e\u00ed ako mo\u017enos\u0165 pre \u0161tudentov obozn\u00e1mi\u0165 sa s \u010dinnos\u0165ou ministerstva &#8211; \u00fastredia (v Bratislave) a z\u00e1rove\u0148 zastupite\u013esk\u00fdch \u00faradov (v jednotliv\u00fdch krajin\u00e1ch v zahrani\u010d\u00ed).<\/p>\n<\/li>\n<\/ul>\n","protected":false},"excerpt":{"rendered":"<p>Memorandum o spolupr\u00e1ci v oblasti \u0161t\u00e1tnej slu\u017eby s Radou pre \u0161t\u00e1tnu slu\u017ebu (2019) Predmetom memoranda je \u00fazka spolupr\u00e1ca vo v\u00fdmene inform\u00e1ci\u00ed so zameran\u00edm na \u0161t\u00e1tnu slu\u017ebu, organizovanie spolo\u010dn\u00fdch konferenci\u00ed a in\u00fdch odborn\u00fdch podujat\u00ed, odborn\u00e9 konzult\u00e1cie v oblasti \u0161t\u00e1tnej slu\u017eby, zap\u00e1janie pracovn\u00edkov Rady pre \u0161t\u00e1tnu slu\u017ebu do v\u00fdu\u010dbov\u00e9ho procesu formou expertn\u00fdch predn\u00e1\u0161ok a \u00fa\u010dasti pri konzultovan\u00ed &hellip; <a href=\"https:\/\/www.upjs.sk\/fakulta-verejnej-spravy\/15545-2\/\">\u010c\u00edta\u0165 \u010falej<\/a><\/p>\n","protected":false},"author":1,"featured_media":0,"parent":0,"menu_order":43,"comment_status":"closed","ping_status":"closed","template":"","meta":{"_acf_changed":false,"_editorskit_title_hidden":false,"_editorskit_reading_time":1,"_editorskit_is_block_options_detached":false,"_editorskit_block_options_position":"{}","footnotes":""},"categories":[],"tags":[],"class_list":["post-13744","page","type-page","status-publish","hentry"],"acf":{"acf_link_na_externy_obsah":""},"yoast_head":"<!-- This site is optimized with the Yoast SEO plugin v27.2 - https:\/\/yoast.com\/product\/yoast-seo-wordpress\/ -->\n<title>Spolupr\u00e1ca s praxou - Fakulta verejnej spr\u00e1vy | UPJ\u0160<\/title>\n<meta name=\"robots\" content=\"index, follow, max-snippet:-1, max-image-preview:large, max-video-preview:-1\" \/>\n<link rel=\"canonical\" href=\"https:\/\/www.upjs.sk\/fakulta-verejnej-spravy\/15545-2\/\" \/>\n<meta property=\"og:locale\" content=\"sk_SK\" \/>\n<meta property=\"og:type\" content=\"article\" \/>\n<meta property=\"og:title\" content=\"Spolupr\u00e1ca s praxou - Fakulta verejnej spr\u00e1vy | UPJ\u0160\" \/>\n<meta property=\"og:description\" content=\"Memorandum o spolupr\u00e1ci v oblasti \u0161t\u00e1tnej slu\u017eby s Radou pre \u0161t\u00e1tnu slu\u017ebu (2019) Predmetom memoranda je \u00fazka spolupr\u00e1ca vo v\u00fdmene inform\u00e1ci\u00ed so zameran\u00edm na \u0161t\u00e1tnu slu\u017ebu, organizovanie spolo\u010dn\u00fdch konferenci\u00ed a in\u00fdch odborn\u00fdch podujat\u00ed, odborn\u00e9 konzult\u00e1cie v oblasti \u0161t\u00e1tnej slu\u017eby, zap\u00e1janie pracovn\u00edkov Rady pre \u0161t\u00e1tnu slu\u017ebu do v\u00fdu\u010dbov\u00e9ho procesu formou expertn\u00fdch predn\u00e1\u0161ok a \u00fa\u010dasti pri konzultovan\u00ed &hellip; \u010c\u00edta\u0165 \u010falej\" \/>\n<meta property=\"og:url\" content=\"https:\/\/www.upjs.sk\/fakulta-verejnej-spravy\/15545-2\/\" \/>\n<meta property=\"og:site_name\" content=\"Fakulta verejnej spr\u00e1vy | UPJ\u0160\" \/>\n<meta property=\"article:modified_time\" content=\"2023-05-01T12:05:28+00:00\" \/>\n<meta name=\"twitter:card\" content=\"summary_large_image\" \/>\n<meta name=\"twitter:label1\" content=\"Predpokladan\u00fd \u010das \u010d\u00edtania\" \/>\n\t<meta name=\"twitter:data1\" content=\"2 min\u00faty\" \/>\n<script type=\"application\/ld+json\" class=\"yoast-schema-graph\">{\"@context\":\"https:\/\/schema.org\",\"@graph\":[{\"@type\":\"WebPage\",\"@id\":\"https:\/\/www.upjs.sk\/fakulta-verejnej-spravy\/15545-2\/\",\"url\":\"https:\/\/www.upjs.sk\/fakulta-verejnej-spravy\/15545-2\/\",\"name\":\"Spolupr\u00e1ca s praxou - Fakulta verejnej spr\u00e1vy | UPJ\u0160\",\"isPartOf\":{\"@id\":\"https:\/\/www.upjs.sk\/fakulta-verejnej-spravy\/#website\"},\"datePublished\":\"2021-09-22T12:11:16+00:00\",\"dateModified\":\"2023-05-01T12:05:28+00:00\",\"breadcrumb\":{\"@id\":\"https:\/\/www.upjs.sk\/fakulta-verejnej-spravy\/15545-2\/#breadcrumb\"},\"inLanguage\":\"sk-SK\",\"potentialAction\":[{\"@type\":\"ReadAction\",\"target\":[\"https:\/\/www.upjs.sk\/fakulta-verejnej-spravy\/15545-2\/\"]}]},{\"@type\":\"BreadcrumbList\",\"@id\":\"https:\/\/www.upjs.sk\/fakulta-verejnej-spravy\/15545-2\/#breadcrumb\",\"itemListElement\":[{\"@type\":\"ListItem\",\"position\":1,\"name\":\"Home\",\"item\":\"https:\/\/www.upjs.sk\/fakulta-verejnej-spravy\/\"},{\"@type\":\"ListItem\",\"position\":2,\"name\":\"Spolupr\u00e1ca s praxou\"}]},{\"@type\":\"WebSite\",\"@id\":\"https:\/\/www.upjs.sk\/fakulta-verejnej-spravy\/#website\",\"url\":\"https:\/\/www.upjs.sk\/fakulta-verejnej-spravy\/\",\"name\":\"Fakulta verejnej spr\u00e1vy | UPJ\u0160\",\"description\":\"\",\"publisher\":{\"@id\":\"https:\/\/www.upjs.sk\/fakulta-verejnej-spravy\/#organization\"},\"potentialAction\":[{\"@type\":\"SearchAction\",\"target\":{\"@type\":\"EntryPoint\",\"urlTemplate\":\"https:\/\/www.upjs.sk\/fakulta-verejnej-spravy\/?s={search_term_string}\"},\"query-input\":{\"@type\":\"PropertyValueSpecification\",\"valueRequired\":true,\"valueName\":\"search_term_string\"}}],\"inLanguage\":\"sk-SK\"},{\"@type\":\"Organization\",\"@id\":\"https:\/\/www.upjs.sk\/fakulta-verejnej-spravy\/#organization\",\"name\":\"Fakulta verejnej spr\u00e1vy | UPJ\u0160\",\"url\":\"https:\/\/www.upjs.sk\/fakulta-verejnej-spravy\/\",\"logo\":{\"@type\":\"ImageObject\",\"inLanguage\":\"sk-SK\",\"@id\":\"https:\/\/www.upjs.sk\/fakulta-verejnej-spravy\/#\/schema\/logo\/image\/\",\"url\":\"https:\/\/www.upjs.sk\/app\/uploads\/sites\/12\/2022\/09\/logo-verejnej-spravy-fakulta.png\",\"contentUrl\":\"https:\/\/www.upjs.sk\/app\/uploads\/sites\/12\/2022\/09\/logo-verejnej-spravy-fakulta.png\",\"width\":415,\"height\":87,\"caption\":\"Fakulta verejnej spr\u00e1vy | UPJ\u0160\"},\"image\":{\"@id\":\"https:\/\/www.upjs.sk\/fakulta-verejnej-spravy\/#\/schema\/logo\/image\/\"}}]}<\/script>\n<!-- \/ Yoast SEO plugin. -->","yoast_head_json":{"title":"Spolupr\u00e1ca s praxou - Fakulta verejnej spr\u00e1vy | UPJ\u0160","robots":{"index":"index","follow":"follow","max-snippet":"max-snippet:-1","max-image-preview":"max-image-preview:large","max-video-preview":"max-video-preview:-1"},"canonical":"https:\/\/www.upjs.sk\/fakulta-verejnej-spravy\/15545-2\/","og_locale":"sk_SK","og_type":"article","og_title":"Spolupr\u00e1ca s praxou - Fakulta verejnej spr\u00e1vy | UPJ\u0160","og_description":"Memorandum o spolupr\u00e1ci v oblasti \u0161t\u00e1tnej slu\u017eby s Radou pre \u0161t\u00e1tnu slu\u017ebu (2019) Predmetom memoranda je \u00fazka spolupr\u00e1ca vo v\u00fdmene inform\u00e1ci\u00ed so zameran\u00edm na \u0161t\u00e1tnu slu\u017ebu, organizovanie spolo\u010dn\u00fdch konferenci\u00ed a in\u00fdch odborn\u00fdch podujat\u00ed, odborn\u00e9 konzult\u00e1cie v oblasti \u0161t\u00e1tnej slu\u017eby, zap\u00e1janie pracovn\u00edkov Rady pre \u0161t\u00e1tnu slu\u017ebu do v\u00fdu\u010dbov\u00e9ho procesu formou expertn\u00fdch predn\u00e1\u0161ok a \u00fa\u010dasti pri konzultovan\u00ed &hellip; \u010c\u00edta\u0165 \u010falej","og_url":"https:\/\/www.upjs.sk\/fakulta-verejnej-spravy\/15545-2\/","og_site_name":"Fakulta verejnej spr\u00e1vy | UPJ\u0160","article_modified_time":"2023-05-01T12:05:28+00:00","twitter_card":"summary_large_image","twitter_misc":{"Predpokladan\u00fd \u010das \u010d\u00edtania":"2 min\u00faty"},"schema":{"@context":"https:\/\/schema.org","@graph":[{"@type":"WebPage","@id":"https:\/\/www.upjs.sk\/fakulta-verejnej-spravy\/15545-2\/","url":"https:\/\/www.upjs.sk\/fakulta-verejnej-spravy\/15545-2\/","name":"Spolupr\u00e1ca s praxou - Fakulta verejnej spr\u00e1vy | UPJ\u0160","isPartOf":{"@id":"https:\/\/www.upjs.sk\/fakulta-verejnej-spravy\/#website"},"datePublished":"2021-09-22T12:11:16+00:00","dateModified":"2023-05-01T12:05:28+00:00","breadcrumb":{"@id":"https:\/\/www.upjs.sk\/fakulta-verejnej-spravy\/15545-2\/#breadcrumb"},"inLanguage":"sk-SK","potentialAction":[{"@type":"ReadAction","target":["https:\/\/www.upjs.sk\/fakulta-verejnej-spravy\/15545-2\/"]}]},{"@type":"BreadcrumbList","@id":"https:\/\/www.upjs.sk\/fakulta-verejnej-spravy\/15545-2\/#breadcrumb","itemListElement":[{"@type":"ListItem","position":1,"name":"Home","item":"https:\/\/www.upjs.sk\/fakulta-verejnej-spravy\/"},{"@type":"ListItem","position":2,"name":"Spolupr\u00e1ca s praxou"}]},{"@type":"WebSite","@id":"https:\/\/www.upjs.sk\/fakulta-verejnej-spravy\/#website","url":"https:\/\/www.upjs.sk\/fakulta-verejnej-spravy\/","name":"Fakulta verejnej spr\u00e1vy | UPJ\u0160","description":"","publisher":{"@id":"https:\/\/www.upjs.sk\/fakulta-verejnej-spravy\/#organization"},"potentialAction":[{"@type":"SearchAction","target":{"@type":"EntryPoint","urlTemplate":"https:\/\/www.upjs.sk\/fakulta-verejnej-spravy\/?s={search_term_string}"},"query-input":{"@type":"PropertyValueSpecification","valueRequired":true,"valueName":"search_term_string"}}],"inLanguage":"sk-SK"},{"@type":"Organization","@id":"https:\/\/www.upjs.sk\/fakulta-verejnej-spravy\/#organization","name":"Fakulta verejnej spr\u00e1vy | UPJ\u0160","url":"https:\/\/www.upjs.sk\/fakulta-verejnej-spravy\/","logo":{"@type":"ImageObject","inLanguage":"sk-SK","@id":"https:\/\/www.upjs.sk\/fakulta-verejnej-spravy\/#\/schema\/logo\/image\/","url":"https:\/\/www.upjs.sk\/app\/uploads\/sites\/12\/2022\/09\/logo-verejnej-spravy-fakulta.png","contentUrl":"https:\/\/www.upjs.sk\/app\/uploads\/sites\/12\/2022\/09\/logo-verejnej-spravy-fakulta.png","width":415,"height":87,"caption":"Fakulta verejnej spr\u00e1vy | UPJ\u0160"},"image":{"@id":"https:\/\/www.upjs.sk\/fakulta-verejnej-spravy\/#\/schema\/logo\/image\/"}}]}},"_links":{"self":[{"href":"https:\/\/www.upjs.sk\/fakulta-verejnej-spravy\/wp-json\/wp\/v2\/pages\/13744","targetHints":{"allow":["GET"]}}],"collection":[{"href":"https:\/\/www.upjs.sk\/fakulta-verejnej-spravy\/wp-json\/wp\/v2\/pages"}],"about":[{"href":"https:\/\/www.upjs.sk\/fakulta-verejnej-spravy\/wp-json\/wp\/v2\/types\/page"}],"author":[{"embeddable":true,"href":"https:\/\/www.upjs.sk\/fakulta-verejnej-spravy\/wp-json\/wp\/v2\/users\/1"}],"replies":[{"embeddable":true,"href":"https:\/\/www.upjs.sk\/fakulta-verejnej-spravy\/wp-json\/wp\/v2\/comments?post=13744"}],"version-history":[{"count":7,"href":"https:\/\/www.upjs.sk\/fakulta-verejnej-spravy\/wp-json\/wp\/v2\/pages\/13744\/revisions"}],"predecessor-version":[{"id":23480,"href":"https:\/\/www.upjs.sk\/fakulta-verejnej-spravy\/wp-json\/wp\/v2\/pages\/13744\/revisions\/23480"}],"wp:attachment":[{"href":"https:\/\/www.upjs.sk\/fakulta-verejnej-spravy\/wp-json\/wp\/v2\/media?parent=13744"}],"wp:term":[{"taxonomy":"category","embeddable":true,"href":"https:\/\/www.upjs.sk\/fakulta-verejnej-spravy\/wp-json\/wp\/v2\/categories?post=13744"},{"taxonomy":"post_tag","embeddable":true,"href":"https:\/\/www.upjs.sk\/fakulta-verejnej-spravy\/wp-json\/wp\/v2\/tags?post=13744"}],"curies":[{"name":"wp","href":"https:\/\/api.w.org\/{rel}","templated":true}]}}