{"id":14445,"date":"2022-02-22T21:53:55","date_gmt":"2022-02-22T21:53:55","guid":{"rendered":"https:\/\/www.upjs.sk\/fakulta-verejnej-spravy\/informacie-pre-studentov\/co-je-ais\/"},"modified":"2022-11-13T22:28:54","modified_gmt":"2022-11-13T21:28:54","slug":"co-je-ais","status":"publish","type":"page","link":"https:\/\/www.upjs.sk\/fakulta-verejnej-spravy\/informacie-pre-studentov\/co-je-ais\/","title":{"rendered":"AIS &#8211; Akademick\u00fd informa\u010dn\u00fd syst\u00e9m (inform\u00e1cie a stru\u010dn\u00e9 n\u00e1vody)"},"content":{"rendered":"<p><strong>Akademick\u00fd informa\u010dn\u00fd syst\u00e9m (AIS)<\/strong>\u00a0je celouniverzitn\u00e1 datab\u00e1za, ktor\u00e1 sl\u00fa\u017ei na spr\u00e1vu \u0161t\u00fadia \u0161tudentov. Odkaz\u00a0na AIS\u00a0sa nach\u00e1dza na\u00a0hlavn\u00fdch univerzitn\u00fdch a\u00a0fakultn\u00fdch WWW str\u00e1nkach. Z\u00e1kladn\u00e9 funkcie vyu\u017e\u00edvan\u00e9 \u0161tudentmi s\u00fa:<\/p>\n<ul>\n<li>Administrat\u00edvne oznamy (oznamy, podklady\u00a0a z\u00e1pisnuce z fakultnej aj univerzitnej \u00farovne)<\/li>\n<li>Spr\u00e1va \u0161t\u00fadia \u0161tudenta\u00a0(spr\u00e1va z\u00e1pisn\u00fdch listov, prihlasovanie na sk\u00fa\u0161ky, prezeranie v\u00fdsledkov)<\/li>\n<li>Elektronick\u00e1 n\u00e1stenka predmetov (podklady a inform\u00e1cie k predmetom)<\/li>\n<li>Rozvrhy (prezeranie rozvrhov,\u00a0prihlasovanie sa na rozvrhov\u00e9 akcie vybran\u00fdch predmetov)<\/li>\n<\/ul>\n<p><strong>D\u00d4LE\u017dIT\u00c9 UPOZORNENIA<\/strong><\/p>\n<ol>\n<li><strong>Podmienkou\u00a0pr\u00edstupu do AIS <\/strong>(a in\u00fdch univerzitn\u00fdch syst\u00e9mov)\u00a0je\u00a0<strong>platn\u00e1 \u0161tudentsk\u00e1 karta PIK\/ISIC<\/strong>, ktor\u00fa vyd\u00e1va a prolonguje Spr\u00e1va AIO (<a href=\"http:\/\/www.aio.upjs.sk\">http:\/\/www.aio.upjs.sk<\/a>)<\/li>\n<li><strong>Login<\/strong> (prihlasovacie meno)\u00a0do AIS je \u0161tudenom zaslan\u00fd s rozhodnut\u00edm o prijat\u00ed v pokynoch k vyplneniu elektronickej n\u00e1vratky.<\/li>\n<li><strong>Platnos\u0165 hesla<\/strong>\u00a0AIS <strong>je 1 rok<\/strong> a je <strong>nutn\u00e9<\/strong> ho najmenej <strong>raz ro\u010dne\u00a0zmeni\u0165,<\/strong>\u00a0najnesk\u00f4r do\u00a0vypr\u0161ania jeho platnosti\/expir\u00e1cie,\u00a0\u010d\u00edm\u00a0sa jeho platnos\u0165 pred\u013a\u017ei o \u010fal\u0161\u00ed rok (d\u00e1tum expir\u00e1cie je uveden\u00fd na \u00favodnej str\u00e1nke AIS po prihl\u00e1sen\u00ed,\u00a0prihl\u00e1senie do AIS je mo\u017en\u00e9 e\u0161te 2x po expir\u00e1cii hesla).<\/li>\n<li>Po <strong>piatich\u00a0ne\u00faspe\u0161n\u00fdch\u00a0pokusoch o prihl\u00e1senie\u00a0<\/strong>do AIS (chybn\u00e9 heslo) <strong>sa\u00a0\u00fa\u010det zablokuje<\/strong>.<\/li>\n<li>Pre spr\u00e1vnu funk\u010dnos\u0165 AIS je <strong>potrebn\u00e9 nastavi\u0165 internetov\u00fd prehliada\u010d pod\u013ea n\u00e1vodu<\/strong>.\u00a0<\/li>\n<li><strong>N\u00e1vody<\/strong>\u00a0(n\u00e1jdete aj v AIS v \u010dasti\u00a0<strong>Manu\u00e1ly<\/strong>):<\/li>\n<\/ol>\n<ul style=\"margin-left:40px\">\n<li><a href=\"https:\/\/ais2.upjs.sk\/ais\/portal\/changeTab.do?tab=2\" target=\"_blank\" rel=\"noopener\">Nastavenie internetov\u00e9ho prehliada\u010da\u00a0pre korektn\u00e9 zobrazenie AIS<\/a><\/li>\n<li><a href=\"\/fakulta-verejnej-spravy\/informacie-pre-studentov\/co-je-ais\/4264\/\">Rie\u0161enie probl\u00e9mov<\/a><\/li>\n<li><a href=\"\/fakulta-verejnej-spravy\/informacie-pre-studentov\/co-je-ais\/zmena-hesla\/\">Ako si zmeni\u0165\/prolongova\u0165 heslo<\/a><\/li>\n<li><a href=\"\/fakulta-verejnej-spravy\/informacie-pre-studentov\/co-je-ais\/administrativne-oznamy\/\">Administrat\u00edvne oznamy v\u00a0AIS 2<\/a><\/li>\n<li><a href=\"https:\/\/www.upjs.sk\/fakulta-verejnej-spravy\/informacie-pre-studentov\/12715\/\" style=\"color: rgb(7, 130, 193); font-family: sans-serif, Arial, Verdana, \"Trebuchet MS\"; font-size: 13px; background-color: rgb(255, 255, 255);\">Ako si spr\u00e1vne pozrie\u0165 rozvrh v AIS2<\/a><\/li>\n<li><a href=\"https:\/\/ais2.upjs.sk\/ais\/manualy\/VSES017predzapis.pdf\" target=\"blank\" rel=\"noopener\">Vytvorenie z\u00e1pisn\u00e9ho listu, z\u00e1pis predmetov<\/a>\u00a0(v AIS medzi manu\u00e1lmi)<\/li>\n<li><a href=\"https:\/\/ais2-beta.science.upjs.sk\/ais\/manualy\/prihlasenie.htm\" target=\"_blank\" title=\"Ukazka prihlasovania na skusku\" rel=\"noopener\">Animovan\u00e1 uk\u00e1\u017eka prihlasovania sa na sk\u00fa\u0161ku<\/a>\u00a0(v AIS medzi manu\u00e1lmi)<\/li>\n<\/ul>\n<p>\u00a0<\/p>\n","protected":false},"excerpt":{"rendered":"<p>Akademick\u00fd informa\u010dn\u00fd syst\u00e9m (AIS)\u00a0je celouniverzitn\u00e1 datab\u00e1za, ktor\u00e1 sl\u00fa\u017ei na spr\u00e1vu \u0161t\u00fadia \u0161tudentov. Odkaz\u00a0na AIS\u00a0sa nach\u00e1dza na\u00a0hlavn\u00fdch univerzitn\u00fdch a\u00a0fakultn\u00fdch WWW str\u00e1nkach. Z\u00e1kladn\u00e9 funkcie vyu\u017e\u00edvan\u00e9 \u0161tudentmi s\u00fa: Administrat\u00edvne oznamy (oznamy, podklady\u00a0a z\u00e1pisnuce z fakultnej aj univerzitnej \u00farovne) Spr\u00e1va \u0161t\u00fadia \u0161tudenta\u00a0(spr\u00e1va z\u00e1pisn\u00fdch listov, prihlasovanie na sk\u00fa\u0161ky, prezeranie v\u00fdsledkov) Elektronick\u00e1 n\u00e1stenka predmetov (podklady a inform\u00e1cie k predmetom) Rozvrhy (prezeranie &hellip; <a href=\"https:\/\/www.upjs.sk\/fakulta-verejnej-spravy\/informacie-pre-studentov\/co-je-ais\/\">\u010c\u00edta\u0165 \u010falej<\/a><\/p>\n","protected":false},"author":1,"featured_media":0,"parent":12837,"menu_order":13,"comment_status":"closed","ping_status":"closed","template":"","meta":{"_acf_changed":false,"_editorskit_title_hidden":false,"_editorskit_reading_time":0,"_editorskit_is_block_options_detached":false,"_editorskit_block_options_position":"{}","footnotes":""},"categories":[],"tags":[],"class_list":["post-14445","page","type-page","status-publish","hentry"],"acf":{"acf_link_na_externy_obsah":""},"yoast_head":"<!-- This site is optimized with the Yoast SEO plugin v27.4 - https:\/\/yoast.com\/product\/yoast-seo-wordpress\/ -->\n<title>AIS - Akademick\u00fd informa\u010dn\u00fd syst\u00e9m (inform\u00e1cie a stru\u010dn\u00e9 n\u00e1vody) - Fakulta verejnej spr\u00e1vy | UPJ\u0160<\/title>\n<meta name=\"robots\" content=\"index, follow, max-snippet:-1, max-image-preview:large, max-video-preview:-1\" \/>\n<link rel=\"canonical\" href=\"https:\/\/www.upjs.sk\/fakulta-verejnej-spravy\/informacie-pre-studentov\/co-je-ais\/\" \/>\n<meta property=\"og:locale\" content=\"sk_SK\" \/>\n<meta property=\"og:type\" content=\"article\" \/>\n<meta property=\"og:title\" content=\"AIS - Akademick\u00fd informa\u010dn\u00fd syst\u00e9m (inform\u00e1cie a stru\u010dn\u00e9 n\u00e1vody) - Fakulta verejnej spr\u00e1vy | UPJ\u0160\" \/>\n<meta property=\"og:description\" content=\"Akademick\u00fd informa\u010dn\u00fd syst\u00e9m (AIS)\u00a0je celouniverzitn\u00e1 datab\u00e1za, ktor\u00e1 sl\u00fa\u017ei na spr\u00e1vu \u0161t\u00fadia \u0161tudentov. Odkaz\u00a0na AIS\u00a0sa nach\u00e1dza na\u00a0hlavn\u00fdch univerzitn\u00fdch a\u00a0fakultn\u00fdch WWW str\u00e1nkach. Z\u00e1kladn\u00e9 funkcie vyu\u017e\u00edvan\u00e9 \u0161tudentmi s\u00fa: Administrat\u00edvne oznamy (oznamy, podklady\u00a0a z\u00e1pisnuce z fakultnej aj univerzitnej \u00farovne) Spr\u00e1va \u0161t\u00fadia \u0161tudenta\u00a0(spr\u00e1va z\u00e1pisn\u00fdch listov, prihlasovanie na sk\u00fa\u0161ky, prezeranie v\u00fdsledkov) Elektronick\u00e1 n\u00e1stenka predmetov (podklady a inform\u00e1cie k predmetom) Rozvrhy (prezeranie &hellip; \u010c\u00edta\u0165 \u010falej\" \/>\n<meta property=\"og:url\" content=\"https:\/\/www.upjs.sk\/fakulta-verejnej-spravy\/informacie-pre-studentov\/co-je-ais\/\" \/>\n<meta property=\"og:site_name\" content=\"Fakulta verejnej spr\u00e1vy | UPJ\u0160\" \/>\n<meta property=\"article:modified_time\" content=\"2022-11-13T21:28:54+00:00\" \/>\n<meta name=\"twitter:card\" content=\"summary_large_image\" \/>\n<meta name=\"twitter:label1\" content=\"Predpokladan\u00fd \u010das \u010d\u00edtania\" \/>\n\t<meta name=\"twitter:data1\" content=\"2 min\u00faty\" \/>\n<script type=\"application\/ld+json\" class=\"yoast-schema-graph\">{\"@context\":\"https:\\\/\\\/schema.org\",\"@graph\":[{\"@type\":\"WebPage\",\"@id\":\"https:\\\/\\\/www.upjs.sk\\\/fakulta-verejnej-spravy\\\/informacie-pre-studentov\\\/co-je-ais\\\/\",\"url\":\"https:\\\/\\\/www.upjs.sk\\\/fakulta-verejnej-spravy\\\/informacie-pre-studentov\\\/co-je-ais\\\/\",\"name\":\"AIS - Akademick\u00fd informa\u010dn\u00fd syst\u00e9m (inform\u00e1cie a stru\u010dn\u00e9 n\u00e1vody) - Fakulta verejnej spr\u00e1vy | UPJ\u0160\",\"isPartOf\":{\"@id\":\"https:\\\/\\\/www.upjs.sk\\\/fakulta-verejnej-spravy\\\/#website\"},\"datePublished\":\"2022-02-22T21:53:55+00:00\",\"dateModified\":\"2022-11-13T21:28:54+00:00\",\"breadcrumb\":{\"@id\":\"https:\\\/\\\/www.upjs.sk\\\/fakulta-verejnej-spravy\\\/informacie-pre-studentov\\\/co-je-ais\\\/#breadcrumb\"},\"inLanguage\":\"sk-SK\",\"potentialAction\":[{\"@type\":\"ReadAction\",\"target\":[\"https:\\\/\\\/www.upjs.sk\\\/fakulta-verejnej-spravy\\\/informacie-pre-studentov\\\/co-je-ais\\\/\"]}]},{\"@type\":\"BreadcrumbList\",\"@id\":\"https:\\\/\\\/www.upjs.sk\\\/fakulta-verejnej-spravy\\\/informacie-pre-studentov\\\/co-je-ais\\\/#breadcrumb\",\"itemListElement\":[{\"@type\":\"ListItem\",\"position\":1,\"name\":\"Home\",\"item\":\"https:\\\/\\\/www.upjs.sk\\\/fakulta-verejnej-spravy\\\/\"},{\"@type\":\"ListItem\",\"position\":2,\"name\":\"Inform\u00e1cie pre \u0161tudentov\",\"item\":\"https:\\\/\\\/www.upjs.sk\\\/fakulta-verejnej-spravy\\\/?page_id=12837\"},{\"@type\":\"ListItem\",\"position\":3,\"name\":\"AIS &#8211; Akademick\u00fd informa\u010dn\u00fd syst\u00e9m (inform\u00e1cie a stru\u010dn\u00e9 n\u00e1vody)\"}]},{\"@type\":\"WebSite\",\"@id\":\"https:\\\/\\\/www.upjs.sk\\\/fakulta-verejnej-spravy\\\/#website\",\"url\":\"https:\\\/\\\/www.upjs.sk\\\/fakulta-verejnej-spravy\\\/\",\"name\":\"Fakulta verejnej spr\u00e1vy | UPJ\u0160\",\"description\":\"\",\"publisher\":{\"@id\":\"https:\\\/\\\/www.upjs.sk\\\/fakulta-verejnej-spravy\\\/#organization\"},\"potentialAction\":[{\"@type\":\"SearchAction\",\"target\":{\"@type\":\"EntryPoint\",\"urlTemplate\":\"https:\\\/\\\/www.upjs.sk\\\/fakulta-verejnej-spravy\\\/?s={search_term_string}\"},\"query-input\":{\"@type\":\"PropertyValueSpecification\",\"valueRequired\":true,\"valueName\":\"search_term_string\"}}],\"inLanguage\":\"sk-SK\"},{\"@type\":\"Organization\",\"@id\":\"https:\\\/\\\/www.upjs.sk\\\/fakulta-verejnej-spravy\\\/#organization\",\"name\":\"Fakulta verejnej spr\u00e1vy | UPJ\u0160\",\"url\":\"https:\\\/\\\/www.upjs.sk\\\/fakulta-verejnej-spravy\\\/\",\"logo\":{\"@type\":\"ImageObject\",\"inLanguage\":\"sk-SK\",\"@id\":\"https:\\\/\\\/www.upjs.sk\\\/fakulta-verejnej-spravy\\\/#\\\/schema\\\/logo\\\/image\\\/\",\"url\":\"https:\\\/\\\/www.upjs.sk\\\/app\\\/uploads\\\/sites\\\/12\\\/2022\\\/09\\\/logo-verejnej-spravy-fakulta.png\",\"contentUrl\":\"https:\\\/\\\/www.upjs.sk\\\/app\\\/uploads\\\/sites\\\/12\\\/2022\\\/09\\\/logo-verejnej-spravy-fakulta.png\",\"width\":415,\"height\":87,\"caption\":\"Fakulta verejnej spr\u00e1vy | UPJ\u0160\"},\"image\":{\"@id\":\"https:\\\/\\\/www.upjs.sk\\\/fakulta-verejnej-spravy\\\/#\\\/schema\\\/logo\\\/image\\\/\"}}]}<\/script>\n<!-- \/ Yoast SEO plugin. -->","yoast_head_json":{"title":"AIS - Akademick\u00fd informa\u010dn\u00fd syst\u00e9m (inform\u00e1cie a stru\u010dn\u00e9 n\u00e1vody) - Fakulta verejnej spr\u00e1vy | UPJ\u0160","robots":{"index":"index","follow":"follow","max-snippet":"max-snippet:-1","max-image-preview":"max-image-preview:large","max-video-preview":"max-video-preview:-1"},"canonical":"https:\/\/www.upjs.sk\/fakulta-verejnej-spravy\/informacie-pre-studentov\/co-je-ais\/","og_locale":"sk_SK","og_type":"article","og_title":"AIS - Akademick\u00fd informa\u010dn\u00fd syst\u00e9m (inform\u00e1cie a stru\u010dn\u00e9 n\u00e1vody) - Fakulta verejnej spr\u00e1vy | UPJ\u0160","og_description":"Akademick\u00fd informa\u010dn\u00fd syst\u00e9m (AIS)\u00a0je celouniverzitn\u00e1 datab\u00e1za, ktor\u00e1 sl\u00fa\u017ei na spr\u00e1vu \u0161t\u00fadia \u0161tudentov. Odkaz\u00a0na AIS\u00a0sa nach\u00e1dza na\u00a0hlavn\u00fdch univerzitn\u00fdch a\u00a0fakultn\u00fdch WWW str\u00e1nkach. Z\u00e1kladn\u00e9 funkcie vyu\u017e\u00edvan\u00e9 \u0161tudentmi s\u00fa: Administrat\u00edvne oznamy (oznamy, podklady\u00a0a z\u00e1pisnuce z fakultnej aj univerzitnej \u00farovne) Spr\u00e1va \u0161t\u00fadia \u0161tudenta\u00a0(spr\u00e1va z\u00e1pisn\u00fdch listov, prihlasovanie na sk\u00fa\u0161ky, prezeranie v\u00fdsledkov) Elektronick\u00e1 n\u00e1stenka predmetov (podklady a inform\u00e1cie k predmetom) Rozvrhy (prezeranie &hellip; \u010c\u00edta\u0165 \u010falej","og_url":"https:\/\/www.upjs.sk\/fakulta-verejnej-spravy\/informacie-pre-studentov\/co-je-ais\/","og_site_name":"Fakulta verejnej spr\u00e1vy | UPJ\u0160","article_modified_time":"2022-11-13T21:28:54+00:00","twitter_card":"summary_large_image","twitter_misc":{"Predpokladan\u00fd \u010das \u010d\u00edtania":"2 min\u00faty"},"schema":{"@context":"https:\/\/schema.org","@graph":[{"@type":"WebPage","@id":"https:\/\/www.upjs.sk\/fakulta-verejnej-spravy\/informacie-pre-studentov\/co-je-ais\/","url":"https:\/\/www.upjs.sk\/fakulta-verejnej-spravy\/informacie-pre-studentov\/co-je-ais\/","name":"AIS - Akademick\u00fd informa\u010dn\u00fd syst\u00e9m (inform\u00e1cie a stru\u010dn\u00e9 n\u00e1vody) - Fakulta verejnej spr\u00e1vy | UPJ\u0160","isPartOf":{"@id":"https:\/\/www.upjs.sk\/fakulta-verejnej-spravy\/#website"},"datePublished":"2022-02-22T21:53:55+00:00","dateModified":"2022-11-13T21:28:54+00:00","breadcrumb":{"@id":"https:\/\/www.upjs.sk\/fakulta-verejnej-spravy\/informacie-pre-studentov\/co-je-ais\/#breadcrumb"},"inLanguage":"sk-SK","potentialAction":[{"@type":"ReadAction","target":["https:\/\/www.upjs.sk\/fakulta-verejnej-spravy\/informacie-pre-studentov\/co-je-ais\/"]}]},{"@type":"BreadcrumbList","@id":"https:\/\/www.upjs.sk\/fakulta-verejnej-spravy\/informacie-pre-studentov\/co-je-ais\/#breadcrumb","itemListElement":[{"@type":"ListItem","position":1,"name":"Home","item":"https:\/\/www.upjs.sk\/fakulta-verejnej-spravy\/"},{"@type":"ListItem","position":2,"name":"Inform\u00e1cie pre \u0161tudentov","item":"https:\/\/www.upjs.sk\/fakulta-verejnej-spravy\/?page_id=12837"},{"@type":"ListItem","position":3,"name":"AIS &#8211; Akademick\u00fd informa\u010dn\u00fd syst\u00e9m (inform\u00e1cie a stru\u010dn\u00e9 n\u00e1vody)"}]},{"@type":"WebSite","@id":"https:\/\/www.upjs.sk\/fakulta-verejnej-spravy\/#website","url":"https:\/\/www.upjs.sk\/fakulta-verejnej-spravy\/","name":"Fakulta verejnej spr\u00e1vy | UPJ\u0160","description":"","publisher":{"@id":"https:\/\/www.upjs.sk\/fakulta-verejnej-spravy\/#organization"},"potentialAction":[{"@type":"SearchAction","target":{"@type":"EntryPoint","urlTemplate":"https:\/\/www.upjs.sk\/fakulta-verejnej-spravy\/?s={search_term_string}"},"query-input":{"@type":"PropertyValueSpecification","valueRequired":true,"valueName":"search_term_string"}}],"inLanguage":"sk-SK"},{"@type":"Organization","@id":"https:\/\/www.upjs.sk\/fakulta-verejnej-spravy\/#organization","name":"Fakulta verejnej spr\u00e1vy | UPJ\u0160","url":"https:\/\/www.upjs.sk\/fakulta-verejnej-spravy\/","logo":{"@type":"ImageObject","inLanguage":"sk-SK","@id":"https:\/\/www.upjs.sk\/fakulta-verejnej-spravy\/#\/schema\/logo\/image\/","url":"https:\/\/www.upjs.sk\/app\/uploads\/sites\/12\/2022\/09\/logo-verejnej-spravy-fakulta.png","contentUrl":"https:\/\/www.upjs.sk\/app\/uploads\/sites\/12\/2022\/09\/logo-verejnej-spravy-fakulta.png","width":415,"height":87,"caption":"Fakulta verejnej spr\u00e1vy | UPJ\u0160"},"image":{"@id":"https:\/\/www.upjs.sk\/fakulta-verejnej-spravy\/#\/schema\/logo\/image\/"}}]}},"_links":{"self":[{"href":"https:\/\/www.upjs.sk\/fakulta-verejnej-spravy\/wp-json\/wp\/v2\/pages\/14445","targetHints":{"allow":["GET"]}}],"collection":[{"href":"https:\/\/www.upjs.sk\/fakulta-verejnej-spravy\/wp-json\/wp\/v2\/pages"}],"about":[{"href":"https:\/\/www.upjs.sk\/fakulta-verejnej-spravy\/wp-json\/wp\/v2\/types\/page"}],"author":[{"embeddable":true,"href":"https:\/\/www.upjs.sk\/fakulta-verejnej-spravy\/wp-json\/wp\/v2\/users\/1"}],"replies":[{"embeddable":true,"href":"https:\/\/www.upjs.sk\/fakulta-verejnej-spravy\/wp-json\/wp\/v2\/comments?post=14445"}],"version-history":[{"count":1,"href":"https:\/\/www.upjs.sk\/fakulta-verejnej-spravy\/wp-json\/wp\/v2\/pages\/14445\/revisions"}],"predecessor-version":[{"id":21281,"href":"https:\/\/www.upjs.sk\/fakulta-verejnej-spravy\/wp-json\/wp\/v2\/pages\/14445\/revisions\/21281"}],"up":[{"embeddable":true,"href":"https:\/\/www.upjs.sk\/fakulta-verejnej-spravy\/wp-json\/wp\/v2\/pages\/12837"}],"wp:attachment":[{"href":"https:\/\/www.upjs.sk\/fakulta-verejnej-spravy\/wp-json\/wp\/v2\/media?parent=14445"}],"wp:term":[{"taxonomy":"category","embeddable":true,"href":"https:\/\/www.upjs.sk\/fakulta-verejnej-spravy\/wp-json\/wp\/v2\/categories?post=14445"},{"taxonomy":"post_tag","embeddable":true,"href":"https:\/\/www.upjs.sk\/fakulta-verejnej-spravy\/wp-json\/wp\/v2\/tags?post=14445"}],"curies":[{"name":"wp","href":"https:\/\/api.w.org\/{rel}","templated":true}]}}