{"id":14574,"date":"2012-03-14T14:52:21","date_gmt":"2012-03-14T14:52:21","guid":{"rendered":"https:\/\/www.upjs.sk\/fakulta-verejnej-spravy\/informacie-pre-studentov\/co-je-ais\/nastavenie-internetoveho-prehliadaca\/"},"modified":"2012-03-14T14:52:21","modified_gmt":"2012-03-14T14:52:21","slug":"nastavenie-internetoveho-prehliadaca","status":"publish","type":"page","link":"https:\/\/www.upjs.sk\/fakulta-verejnej-spravy\/informacie-pre-studentov\/co-je-ais\/nastavenie-internetoveho-prehliadaca\/","title":{"rendered":"Nastavenie internetov\u00e9ho prehliada\u010da pre korektn\u00e9 zobrazenie AIS"},"content":{"rendered":"<p>\n\t\u00a0<\/p>\n<p><!-- Text --><\/p>\n<p>\n\tAIS je optimalizovan\u00fd pre Internet Explorer (verzia 6.x a vy\u0161\u0161ia). Ostatn\u00e9 prehliada\u010de\u00a0ako Mozilla, Opera a pod.\u00a0zatia\u013e nie\u00a0s\u00fa 100% kompatibiln\u00e9 a AIS pod nimi\u00a0nemus\u00ed spr\u00e1vne fungova\u0165.<\/p>\n<p class=\"portal\">\n\tPre korektn\u00e9 zobrazenie syst\u00e9mu sa odpor\u00fa\u010da ma\u0165 nain\u0161talovan\u00fd bal\u00edk Java od spolo\u010dnosti Sun Microsystems, ktor\u00fd si m\u00f4\u017eete stiahnu\u0165 z <a href=\"http:\/\/www.java.com\/en\/download\/\" target=\"_blank\" rel=\"noopener\">www.java.com<\/a>\u00a0a nieko\u013eko jednoduch\u00fdch nastaven\u00ed\u00a0programu Internet Explorer:<\/p>\n<p class=\"portal\">\n\tOdpor\u00fa\u010dame pou\u017ei\u0165\u00a0n\u00e1stroj &#8222;<strong>Test prehliada\u010da<\/strong>&#8222;, ktor\u00fd sa nach\u00e1dza na vstupnej str\u00e1nke AIS. Test skontroluje\u00a0nastavenie potrebn\u00fdch funkcii prehliada\u010da a\u00a0obsahuje pokyny\u00a0na opravu pr\u00edpad\u00fdch\u00a0z\u00e1vad.<\/p>\n<p class=\"portal\">\n\tNastavenie Internet Exploreru (odpor\u00fa\u010dan\u00e9):<\/p>\n<p class=\"portal\">\n\tV hlavnej ponuke\u00a0polo\u017eka<br \/>\n\t<strong>N\u00e1stroje \u2013 mo\u017enosti internetu <\/strong><\/p>\n<ul>\n<li>\n<div class=\"portal\">\n\t\t\t<strong>zabezpe\u010denie<\/strong><\/div>\n<ul>\n<li>\n<div class=\"portal\">\n\t\t\t\t\tvybra\u0165 d\u00f4veryhodn\u00e9 servery<\/div>\n<ul>\n<li>\n<div class=\"portal\">\n\t\t\t\t\t\t\t\u00farove\u0148 zabezpe\u010denia nastavi\u0165 na &#8222;<em>stredne n\u00edzka<\/em>&#8222;<br \/>\n\t\t\t\t\t\t\t\u00a0(niekedy treba najsk\u00f4r\u00a0nastavi\u0165 predvolen\u00fa \u00farove\u0148)<\/div>\n<\/li>\n<li>\n<div class=\"portal\">\n\t\t\t\t\t\t\tservery \u2013 prida\u0165 &#8222;*.upjs.sk&#8220;<br \/>\n\t\t\t\t\t\t\t(zru\u0161i\u0165 nastavenie &#8222;\u017eiada\u0165 overenie servera https:\/\/ &#8230;&#8220;)<\/div>\n<\/li>\n<\/ul>\n<\/li>\n<\/ul>\n<\/li>\n<li>\n<div class=\"portal\">\n\t\t\t<strong>osobne \u00fadaje<\/strong><\/div>\n<ul>\n<li>\n<div class=\"portal\">\n\t\t\t\t\tservery \u2013 povoli\u0165 &#8222;upjs.sk&#8220;<\/div>\n<\/li>\n<li>\n<div class=\"portal\">\n\t\t\t\t\tblokovanie automaticky otv\u00e1ran\u00fdch okien &#8211; nastavenia &#8211; prida\u0165 &#8222;upjs.sk&#8220;<\/div>\n<\/li>\n<\/ul>\n<\/li>\n<li>\n<div class=\"portal\">\n\t\t\t<strong>upresni\u0165<\/strong><\/div>\n<ul>\n<li>\n<div class=\"portal\">\n\t\t\t\t\t<strong>Zru\u0161i\u0165<\/strong> &#8222;Neuklada\u0165 \u0161ifrovane\u00a0 str\u00e1nky na disk&#8220;<\/div>\n<\/li>\n<li>\n<div class=\"portal\">\n\t\t\t\t\t<strong>Za\u0161krtn\u00fa\u0165<\/strong> &#8222;Vypr\u00e1zdni\u0165 zlo\u017eku temporary internet files pri ukon\u010den\u00ed.&#8220;<\/div>\n<\/li>\n<\/ul>\n<\/li>\n<\/ul>\n<p>\n\t\u00a0\u00a0\u00a0<\/p>\n","protected":false},"excerpt":{"rendered":"<p>\u00a0 AIS je optimalizovan\u00fd pre Internet Explorer (verzia 6.x a vy\u0161\u0161ia). Ostatn\u00e9 prehliada\u010de\u00a0ako Mozilla, Opera a pod.\u00a0zatia\u013e nie\u00a0s\u00fa 100% kompatibiln\u00e9 a AIS pod nimi\u00a0nemus\u00ed spr\u00e1vne fungova\u0165. Pre korektn\u00e9 zobrazenie syst\u00e9mu sa odpor\u00fa\u010da ma\u0165 nain\u0161talovan\u00fd bal\u00edk Java od spolo\u010dnosti Sun Microsystems, ktor\u00fd si m\u00f4\u017eete stiahnu\u0165 z www.java.com\u00a0a nieko\u013eko jednoduch\u00fdch nastaven\u00ed\u00a0programu Internet Explorer: Odpor\u00fa\u010dame pou\u017ei\u0165\u00a0n\u00e1stroj &#8222;Test prehliada\u010da&#8222;, &hellip; <a href=\"https:\/\/www.upjs.sk\/fakulta-verejnej-spravy\/informacie-pre-studentov\/co-je-ais\/nastavenie-internetoveho-prehliadaca\/\">\u010c\u00edta\u0165 \u010falej<\/a><\/p>\n","protected":false},"author":1,"featured_media":0,"parent":14445,"menu_order":0,"comment_status":"closed","ping_status":"closed","template":"","meta":{"_acf_changed":false,"_editorskit_title_hidden":false,"_editorskit_reading_time":0,"_editorskit_is_block_options_detached":false,"_editorskit_block_options_position":"{}","footnotes":""},"categories":[],"tags":[],"class_list":["post-14574","page","type-page","status-publish","hentry"],"acf":{"acf_link_na_externy_obsah":""},"yoast_head":"<!-- This site is optimized with the Yoast SEO plugin v27.4 - https:\/\/yoast.com\/product\/yoast-seo-wordpress\/ -->\n<title>Nastavenie internetov\u00e9ho prehliada\u010da pre korektn\u00e9 zobrazenie AIS - Fakulta verejnej spr\u00e1vy | UPJ\u0160<\/title>\n<meta name=\"robots\" content=\"index, follow, max-snippet:-1, max-image-preview:large, max-video-preview:-1\" \/>\n<link rel=\"canonical\" href=\"https:\/\/www.upjs.sk\/fakulta-verejnej-spravy\/informacie-pre-studentov\/co-je-ais\/nastavenie-internetoveho-prehliadaca\/\" \/>\n<meta property=\"og:locale\" content=\"sk_SK\" \/>\n<meta property=\"og:type\" content=\"article\" \/>\n<meta property=\"og:title\" content=\"Nastavenie internetov\u00e9ho prehliada\u010da pre korektn\u00e9 zobrazenie AIS - Fakulta verejnej spr\u00e1vy | UPJ\u0160\" \/>\n<meta property=\"og:description\" content=\"\u00a0 AIS je optimalizovan\u00fd pre Internet Explorer (verzia 6.x a vy\u0161\u0161ia). Ostatn\u00e9 prehliada\u010de\u00a0ako Mozilla, Opera a pod.\u00a0zatia\u013e nie\u00a0s\u00fa 100% kompatibiln\u00e9 a AIS pod nimi\u00a0nemus\u00ed spr\u00e1vne fungova\u0165. Pre korektn\u00e9 zobrazenie syst\u00e9mu sa odpor\u00fa\u010da ma\u0165 nain\u0161talovan\u00fd bal\u00edk Java od spolo\u010dnosti Sun Microsystems, ktor\u00fd si m\u00f4\u017eete stiahnu\u0165 z www.java.com\u00a0a nieko\u013eko jednoduch\u00fdch nastaven\u00ed\u00a0programu Internet Explorer: Odpor\u00fa\u010dame pou\u017ei\u0165\u00a0n\u00e1stroj &#8222;Test prehliada\u010da&#8222;, &hellip; \u010c\u00edta\u0165 \u010falej\" \/>\n<meta property=\"og:url\" content=\"https:\/\/www.upjs.sk\/fakulta-verejnej-spravy\/informacie-pre-studentov\/co-je-ais\/nastavenie-internetoveho-prehliadaca\/\" \/>\n<meta property=\"og:site_name\" content=\"Fakulta verejnej spr\u00e1vy | UPJ\u0160\" \/>\n<meta name=\"twitter:card\" content=\"summary_large_image\" \/>\n<meta name=\"twitter:label1\" content=\"Predpokladan\u00fd \u010das \u010d\u00edtania\" \/>\n\t<meta name=\"twitter:data1\" content=\"1 min\u00fata\" \/>\n<script type=\"application\/ld+json\" class=\"yoast-schema-graph\">{\"@context\":\"https:\\\/\\\/schema.org\",\"@graph\":[{\"@type\":\"WebPage\",\"@id\":\"https:\\\/\\\/www.upjs.sk\\\/fakulta-verejnej-spravy\\\/informacie-pre-studentov\\\/co-je-ais\\\/nastavenie-internetoveho-prehliadaca\\\/\",\"url\":\"https:\\\/\\\/www.upjs.sk\\\/fakulta-verejnej-spravy\\\/informacie-pre-studentov\\\/co-je-ais\\\/nastavenie-internetoveho-prehliadaca\\\/\",\"name\":\"Nastavenie internetov\u00e9ho prehliada\u010da pre korektn\u00e9 zobrazenie AIS - Fakulta verejnej spr\u00e1vy | UPJ\u0160\",\"isPartOf\":{\"@id\":\"https:\\\/\\\/www.upjs.sk\\\/fakulta-verejnej-spravy\\\/#website\"},\"datePublished\":\"2012-03-14T14:52:21+00:00\",\"breadcrumb\":{\"@id\":\"https:\\\/\\\/www.upjs.sk\\\/fakulta-verejnej-spravy\\\/informacie-pre-studentov\\\/co-je-ais\\\/nastavenie-internetoveho-prehliadaca\\\/#breadcrumb\"},\"inLanguage\":\"sk-SK\",\"potentialAction\":[{\"@type\":\"ReadAction\",\"target\":[\"https:\\\/\\\/www.upjs.sk\\\/fakulta-verejnej-spravy\\\/informacie-pre-studentov\\\/co-je-ais\\\/nastavenie-internetoveho-prehliadaca\\\/\"]}]},{\"@type\":\"BreadcrumbList\",\"@id\":\"https:\\\/\\\/www.upjs.sk\\\/fakulta-verejnej-spravy\\\/informacie-pre-studentov\\\/co-je-ais\\\/nastavenie-internetoveho-prehliadaca\\\/#breadcrumb\",\"itemListElement\":[{\"@type\":\"ListItem\",\"position\":1,\"name\":\"Home\",\"item\":\"https:\\\/\\\/www.upjs.sk\\\/fakulta-verejnej-spravy\\\/\"},{\"@type\":\"ListItem\",\"position\":2,\"name\":\"Inform\u00e1cie pre \u0161tudentov\",\"item\":\"https:\\\/\\\/www.upjs.sk\\\/fakulta-verejnej-spravy\\\/?page_id=12837\"},{\"@type\":\"ListItem\",\"position\":3,\"name\":\"AIS &#8211; Akademick\u00fd informa\u010dn\u00fd syst\u00e9m (inform\u00e1cie a stru\u010dn\u00e9 n\u00e1vody)\",\"item\":\"https:\\\/\\\/www.upjs.sk\\\/fakulta-verejnej-spravy\\\/informacie-pre-studentov\\\/co-je-ais\\\/\"},{\"@type\":\"ListItem\",\"position\":4,\"name\":\"Nastavenie internetov\u00e9ho prehliada\u010da pre korektn\u00e9 zobrazenie AIS\"}]},{\"@type\":\"WebSite\",\"@id\":\"https:\\\/\\\/www.upjs.sk\\\/fakulta-verejnej-spravy\\\/#website\",\"url\":\"https:\\\/\\\/www.upjs.sk\\\/fakulta-verejnej-spravy\\\/\",\"name\":\"Fakulta verejnej spr\u00e1vy | UPJ\u0160\",\"description\":\"\",\"publisher\":{\"@id\":\"https:\\\/\\\/www.upjs.sk\\\/fakulta-verejnej-spravy\\\/#organization\"},\"potentialAction\":[{\"@type\":\"SearchAction\",\"target\":{\"@type\":\"EntryPoint\",\"urlTemplate\":\"https:\\\/\\\/www.upjs.sk\\\/fakulta-verejnej-spravy\\\/?s={search_term_string}\"},\"query-input\":{\"@type\":\"PropertyValueSpecification\",\"valueRequired\":true,\"valueName\":\"search_term_string\"}}],\"inLanguage\":\"sk-SK\"},{\"@type\":\"Organization\",\"@id\":\"https:\\\/\\\/www.upjs.sk\\\/fakulta-verejnej-spravy\\\/#organization\",\"name\":\"Fakulta verejnej spr\u00e1vy | UPJ\u0160\",\"url\":\"https:\\\/\\\/www.upjs.sk\\\/fakulta-verejnej-spravy\\\/\",\"logo\":{\"@type\":\"ImageObject\",\"inLanguage\":\"sk-SK\",\"@id\":\"https:\\\/\\\/www.upjs.sk\\\/fakulta-verejnej-spravy\\\/#\\\/schema\\\/logo\\\/image\\\/\",\"url\":\"https:\\\/\\\/www.upjs.sk\\\/app\\\/uploads\\\/sites\\\/12\\\/2022\\\/09\\\/logo-verejnej-spravy-fakulta.png\",\"contentUrl\":\"https:\\\/\\\/www.upjs.sk\\\/app\\\/uploads\\\/sites\\\/12\\\/2022\\\/09\\\/logo-verejnej-spravy-fakulta.png\",\"width\":415,\"height\":87,\"caption\":\"Fakulta verejnej spr\u00e1vy | UPJ\u0160\"},\"image\":{\"@id\":\"https:\\\/\\\/www.upjs.sk\\\/fakulta-verejnej-spravy\\\/#\\\/schema\\\/logo\\\/image\\\/\"}}]}<\/script>\n<!-- \/ Yoast SEO plugin. -->","yoast_head_json":{"title":"Nastavenie internetov\u00e9ho prehliada\u010da pre korektn\u00e9 zobrazenie AIS - Fakulta verejnej spr\u00e1vy | UPJ\u0160","robots":{"index":"index","follow":"follow","max-snippet":"max-snippet:-1","max-image-preview":"max-image-preview:large","max-video-preview":"max-video-preview:-1"},"canonical":"https:\/\/www.upjs.sk\/fakulta-verejnej-spravy\/informacie-pre-studentov\/co-je-ais\/nastavenie-internetoveho-prehliadaca\/","og_locale":"sk_SK","og_type":"article","og_title":"Nastavenie internetov\u00e9ho prehliada\u010da pre korektn\u00e9 zobrazenie AIS - Fakulta verejnej spr\u00e1vy | UPJ\u0160","og_description":"\u00a0 AIS je optimalizovan\u00fd pre Internet Explorer (verzia 6.x a vy\u0161\u0161ia). Ostatn\u00e9 prehliada\u010de\u00a0ako Mozilla, Opera a pod.\u00a0zatia\u013e nie\u00a0s\u00fa 100% kompatibiln\u00e9 a AIS pod nimi\u00a0nemus\u00ed spr\u00e1vne fungova\u0165. Pre korektn\u00e9 zobrazenie syst\u00e9mu sa odpor\u00fa\u010da ma\u0165 nain\u0161talovan\u00fd bal\u00edk Java od spolo\u010dnosti Sun Microsystems, ktor\u00fd si m\u00f4\u017eete stiahnu\u0165 z www.java.com\u00a0a nieko\u013eko jednoduch\u00fdch nastaven\u00ed\u00a0programu Internet Explorer: Odpor\u00fa\u010dame pou\u017ei\u0165\u00a0n\u00e1stroj &#8222;Test prehliada\u010da&#8222;, &hellip; \u010c\u00edta\u0165 \u010falej","og_url":"https:\/\/www.upjs.sk\/fakulta-verejnej-spravy\/informacie-pre-studentov\/co-je-ais\/nastavenie-internetoveho-prehliadaca\/","og_site_name":"Fakulta verejnej spr\u00e1vy | UPJ\u0160","twitter_card":"summary_large_image","twitter_misc":{"Predpokladan\u00fd \u010das \u010d\u00edtania":"1 min\u00fata"},"schema":{"@context":"https:\/\/schema.org","@graph":[{"@type":"WebPage","@id":"https:\/\/www.upjs.sk\/fakulta-verejnej-spravy\/informacie-pre-studentov\/co-je-ais\/nastavenie-internetoveho-prehliadaca\/","url":"https:\/\/www.upjs.sk\/fakulta-verejnej-spravy\/informacie-pre-studentov\/co-je-ais\/nastavenie-internetoveho-prehliadaca\/","name":"Nastavenie internetov\u00e9ho prehliada\u010da pre korektn\u00e9 zobrazenie AIS - Fakulta verejnej spr\u00e1vy | UPJ\u0160","isPartOf":{"@id":"https:\/\/www.upjs.sk\/fakulta-verejnej-spravy\/#website"},"datePublished":"2012-03-14T14:52:21+00:00","breadcrumb":{"@id":"https:\/\/www.upjs.sk\/fakulta-verejnej-spravy\/informacie-pre-studentov\/co-je-ais\/nastavenie-internetoveho-prehliadaca\/#breadcrumb"},"inLanguage":"sk-SK","potentialAction":[{"@type":"ReadAction","target":["https:\/\/www.upjs.sk\/fakulta-verejnej-spravy\/informacie-pre-studentov\/co-je-ais\/nastavenie-internetoveho-prehliadaca\/"]}]},{"@type":"BreadcrumbList","@id":"https:\/\/www.upjs.sk\/fakulta-verejnej-spravy\/informacie-pre-studentov\/co-je-ais\/nastavenie-internetoveho-prehliadaca\/#breadcrumb","itemListElement":[{"@type":"ListItem","position":1,"name":"Home","item":"https:\/\/www.upjs.sk\/fakulta-verejnej-spravy\/"},{"@type":"ListItem","position":2,"name":"Inform\u00e1cie pre \u0161tudentov","item":"https:\/\/www.upjs.sk\/fakulta-verejnej-spravy\/?page_id=12837"},{"@type":"ListItem","position":3,"name":"AIS &#8211; Akademick\u00fd informa\u010dn\u00fd syst\u00e9m (inform\u00e1cie a stru\u010dn\u00e9 n\u00e1vody)","item":"https:\/\/www.upjs.sk\/fakulta-verejnej-spravy\/informacie-pre-studentov\/co-je-ais\/"},{"@type":"ListItem","position":4,"name":"Nastavenie internetov\u00e9ho prehliada\u010da pre korektn\u00e9 zobrazenie AIS"}]},{"@type":"WebSite","@id":"https:\/\/www.upjs.sk\/fakulta-verejnej-spravy\/#website","url":"https:\/\/www.upjs.sk\/fakulta-verejnej-spravy\/","name":"Fakulta verejnej spr\u00e1vy | UPJ\u0160","description":"","publisher":{"@id":"https:\/\/www.upjs.sk\/fakulta-verejnej-spravy\/#organization"},"potentialAction":[{"@type":"SearchAction","target":{"@type":"EntryPoint","urlTemplate":"https:\/\/www.upjs.sk\/fakulta-verejnej-spravy\/?s={search_term_string}"},"query-input":{"@type":"PropertyValueSpecification","valueRequired":true,"valueName":"search_term_string"}}],"inLanguage":"sk-SK"},{"@type":"Organization","@id":"https:\/\/www.upjs.sk\/fakulta-verejnej-spravy\/#organization","name":"Fakulta verejnej spr\u00e1vy | UPJ\u0160","url":"https:\/\/www.upjs.sk\/fakulta-verejnej-spravy\/","logo":{"@type":"ImageObject","inLanguage":"sk-SK","@id":"https:\/\/www.upjs.sk\/fakulta-verejnej-spravy\/#\/schema\/logo\/image\/","url":"https:\/\/www.upjs.sk\/app\/uploads\/sites\/12\/2022\/09\/logo-verejnej-spravy-fakulta.png","contentUrl":"https:\/\/www.upjs.sk\/app\/uploads\/sites\/12\/2022\/09\/logo-verejnej-spravy-fakulta.png","width":415,"height":87,"caption":"Fakulta verejnej spr\u00e1vy | UPJ\u0160"},"image":{"@id":"https:\/\/www.upjs.sk\/fakulta-verejnej-spravy\/#\/schema\/logo\/image\/"}}]}},"_links":{"self":[{"href":"https:\/\/www.upjs.sk\/fakulta-verejnej-spravy\/wp-json\/wp\/v2\/pages\/14574","targetHints":{"allow":["GET"]}}],"collection":[{"href":"https:\/\/www.upjs.sk\/fakulta-verejnej-spravy\/wp-json\/wp\/v2\/pages"}],"about":[{"href":"https:\/\/www.upjs.sk\/fakulta-verejnej-spravy\/wp-json\/wp\/v2\/types\/page"}],"author":[{"embeddable":true,"href":"https:\/\/www.upjs.sk\/fakulta-verejnej-spravy\/wp-json\/wp\/v2\/users\/1"}],"replies":[{"embeddable":true,"href":"https:\/\/www.upjs.sk\/fakulta-verejnej-spravy\/wp-json\/wp\/v2\/comments?post=14574"}],"version-history":[{"count":0,"href":"https:\/\/www.upjs.sk\/fakulta-verejnej-spravy\/wp-json\/wp\/v2\/pages\/14574\/revisions"}],"up":[{"embeddable":true,"href":"https:\/\/www.upjs.sk\/fakulta-verejnej-spravy\/wp-json\/wp\/v2\/pages\/14445"}],"wp:attachment":[{"href":"https:\/\/www.upjs.sk\/fakulta-verejnej-spravy\/wp-json\/wp\/v2\/media?parent=14574"}],"wp:term":[{"taxonomy":"category","embeddable":true,"href":"https:\/\/www.upjs.sk\/fakulta-verejnej-spravy\/wp-json\/wp\/v2\/categories?post=14574"},{"taxonomy":"post_tag","embeddable":true,"href":"https:\/\/www.upjs.sk\/fakulta-verejnej-spravy\/wp-json\/wp\/v2\/tags?post=14574"}],"curies":[{"name":"wp","href":"https:\/\/api.w.org\/{rel}","templated":true}]}}