{"id":14811,"date":"2010-11-12T10:23:19","date_gmt":"2010-11-12T10:23:49","guid":{"rendered":"https:\/\/www.upjs.sk\/fakulta-verejnej-spravy\/projekty\/5307-2\/"},"modified":"2023-08-15T14:18:01","modified_gmt":"2023-08-15T13:18:01","slug":"5307-2","status":"publish","type":"page","link":"https:\/\/www.upjs.sk\/fakulta-verejnej-spravy\/projekty\/5307-2\/","title":{"rendered":"Vedeckov\u00fdskumn\u00e9 projekty"},"content":{"rendered":"\n<p><strong>VEGA<\/strong><br>2007: <a aria-label=\"Zoznam rie\u0161en\u00fdch projektov na FVS UPJ\u0160 (opens in a new tab)\" href=\"https:\/\/www.upjs.sk\/app\/uploads\/sites\/12\/2023\/08\/Rozpis-MS-2007.xls\" target=\"_blank\" rel=\"noreferrer noopener\" class=\"ek-link\">Zoznam rie\u0161en\u00fdch projektov na FVS UPJ\u0160<\/a><br>2008: <a aria-label=\"Zoznam rie\u0161en\u00fdch projektov na FVS UPJ\u0160 (opens in a new tab)\" href=\"https:\/\/www.upjs.sk\/app\/uploads\/sites\/12\/2023\/08\/Rozpis-MS-2008.xls\" target=\"_blank\" rel=\"noreferrer noopener\" class=\"ek-link\">Zoznam rie\u0161en\u00fdch projektov na FVS UPJ\u0160<\/a><br>2009: <a aria-label=\"Zoznam rie\u0161en\u00fdch projektov na FVS UPJ\u0160 (opens in a new tab)\" href=\"https:\/\/www.upjs.sk\/app\/uploads\/sites\/12\/2023\/08\/Rozpis-MS-2009.xls\" target=\"_blank\" rel=\"noreferrer noopener\" class=\"ek-link\">Zoznam rie\u0161en\u00fdch projektov na FVS UPJ\u0160<\/a><br>2010: <a aria-label=\"Zoznam rie\u0161en\u00fdch projektov na FVS UPJ\u0160 (opens in a new tab)\" href=\"https:\/\/www.upjs.sk\/app\/uploads\/sites\/12\/2023\/08\/Rozpis-MS-2010.xls\" target=\"_blank\" rel=\"noreferrer noopener\" class=\"ek-link\">Zoznam rie\u0161en\u00fdch projektov na FVS UPJ\u0160<\/a><br>2011: <a aria-label=\"Zoznam rie\u0161en\u00fdch projektov na FVS UPJ\u0160 (opens in a new tab)\" href=\"https:\/\/www.upjs.sk\/app\/uploads\/sites\/12\/2023\/08\/Rozpis-MS-2011.xls\" target=\"_blank\" rel=\"noreferrer noopener\" class=\"ek-link\">Zoznam rie\u0161en\u00fdch projektov na FVS UPJ\u0160<\/a><br>2012: <a aria-label=\"Zoznam rie\u0161en\u00fdch projektov na FVS UPJ\u0160 (opens in a new tab)\" href=\"https:\/\/www.upjs.sk\/app\/uploads\/sites\/12\/2023\/08\/Rozpis-MS-2012.xls\" target=\"_blank\" rel=\"noreferrer noopener\" class=\"ek-link\">Zoznam rie\u0161en\u00fdch projektov na FVS UPJ\u0160<\/a><br>2013: <a aria-label=\"Zoznam rie\u0161en\u00fdch projektov na FVS UPJ\u0160 (opens in a new tab)\" href=\"https:\/\/www.upjs.sk\/app\/uploads\/sites\/12\/2023\/08\/Rozpis-MS-2013.xls\" target=\"_blank\" rel=\"noreferrer noopener\" class=\"ek-link\">Zoznam rie\u0161en\u00fdch projektov na FVS UPJ\u0160<\/a><br>2014: <a aria-label=\"Zoznam rie\u0161en\u00fdch projektov na FVS UPJ\u0160 (opens in a new tab)\" href=\"https:\/\/www.upjs.sk\/app\/uploads\/sites\/12\/2023\/08\/Rozpis-MS-2014.xls\" target=\"_blank\" rel=\"noreferrer noopener\" class=\"ek-link\">Zoznam rie\u0161en\u00fdch projektov na FVS UPJ\u0160<\/a><br>2015: <a aria-label=\"Zoznam rie\u0161en\u00fdch projektov na FVS UPJ\u0160 (opens in a new tab)\" href=\"https:\/\/www.upjs.sk\/app\/uploads\/sites\/12\/2023\/08\/Rozpis-MS-2015.xls\" target=\"_blank\" rel=\"noreferrer noopener\" class=\"ek-link\">Zoznam rie\u0161en\u00fdch projektov na FVS UPJ\u0160<\/a><br>2016: <a aria-label=\"Zoznam rie\u0161en\u00fdch projektov na FVS UPJ\u0160 (opens in a new tab)\" href=\"https:\/\/www.upjs.sk\/app\/uploads\/sites\/12\/2023\/08\/Rozpis-MS-2016.xls\" target=\"_blank\" rel=\"noreferrer noopener\" class=\"ek-link\">Zoznam rie\u0161en\u00fdch projektov na FVS UPJ\u0160<\/a><br>2017: <a aria-label=\"Zoznam rie\u0161en\u00fdch projektov na FVS UPJ\u0160 (opens in a new tab)\" href=\"https:\/\/www.upjs.sk\/app\/uploads\/sites\/12\/2023\/08\/Rozpis-MS-2017.xlsx\" target=\"_blank\" rel=\"noreferrer noopener\" class=\"ek-link\">Zoznam rie\u0161en\u00fdch projektov na FVS UPJ\u0160<\/a><br>2018: <a aria-label=\"Zoznam rie\u0161en\u00fdch projektov na FVS UPJ\u0160 (opens in a new tab)\" href=\"https:\/\/www.upjs.sk\/app\/uploads\/sites\/12\/2023\/08\/Rozpis-MS-2018.xlsx\" target=\"_blank\" rel=\"noreferrer noopener\" class=\"ek-link\">Zoznam rie\u0161en\u00fdch projektov na FVS UPJ\u0160<\/a><br>2019: <a aria-label=\"Zoznam rie\u0161en\u00fdch projektov na FVS UPJ\u0160 (opens in a new tab)\" href=\"https:\/\/www.upjs.sk\/app\/uploads\/sites\/12\/2023\/08\/Rozpis-MS-2019.xlsx\" target=\"_blank\" rel=\"noreferrer noopener\" class=\"ek-link\">Zoznam rie\u0161en\u00fdch projektov na FVS UPJ\u0160<\/a><br>2020: <a aria-label=\"Zoznam rie\u0161en\u00fdch projektov na FVS UPJ\u0160 (opens in a new tab)\" href=\"https:\/\/www.upjs.sk\/app\/uploads\/sites\/12\/2023\/08\/Rozpis-MS-2020.xlsx\" target=\"_blank\" rel=\"noreferrer noopener\" class=\"ek-link\">Zoznam rie\u0161en\u00fdch projektov na FVS UPJ\u0160<\/a><br>2021: <a aria-label=\"Zoznam rie\u0161en\u00fdch projektov na FVS UPJ\u0160 (opens in a new tab)\" href=\"https:\/\/www.upjs.sk\/app\/uploads\/sites\/12\/2023\/08\/Rozpis-MS-2021.xlsx\" target=\"_blank\" rel=\"noreferrer noopener\" class=\"ek-link\">Zoznam rie\u0161en\u00fdch projektov na FVS UPJ\u0160<\/a><br>2022: <a href=\"https:\/\/www.upjs.sk\/app\/uploads\/sites\/12\/2023\/08\/rozpis-dotacii-VEGA_2022.xlsx\" target=\"_blank\" aria-label=\"Zoznam rie\u0161en\u00fdch projektov na FVS UPJ\u0160 (opens in a new tab)\" rel=\"noreferrer noopener\" class=\"ek-link\">Zoznam rie\u0161en\u00fdch projektov na FVS UPJ\u0160<\/a><br>2023: <a href=\"https:\/\/www.upjs.sk\/app\/uploads\/sites\/12\/2023\/08\/Hodnotenie_VEGA_2023.xlsx\" target=\"_blank\" aria-label=\"Zoznam rie\u0161en\u00fdch projektov na FVS UPJ\u0160 (opens in a new tab)\" rel=\"noreferrer noopener\" class=\"ek-link\">Zoznam rie\u0161en\u00fdch projektov na FVS UPJ\u0160<\/a><\/p>\n\n\n\n<p><strong>KEGA<\/strong><br>2013: <a href=\"https:\/\/www.upjs.sk\/app\/uploads\/sites\/12\/2023\/08\/Rozpis-MS-2013_KEGA.xls\" target=\"_blank\" aria-label=\"Zoznam rie\u0161en\u00fdch projektov na FVS UPJ\u0160 (opens in a new tab)\" rel=\"noreferrer noopener\" class=\"ek-link\">Zoznam rie\u0161en\u00fdch projektov na FVS UPJ\u0160<\/a><\/p>\n","protected":false},"excerpt":{"rendered":"<p>VEGA2007: Zoznam rie\u0161en\u00fdch projektov na FVS UPJ\u01602008: Zoznam rie\u0161en\u00fdch projektov na FVS UPJ\u01602009: Zoznam rie\u0161en\u00fdch projektov na FVS UPJ\u01602010: Zoznam rie\u0161en\u00fdch projektov na FVS UPJ\u01602011: Zoznam rie\u0161en\u00fdch projektov na FVS UPJ\u01602012: Zoznam rie\u0161en\u00fdch projektov na FVS UPJ\u01602013: Zoznam rie\u0161en\u00fdch projektov na FVS UPJ\u01602014: Zoznam rie\u0161en\u00fdch projektov na FVS UPJ\u01602015: Zoznam rie\u0161en\u00fdch projektov na FVS UPJ\u01602016: &hellip; <a href=\"https:\/\/www.upjs.sk\/fakulta-verejnej-spravy\/projekty\/5307-2\/\">\u010c\u00edta\u0165 \u010falej<\/a><\/p>\n","protected":false},"author":1,"featured_media":0,"parent":14517,"menu_order":2,"comment_status":"closed","ping_status":"closed","template":"","meta":{"_acf_changed":false,"_editorskit_title_hidden":false,"_editorskit_reading_time":0,"_editorskit_is_block_options_detached":false,"_editorskit_block_options_position":"{}","footnotes":""},"categories":[],"tags":[],"class_list":["post-14811","page","type-page","status-publish","hentry"],"acf":{"acf_link_na_externy_obsah":""},"yoast_head":"<!-- This site is optimized with the Yoast SEO plugin v27.2 - https:\/\/yoast.com\/product\/yoast-seo-wordpress\/ -->\n<title>Vedeckov\u00fdskumn\u00e9 projekty - Fakulta verejnej spr\u00e1vy | UPJ\u0160<\/title>\n<meta name=\"robots\" content=\"index, follow, max-snippet:-1, max-image-preview:large, max-video-preview:-1\" \/>\n<link rel=\"canonical\" href=\"https:\/\/www.upjs.sk\/fakulta-verejnej-spravy\/projekty\/5307-2\/\" \/>\n<meta property=\"og:locale\" content=\"sk_SK\" \/>\n<meta property=\"og:type\" content=\"article\" \/>\n<meta property=\"og:title\" content=\"Vedeckov\u00fdskumn\u00e9 projekty - Fakulta verejnej spr\u00e1vy | UPJ\u0160\" \/>\n<meta property=\"og:description\" content=\"VEGA2007: Zoznam rie\u0161en\u00fdch projektov na FVS UPJ\u01602008: Zoznam rie\u0161en\u00fdch projektov na FVS UPJ\u01602009: Zoznam rie\u0161en\u00fdch projektov na FVS UPJ\u01602010: Zoznam rie\u0161en\u00fdch projektov na FVS UPJ\u01602011: Zoznam rie\u0161en\u00fdch projektov na FVS UPJ\u01602012: Zoznam rie\u0161en\u00fdch projektov na FVS UPJ\u01602013: Zoznam rie\u0161en\u00fdch projektov na FVS UPJ\u01602014: Zoznam rie\u0161en\u00fdch projektov na FVS UPJ\u01602015: Zoznam rie\u0161en\u00fdch projektov na FVS UPJ\u01602016: &hellip; \u010c\u00edta\u0165 \u010falej\" \/>\n<meta property=\"og:url\" content=\"https:\/\/www.upjs.sk\/fakulta-verejnej-spravy\/projekty\/5307-2\/\" \/>\n<meta property=\"og:site_name\" content=\"Fakulta verejnej spr\u00e1vy | UPJ\u0160\" \/>\n<meta property=\"article:modified_time\" content=\"2023-08-15T13:18:01+00:00\" \/>\n<meta name=\"twitter:card\" content=\"summary_large_image\" \/>\n<meta name=\"twitter:label1\" content=\"Predpokladan\u00fd \u010das \u010d\u00edtania\" \/>\n\t<meta name=\"twitter:data1\" content=\"1 min\u00fata\" \/>\n<script type=\"application\/ld+json\" class=\"yoast-schema-graph\">{\"@context\":\"https:\/\/schema.org\",\"@graph\":[{\"@type\":\"WebPage\",\"@id\":\"https:\/\/www.upjs.sk\/fakulta-verejnej-spravy\/projekty\/5307-2\/\",\"url\":\"https:\/\/www.upjs.sk\/fakulta-verejnej-spravy\/projekty\/5307-2\/\",\"name\":\"Vedeckov\u00fdskumn\u00e9 projekty - Fakulta verejnej spr\u00e1vy | UPJ\u0160\",\"isPartOf\":{\"@id\":\"https:\/\/www.upjs.sk\/fakulta-verejnej-spravy\/#website\"},\"datePublished\":\"2010-11-12T10:23:49+00:00\",\"dateModified\":\"2023-08-15T13:18:01+00:00\",\"breadcrumb\":{\"@id\":\"https:\/\/www.upjs.sk\/fakulta-verejnej-spravy\/projekty\/5307-2\/#breadcrumb\"},\"inLanguage\":\"sk-SK\",\"potentialAction\":[{\"@type\":\"ReadAction\",\"target\":[\"https:\/\/www.upjs.sk\/fakulta-verejnej-spravy\/projekty\/5307-2\/\"]}]},{\"@type\":\"BreadcrumbList\",\"@id\":\"https:\/\/www.upjs.sk\/fakulta-verejnej-spravy\/projekty\/5307-2\/#breadcrumb\",\"itemListElement\":[{\"@type\":\"ListItem\",\"position\":1,\"name\":\"Home\",\"item\":\"https:\/\/www.upjs.sk\/fakulta-verejnej-spravy\/\"},{\"@type\":\"ListItem\",\"position\":2,\"name\":\"Projekty\",\"item\":\"https:\/\/www.upjs.sk\/fakulta-verejnej-spravy\/projekty\/\"},{\"@type\":\"ListItem\",\"position\":3,\"name\":\"Vedeckov\u00fdskumn\u00e9 projekty\"}]},{\"@type\":\"WebSite\",\"@id\":\"https:\/\/www.upjs.sk\/fakulta-verejnej-spravy\/#website\",\"url\":\"https:\/\/www.upjs.sk\/fakulta-verejnej-spravy\/\",\"name\":\"Fakulta verejnej spr\u00e1vy | UPJ\u0160\",\"description\":\"\",\"publisher\":{\"@id\":\"https:\/\/www.upjs.sk\/fakulta-verejnej-spravy\/#organization\"},\"potentialAction\":[{\"@type\":\"SearchAction\",\"target\":{\"@type\":\"EntryPoint\",\"urlTemplate\":\"https:\/\/www.upjs.sk\/fakulta-verejnej-spravy\/?s={search_term_string}\"},\"query-input\":{\"@type\":\"PropertyValueSpecification\",\"valueRequired\":true,\"valueName\":\"search_term_string\"}}],\"inLanguage\":\"sk-SK\"},{\"@type\":\"Organization\",\"@id\":\"https:\/\/www.upjs.sk\/fakulta-verejnej-spravy\/#organization\",\"name\":\"Fakulta verejnej spr\u00e1vy | UPJ\u0160\",\"url\":\"https:\/\/www.upjs.sk\/fakulta-verejnej-spravy\/\",\"logo\":{\"@type\":\"ImageObject\",\"inLanguage\":\"sk-SK\",\"@id\":\"https:\/\/www.upjs.sk\/fakulta-verejnej-spravy\/#\/schema\/logo\/image\/\",\"url\":\"https:\/\/www.upjs.sk\/app\/uploads\/sites\/12\/2022\/09\/logo-verejnej-spravy-fakulta.png\",\"contentUrl\":\"https:\/\/www.upjs.sk\/app\/uploads\/sites\/12\/2022\/09\/logo-verejnej-spravy-fakulta.png\",\"width\":415,\"height\":87,\"caption\":\"Fakulta verejnej spr\u00e1vy | UPJ\u0160\"},\"image\":{\"@id\":\"https:\/\/www.upjs.sk\/fakulta-verejnej-spravy\/#\/schema\/logo\/image\/\"}}]}<\/script>\n<!-- \/ Yoast SEO plugin. -->","yoast_head_json":{"title":"Vedeckov\u00fdskumn\u00e9 projekty - Fakulta verejnej spr\u00e1vy | UPJ\u0160","robots":{"index":"index","follow":"follow","max-snippet":"max-snippet:-1","max-image-preview":"max-image-preview:large","max-video-preview":"max-video-preview:-1"},"canonical":"https:\/\/www.upjs.sk\/fakulta-verejnej-spravy\/projekty\/5307-2\/","og_locale":"sk_SK","og_type":"article","og_title":"Vedeckov\u00fdskumn\u00e9 projekty - Fakulta verejnej spr\u00e1vy | UPJ\u0160","og_description":"VEGA2007: Zoznam rie\u0161en\u00fdch projektov na FVS UPJ\u01602008: Zoznam rie\u0161en\u00fdch projektov na FVS UPJ\u01602009: Zoznam rie\u0161en\u00fdch projektov na FVS UPJ\u01602010: Zoznam rie\u0161en\u00fdch projektov na FVS UPJ\u01602011: Zoznam rie\u0161en\u00fdch projektov na FVS UPJ\u01602012: Zoznam rie\u0161en\u00fdch projektov na FVS UPJ\u01602013: Zoznam rie\u0161en\u00fdch projektov na FVS UPJ\u01602014: Zoznam rie\u0161en\u00fdch projektov na FVS UPJ\u01602015: Zoznam rie\u0161en\u00fdch projektov na FVS UPJ\u01602016: &hellip; \u010c\u00edta\u0165 \u010falej","og_url":"https:\/\/www.upjs.sk\/fakulta-verejnej-spravy\/projekty\/5307-2\/","og_site_name":"Fakulta verejnej spr\u00e1vy | UPJ\u0160","article_modified_time":"2023-08-15T13:18:01+00:00","twitter_card":"summary_large_image","twitter_misc":{"Predpokladan\u00fd \u010das \u010d\u00edtania":"1 min\u00fata"},"schema":{"@context":"https:\/\/schema.org","@graph":[{"@type":"WebPage","@id":"https:\/\/www.upjs.sk\/fakulta-verejnej-spravy\/projekty\/5307-2\/","url":"https:\/\/www.upjs.sk\/fakulta-verejnej-spravy\/projekty\/5307-2\/","name":"Vedeckov\u00fdskumn\u00e9 projekty - Fakulta verejnej spr\u00e1vy | UPJ\u0160","isPartOf":{"@id":"https:\/\/www.upjs.sk\/fakulta-verejnej-spravy\/#website"},"datePublished":"2010-11-12T10:23:49+00:00","dateModified":"2023-08-15T13:18:01+00:00","breadcrumb":{"@id":"https:\/\/www.upjs.sk\/fakulta-verejnej-spravy\/projekty\/5307-2\/#breadcrumb"},"inLanguage":"sk-SK","potentialAction":[{"@type":"ReadAction","target":["https:\/\/www.upjs.sk\/fakulta-verejnej-spravy\/projekty\/5307-2\/"]}]},{"@type":"BreadcrumbList","@id":"https:\/\/www.upjs.sk\/fakulta-verejnej-spravy\/projekty\/5307-2\/#breadcrumb","itemListElement":[{"@type":"ListItem","position":1,"name":"Home","item":"https:\/\/www.upjs.sk\/fakulta-verejnej-spravy\/"},{"@type":"ListItem","position":2,"name":"Projekty","item":"https:\/\/www.upjs.sk\/fakulta-verejnej-spravy\/projekty\/"},{"@type":"ListItem","position":3,"name":"Vedeckov\u00fdskumn\u00e9 projekty"}]},{"@type":"WebSite","@id":"https:\/\/www.upjs.sk\/fakulta-verejnej-spravy\/#website","url":"https:\/\/www.upjs.sk\/fakulta-verejnej-spravy\/","name":"Fakulta verejnej spr\u00e1vy | UPJ\u0160","description":"","publisher":{"@id":"https:\/\/www.upjs.sk\/fakulta-verejnej-spravy\/#organization"},"potentialAction":[{"@type":"SearchAction","target":{"@type":"EntryPoint","urlTemplate":"https:\/\/www.upjs.sk\/fakulta-verejnej-spravy\/?s={search_term_string}"},"query-input":{"@type":"PropertyValueSpecification","valueRequired":true,"valueName":"search_term_string"}}],"inLanguage":"sk-SK"},{"@type":"Organization","@id":"https:\/\/www.upjs.sk\/fakulta-verejnej-spravy\/#organization","name":"Fakulta verejnej spr\u00e1vy | UPJ\u0160","url":"https:\/\/www.upjs.sk\/fakulta-verejnej-spravy\/","logo":{"@type":"ImageObject","inLanguage":"sk-SK","@id":"https:\/\/www.upjs.sk\/fakulta-verejnej-spravy\/#\/schema\/logo\/image\/","url":"https:\/\/www.upjs.sk\/app\/uploads\/sites\/12\/2022\/09\/logo-verejnej-spravy-fakulta.png","contentUrl":"https:\/\/www.upjs.sk\/app\/uploads\/sites\/12\/2022\/09\/logo-verejnej-spravy-fakulta.png","width":415,"height":87,"caption":"Fakulta verejnej spr\u00e1vy | UPJ\u0160"},"image":{"@id":"https:\/\/www.upjs.sk\/fakulta-verejnej-spravy\/#\/schema\/logo\/image\/"}}]}},"_links":{"self":[{"href":"https:\/\/www.upjs.sk\/fakulta-verejnej-spravy\/wp-json\/wp\/v2\/pages\/14811","targetHints":{"allow":["GET"]}}],"collection":[{"href":"https:\/\/www.upjs.sk\/fakulta-verejnej-spravy\/wp-json\/wp\/v2\/pages"}],"about":[{"href":"https:\/\/www.upjs.sk\/fakulta-verejnej-spravy\/wp-json\/wp\/v2\/types\/page"}],"author":[{"embeddable":true,"href":"https:\/\/www.upjs.sk\/fakulta-verejnej-spravy\/wp-json\/wp\/v2\/users\/1"}],"replies":[{"embeddable":true,"href":"https:\/\/www.upjs.sk\/fakulta-verejnej-spravy\/wp-json\/wp\/v2\/comments?post=14811"}],"version-history":[{"count":13,"href":"https:\/\/www.upjs.sk\/fakulta-verejnej-spravy\/wp-json\/wp\/v2\/pages\/14811\/revisions"}],"predecessor-version":[{"id":24950,"href":"https:\/\/www.upjs.sk\/fakulta-verejnej-spravy\/wp-json\/wp\/v2\/pages\/14811\/revisions\/24950"}],"up":[{"embeddable":true,"href":"https:\/\/www.upjs.sk\/fakulta-verejnej-spravy\/wp-json\/wp\/v2\/pages\/14517"}],"wp:attachment":[{"href":"https:\/\/www.upjs.sk\/fakulta-verejnej-spravy\/wp-json\/wp\/v2\/media?parent=14811"}],"wp:term":[{"taxonomy":"category","embeddable":true,"href":"https:\/\/www.upjs.sk\/fakulta-verejnej-spravy\/wp-json\/wp\/v2\/categories?post=14811"},{"taxonomy":"post_tag","embeddable":true,"href":"https:\/\/www.upjs.sk\/fakulta-verejnej-spravy\/wp-json\/wp\/v2\/tags?post=14811"}],"curies":[{"name":"wp","href":"https:\/\/api.w.org\/{rel}","templated":true}]}}