{"id":16143,"date":"2022-11-10T09:39:24","date_gmt":"2022-11-10T09:39:24","guid":{"rendered":"https:\/\/www.upjs.sk\/fakulta-verejnej-spravy\/?page_id=16143"},"modified":"2025-10-02T17:27:31","modified_gmt":"2025-10-02T16:27:31","slug":"referat-pre-doktorandske-studium-a-vedeckovyskumnu-cinnost","status":"publish","type":"page","link":"https:\/\/www.upjs.sk\/fakulta-verejnej-spravy\/referat-pre-doktorandske-studium-a-vedeckovyskumnu-cinnost\/","title":{"rendered":"Refer\u00e1t pre doktorandsk\u00e9 \u0161t\u00fadium a vedeckov\u00fdskumn\u00fa \u010dinnos\u0165"},"content":{"rendered":"\n<p><\/p>\n\n\n<style>.kb-row-layout-id16143_90f14a-87 > .kt-row-column-wrap{align-content:start;}:where(.kb-row-layout-id16143_90f14a-87 > .kt-row-column-wrap) > .wp-block-kadence-column{justify-content:start;}.kb-row-layout-id16143_90f14a-87 > .kt-row-column-wrap{column-gap:var(--global-kb-gap-md, 2rem);row-gap:var(--global-kb-gap-md, 2rem);padding-top:0px;padding-bottom:0px;grid-template-columns:minmax(0, calc(20% - ((var(--global-kb-gap-md, 2rem) * 1 )\/2)))minmax(0, calc(80% - ((var(--global-kb-gap-md, 2rem) * 1 )\/2)));}.kb-row-layout-id16143_90f14a-87 > .kt-row-layout-overlay{opacity:0.30;}@media all and (max-width: 1024px){.kb-row-layout-id16143_90f14a-87 > .kt-row-column-wrap{grid-template-columns:minmax(0, 1fr) minmax(0, 2fr);}}@media all and (max-width: 767px){.kb-row-layout-id16143_90f14a-87 > .kt-row-column-wrap{grid-template-columns:minmax(0, 1fr);}}<\/style><div class=\"kb-row-layout-wrap kb-row-layout-id16143_90f14a-87 alignnone wp-block-kadence-rowlayout\"><div class=\"kt-row-column-wrap kt-has-2-columns kt-row-layout-right-golden kt-tab-layout-inherit kt-mobile-layout-row kt-row-valign-top\">\n<style>.kadence-column16143_55c1c3-7e > .kt-inside-inner-col,.kadence-column16143_55c1c3-7e > .kt-inside-inner-col:before{border-top-left-radius:0px;border-top-right-radius:0px;border-bottom-right-radius:0px;border-bottom-left-radius:0px;}.kadence-column16143_55c1c3-7e > .kt-inside-inner-col{column-gap:var(--global-kb-gap-sm, 1rem);}.kadence-column16143_55c1c3-7e > .kt-inside-inner-col{flex-direction:column;}.kadence-column16143_55c1c3-7e > .kt-inside-inner-col > .aligncenter{width:100%;}.kadence-column16143_55c1c3-7e > .kt-inside-inner-col:before{opacity:0.3;}.kadence-column16143_55c1c3-7e{position:relative;}@media all and (max-width: 1024px){.kadence-column16143_55c1c3-7e > .kt-inside-inner-col{flex-direction:column;justify-content:center;}}@media all and (max-width: 767px){.kadence-column16143_55c1c3-7e > .kt-inside-inner-col{flex-direction:column;justify-content:center;}}<\/style>\n<div class=\"wp-block-kadence-column kadence-column16143_55c1c3-7e inner-column-1\"><div class=\"kt-inside-inner-col\"><style>.kb-image16143_551eec-14 .kb-image-has-overlay:after{opacity:0.3;}.kb-image16143_551eec-14 img.kb-img, .kb-image16143_551eec-14 .kb-img img{box-shadow:7px 0px 15px 0px #006DB2;}<\/style>\n<figure class=\"wp-block-kadence-image kb-image16143_551eec-14 size-large is-resized\"><img loading=\"lazy\" decoding=\"async\" src=\"https:\/\/www.upjs.sk\/app\/uploads\/sites\/12\/2022\/09\/fofo-profil-small-1-681x1024.jpg\" alt=\"\" class=\"kb-img wp-image-13086\" width=\"150\" height=\"225\"\/><\/figure>\n<\/div><\/div>\n\n\n<style>.kadence-column16143_1d11ae-dc > .kt-inside-inner-col{display:flex;}.kadence-column16143_1d11ae-dc > .kt-inside-inner-col,.kadence-column16143_1d11ae-dc > .kt-inside-inner-col:before{border-top-left-radius:0px;border-top-right-radius:0px;border-bottom-right-radius:0px;border-bottom-left-radius:0px;}.kadence-column16143_1d11ae-dc > .kt-inside-inner-col{column-gap:var(--global-kb-gap-sm, 1rem);}.kadence-column16143_1d11ae-dc > .kt-inside-inner-col{flex-direction:column;justify-content:center;}.kadence-column16143_1d11ae-dc > .kt-inside-inner-col > .aligncenter{width:100%;}.kt-row-column-wrap > .kadence-column16143_1d11ae-dc{align-self:center;}.kt-inner-column-height-full:not(.kt-has-1-columns) > .wp-block-kadence-column.kadence-column16143_1d11ae-dc{align-self:auto;}.kt-inner-column-height-full:not(.kt-has-1-columns) > .wp-block-kadence-column.kadence-column16143_1d11ae-dc > .kt-inside-inner-col{flex-direction:column;justify-content:center;}.kadence-column16143_1d11ae-dc > .kt-inside-inner-col:before{opacity:0.3;}.kadence-column16143_1d11ae-dc{position:relative;}@media all and (max-width: 1024px){.kt-row-column-wrap > .kadence-column16143_1d11ae-dc{align-self:center;}}@media all and (max-width: 1024px){.kt-inner-column-height-full:not(.kt-has-1-columns) > .wp-block-kadence-column.kadence-column16143_1d11ae-dc{align-self:auto;}}@media all and (max-width: 1024px){.kt-inner-column-height-full:not(.kt-has-1-columns) > .wp-block-kadence-column.kadence-column16143_1d11ae-dc > .kt-inside-inner-col{flex-direction:column;justify-content:center;}}@media all and (max-width: 1024px){.kadence-column16143_1d11ae-dc > .kt-inside-inner-col{flex-direction:column;justify-content:center;}}@media all and (max-width: 767px){.kt-row-column-wrap > .kadence-column16143_1d11ae-dc{align-self:center;}.kt-inner-column-height-full:not(.kt-has-1-columns) > .wp-block-kadence-column.kadence-column16143_1d11ae-dc{align-self:auto;}.kt-inner-column-height-full:not(.kt-has-1-columns) > .wp-block-kadence-column.kadence-column16143_1d11ae-dc > .kt-inside-inner-col{flex-direction:column;justify-content:center;}.kadence-column16143_1d11ae-dc > .kt-inside-inner-col{flex-direction:column;justify-content:center;}}<\/style>\n<div class=\"wp-block-kadence-column kadence-column16143_1d11ae-dc inner-column-2\"><div class=\"kt-inside-inner-col\">\n<p class=\"has-text-align-left\"><strong><a href=\"http:\/\/www.upjs.sk\/FVS\/zamestnanec\/miroslav.fecko\/\" class=\"ek-link\">PhDr. Miroslav Fe\u010dko, PhD.<\/a><\/strong><br>Prodekan pre vedeckov\u00fdskumn\u00fa \u010dinnos\u0165 a zahrani\u010dn\u00e9 vz\u0165ahy<br>tel: +421&nbsp;55&nbsp;234 5154<br>e-mail: <a aria-label=\" (opens in a new tab)\" href=\"mailto:miroslav.fecko@upjs.sk\" target=\"_blank\" rel=\"noreferrer noopener\" class=\"ek-link\">miroslav.fecko@upjs.sk<\/a><\/p>\n<\/div><\/div>\n\n<\/div><\/div>\n\n<style>.kb-row-layout-id16143_c60d8d-51 > .kt-row-column-wrap{align-content:start;}:where(.kb-row-layout-id16143_c60d8d-51 > .kt-row-column-wrap) > .wp-block-kadence-column{justify-content:start;}.kb-row-layout-id16143_c60d8d-51 > .kt-row-column-wrap{column-gap:var(--global-kb-gap-md, 2rem);row-gap:var(--global-kb-gap-md, 2rem);padding-top:var(--global-kb-spacing-sm, 1.5rem);padding-bottom:var(--global-kb-spacing-sm, 1.5rem);grid-template-columns:minmax(0, 1fr);}.kb-row-layout-id16143_c60d8d-51 > .kt-row-layout-overlay{opacity:0.30;}@media all and (max-width: 1024px){.kb-row-layout-id16143_c60d8d-51 > .kt-row-column-wrap{grid-template-columns:minmax(0, 1fr);}}@media all and (max-width: 767px){.kb-row-layout-id16143_c60d8d-51 > .kt-row-column-wrap{grid-template-columns:minmax(0, 1fr);}}<\/style><div class=\"kb-row-layout-wrap kb-row-layout-id16143_c60d8d-51 alignnone wp-block-kadence-rowlayout\"><div class=\"kt-row-column-wrap kt-has-1-columns kt-row-layout-equal kt-tab-layout-inherit kt-mobile-layout-row kt-row-valign-top\">\n<style>.kadence-column16143_b29dd1-ff > .kt-inside-inner-col,.kadence-column16143_b29dd1-ff > .kt-inside-inner-col:before{border-top-left-radius:0px;border-top-right-radius:0px;border-bottom-right-radius:0px;border-bottom-left-radius:0px;}.kadence-column16143_b29dd1-ff > .kt-inside-inner-col{column-gap:var(--global-kb-gap-sm, 1rem);}.kadence-column16143_b29dd1-ff > .kt-inside-inner-col{flex-direction:column;}.kadence-column16143_b29dd1-ff > .kt-inside-inner-col > .aligncenter{width:100%;}.kadence-column16143_b29dd1-ff > .kt-inside-inner-col:before{opacity:0.3;}.kadence-column16143_b29dd1-ff{position:relative;}@media all and (max-width: 1024px){.kadence-column16143_b29dd1-ff > .kt-inside-inner-col{flex-direction:column;justify-content:center;}}@media all and (max-width: 767px){.kadence-column16143_b29dd1-ff > .kt-inside-inner-col{flex-direction:column;justify-content:center;}}<\/style>\n<div class=\"wp-block-kadence-column kadence-column16143_b29dd1-ff inner-column-1\"><div class=\"kt-inside-inner-col\">\n<p>Ing. Jana Chmelov\u00e1<br>referentka pre doktorandsk\u00e9 \u0161t\u00fadium a vedeckov\u00fdskumn\u00fa \u010dinnos\u0165<br>tel.: +421 55 234 5116<br>e-mail: <a href=\"mailto:fvs-phd@upjs.sk\">fvs-phd@upjs.sk<\/a>,<a href=\"mailto:fvs-veda@upjs.sk\"> fvs-veda@upjs.sk<\/a><br>;<\/p>\n<\/div><\/div>\n\n<\/div><\/div>","protected":false},"excerpt":{"rendered":"<p>PhDr. Miroslav Fe\u010dko, PhD.Prodekan pre vedeckov\u00fdskumn\u00fa \u010dinnos\u0165 a zahrani\u010dn\u00e9 vz\u0165ahytel: +421&nbsp;55&nbsp;234 5154e-mail: miroslav.fecko@upjs.sk Ing. Jana Chmelov\u00e1referentka pre doktorandsk\u00e9 \u0161t\u00fadium a vedeckov\u00fdskumn\u00fa \u010dinnos\u0165tel.: +421 55 234 5116e-mail: fvs-phd@upjs.sk, fvs-veda@upjs.sk;<\/p>\n","protected":false},"author":20,"featured_media":0,"parent":0,"menu_order":31,"comment_status":"closed","ping_status":"closed","template":"","meta":{"_acf_changed":false,"_editorskit_title_hidden":false,"_editorskit_reading_time":1,"_editorskit_is_block_options_detached":false,"_editorskit_block_options_position":"{}","footnotes":""},"categories":[],"tags":[],"class_list":["post-16143","page","type-page","status-publish","hentry"],"acf":{"acf_link_na_externy_obsah":""},"yoast_head":"<!-- This site is optimized with the Yoast SEO plugin v27.4 - https:\/\/yoast.com\/product\/yoast-seo-wordpress\/ -->\n<title>Refer\u00e1t pre doktorandsk\u00e9 \u0161t\u00fadium a vedeckov\u00fdskumn\u00fa \u010dinnos\u0165 - Fakulta verejnej spr\u00e1vy | UPJ\u0160<\/title>\n<meta name=\"robots\" content=\"index, follow, max-snippet:-1, max-image-preview:large, max-video-preview:-1\" \/>\n<link rel=\"canonical\" href=\"https:\/\/www.upjs.sk\/fakulta-verejnej-spravy\/referat-pre-doktorandske-studium-a-vedeckovyskumnu-cinnost\/\" \/>\n<meta property=\"og:locale\" content=\"sk_SK\" \/>\n<meta property=\"og:type\" content=\"article\" \/>\n<meta property=\"og:title\" content=\"Refer\u00e1t pre doktorandsk\u00e9 \u0161t\u00fadium a vedeckov\u00fdskumn\u00fa \u010dinnos\u0165 - Fakulta verejnej spr\u00e1vy | UPJ\u0160\" \/>\n<meta property=\"og:description\" content=\"PhDr. Miroslav Fe\u010dko, PhD.Prodekan pre vedeckov\u00fdskumn\u00fa \u010dinnos\u0165 a zahrani\u010dn\u00e9 vz\u0165ahytel: +421&nbsp;55&nbsp;234 5154e-mail: miroslav.fecko@upjs.sk Ing. Jana Chmelov\u00e1referentka pre doktorandsk\u00e9 \u0161t\u00fadium a vedeckov\u00fdskumn\u00fa \u010dinnos\u0165tel.: +421 55 234 5116e-mail: fvs-phd@upjs.sk, fvs-veda@upjs.sk;\" \/>\n<meta property=\"og:url\" content=\"https:\/\/www.upjs.sk\/fakulta-verejnej-spravy\/referat-pre-doktorandske-studium-a-vedeckovyskumnu-cinnost\/\" \/>\n<meta property=\"og:site_name\" content=\"Fakulta verejnej spr\u00e1vy | UPJ\u0160\" \/>\n<meta property=\"article:modified_time\" content=\"2025-10-02T16:27:31+00:00\" \/>\n<meta property=\"og:image\" content=\"https:\/\/www.upjs.sk\/app\/uploads\/sites\/12\/2022\/09\/fofo-profil-small-1-scaled-e1675768964519.jpg\" \/>\n\t<meta property=\"og:image:width\" content=\"150\" \/>\n\t<meta property=\"og:image:height\" content=\"225\" \/>\n\t<meta property=\"og:image:type\" content=\"image\/jpeg\" \/>\n<meta name=\"twitter:card\" content=\"summary_large_image\" \/>\n<meta name=\"twitter:label1\" content=\"Predpokladan\u00fd \u010das \u010d\u00edtania\" \/>\n\t<meta name=\"twitter:data1\" content=\"1 min\u00fata\" \/>\n<script type=\"application\/ld+json\" class=\"yoast-schema-graph\">{\"@context\":\"https:\\\/\\\/schema.org\",\"@graph\":[{\"@type\":\"WebPage\",\"@id\":\"https:\\\/\\\/www.upjs.sk\\\/fakulta-verejnej-spravy\\\/referat-pre-doktorandske-studium-a-vedeckovyskumnu-cinnost\\\/\",\"url\":\"https:\\\/\\\/www.upjs.sk\\\/fakulta-verejnej-spravy\\\/referat-pre-doktorandske-studium-a-vedeckovyskumnu-cinnost\\\/\",\"name\":\"Refer\u00e1t pre doktorandsk\u00e9 \u0161t\u00fadium a vedeckov\u00fdskumn\u00fa \u010dinnos\u0165 - Fakulta verejnej spr\u00e1vy | UPJ\u0160\",\"isPartOf\":{\"@id\":\"https:\\\/\\\/www.upjs.sk\\\/fakulta-verejnej-spravy\\\/#website\"},\"primaryImageOfPage\":{\"@id\":\"https:\\\/\\\/www.upjs.sk\\\/fakulta-verejnej-spravy\\\/referat-pre-doktorandske-studium-a-vedeckovyskumnu-cinnost\\\/#primaryimage\"},\"image\":{\"@id\":\"https:\\\/\\\/www.upjs.sk\\\/fakulta-verejnej-spravy\\\/referat-pre-doktorandske-studium-a-vedeckovyskumnu-cinnost\\\/#primaryimage\"},\"thumbnailUrl\":\"https:\\\/\\\/www.upjs.sk\\\/app\\\/uploads\\\/sites\\\/12\\\/2022\\\/09\\\/fofo-profil-small-1-681x1024.jpg\",\"datePublished\":\"2022-11-10T09:39:24+00:00\",\"dateModified\":\"2025-10-02T16:27:31+00:00\",\"breadcrumb\":{\"@id\":\"https:\\\/\\\/www.upjs.sk\\\/fakulta-verejnej-spravy\\\/referat-pre-doktorandske-studium-a-vedeckovyskumnu-cinnost\\\/#breadcrumb\"},\"inLanguage\":\"sk-SK\",\"potentialAction\":[{\"@type\":\"ReadAction\",\"target\":[\"https:\\\/\\\/www.upjs.sk\\\/fakulta-verejnej-spravy\\\/referat-pre-doktorandske-studium-a-vedeckovyskumnu-cinnost\\\/\"]}]},{\"@type\":\"ImageObject\",\"inLanguage\":\"sk-SK\",\"@id\":\"https:\\\/\\\/www.upjs.sk\\\/fakulta-verejnej-spravy\\\/referat-pre-doktorandske-studium-a-vedeckovyskumnu-cinnost\\\/#primaryimage\",\"url\":\"https:\\\/\\\/www.upjs.sk\\\/app\\\/uploads\\\/sites\\\/12\\\/2022\\\/09\\\/fofo-profil-small-1-681x1024.jpg\",\"contentUrl\":\"https:\\\/\\\/www.upjs.sk\\\/app\\\/uploads\\\/sites\\\/12\\\/2022\\\/09\\\/fofo-profil-small-1-681x1024.jpg\"},{\"@type\":\"BreadcrumbList\",\"@id\":\"https:\\\/\\\/www.upjs.sk\\\/fakulta-verejnej-spravy\\\/referat-pre-doktorandske-studium-a-vedeckovyskumnu-cinnost\\\/#breadcrumb\",\"itemListElement\":[{\"@type\":\"ListItem\",\"position\":1,\"name\":\"Home\",\"item\":\"https:\\\/\\\/www.upjs.sk\\\/fakulta-verejnej-spravy\\\/\"},{\"@type\":\"ListItem\",\"position\":2,\"name\":\"Refer\u00e1t pre doktorandsk\u00e9 \u0161t\u00fadium a vedeckov\u00fdskumn\u00fa \u010dinnos\u0165\"}]},{\"@type\":\"WebSite\",\"@id\":\"https:\\\/\\\/www.upjs.sk\\\/fakulta-verejnej-spravy\\\/#website\",\"url\":\"https:\\\/\\\/www.upjs.sk\\\/fakulta-verejnej-spravy\\\/\",\"name\":\"Fakulta verejnej spr\u00e1vy | UPJ\u0160\",\"description\":\"\",\"publisher\":{\"@id\":\"https:\\\/\\\/www.upjs.sk\\\/fakulta-verejnej-spravy\\\/#organization\"},\"potentialAction\":[{\"@type\":\"SearchAction\",\"target\":{\"@type\":\"EntryPoint\",\"urlTemplate\":\"https:\\\/\\\/www.upjs.sk\\\/fakulta-verejnej-spravy\\\/?s={search_term_string}\"},\"query-input\":{\"@type\":\"PropertyValueSpecification\",\"valueRequired\":true,\"valueName\":\"search_term_string\"}}],\"inLanguage\":\"sk-SK\"},{\"@type\":\"Organization\",\"@id\":\"https:\\\/\\\/www.upjs.sk\\\/fakulta-verejnej-spravy\\\/#organization\",\"name\":\"Fakulta verejnej spr\u00e1vy | UPJ\u0160\",\"url\":\"https:\\\/\\\/www.upjs.sk\\\/fakulta-verejnej-spravy\\\/\",\"logo\":{\"@type\":\"ImageObject\",\"inLanguage\":\"sk-SK\",\"@id\":\"https:\\\/\\\/www.upjs.sk\\\/fakulta-verejnej-spravy\\\/#\\\/schema\\\/logo\\\/image\\\/\",\"url\":\"https:\\\/\\\/www.upjs.sk\\\/app\\\/uploads\\\/sites\\\/12\\\/2022\\\/09\\\/logo-verejnej-spravy-fakulta.png\",\"contentUrl\":\"https:\\\/\\\/www.upjs.sk\\\/app\\\/uploads\\\/sites\\\/12\\\/2022\\\/09\\\/logo-verejnej-spravy-fakulta.png\",\"width\":415,\"height\":87,\"caption\":\"Fakulta verejnej spr\u00e1vy | UPJ\u0160\"},\"image\":{\"@id\":\"https:\\\/\\\/www.upjs.sk\\\/fakulta-verejnej-spravy\\\/#\\\/schema\\\/logo\\\/image\\\/\"}}]}<\/script>\n<!-- \/ Yoast SEO plugin. -->","yoast_head_json":{"title":"Refer\u00e1t pre doktorandsk\u00e9 \u0161t\u00fadium a vedeckov\u00fdskumn\u00fa \u010dinnos\u0165 - Fakulta verejnej spr\u00e1vy | UPJ\u0160","robots":{"index":"index","follow":"follow","max-snippet":"max-snippet:-1","max-image-preview":"max-image-preview:large","max-video-preview":"max-video-preview:-1"},"canonical":"https:\/\/www.upjs.sk\/fakulta-verejnej-spravy\/referat-pre-doktorandske-studium-a-vedeckovyskumnu-cinnost\/","og_locale":"sk_SK","og_type":"article","og_title":"Refer\u00e1t pre doktorandsk\u00e9 \u0161t\u00fadium a vedeckov\u00fdskumn\u00fa \u010dinnos\u0165 - Fakulta verejnej spr\u00e1vy | UPJ\u0160","og_description":"PhDr. Miroslav Fe\u010dko, PhD.Prodekan pre vedeckov\u00fdskumn\u00fa \u010dinnos\u0165 a zahrani\u010dn\u00e9 vz\u0165ahytel: +421&nbsp;55&nbsp;234 5154e-mail: miroslav.fecko@upjs.sk Ing. Jana Chmelov\u00e1referentka pre doktorandsk\u00e9 \u0161t\u00fadium a vedeckov\u00fdskumn\u00fa \u010dinnos\u0165tel.: +421 55 234 5116e-mail: fvs-phd@upjs.sk, fvs-veda@upjs.sk;","og_url":"https:\/\/www.upjs.sk\/fakulta-verejnej-spravy\/referat-pre-doktorandske-studium-a-vedeckovyskumnu-cinnost\/","og_site_name":"Fakulta verejnej spr\u00e1vy | UPJ\u0160","article_modified_time":"2025-10-02T16:27:31+00:00","og_image":[{"width":150,"height":225,"url":"https:\/\/www.upjs.sk\/app\/uploads\/sites\/12\/2022\/09\/fofo-profil-small-1-scaled-e1675768964519.jpg","type":"image\/jpeg"}],"twitter_card":"summary_large_image","twitter_misc":{"Predpokladan\u00fd \u010das \u010d\u00edtania":"1 min\u00fata"},"schema":{"@context":"https:\/\/schema.org","@graph":[{"@type":"WebPage","@id":"https:\/\/www.upjs.sk\/fakulta-verejnej-spravy\/referat-pre-doktorandske-studium-a-vedeckovyskumnu-cinnost\/","url":"https:\/\/www.upjs.sk\/fakulta-verejnej-spravy\/referat-pre-doktorandske-studium-a-vedeckovyskumnu-cinnost\/","name":"Refer\u00e1t pre doktorandsk\u00e9 \u0161t\u00fadium a vedeckov\u00fdskumn\u00fa \u010dinnos\u0165 - Fakulta verejnej spr\u00e1vy | UPJ\u0160","isPartOf":{"@id":"https:\/\/www.upjs.sk\/fakulta-verejnej-spravy\/#website"},"primaryImageOfPage":{"@id":"https:\/\/www.upjs.sk\/fakulta-verejnej-spravy\/referat-pre-doktorandske-studium-a-vedeckovyskumnu-cinnost\/#primaryimage"},"image":{"@id":"https:\/\/www.upjs.sk\/fakulta-verejnej-spravy\/referat-pre-doktorandske-studium-a-vedeckovyskumnu-cinnost\/#primaryimage"},"thumbnailUrl":"https:\/\/www.upjs.sk\/app\/uploads\/sites\/12\/2022\/09\/fofo-profil-small-1-681x1024.jpg","datePublished":"2022-11-10T09:39:24+00:00","dateModified":"2025-10-02T16:27:31+00:00","breadcrumb":{"@id":"https:\/\/www.upjs.sk\/fakulta-verejnej-spravy\/referat-pre-doktorandske-studium-a-vedeckovyskumnu-cinnost\/#breadcrumb"},"inLanguage":"sk-SK","potentialAction":[{"@type":"ReadAction","target":["https:\/\/www.upjs.sk\/fakulta-verejnej-spravy\/referat-pre-doktorandske-studium-a-vedeckovyskumnu-cinnost\/"]}]},{"@type":"ImageObject","inLanguage":"sk-SK","@id":"https:\/\/www.upjs.sk\/fakulta-verejnej-spravy\/referat-pre-doktorandske-studium-a-vedeckovyskumnu-cinnost\/#primaryimage","url":"https:\/\/www.upjs.sk\/app\/uploads\/sites\/12\/2022\/09\/fofo-profil-small-1-681x1024.jpg","contentUrl":"https:\/\/www.upjs.sk\/app\/uploads\/sites\/12\/2022\/09\/fofo-profil-small-1-681x1024.jpg"},{"@type":"BreadcrumbList","@id":"https:\/\/www.upjs.sk\/fakulta-verejnej-spravy\/referat-pre-doktorandske-studium-a-vedeckovyskumnu-cinnost\/#breadcrumb","itemListElement":[{"@type":"ListItem","position":1,"name":"Home","item":"https:\/\/www.upjs.sk\/fakulta-verejnej-spravy\/"},{"@type":"ListItem","position":2,"name":"Refer\u00e1t pre doktorandsk\u00e9 \u0161t\u00fadium a vedeckov\u00fdskumn\u00fa \u010dinnos\u0165"}]},{"@type":"WebSite","@id":"https:\/\/www.upjs.sk\/fakulta-verejnej-spravy\/#website","url":"https:\/\/www.upjs.sk\/fakulta-verejnej-spravy\/","name":"Fakulta verejnej spr\u00e1vy | UPJ\u0160","description":"","publisher":{"@id":"https:\/\/www.upjs.sk\/fakulta-verejnej-spravy\/#organization"},"potentialAction":[{"@type":"SearchAction","target":{"@type":"EntryPoint","urlTemplate":"https:\/\/www.upjs.sk\/fakulta-verejnej-spravy\/?s={search_term_string}"},"query-input":{"@type":"PropertyValueSpecification","valueRequired":true,"valueName":"search_term_string"}}],"inLanguage":"sk-SK"},{"@type":"Organization","@id":"https:\/\/www.upjs.sk\/fakulta-verejnej-spravy\/#organization","name":"Fakulta verejnej spr\u00e1vy | UPJ\u0160","url":"https:\/\/www.upjs.sk\/fakulta-verejnej-spravy\/","logo":{"@type":"ImageObject","inLanguage":"sk-SK","@id":"https:\/\/www.upjs.sk\/fakulta-verejnej-spravy\/#\/schema\/logo\/image\/","url":"https:\/\/www.upjs.sk\/app\/uploads\/sites\/12\/2022\/09\/logo-verejnej-spravy-fakulta.png","contentUrl":"https:\/\/www.upjs.sk\/app\/uploads\/sites\/12\/2022\/09\/logo-verejnej-spravy-fakulta.png","width":415,"height":87,"caption":"Fakulta verejnej spr\u00e1vy | UPJ\u0160"},"image":{"@id":"https:\/\/www.upjs.sk\/fakulta-verejnej-spravy\/#\/schema\/logo\/image\/"}}]}},"_links":{"self":[{"href":"https:\/\/www.upjs.sk\/fakulta-verejnej-spravy\/wp-json\/wp\/v2\/pages\/16143","targetHints":{"allow":["GET"]}}],"collection":[{"href":"https:\/\/www.upjs.sk\/fakulta-verejnej-spravy\/wp-json\/wp\/v2\/pages"}],"about":[{"href":"https:\/\/www.upjs.sk\/fakulta-verejnej-spravy\/wp-json\/wp\/v2\/types\/page"}],"author":[{"embeddable":true,"href":"https:\/\/www.upjs.sk\/fakulta-verejnej-spravy\/wp-json\/wp\/v2\/users\/20"}],"replies":[{"embeddable":true,"href":"https:\/\/www.upjs.sk\/fakulta-verejnej-spravy\/wp-json\/wp\/v2\/comments?post=16143"}],"version-history":[{"count":13,"href":"https:\/\/www.upjs.sk\/fakulta-verejnej-spravy\/wp-json\/wp\/v2\/pages\/16143\/revisions"}],"predecessor-version":[{"id":29384,"href":"https:\/\/www.upjs.sk\/fakulta-verejnej-spravy\/wp-json\/wp\/v2\/pages\/16143\/revisions\/29384"}],"wp:attachment":[{"href":"https:\/\/www.upjs.sk\/fakulta-verejnej-spravy\/wp-json\/wp\/v2\/media?parent=16143"}],"wp:term":[{"taxonomy":"category","embeddable":true,"href":"https:\/\/www.upjs.sk\/fakulta-verejnej-spravy\/wp-json\/wp\/v2\/categories?post=16143"},{"taxonomy":"post_tag","embeddable":true,"href":"https:\/\/www.upjs.sk\/fakulta-verejnej-spravy\/wp-json\/wp\/v2\/tags?post=16143"}],"curies":[{"name":"wp","href":"https:\/\/api.w.org\/{rel}","templated":true}]}}