{"id":16484,"date":"2022-11-10T13:33:14","date_gmt":"2022-11-10T13:33:14","guid":{"rendered":"https:\/\/www.upjs.sk\/fakulta-verejnej-spravy\/?page_id=16484"},"modified":"2025-09-16T13:12:08","modified_gmt":"2025-09-16T12:12:08","slug":"kontakty","status":"publish","type":"page","link":"https:\/\/www.upjs.sk\/fakulta-verejnej-spravy\/kontakty\/","title":{"rendered":"Kontakty"},"content":{"rendered":"<style>.kb-row-layout-id16484_59ae11-75 > .kt-row-column-wrap{align-content:start;}:where(.kb-row-layout-id16484_59ae11-75 > .kt-row-column-wrap) > .wp-block-kadence-column{justify-content:start;}.kb-row-layout-id16484_59ae11-75 > .kt-row-column-wrap{column-gap:var(--global-kb-gap-md, 2rem);row-gap:var(--global-kb-gap-md, 2rem);padding-top:var(--global-kb-spacing-sm, 1.5rem);padding-bottom:var(--global-kb-spacing-sm, 1.5rem);grid-template-columns:repeat(2, minmax(0, 1fr));}.kb-row-layout-id16484_59ae11-75 > .kt-row-layout-overlay{opacity:0.30;}@media all and (max-width: 1024px){.kb-row-layout-id16484_59ae11-75 > .kt-row-column-wrap{grid-template-columns:repeat(2, minmax(0, 1fr));}}@media all and (max-width: 767px){.kb-row-layout-id16484_59ae11-75 > .kt-row-column-wrap{grid-template-columns:minmax(0, 1fr);}}<\/style><div class=\"kb-row-layout-wrap kb-row-layout-id16484_59ae11-75 aligncenter wp-block-kadence-rowlayout\"><div class=\"kt-row-column-wrap kt-has-2-columns kt-row-layout-equal kt-tab-layout-inherit kt-mobile-layout-row kt-row-valign-top\">\n<style>.kadence-column16484_7304bc-cc > .kt-inside-inner-col,.kadence-column16484_7304bc-cc > .kt-inside-inner-col:before{border-top-left-radius:0px;border-top-right-radius:0px;border-bottom-right-radius:0px;border-bottom-left-radius:0px;}.kadence-column16484_7304bc-cc > .kt-inside-inner-col{column-gap:var(--global-kb-gap-sm, 1rem);}.kadence-column16484_7304bc-cc > .kt-inside-inner-col{flex-direction:column;}.kadence-column16484_7304bc-cc > .kt-inside-inner-col > .aligncenter{width:100%;}.kadence-column16484_7304bc-cc > .kt-inside-inner-col:before{opacity:0.3;}.kadence-column16484_7304bc-cc{position:relative;}@media all and (max-width: 1024px){.kadence-column16484_7304bc-cc > .kt-inside-inner-col{flex-direction:column;justify-content:center;}}@media all and (max-width: 767px){.kadence-column16484_7304bc-cc > .kt-inside-inner-col{flex-direction:column;justify-content:center;}}<\/style>\n<div class=\"wp-block-kadence-column kadence-column16484_7304bc-cc inner-column-1\"><div class=\"kt-inside-inner-col\">\n<p><strong data-rich-text-format-boundary=\"true\">Adresa s\u00eddla fakulty:<\/strong><br data-rich-text-line-break=\"true\" \/>Fakulta verejnej spr\u00e1vy UPJ\u0160 v Ko\u0161iciach<br data-rich-text-line-break=\"true\" \/>Popradsk\u00e1 66<br data-rich-text-line-break=\"true\" \/>040 11 Ko\u0161ice<\/p>\n<p><strong>Po\u0161tov\u00e1 adresa fakulty:<\/strong><br \/>Fakulta verejnej spr\u00e1vy UPJ\u0160 v Ko\u0161iciach<br \/>P.O.Box C-2<br \/>041 32 Ko\u0161ice<\/p>\n<p><strong data-rich-text-format-boundary=\"true\">Dekan\u00e1t:<\/strong><br data-rich-text-line-break=\"true\" \/>Telef\u00f3n: +421 55 234 5100<br data-rich-text-line-break=\"true\" \/>e-mail: sekrfvs@upjs.sk<\/p>\n<p><strong>\u0160tudijn\u00fd refer\u00e1t:<\/strong><br \/>Telef\u00f3n: +421 55 234 5181, +421 55 234 5182,<br \/>+421 55 234 5105<br \/>e-mail: fvs-vzdelavanie@upjs.sk<\/p>\n\n\n\n<p>Adresy pre ofici\u00e1lnu kore\u0161pondenciu s fakultou n\u00e1jdete na str\u00e1nkach <br><a href=\"https:\/\/www.upjs.sk\/fakulta-verejnej-spravy\/fakulta\/zakladne-informacie\/organy-fakulty\/\" class=\"ek-link\">Org\u00e1ny fakulty<\/a> a <a href=\"https:\/\/www.upjs.sk\/fakulta-verejnej-spravy\/pracoviska\/dekanat\/\" class=\"ek-link\">Dekan\u00e1t<\/a>. <\/p>\n\n\n\n<p><a aria-label=\"Telefonick\u00e9 kontakty (opens in a new tab)\" href=\"https:\/\/voip.upjs.sk\/?find=5\" target=\"_blank\" rel=\"noreferrer noopener\" class=\"ek-link\">Telefonick\u00e9 kontakty<\/a>.<\/p>\n\n\n\n<p><strong>Identifika\u010dn\u00e9 a faktura\u010dn\u00e9 \u00fadaje<\/strong><br>I\u010cO: 00397768 <br>I\u010c DPH: SK2021157050 <br>DI\u010c: 2021157050<\/p>\n\n\n\n<p><strong>Elektronick\u00e1 schr\u00e1nka UPJ\u0160<\/strong><br>\u010c\u00edslo elektronickej schr\u00e1nky pre zasielanie kore\u0161pondencie prostredn\u00edctvom <br>\u00dastredn\u00e9ho port\u00e1lu verejnej spr\u00e1vy je E0005755501.<\/p>\n<\/div><\/div>\n\n\n<style>.kadence-column16484_905cd3-ef > .kt-inside-inner-col,.kadence-column16484_905cd3-ef > .kt-inside-inner-col:before{border-top-left-radius:0px;border-top-right-radius:0px;border-bottom-right-radius:0px;border-bottom-left-radius:0px;}.kadence-column16484_905cd3-ef > .kt-inside-inner-col{column-gap:var(--global-kb-gap-sm, 1rem);}.kadence-column16484_905cd3-ef > .kt-inside-inner-col{flex-direction:column;}.kadence-column16484_905cd3-ef > .kt-inside-inner-col > .aligncenter{width:100%;}.kadence-column16484_905cd3-ef > .kt-inside-inner-col:before{opacity:0.3;}.kadence-column16484_905cd3-ef{position:relative;}@media all and (max-width: 1024px){.kadence-column16484_905cd3-ef > .kt-inside-inner-col{flex-direction:column;justify-content:center;}}@media all and (max-width: 767px){.kadence-column16484_905cd3-ef > .kt-inside-inner-col{flex-direction:column;justify-content:center;}}<\/style>\n<div class=\"wp-block-kadence-column kadence-column16484_905cd3-ef inner-column-2\"><div class=\"kt-inside-inner-col\">\n<p class=\"has-text-align-center has-medium-font-size\"><a href=\"http:\/\/tm3.co\/mH2KKa\" target=\"_blank\" aria-label=\" (opens in a new tab)\" rel=\"noreferrer noopener\" class=\"ek-link\"><strong>Ako n\u00e1s n\u00e1jdete<\/strong><\/a><\/p>\n\n\n\n<figure class=\"wp-block-image size-full\"><a href=\"https:\/\/upjs-kosice.tematickemapy.sk\/prezentacia\/index.html\" target=\"_blank\" rel=\"noreferrer noopener\"><img loading=\"lazy\" decoding=\"async\" width=\"585\" height=\"526\" src=\"https:\/\/www.upjs.sk\/app\/uploads\/sites\/12\/2022\/11\/kontakt_mapa.jpg\" alt=\"\" class=\"wp-image-16493\" srcset=\"https:\/\/www.upjs.sk\/app\/uploads\/sites\/12\/2022\/11\/kontakt_mapa.jpg 585w, https:\/\/www.upjs.sk\/app\/uploads\/sites\/12\/2022\/11\/kontakt_mapa-300x270.jpg 300w\" sizes=\"auto, (max-width: 585px) 100vw, 585px\" \/><\/a><\/figure>\n<\/div><\/div>\n\n<\/div><\/div>","protected":false},"excerpt":{"rendered":"<p>Adresa s\u00eddla fakulty:Fakulta verejnej spr\u00e1vy UPJ\u0160 v Ko\u0161iciachPopradsk\u00e1 66040 11 Ko\u0161ice Po\u0161tov\u00e1 adresa fakulty:Fakulta verejnej spr\u00e1vy UPJ\u0160 v Ko\u0161iciachP.O.Box C-2041 32 Ko\u0161ice Dekan\u00e1t:Telef\u00f3n: +421 55 234 5100e-mail: sekrfvs@upjs.sk \u0160tudijn\u00fd refer\u00e1t:Telef\u00f3n: +421 55 234 5181, +421 55 234 5182,+421 55 234 5105e-mail: fvs-vzdelavanie@upjs.sk Adresy pre ofici\u00e1lnu kore\u0161pondenciu s fakultou n\u00e1jdete na str\u00e1nkach Org\u00e1ny fakulty a Dekan\u00e1t. &hellip; <a href=\"https:\/\/www.upjs.sk\/fakulta-verejnej-spravy\/kontakty\/\">\u010c\u00edta\u0165 \u010falej<\/a><\/p>\n","protected":false},"author":20,"featured_media":0,"parent":0,"menu_order":34,"comment_status":"closed","ping_status":"closed","template":"","meta":{"_acf_changed":false,"_editorskit_title_hidden":false,"_editorskit_reading_time":1,"_editorskit_is_block_options_detached":false,"_editorskit_block_options_position":"{}","footnotes":""},"categories":[],"tags":[],"class_list":["post-16484","page","type-page","status-publish","hentry"],"acf":{"acf_link_na_externy_obsah":""},"yoast_head":"<!-- This site is optimized with the Yoast SEO plugin v27.2 - https:\/\/yoast.com\/product\/yoast-seo-wordpress\/ -->\n<title>Kontakty - Fakulta verejnej spr\u00e1vy | UPJ\u0160<\/title>\n<meta name=\"robots\" content=\"index, follow, max-snippet:-1, max-image-preview:large, max-video-preview:-1\" \/>\n<link rel=\"canonical\" href=\"https:\/\/www.upjs.sk\/fakulta-verejnej-spravy\/kontakty\/\" \/>\n<meta property=\"og:locale\" content=\"sk_SK\" \/>\n<meta property=\"og:type\" content=\"article\" \/>\n<meta property=\"og:title\" content=\"Kontakty - Fakulta verejnej spr\u00e1vy | UPJ\u0160\" \/>\n<meta property=\"og:description\" content=\"Adresa s\u00eddla fakulty:Fakulta verejnej spr\u00e1vy UPJ\u0160 v Ko\u0161iciachPopradsk\u00e1 66040 11 Ko\u0161ice Po\u0161tov\u00e1 adresa fakulty:Fakulta verejnej spr\u00e1vy UPJ\u0160 v Ko\u0161iciachP.O.Box C-2041 32 Ko\u0161ice Dekan\u00e1t:Telef\u00f3n: +421 55 234 5100e-mail: sekrfvs@upjs.sk \u0160tudijn\u00fd refer\u00e1t:Telef\u00f3n: +421 55 234 5181, +421 55 234 5182,+421 55 234 5105e-mail: fvs-vzdelavanie@upjs.sk Adresy pre ofici\u00e1lnu kore\u0161pondenciu s fakultou n\u00e1jdete na str\u00e1nkach Org\u00e1ny fakulty a Dekan\u00e1t. &hellip; \u010c\u00edta\u0165 \u010falej\" \/>\n<meta property=\"og:url\" content=\"https:\/\/www.upjs.sk\/fakulta-verejnej-spravy\/kontakty\/\" \/>\n<meta property=\"og:site_name\" content=\"Fakulta verejnej spr\u00e1vy | UPJ\u0160\" \/>\n<meta property=\"article:modified_time\" content=\"2025-09-16T12:12:08+00:00\" \/>\n<meta property=\"og:image\" content=\"https:\/\/www.upjs.sk\/app\/uploads\/sites\/12\/2022\/11\/kontakt_mapa.jpg\" \/>\n\t<meta property=\"og:image:width\" content=\"585\" \/>\n\t<meta property=\"og:image:height\" content=\"526\" \/>\n\t<meta property=\"og:image:type\" content=\"image\/jpeg\" \/>\n<meta name=\"twitter:card\" content=\"summary_large_image\" \/>\n<meta name=\"twitter:label1\" content=\"Predpokladan\u00fd \u010das \u010d\u00edtania\" \/>\n\t<meta name=\"twitter:data1\" content=\"1 min\u00fata\" \/>\n<script type=\"application\/ld+json\" class=\"yoast-schema-graph\">{\"@context\":\"https:\/\/schema.org\",\"@graph\":[{\"@type\":\"WebPage\",\"@id\":\"https:\/\/www.upjs.sk\/fakulta-verejnej-spravy\/kontakty\/\",\"url\":\"https:\/\/www.upjs.sk\/fakulta-verejnej-spravy\/kontakty\/\",\"name\":\"Kontakty - Fakulta verejnej spr\u00e1vy | UPJ\u0160\",\"isPartOf\":{\"@id\":\"https:\/\/www.upjs.sk\/fakulta-verejnej-spravy\/#website\"},\"primaryImageOfPage\":{\"@id\":\"https:\/\/www.upjs.sk\/fakulta-verejnej-spravy\/kontakty\/#primaryimage\"},\"image\":{\"@id\":\"https:\/\/www.upjs.sk\/fakulta-verejnej-spravy\/kontakty\/#primaryimage\"},\"thumbnailUrl\":\"https:\/\/www.upjs.sk\/app\/uploads\/sites\/12\/2022\/11\/kontakt_mapa.jpg\",\"datePublished\":\"2022-11-10T13:33:14+00:00\",\"dateModified\":\"2025-09-16T12:12:08+00:00\",\"breadcrumb\":{\"@id\":\"https:\/\/www.upjs.sk\/fakulta-verejnej-spravy\/kontakty\/#breadcrumb\"},\"inLanguage\":\"sk-SK\",\"potentialAction\":[{\"@type\":\"ReadAction\",\"target\":[\"https:\/\/www.upjs.sk\/fakulta-verejnej-spravy\/kontakty\/\"]}]},{\"@type\":\"ImageObject\",\"inLanguage\":\"sk-SK\",\"@id\":\"https:\/\/www.upjs.sk\/fakulta-verejnej-spravy\/kontakty\/#primaryimage\",\"url\":\"https:\/\/www.upjs.sk\/app\/uploads\/sites\/12\/2022\/11\/kontakt_mapa.jpg\",\"contentUrl\":\"https:\/\/www.upjs.sk\/app\/uploads\/sites\/12\/2022\/11\/kontakt_mapa.jpg\"},{\"@type\":\"BreadcrumbList\",\"@id\":\"https:\/\/www.upjs.sk\/fakulta-verejnej-spravy\/kontakty\/#breadcrumb\",\"itemListElement\":[{\"@type\":\"ListItem\",\"position\":1,\"name\":\"Home\",\"item\":\"https:\/\/www.upjs.sk\/fakulta-verejnej-spravy\/\"},{\"@type\":\"ListItem\",\"position\":2,\"name\":\"Kontakty\"}]},{\"@type\":\"WebSite\",\"@id\":\"https:\/\/www.upjs.sk\/fakulta-verejnej-spravy\/#website\",\"url\":\"https:\/\/www.upjs.sk\/fakulta-verejnej-spravy\/\",\"name\":\"Fakulta verejnej spr\u00e1vy | UPJ\u0160\",\"description\":\"\",\"publisher\":{\"@id\":\"https:\/\/www.upjs.sk\/fakulta-verejnej-spravy\/#organization\"},\"potentialAction\":[{\"@type\":\"SearchAction\",\"target\":{\"@type\":\"EntryPoint\",\"urlTemplate\":\"https:\/\/www.upjs.sk\/fakulta-verejnej-spravy\/?s={search_term_string}\"},\"query-input\":{\"@type\":\"PropertyValueSpecification\",\"valueRequired\":true,\"valueName\":\"search_term_string\"}}],\"inLanguage\":\"sk-SK\"},{\"@type\":\"Organization\",\"@id\":\"https:\/\/www.upjs.sk\/fakulta-verejnej-spravy\/#organization\",\"name\":\"Fakulta verejnej spr\u00e1vy | UPJ\u0160\",\"url\":\"https:\/\/www.upjs.sk\/fakulta-verejnej-spravy\/\",\"logo\":{\"@type\":\"ImageObject\",\"inLanguage\":\"sk-SK\",\"@id\":\"https:\/\/www.upjs.sk\/fakulta-verejnej-spravy\/#\/schema\/logo\/image\/\",\"url\":\"https:\/\/www.upjs.sk\/app\/uploads\/sites\/12\/2022\/09\/logo-verejnej-spravy-fakulta.png\",\"contentUrl\":\"https:\/\/www.upjs.sk\/app\/uploads\/sites\/12\/2022\/09\/logo-verejnej-spravy-fakulta.png\",\"width\":415,\"height\":87,\"caption\":\"Fakulta verejnej spr\u00e1vy | UPJ\u0160\"},\"image\":{\"@id\":\"https:\/\/www.upjs.sk\/fakulta-verejnej-spravy\/#\/schema\/logo\/image\/\"}}]}<\/script>\n<!-- \/ Yoast SEO plugin. -->","yoast_head_json":{"title":"Kontakty - Fakulta verejnej spr\u00e1vy | UPJ\u0160","robots":{"index":"index","follow":"follow","max-snippet":"max-snippet:-1","max-image-preview":"max-image-preview:large","max-video-preview":"max-video-preview:-1"},"canonical":"https:\/\/www.upjs.sk\/fakulta-verejnej-spravy\/kontakty\/","og_locale":"sk_SK","og_type":"article","og_title":"Kontakty - Fakulta verejnej spr\u00e1vy | UPJ\u0160","og_description":"Adresa s\u00eddla fakulty:Fakulta verejnej spr\u00e1vy UPJ\u0160 v Ko\u0161iciachPopradsk\u00e1 66040 11 Ko\u0161ice Po\u0161tov\u00e1 adresa fakulty:Fakulta verejnej spr\u00e1vy UPJ\u0160 v Ko\u0161iciachP.O.Box C-2041 32 Ko\u0161ice Dekan\u00e1t:Telef\u00f3n: +421 55 234 5100e-mail: sekrfvs@upjs.sk \u0160tudijn\u00fd refer\u00e1t:Telef\u00f3n: +421 55 234 5181, +421 55 234 5182,+421 55 234 5105e-mail: fvs-vzdelavanie@upjs.sk Adresy pre ofici\u00e1lnu kore\u0161pondenciu s fakultou n\u00e1jdete na str\u00e1nkach Org\u00e1ny fakulty a Dekan\u00e1t. &hellip; \u010c\u00edta\u0165 \u010falej","og_url":"https:\/\/www.upjs.sk\/fakulta-verejnej-spravy\/kontakty\/","og_site_name":"Fakulta verejnej spr\u00e1vy | UPJ\u0160","article_modified_time":"2025-09-16T12:12:08+00:00","og_image":[{"width":585,"height":526,"url":"https:\/\/www.upjs.sk\/app\/uploads\/sites\/12\/2022\/11\/kontakt_mapa.jpg","type":"image\/jpeg"}],"twitter_card":"summary_large_image","twitter_misc":{"Predpokladan\u00fd \u010das \u010d\u00edtania":"1 min\u00fata"},"schema":{"@context":"https:\/\/schema.org","@graph":[{"@type":"WebPage","@id":"https:\/\/www.upjs.sk\/fakulta-verejnej-spravy\/kontakty\/","url":"https:\/\/www.upjs.sk\/fakulta-verejnej-spravy\/kontakty\/","name":"Kontakty - Fakulta verejnej spr\u00e1vy | UPJ\u0160","isPartOf":{"@id":"https:\/\/www.upjs.sk\/fakulta-verejnej-spravy\/#website"},"primaryImageOfPage":{"@id":"https:\/\/www.upjs.sk\/fakulta-verejnej-spravy\/kontakty\/#primaryimage"},"image":{"@id":"https:\/\/www.upjs.sk\/fakulta-verejnej-spravy\/kontakty\/#primaryimage"},"thumbnailUrl":"https:\/\/www.upjs.sk\/app\/uploads\/sites\/12\/2022\/11\/kontakt_mapa.jpg","datePublished":"2022-11-10T13:33:14+00:00","dateModified":"2025-09-16T12:12:08+00:00","breadcrumb":{"@id":"https:\/\/www.upjs.sk\/fakulta-verejnej-spravy\/kontakty\/#breadcrumb"},"inLanguage":"sk-SK","potentialAction":[{"@type":"ReadAction","target":["https:\/\/www.upjs.sk\/fakulta-verejnej-spravy\/kontakty\/"]}]},{"@type":"ImageObject","inLanguage":"sk-SK","@id":"https:\/\/www.upjs.sk\/fakulta-verejnej-spravy\/kontakty\/#primaryimage","url":"https:\/\/www.upjs.sk\/app\/uploads\/sites\/12\/2022\/11\/kontakt_mapa.jpg","contentUrl":"https:\/\/www.upjs.sk\/app\/uploads\/sites\/12\/2022\/11\/kontakt_mapa.jpg"},{"@type":"BreadcrumbList","@id":"https:\/\/www.upjs.sk\/fakulta-verejnej-spravy\/kontakty\/#breadcrumb","itemListElement":[{"@type":"ListItem","position":1,"name":"Home","item":"https:\/\/www.upjs.sk\/fakulta-verejnej-spravy\/"},{"@type":"ListItem","position":2,"name":"Kontakty"}]},{"@type":"WebSite","@id":"https:\/\/www.upjs.sk\/fakulta-verejnej-spravy\/#website","url":"https:\/\/www.upjs.sk\/fakulta-verejnej-spravy\/","name":"Fakulta verejnej spr\u00e1vy | UPJ\u0160","description":"","publisher":{"@id":"https:\/\/www.upjs.sk\/fakulta-verejnej-spravy\/#organization"},"potentialAction":[{"@type":"SearchAction","target":{"@type":"EntryPoint","urlTemplate":"https:\/\/www.upjs.sk\/fakulta-verejnej-spravy\/?s={search_term_string}"},"query-input":{"@type":"PropertyValueSpecification","valueRequired":true,"valueName":"search_term_string"}}],"inLanguage":"sk-SK"},{"@type":"Organization","@id":"https:\/\/www.upjs.sk\/fakulta-verejnej-spravy\/#organization","name":"Fakulta verejnej spr\u00e1vy | UPJ\u0160","url":"https:\/\/www.upjs.sk\/fakulta-verejnej-spravy\/","logo":{"@type":"ImageObject","inLanguage":"sk-SK","@id":"https:\/\/www.upjs.sk\/fakulta-verejnej-spravy\/#\/schema\/logo\/image\/","url":"https:\/\/www.upjs.sk\/app\/uploads\/sites\/12\/2022\/09\/logo-verejnej-spravy-fakulta.png","contentUrl":"https:\/\/www.upjs.sk\/app\/uploads\/sites\/12\/2022\/09\/logo-verejnej-spravy-fakulta.png","width":415,"height":87,"caption":"Fakulta verejnej spr\u00e1vy | UPJ\u0160"},"image":{"@id":"https:\/\/www.upjs.sk\/fakulta-verejnej-spravy\/#\/schema\/logo\/image\/"}}]}},"_links":{"self":[{"href":"https:\/\/www.upjs.sk\/fakulta-verejnej-spravy\/wp-json\/wp\/v2\/pages\/16484","targetHints":{"allow":["GET"]}}],"collection":[{"href":"https:\/\/www.upjs.sk\/fakulta-verejnej-spravy\/wp-json\/wp\/v2\/pages"}],"about":[{"href":"https:\/\/www.upjs.sk\/fakulta-verejnej-spravy\/wp-json\/wp\/v2\/types\/page"}],"author":[{"embeddable":true,"href":"https:\/\/www.upjs.sk\/fakulta-verejnej-spravy\/wp-json\/wp\/v2\/users\/20"}],"replies":[{"embeddable":true,"href":"https:\/\/www.upjs.sk\/fakulta-verejnej-spravy\/wp-json\/wp\/v2\/comments?post=16484"}],"version-history":[{"count":20,"href":"https:\/\/www.upjs.sk\/fakulta-verejnej-spravy\/wp-json\/wp\/v2\/pages\/16484\/revisions"}],"predecessor-version":[{"id":29194,"href":"https:\/\/www.upjs.sk\/fakulta-verejnej-spravy\/wp-json\/wp\/v2\/pages\/16484\/revisions\/29194"}],"wp:attachment":[{"href":"https:\/\/www.upjs.sk\/fakulta-verejnej-spravy\/wp-json\/wp\/v2\/media?parent=16484"}],"wp:term":[{"taxonomy":"category","embeddable":true,"href":"https:\/\/www.upjs.sk\/fakulta-verejnej-spravy\/wp-json\/wp\/v2\/categories?post=16484"},{"taxonomy":"post_tag","embeddable":true,"href":"https:\/\/www.upjs.sk\/fakulta-verejnej-spravy\/wp-json\/wp\/v2\/tags?post=16484"}],"curies":[{"name":"wp","href":"https:\/\/api.w.org\/{rel}","templated":true}]}}