{"id":22540,"date":"2023-02-01T13:38:49","date_gmt":"2023-02-01T12:38:49","guid":{"rendered":"https:\/\/www.upjs.sk\/fakulta-verejnej-spravy\/?page_id=22540"},"modified":"2025-12-11T14:59:52","modified_gmt":"2025-12-11T13:59:52","slug":"disciplinarna-komisia","status":"publish","type":"page","link":"https:\/\/www.upjs.sk\/fakulta-verejnej-spravy\/disciplinarna-komisia\/","title":{"rendered":"Disciplin\u00e1rna komisia"},"content":{"rendered":"\n<p><br><strong>Predsedn\u00ed\u010dka komisie:<\/strong><br>Mgr. Veronika D\u017eatkov\u00e1, PhD.<\/p>\n\n\n\n<p><strong>\u010clenovia komisie:<\/strong><br>PhDr. Jana Volochov\u00e1, PhD.<br>Mgr. Krist\u00edna Dem\u010d\u00e1kov\u00e1 Miha\u013eov\u00e1<br>Mgr. Tom\u00e1\u0161 \u0160tuller<\/p>\n\n\n<style>.wp-block-kadence-advancedbtn.kb-btns22540_8b6046-ac{gap:var(--global-kb-gap-xs, 0.5rem );justify-content:flex-start;align-items:center;}.kt-btns22540_8b6046-ac .kt-button{font-weight:normal;font-style:normal;}<\/style>\n<div class=\"wp-block-kadence-advancedbtn kb-buttons-wrap kb-btns22540_8b6046-ac\"><style>.wp-block-kadence-advancedbtn .kb-btn22540_cc2626-1d.kb-button, ul.menu .wp-block-kadence-advancedbtn .kb-btn22540_cc2626-1d.kb-button{width:315px;}.wp-block-kadence-advancedbtn .kb-btn22540_cc2626-1d.kb-button{color:#ffffff;background:#006DB2;border-top-left-radius:5px;border-top-right-radius:5px;border-bottom-right-radius:5px;border-bottom-left-radius:5px;border-top:5px solid #006DB2;border-right:5px solid #006DB2;border-bottom:5px solid #006DB2;border-left:5px solid #006DB2;margin-top:0px;margin-right:0px;margin-bottom:0px;margin-left:0px;}.wp-block-kadence-advancedbtn .kb-btn22540_cc2626-1d.kb-button:hover, .wp-block-kadence-advancedbtn .kb-btn22540_cc2626-1d.kb-button:focus{color:#ffffff;background:#006DB2;border-top-color:#006DB2;border-top-style:solid;border-right-color:#006DB2;border-right-style:solid;border-bottom-color:#006DB2;border-bottom-style:solid;border-left-color:#006DB2;border-left-style:solid;}@media all and (max-width: 1024px){.wp-block-kadence-advancedbtn .kb-btn22540_cc2626-1d.kb-button{border-top:5px solid #006DB2;border-right:5px solid #006DB2;border-bottom:5px solid #006DB2;border-left:5px solid #006DB2;}}@media all and (max-width: 1024px){.wp-block-kadence-advancedbtn .kb-btn22540_cc2626-1d.kb-button:hover, .wp-block-kadence-advancedbtn .kb-btn22540_cc2626-1d.kb-button:focus{border-top-color:#006DB2;border-top-style:solid;border-right-color:#006DB2;border-right-style:solid;border-bottom-color:#006DB2;border-bottom-style:solid;border-left-color:#006DB2;border-left-style:solid;}}@media all and (max-width: 767px){.wp-block-kadence-advancedbtn .kb-btn22540_cc2626-1d.kb-button{border-top:5px solid #006DB2;border-right:5px solid #006DB2;border-bottom:5px solid #006DB2;border-left:5px solid #006DB2;}.wp-block-kadence-advancedbtn .kb-btn22540_cc2626-1d.kb-button:hover, .wp-block-kadence-advancedbtn .kb-btn22540_cc2626-1d.kb-button:focus{border-top-color:#006DB2;border-top-style:solid;border-right-color:#006DB2;border-right-style:solid;border-bottom-color:#006DB2;border-bottom-style:solid;border-left-color:#006DB2;border-left-style:solid;}}<\/style><a class=\"kb-button kt-button button kb-btn22540_cc2626-1d kt-btn-size-standard kt-btn-width-type-fixed kb-btn-global-outline kt-btn-has-text-true kt-btn-has-svg-false wp-block-kadence-singlebtn\" href=\"https:\/\/intranet.upjs.sk\/op\/op.Public.php?documentid=8746\" target=\"_blank\" rel=\"noreferrer noopener\"><span class=\"kt-btn-inner-text\">Disciplin\u00e1rny poriadok a rokovac\u00ed poriadok Disciplin\u00e1rnej komisie UPJ\u0160 FVS<\/span><\/a><\/div>\n","protected":false},"excerpt":{"rendered":"<p>Predsedn\u00ed\u010dka komisie:Mgr. Veronika D\u017eatkov\u00e1, PhD. \u010clenovia komisie:PhDr. Jana Volochov\u00e1, PhD.Mgr. Krist\u00edna Dem\u010d\u00e1kov\u00e1 Miha\u013eov\u00e1Mgr. Tom\u00e1\u0161 \u0160tuller<\/p>\n","protected":false},"author":20,"featured_media":0,"parent":0,"menu_order":10,"comment_status":"closed","ping_status":"closed","template":"","meta":{"_acf_changed":false,"_editorskit_title_hidden":false,"_editorskit_reading_time":1,"_editorskit_is_block_options_detached":false,"_editorskit_block_options_position":"{}","footnotes":""},"categories":[],"tags":[],"class_list":["post-22540","page","type-page","status-publish","hentry"],"acf":{"acf_link_na_externy_obsah":""},"yoast_head":"<!-- This site is optimized with the Yoast SEO plugin v27.2 - https:\/\/yoast.com\/product\/yoast-seo-wordpress\/ -->\n<title>Disciplin\u00e1rna komisia - Fakulta verejnej spr\u00e1vy | UPJ\u0160<\/title>\n<meta name=\"robots\" content=\"index, follow, max-snippet:-1, max-image-preview:large, max-video-preview:-1\" \/>\n<link rel=\"canonical\" href=\"https:\/\/www.upjs.sk\/fakulta-verejnej-spravy\/disciplinarna-komisia\/\" \/>\n<meta property=\"og:locale\" content=\"sk_SK\" \/>\n<meta property=\"og:type\" content=\"article\" \/>\n<meta property=\"og:title\" content=\"Disciplin\u00e1rna komisia - Fakulta verejnej spr\u00e1vy | UPJ\u0160\" \/>\n<meta property=\"og:description\" content=\"Predsedn\u00ed\u010dka komisie:Mgr. Veronika D\u017eatkov\u00e1, PhD. \u010clenovia komisie:PhDr. Jana Volochov\u00e1, PhD.Mgr. Krist\u00edna Dem\u010d\u00e1kov\u00e1 Miha\u013eov\u00e1Mgr. Tom\u00e1\u0161 \u0160tuller\" \/>\n<meta property=\"og:url\" content=\"https:\/\/www.upjs.sk\/fakulta-verejnej-spravy\/disciplinarna-komisia\/\" \/>\n<meta property=\"og:site_name\" content=\"Fakulta verejnej spr\u00e1vy | UPJ\u0160\" \/>\n<meta property=\"article:modified_time\" content=\"2025-12-11T13:59:52+00:00\" \/>\n<meta name=\"twitter:card\" content=\"summary_large_image\" \/>\n<meta name=\"twitter:label1\" content=\"Predpokladan\u00fd \u010das \u010d\u00edtania\" \/>\n\t<meta name=\"twitter:data1\" content=\"1 min\u00fata\" \/>\n<script type=\"application\/ld+json\" class=\"yoast-schema-graph\">{\"@context\":\"https:\/\/schema.org\",\"@graph\":[{\"@type\":\"WebPage\",\"@id\":\"https:\/\/www.upjs.sk\/fakulta-verejnej-spravy\/disciplinarna-komisia\/\",\"url\":\"https:\/\/www.upjs.sk\/fakulta-verejnej-spravy\/disciplinarna-komisia\/\",\"name\":\"Disciplin\u00e1rna komisia - Fakulta verejnej spr\u00e1vy | UPJ\u0160\",\"isPartOf\":{\"@id\":\"https:\/\/www.upjs.sk\/fakulta-verejnej-spravy\/#website\"},\"datePublished\":\"2023-02-01T12:38:49+00:00\",\"dateModified\":\"2025-12-11T13:59:52+00:00\",\"breadcrumb\":{\"@id\":\"https:\/\/www.upjs.sk\/fakulta-verejnej-spravy\/disciplinarna-komisia\/#breadcrumb\"},\"inLanguage\":\"sk-SK\",\"potentialAction\":[{\"@type\":\"ReadAction\",\"target\":[\"https:\/\/www.upjs.sk\/fakulta-verejnej-spravy\/disciplinarna-komisia\/\"]}]},{\"@type\":\"BreadcrumbList\",\"@id\":\"https:\/\/www.upjs.sk\/fakulta-verejnej-spravy\/disciplinarna-komisia\/#breadcrumb\",\"itemListElement\":[{\"@type\":\"ListItem\",\"position\":1,\"name\":\"Home\",\"item\":\"https:\/\/www.upjs.sk\/fakulta-verejnej-spravy\/\"},{\"@type\":\"ListItem\",\"position\":2,\"name\":\"Disciplin\u00e1rna komisia\"}]},{\"@type\":\"WebSite\",\"@id\":\"https:\/\/www.upjs.sk\/fakulta-verejnej-spravy\/#website\",\"url\":\"https:\/\/www.upjs.sk\/fakulta-verejnej-spravy\/\",\"name\":\"Fakulta verejnej spr\u00e1vy | UPJ\u0160\",\"description\":\"\",\"publisher\":{\"@id\":\"https:\/\/www.upjs.sk\/fakulta-verejnej-spravy\/#organization\"},\"potentialAction\":[{\"@type\":\"SearchAction\",\"target\":{\"@type\":\"EntryPoint\",\"urlTemplate\":\"https:\/\/www.upjs.sk\/fakulta-verejnej-spravy\/?s={search_term_string}\"},\"query-input\":{\"@type\":\"PropertyValueSpecification\",\"valueRequired\":true,\"valueName\":\"search_term_string\"}}],\"inLanguage\":\"sk-SK\"},{\"@type\":\"Organization\",\"@id\":\"https:\/\/www.upjs.sk\/fakulta-verejnej-spravy\/#organization\",\"name\":\"Fakulta verejnej spr\u00e1vy | UPJ\u0160\",\"url\":\"https:\/\/www.upjs.sk\/fakulta-verejnej-spravy\/\",\"logo\":{\"@type\":\"ImageObject\",\"inLanguage\":\"sk-SK\",\"@id\":\"https:\/\/www.upjs.sk\/fakulta-verejnej-spravy\/#\/schema\/logo\/image\/\",\"url\":\"https:\/\/www.upjs.sk\/app\/uploads\/sites\/12\/2022\/09\/logo-verejnej-spravy-fakulta.png\",\"contentUrl\":\"https:\/\/www.upjs.sk\/app\/uploads\/sites\/12\/2022\/09\/logo-verejnej-spravy-fakulta.png\",\"width\":415,\"height\":87,\"caption\":\"Fakulta verejnej spr\u00e1vy | UPJ\u0160\"},\"image\":{\"@id\":\"https:\/\/www.upjs.sk\/fakulta-verejnej-spravy\/#\/schema\/logo\/image\/\"}}]}<\/script>\n<!-- \/ Yoast SEO plugin. -->","yoast_head_json":{"title":"Disciplin\u00e1rna komisia - Fakulta verejnej spr\u00e1vy | UPJ\u0160","robots":{"index":"index","follow":"follow","max-snippet":"max-snippet:-1","max-image-preview":"max-image-preview:large","max-video-preview":"max-video-preview:-1"},"canonical":"https:\/\/www.upjs.sk\/fakulta-verejnej-spravy\/disciplinarna-komisia\/","og_locale":"sk_SK","og_type":"article","og_title":"Disciplin\u00e1rna komisia - Fakulta verejnej spr\u00e1vy | UPJ\u0160","og_description":"Predsedn\u00ed\u010dka komisie:Mgr. Veronika D\u017eatkov\u00e1, PhD. \u010clenovia komisie:PhDr. Jana Volochov\u00e1, PhD.Mgr. Krist\u00edna Dem\u010d\u00e1kov\u00e1 Miha\u013eov\u00e1Mgr. Tom\u00e1\u0161 \u0160tuller","og_url":"https:\/\/www.upjs.sk\/fakulta-verejnej-spravy\/disciplinarna-komisia\/","og_site_name":"Fakulta verejnej spr\u00e1vy | UPJ\u0160","article_modified_time":"2025-12-11T13:59:52+00:00","twitter_card":"summary_large_image","twitter_misc":{"Predpokladan\u00fd \u010das \u010d\u00edtania":"1 min\u00fata"},"schema":{"@context":"https:\/\/schema.org","@graph":[{"@type":"WebPage","@id":"https:\/\/www.upjs.sk\/fakulta-verejnej-spravy\/disciplinarna-komisia\/","url":"https:\/\/www.upjs.sk\/fakulta-verejnej-spravy\/disciplinarna-komisia\/","name":"Disciplin\u00e1rna komisia - Fakulta verejnej spr\u00e1vy | UPJ\u0160","isPartOf":{"@id":"https:\/\/www.upjs.sk\/fakulta-verejnej-spravy\/#website"},"datePublished":"2023-02-01T12:38:49+00:00","dateModified":"2025-12-11T13:59:52+00:00","breadcrumb":{"@id":"https:\/\/www.upjs.sk\/fakulta-verejnej-spravy\/disciplinarna-komisia\/#breadcrumb"},"inLanguage":"sk-SK","potentialAction":[{"@type":"ReadAction","target":["https:\/\/www.upjs.sk\/fakulta-verejnej-spravy\/disciplinarna-komisia\/"]}]},{"@type":"BreadcrumbList","@id":"https:\/\/www.upjs.sk\/fakulta-verejnej-spravy\/disciplinarna-komisia\/#breadcrumb","itemListElement":[{"@type":"ListItem","position":1,"name":"Home","item":"https:\/\/www.upjs.sk\/fakulta-verejnej-spravy\/"},{"@type":"ListItem","position":2,"name":"Disciplin\u00e1rna komisia"}]},{"@type":"WebSite","@id":"https:\/\/www.upjs.sk\/fakulta-verejnej-spravy\/#website","url":"https:\/\/www.upjs.sk\/fakulta-verejnej-spravy\/","name":"Fakulta verejnej spr\u00e1vy | UPJ\u0160","description":"","publisher":{"@id":"https:\/\/www.upjs.sk\/fakulta-verejnej-spravy\/#organization"},"potentialAction":[{"@type":"SearchAction","target":{"@type":"EntryPoint","urlTemplate":"https:\/\/www.upjs.sk\/fakulta-verejnej-spravy\/?s={search_term_string}"},"query-input":{"@type":"PropertyValueSpecification","valueRequired":true,"valueName":"search_term_string"}}],"inLanguage":"sk-SK"},{"@type":"Organization","@id":"https:\/\/www.upjs.sk\/fakulta-verejnej-spravy\/#organization","name":"Fakulta verejnej spr\u00e1vy | UPJ\u0160","url":"https:\/\/www.upjs.sk\/fakulta-verejnej-spravy\/","logo":{"@type":"ImageObject","inLanguage":"sk-SK","@id":"https:\/\/www.upjs.sk\/fakulta-verejnej-spravy\/#\/schema\/logo\/image\/","url":"https:\/\/www.upjs.sk\/app\/uploads\/sites\/12\/2022\/09\/logo-verejnej-spravy-fakulta.png","contentUrl":"https:\/\/www.upjs.sk\/app\/uploads\/sites\/12\/2022\/09\/logo-verejnej-spravy-fakulta.png","width":415,"height":87,"caption":"Fakulta verejnej spr\u00e1vy | UPJ\u0160"},"image":{"@id":"https:\/\/www.upjs.sk\/fakulta-verejnej-spravy\/#\/schema\/logo\/image\/"}}]}},"_links":{"self":[{"href":"https:\/\/www.upjs.sk\/fakulta-verejnej-spravy\/wp-json\/wp\/v2\/pages\/22540","targetHints":{"allow":["GET"]}}],"collection":[{"href":"https:\/\/www.upjs.sk\/fakulta-verejnej-spravy\/wp-json\/wp\/v2\/pages"}],"about":[{"href":"https:\/\/www.upjs.sk\/fakulta-verejnej-spravy\/wp-json\/wp\/v2\/types\/page"}],"author":[{"embeddable":true,"href":"https:\/\/www.upjs.sk\/fakulta-verejnej-spravy\/wp-json\/wp\/v2\/users\/20"}],"replies":[{"embeddable":true,"href":"https:\/\/www.upjs.sk\/fakulta-verejnej-spravy\/wp-json\/wp\/v2\/comments?post=22540"}],"version-history":[{"count":10,"href":"https:\/\/www.upjs.sk\/fakulta-verejnej-spravy\/wp-json\/wp\/v2\/pages\/22540\/revisions"}],"predecessor-version":[{"id":30245,"href":"https:\/\/www.upjs.sk\/fakulta-verejnej-spravy\/wp-json\/wp\/v2\/pages\/22540\/revisions\/30245"}],"wp:attachment":[{"href":"https:\/\/www.upjs.sk\/fakulta-verejnej-spravy\/wp-json\/wp\/v2\/media?parent=22540"}],"wp:term":[{"taxonomy":"category","embeddable":true,"href":"https:\/\/www.upjs.sk\/fakulta-verejnej-spravy\/wp-json\/wp\/v2\/categories?post=22540"},{"taxonomy":"post_tag","embeddable":true,"href":"https:\/\/www.upjs.sk\/fakulta-verejnej-spravy\/wp-json\/wp\/v2\/tags?post=22540"}],"curies":[{"name":"wp","href":"https:\/\/api.w.org\/{rel}","templated":true}]}}