{"id":28115,"date":"2025-01-22T12:08:06","date_gmt":"2025-01-22T11:08:06","guid":{"rendered":"https:\/\/www.upjs.sk\/fakulta-verejnej-spravy\/?page_id=28115"},"modified":"2025-01-22T15:14:10","modified_gmt":"2025-01-22T14:14:10","slug":"teoriapraxvs-o-konferencii","status":"publish","type":"page","link":"https:\/\/www.upjs.sk\/fakulta-verejnej-spravy\/teoriapraxvs\/teoriapraxvs-o-konferencii\/","title":{"rendered":"O konferencii"},"content":{"rendered":"<style>.kadence-column28115_834600-73 > .kt-inside-inner-col,.kadence-column28115_834600-73 > .kt-inside-inner-col:before{border-top-left-radius:0px;border-top-right-radius:0px;border-bottom-right-radius:0px;border-bottom-left-radius:0px;}.kadence-column28115_834600-73 > .kt-inside-inner-col{column-gap:var(--global-kb-gap-sm, 1rem);}.kadence-column28115_834600-73 > .kt-inside-inner-col{flex-direction:column;}.kadence-column28115_834600-73 > .kt-inside-inner-col > .aligncenter{width:100%;}.kadence-column28115_834600-73 > .kt-inside-inner-col:before{opacity:0.3;}.kadence-column28115_834600-73{position:relative;}@media all and (max-width: 1024px){.kadence-column28115_834600-73 > .kt-inside-inner-col{flex-direction:column;justify-content:center;}}@media all and (max-width: 767px){.kadence-column28115_834600-73 > .kt-inside-inner-col{flex-direction:column;justify-content:center;}}<\/style>\n<div class=\"wp-block-kadence-column kadence-column28115_834600-73\"><div class=\"kt-inside-inner-col\"><style>.wp-block-kadence-advancedbtn.kb-btns28115_0dc7df-7f{gap:var(--global-kb-gap-xs, 0.5rem );justify-content:center;align-items:center;}.kt-btns28115_0dc7df-7f .kt-button{font-weight:normal;font-style:normal;}.kt-btns28115_0dc7df-7f .kt-btn-wrap-0{margin-right:5px;}.wp-block-kadence-advancedbtn.kt-btns28115_0dc7df-7f .kt-btn-wrap-0 .kt-button{color:#555555;border-color:#555555;}.wp-block-kadence-advancedbtn.kt-btns28115_0dc7df-7f .kt-btn-wrap-0 .kt-button:hover, .wp-block-kadence-advancedbtn.kt-btns28115_0dc7df-7f .kt-btn-wrap-0 .kt-button:focus{color:#ffffff;border-color:#444444;}.wp-block-kadence-advancedbtn.kt-btns28115_0dc7df-7f .kt-btn-wrap-0 .kt-button::before{display:none;}.wp-block-kadence-advancedbtn.kt-btns28115_0dc7df-7f .kt-btn-wrap-0 .kt-button:hover, .wp-block-kadence-advancedbtn.kt-btns28115_0dc7df-7f .kt-btn-wrap-0 .kt-button:focus{background:#444444;}<\/style>\n<div class=\"wp-block-kadence-advancedbtn kb-buttons-wrap kb-btns28115_0dc7df-7f\"><style>ul.menu .wp-block-kadence-advancedbtn .kb-btn28115_b514c3-55.kb-button{width:initial;}.wp-block-kadence-advancedbtn .kb-btn28115_b514c3-55.kb-button{color:#000000;background:rgba(0,109,178,0.25);}<\/style><a class=\"kb-button kt-button button kb-btn28115_b514c3-55 kt-btn-size-standard kt-btn-width-type-auto kb-btn-global-fill kt-btn-has-text-true kt-btn-has-svg-false wp-block-kadence-singlebtn\" href=\"https:\/\/www.upjs.sk\/fakulta-verejnej-spravy\/teoriapraxvs\/\"><span class=\"kt-btn-inner-text\"><strong>\u00davod a registr\u00e1cia<\/strong><\/span><\/a>\n\n<style>ul.menu .wp-block-kadence-advancedbtn .kb-btn28115_aef3eb-5b.kb-button{width:initial;}.wp-block-kadence-advancedbtn .kb-btn28115_aef3eb-5b.kb-button{color:#000000;background:rgba(0,109,178,0.25);}<\/style><a class=\"kb-button kt-button button kb-btn28115_aef3eb-5b kt-btn-size-standard kt-btn-width-type-auto kb-btn-global-fill kt-btn-has-text-true kt-btn-has-svg-false wp-block-kadence-singlebtn\" href=\"https:\/\/www.upjs.sk\/fakulta-verejnej-spravy\/teoriapraxvs\/teoriapraxvs-o-konferencii\"><span class=\"kt-btn-inner-text\"><strong>O konferencii<\/strong><\/span><\/a>\n\n<style>ul.menu .wp-block-kadence-advancedbtn .kb-btn28115_c408dd-39.kb-button{width:initial;}.wp-block-kadence-advancedbtn .kb-btn28115_c408dd-39.kb-button{color:#000000;background:rgba(0,109,178,0.25);}<\/style><a class=\"kb-button kt-button button kb-btn28115_c408dd-39 kt-btn-size-standard kt-btn-width-type-auto kb-btn-global-fill kt-btn-has-text-true kt-btn-has-svg-false wp-block-kadence-singlebtn\" href=\"https:\/\/www.upjs.sk\/fakulta-verejnej-spravy\/teoriapraxvs\/teoriapraxvs-terminy\/\"><span class=\"kt-btn-inner-text\"><strong>D\u00f4le\u017eit\u00e9 term\u00edny<\/strong><\/span><\/a>\n\n<style>ul.menu .wp-block-kadence-advancedbtn .kb-btn28115_a842da-d8.kb-button{width:initial;}.wp-block-kadence-advancedbtn .kb-btn28115_a842da-d8.kb-button{color:#000000;background:rgba(0,109,178,0.25);}<\/style><a class=\"kb-button kt-button button kb-btn28115_a842da-d8 kt-btn-size-standard kt-btn-width-type-auto kb-btn-global-fill kt-btn-has-text-true kt-btn-has-svg-false wp-block-kadence-singlebtn\" href=\"https:\/\/www.upjs.sk\/fakulta-verejnej-spravy\/teoriapraxvs\/teoriapraxvs-pokyny\"><span class=\"kt-btn-inner-text\"><strong>Pokyny pre \u00fa\u010dastn\u00edkov<\/strong><\/span><\/a>\n\n<style>ul.menu .wp-block-kadence-advancedbtn .kb-btn28115_06c7c5-3d.kb-button{width:initial;}.wp-block-kadence-advancedbtn .kb-btn28115_06c7c5-3d.kb-button{color:#000000;background:rgba(0,109,178,0.25);}<\/style><a class=\"kb-button kt-button button kb-btn28115_06c7c5-3d kt-btn-size-standard kt-btn-width-type-auto kb-btn-global-fill kt-btn-has-text-true kt-btn-has-svg-false wp-block-kadence-singlebtn\" href=\"https:\/\/www.upjs.sk\/fakulta-verejnej-spravy\/teoriapraxvs\/teoriapraxvs-kontakty\"><span class=\"kt-btn-inner-text\"><strong>Kontakty<\/strong><\/span><\/a>\n\n<style>ul.menu .wp-block-kadence-advancedbtn .kb-btn28115_1edc3c-15.kb-button{width:initial;}.wp-block-kadence-advancedbtn .kb-btn28115_1edc3c-15.kb-button{color:#000000;background:rgba(0,109,178,0.25);}<\/style><a class=\"kb-button kt-button button kb-btn28115_1edc3c-15 kt-btn-size-standard kt-btn-width-type-auto kb-btn-global-fill kt-btn-has-text-true kt-btn-has-svg-false wp-block-kadence-singlebtn\" href=\"https:\/\/www.upjs.sk\/fakulta-verejnej-spravy\/teoriapraxvs\/teoriapraxvs-fotogaleria\"><span class=\"kt-btn-inner-text\"><strong>Fotogal\u00e9ria<\/strong><\/span><\/a><\/div>\n<\/div><\/div>\n\n\n<style>.kadence-column28115_dcbe73-93 > .kt-inside-inner-col{padding-top:var(--global-kb-spacing-md, 2rem);padding-right:var(--global-kb-spacing-sm, 1.5rem);padding-bottom:var(--global-kb-spacing-md, 2rem);padding-left:var(--global-kb-spacing-sm, 1.5rem);}.kadence-column28115_dcbe73-93 > .kt-inside-inner-col,.kadence-column28115_dcbe73-93 > .kt-inside-inner-col:before{border-top-left-radius:0px;border-top-right-radius:0px;border-bottom-right-radius:0px;border-bottom-left-radius:0px;}.kadence-column28115_dcbe73-93 > .kt-inside-inner-col{column-gap:var(--global-kb-gap-sm, 1rem);}.kadence-column28115_dcbe73-93 > .kt-inside-inner-col{flex-direction:column;}.kadence-column28115_dcbe73-93 > .kt-inside-inner-col > .aligncenter{width:100%;}.kadence-column28115_dcbe73-93 > .kt-inside-inner-col{background-image:linear-gradient(135deg,rgba(0,187,255,0.1) 0%,rgba(0,55,255,0) 100%);}.kadence-column28115_dcbe73-93 > .kt-inside-inner-col:before{opacity:0.3;}.kadence-column28115_dcbe73-93{position:relative;}.kadence-column28115_dcbe73-93, .kt-inside-inner-col > .kadence-column28115_dcbe73-93:not(.specificity){margin-top:0px;margin-bottom:var(--global-kb-spacing-md, 2rem);}@media all and (max-width: 1024px){.kadence-column28115_dcbe73-93 > .kt-inside-inner-col{flex-direction:column;justify-content:center;}}@media all and (max-width: 767px){.kadence-column28115_dcbe73-93 > .kt-inside-inner-col{flex-direction:column;justify-content:center;}}<\/style>\n<div class=\"wp-block-kadence-column kadence-column28115_dcbe73-93\"><div class=\"kt-inside-inner-col\">\n<p><strong>C<\/strong><strong>ie\u013eom vedeckej konferencie&nbsp;<\/strong>je vytvorenie priestoru na v\u00fdmenu poznatkov, prezent\u00e1ciu v\u00fdsledkov v\u00fdskumu a odborn\u00fa diskusiu zameran\u00fa te\u00f3riu a prax verejnej spr\u00e1vy.<\/p>\n\n\n\n<p>Medzin\u00e1rodn\u00e1 vedeck\u00e1 konferencia je prednostne ur\u010den\u00e1\u00a0<strong>pre doktorandov zo skupiny odborov soci\u00e1lne, ekonomick\u00e9 a pr\u00e1vne vedy<\/strong>, so\u00a0zameran\u00edm na\u00a0<strong>verejn\u00fa politiku a verejn\u00fa spr\u00e1vu<\/strong>. Konferencia bude ma\u0165 tri sekcie &#8211; pr\u00e1vnu, politologick\u00fa a soci\u00e1lno-ekonomick\u00fa. Organiz\u00e1tor konferencie si vyhradzuje pr\u00e1vo nezaradi\u0165 do programu konferencie tie pr\u00edspevky, ktor\u00e9 nebud\u00fa sp\u013a\u0148a\u0165 po\u017eiadavku zamerania a nepublikova\u0165 pr\u00edspevok, ktor\u00fd nebol akt\u00edvne odprezentovan\u00fd v r\u00e1mci programu konferencie.<\/p>\n\n\n\n<p><strong>V\u00fdstupom z konferencie<\/strong>\u00a0 bude recenzovan\u00fd zborn\u00edk vedeck\u00fdch pr\u00edspevkov v elektronickej podobe.<\/p>\n\n\n\n<p>\u200bZa odborn\u00fa a jazykov\u00fa str\u00e1nku jednotliv\u00fdch pr\u00edspevkov zodpovedaj\u00fa autori pr\u00edspevkov.<\/p>\n\n\n\n<p>Komunika\u010dn\u00fdmi jazykmi konferencie s\u00fa&nbsp;<strong>slovensk\u00fd jazyk, anglick\u00fd jazyk a \u010desk\u00fd jazyk<\/strong>.<\/p>\n\n\n\n<p><em><strong>The aim of the scientific conference\u00a0<\/strong>is to create a space for the exchange of knowledge, presentation of research results, and\u00a0professional discussion focused on the theory and practice of public administration.<br><\/em><br><em>The international scientific conference is primarily intended for\u00a0<strong>doctoral students in the fields of social, economic, and legal sciences<\/strong>, with a focus on\u00a0<strong>public policy and public administration<\/strong>. The conference will have three sections &#8211; legal, political science, and socio-economic. The conference organizer reserves the right not to include in the conference program those contributions that do not meet the thematic requirements and not to publish a contribution that has not been actively presented during the conference program.<br><\/em><br><em><strong>The outcome of the conference<\/strong>\u00a0will be a peer-reviewed proceedings of scientific contributions in electronic form.<\/em><br><em>Authors are responsible for the professional and linguistic aspects of their individual contributions.<br>\u200b<\/em><br><em>The communication languages of the conference are\u00a0<strong>Slovak, English, and Czech<\/strong>.<\/em><\/p>\n<\/div><\/div>\n","protected":false},"excerpt":{"rendered":"<p>Cie\u013eom vedeckej konferencie&nbsp;je vytvorenie priestoru na v\u00fdmenu poznatkov, prezent\u00e1ciu v\u00fdsledkov v\u00fdskumu a odborn\u00fa diskusiu zameran\u00fa te\u00f3riu a prax verejnej spr\u00e1vy. Medzin\u00e1rodn\u00e1 vedeck\u00e1 konferencia je prednostne ur\u010den\u00e1\u00a0pre doktorandov zo skupiny odborov soci\u00e1lne, ekonomick\u00e9 a pr\u00e1vne vedy, so\u00a0zameran\u00edm na\u00a0verejn\u00fa politiku a verejn\u00fa spr\u00e1vu. Konferencia bude ma\u0165 tri sekcie &#8211; pr\u00e1vnu, politologick\u00fa a soci\u00e1lno-ekonomick\u00fa. Organiz\u00e1tor konferencie si vyhradzuje &hellip; <a href=\"https:\/\/www.upjs.sk\/fakulta-verejnej-spravy\/teoriapraxvs\/teoriapraxvs-o-konferencii\/\">\u010c\u00edta\u0165 \u010falej<\/a><\/p>\n","protected":false},"author":20,"featured_media":0,"parent":14837,"menu_order":0,"comment_status":"closed","ping_status":"closed","template":"","meta":{"_acf_changed":false,"_editorskit_title_hidden":false,"_editorskit_reading_time":0,"_editorskit_is_block_options_detached":false,"_editorskit_block_options_position":"{}","footnotes":""},"categories":[],"tags":[],"class_list":["post-28115","page","type-page","status-publish","hentry"],"acf":{"acf_link_na_externy_obsah":""},"yoast_head":"<!-- This site is optimized with the Yoast SEO plugin v27.4 - https:\/\/yoast.com\/product\/yoast-seo-wordpress\/ -->\n<title>O konferencii - Fakulta verejnej spr\u00e1vy | UPJ\u0160<\/title>\n<meta name=\"robots\" content=\"index, follow, max-snippet:-1, max-image-preview:large, max-video-preview:-1\" \/>\n<link rel=\"canonical\" href=\"https:\/\/www.upjs.sk\/fakulta-verejnej-spravy\/teoriapraxvs\/teoriapraxvs-o-konferencii\/\" \/>\n<meta property=\"og:locale\" content=\"sk_SK\" \/>\n<meta property=\"og:type\" content=\"article\" \/>\n<meta property=\"og:title\" content=\"O konferencii - Fakulta verejnej spr\u00e1vy | UPJ\u0160\" \/>\n<meta property=\"og:description\" content=\"Cie\u013eom vedeckej konferencie&nbsp;je vytvorenie priestoru na v\u00fdmenu poznatkov, prezent\u00e1ciu v\u00fdsledkov v\u00fdskumu a odborn\u00fa diskusiu zameran\u00fa te\u00f3riu a prax verejnej spr\u00e1vy. Medzin\u00e1rodn\u00e1 vedeck\u00e1 konferencia je prednostne ur\u010den\u00e1\u00a0pre doktorandov zo skupiny odborov soci\u00e1lne, ekonomick\u00e9 a pr\u00e1vne vedy, so\u00a0zameran\u00edm na\u00a0verejn\u00fa politiku a verejn\u00fa spr\u00e1vu. Konferencia bude ma\u0165 tri sekcie &#8211; pr\u00e1vnu, politologick\u00fa a soci\u00e1lno-ekonomick\u00fa. Organiz\u00e1tor konferencie si vyhradzuje &hellip; \u010c\u00edta\u0165 \u010falej\" \/>\n<meta property=\"og:url\" content=\"https:\/\/www.upjs.sk\/fakulta-verejnej-spravy\/teoriapraxvs\/teoriapraxvs-o-konferencii\/\" \/>\n<meta property=\"og:site_name\" content=\"Fakulta verejnej spr\u00e1vy | UPJ\u0160\" \/>\n<meta property=\"article:modified_time\" content=\"2025-01-22T14:14:10+00:00\" \/>\n<meta name=\"twitter:card\" content=\"summary_large_image\" \/>\n<meta name=\"twitter:label1\" content=\"Predpokladan\u00fd \u010das \u010d\u00edtania\" \/>\n\t<meta name=\"twitter:data1\" content=\"2 min\u00faty\" \/>\n<script type=\"application\/ld+json\" class=\"yoast-schema-graph\">{\"@context\":\"https:\\\/\\\/schema.org\",\"@graph\":[{\"@type\":\"WebPage\",\"@id\":\"https:\\\/\\\/www.upjs.sk\\\/fakulta-verejnej-spravy\\\/teoriapraxvs\\\/teoriapraxvs-o-konferencii\\\/\",\"url\":\"https:\\\/\\\/www.upjs.sk\\\/fakulta-verejnej-spravy\\\/teoriapraxvs\\\/teoriapraxvs-o-konferencii\\\/\",\"name\":\"O konferencii - Fakulta verejnej spr\u00e1vy | UPJ\u0160\",\"isPartOf\":{\"@id\":\"https:\\\/\\\/www.upjs.sk\\\/fakulta-verejnej-spravy\\\/#website\"},\"datePublished\":\"2025-01-22T11:08:06+00:00\",\"dateModified\":\"2025-01-22T14:14:10+00:00\",\"breadcrumb\":{\"@id\":\"https:\\\/\\\/www.upjs.sk\\\/fakulta-verejnej-spravy\\\/teoriapraxvs\\\/teoriapraxvs-o-konferencii\\\/#breadcrumb\"},\"inLanguage\":\"sk-SK\",\"potentialAction\":[{\"@type\":\"ReadAction\",\"target\":[\"https:\\\/\\\/www.upjs.sk\\\/fakulta-verejnej-spravy\\\/teoriapraxvs\\\/teoriapraxvs-o-konferencii\\\/\"]}]},{\"@type\":\"BreadcrumbList\",\"@id\":\"https:\\\/\\\/www.upjs.sk\\\/fakulta-verejnej-spravy\\\/teoriapraxvs\\\/teoriapraxvs-o-konferencii\\\/#breadcrumb\",\"itemListElement\":[{\"@type\":\"ListItem\",\"position\":1,\"name\":\"Home\",\"item\":\"https:\\\/\\\/www.upjs.sk\\\/fakulta-verejnej-spravy\\\/\"},{\"@type\":\"ListItem\",\"position\":2,\"name\":\"Te\u00f3ria a prax verejnej spr\u00e1vy &#8211; medzin\u00e1rodn\u00e1 vedeck\u00e1 konferencia doktorandov\",\"item\":\"https:\\\/\\\/www.upjs.sk\\\/fakulta-verejnej-spravy\\\/teoriapraxvs\\\/\"},{\"@type\":\"ListItem\",\"position\":3,\"name\":\"O konferencii\"}]},{\"@type\":\"WebSite\",\"@id\":\"https:\\\/\\\/www.upjs.sk\\\/fakulta-verejnej-spravy\\\/#website\",\"url\":\"https:\\\/\\\/www.upjs.sk\\\/fakulta-verejnej-spravy\\\/\",\"name\":\"Fakulta verejnej spr\u00e1vy | UPJ\u0160\",\"description\":\"\",\"publisher\":{\"@id\":\"https:\\\/\\\/www.upjs.sk\\\/fakulta-verejnej-spravy\\\/#organization\"},\"potentialAction\":[{\"@type\":\"SearchAction\",\"target\":{\"@type\":\"EntryPoint\",\"urlTemplate\":\"https:\\\/\\\/www.upjs.sk\\\/fakulta-verejnej-spravy\\\/?s={search_term_string}\"},\"query-input\":{\"@type\":\"PropertyValueSpecification\",\"valueRequired\":true,\"valueName\":\"search_term_string\"}}],\"inLanguage\":\"sk-SK\"},{\"@type\":\"Organization\",\"@id\":\"https:\\\/\\\/www.upjs.sk\\\/fakulta-verejnej-spravy\\\/#organization\",\"name\":\"Fakulta verejnej spr\u00e1vy | UPJ\u0160\",\"url\":\"https:\\\/\\\/www.upjs.sk\\\/fakulta-verejnej-spravy\\\/\",\"logo\":{\"@type\":\"ImageObject\",\"inLanguage\":\"sk-SK\",\"@id\":\"https:\\\/\\\/www.upjs.sk\\\/fakulta-verejnej-spravy\\\/#\\\/schema\\\/logo\\\/image\\\/\",\"url\":\"https:\\\/\\\/www.upjs.sk\\\/app\\\/uploads\\\/sites\\\/12\\\/2022\\\/09\\\/logo-verejnej-spravy-fakulta.png\",\"contentUrl\":\"https:\\\/\\\/www.upjs.sk\\\/app\\\/uploads\\\/sites\\\/12\\\/2022\\\/09\\\/logo-verejnej-spravy-fakulta.png\",\"width\":415,\"height\":87,\"caption\":\"Fakulta verejnej spr\u00e1vy | UPJ\u0160\"},\"image\":{\"@id\":\"https:\\\/\\\/www.upjs.sk\\\/fakulta-verejnej-spravy\\\/#\\\/schema\\\/logo\\\/image\\\/\"}}]}<\/script>\n<!-- \/ Yoast SEO plugin. -->","yoast_head_json":{"title":"O konferencii - Fakulta verejnej spr\u00e1vy | UPJ\u0160","robots":{"index":"index","follow":"follow","max-snippet":"max-snippet:-1","max-image-preview":"max-image-preview:large","max-video-preview":"max-video-preview:-1"},"canonical":"https:\/\/www.upjs.sk\/fakulta-verejnej-spravy\/teoriapraxvs\/teoriapraxvs-o-konferencii\/","og_locale":"sk_SK","og_type":"article","og_title":"O konferencii - Fakulta verejnej spr\u00e1vy | UPJ\u0160","og_description":"Cie\u013eom vedeckej konferencie&nbsp;je vytvorenie priestoru na v\u00fdmenu poznatkov, prezent\u00e1ciu v\u00fdsledkov v\u00fdskumu a odborn\u00fa diskusiu zameran\u00fa te\u00f3riu a prax verejnej spr\u00e1vy. Medzin\u00e1rodn\u00e1 vedeck\u00e1 konferencia je prednostne ur\u010den\u00e1\u00a0pre doktorandov zo skupiny odborov soci\u00e1lne, ekonomick\u00e9 a pr\u00e1vne vedy, so\u00a0zameran\u00edm na\u00a0verejn\u00fa politiku a verejn\u00fa spr\u00e1vu. Konferencia bude ma\u0165 tri sekcie &#8211; pr\u00e1vnu, politologick\u00fa a soci\u00e1lno-ekonomick\u00fa. Organiz\u00e1tor konferencie si vyhradzuje &hellip; \u010c\u00edta\u0165 \u010falej","og_url":"https:\/\/www.upjs.sk\/fakulta-verejnej-spravy\/teoriapraxvs\/teoriapraxvs-o-konferencii\/","og_site_name":"Fakulta verejnej spr\u00e1vy | UPJ\u0160","article_modified_time":"2025-01-22T14:14:10+00:00","twitter_card":"summary_large_image","twitter_misc":{"Predpokladan\u00fd \u010das \u010d\u00edtania":"2 min\u00faty"},"schema":{"@context":"https:\/\/schema.org","@graph":[{"@type":"WebPage","@id":"https:\/\/www.upjs.sk\/fakulta-verejnej-spravy\/teoriapraxvs\/teoriapraxvs-o-konferencii\/","url":"https:\/\/www.upjs.sk\/fakulta-verejnej-spravy\/teoriapraxvs\/teoriapraxvs-o-konferencii\/","name":"O konferencii - Fakulta verejnej spr\u00e1vy | UPJ\u0160","isPartOf":{"@id":"https:\/\/www.upjs.sk\/fakulta-verejnej-spravy\/#website"},"datePublished":"2025-01-22T11:08:06+00:00","dateModified":"2025-01-22T14:14:10+00:00","breadcrumb":{"@id":"https:\/\/www.upjs.sk\/fakulta-verejnej-spravy\/teoriapraxvs\/teoriapraxvs-o-konferencii\/#breadcrumb"},"inLanguage":"sk-SK","potentialAction":[{"@type":"ReadAction","target":["https:\/\/www.upjs.sk\/fakulta-verejnej-spravy\/teoriapraxvs\/teoriapraxvs-o-konferencii\/"]}]},{"@type":"BreadcrumbList","@id":"https:\/\/www.upjs.sk\/fakulta-verejnej-spravy\/teoriapraxvs\/teoriapraxvs-o-konferencii\/#breadcrumb","itemListElement":[{"@type":"ListItem","position":1,"name":"Home","item":"https:\/\/www.upjs.sk\/fakulta-verejnej-spravy\/"},{"@type":"ListItem","position":2,"name":"Te\u00f3ria a prax verejnej spr\u00e1vy &#8211; medzin\u00e1rodn\u00e1 vedeck\u00e1 konferencia doktorandov","item":"https:\/\/www.upjs.sk\/fakulta-verejnej-spravy\/teoriapraxvs\/"},{"@type":"ListItem","position":3,"name":"O konferencii"}]},{"@type":"WebSite","@id":"https:\/\/www.upjs.sk\/fakulta-verejnej-spravy\/#website","url":"https:\/\/www.upjs.sk\/fakulta-verejnej-spravy\/","name":"Fakulta verejnej spr\u00e1vy | UPJ\u0160","description":"","publisher":{"@id":"https:\/\/www.upjs.sk\/fakulta-verejnej-spravy\/#organization"},"potentialAction":[{"@type":"SearchAction","target":{"@type":"EntryPoint","urlTemplate":"https:\/\/www.upjs.sk\/fakulta-verejnej-spravy\/?s={search_term_string}"},"query-input":{"@type":"PropertyValueSpecification","valueRequired":true,"valueName":"search_term_string"}}],"inLanguage":"sk-SK"},{"@type":"Organization","@id":"https:\/\/www.upjs.sk\/fakulta-verejnej-spravy\/#organization","name":"Fakulta verejnej spr\u00e1vy | UPJ\u0160","url":"https:\/\/www.upjs.sk\/fakulta-verejnej-spravy\/","logo":{"@type":"ImageObject","inLanguage":"sk-SK","@id":"https:\/\/www.upjs.sk\/fakulta-verejnej-spravy\/#\/schema\/logo\/image\/","url":"https:\/\/www.upjs.sk\/app\/uploads\/sites\/12\/2022\/09\/logo-verejnej-spravy-fakulta.png","contentUrl":"https:\/\/www.upjs.sk\/app\/uploads\/sites\/12\/2022\/09\/logo-verejnej-spravy-fakulta.png","width":415,"height":87,"caption":"Fakulta verejnej spr\u00e1vy | UPJ\u0160"},"image":{"@id":"https:\/\/www.upjs.sk\/fakulta-verejnej-spravy\/#\/schema\/logo\/image\/"}}]}},"_links":{"self":[{"href":"https:\/\/www.upjs.sk\/fakulta-verejnej-spravy\/wp-json\/wp\/v2\/pages\/28115","targetHints":{"allow":["GET"]}}],"collection":[{"href":"https:\/\/www.upjs.sk\/fakulta-verejnej-spravy\/wp-json\/wp\/v2\/pages"}],"about":[{"href":"https:\/\/www.upjs.sk\/fakulta-verejnej-spravy\/wp-json\/wp\/v2\/types\/page"}],"author":[{"embeddable":true,"href":"https:\/\/www.upjs.sk\/fakulta-verejnej-spravy\/wp-json\/wp\/v2\/users\/20"}],"replies":[{"embeddable":true,"href":"https:\/\/www.upjs.sk\/fakulta-verejnej-spravy\/wp-json\/wp\/v2\/comments?post=28115"}],"version-history":[{"count":13,"href":"https:\/\/www.upjs.sk\/fakulta-verejnej-spravy\/wp-json\/wp\/v2\/pages\/28115\/revisions"}],"predecessor-version":[{"id":28169,"href":"https:\/\/www.upjs.sk\/fakulta-verejnej-spravy\/wp-json\/wp\/v2\/pages\/28115\/revisions\/28169"}],"up":[{"embeddable":true,"href":"https:\/\/www.upjs.sk\/fakulta-verejnej-spravy\/wp-json\/wp\/v2\/pages\/14837"}],"wp:attachment":[{"href":"https:\/\/www.upjs.sk\/fakulta-verejnej-spravy\/wp-json\/wp\/v2\/media?parent=28115"}],"wp:term":[{"taxonomy":"category","embeddable":true,"href":"https:\/\/www.upjs.sk\/fakulta-verejnej-spravy\/wp-json\/wp\/v2\/categories?post=28115"},{"taxonomy":"post_tag","embeddable":true,"href":"https:\/\/www.upjs.sk\/fakulta-verejnej-spravy\/wp-json\/wp\/v2\/tags?post=28115"}],"curies":[{"name":"wp","href":"https:\/\/api.w.org\/{rel}","templated":true}]}}