{"id":28130,"date":"2025-01-22T13:13:09","date_gmt":"2025-01-22T12:13:09","guid":{"rendered":"https:\/\/www.upjs.sk\/fakulta-verejnej-spravy\/?page_id=28130"},"modified":"2025-11-25T17:31:19","modified_gmt":"2025-11-25T16:31:19","slug":"teoriapraxvs-terminy","status":"publish","type":"page","link":"https:\/\/www.upjs.sk\/fakulta-verejnej-spravy\/teoriapraxvs\/teoriapraxvs-terminy\/","title":{"rendered":"D\u00f4le\u017eit\u00e9 term\u00edny"},"content":{"rendered":"<style>.kadence-column28130_77bd62-06 > .kt-inside-inner-col,.kadence-column28130_77bd62-06 > .kt-inside-inner-col:before{border-top-left-radius:0px;border-top-right-radius:0px;border-bottom-right-radius:0px;border-bottom-left-radius:0px;}.kadence-column28130_77bd62-06 > .kt-inside-inner-col{column-gap:var(--global-kb-gap-sm, 1rem);}.kadence-column28130_77bd62-06 > .kt-inside-inner-col{flex-direction:column;}.kadence-column28130_77bd62-06 > .kt-inside-inner-col > .aligncenter{width:100%;}.kadence-column28130_77bd62-06 > .kt-inside-inner-col:before{opacity:0.3;}.kadence-column28130_77bd62-06{position:relative;}@media all and (max-width: 1024px){.kadence-column28130_77bd62-06 > .kt-inside-inner-col{flex-direction:column;justify-content:center;}}@media all and (max-width: 767px){.kadence-column28130_77bd62-06 > .kt-inside-inner-col{flex-direction:column;justify-content:center;}}<\/style>\n<div class=\"wp-block-kadence-column kadence-column28130_77bd62-06\"><div class=\"kt-inside-inner-col\"><style>.wp-block-kadence-advancedbtn.kb-btns28130_321c4f-58{gap:var(--global-kb-gap-xs, 0.5rem );justify-content:center;align-items:center;}.kt-btns28130_321c4f-58 .kt-button{font-weight:normal;font-style:normal;}.kt-btns28130_321c4f-58 .kt-btn-wrap-0{margin-right:5px;}.wp-block-kadence-advancedbtn.kt-btns28130_321c4f-58 .kt-btn-wrap-0 .kt-button{color:#555555;border-color:#555555;}.wp-block-kadence-advancedbtn.kt-btns28130_321c4f-58 .kt-btn-wrap-0 .kt-button:hover, .wp-block-kadence-advancedbtn.kt-btns28130_321c4f-58 .kt-btn-wrap-0 .kt-button:focus{color:#ffffff;border-color:#444444;}.wp-block-kadence-advancedbtn.kt-btns28130_321c4f-58 .kt-btn-wrap-0 .kt-button::before{display:none;}.wp-block-kadence-advancedbtn.kt-btns28130_321c4f-58 .kt-btn-wrap-0 .kt-button:hover, .wp-block-kadence-advancedbtn.kt-btns28130_321c4f-58 .kt-btn-wrap-0 .kt-button:focus{background:#444444;}<\/style>\n<div class=\"wp-block-kadence-advancedbtn kb-buttons-wrap kb-btns28130_321c4f-58\"><style>ul.menu .wp-block-kadence-advancedbtn .kb-btn28130_c9f436-90.kb-button{width:initial;}.wp-block-kadence-advancedbtn .kb-btn28130_c9f436-90.kb-button{color:#000000;background:rgba(0,109,178,0.25);}<\/style><a class=\"kb-button kt-button button kb-btn28130_c9f436-90 kt-btn-size-standard kt-btn-width-type-auto kb-btn-global-fill kt-btn-has-text-true kt-btn-has-svg-false wp-block-kadence-singlebtn\" href=\"https:\/\/www.upjs.sk\/fakulta-verejnej-spravy\/teoriapraxvs\/\"><span class=\"kt-btn-inner-text\"><strong>\u00davod a registr\u00e1cia<\/strong><\/span><\/a>\n\n<style>ul.menu .wp-block-kadence-advancedbtn .kb-btn28130_0b7bd8-13.kb-button{width:initial;}.wp-block-kadence-advancedbtn .kb-btn28130_0b7bd8-13.kb-button{color:#000000;background:rgba(0,109,178,0.25);}<\/style><a class=\"kb-button kt-button button kb-btn28130_0b7bd8-13 kt-btn-size-standard kt-btn-width-type-auto kb-btn-global-fill kt-btn-has-text-true kt-btn-has-svg-false wp-block-kadence-singlebtn\" href=\"https:\/\/www.upjs.sk\/fakulta-verejnej-spravy\/teoriapraxvs\/teoriapraxvs-o-konferencii\"><span class=\"kt-btn-inner-text\"><strong>O konferencii<\/strong><\/span><\/a>\n\n<style>ul.menu .wp-block-kadence-advancedbtn .kb-btn28130_29a7ce-fc.kb-button{width:initial;}.wp-block-kadence-advancedbtn .kb-btn28130_29a7ce-fc.kb-button{color:#000000;background:rgba(0,109,178,0.25);}<\/style><a class=\"kb-button kt-button button kb-btn28130_29a7ce-fc kt-btn-size-standard kt-btn-width-type-auto kb-btn-global-fill kt-btn-has-text-true kt-btn-has-svg-false wp-block-kadence-singlebtn\" href=\"https:\/\/www.upjs.sk\/fakulta-verejnej-spravy\/teoriapraxvs\/teoriapraxvs-terminy\/\"><span class=\"kt-btn-inner-text\"><strong>D\u00f4le\u017eit\u00e9 term\u00edny<\/strong><\/span><\/a>\n\n<style>ul.menu .wp-block-kadence-advancedbtn .kb-btn28130_66c52d-f3.kb-button{width:initial;}.wp-block-kadence-advancedbtn .kb-btn28130_66c52d-f3.kb-button{color:#000000;background:rgba(0,109,178,0.25);}<\/style><a class=\"kb-button kt-button button kb-btn28130_66c52d-f3 kt-btn-size-standard kt-btn-width-type-auto kb-btn-global-fill kt-btn-has-text-true kt-btn-has-svg-false wp-block-kadence-singlebtn\" href=\"https:\/\/www.upjs.sk\/fakulta-verejnej-spravy\/teoriapraxvs\/teoriapraxvs-pokyny\"><span class=\"kt-btn-inner-text\"><strong>Pokyny pre \u00fa\u010dastn\u00edkov<\/strong><\/span><\/a>\n\n<style>ul.menu .wp-block-kadence-advancedbtn .kb-btn28130_c10b7b-cc.kb-button{width:initial;}.wp-block-kadence-advancedbtn .kb-btn28130_c10b7b-cc.kb-button{color:#000000;background:rgba(0,109,178,0.25);}<\/style><a class=\"kb-button kt-button button kb-btn28130_c10b7b-cc kt-btn-size-standard kt-btn-width-type-auto kb-btn-global-fill kt-btn-has-text-true kt-btn-has-svg-false wp-block-kadence-singlebtn\" href=\"https:\/\/www.upjs.sk\/fakulta-verejnej-spravy\/teoriapraxvs\/teoriapraxvs-kontakty\"><span class=\"kt-btn-inner-text\"><strong>Kontakty<\/strong><\/span><\/a>\n\n<style>ul.menu .wp-block-kadence-advancedbtn .kb-btn28130_705c02-b8.kb-button{width:initial;}.wp-block-kadence-advancedbtn .kb-btn28130_705c02-b8.kb-button{color:#000000;background:rgba(0,109,178,0.25);}<\/style><a class=\"kb-button kt-button button kb-btn28130_705c02-b8 kt-btn-size-standard kt-btn-width-type-auto kb-btn-global-fill kt-btn-has-text-true kt-btn-has-svg-false wp-block-kadence-singlebtn\" href=\"https:\/\/www.upjs.sk\/fakulta-verejnej-spravy\/teoriapraxvs\/teoriapraxvs-fotogaleria\"><span class=\"kt-btn-inner-text\"><strong>Fotogal\u00e9ria<\/strong><\/span><\/a><\/div>\n<\/div><\/div>\n\n\n<style>.kadence-column28130_34d47b-75 > .kt-inside-inner-col{padding-top:var(--global-kb-spacing-md, 2rem);padding-bottom:var(--global-kb-spacing-md, 2rem);}.kadence-column28130_34d47b-75 > .kt-inside-inner-col,.kadence-column28130_34d47b-75 > .kt-inside-inner-col:before{border-top-left-radius:0px;border-top-right-radius:0px;border-bottom-right-radius:0px;border-bottom-left-radius:0px;}.kadence-column28130_34d47b-75 > .kt-inside-inner-col{column-gap:var(--global-kb-gap-sm, 1rem);}.kadence-column28130_34d47b-75 > .kt-inside-inner-col{flex-direction:column;}.kadence-column28130_34d47b-75 > .kt-inside-inner-col > .aligncenter{width:100%;}.kadence-column28130_34d47b-75 > .kt-inside-inner-col{background-color:rgba(0, 143, 255, 0.15);background-image:url('https:\/\/www.upjs.sk\/app\/uploads\/sites\/12\/2025\/01\/background-1134266148-791x1024.png');background-size:cover;background-position:center center;background-attachment:scroll;background-repeat:no-repeat;}.kadence-column28130_34d47b-75 > .kt-inside-inner-col:before{opacity:0.5;mix-blend-mode:normal;}.kadence-column28130_34d47b-75{position:relative;}.kadence-column28130_34d47b-75, .kt-inside-inner-col > .kadence-column28130_34d47b-75:not(.specificity){margin-top:0px;margin-bottom:var(--global-kb-spacing-md, 2rem);}@media all and (max-width: 1024px){.kadence-column28130_34d47b-75 > .kt-inside-inner-col{flex-direction:column;justify-content:center;}}@media all and (max-width: 767px){.kadence-column28130_34d47b-75 > .kt-inside-inner-col{flex-direction:column;justify-content:center;}}<\/style>\n<div class=\"wp-block-kadence-column kadence-column28130_34d47b-75\"><div class=\"kt-inside-inner-col\">\n<p class=\"has-text-align-center has-medium-font-size\"><strong>D\u00f4le\u017eit\u00e9 term\u00edny\/Important Dates<\/strong> <strong><strong>:<\/strong><\/strong><\/p>\n\n\n<style>.kb-row-layout-id28130_bdb33d-ee > .kt-row-column-wrap{align-content:start;}:where(.kb-row-layout-id28130_bdb33d-ee > .kt-row-column-wrap) > .wp-block-kadence-column{justify-content:start;}.kb-row-layout-id28130_bdb33d-ee > .kt-row-column-wrap{column-gap:var(--global-kb-gap-md, 2rem);row-gap:var(--global-kb-gap-md, 2rem);padding-top:var(--global-kb-spacing-sm, 1.5rem);padding-bottom:var(--global-kb-spacing-sm, 1.5rem);grid-template-columns:minmax(0, 2fr) minmax(0, 1fr);}.kb-row-layout-id28130_bdb33d-ee > .kt-row-layout-overlay{opacity:0.30;}@media all and (max-width: 1024px){.kb-row-layout-id28130_bdb33d-ee > .kt-row-column-wrap{grid-template-columns:minmax(0, 2fr) minmax(0, 1fr);}}@media all and (max-width: 767px){.kb-row-layout-id28130_bdb33d-ee > .kt-row-column-wrap{grid-template-columns:minmax(0, 1fr);}}<\/style><div class=\"kb-row-layout-wrap kb-row-layout-id28130_bdb33d-ee alignnone wp-block-kadence-rowlayout\"><div class=\"kt-row-column-wrap kt-has-2-columns kt-row-layout-left-golden kt-tab-layout-inherit kt-mobile-layout-row kt-row-valign-top\">\n<style>.kadence-column28130_72cb7d-12 > .kt-inside-inner-col{display:flex;}.kadence-column28130_72cb7d-12 > .kt-inside-inner-col{padding-left:var(--global-kb-spacing-sm, 1.5rem);}.kadence-column28130_72cb7d-12 > .kt-inside-inner-col,.kadence-column28130_72cb7d-12 > .kt-inside-inner-col:before{border-top-left-radius:0px;border-top-right-radius:0px;border-bottom-right-radius:0px;border-bottom-left-radius:0px;}.kadence-column28130_72cb7d-12 > .kt-inside-inner-col{column-gap:var(--global-kb-gap-sm, 1rem);}.kadence-column28130_72cb7d-12 > .kt-inside-inner-col{flex-direction:column;align-items:flex-start;}.kadence-column28130_72cb7d-12 > .kt-inside-inner-col > .kb-image-is-ratio-size{align-self:stretch;}.kadence-column28130_72cb7d-12 > .kt-inside-inner-col > .wp-block-kadence-advancedgallery{align-self:stretch;}.kadence-column28130_72cb7d-12 > .kt-inside-inner-col > .aligncenter{width:100%;}.kadence-column28130_72cb7d-12 > .kt-inside-inner-col:before{opacity:0.3;}.kadence-column28130_72cb7d-12{text-align:left;}.kadence-column28130_72cb7d-12{position:relative;}@media all and (max-width: 1024px){.kadence-column28130_72cb7d-12 > .kt-inside-inner-col{flex-direction:column;justify-content:center;align-items:flex-start;}}@media all and (max-width: 767px){.kadence-column28130_72cb7d-12 > .kt-inside-inner-col{flex-direction:column;justify-content:center;align-items:flex-start;}}<\/style>\n<div class=\"wp-block-kadence-column kadence-column28130_72cb7d-12\"><div class=\"kt-inside-inner-col\">\n<p>Online registr\u00e1cia\/Online Registration<\/p>\n\n\n\n<p>Zaslanie pr\u00edspevku\/Submission of Contributions<\/p>\n\n\n\n<p><strong>Term\u00edn konania konferencie<\/strong>&nbsp;prostredn\u00edctvom platformy MS Teams\/<br>Conference Date via MS Teams platform<\/p>\n<\/div><\/div>\n\n\n<style>.kadence-column28130_67319e-75 > .kt-inside-inner-col,.kadence-column28130_67319e-75 > .kt-inside-inner-col:before{border-top-left-radius:0px;border-top-right-radius:0px;border-bottom-right-radius:0px;border-bottom-left-radius:0px;}.kadence-column28130_67319e-75 > .kt-inside-inner-col{column-gap:var(--global-kb-gap-sm, 1rem);}.kadence-column28130_67319e-75 > .kt-inside-inner-col{flex-direction:column;}.kadence-column28130_67319e-75 > .kt-inside-inner-col > .aligncenter{width:100%;}.kadence-column28130_67319e-75 > .kt-inside-inner-col:before{opacity:0.3;}.kadence-column28130_67319e-75{position:relative;}@media all and (max-width: 1024px){.kadence-column28130_67319e-75 > .kt-inside-inner-col{flex-direction:column;justify-content:center;}}@media all and (max-width: 767px){.kadence-column28130_67319e-75 > .kt-inside-inner-col{flex-direction:column;justify-content:center;}}<\/style>\n<div class=\"wp-block-kadence-column kadence-column28130_67319e-75\"><div class=\"kt-inside-inner-col\">\n<p>do<strong>\u00a025. 01. 2026<\/strong><\/p>\n\n\n\n<p>do\/until\u00a0<strong>12. 02. 2026<\/strong><\/p>\n\n\n\n<p>\u200b<strong>12. 2. 2026<\/strong><\/p>\n<\/div><\/div>\n\n<\/div><\/div><\/div><\/div>\n","protected":false},"excerpt":{"rendered":"<p>D\u00f4le\u017eit\u00e9 term\u00edny\/Important Dates : Online registr\u00e1cia\/Online Registration Zaslanie pr\u00edspevku\/Submission of Contributions Term\u00edn konania konferencie&nbsp;prostredn\u00edctvom platformy MS Teams\/Conference Date via MS Teams platform do\u00a025. 01. 2026 do\/until\u00a012. 02. 2026 \u200b12. 2. 2026<\/p>\n","protected":false},"author":20,"featured_media":0,"parent":14837,"menu_order":1,"comment_status":"closed","ping_status":"closed","template":"","meta":{"_acf_changed":false,"_editorskit_title_hidden":false,"_editorskit_reading_time":0,"_editorskit_is_block_options_detached":false,"_editorskit_block_options_position":"{}","footnotes":""},"categories":[],"tags":[],"class_list":["post-28130","page","type-page","status-publish","hentry"],"acf":{"acf_link_na_externy_obsah":""},"yoast_head":"<!-- This site is optimized with the Yoast SEO plugin v27.4 - https:\/\/yoast.com\/product\/yoast-seo-wordpress\/ -->\n<title>D\u00f4le\u017eit\u00e9 term\u00edny - Fakulta verejnej spr\u00e1vy | UPJ\u0160<\/title>\n<meta name=\"robots\" content=\"index, follow, max-snippet:-1, max-image-preview:large, max-video-preview:-1\" \/>\n<link rel=\"canonical\" href=\"https:\/\/www.upjs.sk\/fakulta-verejnej-spravy\/teoriapraxvs\/teoriapraxvs-terminy\/\" \/>\n<meta property=\"og:locale\" content=\"sk_SK\" \/>\n<meta property=\"og:type\" content=\"article\" \/>\n<meta property=\"og:title\" content=\"D\u00f4le\u017eit\u00e9 term\u00edny - Fakulta verejnej spr\u00e1vy | UPJ\u0160\" \/>\n<meta property=\"og:description\" content=\"D\u00f4le\u017eit\u00e9 term\u00edny\/Important Dates : Online registr\u00e1cia\/Online Registration Zaslanie pr\u00edspevku\/Submission of Contributions Term\u00edn konania konferencie&nbsp;prostredn\u00edctvom platformy MS Teams\/Conference Date via MS Teams platform do\u00a025. 01. 2026 do\/until\u00a012. 02. 2026 \u200b12. 2. 2026\" \/>\n<meta property=\"og:url\" content=\"https:\/\/www.upjs.sk\/fakulta-verejnej-spravy\/teoriapraxvs\/teoriapraxvs-terminy\/\" \/>\n<meta property=\"og:site_name\" content=\"Fakulta verejnej spr\u00e1vy | UPJ\u0160\" \/>\n<meta property=\"article:modified_time\" content=\"2025-11-25T16:31:19+00:00\" \/>\n<meta name=\"twitter:card\" content=\"summary_large_image\" \/>\n<meta name=\"twitter:label1\" content=\"Predpokladan\u00fd \u010das \u010d\u00edtania\" \/>\n\t<meta name=\"twitter:data1\" content=\"1 min\u00fata\" \/>\n<script type=\"application\/ld+json\" class=\"yoast-schema-graph\">{\"@context\":\"https:\\\/\\\/schema.org\",\"@graph\":[{\"@type\":\"WebPage\",\"@id\":\"https:\\\/\\\/www.upjs.sk\\\/fakulta-verejnej-spravy\\\/teoriapraxvs\\\/teoriapraxvs-terminy\\\/\",\"url\":\"https:\\\/\\\/www.upjs.sk\\\/fakulta-verejnej-spravy\\\/teoriapraxvs\\\/teoriapraxvs-terminy\\\/\",\"name\":\"D\u00f4le\u017eit\u00e9 term\u00edny - Fakulta verejnej spr\u00e1vy | UPJ\u0160\",\"isPartOf\":{\"@id\":\"https:\\\/\\\/www.upjs.sk\\\/fakulta-verejnej-spravy\\\/#website\"},\"datePublished\":\"2025-01-22T12:13:09+00:00\",\"dateModified\":\"2025-11-25T16:31:19+00:00\",\"breadcrumb\":{\"@id\":\"https:\\\/\\\/www.upjs.sk\\\/fakulta-verejnej-spravy\\\/teoriapraxvs\\\/teoriapraxvs-terminy\\\/#breadcrumb\"},\"inLanguage\":\"sk-SK\",\"potentialAction\":[{\"@type\":\"ReadAction\",\"target\":[\"https:\\\/\\\/www.upjs.sk\\\/fakulta-verejnej-spravy\\\/teoriapraxvs\\\/teoriapraxvs-terminy\\\/\"]}]},{\"@type\":\"BreadcrumbList\",\"@id\":\"https:\\\/\\\/www.upjs.sk\\\/fakulta-verejnej-spravy\\\/teoriapraxvs\\\/teoriapraxvs-terminy\\\/#breadcrumb\",\"itemListElement\":[{\"@type\":\"ListItem\",\"position\":1,\"name\":\"Home\",\"item\":\"https:\\\/\\\/www.upjs.sk\\\/fakulta-verejnej-spravy\\\/\"},{\"@type\":\"ListItem\",\"position\":2,\"name\":\"Te\u00f3ria a prax verejnej spr\u00e1vy &#8211; medzin\u00e1rodn\u00e1 vedeck\u00e1 konferencia doktorandov\",\"item\":\"https:\\\/\\\/www.upjs.sk\\\/fakulta-verejnej-spravy\\\/teoriapraxvs\\\/\"},{\"@type\":\"ListItem\",\"position\":3,\"name\":\"D\u00f4le\u017eit\u00e9 term\u00edny\"}]},{\"@type\":\"WebSite\",\"@id\":\"https:\\\/\\\/www.upjs.sk\\\/fakulta-verejnej-spravy\\\/#website\",\"url\":\"https:\\\/\\\/www.upjs.sk\\\/fakulta-verejnej-spravy\\\/\",\"name\":\"Fakulta verejnej spr\u00e1vy | UPJ\u0160\",\"description\":\"\",\"publisher\":{\"@id\":\"https:\\\/\\\/www.upjs.sk\\\/fakulta-verejnej-spravy\\\/#organization\"},\"potentialAction\":[{\"@type\":\"SearchAction\",\"target\":{\"@type\":\"EntryPoint\",\"urlTemplate\":\"https:\\\/\\\/www.upjs.sk\\\/fakulta-verejnej-spravy\\\/?s={search_term_string}\"},\"query-input\":{\"@type\":\"PropertyValueSpecification\",\"valueRequired\":true,\"valueName\":\"search_term_string\"}}],\"inLanguage\":\"sk-SK\"},{\"@type\":\"Organization\",\"@id\":\"https:\\\/\\\/www.upjs.sk\\\/fakulta-verejnej-spravy\\\/#organization\",\"name\":\"Fakulta verejnej spr\u00e1vy | UPJ\u0160\",\"url\":\"https:\\\/\\\/www.upjs.sk\\\/fakulta-verejnej-spravy\\\/\",\"logo\":{\"@type\":\"ImageObject\",\"inLanguage\":\"sk-SK\",\"@id\":\"https:\\\/\\\/www.upjs.sk\\\/fakulta-verejnej-spravy\\\/#\\\/schema\\\/logo\\\/image\\\/\",\"url\":\"https:\\\/\\\/www.upjs.sk\\\/app\\\/uploads\\\/sites\\\/12\\\/2022\\\/09\\\/logo-verejnej-spravy-fakulta.png\",\"contentUrl\":\"https:\\\/\\\/www.upjs.sk\\\/app\\\/uploads\\\/sites\\\/12\\\/2022\\\/09\\\/logo-verejnej-spravy-fakulta.png\",\"width\":415,\"height\":87,\"caption\":\"Fakulta verejnej spr\u00e1vy | UPJ\u0160\"},\"image\":{\"@id\":\"https:\\\/\\\/www.upjs.sk\\\/fakulta-verejnej-spravy\\\/#\\\/schema\\\/logo\\\/image\\\/\"}}]}<\/script>\n<!-- \/ Yoast SEO plugin. -->","yoast_head_json":{"title":"D\u00f4le\u017eit\u00e9 term\u00edny - Fakulta verejnej spr\u00e1vy | UPJ\u0160","robots":{"index":"index","follow":"follow","max-snippet":"max-snippet:-1","max-image-preview":"max-image-preview:large","max-video-preview":"max-video-preview:-1"},"canonical":"https:\/\/www.upjs.sk\/fakulta-verejnej-spravy\/teoriapraxvs\/teoriapraxvs-terminy\/","og_locale":"sk_SK","og_type":"article","og_title":"D\u00f4le\u017eit\u00e9 term\u00edny - Fakulta verejnej spr\u00e1vy | UPJ\u0160","og_description":"D\u00f4le\u017eit\u00e9 term\u00edny\/Important Dates : Online registr\u00e1cia\/Online Registration Zaslanie pr\u00edspevku\/Submission of Contributions Term\u00edn konania konferencie&nbsp;prostredn\u00edctvom platformy MS Teams\/Conference Date via MS Teams platform do\u00a025. 01. 2026 do\/until\u00a012. 02. 2026 \u200b12. 2. 2026","og_url":"https:\/\/www.upjs.sk\/fakulta-verejnej-spravy\/teoriapraxvs\/teoriapraxvs-terminy\/","og_site_name":"Fakulta verejnej spr\u00e1vy | UPJ\u0160","article_modified_time":"2025-11-25T16:31:19+00:00","twitter_card":"summary_large_image","twitter_misc":{"Predpokladan\u00fd \u010das \u010d\u00edtania":"1 min\u00fata"},"schema":{"@context":"https:\/\/schema.org","@graph":[{"@type":"WebPage","@id":"https:\/\/www.upjs.sk\/fakulta-verejnej-spravy\/teoriapraxvs\/teoriapraxvs-terminy\/","url":"https:\/\/www.upjs.sk\/fakulta-verejnej-spravy\/teoriapraxvs\/teoriapraxvs-terminy\/","name":"D\u00f4le\u017eit\u00e9 term\u00edny - Fakulta verejnej spr\u00e1vy | UPJ\u0160","isPartOf":{"@id":"https:\/\/www.upjs.sk\/fakulta-verejnej-spravy\/#website"},"datePublished":"2025-01-22T12:13:09+00:00","dateModified":"2025-11-25T16:31:19+00:00","breadcrumb":{"@id":"https:\/\/www.upjs.sk\/fakulta-verejnej-spravy\/teoriapraxvs\/teoriapraxvs-terminy\/#breadcrumb"},"inLanguage":"sk-SK","potentialAction":[{"@type":"ReadAction","target":["https:\/\/www.upjs.sk\/fakulta-verejnej-spravy\/teoriapraxvs\/teoriapraxvs-terminy\/"]}]},{"@type":"BreadcrumbList","@id":"https:\/\/www.upjs.sk\/fakulta-verejnej-spravy\/teoriapraxvs\/teoriapraxvs-terminy\/#breadcrumb","itemListElement":[{"@type":"ListItem","position":1,"name":"Home","item":"https:\/\/www.upjs.sk\/fakulta-verejnej-spravy\/"},{"@type":"ListItem","position":2,"name":"Te\u00f3ria a prax verejnej spr\u00e1vy &#8211; medzin\u00e1rodn\u00e1 vedeck\u00e1 konferencia doktorandov","item":"https:\/\/www.upjs.sk\/fakulta-verejnej-spravy\/teoriapraxvs\/"},{"@type":"ListItem","position":3,"name":"D\u00f4le\u017eit\u00e9 term\u00edny"}]},{"@type":"WebSite","@id":"https:\/\/www.upjs.sk\/fakulta-verejnej-spravy\/#website","url":"https:\/\/www.upjs.sk\/fakulta-verejnej-spravy\/","name":"Fakulta verejnej spr\u00e1vy | UPJ\u0160","description":"","publisher":{"@id":"https:\/\/www.upjs.sk\/fakulta-verejnej-spravy\/#organization"},"potentialAction":[{"@type":"SearchAction","target":{"@type":"EntryPoint","urlTemplate":"https:\/\/www.upjs.sk\/fakulta-verejnej-spravy\/?s={search_term_string}"},"query-input":{"@type":"PropertyValueSpecification","valueRequired":true,"valueName":"search_term_string"}}],"inLanguage":"sk-SK"},{"@type":"Organization","@id":"https:\/\/www.upjs.sk\/fakulta-verejnej-spravy\/#organization","name":"Fakulta verejnej spr\u00e1vy | UPJ\u0160","url":"https:\/\/www.upjs.sk\/fakulta-verejnej-spravy\/","logo":{"@type":"ImageObject","inLanguage":"sk-SK","@id":"https:\/\/www.upjs.sk\/fakulta-verejnej-spravy\/#\/schema\/logo\/image\/","url":"https:\/\/www.upjs.sk\/app\/uploads\/sites\/12\/2022\/09\/logo-verejnej-spravy-fakulta.png","contentUrl":"https:\/\/www.upjs.sk\/app\/uploads\/sites\/12\/2022\/09\/logo-verejnej-spravy-fakulta.png","width":415,"height":87,"caption":"Fakulta verejnej spr\u00e1vy | UPJ\u0160"},"image":{"@id":"https:\/\/www.upjs.sk\/fakulta-verejnej-spravy\/#\/schema\/logo\/image\/"}}]}},"_links":{"self":[{"href":"https:\/\/www.upjs.sk\/fakulta-verejnej-spravy\/wp-json\/wp\/v2\/pages\/28130","targetHints":{"allow":["GET"]}}],"collection":[{"href":"https:\/\/www.upjs.sk\/fakulta-verejnej-spravy\/wp-json\/wp\/v2\/pages"}],"about":[{"href":"https:\/\/www.upjs.sk\/fakulta-verejnej-spravy\/wp-json\/wp\/v2\/types\/page"}],"author":[{"embeddable":true,"href":"https:\/\/www.upjs.sk\/fakulta-verejnej-spravy\/wp-json\/wp\/v2\/users\/20"}],"replies":[{"embeddable":true,"href":"https:\/\/www.upjs.sk\/fakulta-verejnej-spravy\/wp-json\/wp\/v2\/comments?post=28130"}],"version-history":[{"count":8,"href":"https:\/\/www.upjs.sk\/fakulta-verejnej-spravy\/wp-json\/wp\/v2\/pages\/28130\/revisions"}],"predecessor-version":[{"id":29994,"href":"https:\/\/www.upjs.sk\/fakulta-verejnej-spravy\/wp-json\/wp\/v2\/pages\/28130\/revisions\/29994"}],"up":[{"embeddable":true,"href":"https:\/\/www.upjs.sk\/fakulta-verejnej-spravy\/wp-json\/wp\/v2\/pages\/14837"}],"wp:attachment":[{"href":"https:\/\/www.upjs.sk\/fakulta-verejnej-spravy\/wp-json\/wp\/v2\/media?parent=28130"}],"wp:term":[{"taxonomy":"category","embeddable":true,"href":"https:\/\/www.upjs.sk\/fakulta-verejnej-spravy\/wp-json\/wp\/v2\/categories?post=28130"},{"taxonomy":"post_tag","embeddable":true,"href":"https:\/\/www.upjs.sk\/fakulta-verejnej-spravy\/wp-json\/wp\/v2\/tags?post=28130"}],"curies":[{"name":"wp","href":"https:\/\/api.w.org\/{rel}","templated":true}]}}