{"id":28132,"date":"2025-01-22T15:02:50","date_gmt":"2025-01-22T14:02:50","guid":{"rendered":"https:\/\/www.upjs.sk\/fakulta-verejnej-spravy\/?page_id=28132"},"modified":"2025-11-25T17:33:14","modified_gmt":"2025-11-25T16:33:14","slug":"teoriapraxvs-pokyny","status":"publish","type":"page","link":"https:\/\/www.upjs.sk\/fakulta-verejnej-spravy\/teoriapraxvs\/teoriapraxvs-pokyny\/","title":{"rendered":"Pokyny pre \u00fa\u010dastn\u00edkov"},"content":{"rendered":"<style>.kadence-column28132_c6f612-c8 > .kt-inside-inner-col,.kadence-column28132_c6f612-c8 > .kt-inside-inner-col:before{border-top-left-radius:0px;border-top-right-radius:0px;border-bottom-right-radius:0px;border-bottom-left-radius:0px;}.kadence-column28132_c6f612-c8 > .kt-inside-inner-col{column-gap:var(--global-kb-gap-sm, 1rem);}.kadence-column28132_c6f612-c8 > .kt-inside-inner-col{flex-direction:column;}.kadence-column28132_c6f612-c8 > .kt-inside-inner-col > .aligncenter{width:100%;}.kadence-column28132_c6f612-c8 > .kt-inside-inner-col:before{opacity:0.3;}.kadence-column28132_c6f612-c8{position:relative;}@media all and (max-width: 1024px){.kadence-column28132_c6f612-c8 > .kt-inside-inner-col{flex-direction:column;justify-content:center;}}@media all and (max-width: 767px){.kadence-column28132_c6f612-c8 > .kt-inside-inner-col{flex-direction:column;justify-content:center;}}<\/style>\n<div class=\"wp-block-kadence-column kadence-column28132_c6f612-c8\"><div class=\"kt-inside-inner-col\"><style>.wp-block-kadence-advancedbtn.kb-btns28132_b56fb6-11{gap:var(--global-kb-gap-xs, 0.5rem );justify-content:center;align-items:center;}.kt-btns28132_b56fb6-11 .kt-button{font-weight:normal;font-style:normal;}.kt-btns28132_b56fb6-11 .kt-btn-wrap-0{margin-right:5px;}.wp-block-kadence-advancedbtn.kt-btns28132_b56fb6-11 .kt-btn-wrap-0 .kt-button{color:#555555;border-color:#555555;}.wp-block-kadence-advancedbtn.kt-btns28132_b56fb6-11 .kt-btn-wrap-0 .kt-button:hover, .wp-block-kadence-advancedbtn.kt-btns28132_b56fb6-11 .kt-btn-wrap-0 .kt-button:focus{color:#ffffff;border-color:#444444;}.wp-block-kadence-advancedbtn.kt-btns28132_b56fb6-11 .kt-btn-wrap-0 .kt-button::before{display:none;}.wp-block-kadence-advancedbtn.kt-btns28132_b56fb6-11 .kt-btn-wrap-0 .kt-button:hover, .wp-block-kadence-advancedbtn.kt-btns28132_b56fb6-11 .kt-btn-wrap-0 .kt-button:focus{background:#444444;}<\/style>\n<div class=\"wp-block-kadence-advancedbtn kb-buttons-wrap kb-btns28132_b56fb6-11\"><style>ul.menu .wp-block-kadence-advancedbtn .kb-btn28132_18e20e-7a.kb-button{width:initial;}.wp-block-kadence-advancedbtn .kb-btn28132_18e20e-7a.kb-button{color:#000000;background:rgba(0,109,178,0.25);}<\/style><a class=\"kb-button kt-button button kb-btn28132_18e20e-7a kt-btn-size-standard kt-btn-width-type-auto kb-btn-global-fill kt-btn-has-text-true kt-btn-has-svg-false wp-block-kadence-singlebtn\" href=\"https:\/\/www.upjs.sk\/fakulta-verejnej-spravy\/teoriapraxvs\/\"><span class=\"kt-btn-inner-text\"><strong>\u00davod a registr\u00e1cia<\/strong><\/span><\/a>\n\n<style>ul.menu .wp-block-kadence-advancedbtn .kb-btn28132_9ab7eb-68.kb-button{width:initial;}.wp-block-kadence-advancedbtn .kb-btn28132_9ab7eb-68.kb-button{color:#000000;background:rgba(0,109,178,0.25);}<\/style><a class=\"kb-button kt-button button kb-btn28132_9ab7eb-68 kt-btn-size-standard kt-btn-width-type-auto kb-btn-global-fill kt-btn-has-text-true kt-btn-has-svg-false wp-block-kadence-singlebtn\" href=\"https:\/\/www.upjs.sk\/fakulta-verejnej-spravy\/teoriapraxvs\/teoriapraxvs-o-konferencii\"><span class=\"kt-btn-inner-text\"><strong>O konferencii<\/strong><\/span><\/a>\n\n<style>ul.menu .wp-block-kadence-advancedbtn .kb-btn28132_cc1961-8c.kb-button{width:initial;}.wp-block-kadence-advancedbtn .kb-btn28132_cc1961-8c.kb-button{color:#000000;background:rgba(0,109,178,0.25);}<\/style><a class=\"kb-button kt-button button kb-btn28132_cc1961-8c kt-btn-size-standard kt-btn-width-type-auto kb-btn-global-fill kt-btn-has-text-true kt-btn-has-svg-false wp-block-kadence-singlebtn\" href=\"https:\/\/www.upjs.sk\/fakulta-verejnej-spravy\/teoriapraxvs\/teoriapraxvs-terminy\/\"><span class=\"kt-btn-inner-text\"><strong>D\u00f4le\u017eit\u00e9 term\u00edny<\/strong><\/span><\/a>\n\n<style>ul.menu .wp-block-kadence-advancedbtn .kb-btn28132_61acad-b9.kb-button{width:initial;}.wp-block-kadence-advancedbtn .kb-btn28132_61acad-b9.kb-button{color:#000000;background:rgba(0,109,178,0.25);}<\/style><a class=\"kb-button kt-button button kb-btn28132_61acad-b9 kt-btn-size-standard kt-btn-width-type-auto kb-btn-global-fill kt-btn-has-text-true kt-btn-has-svg-false wp-block-kadence-singlebtn\" href=\"https:\/\/www.upjs.sk\/fakulta-verejnej-spravy\/teoriapraxvs\/teoriapraxvs-pokyny\"><span class=\"kt-btn-inner-text\"><strong>Pokyny pre \u00fa\u010dastn\u00edkov<\/strong><\/span><\/a>\n\n<style>ul.menu .wp-block-kadence-advancedbtn .kb-btn28132_5b1625-47.kb-button{width:initial;}.wp-block-kadence-advancedbtn .kb-btn28132_5b1625-47.kb-button{color:#000000;background:rgba(0,109,178,0.25);}<\/style><a class=\"kb-button kt-button button kb-btn28132_5b1625-47 kt-btn-size-standard kt-btn-width-type-auto kb-btn-global-fill kt-btn-has-text-true kt-btn-has-svg-false wp-block-kadence-singlebtn\" href=\"https:\/\/www.upjs.sk\/fakulta-verejnej-spravy\/teoriapraxvs\/teoriapraxvs-kontakty\"><span class=\"kt-btn-inner-text\"><strong>Kontakty<\/strong><\/span><\/a>\n\n<style>ul.menu .wp-block-kadence-advancedbtn .kb-btn28132_146787-f0.kb-button{width:initial;}.wp-block-kadence-advancedbtn .kb-btn28132_146787-f0.kb-button{color:#000000;background:rgba(0,109,178,0.25);}<\/style><a class=\"kb-button kt-button button kb-btn28132_146787-f0 kt-btn-size-standard kt-btn-width-type-auto kb-btn-global-fill kt-btn-has-text-true kt-btn-has-svg-false wp-block-kadence-singlebtn\" href=\"https:\/\/www.upjs.sk\/fakulta-verejnej-spravy\/teoriapraxvs\/teoriapraxvs-fotogaleria\"><span class=\"kt-btn-inner-text\"><strong>Fotogal\u00e9ria<\/strong><\/span><\/a><\/div>\n<\/div><\/div>\n\n\n<style>.kadence-column28132_ecf9d0-dd > .kt-inside-inner-col{padding-top:var(--global-kb-spacing-md, 2rem);padding-right:var(--global-kb-spacing-sm, 1.5rem);padding-bottom:var(--global-kb-spacing-md, 2rem);padding-left:var(--global-kb-spacing-sm, 1.5rem);}.kadence-column28132_ecf9d0-dd > .kt-inside-inner-col,.kadence-column28132_ecf9d0-dd > .kt-inside-inner-col:before{border-top-left-radius:0px;border-top-right-radius:0px;border-bottom-right-radius:0px;border-bottom-left-radius:0px;}.kadence-column28132_ecf9d0-dd > .kt-inside-inner-col{column-gap:var(--global-kb-gap-sm, 1rem);}.kadence-column28132_ecf9d0-dd > .kt-inside-inner-col{flex-direction:column;}.kadence-column28132_ecf9d0-dd > .kt-inside-inner-col > .aligncenter{width:100%;}.kadence-column28132_ecf9d0-dd > .kt-inside-inner-col{background-image:linear-gradient(135deg,rgba(0,187,255,0.1) 0%,rgba(0,55,255,0) 100%);}.kadence-column28132_ecf9d0-dd > .kt-inside-inner-col:before{opacity:0.3;}.kadence-column28132_ecf9d0-dd{position:relative;}.kadence-column28132_ecf9d0-dd, .kt-inside-inner-col > .kadence-column28132_ecf9d0-dd:not(.specificity){margin-top:0px;margin-bottom:var(--global-kb-spacing-md, 2rem);}@media all and (max-width: 1024px){.kadence-column28132_ecf9d0-dd > .kt-inside-inner-col{flex-direction:column;justify-content:center;}}@media all and (max-width: 767px){.kadence-column28132_ecf9d0-dd > .kt-inside-inner-col{flex-direction:column;justify-content:center;}}<\/style>\n<div class=\"wp-block-kadence-column kadence-column28132_ecf9d0-dd\"><div class=\"kt-inside-inner-col\">\n<p class=\"has-medium-font-size\"><strong>Organiza\u010dn\u00e9 pokyny ku konaniu online konferencie\/Organizational Guidelines for Conducting the Online Conference:<\/strong><\/p>\n\n\n\n<p>Medzin\u00e1rodn\u00e1 vedeck\u00e1 konferencia doktorandov Te\u00f3ria a prax verejnej spr\u00e1vy sa bude kona\u0165 online prostredn\u00edctvom platformy&nbsp;<strong>MS Teams<\/strong>.&nbsp;Ka\u017ed\u00e9mu zaregistrovan\u00e9mu \u00fa\u010dastn\u00edkovi, ktor\u00e9ho pr\u00edspevok bol akceptovan\u00fd, za\u0161le organiza\u010dn\u00fd v\u00fdbor e-mailov\u00fa pozv\u00e1nku, prostredn\u00edctvom ktorej sa na online konferenciu pripoj\u00ed. Bli\u017e\u0161ie inform\u00e1cie o prip\u00e1jan\u00ed za\u0161le organiza\u010dn\u00fd v\u00fdbor po uzavret\u00ed registr\u00e1cie.<\/p>\n\n\n\n<p>Na konferenci\u00ed sa vy\u017eaduje&nbsp;<strong>akt\u00edvna \u00fa\u010das\u0165<\/strong>. Neodprezentovan\u00e9 pr\u00edspevky nebud\u00fa publikovan\u00e9 v recenzovanom zborn\u00edku.<br><em><strong>\u200b<br>\u200b<\/strong><\/em>\u00da\u010das\u0165 na konferencii a publikovanie pr\u00edspevkov v recenzovanom zborn\u00edku je&nbsp;<strong>bezplatn\u00e9.<\/strong><\/p>\n\n\n\n<p><strong>Rozsah pr\u00edspevku je 6 &#8211; 10 s<\/strong><strong>tr\u00e1n.<\/strong><\/p>\n\n\n\n<p>Sk\u00fa\u0161ka spojenia sa uskuto\u010dn\u00ed najnesk\u00f4r dva dni pred za\u010diatkom konferencie.<\/p>\n\n\n\n<p><em>The International Scientific Conference for PhD Students titled &#8222;Theory and Practice of Public Administration&#8220; will take place online via the&nbsp;<strong>MS Teams platform<\/strong>. Each registered participant whose contribution has been accepted will receive an email invitation from the organizing committee to join the online conference. Further details on connecting will be provided by the organizing committee after the registration deadline.<br><br><strong>Active participation<\/strong>&nbsp;is required at the conference. Contributions that are not presented will not be published in the peer-reviewed proceedings.<br><br>Participation in the conference and the publication of contributions in the peer-reviewed proceedings are&nbsp;<strong>free of charge.<\/strong><\/em><\/p>\n\n\n\n<p><strong><em>Extent of contribution is 6 &#8211; 10 pages.<\/em><\/strong><\/p>\n\n\n\n<p><em>The connectivity test will take place no later than two days before the conference begins.<\/em><br><\/p>\n<\/div><\/div>\n\n\n<style>.wp-block-kadence-advancedbtn.kb-btns28132_03214d-d4{gap:var(--global-kb-gap-xs, 0.5rem );flex-direction:column;align-items:center;justify-content:center;}.kt-btns28132_03214d-d4 .kt-button{font-weight:normal;font-style:normal;}.kt-btns28132_03214d-d4 .kt-btn-wrap-0{margin-right:5px;}.wp-block-kadence-advancedbtn.kt-btns28132_03214d-d4 .kt-btn-wrap-0 .kt-button{color:#555555;border-color:#555555;}.wp-block-kadence-advancedbtn.kt-btns28132_03214d-d4 .kt-btn-wrap-0 .kt-button:hover, .wp-block-kadence-advancedbtn.kt-btns28132_03214d-d4 .kt-btn-wrap-0 .kt-button:focus{color:#ffffff;border-color:#444444;}.wp-block-kadence-advancedbtn.kt-btns28132_03214d-d4 .kt-btn-wrap-0 .kt-button::before{display:none;}.wp-block-kadence-advancedbtn.kt-btns28132_03214d-d4 .kt-btn-wrap-0 .kt-button:hover, .wp-block-kadence-advancedbtn.kt-btns28132_03214d-d4 .kt-btn-wrap-0 .kt-button:focus{background:#444444;}<\/style>\n<div class=\"wp-block-kadence-advancedbtn kb-buttons-wrap kb-btns28132_03214d-d4\"><style>ul.menu .wp-block-kadence-advancedbtn .kb-btn28132_18fe08-2b.kb-button{width:initial;}.wp-block-kadence-advancedbtn .kb-btn28132_18fe08-2b.kb-button{color:#000000;background:rgba(0,109,178,0.2);border-top-left-radius:10px;border-top-right-radius:10px;border-bottom-right-radius:10px;border-bottom-left-radius:10px;border-top:5px solid;border-right:5px solid;border-bottom:5px solid;border-left:5px solid;}.wp-block-kadence-advancedbtn .kb-btn28132_18fe08-2b.kb-button:hover, .wp-block-kadence-advancedbtn .kb-btn28132_18fe08-2b.kb-button:focus{color:#000000;background:#ffffff;border-top-left-radius:10px;border-top-right-radius:10px;border-bottom-right-radius:10px;border-bottom-left-radius:10px;border-top:5px solid;border-right:5px solid;border-bottom:5px solid;border-left:5px solid;}@media all and (max-width: 1024px){.wp-block-kadence-advancedbtn .kb-btn28132_18fe08-2b.kb-button{border-top:5px solid;border-right:5px solid;border-bottom:5px solid;border-left:5px solid;}}@media all and (max-width: 1024px){.wp-block-kadence-advancedbtn .kb-btn28132_18fe08-2b.kb-button:hover, .wp-block-kadence-advancedbtn .kb-btn28132_18fe08-2b.kb-button:focus{border-top:5px solid;border-right:5px solid;border-bottom:5px solid;border-left:5px solid;}}@media all and (max-width: 767px){.wp-block-kadence-advancedbtn .kb-btn28132_18fe08-2b.kb-button{border-top:5px solid;border-right:5px solid;border-bottom:5px solid;border-left:5px solid;}.wp-block-kadence-advancedbtn .kb-btn28132_18fe08-2b.kb-button:hover, .wp-block-kadence-advancedbtn .kb-btn28132_18fe08-2b.kb-button:focus{border-top:5px solid;border-right:5px solid;border-bottom:5px solid;border-left:5px solid;}}<\/style><a class=\"kb-button kt-button button kb-btn28132_18fe08-2b kt-btn-size-standard kt-btn-width-type-auto kb-btn-global-fill kt-btn-has-text-true kt-btn-has-svg-false wp-block-kadence-singlebtn\" href=\"https:\/\/www.upjs.sk\/app\/uploads\/sites\/12\/2025\/01\/sablona_prispevku_teoria_a_prax_vs_2024.docx\" target=\"_blank\" rel=\"noreferrer noopener\"><span class=\"kt-btn-inner-text\">Pokyny pre autorov \/<br>\u0160abl\u00f3na<\/span><\/a>\n\n<style>ul.menu .wp-block-kadence-advancedbtn .kb-btn28132_20d9c4-1f.kb-button{width:initial;}.wp-block-kadence-advancedbtn .kb-btn28132_20d9c4-1f.kb-button{color:#000000;background:rgba(0,109,178,0.2);border-top-left-radius:10px;border-top-right-radius:10px;border-bottom-right-radius:10px;border-bottom-left-radius:10px;border-top:5px solid;border-right:5px solid;border-bottom:5px solid;border-left:5px solid;}.wp-block-kadence-advancedbtn .kb-btn28132_20d9c4-1f.kb-button:hover, .wp-block-kadence-advancedbtn .kb-btn28132_20d9c4-1f.kb-button:focus{color:#000000;background:#ffffff;border-top-left-radius:10px;border-top-right-radius:10px;border-bottom-right-radius:10px;border-bottom-left-radius:10px;border-top:5px solid;border-right:5px solid;border-bottom:5px solid;border-left:5px solid;}@media all and (max-width: 1024px){.wp-block-kadence-advancedbtn .kb-btn28132_20d9c4-1f.kb-button{border-top:5px solid;border-right:5px solid;border-bottom:5px solid;border-left:5px solid;}}@media all and (max-width: 1024px){.wp-block-kadence-advancedbtn .kb-btn28132_20d9c4-1f.kb-button:hover, .wp-block-kadence-advancedbtn .kb-btn28132_20d9c4-1f.kb-button:focus{border-top:5px solid;border-right:5px solid;border-bottom:5px solid;border-left:5px solid;}}@media all and (max-width: 767px){.wp-block-kadence-advancedbtn .kb-btn28132_20d9c4-1f.kb-button{border-top:5px solid;border-right:5px solid;border-bottom:5px solid;border-left:5px solid;}.wp-block-kadence-advancedbtn .kb-btn28132_20d9c4-1f.kb-button:hover, .wp-block-kadence-advancedbtn .kb-btn28132_20d9c4-1f.kb-button:focus{border-top:5px solid;border-right:5px solid;border-bottom:5px solid;border-left:5px solid;}}<\/style><a class=\"kb-button kt-button button kb-btn28132_20d9c4-1f kt-btn-size-standard kt-btn-width-type-auto kb-btn-global-fill kt-btn-has-text-true kt-btn-has-svg-false wp-block-kadence-singlebtn\" href=\"https:\/\/www.upjs.sk\/app\/uploads\/sites\/12\/2025\/01\/template_en_-_teoria_a_prax_vs_2024.docx\" target=\"_blank\" rel=\"noreferrer noopener\"><span class=\"kt-btn-inner-text\">Instructions for contributors\/<br>\u200bTemplate<\/span><\/a><\/div>\n","protected":false},"excerpt":{"rendered":"<p>Organiza\u010dn\u00e9 pokyny ku konaniu online konferencie\/Organizational Guidelines for Conducting the Online Conference: Medzin\u00e1rodn\u00e1 vedeck\u00e1 konferencia doktorandov Te\u00f3ria a prax verejnej spr\u00e1vy sa bude kona\u0165 online prostredn\u00edctvom platformy&nbsp;MS Teams.&nbsp;Ka\u017ed\u00e9mu zaregistrovan\u00e9mu \u00fa\u010dastn\u00edkovi, ktor\u00e9ho pr\u00edspevok bol akceptovan\u00fd, za\u0161le organiza\u010dn\u00fd v\u00fdbor e-mailov\u00fa pozv\u00e1nku, prostredn\u00edctvom ktorej sa na online konferenciu pripoj\u00ed. Bli\u017e\u0161ie inform\u00e1cie o prip\u00e1jan\u00ed za\u0161le organiza\u010dn\u00fd v\u00fdbor po uzavret\u00ed &hellip; <a href=\"https:\/\/www.upjs.sk\/fakulta-verejnej-spravy\/teoriapraxvs\/teoriapraxvs-pokyny\/\">\u010c\u00edta\u0165 \u010falej<\/a><\/p>\n","protected":false},"author":20,"featured_media":0,"parent":14837,"menu_order":2,"comment_status":"closed","ping_status":"closed","template":"","meta":{"_acf_changed":false,"_editorskit_title_hidden":false,"_editorskit_reading_time":0,"_editorskit_is_block_options_detached":false,"_editorskit_block_options_position":"{}","footnotes":""},"categories":[],"tags":[],"class_list":["post-28132","page","type-page","status-publish","hentry"],"acf":{"acf_link_na_externy_obsah":""},"yoast_head":"<!-- This site is optimized with the Yoast SEO plugin v27.4 - https:\/\/yoast.com\/product\/yoast-seo-wordpress\/ -->\n<title>Pokyny pre \u00fa\u010dastn\u00edkov - Fakulta verejnej spr\u00e1vy | UPJ\u0160<\/title>\n<meta name=\"robots\" content=\"index, follow, max-snippet:-1, max-image-preview:large, max-video-preview:-1\" \/>\n<link rel=\"canonical\" href=\"https:\/\/www.upjs.sk\/fakulta-verejnej-spravy\/teoriapraxvs\/teoriapraxvs-pokyny\/\" \/>\n<meta property=\"og:locale\" content=\"sk_SK\" \/>\n<meta property=\"og:type\" content=\"article\" \/>\n<meta property=\"og:title\" content=\"Pokyny pre \u00fa\u010dastn\u00edkov - Fakulta verejnej spr\u00e1vy | UPJ\u0160\" \/>\n<meta property=\"og:description\" content=\"Organiza\u010dn\u00e9 pokyny ku konaniu online konferencie\/Organizational Guidelines for Conducting the Online Conference: Medzin\u00e1rodn\u00e1 vedeck\u00e1 konferencia doktorandov Te\u00f3ria a prax verejnej spr\u00e1vy sa bude kona\u0165 online prostredn\u00edctvom platformy&nbsp;MS Teams.&nbsp;Ka\u017ed\u00e9mu zaregistrovan\u00e9mu \u00fa\u010dastn\u00edkovi, ktor\u00e9ho pr\u00edspevok bol akceptovan\u00fd, za\u0161le organiza\u010dn\u00fd v\u00fdbor e-mailov\u00fa pozv\u00e1nku, prostredn\u00edctvom ktorej sa na online konferenciu pripoj\u00ed. Bli\u017e\u0161ie inform\u00e1cie o prip\u00e1jan\u00ed za\u0161le organiza\u010dn\u00fd v\u00fdbor po uzavret\u00ed &hellip; \u010c\u00edta\u0165 \u010falej\" \/>\n<meta property=\"og:url\" content=\"https:\/\/www.upjs.sk\/fakulta-verejnej-spravy\/teoriapraxvs\/teoriapraxvs-pokyny\/\" \/>\n<meta property=\"og:site_name\" content=\"Fakulta verejnej spr\u00e1vy | UPJ\u0160\" \/>\n<meta property=\"article:modified_time\" content=\"2025-11-25T16:33:14+00:00\" \/>\n<meta name=\"twitter:card\" content=\"summary_large_image\" \/>\n<meta name=\"twitter:label1\" content=\"Predpokladan\u00fd \u010das \u010d\u00edtania\" \/>\n\t<meta name=\"twitter:data1\" content=\"2 min\u00faty\" \/>\n<script type=\"application\/ld+json\" class=\"yoast-schema-graph\">{\"@context\":\"https:\\\/\\\/schema.org\",\"@graph\":[{\"@type\":\"WebPage\",\"@id\":\"https:\\\/\\\/www.upjs.sk\\\/fakulta-verejnej-spravy\\\/teoriapraxvs\\\/teoriapraxvs-pokyny\\\/\",\"url\":\"https:\\\/\\\/www.upjs.sk\\\/fakulta-verejnej-spravy\\\/teoriapraxvs\\\/teoriapraxvs-pokyny\\\/\",\"name\":\"Pokyny pre \u00fa\u010dastn\u00edkov - Fakulta verejnej spr\u00e1vy | UPJ\u0160\",\"isPartOf\":{\"@id\":\"https:\\\/\\\/www.upjs.sk\\\/fakulta-verejnej-spravy\\\/#website\"},\"datePublished\":\"2025-01-22T14:02:50+00:00\",\"dateModified\":\"2025-11-25T16:33:14+00:00\",\"breadcrumb\":{\"@id\":\"https:\\\/\\\/www.upjs.sk\\\/fakulta-verejnej-spravy\\\/teoriapraxvs\\\/teoriapraxvs-pokyny\\\/#breadcrumb\"},\"inLanguage\":\"sk-SK\",\"potentialAction\":[{\"@type\":\"ReadAction\",\"target\":[\"https:\\\/\\\/www.upjs.sk\\\/fakulta-verejnej-spravy\\\/teoriapraxvs\\\/teoriapraxvs-pokyny\\\/\"]}]},{\"@type\":\"BreadcrumbList\",\"@id\":\"https:\\\/\\\/www.upjs.sk\\\/fakulta-verejnej-spravy\\\/teoriapraxvs\\\/teoriapraxvs-pokyny\\\/#breadcrumb\",\"itemListElement\":[{\"@type\":\"ListItem\",\"position\":1,\"name\":\"Home\",\"item\":\"https:\\\/\\\/www.upjs.sk\\\/fakulta-verejnej-spravy\\\/\"},{\"@type\":\"ListItem\",\"position\":2,\"name\":\"Te\u00f3ria a prax verejnej spr\u00e1vy &#8211; medzin\u00e1rodn\u00e1 vedeck\u00e1 konferencia doktorandov\",\"item\":\"https:\\\/\\\/www.upjs.sk\\\/fakulta-verejnej-spravy\\\/teoriapraxvs\\\/\"},{\"@type\":\"ListItem\",\"position\":3,\"name\":\"Pokyny pre \u00fa\u010dastn\u00edkov\"}]},{\"@type\":\"WebSite\",\"@id\":\"https:\\\/\\\/www.upjs.sk\\\/fakulta-verejnej-spravy\\\/#website\",\"url\":\"https:\\\/\\\/www.upjs.sk\\\/fakulta-verejnej-spravy\\\/\",\"name\":\"Fakulta verejnej spr\u00e1vy | UPJ\u0160\",\"description\":\"\",\"publisher\":{\"@id\":\"https:\\\/\\\/www.upjs.sk\\\/fakulta-verejnej-spravy\\\/#organization\"},\"potentialAction\":[{\"@type\":\"SearchAction\",\"target\":{\"@type\":\"EntryPoint\",\"urlTemplate\":\"https:\\\/\\\/www.upjs.sk\\\/fakulta-verejnej-spravy\\\/?s={search_term_string}\"},\"query-input\":{\"@type\":\"PropertyValueSpecification\",\"valueRequired\":true,\"valueName\":\"search_term_string\"}}],\"inLanguage\":\"sk-SK\"},{\"@type\":\"Organization\",\"@id\":\"https:\\\/\\\/www.upjs.sk\\\/fakulta-verejnej-spravy\\\/#organization\",\"name\":\"Fakulta verejnej spr\u00e1vy | UPJ\u0160\",\"url\":\"https:\\\/\\\/www.upjs.sk\\\/fakulta-verejnej-spravy\\\/\",\"logo\":{\"@type\":\"ImageObject\",\"inLanguage\":\"sk-SK\",\"@id\":\"https:\\\/\\\/www.upjs.sk\\\/fakulta-verejnej-spravy\\\/#\\\/schema\\\/logo\\\/image\\\/\",\"url\":\"https:\\\/\\\/www.upjs.sk\\\/app\\\/uploads\\\/sites\\\/12\\\/2022\\\/09\\\/logo-verejnej-spravy-fakulta.png\",\"contentUrl\":\"https:\\\/\\\/www.upjs.sk\\\/app\\\/uploads\\\/sites\\\/12\\\/2022\\\/09\\\/logo-verejnej-spravy-fakulta.png\",\"width\":415,\"height\":87,\"caption\":\"Fakulta verejnej spr\u00e1vy | UPJ\u0160\"},\"image\":{\"@id\":\"https:\\\/\\\/www.upjs.sk\\\/fakulta-verejnej-spravy\\\/#\\\/schema\\\/logo\\\/image\\\/\"}}]}<\/script>\n<!-- \/ Yoast SEO plugin. -->","yoast_head_json":{"title":"Pokyny pre \u00fa\u010dastn\u00edkov - Fakulta verejnej spr\u00e1vy | UPJ\u0160","robots":{"index":"index","follow":"follow","max-snippet":"max-snippet:-1","max-image-preview":"max-image-preview:large","max-video-preview":"max-video-preview:-1"},"canonical":"https:\/\/www.upjs.sk\/fakulta-verejnej-spravy\/teoriapraxvs\/teoriapraxvs-pokyny\/","og_locale":"sk_SK","og_type":"article","og_title":"Pokyny pre \u00fa\u010dastn\u00edkov - Fakulta verejnej spr\u00e1vy | UPJ\u0160","og_description":"Organiza\u010dn\u00e9 pokyny ku konaniu online konferencie\/Organizational Guidelines for Conducting the Online Conference: Medzin\u00e1rodn\u00e1 vedeck\u00e1 konferencia doktorandov Te\u00f3ria a prax verejnej spr\u00e1vy sa bude kona\u0165 online prostredn\u00edctvom platformy&nbsp;MS Teams.&nbsp;Ka\u017ed\u00e9mu zaregistrovan\u00e9mu \u00fa\u010dastn\u00edkovi, ktor\u00e9ho pr\u00edspevok bol akceptovan\u00fd, za\u0161le organiza\u010dn\u00fd v\u00fdbor e-mailov\u00fa pozv\u00e1nku, prostredn\u00edctvom ktorej sa na online konferenciu pripoj\u00ed. Bli\u017e\u0161ie inform\u00e1cie o prip\u00e1jan\u00ed za\u0161le organiza\u010dn\u00fd v\u00fdbor po uzavret\u00ed &hellip; \u010c\u00edta\u0165 \u010falej","og_url":"https:\/\/www.upjs.sk\/fakulta-verejnej-spravy\/teoriapraxvs\/teoriapraxvs-pokyny\/","og_site_name":"Fakulta verejnej spr\u00e1vy | UPJ\u0160","article_modified_time":"2025-11-25T16:33:14+00:00","twitter_card":"summary_large_image","twitter_misc":{"Predpokladan\u00fd \u010das \u010d\u00edtania":"2 min\u00faty"},"schema":{"@context":"https:\/\/schema.org","@graph":[{"@type":"WebPage","@id":"https:\/\/www.upjs.sk\/fakulta-verejnej-spravy\/teoriapraxvs\/teoriapraxvs-pokyny\/","url":"https:\/\/www.upjs.sk\/fakulta-verejnej-spravy\/teoriapraxvs\/teoriapraxvs-pokyny\/","name":"Pokyny pre \u00fa\u010dastn\u00edkov - Fakulta verejnej spr\u00e1vy | UPJ\u0160","isPartOf":{"@id":"https:\/\/www.upjs.sk\/fakulta-verejnej-spravy\/#website"},"datePublished":"2025-01-22T14:02:50+00:00","dateModified":"2025-11-25T16:33:14+00:00","breadcrumb":{"@id":"https:\/\/www.upjs.sk\/fakulta-verejnej-spravy\/teoriapraxvs\/teoriapraxvs-pokyny\/#breadcrumb"},"inLanguage":"sk-SK","potentialAction":[{"@type":"ReadAction","target":["https:\/\/www.upjs.sk\/fakulta-verejnej-spravy\/teoriapraxvs\/teoriapraxvs-pokyny\/"]}]},{"@type":"BreadcrumbList","@id":"https:\/\/www.upjs.sk\/fakulta-verejnej-spravy\/teoriapraxvs\/teoriapraxvs-pokyny\/#breadcrumb","itemListElement":[{"@type":"ListItem","position":1,"name":"Home","item":"https:\/\/www.upjs.sk\/fakulta-verejnej-spravy\/"},{"@type":"ListItem","position":2,"name":"Te\u00f3ria a prax verejnej spr\u00e1vy &#8211; medzin\u00e1rodn\u00e1 vedeck\u00e1 konferencia doktorandov","item":"https:\/\/www.upjs.sk\/fakulta-verejnej-spravy\/teoriapraxvs\/"},{"@type":"ListItem","position":3,"name":"Pokyny pre \u00fa\u010dastn\u00edkov"}]},{"@type":"WebSite","@id":"https:\/\/www.upjs.sk\/fakulta-verejnej-spravy\/#website","url":"https:\/\/www.upjs.sk\/fakulta-verejnej-spravy\/","name":"Fakulta verejnej spr\u00e1vy | UPJ\u0160","description":"","publisher":{"@id":"https:\/\/www.upjs.sk\/fakulta-verejnej-spravy\/#organization"},"potentialAction":[{"@type":"SearchAction","target":{"@type":"EntryPoint","urlTemplate":"https:\/\/www.upjs.sk\/fakulta-verejnej-spravy\/?s={search_term_string}"},"query-input":{"@type":"PropertyValueSpecification","valueRequired":true,"valueName":"search_term_string"}}],"inLanguage":"sk-SK"},{"@type":"Organization","@id":"https:\/\/www.upjs.sk\/fakulta-verejnej-spravy\/#organization","name":"Fakulta verejnej spr\u00e1vy | UPJ\u0160","url":"https:\/\/www.upjs.sk\/fakulta-verejnej-spravy\/","logo":{"@type":"ImageObject","inLanguage":"sk-SK","@id":"https:\/\/www.upjs.sk\/fakulta-verejnej-spravy\/#\/schema\/logo\/image\/","url":"https:\/\/www.upjs.sk\/app\/uploads\/sites\/12\/2022\/09\/logo-verejnej-spravy-fakulta.png","contentUrl":"https:\/\/www.upjs.sk\/app\/uploads\/sites\/12\/2022\/09\/logo-verejnej-spravy-fakulta.png","width":415,"height":87,"caption":"Fakulta verejnej spr\u00e1vy | UPJ\u0160"},"image":{"@id":"https:\/\/www.upjs.sk\/fakulta-verejnej-spravy\/#\/schema\/logo\/image\/"}}]}},"_links":{"self":[{"href":"https:\/\/www.upjs.sk\/fakulta-verejnej-spravy\/wp-json\/wp\/v2\/pages\/28132","targetHints":{"allow":["GET"]}}],"collection":[{"href":"https:\/\/www.upjs.sk\/fakulta-verejnej-spravy\/wp-json\/wp\/v2\/pages"}],"about":[{"href":"https:\/\/www.upjs.sk\/fakulta-verejnej-spravy\/wp-json\/wp\/v2\/types\/page"}],"author":[{"embeddable":true,"href":"https:\/\/www.upjs.sk\/fakulta-verejnej-spravy\/wp-json\/wp\/v2\/users\/20"}],"replies":[{"embeddable":true,"href":"https:\/\/www.upjs.sk\/fakulta-verejnej-spravy\/wp-json\/wp\/v2\/comments?post=28132"}],"version-history":[{"count":10,"href":"https:\/\/www.upjs.sk\/fakulta-verejnej-spravy\/wp-json\/wp\/v2\/pages\/28132\/revisions"}],"predecessor-version":[{"id":29996,"href":"https:\/\/www.upjs.sk\/fakulta-verejnej-spravy\/wp-json\/wp\/v2\/pages\/28132\/revisions\/29996"}],"up":[{"embeddable":true,"href":"https:\/\/www.upjs.sk\/fakulta-verejnej-spravy\/wp-json\/wp\/v2\/pages\/14837"}],"wp:attachment":[{"href":"https:\/\/www.upjs.sk\/fakulta-verejnej-spravy\/wp-json\/wp\/v2\/media?parent=28132"}],"wp:term":[{"taxonomy":"category","embeddable":true,"href":"https:\/\/www.upjs.sk\/fakulta-verejnej-spravy\/wp-json\/wp\/v2\/categories?post=28132"},{"taxonomy":"post_tag","embeddable":true,"href":"https:\/\/www.upjs.sk\/fakulta-verejnej-spravy\/wp-json\/wp\/v2\/tags?post=28132"}],"curies":[{"name":"wp","href":"https:\/\/api.w.org\/{rel}","templated":true}]}}