{"id":28134,"date":"2025-01-22T15:15:55","date_gmt":"2025-01-22T14:15:55","guid":{"rendered":"https:\/\/www.upjs.sk\/fakulta-verejnej-spravy\/?page_id=28134"},"modified":"2025-11-25T17:32:27","modified_gmt":"2025-11-25T16:32:27","slug":"teoriapraxvs-kontakty","status":"publish","type":"page","link":"https:\/\/www.upjs.sk\/fakulta-verejnej-spravy\/teoriapraxvs\/teoriapraxvs-kontakty\/","title":{"rendered":"Kontakty"},"content":{"rendered":"<style>.kadence-column28134_fbb9e1-fd > .kt-inside-inner-col,.kadence-column28134_fbb9e1-fd > .kt-inside-inner-col:before{border-top-left-radius:0px;border-top-right-radius:0px;border-bottom-right-radius:0px;border-bottom-left-radius:0px;}.kadence-column28134_fbb9e1-fd > .kt-inside-inner-col{column-gap:var(--global-kb-gap-sm, 1rem);}.kadence-column28134_fbb9e1-fd > .kt-inside-inner-col{flex-direction:column;}.kadence-column28134_fbb9e1-fd > .kt-inside-inner-col > .aligncenter{width:100%;}.kadence-column28134_fbb9e1-fd > .kt-inside-inner-col:before{opacity:0.3;}.kadence-column28134_fbb9e1-fd{position:relative;}@media all and (max-width: 1024px){.kadence-column28134_fbb9e1-fd > .kt-inside-inner-col{flex-direction:column;justify-content:center;}}@media all and (max-width: 767px){.kadence-column28134_fbb9e1-fd > .kt-inside-inner-col{flex-direction:column;justify-content:center;}}<\/style>\n<div class=\"wp-block-kadence-column kadence-column28134_fbb9e1-fd\"><div class=\"kt-inside-inner-col\"><style>.wp-block-kadence-advancedbtn.kb-btns28134_fff7d8-91{gap:var(--global-kb-gap-xs, 0.5rem );justify-content:center;align-items:center;}.kt-btns28134_fff7d8-91 .kt-button{font-weight:normal;font-style:normal;}.kt-btns28134_fff7d8-91 .kt-btn-wrap-0{margin-right:5px;}.wp-block-kadence-advancedbtn.kt-btns28134_fff7d8-91 .kt-btn-wrap-0 .kt-button{color:#555555;border-color:#555555;}.wp-block-kadence-advancedbtn.kt-btns28134_fff7d8-91 .kt-btn-wrap-0 .kt-button:hover, .wp-block-kadence-advancedbtn.kt-btns28134_fff7d8-91 .kt-btn-wrap-0 .kt-button:focus{color:#ffffff;border-color:#444444;}.wp-block-kadence-advancedbtn.kt-btns28134_fff7d8-91 .kt-btn-wrap-0 .kt-button::before{display:none;}.wp-block-kadence-advancedbtn.kt-btns28134_fff7d8-91 .kt-btn-wrap-0 .kt-button:hover, .wp-block-kadence-advancedbtn.kt-btns28134_fff7d8-91 .kt-btn-wrap-0 .kt-button:focus{background:#444444;}<\/style>\n<div class=\"wp-block-kadence-advancedbtn kb-buttons-wrap kb-btns28134_fff7d8-91\"><style>ul.menu .wp-block-kadence-advancedbtn .kb-btn28134_27140d-a7.kb-button{width:initial;}.wp-block-kadence-advancedbtn .kb-btn28134_27140d-a7.kb-button{color:#000000;background:rgba(0,109,178,0.25);}<\/style><a class=\"kb-button kt-button button kb-btn28134_27140d-a7 kt-btn-size-standard kt-btn-width-type-auto kb-btn-global-fill kt-btn-has-text-true kt-btn-has-svg-false wp-block-kadence-singlebtn\" href=\"https:\/\/www.upjs.sk\/fakulta-verejnej-spravy\/teoriapraxvs\/\"><span class=\"kt-btn-inner-text\"><strong>\u00davod a registr\u00e1cia<\/strong><\/span><\/a>\n\n<style>ul.menu .wp-block-kadence-advancedbtn .kb-btn28134_2b3c6e-64.kb-button{width:initial;}.wp-block-kadence-advancedbtn .kb-btn28134_2b3c6e-64.kb-button{color:#000000;background:rgba(0,109,178,0.25);}<\/style><a class=\"kb-button kt-button button kb-btn28134_2b3c6e-64 kt-btn-size-standard kt-btn-width-type-auto kb-btn-global-fill kt-btn-has-text-true kt-btn-has-svg-false wp-block-kadence-singlebtn\" href=\"https:\/\/www.upjs.sk\/fakulta-verejnej-spravy\/teoriapraxvs\/teoriapraxvs-o-konferencii\"><span class=\"kt-btn-inner-text\"><strong>O konferencii<\/strong><\/span><\/a>\n\n<style>ul.menu .wp-block-kadence-advancedbtn .kb-btn28134_b05f15-e1.kb-button{width:initial;}.wp-block-kadence-advancedbtn .kb-btn28134_b05f15-e1.kb-button{color:#000000;background:rgba(0,109,178,0.25);}<\/style><a class=\"kb-button kt-button button kb-btn28134_b05f15-e1 kt-btn-size-standard kt-btn-width-type-auto kb-btn-global-fill kt-btn-has-text-true kt-btn-has-svg-false wp-block-kadence-singlebtn\" href=\"https:\/\/www.upjs.sk\/fakulta-verejnej-spravy\/teoriapraxvs\/teoriapraxvs-terminy\/\"><span class=\"kt-btn-inner-text\"><strong>D\u00f4le\u017eit\u00e9 term\u00edny<\/strong><\/span><\/a>\n\n<style>ul.menu .wp-block-kadence-advancedbtn .kb-btn28134_e27f98-73.kb-button{width:initial;}.wp-block-kadence-advancedbtn .kb-btn28134_e27f98-73.kb-button{color:#000000;background:rgba(0,109,178,0.25);}<\/style><a class=\"kb-button kt-button button kb-btn28134_e27f98-73 kt-btn-size-standard kt-btn-width-type-auto kb-btn-global-fill kt-btn-has-text-true kt-btn-has-svg-false wp-block-kadence-singlebtn\" href=\"https:\/\/www.upjs.sk\/fakulta-verejnej-spravy\/teoriapraxvs\/teoriapraxvs-pokyny\"><span class=\"kt-btn-inner-text\"><strong>Pokyny pre \u00fa\u010dastn\u00edkov<\/strong><\/span><\/a>\n\n<style>ul.menu .wp-block-kadence-advancedbtn .kb-btn28134_3f4f7a-36.kb-button{width:initial;}.wp-block-kadence-advancedbtn .kb-btn28134_3f4f7a-36.kb-button{color:#000000;background:rgba(0,109,178,0.25);}<\/style><a class=\"kb-button kt-button button kb-btn28134_3f4f7a-36 kt-btn-size-standard kt-btn-width-type-auto kb-btn-global-fill kt-btn-has-text-true kt-btn-has-svg-false wp-block-kadence-singlebtn\" href=\"https:\/\/www.upjs.sk\/fakulta-verejnej-spravy\/teoriapraxvs\/teoriapraxvs-kontakty\"><span class=\"kt-btn-inner-text\"><strong>Kontakty<\/strong><\/span><\/a>\n\n<style>ul.menu .wp-block-kadence-advancedbtn .kb-btn28134_1f9a83-04.kb-button{width:initial;}.wp-block-kadence-advancedbtn .kb-btn28134_1f9a83-04.kb-button{color:#000000;background:rgba(0,109,178,0.25);}<\/style><a class=\"kb-button kt-button button kb-btn28134_1f9a83-04 kt-btn-size-standard kt-btn-width-type-auto kb-btn-global-fill kt-btn-has-text-true kt-btn-has-svg-false wp-block-kadence-singlebtn\" href=\"https:\/\/www.upjs.sk\/fakulta-verejnej-spravy\/teoriapraxvs\/teoriapraxvs-fotogaleria\"><span class=\"kt-btn-inner-text\"><strong>Fotogal\u00e9ria<\/strong><\/span><\/a><\/div>\n<\/div><\/div>\n\n\n<style>.kadence-column28134_0a60f4-68 > .kt-inside-inner-col{padding-top:var(--global-kb-spacing-md, 2rem);padding-right:var(--global-kb-spacing-sm, 1.5rem);padding-bottom:var(--global-kb-spacing-md, 2rem);padding-left:var(--global-kb-spacing-sm, 1.5rem);}.kadence-column28134_0a60f4-68 > .kt-inside-inner-col,.kadence-column28134_0a60f4-68 > .kt-inside-inner-col:before{border-top-left-radius:0px;border-top-right-radius:0px;border-bottom-right-radius:0px;border-bottom-left-radius:0px;}.kadence-column28134_0a60f4-68 > .kt-inside-inner-col{column-gap:var(--global-kb-gap-sm, 1rem);}.kadence-column28134_0a60f4-68 > .kt-inside-inner-col{flex-direction:column;}.kadence-column28134_0a60f4-68 > .kt-inside-inner-col > .aligncenter{width:100%;}.kadence-column28134_0a60f4-68 > .kt-inside-inner-col{background-image:linear-gradient(135deg,rgba(0,187,255,0.1) 0%,rgba(0,55,255,0) 100%);}.kadence-column28134_0a60f4-68 > .kt-inside-inner-col:before{opacity:0.3;}.kadence-column28134_0a60f4-68{position:relative;}.kadence-column28134_0a60f4-68, .kt-inside-inner-col > .kadence-column28134_0a60f4-68:not(.specificity){margin-top:0px;margin-bottom:var(--global-kb-spacing-md, 2rem);}@media all and (max-width: 1024px){.kadence-column28134_0a60f4-68 > .kt-inside-inner-col{flex-direction:column;justify-content:center;}}@media all and (max-width: 767px){.kadence-column28134_0a60f4-68 > .kt-inside-inner-col{flex-direction:column;justify-content:center;}}<\/style>\n<div class=\"wp-block-kadence-column kadence-column28134_0a60f4-68\"><div class=\"kt-inside-inner-col\">\n<p><strong>E-mail pre komunik\u00e1ciu s \u010dlenmi organiza\u010dn\u00e9ho v\u00fdboru:<\/strong><br>fvs-phdconf@upjs.sk<\/p>\n\n\n\n<p><strong>Po\u0161tov\u00e1 adresa organiz\u00e1tora konferencie:<\/strong><br>Fakulta verejnej spr\u00e1vy UPJ\u0160 v Ko\u0161iciach<br>P.O.Box C-2<br>041 32 Ko\u0161ice<\/p>\n\n\n\n<p><strong>\u200bAdresa s\u00eddla organiz\u00e1tora konferencie:<\/strong><br>Fakulta verejnej spr\u00e1vy UPJ\u0160 v Ko\u0161iciach<br>Popradsk\u00e1 66<br>040 11 Ko\u0161ice<\/p>\n<\/div><\/div>\n","protected":false},"excerpt":{"rendered":"<p>E-mail pre komunik\u00e1ciu s \u010dlenmi organiza\u010dn\u00e9ho v\u00fdboru:fvs-phdconf@upjs.sk Po\u0161tov\u00e1 adresa organiz\u00e1tora konferencie:Fakulta verejnej spr\u00e1vy UPJ\u0160 v Ko\u0161iciachP.O.Box C-2041 32 Ko\u0161ice \u200bAdresa s\u00eddla organiz\u00e1tora konferencie:Fakulta verejnej spr\u00e1vy UPJ\u0160 v Ko\u0161iciachPopradsk\u00e1 66040 11 Ko\u0161ice<\/p>\n","protected":false},"author":20,"featured_media":0,"parent":14837,"menu_order":3,"comment_status":"closed","ping_status":"closed","template":"","meta":{"_acf_changed":false,"_editorskit_title_hidden":false,"_editorskit_reading_time":0,"_editorskit_is_block_options_detached":false,"_editorskit_block_options_position":"{}","footnotes":""},"categories":[],"tags":[],"class_list":["post-28134","page","type-page","status-publish","hentry"],"acf":{"acf_link_na_externy_obsah":""},"yoast_head":"<!-- This site is optimized with the Yoast SEO plugin v27.4 - https:\/\/yoast.com\/product\/yoast-seo-wordpress\/ -->\n<title>Kontakty - Fakulta verejnej spr\u00e1vy | UPJ\u0160<\/title>\n<meta name=\"robots\" content=\"index, follow, max-snippet:-1, max-image-preview:large, max-video-preview:-1\" \/>\n<link rel=\"canonical\" href=\"https:\/\/www.upjs.sk\/fakulta-verejnej-spravy\/teoriapraxvs\/teoriapraxvs-kontakty\/\" \/>\n<meta property=\"og:locale\" content=\"sk_SK\" \/>\n<meta property=\"og:type\" content=\"article\" \/>\n<meta property=\"og:title\" content=\"Kontakty - Fakulta verejnej spr\u00e1vy | UPJ\u0160\" \/>\n<meta property=\"og:description\" content=\"E-mail pre komunik\u00e1ciu s \u010dlenmi organiza\u010dn\u00e9ho v\u00fdboru:fvs-phdconf@upjs.sk Po\u0161tov\u00e1 adresa organiz\u00e1tora konferencie:Fakulta verejnej spr\u00e1vy UPJ\u0160 v Ko\u0161iciachP.O.Box C-2041 32 Ko\u0161ice \u200bAdresa s\u00eddla organiz\u00e1tora konferencie:Fakulta verejnej spr\u00e1vy UPJ\u0160 v Ko\u0161iciachPopradsk\u00e1 66040 11 Ko\u0161ice\" \/>\n<meta property=\"og:url\" content=\"https:\/\/www.upjs.sk\/fakulta-verejnej-spravy\/teoriapraxvs\/teoriapraxvs-kontakty\/\" \/>\n<meta property=\"og:site_name\" content=\"Fakulta verejnej spr\u00e1vy | UPJ\u0160\" \/>\n<meta property=\"article:modified_time\" content=\"2025-11-25T16:32:27+00:00\" \/>\n<meta name=\"twitter:card\" content=\"summary_large_image\" \/>\n<meta name=\"twitter:label1\" content=\"Predpokladan\u00fd \u010das \u010d\u00edtania\" \/>\n\t<meta name=\"twitter:data1\" content=\"1 min\u00fata\" \/>\n<script type=\"application\/ld+json\" class=\"yoast-schema-graph\">{\"@context\":\"https:\\\/\\\/schema.org\",\"@graph\":[{\"@type\":\"WebPage\",\"@id\":\"https:\\\/\\\/www.upjs.sk\\\/fakulta-verejnej-spravy\\\/teoriapraxvs\\\/teoriapraxvs-kontakty\\\/\",\"url\":\"https:\\\/\\\/www.upjs.sk\\\/fakulta-verejnej-spravy\\\/teoriapraxvs\\\/teoriapraxvs-kontakty\\\/\",\"name\":\"Kontakty - Fakulta verejnej spr\u00e1vy | UPJ\u0160\",\"isPartOf\":{\"@id\":\"https:\\\/\\\/www.upjs.sk\\\/fakulta-verejnej-spravy\\\/#website\"},\"datePublished\":\"2025-01-22T14:15:55+00:00\",\"dateModified\":\"2025-11-25T16:32:27+00:00\",\"breadcrumb\":{\"@id\":\"https:\\\/\\\/www.upjs.sk\\\/fakulta-verejnej-spravy\\\/teoriapraxvs\\\/teoriapraxvs-kontakty\\\/#breadcrumb\"},\"inLanguage\":\"sk-SK\",\"potentialAction\":[{\"@type\":\"ReadAction\",\"target\":[\"https:\\\/\\\/www.upjs.sk\\\/fakulta-verejnej-spravy\\\/teoriapraxvs\\\/teoriapraxvs-kontakty\\\/\"]}]},{\"@type\":\"BreadcrumbList\",\"@id\":\"https:\\\/\\\/www.upjs.sk\\\/fakulta-verejnej-spravy\\\/teoriapraxvs\\\/teoriapraxvs-kontakty\\\/#breadcrumb\",\"itemListElement\":[{\"@type\":\"ListItem\",\"position\":1,\"name\":\"Home\",\"item\":\"https:\\\/\\\/www.upjs.sk\\\/fakulta-verejnej-spravy\\\/\"},{\"@type\":\"ListItem\",\"position\":2,\"name\":\"Te\u00f3ria a prax verejnej spr\u00e1vy &#8211; medzin\u00e1rodn\u00e1 vedeck\u00e1 konferencia doktorandov\",\"item\":\"https:\\\/\\\/www.upjs.sk\\\/fakulta-verejnej-spravy\\\/teoriapraxvs\\\/\"},{\"@type\":\"ListItem\",\"position\":3,\"name\":\"Kontakty\"}]},{\"@type\":\"WebSite\",\"@id\":\"https:\\\/\\\/www.upjs.sk\\\/fakulta-verejnej-spravy\\\/#website\",\"url\":\"https:\\\/\\\/www.upjs.sk\\\/fakulta-verejnej-spravy\\\/\",\"name\":\"Fakulta verejnej spr\u00e1vy | UPJ\u0160\",\"description\":\"\",\"publisher\":{\"@id\":\"https:\\\/\\\/www.upjs.sk\\\/fakulta-verejnej-spravy\\\/#organization\"},\"potentialAction\":[{\"@type\":\"SearchAction\",\"target\":{\"@type\":\"EntryPoint\",\"urlTemplate\":\"https:\\\/\\\/www.upjs.sk\\\/fakulta-verejnej-spravy\\\/?s={search_term_string}\"},\"query-input\":{\"@type\":\"PropertyValueSpecification\",\"valueRequired\":true,\"valueName\":\"search_term_string\"}}],\"inLanguage\":\"sk-SK\"},{\"@type\":\"Organization\",\"@id\":\"https:\\\/\\\/www.upjs.sk\\\/fakulta-verejnej-spravy\\\/#organization\",\"name\":\"Fakulta verejnej spr\u00e1vy | UPJ\u0160\",\"url\":\"https:\\\/\\\/www.upjs.sk\\\/fakulta-verejnej-spravy\\\/\",\"logo\":{\"@type\":\"ImageObject\",\"inLanguage\":\"sk-SK\",\"@id\":\"https:\\\/\\\/www.upjs.sk\\\/fakulta-verejnej-spravy\\\/#\\\/schema\\\/logo\\\/image\\\/\",\"url\":\"https:\\\/\\\/www.upjs.sk\\\/app\\\/uploads\\\/sites\\\/12\\\/2022\\\/09\\\/logo-verejnej-spravy-fakulta.png\",\"contentUrl\":\"https:\\\/\\\/www.upjs.sk\\\/app\\\/uploads\\\/sites\\\/12\\\/2022\\\/09\\\/logo-verejnej-spravy-fakulta.png\",\"width\":415,\"height\":87,\"caption\":\"Fakulta verejnej spr\u00e1vy | UPJ\u0160\"},\"image\":{\"@id\":\"https:\\\/\\\/www.upjs.sk\\\/fakulta-verejnej-spravy\\\/#\\\/schema\\\/logo\\\/image\\\/\"}}]}<\/script>\n<!-- \/ Yoast SEO plugin. -->","yoast_head_json":{"title":"Kontakty - Fakulta verejnej spr\u00e1vy | UPJ\u0160","robots":{"index":"index","follow":"follow","max-snippet":"max-snippet:-1","max-image-preview":"max-image-preview:large","max-video-preview":"max-video-preview:-1"},"canonical":"https:\/\/www.upjs.sk\/fakulta-verejnej-spravy\/teoriapraxvs\/teoriapraxvs-kontakty\/","og_locale":"sk_SK","og_type":"article","og_title":"Kontakty - Fakulta verejnej spr\u00e1vy | UPJ\u0160","og_description":"E-mail pre komunik\u00e1ciu s \u010dlenmi organiza\u010dn\u00e9ho v\u00fdboru:fvs-phdconf@upjs.sk Po\u0161tov\u00e1 adresa organiz\u00e1tora konferencie:Fakulta verejnej spr\u00e1vy UPJ\u0160 v Ko\u0161iciachP.O.Box C-2041 32 Ko\u0161ice \u200bAdresa s\u00eddla organiz\u00e1tora konferencie:Fakulta verejnej spr\u00e1vy UPJ\u0160 v Ko\u0161iciachPopradsk\u00e1 66040 11 Ko\u0161ice","og_url":"https:\/\/www.upjs.sk\/fakulta-verejnej-spravy\/teoriapraxvs\/teoriapraxvs-kontakty\/","og_site_name":"Fakulta verejnej spr\u00e1vy | UPJ\u0160","article_modified_time":"2025-11-25T16:32:27+00:00","twitter_card":"summary_large_image","twitter_misc":{"Predpokladan\u00fd \u010das \u010d\u00edtania":"1 min\u00fata"},"schema":{"@context":"https:\/\/schema.org","@graph":[{"@type":"WebPage","@id":"https:\/\/www.upjs.sk\/fakulta-verejnej-spravy\/teoriapraxvs\/teoriapraxvs-kontakty\/","url":"https:\/\/www.upjs.sk\/fakulta-verejnej-spravy\/teoriapraxvs\/teoriapraxvs-kontakty\/","name":"Kontakty - Fakulta verejnej spr\u00e1vy | UPJ\u0160","isPartOf":{"@id":"https:\/\/www.upjs.sk\/fakulta-verejnej-spravy\/#website"},"datePublished":"2025-01-22T14:15:55+00:00","dateModified":"2025-11-25T16:32:27+00:00","breadcrumb":{"@id":"https:\/\/www.upjs.sk\/fakulta-verejnej-spravy\/teoriapraxvs\/teoriapraxvs-kontakty\/#breadcrumb"},"inLanguage":"sk-SK","potentialAction":[{"@type":"ReadAction","target":["https:\/\/www.upjs.sk\/fakulta-verejnej-spravy\/teoriapraxvs\/teoriapraxvs-kontakty\/"]}]},{"@type":"BreadcrumbList","@id":"https:\/\/www.upjs.sk\/fakulta-verejnej-spravy\/teoriapraxvs\/teoriapraxvs-kontakty\/#breadcrumb","itemListElement":[{"@type":"ListItem","position":1,"name":"Home","item":"https:\/\/www.upjs.sk\/fakulta-verejnej-spravy\/"},{"@type":"ListItem","position":2,"name":"Te\u00f3ria a prax verejnej spr\u00e1vy &#8211; medzin\u00e1rodn\u00e1 vedeck\u00e1 konferencia doktorandov","item":"https:\/\/www.upjs.sk\/fakulta-verejnej-spravy\/teoriapraxvs\/"},{"@type":"ListItem","position":3,"name":"Kontakty"}]},{"@type":"WebSite","@id":"https:\/\/www.upjs.sk\/fakulta-verejnej-spravy\/#website","url":"https:\/\/www.upjs.sk\/fakulta-verejnej-spravy\/","name":"Fakulta verejnej spr\u00e1vy | UPJ\u0160","description":"","publisher":{"@id":"https:\/\/www.upjs.sk\/fakulta-verejnej-spravy\/#organization"},"potentialAction":[{"@type":"SearchAction","target":{"@type":"EntryPoint","urlTemplate":"https:\/\/www.upjs.sk\/fakulta-verejnej-spravy\/?s={search_term_string}"},"query-input":{"@type":"PropertyValueSpecification","valueRequired":true,"valueName":"search_term_string"}}],"inLanguage":"sk-SK"},{"@type":"Organization","@id":"https:\/\/www.upjs.sk\/fakulta-verejnej-spravy\/#organization","name":"Fakulta verejnej spr\u00e1vy | UPJ\u0160","url":"https:\/\/www.upjs.sk\/fakulta-verejnej-spravy\/","logo":{"@type":"ImageObject","inLanguage":"sk-SK","@id":"https:\/\/www.upjs.sk\/fakulta-verejnej-spravy\/#\/schema\/logo\/image\/","url":"https:\/\/www.upjs.sk\/app\/uploads\/sites\/12\/2022\/09\/logo-verejnej-spravy-fakulta.png","contentUrl":"https:\/\/www.upjs.sk\/app\/uploads\/sites\/12\/2022\/09\/logo-verejnej-spravy-fakulta.png","width":415,"height":87,"caption":"Fakulta verejnej spr\u00e1vy | UPJ\u0160"},"image":{"@id":"https:\/\/www.upjs.sk\/fakulta-verejnej-spravy\/#\/schema\/logo\/image\/"}}]}},"_links":{"self":[{"href":"https:\/\/www.upjs.sk\/fakulta-verejnej-spravy\/wp-json\/wp\/v2\/pages\/28134","targetHints":{"allow":["GET"]}}],"collection":[{"href":"https:\/\/www.upjs.sk\/fakulta-verejnej-spravy\/wp-json\/wp\/v2\/pages"}],"about":[{"href":"https:\/\/www.upjs.sk\/fakulta-verejnej-spravy\/wp-json\/wp\/v2\/types\/page"}],"author":[{"embeddable":true,"href":"https:\/\/www.upjs.sk\/fakulta-verejnej-spravy\/wp-json\/wp\/v2\/users\/20"}],"replies":[{"embeddable":true,"href":"https:\/\/www.upjs.sk\/fakulta-verejnej-spravy\/wp-json\/wp\/v2\/comments?post=28134"}],"version-history":[{"count":5,"href":"https:\/\/www.upjs.sk\/fakulta-verejnej-spravy\/wp-json\/wp\/v2\/pages\/28134\/revisions"}],"predecessor-version":[{"id":29995,"href":"https:\/\/www.upjs.sk\/fakulta-verejnej-spravy\/wp-json\/wp\/v2\/pages\/28134\/revisions\/29995"}],"up":[{"embeddable":true,"href":"https:\/\/www.upjs.sk\/fakulta-verejnej-spravy\/wp-json\/wp\/v2\/pages\/14837"}],"wp:attachment":[{"href":"https:\/\/www.upjs.sk\/fakulta-verejnej-spravy\/wp-json\/wp\/v2\/media?parent=28134"}],"wp:term":[{"taxonomy":"category","embeddable":true,"href":"https:\/\/www.upjs.sk\/fakulta-verejnej-spravy\/wp-json\/wp\/v2\/categories?post=28134"},{"taxonomy":"post_tag","embeddable":true,"href":"https:\/\/www.upjs.sk\/fakulta-verejnej-spravy\/wp-json\/wp\/v2\/tags?post=28134"}],"curies":[{"name":"wp","href":"https:\/\/api.w.org\/{rel}","templated":true}]}}