{"id":20638,"date":"2022-11-02T09:13:58","date_gmt":"2022-11-02T09:13:58","guid":{"rendered":"https:\/\/www.upjs.sk\/filozoficka-fakulta\/science-and-research\/office\/"},"modified":"2025-10-06T14:00:36","modified_gmt":"2025-10-06T13:00:36","slug":"vav-mv","status":"publish","type":"page","link":"https:\/\/www.upjs.sk\/filozoficka-fakulta\/en\/vav-mv\/","title":{"rendered":"Department of Science, Research, Qualification, Doctoral Studies, and International Relations"},"content":{"rendered":"<style>.kb-row-layout-id20638_429575-25 > .kt-row-column-wrap{align-content:start;}:where(.kb-row-layout-id20638_429575-25 > .kt-row-column-wrap) > .wp-block-kadence-column{justify-content:start;}.kb-row-layout-id20638_429575-25 > .kt-row-column-wrap{column-gap:var(--global-kb-gap-md, 2rem);row-gap:var(--global-kb-gap-md, 2rem);padding-top:var(--global-kb-spacing-sm, 1.5rem);padding-bottom:var(--global-kb-spacing-sm, 1.5rem);grid-template-columns:repeat(2, minmax(0, 1fr));}.kb-row-layout-id20638_429575-25 > .kt-row-layout-overlay{opacity:0.30;}@media all and (max-width: 1024px){.kb-row-layout-id20638_429575-25 > .kt-row-column-wrap{grid-template-columns:repeat(2, minmax(0, 1fr));}}@media all and (max-width: 767px){.kb-row-layout-id20638_429575-25 > .kt-row-column-wrap{grid-template-columns:minmax(0, 1fr);}}<\/style><div class=\"kb-row-layout-wrap kb-row-layout-id20638_429575-25 alignnone wp-block-kadence-rowlayout\"><div class=\"kt-row-column-wrap kt-has-2-columns kt-row-layout-equal kt-tab-layout-inherit kt-mobile-layout-row kt-row-valign-top\">\n<style>.kadence-column20638_f586a2-48 > .kt-inside-inner-col{padding-top:10px;padding-left:20px;}.kadence-column20638_f586a2-48 > .kt-inside-inner-col{box-shadow:0px 0px 14px 0px #D6D6D6;}.kadence-column20638_f586a2-48 > .kt-inside-inner-col,.kadence-column20638_f586a2-48 > .kt-inside-inner-col:before{border-top-left-radius:0px;border-top-right-radius:0px;border-bottom-right-radius:0px;border-bottom-left-radius:0px;}.kadence-column20638_f586a2-48 > .kt-inside-inner-col{column-gap:var(--global-kb-gap-sm, 1rem);}.kadence-column20638_f586a2-48 > .kt-inside-inner-col{flex-direction:column;}.kadence-column20638_f586a2-48 > .kt-inside-inner-col > .aligncenter{width:100%;}.kadence-column20638_f586a2-48 > .kt-inside-inner-col:before{opacity:0.3;}.kadence-column20638_f586a2-48{position:relative;}@media all and (max-width: 1024px){.kadence-column20638_f586a2-48 > .kt-inside-inner-col{flex-direction:column;justify-content:center;}}@media all and (max-width: 767px){.kadence-column20638_f586a2-48 > .kt-inside-inner-col{flex-direction:column;justify-content:center;}}<\/style>\n<div class=\"wp-block-kadence-column kadence-column20638_f586a2-48 inner-column-1\"><div class=\"kt-inside-inner-col\">\n<p><a href=\"https:\/\/www.upjs.sk\/en\/FF\/zamestnanec\/marian.andricik\/\" target=\"_blank\" rel=\"noreferrer noopener\"><strong>prof. PhDr. Mari\u00e1n Andri\u010d\u00edk, PhD.<\/strong><\/a><br>Vice-Dean for Research and Doctoral Studies<\/p>\n\n\n\n<p>\u2709 <a href=\"mailto:marian.andricik@upjs.sk\" target=\"_blank\" aria-label=\"marian.andricik@upjs.sk (opens in a new tab)\" rel=\"noreferrer noopener\" class=\"ek-link\">marian.andricik@upjs.sk<\/a><br>\u2706 +421 55 234 7189; +421 918 923 063<\/p>\n<\/div><\/div>\n\n\n<style>.kadence-column20638_5c2402-a1 > .kt-inside-inner-col{padding-top:10px;padding-left:20px;}.kadence-column20638_5c2402-a1 > .kt-inside-inner-col{box-shadow:0px 0px 14px 0px #D6D6D6;}.kadence-column20638_5c2402-a1 > .kt-inside-inner-col,.kadence-column20638_5c2402-a1 > .kt-inside-inner-col:before{border-top-left-radius:0px;border-top-right-radius:0px;border-bottom-right-radius:0px;border-bottom-left-radius:0px;}.kadence-column20638_5c2402-a1 > .kt-inside-inner-col{column-gap:var(--global-kb-gap-sm, 1rem);}.kadence-column20638_5c2402-a1 > .kt-inside-inner-col{flex-direction:column;}.kadence-column20638_5c2402-a1 > .kt-inside-inner-col > .aligncenter{width:100%;}.kadence-column20638_5c2402-a1 > .kt-inside-inner-col:before{opacity:0.3;}.kadence-column20638_5c2402-a1{position:relative;}@media all and (max-width: 1024px){.kadence-column20638_5c2402-a1 > .kt-inside-inner-col{flex-direction:column;justify-content:center;}}@media all and (max-width: 767px){.kadence-column20638_5c2402-a1 > .kt-inside-inner-col{flex-direction:column;justify-content:center;}}<\/style>\n<div class=\"wp-block-kadence-column kadence-column20638_5c2402-a1 inner-column-2\"><div class=\"kt-inside-inner-col\">\n<p><strong><a href=\"https:\/\/www.upjs.sk\/en\/FF\/zamestnanec\/vladimir.lichner\" target=\"_blank\" rel=\"noreferrer noopener\"><strong>doc. Mgr. Vladim\u00edr Lichner, PhD.<\/strong><\/a><\/strong><br>Vice-Dean for International Relations<\/p>\n\n\n\n<p>\u2709 <a href=\"mailto:vladimir.lichner\" target=\"_blank\" rel=\"noreferrer noopener\">vladimir.lichner@upjs.sk<\/a><br>\u2706 +421 55 234 7118; +421 940 607 616<\/p>\n<\/div><\/div>\n\n<\/div><\/div>\n\n<style>.wp-block-kadence-spacer.kt-block-spacer-20638_b1bc26-9b .kt-block-spacer{height:30px;}.wp-block-kadence-spacer.kt-block-spacer-20638_b1bc26-9b .kt-divider{border-top-width:1px;height:1px;border-top-color:#eee;width:80%;border-top-style:solid;}<\/style>\n<div class=\"wp-block-kadence-spacer aligncenter kt-block-spacer-20638_b1bc26-9b\"><div class=\"kt-block-spacer kt-block-spacer-halign-center\"><hr class=\"kt-divider\"\/><\/div><\/div>\n\n\n<style>.kb-row-layout-id20638_99d881-50 > .kt-row-column-wrap{align-content:start;}:where(.kb-row-layout-id20638_99d881-50 > .kt-row-column-wrap) > .wp-block-kadence-column{justify-content:start;}.kb-row-layout-id20638_99d881-50 > .kt-row-column-wrap{column-gap:var(--global-kb-gap-md, 2rem);row-gap:var(--global-kb-gap-md, 2rem);padding-top:15px;padding-bottom:15px;grid-template-columns:minmax(0, 1fr);}.kb-row-layout-id20638_99d881-50 > .kt-row-layout-overlay{opacity:0.30;}@media all and (max-width: 1024px){.kb-row-layout-id20638_99d881-50 > .kt-row-column-wrap{grid-template-columns:minmax(0, 1fr);}}@media all and (max-width: 767px){.kb-row-layout-id20638_99d881-50 > .kt-row-column-wrap{grid-template-columns:minmax(0, 1fr);}}<\/style><div class=\"kb-row-layout-wrap kb-row-layout-id20638_99d881-50 alignnone wp-block-kadence-rowlayout\"><div class=\"kt-row-column-wrap kt-has-1-columns kt-row-layout-equal kt-tab-layout-inherit kt-mobile-layout-row kt-row-valign-top\">\n<style>.kadence-column20638_00921a-7a > .kt-inside-inner-col{padding-top:10px;padding-left:20px;}.kadence-column20638_00921a-7a > .kt-inside-inner-col{box-shadow:0px 0px 14px 0px rgba(0, 0, 0, 0.2);}.kadence-column20638_00921a-7a > .kt-inside-inner-col,.kadence-column20638_00921a-7a > .kt-inside-inner-col:before{border-top-left-radius:0px;border-top-right-radius:0px;border-bottom-right-radius:0px;border-bottom-left-radius:0px;}.kadence-column20638_00921a-7a > .kt-inside-inner-col{column-gap:var(--global-kb-gap-sm, 1rem);}.kadence-column20638_00921a-7a > .kt-inside-inner-col{flex-direction:column;}.kadence-column20638_00921a-7a > .kt-inside-inner-col > .aligncenter{width:100%;}.kadence-column20638_00921a-7a > .kt-inside-inner-col:before{opacity:0.3;}.kadence-column20638_00921a-7a{position:relative;}@media all and (max-width: 1024px){.kadence-column20638_00921a-7a > .kt-inside-inner-col{flex-direction:column;justify-content:center;}}@media all and (max-width: 767px){.kadence-column20638_00921a-7a > .kt-inside-inner-col{flex-direction:column;justify-content:center;}}<\/style>\n<div class=\"wp-block-kadence-column kadence-column20638_00921a-7a inner-column-1\"><div class=\"kt-inside-inner-col\">\n<p><strong>Mgr. Gabriela Onu\u0161kov\u00e1, PhD.<\/strong><br>Department of Science and Research&nbsp;and Doctoral Studies<\/p>\n\n\n\n<p>\u2709 gabriela.onuskova@upjs.sk<br>\u2706 +421 55 234 7116<\/p>\n<\/div><\/div>\n\n<\/div><\/div>\n\n<style>.kb-row-layout-id20638_6721e6-42 > .kt-row-column-wrap{align-content:start;}:where(.kb-row-layout-id20638_6721e6-42 > .kt-row-column-wrap) > .wp-block-kadence-column{justify-content:start;}.kb-row-layout-id20638_6721e6-42 > .kt-row-column-wrap{column-gap:var(--global-kb-gap-md, 2rem);row-gap:var(--global-kb-gap-md, 2rem);padding-top:15px;padding-bottom:15px;grid-template-columns:minmax(0, 1fr);}.kb-row-layout-id20638_6721e6-42 > .kt-row-layout-overlay{opacity:0.30;}@media all and (max-width: 1024px){.kb-row-layout-id20638_6721e6-42 > .kt-row-column-wrap{grid-template-columns:minmax(0, 1fr);}}@media all and (max-width: 767px){.kb-row-layout-id20638_6721e6-42 > .kt-row-column-wrap{grid-template-columns:minmax(0, 1fr);}}<\/style><div class=\"kb-row-layout-wrap kb-row-layout-id20638_6721e6-42 alignnone wp-block-kadence-rowlayout\"><div class=\"kt-row-column-wrap kt-has-1-columns kt-row-layout-equal kt-tab-layout-inherit kt-mobile-layout-row kt-row-valign-top\">\n<style>.kadence-column20638_85802b-ad > .kt-inside-inner-col{padding-top:10px;padding-left:20px;}.kadence-column20638_85802b-ad > .kt-inside-inner-col{box-shadow:0px 0px 14px 0px rgba(0, 0, 0, 0.2);}.kadence-column20638_85802b-ad > .kt-inside-inner-col,.kadence-column20638_85802b-ad > .kt-inside-inner-col:before{border-top-left-radius:0px;border-top-right-radius:0px;border-bottom-right-radius:0px;border-bottom-left-radius:0px;}.kadence-column20638_85802b-ad > .kt-inside-inner-col{column-gap:var(--global-kb-gap-sm, 1rem);}.kadence-column20638_85802b-ad > .kt-inside-inner-col{flex-direction:column;}.kadence-column20638_85802b-ad > .kt-inside-inner-col > .aligncenter{width:100%;}.kadence-column20638_85802b-ad > .kt-inside-inner-col:before{opacity:0.3;}.kadence-column20638_85802b-ad{position:relative;}@media all and (max-width: 1024px){.kadence-column20638_85802b-ad > .kt-inside-inner-col{flex-direction:column;justify-content:center;}}@media all and (max-width: 767px){.kadence-column20638_85802b-ad > .kt-inside-inner-col{flex-direction:column;justify-content:center;}}<\/style>\n<div class=\"wp-block-kadence-column kadence-column20638_85802b-ad inner-column-1\"><div class=\"kt-inside-inner-col\">\n<p><strong>Mgr. Nat\u00e1lia Rubeljov\u00e1<\/strong><br>Department of International Relations<\/p>\n\n\n\n<p>\u2709&nbsp;natalia.rubeljova@upjs.sk<br>\u2706 +421 55 234 7138<\/p>\n<\/div><\/div>\n\n<\/div><\/div>\n\n<style>.kb-row-layout-id20638_8912fe-28 > .kt-row-column-wrap{align-content:start;}:where(.kb-row-layout-id20638_8912fe-28 > .kt-row-column-wrap) > .wp-block-kadence-column{justify-content:start;}.kb-row-layout-id20638_8912fe-28 > .kt-row-column-wrap{column-gap:var(--global-kb-gap-md, 2rem);row-gap:var(--global-kb-gap-md, 2rem);padding-top:15px;padding-bottom:15px;grid-template-columns:minmax(0, 1fr);}.kb-row-layout-id20638_8912fe-28 > .kt-row-layout-overlay{opacity:0.30;}@media all and (max-width: 1024px){.kb-row-layout-id20638_8912fe-28 > .kt-row-column-wrap{grid-template-columns:minmax(0, 1fr);}}@media all and (max-width: 767px){.kb-row-layout-id20638_8912fe-28 > .kt-row-column-wrap{grid-template-columns:minmax(0, 1fr);}}<\/style><div class=\"kb-row-layout-wrap kb-row-layout-id20638_8912fe-28 alignnone wp-block-kadence-rowlayout\"><div class=\"kt-row-column-wrap kt-has-1-columns kt-row-layout-equal kt-tab-layout-inherit kt-mobile-layout-row kt-row-valign-top\">\n<style>.kadence-column20638_fefad6-28 > .kt-inside-inner-col{padding-top:10px;padding-left:20px;}.kadence-column20638_fefad6-28 > .kt-inside-inner-col{box-shadow:0px 0px 14px 0px rgba(0, 0, 0, 0.2);}.kadence-column20638_fefad6-28 > .kt-inside-inner-col,.kadence-column20638_fefad6-28 > .kt-inside-inner-col:before{border-top-left-radius:0px;border-top-right-radius:0px;border-bottom-right-radius:0px;border-bottom-left-radius:0px;}.kadence-column20638_fefad6-28 > .kt-inside-inner-col{column-gap:var(--global-kb-gap-sm, 1rem);}.kadence-column20638_fefad6-28 > .kt-inside-inner-col{flex-direction:column;}.kadence-column20638_fefad6-28 > .kt-inside-inner-col > .aligncenter{width:100%;}.kadence-column20638_fefad6-28 > .kt-inside-inner-col:before{opacity:0.3;}.kadence-column20638_fefad6-28{position:relative;}@media all and (max-width: 1024px){.kadence-column20638_fefad6-28 > .kt-inside-inner-col{flex-direction:column;justify-content:center;}}@media all and (max-width: 767px){.kadence-column20638_fefad6-28 > .kt-inside-inner-col{flex-direction:column;justify-content:center;}}<\/style>\n<div class=\"wp-block-kadence-column kadence-column20638_fefad6-28 inner-column-1\"><div class=\"kt-inside-inner-col\">\n<p><strong>Ing. Michaela Baltesov\u00e1<\/strong><br>Department of International Relations<\/p>\n\n\n\n<p>\u2709 michaela.baltesova@upjs.sk<br>\u2706 +421 55 234 7129; +421 948 837 411<\/p>\n<\/div><\/div>\n\n<\/div><\/div>","protected":false},"excerpt":{"rendered":"<p>prof. PhDr. Mari\u00e1n Andri\u010d\u00edk, PhD.Vice-Dean for Research and Doctoral Studies \u2709 marian.andricik@upjs.sk\u2706 +421 55 234 7189; +421 918 923 063 doc. Mgr. Vladim\u00edr Lichner, PhD.Vice-Dean for International Relations \u2709 vladimir.lichner@upjs.sk\u2706 +421 55 234 7118; +421 940 607 616 Mgr. Gabriela Onu\u0161kov\u00e1, PhD.Department of Science and Research&nbsp;and Doctoral Studies \u2709 gabriela.onuskova@upjs.sk\u2706 +421 55 234 7116 Mgr. &hellip; <a href=\"https:\/\/www.upjs.sk\/filozoficka-fakulta\/en\/vav-mv\/\">Continued<\/a><\/p>\n","protected":false},"author":1,"featured_media":0,"parent":0,"menu_order":11,"comment_status":"closed","ping_status":"closed","template":"","meta":{"_acf_changed":false,"_editorskit_title_hidden":false,"_editorskit_reading_time":1,"_editorskit_is_block_options_detached":false,"_editorskit_block_options_position":"{}","footnotes":""},"categories":[],"tags":[],"class_list":["post-20638","page","type-page","status-publish","hentry"],"acf":{"acf_link_na_externy_obsah":""},"yoast_head":"<!-- This site is optimized with the Yoast SEO plugin v27.2 - https:\/\/yoast.com\/product\/yoast-seo-wordpress\/ -->\n<title>Department of Science, Research, Qualification, Doctoral Studies, and International Relations - Filozofick\u00e1 fakulta | UPJ\u0160<\/title>\n<meta name=\"robots\" content=\"index, follow, max-snippet:-1, max-image-preview:large, max-video-preview:-1\" \/>\n<link rel=\"canonical\" href=\"https:\/\/www.upjs.sk\/filozoficka-fakulta\/en\/vav-mv\/\" \/>\n<meta property=\"og:locale\" content=\"en_US\" \/>\n<meta property=\"og:type\" content=\"article\" \/>\n<meta property=\"og:title\" content=\"Department of Science, Research, Qualification, Doctoral Studies, and International Relations - Filozofick\u00e1 fakulta | UPJ\u0160\" \/>\n<meta property=\"og:description\" content=\"prof. PhDr. Mari\u00e1n Andri\u010d\u00edk, PhD.Vice-Dean for Research and Doctoral Studies \u2709 marian.andricik@upjs.sk\u2706 +421 55 234 7189; +421 918 923 063 doc. Mgr. Vladim\u00edr Lichner, PhD.Vice-Dean for International Relations \u2709 vladimir.lichner@upjs.sk\u2706 +421 55 234 7118; +421 940 607 616 Mgr. Gabriela Onu\u0161kov\u00e1, PhD.Department of Science and Research&nbsp;and Doctoral Studies \u2709 gabriela.onuskova@upjs.sk\u2706 +421 55 234 7116 Mgr. &hellip; Continued\" \/>\n<meta property=\"og:url\" content=\"https:\/\/www.upjs.sk\/filozoficka-fakulta\/en\/vav-mv\/\" \/>\n<meta property=\"og:site_name\" content=\"Filozofick\u00e1 fakulta | UPJ\u0160\" \/>\n<meta property=\"article:modified_time\" content=\"2025-10-06T13:00:36+00:00\" \/>\n<meta name=\"twitter:card\" content=\"summary_large_image\" \/>\n<meta name=\"twitter:label1\" content=\"Est. reading time\" \/>\n\t<meta name=\"twitter:data1\" content=\"1 minute\" \/>\n<script type=\"application\/ld+json\" class=\"yoast-schema-graph\">{\"@context\":\"https:\/\/schema.org\",\"@graph\":[{\"@type\":\"WebPage\",\"@id\":\"https:\/\/www.upjs.sk\/filozoficka-fakulta\/en\/vav-mv\/\",\"url\":\"https:\/\/www.upjs.sk\/filozoficka-fakulta\/en\/vav-mv\/\",\"name\":\"Department of Science, Research, Qualification, Doctoral Studies, and International Relations - Filozofick\u00e1 fakulta | UPJ\u0160\",\"isPartOf\":{\"@id\":\"https:\/\/www.upjs.sk\/filozoficka-fakulta\/en\/#website\"},\"datePublished\":\"2022-11-02T09:13:58+00:00\",\"dateModified\":\"2025-10-06T13:00:36+00:00\",\"breadcrumb\":{\"@id\":\"https:\/\/www.upjs.sk\/filozoficka-fakulta\/en\/vav-mv\/#breadcrumb\"},\"inLanguage\":\"en-US\",\"potentialAction\":[{\"@type\":\"ReadAction\",\"target\":[\"https:\/\/www.upjs.sk\/filozoficka-fakulta\/en\/vav-mv\/\"]}]},{\"@type\":\"BreadcrumbList\",\"@id\":\"https:\/\/www.upjs.sk\/filozoficka-fakulta\/en\/vav-mv\/#breadcrumb\",\"itemListElement\":[{\"@type\":\"ListItem\",\"position\":1,\"name\":\"Home\",\"item\":\"https:\/\/www.upjs.sk\/filozoficka-fakulta\/en\/\"},{\"@type\":\"ListItem\",\"position\":2,\"name\":\"Department of Science, Research, Qualification, Doctoral Studies, and International Relations\"}]},{\"@type\":\"WebSite\",\"@id\":\"https:\/\/www.upjs.sk\/filozoficka-fakulta\/en\/#website\",\"url\":\"https:\/\/www.upjs.sk\/filozoficka-fakulta\/en\/\",\"name\":\"Filozofick\u00e1 fakulta | UPJ\u0160\",\"description\":\"\",\"publisher\":{\"@id\":\"https:\/\/www.upjs.sk\/filozoficka-fakulta\/en\/#organization\"},\"potentialAction\":[{\"@type\":\"SearchAction\",\"target\":{\"@type\":\"EntryPoint\",\"urlTemplate\":\"https:\/\/www.upjs.sk\/filozoficka-fakulta\/en\/?s={search_term_string}\"},\"query-input\":{\"@type\":\"PropertyValueSpecification\",\"valueRequired\":true,\"valueName\":\"search_term_string\"}}],\"inLanguage\":\"en-US\"},{\"@type\":\"Organization\",\"@id\":\"https:\/\/www.upjs.sk\/filozoficka-fakulta\/en\/#organization\",\"name\":\"Filozofick\u00e1 fakulta | UPJ\u0160\",\"url\":\"https:\/\/www.upjs.sk\/filozoficka-fakulta\/en\/\",\"logo\":{\"@type\":\"ImageObject\",\"inLanguage\":\"en-US\",\"@id\":\"https:\/\/www.upjs.sk\/filozoficka-fakulta\/en\/#\/schema\/logo\/image\/\",\"url\":\"https:\/\/www.upjs.sk\/app\/uploads\/sites\/7\/2023\/02\/FF_ENG_frame.svg\",\"contentUrl\":\"https:\/\/www.upjs.sk\/app\/uploads\/sites\/7\/2023\/02\/FF_ENG_frame.svg\",\"width\":292,\"height\":61,\"caption\":\"Filozofick\u00e1 fakulta | UPJ\u0160\"},\"image\":{\"@id\":\"https:\/\/www.upjs.sk\/filozoficka-fakulta\/en\/#\/schema\/logo\/image\/\"}}]}<\/script>\n<!-- \/ Yoast SEO plugin. -->","yoast_head_json":{"title":"Department of Science, Research, Qualification, Doctoral Studies, and International Relations - Filozofick\u00e1 fakulta | UPJ\u0160","robots":{"index":"index","follow":"follow","max-snippet":"max-snippet:-1","max-image-preview":"max-image-preview:large","max-video-preview":"max-video-preview:-1"},"canonical":"https:\/\/www.upjs.sk\/filozoficka-fakulta\/en\/vav-mv\/","og_locale":"en_US","og_type":"article","og_title":"Department of Science, Research, Qualification, Doctoral Studies, and International Relations - Filozofick\u00e1 fakulta | UPJ\u0160","og_description":"prof. PhDr. Mari\u00e1n Andri\u010d\u00edk, PhD.Vice-Dean for Research and Doctoral Studies \u2709 marian.andricik@upjs.sk\u2706 +421 55 234 7189; +421 918 923 063 doc. Mgr. Vladim\u00edr Lichner, PhD.Vice-Dean for International Relations \u2709 vladimir.lichner@upjs.sk\u2706 +421 55 234 7118; +421 940 607 616 Mgr. Gabriela Onu\u0161kov\u00e1, PhD.Department of Science and Research&nbsp;and Doctoral Studies \u2709 gabriela.onuskova@upjs.sk\u2706 +421 55 234 7116 Mgr. &hellip; Continued","og_url":"https:\/\/www.upjs.sk\/filozoficka-fakulta\/en\/vav-mv\/","og_site_name":"Filozofick\u00e1 fakulta | UPJ\u0160","article_modified_time":"2025-10-06T13:00:36+00:00","twitter_card":"summary_large_image","twitter_misc":{"Est. reading time":"1 minute"},"schema":{"@context":"https:\/\/schema.org","@graph":[{"@type":"WebPage","@id":"https:\/\/www.upjs.sk\/filozoficka-fakulta\/en\/vav-mv\/","url":"https:\/\/www.upjs.sk\/filozoficka-fakulta\/en\/vav-mv\/","name":"Department of Science, Research, Qualification, Doctoral Studies, and International Relations - Filozofick\u00e1 fakulta | UPJ\u0160","isPartOf":{"@id":"https:\/\/www.upjs.sk\/filozoficka-fakulta\/en\/#website"},"datePublished":"2022-11-02T09:13:58+00:00","dateModified":"2025-10-06T13:00:36+00:00","breadcrumb":{"@id":"https:\/\/www.upjs.sk\/filozoficka-fakulta\/en\/vav-mv\/#breadcrumb"},"inLanguage":"en-US","potentialAction":[{"@type":"ReadAction","target":["https:\/\/www.upjs.sk\/filozoficka-fakulta\/en\/vav-mv\/"]}]},{"@type":"BreadcrumbList","@id":"https:\/\/www.upjs.sk\/filozoficka-fakulta\/en\/vav-mv\/#breadcrumb","itemListElement":[{"@type":"ListItem","position":1,"name":"Home","item":"https:\/\/www.upjs.sk\/filozoficka-fakulta\/en\/"},{"@type":"ListItem","position":2,"name":"Department of Science, Research, Qualification, Doctoral Studies, and International Relations"}]},{"@type":"WebSite","@id":"https:\/\/www.upjs.sk\/filozoficka-fakulta\/en\/#website","url":"https:\/\/www.upjs.sk\/filozoficka-fakulta\/en\/","name":"Filozofick\u00e1 fakulta | UPJ\u0160","description":"","publisher":{"@id":"https:\/\/www.upjs.sk\/filozoficka-fakulta\/en\/#organization"},"potentialAction":[{"@type":"SearchAction","target":{"@type":"EntryPoint","urlTemplate":"https:\/\/www.upjs.sk\/filozoficka-fakulta\/en\/?s={search_term_string}"},"query-input":{"@type":"PropertyValueSpecification","valueRequired":true,"valueName":"search_term_string"}}],"inLanguage":"en-US"},{"@type":"Organization","@id":"https:\/\/www.upjs.sk\/filozoficka-fakulta\/en\/#organization","name":"Filozofick\u00e1 fakulta | UPJ\u0160","url":"https:\/\/www.upjs.sk\/filozoficka-fakulta\/en\/","logo":{"@type":"ImageObject","inLanguage":"en-US","@id":"https:\/\/www.upjs.sk\/filozoficka-fakulta\/en\/#\/schema\/logo\/image\/","url":"https:\/\/www.upjs.sk\/app\/uploads\/sites\/7\/2023\/02\/FF_ENG_frame.svg","contentUrl":"https:\/\/www.upjs.sk\/app\/uploads\/sites\/7\/2023\/02\/FF_ENG_frame.svg","width":292,"height":61,"caption":"Filozofick\u00e1 fakulta | UPJ\u0160"},"image":{"@id":"https:\/\/www.upjs.sk\/filozoficka-fakulta\/en\/#\/schema\/logo\/image\/"}}]}},"_links":{"self":[{"href":"https:\/\/www.upjs.sk\/filozoficka-fakulta\/en\/wp-json\/wp\/v2\/pages\/20638","targetHints":{"allow":["GET"]}}],"collection":[{"href":"https:\/\/www.upjs.sk\/filozoficka-fakulta\/en\/wp-json\/wp\/v2\/pages"}],"about":[{"href":"https:\/\/www.upjs.sk\/filozoficka-fakulta\/en\/wp-json\/wp\/v2\/types\/page"}],"author":[{"embeddable":true,"href":"https:\/\/www.upjs.sk\/filozoficka-fakulta\/en\/wp-json\/wp\/v2\/users\/1"}],"replies":[{"embeddable":true,"href":"https:\/\/www.upjs.sk\/filozoficka-fakulta\/en\/wp-json\/wp\/v2\/comments?post=20638"}],"version-history":[{"count":20,"href":"https:\/\/www.upjs.sk\/filozoficka-fakulta\/en\/wp-json\/wp\/v2\/pages\/20638\/revisions"}],"predecessor-version":[{"id":57069,"href":"https:\/\/www.upjs.sk\/filozoficka-fakulta\/en\/wp-json\/wp\/v2\/pages\/20638\/revisions\/57069"}],"wp:attachment":[{"href":"https:\/\/www.upjs.sk\/filozoficka-fakulta\/en\/wp-json\/wp\/v2\/media?parent=20638"}],"wp:term":[{"taxonomy":"category","embeddable":true,"href":"https:\/\/www.upjs.sk\/filozoficka-fakulta\/en\/wp-json\/wp\/v2\/categories?post=20638"},{"taxonomy":"post_tag","embeddable":true,"href":"https:\/\/www.upjs.sk\/filozoficka-fakulta\/en\/wp-json\/wp\/v2\/tags?post=20638"}],"curies":[{"name":"wp","href":"https:\/\/api.w.org\/{rel}","templated":true}]}}