{"id":20639,"date":"2022-09-27T12:52:00","date_gmt":"2022-09-27T12:52:00","guid":{"rendered":"https:\/\/www.upjs.sk\/filozoficka-fakulta\/science-and-research\/phd-studies\/"},"modified":"2025-09-01T15:16:42","modified_gmt":"2025-09-01T14:16:42","slug":"phd-studies","status":"publish","type":"page","link":"https:\/\/www.upjs.sk\/filozoficka-fakulta\/en\/phd-studies\/","title":{"rendered":"PhD Studies"},"content":{"rendered":"<style>.kb-row-layout-id20639_4ed81f-86 > .kt-row-column-wrap{align-content:start;}:where(.kb-row-layout-id20639_4ed81f-86 > .kt-row-column-wrap) > .wp-block-kadence-column{justify-content:start;}.kb-row-layout-id20639_4ed81f-86 > .kt-row-column-wrap{column-gap:var(--global-kb-gap-md, 2rem);row-gap:var(--global-kb-gap-md, 2rem);padding-top:var(--global-kb-spacing-sm, 1.5rem);padding-bottom:var(--global-kb-spacing-sm, 1.5rem);grid-template-columns:repeat(2, minmax(0, 1fr));}.kb-row-layout-id20639_4ed81f-86 > .kt-row-layout-overlay{opacity:0.30;}@media all and (max-width: 1024px){.kb-row-layout-id20639_4ed81f-86 > .kt-row-column-wrap{grid-template-columns:repeat(2, minmax(0, 1fr));}}@media all and (max-width: 767px){.kb-row-layout-id20639_4ed81f-86 > .kt-row-column-wrap{grid-template-columns:minmax(0, 1fr);}}<\/style><div class=\"kb-row-layout-wrap kb-row-layout-id20639_4ed81f-86 alignnone wp-block-kadence-rowlayout\"><div class=\"kt-row-column-wrap kt-has-2-columns kt-row-layout-equal kt-tab-layout-inherit kt-mobile-layout-row kt-row-valign-top\">\n<style>.kadence-column20639_a7e154-62 > .kt-inside-inner-col{padding-top:10px;padding-left:20px;}.kadence-column20639_a7e154-62 > .kt-inside-inner-col{box-shadow:0px 0px 14px 0px #D6D6D6;}.kadence-column20639_a7e154-62 > .kt-inside-inner-col,.kadence-column20639_a7e154-62 > .kt-inside-inner-col:before{border-top-left-radius:0px;border-top-right-radius:0px;border-bottom-right-radius:0px;border-bottom-left-radius:0px;}.kadence-column20639_a7e154-62 > .kt-inside-inner-col{column-gap:var(--global-kb-gap-sm, 1rem);}.kadence-column20639_a7e154-62 > .kt-inside-inner-col{flex-direction:column;}.kadence-column20639_a7e154-62 > .kt-inside-inner-col > .aligncenter{width:100%;}.kadence-column20639_a7e154-62 > .kt-inside-inner-col:before{opacity:0.3;}.kadence-column20639_a7e154-62{position:relative;}@media all and (max-width: 1024px){.kadence-column20639_a7e154-62 > .kt-inside-inner-col{flex-direction:column;justify-content:center;}}@media all and (max-width: 767px){.kadence-column20639_a7e154-62 > .kt-inside-inner-col{flex-direction:column;justify-content:center;}}<\/style>\n<div class=\"wp-block-kadence-column kadence-column20639_a7e154-62 inner-column-1\"><div class=\"kt-inside-inner-col\">\n<p>Vice-Dean for Research and Doctoral Studies<br><a href=\"https:\/\/www.upjs.sk\/en\/FF\/zamestnanec\/marian.andricik\/\" target=\"_blank\" rel=\"noreferrer noopener\"><strong>prof. PhDr. Mari\u00e1n Andri\u010d\u00edk, PhD.<\/strong><\/a><\/p>\n\n\n\n<p>\u2709 <a href=\"mailto:marian.andricik@upjs.sk\" target=\"_blank\" aria-label=\"marian.andricik@upjs.sk (opens in a new tab)\" rel=\"noreferrer noopener\" class=\"ek-link\">marian.andricik@upjs.sk<\/a><br>\u2706 +421 55 234 7189; +421 918 923 063<\/p>\n<\/div><\/div>\n\n\n<style>.kadence-column20639_1e281f-75 > .kt-inside-inner-col{padding-top:10px;padding-left:20px;}.kadence-column20639_1e281f-75 > .kt-inside-inner-col{box-shadow:0px 0px 14px 0px #D6D6D6;}.kadence-column20639_1e281f-75 > .kt-inside-inner-col,.kadence-column20639_1e281f-75 > .kt-inside-inner-col:before{border-top-left-radius:0px;border-top-right-radius:0px;border-bottom-right-radius:0px;border-bottom-left-radius:0px;}.kadence-column20639_1e281f-75 > .kt-inside-inner-col{column-gap:var(--global-kb-gap-sm, 1rem);}.kadence-column20639_1e281f-75 > .kt-inside-inner-col{flex-direction:column;}.kadence-column20639_1e281f-75 > .kt-inside-inner-col > .aligncenter{width:100%;}.kadence-column20639_1e281f-75 > .kt-inside-inner-col:before{opacity:0.3;}.kadence-column20639_1e281f-75{position:relative;}@media all and (max-width: 1024px){.kadence-column20639_1e281f-75 > .kt-inside-inner-col{flex-direction:column;justify-content:center;}}@media all and (max-width: 767px){.kadence-column20639_1e281f-75 > .kt-inside-inner-col{flex-direction:column;justify-content:center;}}<\/style>\n<div class=\"wp-block-kadence-column kadence-column20639_1e281f-75 inner-column-2\"><div class=\"kt-inside-inner-col\">\n<p>PhD Study Office:<br><strong>Mgr. Gabriela Onu\u0161kov\u00e1, PhD.<\/strong><\/p>\n\n\n\n<p>\u2709 <a href=\"mailto:gabriela.onuskova@upjs.sk\" target=\"_blank\" aria-label=\"gabriela.onuskova@upjs.sk (opens in a new tab)\" rel=\"noreferrer noopener\" class=\"ek-link\">gabriela.onuskova@upjs.sk<\/a><br>\u2706 +421 55 234 7116<\/p>\n<\/div><\/div>\n\n<\/div><\/div>\n\n<style>.wp-block-kadence-spacer.kt-block-spacer-20639_1a61f4-83 .kt-block-spacer{height:30px;}.wp-block-kadence-spacer.kt-block-spacer-20639_1a61f4-83 .kt-divider{border-top-width:1px;height:1px;border-top-color:#eee;width:80%;border-top-style:solid;}<\/style>\n<div class=\"wp-block-kadence-spacer aligncenter kt-block-spacer-20639_1a61f4-83\"><div class=\"kt-block-spacer kt-block-spacer-halign-center\"><hr class=\"kt-divider\"\/><\/div><\/div>\n\n\n\n<p><strong>Documents<\/strong><\/p>\n\n\n\n<ul class=\"wp-block-list\">\n<li><a aria-label=\"PhD Study Rules of Procedure at Pavol Jozef \u0160af\u00e1rik University in Ko\u0161ice (opens in a new tab)\" href=\"https:\/\/intranet.upjs.sk\/op\/op.Public.php?documentid=8325\" target=\"_blank\" rel=\"noreferrer noopener\" class=\"ek-link\">PhD Study Rules of Procedure at Pavol Jozef \u0160af\u00e1rik University in Ko\u0161ice<\/a> effective from 1th September 2023<\/li>\n<\/ul>\n\n\n\n<ul class=\"wp-block-list\">\n<li><a aria-label=\"Rector\u2019s Decision no. 6\/2024 (opens in a new tab)\" class=\"ek-link\" href=\"https:\/\/intranet.upjs.sk\/op\/op.Public.php?documentid=10098\" target=\"_blank\" rel=\"noreferrer noopener\">Rector\u2019s Decision No. 9\/2025<\/a> &#8211; Schedules of Fees and Charges in the academic year 2025\/2026\u00a0at UPJ\u0160 in Ko\u0161ice<br><a href=\"https:\/\/intranet.upjs.sk\/op\/op.Public.php?documentid=10274\" target=\"_blank\" rel=\"noreferrer noopener\">Amendment No. 1<\/a><\/li>\n<\/ul>\n\n\n\n<ul class=\"wp-block-list\">\n<li><a href=\"https:\/\/intranet.upjs.sk\/op\/op.Public.php?documentid=7685\" target=\"_blank\" rel=\"noopener\">DIRECTIVE No. 1 \/2011<\/a> on Essential Prerequisites of Final Theses, Doctorate Degree Theses, and Associate Professorship Degree Theses, Release and Making Available Thereof During the Time of Keeping the Same, and Originality Check Valid for Pavol Jozef \u0160af\u00e1rik University in Ko\u0161ice and Its Constituents<br>Amendment <a href=\"https:\/\/intranet.upjs.sk\/op\/op.Public.php?documentid=7680\" target=\"_blank\" rel=\"noopener\">No. 1<\/a>, <a href=\"https:\/\/intranet.upjs.sk\/op\/op.Public.php?documentid=7681\" target=\"_blank\" rel=\"noopener\">No. 2<\/a>, <a href=\"https:\/\/intranet.upjs.sk\/op\/op.Public.php?documentid=7682\" target=\"_blank\" rel=\"noopener\">No. 3<\/a>, <a href=\"https:\/\/intranet.upjs.sk\/op\/op.Public.php?documentid=7683\" target=\"_blank\" rel=\"noopener\">No. 4<\/a><br><a aria-label=\" (opens in a new tab)\" class=\"ek-link\" href=\"https:\/\/www.upjs.sk\/app\/uploads\/sites\/7\/2022\/09\/SablonaZP-EN-2022-with-instructions.dotx\" target=\"_blank\" rel=\"noreferrer noopener\">Final thesis template<\/a>&nbsp;(.dotx)<\/li>\n<\/ul>\n","protected":false},"excerpt":{"rendered":"<p>Vice-Dean for Research and Doctoral Studiesprof. PhDr. Mari\u00e1n Andri\u010d\u00edk, PhD. \u2709 marian.andricik@upjs.sk\u2706 +421 55 234 7189; +421 918 923 063 PhD Study Office:Mgr. Gabriela Onu\u0161kov\u00e1, PhD. \u2709 gabriela.onuskova@upjs.sk\u2706 +421 55 234 7116 Documents<\/p>\n","protected":false},"author":1,"featured_media":0,"parent":0,"menu_order":22,"comment_status":"closed","ping_status":"closed","template":"","meta":{"_acf_changed":false,"_editorskit_title_hidden":false,"_editorskit_reading_time":1,"_editorskit_is_block_options_detached":false,"_editorskit_block_options_position":"{}","footnotes":""},"categories":[],"tags":[],"class_list":["post-20639","page","type-page","status-publish","hentry"],"acf":{"acf_link_na_externy_obsah":""},"yoast_head":"<!-- This site is optimized with the Yoast SEO plugin v27.4 - https:\/\/yoast.com\/product\/yoast-seo-wordpress\/ -->\n<title>PhD Studies - Filozofick\u00e1 fakulta | UPJ\u0160<\/title>\n<meta name=\"robots\" content=\"index, follow, max-snippet:-1, max-image-preview:large, max-video-preview:-1\" \/>\n<link rel=\"canonical\" href=\"https:\/\/www.upjs.sk\/filozoficka-fakulta\/en\/phd-studies\/\" \/>\n<meta property=\"og:locale\" content=\"en_US\" \/>\n<meta property=\"og:type\" content=\"article\" \/>\n<meta property=\"og:title\" content=\"PhD Studies - Filozofick\u00e1 fakulta | UPJ\u0160\" \/>\n<meta property=\"og:description\" content=\"Vice-Dean for Research and Doctoral Studiesprof. PhDr. Mari\u00e1n Andri\u010d\u00edk, PhD. \u2709 marian.andricik@upjs.sk\u2706 +421 55 234 7189; +421 918 923 063 PhD Study Office:Mgr. Gabriela Onu\u0161kov\u00e1, PhD. \u2709 gabriela.onuskova@upjs.sk\u2706 +421 55 234 7116 Documents\" \/>\n<meta property=\"og:url\" content=\"https:\/\/www.upjs.sk\/filozoficka-fakulta\/en\/phd-studies\/\" \/>\n<meta property=\"og:site_name\" content=\"Filozofick\u00e1 fakulta | UPJ\u0160\" \/>\n<meta property=\"article:modified_time\" content=\"2025-09-01T14:16:42+00:00\" \/>\n<meta name=\"twitter:card\" content=\"summary_large_image\" \/>\n<meta name=\"twitter:label1\" content=\"Est. reading time\" \/>\n\t<meta name=\"twitter:data1\" content=\"1 minute\" \/>\n<script type=\"application\/ld+json\" class=\"yoast-schema-graph\">{\"@context\":\"https:\\\/\\\/schema.org\",\"@graph\":[{\"@type\":\"WebPage\",\"@id\":\"https:\\\/\\\/www.upjs.sk\\\/filozoficka-fakulta\\\/en\\\/phd-studies\\\/\",\"url\":\"https:\\\/\\\/www.upjs.sk\\\/filozoficka-fakulta\\\/en\\\/phd-studies\\\/\",\"name\":\"PhD Studies - Filozofick\u00e1 fakulta | UPJ\u0160\",\"isPartOf\":{\"@id\":\"https:\\\/\\\/www.upjs.sk\\\/filozoficka-fakulta\\\/en\\\/#website\"},\"datePublished\":\"2022-09-27T12:52:00+00:00\",\"dateModified\":\"2025-09-01T14:16:42+00:00\",\"breadcrumb\":{\"@id\":\"https:\\\/\\\/www.upjs.sk\\\/filozoficka-fakulta\\\/en\\\/phd-studies\\\/#breadcrumb\"},\"inLanguage\":\"en-US\",\"potentialAction\":[{\"@type\":\"ReadAction\",\"target\":[\"https:\\\/\\\/www.upjs.sk\\\/filozoficka-fakulta\\\/en\\\/phd-studies\\\/\"]}]},{\"@type\":\"BreadcrumbList\",\"@id\":\"https:\\\/\\\/www.upjs.sk\\\/filozoficka-fakulta\\\/en\\\/phd-studies\\\/#breadcrumb\",\"itemListElement\":[{\"@type\":\"ListItem\",\"position\":1,\"name\":\"Home\",\"item\":\"https:\\\/\\\/www.upjs.sk\\\/filozoficka-fakulta\\\/en\\\/\"},{\"@type\":\"ListItem\",\"position\":2,\"name\":\"PhD Studies\"}]},{\"@type\":\"WebSite\",\"@id\":\"https:\\\/\\\/www.upjs.sk\\\/filozoficka-fakulta\\\/en\\\/#website\",\"url\":\"https:\\\/\\\/www.upjs.sk\\\/filozoficka-fakulta\\\/en\\\/\",\"name\":\"Filozofick\u00e1 fakulta | UPJ\u0160\",\"description\":\"\",\"publisher\":{\"@id\":\"https:\\\/\\\/www.upjs.sk\\\/filozoficka-fakulta\\\/en\\\/#organization\"},\"potentialAction\":[{\"@type\":\"SearchAction\",\"target\":{\"@type\":\"EntryPoint\",\"urlTemplate\":\"https:\\\/\\\/www.upjs.sk\\\/filozoficka-fakulta\\\/en\\\/?s={search_term_string}\"},\"query-input\":{\"@type\":\"PropertyValueSpecification\",\"valueRequired\":true,\"valueName\":\"search_term_string\"}}],\"inLanguage\":\"en-US\"},{\"@type\":\"Organization\",\"@id\":\"https:\\\/\\\/www.upjs.sk\\\/filozoficka-fakulta\\\/en\\\/#organization\",\"name\":\"Filozofick\u00e1 fakulta | UPJ\u0160\",\"url\":\"https:\\\/\\\/www.upjs.sk\\\/filozoficka-fakulta\\\/en\\\/\",\"logo\":{\"@type\":\"ImageObject\",\"inLanguage\":\"en-US\",\"@id\":\"https:\\\/\\\/www.upjs.sk\\\/filozoficka-fakulta\\\/en\\\/#\\\/schema\\\/logo\\\/image\\\/\",\"url\":\"https:\\\/\\\/www.upjs.sk\\\/app\\\/uploads\\\/sites\\\/7\\\/2023\\\/02\\\/FF_ENG_frame.svg\",\"contentUrl\":\"https:\\\/\\\/www.upjs.sk\\\/app\\\/uploads\\\/sites\\\/7\\\/2023\\\/02\\\/FF_ENG_frame.svg\",\"width\":292,\"height\":61,\"caption\":\"Filozofick\u00e1 fakulta | UPJ\u0160\"},\"image\":{\"@id\":\"https:\\\/\\\/www.upjs.sk\\\/filozoficka-fakulta\\\/en\\\/#\\\/schema\\\/logo\\\/image\\\/\"}}]}<\/script>\n<!-- \/ Yoast SEO plugin. -->","yoast_head_json":{"title":"PhD Studies - Filozofick\u00e1 fakulta | UPJ\u0160","robots":{"index":"index","follow":"follow","max-snippet":"max-snippet:-1","max-image-preview":"max-image-preview:large","max-video-preview":"max-video-preview:-1"},"canonical":"https:\/\/www.upjs.sk\/filozoficka-fakulta\/en\/phd-studies\/","og_locale":"en_US","og_type":"article","og_title":"PhD Studies - Filozofick\u00e1 fakulta | UPJ\u0160","og_description":"Vice-Dean for Research and Doctoral Studiesprof. PhDr. Mari\u00e1n Andri\u010d\u00edk, PhD. \u2709 marian.andricik@upjs.sk\u2706 +421 55 234 7189; +421 918 923 063 PhD Study Office:Mgr. Gabriela Onu\u0161kov\u00e1, PhD. \u2709 gabriela.onuskova@upjs.sk\u2706 +421 55 234 7116 Documents","og_url":"https:\/\/www.upjs.sk\/filozoficka-fakulta\/en\/phd-studies\/","og_site_name":"Filozofick\u00e1 fakulta | UPJ\u0160","article_modified_time":"2025-09-01T14:16:42+00:00","twitter_card":"summary_large_image","twitter_misc":{"Est. reading time":"1 minute"},"schema":{"@context":"https:\/\/schema.org","@graph":[{"@type":"WebPage","@id":"https:\/\/www.upjs.sk\/filozoficka-fakulta\/en\/phd-studies\/","url":"https:\/\/www.upjs.sk\/filozoficka-fakulta\/en\/phd-studies\/","name":"PhD Studies - Filozofick\u00e1 fakulta | UPJ\u0160","isPartOf":{"@id":"https:\/\/www.upjs.sk\/filozoficka-fakulta\/en\/#website"},"datePublished":"2022-09-27T12:52:00+00:00","dateModified":"2025-09-01T14:16:42+00:00","breadcrumb":{"@id":"https:\/\/www.upjs.sk\/filozoficka-fakulta\/en\/phd-studies\/#breadcrumb"},"inLanguage":"en-US","potentialAction":[{"@type":"ReadAction","target":["https:\/\/www.upjs.sk\/filozoficka-fakulta\/en\/phd-studies\/"]}]},{"@type":"BreadcrumbList","@id":"https:\/\/www.upjs.sk\/filozoficka-fakulta\/en\/phd-studies\/#breadcrumb","itemListElement":[{"@type":"ListItem","position":1,"name":"Home","item":"https:\/\/www.upjs.sk\/filozoficka-fakulta\/en\/"},{"@type":"ListItem","position":2,"name":"PhD Studies"}]},{"@type":"WebSite","@id":"https:\/\/www.upjs.sk\/filozoficka-fakulta\/en\/#website","url":"https:\/\/www.upjs.sk\/filozoficka-fakulta\/en\/","name":"Filozofick\u00e1 fakulta | UPJ\u0160","description":"","publisher":{"@id":"https:\/\/www.upjs.sk\/filozoficka-fakulta\/en\/#organization"},"potentialAction":[{"@type":"SearchAction","target":{"@type":"EntryPoint","urlTemplate":"https:\/\/www.upjs.sk\/filozoficka-fakulta\/en\/?s={search_term_string}"},"query-input":{"@type":"PropertyValueSpecification","valueRequired":true,"valueName":"search_term_string"}}],"inLanguage":"en-US"},{"@type":"Organization","@id":"https:\/\/www.upjs.sk\/filozoficka-fakulta\/en\/#organization","name":"Filozofick\u00e1 fakulta | UPJ\u0160","url":"https:\/\/www.upjs.sk\/filozoficka-fakulta\/en\/","logo":{"@type":"ImageObject","inLanguage":"en-US","@id":"https:\/\/www.upjs.sk\/filozoficka-fakulta\/en\/#\/schema\/logo\/image\/","url":"https:\/\/www.upjs.sk\/app\/uploads\/sites\/7\/2023\/02\/FF_ENG_frame.svg","contentUrl":"https:\/\/www.upjs.sk\/app\/uploads\/sites\/7\/2023\/02\/FF_ENG_frame.svg","width":292,"height":61,"caption":"Filozofick\u00e1 fakulta | UPJ\u0160"},"image":{"@id":"https:\/\/www.upjs.sk\/filozoficka-fakulta\/en\/#\/schema\/logo\/image\/"}}]}},"_links":{"self":[{"href":"https:\/\/www.upjs.sk\/filozoficka-fakulta\/en\/wp-json\/wp\/v2\/pages\/20639","targetHints":{"allow":["GET"]}}],"collection":[{"href":"https:\/\/www.upjs.sk\/filozoficka-fakulta\/en\/wp-json\/wp\/v2\/pages"}],"about":[{"href":"https:\/\/www.upjs.sk\/filozoficka-fakulta\/en\/wp-json\/wp\/v2\/types\/page"}],"author":[{"embeddable":true,"href":"https:\/\/www.upjs.sk\/filozoficka-fakulta\/en\/wp-json\/wp\/v2\/users\/1"}],"replies":[{"embeddable":true,"href":"https:\/\/www.upjs.sk\/filozoficka-fakulta\/en\/wp-json\/wp\/v2\/comments?post=20639"}],"version-history":[{"count":20,"href":"https:\/\/www.upjs.sk\/filozoficka-fakulta\/en\/wp-json\/wp\/v2\/pages\/20639\/revisions"}],"predecessor-version":[{"id":56164,"href":"https:\/\/www.upjs.sk\/filozoficka-fakulta\/en\/wp-json\/wp\/v2\/pages\/20639\/revisions\/56164"}],"wp:attachment":[{"href":"https:\/\/www.upjs.sk\/filozoficka-fakulta\/en\/wp-json\/wp\/v2\/media?parent=20639"}],"wp:term":[{"taxonomy":"category","embeddable":true,"href":"https:\/\/www.upjs.sk\/filozoficka-fakulta\/en\/wp-json\/wp\/v2\/categories?post=20639"},{"taxonomy":"post_tag","embeddable":true,"href":"https:\/\/www.upjs.sk\/filozoficka-fakulta\/en\/wp-json\/wp\/v2\/tags?post=20639"}],"curies":[{"name":"wp","href":"https:\/\/api.w.org\/{rel}","templated":true}]}}