{"id":37280,"date":"2022-11-23T12:33:34","date_gmt":"2022-11-23T11:33:34","guid":{"rendered":"https:\/\/www.upjs.sk\/filozoficka-fakulta\/?page_id=37280"},"modified":"2026-04-09T08:19:47","modified_gmt":"2026-04-09T07:19:47","slug":"students","status":"publish","type":"page","link":"https:\/\/www.upjs.sk\/filozoficka-fakulta\/en\/students\/","title":{"rendered":"Bachelor and Master Studies"},"content":{"rendered":"<style>.kb-row-layout-id37280_dbcb12-08 > .kt-row-column-wrap{align-content:start;}:where(.kb-row-layout-id37280_dbcb12-08 > .kt-row-column-wrap) > .wp-block-kadence-column{justify-content:start;}.kb-row-layout-id37280_dbcb12-08 > .kt-row-column-wrap{column-gap:var(--global-kb-gap-md, 2rem);row-gap:var(--global-kb-gap-md, 2rem);padding-top:10px;padding-bottom:10px;grid-template-columns:repeat(2, minmax(0, 1fr));}.kb-row-layout-id37280_dbcb12-08 > .kt-row-layout-overlay{opacity:0.30;}@media all and (max-width: 1024px){.kb-row-layout-id37280_dbcb12-08 > .kt-row-column-wrap{grid-template-columns:repeat(2, minmax(0, 1fr));}}@media all and (max-width: 767px){.kb-row-layout-id37280_dbcb12-08 > .kt-row-column-wrap{grid-template-columns:minmax(0, 1fr);}}<\/style><div class=\"kb-row-layout-wrap kb-row-layout-id37280_dbcb12-08 alignnone wp-block-kadence-rowlayout\"><div class=\"kt-row-column-wrap kt-has-2-columns kt-row-layout-equal kt-tab-layout-inherit kt-mobile-layout-row kt-row-valign-top\">\n<style>.kadence-column37280_cc2c47-3d > .kt-inside-inner-col{padding-top:10px;padding-left:19px;}.kadence-column37280_cc2c47-3d > .kt-inside-inner-col{box-shadow:0px 0px 14px 0px #D6D6D6;}.kadence-column37280_cc2c47-3d > .kt-inside-inner-col,.kadence-column37280_cc2c47-3d > .kt-inside-inner-col:before{border-top-left-radius:0px;border-top-right-radius:0px;border-bottom-right-radius:0px;border-bottom-left-radius:0px;}.kadence-column37280_cc2c47-3d > .kt-inside-inner-col{column-gap:var(--global-kb-gap-sm, 1rem);}.kadence-column37280_cc2c47-3d > .kt-inside-inner-col{flex-direction:column;}.kadence-column37280_cc2c47-3d > .kt-inside-inner-col > .aligncenter{width:100%;}.kadence-column37280_cc2c47-3d > .kt-inside-inner-col:before{opacity:0.3;}.kadence-column37280_cc2c47-3d{position:relative;}@media all and (max-width: 1024px){.kadence-column37280_cc2c47-3d > .kt-inside-inner-col{flex-direction:column;justify-content:center;}}@media all and (max-width: 767px){.kadence-column37280_cc2c47-3d > .kt-inside-inner-col{flex-direction:column;justify-content:center;}}<\/style>\n<div class=\"wp-block-kadence-column kadence-column37280_cc2c47-3d inner-column-1\"><div class=\"kt-inside-inner-col\">\n<p>Vice-Dean for Education<br><strong><a class=\"ek-link\" href=\"https:\/\/www.upjs.sk\/en\/FF\/zamestnanec\/eugen.andreansky\/\" target=\"_blank\" rel=\"noreferrer noopener\"><\/a><a href=\"https:\/\/www.upjs.sk\/FF\/zamestnanec\/beata.raczova\" target=\"_blank\" rel=\"noreferrer noopener\"><strong>doc. PhDr. Be\u00e1ta R\u00e1czov\u00e1, PhD<\/strong><\/a><\/strong><a aria-label=\" (opens in a new tab)\" class=\"ek-link\" href=\"https:\/\/www.upjs.sk\/en\/FF\/zamestnanec\/beata.raczova\" target=\"_blank\" rel=\"noreferrer noopener\"><strong>.<\/strong><\/a><\/p>\n\n\n\n<p>\u2709 <a aria-label=\" (opens in a new tab)\" href=\"mailto:%20beata.raczova@upjs.sk\" target=\"_blank\" rel=\"noreferrer noopener\" class=\"ek-link\">beata.raczova@upjs.sk<\/a><br>\u2706 +421 55 234 7113; +421 948 987 937<\/p>\n<\/div><\/div>\n\n\n<style>.kadence-column37280_ecbe54-97 > .kt-inside-inner-col{padding-top:10px;padding-left:20px;}.kadence-column37280_ecbe54-97 > .kt-inside-inner-col{box-shadow:0px 0px 14px 0px #D6D6D6;}.kadence-column37280_ecbe54-97 > .kt-inside-inner-col,.kadence-column37280_ecbe54-97 > .kt-inside-inner-col:before{border-top-left-radius:0px;border-top-right-radius:0px;border-bottom-right-radius:0px;border-bottom-left-radius:0px;}.kadence-column37280_ecbe54-97 > .kt-inside-inner-col{column-gap:var(--global-kb-gap-sm, 1rem);}.kadence-column37280_ecbe54-97 > .kt-inside-inner-col{flex-direction:column;}.kadence-column37280_ecbe54-97 > .kt-inside-inner-col > .aligncenter{width:100%;}.kadence-column37280_ecbe54-97 > .kt-inside-inner-col:before{opacity:0.3;}.kadence-column37280_ecbe54-97{position:relative;}@media all and (max-width: 1024px){.kadence-column37280_ecbe54-97 > .kt-inside-inner-col{flex-direction:column;justify-content:center;}}@media all and (max-width: 767px){.kadence-column37280_ecbe54-97 > .kt-inside-inner-col{flex-direction:column;justify-content:center;}}<\/style>\n<div class=\"wp-block-kadence-column kadence-column37280_ecbe54-97 inner-column-2\"><div class=\"kt-inside-inner-col\">\n<p>Student Administration Office:<br><strong>Ing. Jana Barto\u0161ov\u00e1 Quitkov\u00e1<\/strong><\/p>\n\n\n\n<p>\u2709&nbsp;<a href=\"mailto:jana.bartosova.quitkova@upjs.sk\" target=\"_blank\" rel=\"noreferrer noopener\">jana.bartosova.quitkova@upjs.sk<\/a><br>\u2706 +421 55 234 7120; +421 948 904 632<\/p>\n<\/div><\/div>\n\n<\/div><\/div>\n\n<style>.wp-block-kadence-spacer.kt-block-spacer-37280_21b51f-cf .kt-block-spacer{height:30px;}.wp-block-kadence-spacer.kt-block-spacer-37280_21b51f-cf .kt-divider{border-top-width:1px;height:1px;border-top-color:#eee;width:80%;border-top-style:solid;}<\/style>\n<div class=\"wp-block-kadence-spacer aligncenter kt-block-spacer-37280_21b51f-cf\"><div class=\"kt-block-spacer kt-block-spacer-halign-center\"><hr class=\"kt-divider\"\/><\/div><\/div>\n\n\n\n<p><a href=\"https:\/\/www.upjs.sk\/app\/uploads\/sites\/7\/2026\/04\/tutoriFF-2025-2026-sj-aj.pdf\" target=\"_blank\" rel=\"noreferrer noopener\">Study Counsellors \u2013 Tutors for Students of the Faculty of Arts, UPJ\u0160<\/a><\/p>\n\n\n<style>.wp-block-kadence-spacer.kt-block-spacer-37280_b10086-a5 .kt-block-spacer{height:30px;}.wp-block-kadence-spacer.kt-block-spacer-37280_b10086-a5 .kt-divider{border-top-width:1px;height:1px;border-top-color:#eee;width:80%;border-top-style:solid;}<\/style>\n<div class=\"wp-block-kadence-spacer aligncenter kt-block-spacer-37280_b10086-a5\"><div class=\"kt-block-spacer kt-block-spacer-halign-center\"><hr class=\"kt-divider\"\/><\/div><\/div>\n\n\n\n<p><strong>Documents<\/strong><\/p>\n\n\n\n<ul class=\"wp-block-list\">\n<li><a href=\"https:\/\/intranet.upjs.sk\/op\/op.Public.php?documentid=10310\" target=\"_blank\" rel=\"noreferrer noopener\">Study Rules of Procedure at Pavol Jozef \u0160af\u00e1rik University in Ko\u0161ice for the 1st, the 2nd, and the Conjunct 1st and 2nd Levels of Study<\/a> <strong><sup><mark style=\"background-color:rgba(0, 0, 0, 0);color:#ed1c24\" class=\"has-inline-color\">new!<\/mark><\/sup><\/strong> <span style=\"font-size: 10px;\">(valid from 1 September 2025)<\/span><\/li>\n\n\n\n<li><a aria-label=\" (opens in a new tab)\" class=\"ek-link\" href=\"https:\/\/intranet.upjs.sk\/op\/op.Public.php?documentid=7760\" target=\"_blank\" rel=\"noreferrer noopener\">Directive of the Dean regarding the implementation of the Study Rules of Procedure at Pavol Jozef \u0160af\u00e1rik University in Ko\u0161ice within the Faculty of Arts n. 1\/2025<\/a> <strong><sup><mark style=\"background-color:rgba(0, 0, 0, 0);color:#ed1c24\" class=\"has-inline-color\">new!<\/mark><\/sup><\/strong> <span style=\"font-size: 10px;\">(valid from 22 September 2025)<\/span><\/li>\n<\/ul>\n\n\n\n<ul class=\"wp-block-list\">\n<li><a aria-label=\"Rector\u2019s Decision no. 6\/2024 (opens in a new tab)\" class=\"ek-link\" href=\"https:\/\/intranet.upjs.sk\/op\/op.Public.php?documentid=10098\" target=\"_blank\" rel=\"noreferrer noopener\">Rector\u2019s Decision No. 9\/2025<\/a> &#8211; Schedules of Fees and Charges in the academic year 2025\/2026&nbsp;at UPJ\u0160 in Ko\u0161ice<br><a href=\"https:\/\/intranet.upjs.sk\/op\/op.Public.php?documentid=10274\" target=\"_blank\" rel=\"noreferrer noopener\">Amendment No. 1<\/a><\/li>\n<\/ul>\n\n\n\n<ul class=\"wp-block-list\">\n<li><a href=\"https:\/\/intranet.upjs.sk\/op\/op.Public.php?documentid=8404\" target=\"_blank\" aria-label=\"Scholarship Regulations at Pavol Jozef \u0160af\u00e1rik University in Ko\u0161ice (opens in a new tab)\" rel=\"noreferrer noopener\" class=\"ek-link\">Scholarship Regulations at Pavol Jozef \u0160af\u00e1rik University in Ko\u0161ice<\/a><\/li>\n<\/ul>\n\n\n\n<ul class=\"wp-block-list\">\n<li><a aria-label=\"DIRECTIVE No. 1 \/2011 (opens in a new tab)\" class=\"ek-link\" href=\"https:\/\/intranet.upjs.sk\/op\/op.Public.php?documentid=7685\" target=\"_blank\" rel=\"noreferrer noopener\">DIRECTIVE No. 1 \/2011<\/a>&nbsp;on Essential Prerequisites of Final Theses, Doctorate Degree Theses, and Associate Professorship Degree Theses, Release and Making Available Thereof During the Time of Keeping the Same, and Originality Check Valid for Pavol Jozef \u0160af\u00e1rik University in Ko\u0161ice and Its Constituents<br>Amendment <a aria-label=\" (opens in a new tab)\" class=\"ek-link\" href=\"https:\/\/intranet.upjs.sk\/op\/op.Public.php?documentid=7680\" target=\"_blank\" rel=\"noreferrer noopener\">No. 1<\/a>,&nbsp;<a aria-label=\" (opens in a new tab)\" class=\"ek-link\" href=\"https:\/\/intranet.upjs.sk\/op\/op.Public.php?documentid=7681\" target=\"_blank\" rel=\"noreferrer noopener\">No. 2<\/a>,&nbsp;<a aria-label=\" (opens in a new tab)\" class=\"ek-link\" href=\"https:\/\/intranet.upjs.sk\/op\/op.Public.php?documentid=7682\" target=\"_blank\" rel=\"noreferrer noopener\">No. 3<\/a>,&nbsp;<a aria-label=\" (opens in a new tab)\" class=\"ek-link\" href=\"https:\/\/intranet.upjs.sk\/op\/op.Public.php?documentid=7683\" target=\"_blank\" rel=\"noreferrer noopener\">No. 4<\/a><br><a aria-label=\" (opens in a new tab)\" class=\"ek-link\" href=\"https:\/\/www.upjs.sk\/app\/uploads\/sites\/7\/2022\/09\/SablonaZP-EN-2022-with-instructions.dotx\" target=\"_blank\" rel=\"noreferrer noopener\">Final thesis template<\/a>&nbsp;(.dotx)<\/li>\n<\/ul>\n","protected":false},"excerpt":{"rendered":"<p>Vice-Dean for Educationdoc. PhDr. Be\u00e1ta R\u00e1czov\u00e1, PhD. \u2709 beata.raczova@upjs.sk\u2706 +421 55 234 7113; +421 948 987 937 Student Administration Office:Ing. Jana Barto\u0161ov\u00e1 Quitkov\u00e1 \u2709&nbsp;jana.bartosova.quitkova@upjs.sk\u2706 +421 55 234 7120; +421 948 904 632 Study Counsellors \u2013 Tutors for Students of the Faculty of Arts, UPJ\u0160 Documents<\/p>\n","protected":false},"author":21,"featured_media":0,"parent":0,"menu_order":21,"comment_status":"closed","ping_status":"closed","template":"","meta":{"_acf_changed":false,"_editorskit_title_hidden":false,"_editorskit_reading_time":1,"_editorskit_is_block_options_detached":false,"_editorskit_block_options_position":"{}","footnotes":""},"categories":[],"tags":[],"class_list":["post-37280","page","type-page","status-publish","hentry"],"acf":{"acf_link_na_externy_obsah":""},"yoast_head":"<!-- This site is optimized with the Yoast SEO plugin v27.4 - https:\/\/yoast.com\/product\/yoast-seo-wordpress\/ -->\n<title>Bachelor and Master Studies - Filozofick\u00e1 fakulta | UPJ\u0160<\/title>\n<meta name=\"robots\" content=\"index, follow, max-snippet:-1, max-image-preview:large, max-video-preview:-1\" \/>\n<link rel=\"canonical\" href=\"https:\/\/www.upjs.sk\/filozoficka-fakulta\/en\/students\/\" \/>\n<meta property=\"og:locale\" content=\"en_US\" \/>\n<meta property=\"og:type\" content=\"article\" \/>\n<meta property=\"og:title\" content=\"Bachelor and Master Studies - Filozofick\u00e1 fakulta | UPJ\u0160\" \/>\n<meta property=\"og:description\" content=\"Vice-Dean for Educationdoc. PhDr. Be\u00e1ta R\u00e1czov\u00e1, PhD. \u2709 beata.raczova@upjs.sk\u2706 +421 55 234 7113; +421 948 987 937 Student Administration Office:Ing. Jana Barto\u0161ov\u00e1 Quitkov\u00e1 \u2709&nbsp;jana.bartosova.quitkova@upjs.sk\u2706 +421 55 234 7120; +421 948 904 632 Study Counsellors \u2013 Tutors for Students of the Faculty of Arts, UPJ\u0160 Documents\" \/>\n<meta property=\"og:url\" content=\"https:\/\/www.upjs.sk\/filozoficka-fakulta\/en\/students\/\" \/>\n<meta property=\"og:site_name\" content=\"Filozofick\u00e1 fakulta | UPJ\u0160\" \/>\n<meta property=\"article:modified_time\" content=\"2026-04-09T07:19:47+00:00\" \/>\n<meta name=\"twitter:card\" content=\"summary_large_image\" \/>\n<meta name=\"twitter:label1\" content=\"Est. reading time\" \/>\n\t<meta name=\"twitter:data1\" content=\"2 minutes\" \/>\n<script type=\"application\/ld+json\" class=\"yoast-schema-graph\">{\"@context\":\"https:\\\/\\\/schema.org\",\"@graph\":[{\"@type\":\"WebPage\",\"@id\":\"https:\\\/\\\/www.upjs.sk\\\/filozoficka-fakulta\\\/en\\\/students\\\/\",\"url\":\"https:\\\/\\\/www.upjs.sk\\\/filozoficka-fakulta\\\/en\\\/students\\\/\",\"name\":\"Bachelor and Master Studies - Filozofick\u00e1 fakulta | UPJ\u0160\",\"isPartOf\":{\"@id\":\"https:\\\/\\\/www.upjs.sk\\\/filozoficka-fakulta\\\/en\\\/#website\"},\"datePublished\":\"2022-11-23T11:33:34+00:00\",\"dateModified\":\"2026-04-09T07:19:47+00:00\",\"breadcrumb\":{\"@id\":\"https:\\\/\\\/www.upjs.sk\\\/filozoficka-fakulta\\\/en\\\/students\\\/#breadcrumb\"},\"inLanguage\":\"en-US\",\"potentialAction\":[{\"@type\":\"ReadAction\",\"target\":[\"https:\\\/\\\/www.upjs.sk\\\/filozoficka-fakulta\\\/en\\\/students\\\/\"]}]},{\"@type\":\"BreadcrumbList\",\"@id\":\"https:\\\/\\\/www.upjs.sk\\\/filozoficka-fakulta\\\/en\\\/students\\\/#breadcrumb\",\"itemListElement\":[{\"@type\":\"ListItem\",\"position\":1,\"name\":\"Home\",\"item\":\"https:\\\/\\\/www.upjs.sk\\\/filozoficka-fakulta\\\/en\\\/\"},{\"@type\":\"ListItem\",\"position\":2,\"name\":\"Bachelor and Master Studies\"}]},{\"@type\":\"WebSite\",\"@id\":\"https:\\\/\\\/www.upjs.sk\\\/filozoficka-fakulta\\\/en\\\/#website\",\"url\":\"https:\\\/\\\/www.upjs.sk\\\/filozoficka-fakulta\\\/en\\\/\",\"name\":\"Filozofick\u00e1 fakulta | UPJ\u0160\",\"description\":\"\",\"publisher\":{\"@id\":\"https:\\\/\\\/www.upjs.sk\\\/filozoficka-fakulta\\\/en\\\/#organization\"},\"potentialAction\":[{\"@type\":\"SearchAction\",\"target\":{\"@type\":\"EntryPoint\",\"urlTemplate\":\"https:\\\/\\\/www.upjs.sk\\\/filozoficka-fakulta\\\/en\\\/?s={search_term_string}\"},\"query-input\":{\"@type\":\"PropertyValueSpecification\",\"valueRequired\":true,\"valueName\":\"search_term_string\"}}],\"inLanguage\":\"en-US\"},{\"@type\":\"Organization\",\"@id\":\"https:\\\/\\\/www.upjs.sk\\\/filozoficka-fakulta\\\/en\\\/#organization\",\"name\":\"Filozofick\u00e1 fakulta | UPJ\u0160\",\"url\":\"https:\\\/\\\/www.upjs.sk\\\/filozoficka-fakulta\\\/en\\\/\",\"logo\":{\"@type\":\"ImageObject\",\"inLanguage\":\"en-US\",\"@id\":\"https:\\\/\\\/www.upjs.sk\\\/filozoficka-fakulta\\\/en\\\/#\\\/schema\\\/logo\\\/image\\\/\",\"url\":\"https:\\\/\\\/www.upjs.sk\\\/app\\\/uploads\\\/sites\\\/7\\\/2023\\\/02\\\/FF_ENG_frame.svg\",\"contentUrl\":\"https:\\\/\\\/www.upjs.sk\\\/app\\\/uploads\\\/sites\\\/7\\\/2023\\\/02\\\/FF_ENG_frame.svg\",\"width\":292,\"height\":61,\"caption\":\"Filozofick\u00e1 fakulta | UPJ\u0160\"},\"image\":{\"@id\":\"https:\\\/\\\/www.upjs.sk\\\/filozoficka-fakulta\\\/en\\\/#\\\/schema\\\/logo\\\/image\\\/\"}}]}<\/script>\n<!-- \/ Yoast SEO plugin. -->","yoast_head_json":{"title":"Bachelor and Master Studies - Filozofick\u00e1 fakulta | UPJ\u0160","robots":{"index":"index","follow":"follow","max-snippet":"max-snippet:-1","max-image-preview":"max-image-preview:large","max-video-preview":"max-video-preview:-1"},"canonical":"https:\/\/www.upjs.sk\/filozoficka-fakulta\/en\/students\/","og_locale":"en_US","og_type":"article","og_title":"Bachelor and Master Studies - Filozofick\u00e1 fakulta | UPJ\u0160","og_description":"Vice-Dean for Educationdoc. PhDr. Be\u00e1ta R\u00e1czov\u00e1, PhD. \u2709 beata.raczova@upjs.sk\u2706 +421 55 234 7113; +421 948 987 937 Student Administration Office:Ing. Jana Barto\u0161ov\u00e1 Quitkov\u00e1 \u2709&nbsp;jana.bartosova.quitkova@upjs.sk\u2706 +421 55 234 7120; +421 948 904 632 Study Counsellors \u2013 Tutors for Students of the Faculty of Arts, UPJ\u0160 Documents","og_url":"https:\/\/www.upjs.sk\/filozoficka-fakulta\/en\/students\/","og_site_name":"Filozofick\u00e1 fakulta | UPJ\u0160","article_modified_time":"2026-04-09T07:19:47+00:00","twitter_card":"summary_large_image","twitter_misc":{"Est. reading time":"2 minutes"},"schema":{"@context":"https:\/\/schema.org","@graph":[{"@type":"WebPage","@id":"https:\/\/www.upjs.sk\/filozoficka-fakulta\/en\/students\/","url":"https:\/\/www.upjs.sk\/filozoficka-fakulta\/en\/students\/","name":"Bachelor and Master Studies - Filozofick\u00e1 fakulta | UPJ\u0160","isPartOf":{"@id":"https:\/\/www.upjs.sk\/filozoficka-fakulta\/en\/#website"},"datePublished":"2022-11-23T11:33:34+00:00","dateModified":"2026-04-09T07:19:47+00:00","breadcrumb":{"@id":"https:\/\/www.upjs.sk\/filozoficka-fakulta\/en\/students\/#breadcrumb"},"inLanguage":"en-US","potentialAction":[{"@type":"ReadAction","target":["https:\/\/www.upjs.sk\/filozoficka-fakulta\/en\/students\/"]}]},{"@type":"BreadcrumbList","@id":"https:\/\/www.upjs.sk\/filozoficka-fakulta\/en\/students\/#breadcrumb","itemListElement":[{"@type":"ListItem","position":1,"name":"Home","item":"https:\/\/www.upjs.sk\/filozoficka-fakulta\/en\/"},{"@type":"ListItem","position":2,"name":"Bachelor and Master Studies"}]},{"@type":"WebSite","@id":"https:\/\/www.upjs.sk\/filozoficka-fakulta\/en\/#website","url":"https:\/\/www.upjs.sk\/filozoficka-fakulta\/en\/","name":"Filozofick\u00e1 fakulta | UPJ\u0160","description":"","publisher":{"@id":"https:\/\/www.upjs.sk\/filozoficka-fakulta\/en\/#organization"},"potentialAction":[{"@type":"SearchAction","target":{"@type":"EntryPoint","urlTemplate":"https:\/\/www.upjs.sk\/filozoficka-fakulta\/en\/?s={search_term_string}"},"query-input":{"@type":"PropertyValueSpecification","valueRequired":true,"valueName":"search_term_string"}}],"inLanguage":"en-US"},{"@type":"Organization","@id":"https:\/\/www.upjs.sk\/filozoficka-fakulta\/en\/#organization","name":"Filozofick\u00e1 fakulta | UPJ\u0160","url":"https:\/\/www.upjs.sk\/filozoficka-fakulta\/en\/","logo":{"@type":"ImageObject","inLanguage":"en-US","@id":"https:\/\/www.upjs.sk\/filozoficka-fakulta\/en\/#\/schema\/logo\/image\/","url":"https:\/\/www.upjs.sk\/app\/uploads\/sites\/7\/2023\/02\/FF_ENG_frame.svg","contentUrl":"https:\/\/www.upjs.sk\/app\/uploads\/sites\/7\/2023\/02\/FF_ENG_frame.svg","width":292,"height":61,"caption":"Filozofick\u00e1 fakulta | UPJ\u0160"},"image":{"@id":"https:\/\/www.upjs.sk\/filozoficka-fakulta\/en\/#\/schema\/logo\/image\/"}}]}},"_links":{"self":[{"href":"https:\/\/www.upjs.sk\/filozoficka-fakulta\/en\/wp-json\/wp\/v2\/pages\/37280","targetHints":{"allow":["GET"]}}],"collection":[{"href":"https:\/\/www.upjs.sk\/filozoficka-fakulta\/en\/wp-json\/wp\/v2\/pages"}],"about":[{"href":"https:\/\/www.upjs.sk\/filozoficka-fakulta\/en\/wp-json\/wp\/v2\/types\/page"}],"author":[{"embeddable":true,"href":"https:\/\/www.upjs.sk\/filozoficka-fakulta\/en\/wp-json\/wp\/v2\/users\/21"}],"replies":[{"embeddable":true,"href":"https:\/\/www.upjs.sk\/filozoficka-fakulta\/en\/wp-json\/wp\/v2\/comments?post=37280"}],"version-history":[{"count":20,"href":"https:\/\/www.upjs.sk\/filozoficka-fakulta\/en\/wp-json\/wp\/v2\/pages\/37280\/revisions"}],"predecessor-version":[{"id":59546,"href":"https:\/\/www.upjs.sk\/filozoficka-fakulta\/en\/wp-json\/wp\/v2\/pages\/37280\/revisions\/59546"}],"wp:attachment":[{"href":"https:\/\/www.upjs.sk\/filozoficka-fakulta\/en\/wp-json\/wp\/v2\/media?parent=37280"}],"wp:term":[{"taxonomy":"category","embeddable":true,"href":"https:\/\/www.upjs.sk\/filozoficka-fakulta\/en\/wp-json\/wp\/v2\/categories?post=37280"},{"taxonomy":"post_tag","embeddable":true,"href":"https:\/\/www.upjs.sk\/filozoficka-fakulta\/en\/wp-json\/wp\/v2\/tags?post=37280"}],"curies":[{"name":"wp","href":"https:\/\/api.w.org\/{rel}","templated":true}]}}