{"id":37829,"date":"2022-12-14T14:16:22","date_gmt":"2022-12-14T13:16:22","guid":{"rendered":"https:\/\/www.upjs.sk\/filozoficka-fakulta\/?page_id=37829"},"modified":"2026-03-31T13:18:13","modified_gmt":"2026-03-31T12:18:13","slug":"academic-senate","status":"publish","type":"page","link":"https:\/\/www.upjs.sk\/filozoficka-fakulta\/en\/academic-senate\/","title":{"rendered":"Academic Senate"},"content":{"rendered":"<style>.kb-row-layout-id37829_72f9ed-f9 > .kt-row-column-wrap{align-content:start;}:where(.kb-row-layout-id37829_72f9ed-f9 > .kt-row-column-wrap) > .wp-block-kadence-column{justify-content:start;}.kb-row-layout-id37829_72f9ed-f9 > .kt-row-column-wrap{column-gap:var(--global-kb-gap-md, 2rem);row-gap:var(--global-kb-gap-md, 2rem);padding-top:var(--global-kb-spacing-sm, 1.5rem);padding-bottom:var(--global-kb-spacing-xs, 1rem);grid-template-columns:minmax(0, 1fr) minmax(0, 2fr);}.kb-row-layout-id37829_72f9ed-f9 > .kt-row-layout-overlay{opacity:0.30;}@media all and (max-width: 1024px){.kb-row-layout-id37829_72f9ed-f9 > .kt-row-column-wrap{grid-template-columns:minmax(0, 1fr) minmax(0, 2fr);}}@media all and (max-width: 767px){.kb-row-layout-id37829_72f9ed-f9 > .kt-row-column-wrap{grid-template-columns:minmax(0, 1fr);}}<\/style><div class=\"kb-row-layout-wrap kb-row-layout-id37829_72f9ed-f9 alignnone has-bg-siva-background-color kt-row-has-bg wp-block-kadence-rowlayout\"><div class=\"kt-row-column-wrap kt-has-2-columns kt-row-layout-right-golden kt-tab-layout-inherit kt-mobile-layout-row kt-row-valign-top\">\n<style>.kadence-column37829_bd266f-06 > .kt-inside-inner-col,.kadence-column37829_bd266f-06 > .kt-inside-inner-col:before{border-top-left-radius:0px;border-top-right-radius:0px;border-bottom-right-radius:0px;border-bottom-left-radius:0px;}.kadence-column37829_bd266f-06 > .kt-inside-inner-col{column-gap:var(--global-kb-gap-sm, 1rem);}.kadence-column37829_bd266f-06 > .kt-inside-inner-col{flex-direction:column;}.kadence-column37829_bd266f-06 > .kt-inside-inner-col > .aligncenter{width:100%;}.kadence-column37829_bd266f-06 > .kt-inside-inner-col:before{opacity:0.3;}.kadence-column37829_bd266f-06{position:relative;}@media all and (max-width: 1024px){.kadence-column37829_bd266f-06 > .kt-inside-inner-col{flex-direction:column;justify-content:center;}}@media all and (max-width: 767px){.kadence-column37829_bd266f-06 > .kt-inside-inner-col{flex-direction:column;justify-content:center;}}<\/style>\n<div class=\"wp-block-kadence-column kadence-column37829_bd266f-06\"><div class=\"kt-inside-inner-col\"><style>.kb-image37829_d05506-46 .kb-image-has-overlay:after{opacity:0.3;border-top-left-radius:5px;border-top-right-radius:5px;border-bottom-right-radius:5px;border-bottom-left-radius:5px;}.kb-image37829_d05506-46 img.kb-img, .kb-image37829_d05506-46 .kb-img img{border-top-left-radius:5px;border-top-right-radius:5px;border-bottom-right-radius:5px;border-bottom-left-radius:5px;}<\/style>\n<figure class=\"wp-block-kadence-image kb-image37829_d05506-46 size-medium\"><img loading=\"lazy\" decoding=\"async\" width=\"225\" height=\"300\" src=\"https:\/\/www.upjs.sk\/app\/uploads\/sites\/7\/2023\/05\/Hajducekova-2023-225x300.png\" alt=\"\" class=\"kb-img wp-image-41922\" srcset=\"https:\/\/www.upjs.sk\/app\/uploads\/sites\/7\/2023\/05\/Hajducekova-2023-225x300.png 225w, https:\/\/www.upjs.sk\/app\/uploads\/sites\/7\/2023\/05\/Hajducekova-2023.png 750w\" sizes=\"auto, (max-width: 225px) 100vw, 225px\" \/><\/figure>\n<\/div><\/div>\n\n\n<style>.kadence-column37829_9355b5-75 > .kt-inside-inner-col{display:flex;}.kadence-column37829_9355b5-75 > .kt-inside-inner-col,.kadence-column37829_9355b5-75 > .kt-inside-inner-col:before{border-top-left-radius:0px;border-top-right-radius:0px;border-bottom-right-radius:0px;border-bottom-left-radius:0px;}.kadence-column37829_9355b5-75 > .kt-inside-inner-col{column-gap:var(--global-kb-gap-sm, 1rem);}.kadence-column37829_9355b5-75 > .kt-inside-inner-col{flex-direction:column;justify-content:center;}.kadence-column37829_9355b5-75 > .kt-inside-inner-col > .aligncenter{width:100%;}.kt-row-column-wrap > .kadence-column37829_9355b5-75{align-self:center;}.kt-inner-column-height-full:not(.kt-has-1-columns) > .wp-block-kadence-column.kadence-column37829_9355b5-75{align-self:auto;}.kt-inner-column-height-full:not(.kt-has-1-columns) > .wp-block-kadence-column.kadence-column37829_9355b5-75 > .kt-inside-inner-col{flex-direction:column;justify-content:center;}.kadence-column37829_9355b5-75 > .kt-inside-inner-col:before{opacity:0.3;}.kadence-column37829_9355b5-75{position:relative;}@media all and (max-width: 1024px){.kt-row-column-wrap > .kadence-column37829_9355b5-75{align-self:center;}}@media all and (max-width: 1024px){.kt-inner-column-height-full:not(.kt-has-1-columns) > .wp-block-kadence-column.kadence-column37829_9355b5-75{align-self:auto;}}@media all and (max-width: 1024px){.kt-inner-column-height-full:not(.kt-has-1-columns) > .wp-block-kadence-column.kadence-column37829_9355b5-75 > .kt-inside-inner-col{flex-direction:column;justify-content:center;}}@media all and (max-width: 1024px){.kadence-column37829_9355b5-75 > .kt-inside-inner-col{flex-direction:column;justify-content:center;}}@media all and (max-width: 767px){.kt-row-column-wrap > .kadence-column37829_9355b5-75{align-self:center;}.kt-inner-column-height-full:not(.kt-has-1-columns) > .wp-block-kadence-column.kadence-column37829_9355b5-75{align-self:auto;}.kt-inner-column-height-full:not(.kt-has-1-columns) > .wp-block-kadence-column.kadence-column37829_9355b5-75 > .kt-inside-inner-col{flex-direction:column;justify-content:center;}.kadence-column37829_9355b5-75 > .kt-inside-inner-col{flex-direction:column;justify-content:center;}}<\/style>\n<div class=\"wp-block-kadence-column kadence-column37829_9355b5-75\"><div class=\"kt-inside-inner-col\">\n<p><strong><a aria-label=\"doc. PaedDr. Ivica Hajdu\u010dekov\u00e1, PhD. (opens in a new tab)\" href=\"https:\/\/www.upjs.sk\/en\/FF\/employee\/ivica.hajducekova\/\" target=\"_blank\" rel=\"noreferrer noopener\" class=\"ek-link\">doc. PaedDr. Ivica Hajdu\u010dekov\u00e1, PhD.<\/a><\/strong><br>Chair of the AS FF UPJ\u0160<\/p>\n\n\n\n<p>\u2709 <a aria-label=\"ivica.hajducekova@upjs.sk (opens in a new tab)\" href=\"mailto:ivica.hajducekova@upjs.sk\" target=\"_blank\" rel=\"noreferrer noopener\" class=\"ek-link\">ivica.hajducekova@upjs.sk<\/a><br>\u2706 +421 55 234 7136; +421 940 647 060<\/p>\n<\/div><\/div>\n\n<\/div><\/div>\n\n\n<p class=\"has-medium-font-size\"><strong><mark style=\"background-color:rgba(0, 0, 0, 0)\" class=\"has-inline-color has-filozoficka-f-color\">Academic Senate of the Faculty of Arts of Pavol Jozef \u0160af\u00e1rik University (AS FF UPJ\u0160) in Ko\u0161ice<\/mark><\/strong><br>(Since Dec. 19, 2022)<\/p>\n\n\n\n<p><strong>The Employee Part of the AS FF UPJ\u0160:<\/strong><\/p>\n\n\n\n<p><em>Department of British and American Studies<\/em><br>\u25e6 Mgr. Zuzana <strong>BUR\u00c1KOV\u00c1<\/strong>, PhD. \u2013 <em><strong>Vice-Chair of the AS FF UPJ\u0160<\/strong><\/em> (since 19 June 2023)<br>\u25e6 Mgr. Petra <strong>FILIPOV\u00c1<\/strong>, PhD.<br><em>Department of Philosophy<\/em><br>\u25e6 PhDr. Du\u0161an <strong>HRU\u0160KA<\/strong>, PhD.<br><em>Department of Germanic Studies<\/em><br>\u25e6 doc. Dr. rer. pol. Michaela <strong>KOV\u00c1\u010cOV\u00c1<\/strong><br><em>Department of History<\/em><br>\u25e6 doc. Mgr. Drahoslav <strong>MAGDO\u0160KO<\/strong>, PhD.<br>\u25e6 Mgr. Zuzana <strong>TOK\u00c1ROV\u00c1<\/strong>, PhD.<br><em>Department of Classical Philology<\/em><br>\u25e6 doc. Mgr. Erika <strong>BROD\u0147ANSK\u00c1<\/strong>, PhD.<br><em>Department of Educational Psychology and Psychology of Health<\/em><br>\u25e6 <mark style=\"background-color:rgba(0, 0, 0, 0);color:#999999\" class=\"has-inline-color\">doc. PhDr. Beata GAJDO\u0160OV\u00c1, PhD. (until 11 May 2023)<\/mark><br>\u25e6 doc. Mgr. M\u00e1ria <strong>BA\u010c\u00cdKOV\u00c1<\/strong>, PhD. (since 12 May 2023)<br><em>Department of Education<\/em><br>\u25e6 <mark style=\"background-color:rgba(0, 0, 0, 0);color:#999999\" class=\"has-inline-color\">doc. PaedDr. Ren\u00e1ta OROSOV\u00c1, PhD. \u2013 <em>Vice-Chair of the AS FF UPJ\u0160<\/em> (until 11 May 2023)<\/mark><br>\u25e6 PaedDr. Michal\u00a0<strong>NOVOCK\u00dd<\/strong>, PhD.\u00a0(since 12 May 2023)<br><em>Department of Political Science<\/em><br>\u25e6 doc. PhDr. Daniel <strong>DOBIA\u0160<\/strong>, PhD., university professor<br><em>Department of Psychology<\/em><br>\u25e6 <mark style=\"background-color:rgba(0, 0, 0, 0);color:#999999\" class=\"has-inline-color\">doc. PhDr. Be\u00e1ta R\u00c1CZOV\u00c1, PhD. (until 11 May 2023)<\/mark> <br>\u25e6 prof. Ing. Mgr. Jozef <strong>BAVO\u013d\u00c1R<\/strong>, PhD. (since 12 May 2023)<br><em>Department of Slovak Studies, Slavonic Philologies, and Communication<\/em><br>\u25e6 PhDr. Mari\u00e1n <strong>GLADI\u0160<\/strong>, PhD.<br>\u25e6 doc. PaedDr. Ivica <strong>HAJDU\u010cEKOV\u00c1<\/strong>, PhD. \u2013 <strong><em>Chair of the AS FF UPJ\u0160<\/em><\/strong><br><em>Department of Social Work<\/em><br>\u25e6 prof. Mgr. So\u0148a <strong>LOVA\u0160OV\u00c1<\/strong>, PhD.<br><em>Language Training Centre<\/em><br>\u25e6 PaedDr. L\u00edvia <strong>VA\u0160KOV\u00c1<\/strong>, PhD.<br><em>Dean&#8217;s Office<\/em><br>\u25e6 Ing. Jana <strong>BARTO\u0160OV\u00c1 QUITKOV\u00c1<\/strong><\/p>\n\n\n\n<p><strong>The Student Part of the AS FF UPJ\u0160:<\/strong><\/p>\n\n\n\n<p>\u25e6 Mgr. Sofia <strong>BEDNAR\u010c\u00cdKOV\u00c1<\/strong><br>\u25e6 Mgr. M\u00e1ria <strong>DENCIOV\u00c1<\/strong> (since 23 October 2024)<br>\u25e6 <mark style=\"background-color:rgba(0, 0, 0, 0);color:#999999\" class=\"has-inline-color\">Mgr. Jana GREGOV\u00c1 \u2013 <em>Vice-Chair of the AS FF UPJ\u0160<\/em> (until 28 August 2024)<\/mark> <br>\u25e6 <mark style=\"background-color:rgba(0, 0, 0, 0);color:#999999\" class=\"has-inline-color\">PhDr. Luk\u00e1\u0161 JAKABOVI\u010c, MBA (until 28 August 2024)<\/mark><br>\u25e6 <mark style=\"background-color:rgba(0, 0, 0, 0);color:#999999\" class=\"has-inline-color\">Bc. Vikt\u00f3ria KOLL\u00c1ROV\u00c1 (until 3 June 2025)<\/mark><br>\u25e6 Mgr. Timotej <strong>MIKLO\u0160<\/strong> (since 18 October 2023)<br>\u25e6 Mgr. Samuel Vladim\u00edr <strong>SEDL\u00c1K<\/strong><br>\u25e6 <mark style=\"background-color:rgba(0, 0, 0, 0);color:#999999\" class=\"has-inline-color\">Samuel SINGH (until 22 August 2023)<\/mark><br>\u25e6 Mgr. Andrea <strong>SKYBOV\u00c1<\/strong> (since 22 September 2025)<br>\u25e6 Mgr. M\u00e1ria Lujza <strong>S\u00ddKOROV\u00c1<\/strong>&nbsp;(since 22 September 2025)<br>\u25e6 Erik <strong>SZAB\u00d3<\/strong> (since 30 September 2024)<br>\u25e6 <mark style=\"background-color:rgba(0, 0, 0, 0);color:#999999\" class=\"has-inline-color\">Mgr. Tom\u00e1\u0161 \u0160E\u010eO \u2013 <em>Vice-Chair of the AS FF UPJ\u0160<\/em> (until 25 August 2025)<\/mark><br>\u25e6 Mgr. Monika <strong>TRESOV\u00c1<\/strong> \u2013 <strong><em>Vice-Chair of the AS FF UPJ\u0160<\/em><\/strong> (since 22 September 2025)<\/p>\n","protected":false},"excerpt":{"rendered":"<p>doc. PaedDr. Ivica Hajdu\u010dekov\u00e1, PhD.Chair of the AS FF UPJ\u0160 \u2709 ivica.hajducekova@upjs.sk\u2706 +421 55 234 7136; +421 940 647 060 Academic Senate of the Faculty of Arts of Pavol Jozef \u0160af\u00e1rik University (AS FF UPJ\u0160) in Ko\u0161ice(Since Dec. 19, 2022) The Employee Part of the AS FF UPJ\u0160: Department of British and American Studies\u25e6 Mgr. &hellip; <a href=\"https:\/\/www.upjs.sk\/filozoficka-fakulta\/en\/academic-senate\/\">Continued<\/a><\/p>\n","protected":false},"author":21,"featured_media":0,"parent":0,"menu_order":5,"comment_status":"closed","ping_status":"closed","template":"","meta":{"_acf_changed":false,"_editorskit_title_hidden":false,"_editorskit_reading_time":1,"_editorskit_is_block_options_detached":false,"_editorskit_block_options_position":"{}","footnotes":""},"categories":[],"tags":[],"class_list":["post-37829","page","type-page","status-publish","hentry"],"acf":{"acf_link_na_externy_obsah":""},"yoast_head":"<!-- This site is optimized with the Yoast SEO plugin v27.4 - https:\/\/yoast.com\/product\/yoast-seo-wordpress\/ -->\n<title>Academic Senate - Filozofick\u00e1 fakulta | UPJ\u0160<\/title>\n<meta name=\"robots\" content=\"index, follow, max-snippet:-1, max-image-preview:large, max-video-preview:-1\" \/>\n<link rel=\"canonical\" href=\"https:\/\/www.upjs.sk\/filozoficka-fakulta\/en\/academic-senate\/\" \/>\n<meta property=\"og:locale\" content=\"en_US\" \/>\n<meta property=\"og:type\" content=\"article\" \/>\n<meta property=\"og:title\" content=\"Academic Senate - Filozofick\u00e1 fakulta | UPJ\u0160\" \/>\n<meta property=\"og:description\" content=\"doc. PaedDr. Ivica Hajdu\u010dekov\u00e1, PhD.Chair of the AS FF UPJ\u0160 \u2709 ivica.hajducekova@upjs.sk\u2706 +421 55 234 7136; +421 940 647 060 Academic Senate of the Faculty of Arts of Pavol Jozef \u0160af\u00e1rik University (AS FF UPJ\u0160) in Ko\u0161ice(Since Dec. 19, 2022) The Employee Part of the AS FF UPJ\u0160: Department of British and American Studies\u25e6 Mgr. &hellip; Continued\" \/>\n<meta property=\"og:url\" content=\"https:\/\/www.upjs.sk\/filozoficka-fakulta\/en\/academic-senate\/\" \/>\n<meta property=\"og:site_name\" content=\"Filozofick\u00e1 fakulta | UPJ\u0160\" \/>\n<meta property=\"article:modified_time\" content=\"2026-03-31T12:18:13+00:00\" \/>\n<meta property=\"og:image\" content=\"https:\/\/www.upjs.sk\/app\/uploads\/sites\/7\/2023\/05\/Hajducekova-2023.png\" \/>\n\t<meta property=\"og:image:width\" content=\"750\" \/>\n\t<meta property=\"og:image:height\" content=\"1000\" \/>\n\t<meta property=\"og:image:type\" content=\"image\/png\" \/>\n<meta name=\"twitter:card\" content=\"summary_large_image\" \/>\n<meta name=\"twitter:label1\" content=\"Est. reading time\" \/>\n\t<meta name=\"twitter:data1\" content=\"3 minutes\" \/>\n<script type=\"application\/ld+json\" class=\"yoast-schema-graph\">{\"@context\":\"https:\\\/\\\/schema.org\",\"@graph\":[{\"@type\":\"WebPage\",\"@id\":\"https:\\\/\\\/www.upjs.sk\\\/filozoficka-fakulta\\\/en\\\/academic-senate\\\/\",\"url\":\"https:\\\/\\\/www.upjs.sk\\\/filozoficka-fakulta\\\/en\\\/academic-senate\\\/\",\"name\":\"Academic Senate - Filozofick\u00e1 fakulta | UPJ\u0160\",\"isPartOf\":{\"@id\":\"https:\\\/\\\/www.upjs.sk\\\/filozoficka-fakulta\\\/en\\\/#website\"},\"primaryImageOfPage\":{\"@id\":\"https:\\\/\\\/www.upjs.sk\\\/filozoficka-fakulta\\\/en\\\/academic-senate\\\/#primaryimage\"},\"image\":{\"@id\":\"https:\\\/\\\/www.upjs.sk\\\/filozoficka-fakulta\\\/en\\\/academic-senate\\\/#primaryimage\"},\"thumbnailUrl\":\"https:\\\/\\\/www.upjs.sk\\\/app\\\/uploads\\\/sites\\\/7\\\/2023\\\/05\\\/Hajducekova-2023-225x300.png\",\"datePublished\":\"2022-12-14T13:16:22+00:00\",\"dateModified\":\"2026-03-31T12:18:13+00:00\",\"breadcrumb\":{\"@id\":\"https:\\\/\\\/www.upjs.sk\\\/filozoficka-fakulta\\\/en\\\/academic-senate\\\/#breadcrumb\"},\"inLanguage\":\"en-US\",\"potentialAction\":[{\"@type\":\"ReadAction\",\"target\":[\"https:\\\/\\\/www.upjs.sk\\\/filozoficka-fakulta\\\/en\\\/academic-senate\\\/\"]}]},{\"@type\":\"ImageObject\",\"inLanguage\":\"en-US\",\"@id\":\"https:\\\/\\\/www.upjs.sk\\\/filozoficka-fakulta\\\/en\\\/academic-senate\\\/#primaryimage\",\"url\":\"https:\\\/\\\/www.upjs.sk\\\/app\\\/uploads\\\/sites\\\/7\\\/2023\\\/05\\\/Hajducekova-2023-225x300.png\",\"contentUrl\":\"https:\\\/\\\/www.upjs.sk\\\/app\\\/uploads\\\/sites\\\/7\\\/2023\\\/05\\\/Hajducekova-2023-225x300.png\"},{\"@type\":\"BreadcrumbList\",\"@id\":\"https:\\\/\\\/www.upjs.sk\\\/filozoficka-fakulta\\\/en\\\/academic-senate\\\/#breadcrumb\",\"itemListElement\":[{\"@type\":\"ListItem\",\"position\":1,\"name\":\"Home\",\"item\":\"https:\\\/\\\/www.upjs.sk\\\/filozoficka-fakulta\\\/en\\\/\"},{\"@type\":\"ListItem\",\"position\":2,\"name\":\"Academic Senate\"}]},{\"@type\":\"WebSite\",\"@id\":\"https:\\\/\\\/www.upjs.sk\\\/filozoficka-fakulta\\\/en\\\/#website\",\"url\":\"https:\\\/\\\/www.upjs.sk\\\/filozoficka-fakulta\\\/en\\\/\",\"name\":\"Filozofick\u00e1 fakulta | UPJ\u0160\",\"description\":\"\",\"publisher\":{\"@id\":\"https:\\\/\\\/www.upjs.sk\\\/filozoficka-fakulta\\\/en\\\/#organization\"},\"potentialAction\":[{\"@type\":\"SearchAction\",\"target\":{\"@type\":\"EntryPoint\",\"urlTemplate\":\"https:\\\/\\\/www.upjs.sk\\\/filozoficka-fakulta\\\/en\\\/?s={search_term_string}\"},\"query-input\":{\"@type\":\"PropertyValueSpecification\",\"valueRequired\":true,\"valueName\":\"search_term_string\"}}],\"inLanguage\":\"en-US\"},{\"@type\":\"Organization\",\"@id\":\"https:\\\/\\\/www.upjs.sk\\\/filozoficka-fakulta\\\/en\\\/#organization\",\"name\":\"Filozofick\u00e1 fakulta | UPJ\u0160\",\"url\":\"https:\\\/\\\/www.upjs.sk\\\/filozoficka-fakulta\\\/en\\\/\",\"logo\":{\"@type\":\"ImageObject\",\"inLanguage\":\"en-US\",\"@id\":\"https:\\\/\\\/www.upjs.sk\\\/filozoficka-fakulta\\\/en\\\/#\\\/schema\\\/logo\\\/image\\\/\",\"url\":\"https:\\\/\\\/www.upjs.sk\\\/app\\\/uploads\\\/sites\\\/7\\\/2023\\\/02\\\/FF_ENG_frame.svg\",\"contentUrl\":\"https:\\\/\\\/www.upjs.sk\\\/app\\\/uploads\\\/sites\\\/7\\\/2023\\\/02\\\/FF_ENG_frame.svg\",\"width\":292,\"height\":61,\"caption\":\"Filozofick\u00e1 fakulta | UPJ\u0160\"},\"image\":{\"@id\":\"https:\\\/\\\/www.upjs.sk\\\/filozoficka-fakulta\\\/en\\\/#\\\/schema\\\/logo\\\/image\\\/\"}}]}<\/script>\n<!-- \/ Yoast SEO plugin. -->","yoast_head_json":{"title":"Academic Senate - Filozofick\u00e1 fakulta | UPJ\u0160","robots":{"index":"index","follow":"follow","max-snippet":"max-snippet:-1","max-image-preview":"max-image-preview:large","max-video-preview":"max-video-preview:-1"},"canonical":"https:\/\/www.upjs.sk\/filozoficka-fakulta\/en\/academic-senate\/","og_locale":"en_US","og_type":"article","og_title":"Academic Senate - Filozofick\u00e1 fakulta | UPJ\u0160","og_description":"doc. PaedDr. Ivica Hajdu\u010dekov\u00e1, PhD.Chair of the AS FF UPJ\u0160 \u2709 ivica.hajducekova@upjs.sk\u2706 +421 55 234 7136; +421 940 647 060 Academic Senate of the Faculty of Arts of Pavol Jozef \u0160af\u00e1rik University (AS FF UPJ\u0160) in Ko\u0161ice(Since Dec. 19, 2022) The Employee Part of the AS FF UPJ\u0160: Department of British and American Studies\u25e6 Mgr. &hellip; Continued","og_url":"https:\/\/www.upjs.sk\/filozoficka-fakulta\/en\/academic-senate\/","og_site_name":"Filozofick\u00e1 fakulta | UPJ\u0160","article_modified_time":"2026-03-31T12:18:13+00:00","og_image":[{"width":750,"height":1000,"url":"https:\/\/www.upjs.sk\/app\/uploads\/sites\/7\/2023\/05\/Hajducekova-2023.png","type":"image\/png"}],"twitter_card":"summary_large_image","twitter_misc":{"Est. reading time":"3 minutes"},"schema":{"@context":"https:\/\/schema.org","@graph":[{"@type":"WebPage","@id":"https:\/\/www.upjs.sk\/filozoficka-fakulta\/en\/academic-senate\/","url":"https:\/\/www.upjs.sk\/filozoficka-fakulta\/en\/academic-senate\/","name":"Academic Senate - Filozofick\u00e1 fakulta | UPJ\u0160","isPartOf":{"@id":"https:\/\/www.upjs.sk\/filozoficka-fakulta\/en\/#website"},"primaryImageOfPage":{"@id":"https:\/\/www.upjs.sk\/filozoficka-fakulta\/en\/academic-senate\/#primaryimage"},"image":{"@id":"https:\/\/www.upjs.sk\/filozoficka-fakulta\/en\/academic-senate\/#primaryimage"},"thumbnailUrl":"https:\/\/www.upjs.sk\/app\/uploads\/sites\/7\/2023\/05\/Hajducekova-2023-225x300.png","datePublished":"2022-12-14T13:16:22+00:00","dateModified":"2026-03-31T12:18:13+00:00","breadcrumb":{"@id":"https:\/\/www.upjs.sk\/filozoficka-fakulta\/en\/academic-senate\/#breadcrumb"},"inLanguage":"en-US","potentialAction":[{"@type":"ReadAction","target":["https:\/\/www.upjs.sk\/filozoficka-fakulta\/en\/academic-senate\/"]}]},{"@type":"ImageObject","inLanguage":"en-US","@id":"https:\/\/www.upjs.sk\/filozoficka-fakulta\/en\/academic-senate\/#primaryimage","url":"https:\/\/www.upjs.sk\/app\/uploads\/sites\/7\/2023\/05\/Hajducekova-2023-225x300.png","contentUrl":"https:\/\/www.upjs.sk\/app\/uploads\/sites\/7\/2023\/05\/Hajducekova-2023-225x300.png"},{"@type":"BreadcrumbList","@id":"https:\/\/www.upjs.sk\/filozoficka-fakulta\/en\/academic-senate\/#breadcrumb","itemListElement":[{"@type":"ListItem","position":1,"name":"Home","item":"https:\/\/www.upjs.sk\/filozoficka-fakulta\/en\/"},{"@type":"ListItem","position":2,"name":"Academic Senate"}]},{"@type":"WebSite","@id":"https:\/\/www.upjs.sk\/filozoficka-fakulta\/en\/#website","url":"https:\/\/www.upjs.sk\/filozoficka-fakulta\/en\/","name":"Filozofick\u00e1 fakulta | UPJ\u0160","description":"","publisher":{"@id":"https:\/\/www.upjs.sk\/filozoficka-fakulta\/en\/#organization"},"potentialAction":[{"@type":"SearchAction","target":{"@type":"EntryPoint","urlTemplate":"https:\/\/www.upjs.sk\/filozoficka-fakulta\/en\/?s={search_term_string}"},"query-input":{"@type":"PropertyValueSpecification","valueRequired":true,"valueName":"search_term_string"}}],"inLanguage":"en-US"},{"@type":"Organization","@id":"https:\/\/www.upjs.sk\/filozoficka-fakulta\/en\/#organization","name":"Filozofick\u00e1 fakulta | UPJ\u0160","url":"https:\/\/www.upjs.sk\/filozoficka-fakulta\/en\/","logo":{"@type":"ImageObject","inLanguage":"en-US","@id":"https:\/\/www.upjs.sk\/filozoficka-fakulta\/en\/#\/schema\/logo\/image\/","url":"https:\/\/www.upjs.sk\/app\/uploads\/sites\/7\/2023\/02\/FF_ENG_frame.svg","contentUrl":"https:\/\/www.upjs.sk\/app\/uploads\/sites\/7\/2023\/02\/FF_ENG_frame.svg","width":292,"height":61,"caption":"Filozofick\u00e1 fakulta | UPJ\u0160"},"image":{"@id":"https:\/\/www.upjs.sk\/filozoficka-fakulta\/en\/#\/schema\/logo\/image\/"}}]}},"_links":{"self":[{"href":"https:\/\/www.upjs.sk\/filozoficka-fakulta\/en\/wp-json\/wp\/v2\/pages\/37829","targetHints":{"allow":["GET"]}}],"collection":[{"href":"https:\/\/www.upjs.sk\/filozoficka-fakulta\/en\/wp-json\/wp\/v2\/pages"}],"about":[{"href":"https:\/\/www.upjs.sk\/filozoficka-fakulta\/en\/wp-json\/wp\/v2\/types\/page"}],"author":[{"embeddable":true,"href":"https:\/\/www.upjs.sk\/filozoficka-fakulta\/en\/wp-json\/wp\/v2\/users\/21"}],"replies":[{"embeddable":true,"href":"https:\/\/www.upjs.sk\/filozoficka-fakulta\/en\/wp-json\/wp\/v2\/comments?post=37829"}],"version-history":[{"count":20,"href":"https:\/\/www.upjs.sk\/filozoficka-fakulta\/en\/wp-json\/wp\/v2\/pages\/37829\/revisions"}],"predecessor-version":[{"id":59502,"href":"https:\/\/www.upjs.sk\/filozoficka-fakulta\/en\/wp-json\/wp\/v2\/pages\/37829\/revisions\/59502"}],"wp:attachment":[{"href":"https:\/\/www.upjs.sk\/filozoficka-fakulta\/en\/wp-json\/wp\/v2\/media?parent=37829"}],"wp:term":[{"taxonomy":"category","embeddable":true,"href":"https:\/\/www.upjs.sk\/filozoficka-fakulta\/en\/wp-json\/wp\/v2\/categories?post=37829"},{"taxonomy":"post_tag","embeddable":true,"href":"https:\/\/www.upjs.sk\/filozoficka-fakulta\/en\/wp-json\/wp\/v2\/tags?post=37829"}],"curies":[{"name":"wp","href":"https:\/\/api.w.org\/{rel}","templated":true}]}}