{"id":52634,"date":"2022-02-02T14:47:28","date_gmt":"2022-02-02T14:47:28","guid":{"rendered":"https:\/\/www.upjs.sk\/filozoficka-fakulta\/uspesni-absolventi\/"},"modified":"2025-02-27T08:40:28","modified_gmt":"2025-02-27T07:40:28","slug":"successful-graduates","status":"publish","type":"page","link":"https:\/\/www.upjs.sk\/filozoficka-fakulta\/en\/successful-graduates\/","title":{"rendered":"Successful Graduates"},"content":{"rendered":"\n<div class=\"wp-block-media-text is-stacked-on-mobile\" style=\"grid-template-columns:18% auto\"><figure class=\"wp-block-media-text__media\"><img loading=\"lazy\" decoding=\"async\" width=\"268\" height=\"265\" src=\"https:\/\/www.upjs.sk\/app\/uploads\/sites\/7\/2022\/10\/foto-bodnar-ff.jpg\" alt=\"uspesni-absolventi\" class=\"wp-image-16740 size-full\"\/><\/figure><div class=\"wp-block-media-text__content\">\n<p><strong>Mgr. Richard Bodn\u00e1r<\/strong><br>Graduate in Psychology (2018)<\/p>\n<\/div><\/div>\n\n\n\n<div style=\"height:20px\" aria-hidden=\"true\" class=\"wp-block-spacer\"><\/div>\n\n\n\n<div class=\"wp-block-media-text is-stacked-on-mobile\" style=\"grid-template-columns:18% auto\"><figure class=\"wp-block-media-text__media\"><img loading=\"lazy\" decoding=\"async\" width=\"268\" height=\"265\" src=\"https:\/\/www.upjs.sk\/app\/uploads\/sites\/7\/2022\/10\/foto-draganovsky-ff.jpg\" alt=\"\" class=\"wp-image-16727 size-full\"\/><\/figure><div class=\"wp-block-media-text__content\">\n<p><strong>Mgr. Mat\u00fa\u0161 Draganovsk\u00fd<\/strong><br>Graduate in English Language for European Institutions and Economy (2014)<\/p>\n<\/div><\/div>\n\n\n\n<div style=\"height:20px\" aria-hidden=\"true\" class=\"wp-block-spacer\"><\/div>\n\n\n\n<div class=\"wp-block-media-text is-stacked-on-mobile\" style=\"grid-template-columns:18% auto\"><figure class=\"wp-block-media-text__media\"><img loading=\"lazy\" decoding=\"async\" width=\"268\" height=\"265\" src=\"https:\/\/www.upjs.sk\/app\/uploads\/sites\/7\/2022\/10\/foto-fazekas-ff.jpg\" alt=\"\" class=\"wp-image-16728 size-full\"\/><\/figure><div class=\"wp-block-media-text__content\">\n<p><strong>Mgr. Martin Fazeka\u0161<\/strong><br>Graduate in Mass-Media Studies (2014) and graduate of Supplementary Pedagogical Study (2016)<\/p>\n<\/div><\/div>\n\n\n\n<div style=\"height:20px\" aria-hidden=\"true\" class=\"wp-block-spacer\"><\/div>\n\n\n\n<div class=\"wp-block-media-text is-stacked-on-mobile\" style=\"grid-template-columns:18% auto\"><figure class=\"wp-block-media-text__media\"><img loading=\"lazy\" decoding=\"async\" width=\"268\" height=\"265\" src=\"https:\/\/www.upjs.sk\/app\/uploads\/sites\/7\/2024\/11\/foto-joska-ff.jpg\" alt=\"\" class=\"wp-image-52391 size-full\"\/><\/figure><div class=\"wp-block-media-text__content\">\n<p><strong>Mgr. Franti\u0161ek J\u00f3ska<\/strong><br>Graduate in Social Work (2018)<\/p>\n<\/div><\/div>\n\n\n\n<div style=\"height:20px\" aria-hidden=\"true\" class=\"wp-block-spacer\"><\/div>\n\n\n\n<div class=\"wp-block-media-text is-stacked-on-mobile\" style=\"grid-template-columns:18% auto\"><figure class=\"wp-block-media-text__media\"><img loading=\"lazy\" decoding=\"async\" width=\"268\" height=\"265\" src=\"https:\/\/www.upjs.sk\/app\/uploads\/sites\/7\/2022\/10\/foto-kosova-ff.jpg\" alt=\"\" class=\"wp-image-16729 size-full\"\/><\/figure><div class=\"wp-block-media-text__content\">\n<p><strong>Mgr. Zdenka Ko\u0161ov\u00e1<\/strong><br>Graduate in Social Work (2011)<\/p>\n<\/div><\/div>\n\n\n\n<div style=\"height:20px\" aria-hidden=\"true\" class=\"wp-block-spacer\"><\/div>\n\n\n\n<div class=\"wp-block-media-text is-stacked-on-mobile\" style=\"grid-template-columns:18% auto\"><figure class=\"wp-block-media-text__media\"><img loading=\"lazy\" decoding=\"async\" width=\"268\" height=\"265\" src=\"https:\/\/www.upjs.sk\/app\/uploads\/sites\/7\/2022\/10\/foto-krauszova-ff.jpg\" alt=\"\" class=\"wp-image-16730 size-full\"\/><\/figure><div class=\"wp-block-media-text__content\">\n<p><strong>Mgr. T\u00edmea Krauszov\u00e1<\/strong><br>Graduate in English Language for European Institutions and Economy (2019)<\/p>\n<\/div><\/div>\n\n\n\n<div style=\"height:20px\" aria-hidden=\"true\" class=\"wp-block-spacer\"><\/div>\n\n\n\n<div class=\"wp-block-media-text is-stacked-on-mobile\" style=\"grid-template-columns:18% auto\"><figure class=\"wp-block-media-text__media\"><img loading=\"lazy\" decoding=\"async\" width=\"268\" height=\"265\" src=\"https:\/\/www.upjs.sk\/app\/uploads\/sites\/7\/2025\/01\/foto-kulikova-ff.png\" alt=\"\" class=\"wp-image-53291 size-full\"\/><\/figure><div class=\"wp-block-media-text__content\">\n<p><strong>Mgr. Ter\u00e9zia Kul\u00edkov\u00e1, PhD.<br><\/strong>Graduate in Teaching of Slovak Language and Literature and English Language and Literature (2016) and in PhD Study Programme Literary Science (2020)<\/p>\n<\/div><\/div>\n\n\n\n<div style=\"height:20px\" aria-hidden=\"true\" class=\"wp-block-spacer\"><\/div>\n\n\n\n<div class=\"wp-block-media-text is-stacked-on-mobile\" style=\"grid-template-columns:18% auto\"><figure class=\"wp-block-media-text__media\"><img loading=\"lazy\" decoding=\"async\" width=\"268\" height=\"265\" src=\"https:\/\/www.upjs.sk\/app\/uploads\/sites\/7\/2024\/11\/foto-makova-ff.jpg\" alt=\"\" class=\"wp-image-52430 size-full\"\/><\/figure><div class=\"wp-block-media-text__content\">\n<p><strong>PaedDr. Veronika Makov\u00e1<br><\/strong>Graduate in Teaching of Biology and Psychology (2020), graduate of the rigorous procedure in Teaching of Psychology (2022) and participant of the extension study in School Psychology<\/p>\n<\/div><\/div>\n\n\n\n<div style=\"height:20px\" aria-hidden=\"true\" class=\"wp-block-spacer\"><\/div>\n\n\n\n<div class=\"wp-block-media-text is-stacked-on-mobile\" style=\"grid-template-columns:18% auto\"><figure class=\"wp-block-media-text__media\"><img loading=\"lazy\" decoding=\"async\" width=\"268\" height=\"265\" src=\"https:\/\/www.upjs.sk\/app\/uploads\/sites\/7\/2024\/11\/foto-meressova-ff.jpg\" alt=\"\" class=\"wp-image-52438 size-full\"\/><\/figure><div class=\"wp-block-media-text__content\">\n<p><strong>Mgr. Marianna Mere\u0161\u0161ov\u00e1<\/strong><br>Graduate in Psychology (2015)<\/p>\n<\/div><\/div>\n\n\n\n<div style=\"height:20px\" aria-hidden=\"true\" class=\"wp-block-spacer\"><\/div>\n\n\n\n<div class=\"wp-block-media-text is-stacked-on-mobile\" style=\"grid-template-columns:18% auto\"><figure class=\"wp-block-media-text__media\"><img loading=\"lazy\" decoding=\"async\" width=\"268\" height=\"265\" src=\"https:\/\/www.upjs.sk\/app\/uploads\/sites\/7\/2022\/10\/foto-nutarova-ff.jpg\" alt=\"\" class=\"wp-image-16731 size-full\"\/><\/figure><div class=\"wp-block-media-text__content\">\n<p><strong>Mgr. Vanda Nut\u00e1rov\u00e1<\/strong><br>Graduate in British and American Studies (2013)<\/p>\n<\/div><\/div>\n\n\n\n<div style=\"height:20px\" aria-hidden=\"true\" class=\"wp-block-spacer\"><\/div>\n\n\n\n<div class=\"wp-block-media-text is-stacked-on-mobile\" style=\"grid-template-columns:18% auto\"><figure class=\"wp-block-media-text__media\"><img loading=\"lazy\" decoding=\"async\" width=\"268\" height=\"265\" src=\"https:\/\/www.upjs.sk\/app\/uploads\/sites\/7\/2022\/10\/foto-orosz-ff.jpg\" alt=\"\" class=\"wp-image-16732 size-full\"\/><\/figure><div class=\"wp-block-media-text__content\">\n<p><strong>Mgr. Michal Orosz<\/strong><br>Graduate in British and American Studies (2012)<\/p>\n<\/div><\/div>\n\n\n\n<div style=\"height:20px\" aria-hidden=\"true\" class=\"wp-block-spacer\"><\/div>\n\n\n\n<div class=\"wp-block-media-text is-stacked-on-mobile\" style=\"grid-template-columns:18% auto\"><figure class=\"wp-block-media-text__media\"><img loading=\"lazy\" decoding=\"async\" width=\"268\" height=\"265\" src=\"https:\/\/www.upjs.sk\/app\/uploads\/sites\/7\/2025\/02\/foto-strompova-ff.jpg\" alt=\"\" class=\"wp-image-54132 size-full\"\/><\/figure><div class=\"wp-block-media-text__content\">\n<p><strong><strong>PaedDr. Alena Rap\u010dan \u0160trompov\u00e1<\/strong><br><\/strong>Graduate of Supplementary Pedagogical Study in Slovak Language and Literature (2013) and graduate of the rigorous procedure in Teaching of Slovak Language and Literature (2017)<\/p>\n<\/div><\/div>\n\n\n\n<div style=\"height:20px\" aria-hidden=\"true\" class=\"wp-block-spacer\"><\/div>\n\n\n\n<div class=\"wp-block-media-text is-stacked-on-mobile\" style=\"grid-template-columns:18% auto\"><figure class=\"wp-block-media-text__media\"><img loading=\"lazy\" decoding=\"async\" width=\"268\" height=\"265\" src=\"https:\/\/www.upjs.sk\/app\/uploads\/sites\/7\/2022\/10\/foto-rusnakova-ff.jpg\" alt=\"\" class=\"wp-image-16733 size-full\"\/><\/figure><div class=\"wp-block-media-text__content\">\n<p><strong>Mgr. Ivana Rusn\u00e1kov\u00e1<\/strong><br>Graduate in British and American Studies (2019)<\/p>\n<\/div><\/div>\n\n\n\n<div style=\"height:20px\" aria-hidden=\"true\" class=\"wp-block-spacer\"><\/div>\n\n\n\n<div class=\"wp-block-media-text is-stacked-on-mobile\" style=\"grid-template-columns:18% auto\"><figure class=\"wp-block-media-text__media\"><img loading=\"lazy\" decoding=\"async\" width=\"268\" height=\"265\" src=\"https:\/\/www.upjs.sk\/app\/uploads\/sites\/7\/2022\/10\/foto-strihova-ff.jpg\" alt=\"\" class=\"wp-image-16734 size-full\"\/><\/figure><div class=\"wp-block-media-text__content\">\n<p><strong>Mgr. T\u00edmea Strihov\u00e1<\/strong><br>Graduate in English Language for European Institutions and Economy (2015)<\/p>\n<\/div><\/div>\n\n\n\n<div style=\"height:20px\" aria-hidden=\"true\" class=\"wp-block-spacer\"><\/div>\n\n\n\n<div class=\"wp-block-media-text is-stacked-on-mobile\" style=\"grid-template-columns:18% auto\"><figure class=\"wp-block-media-text__media\"><img loading=\"lazy\" decoding=\"async\" width=\"268\" height=\"265\" src=\"https:\/\/www.upjs.sk\/app\/uploads\/sites\/7\/2022\/10\/foto-trn-ff.jpg\" alt=\"\" class=\"wp-image-16735 size-full\"\/><\/figure><div class=\"wp-block-media-text__content\">\n<p><strong>Mgr. Tom\u00e1\u0161 Trn<\/strong><br>Graduate in British and American Studies (2011)<\/p>\n<\/div><\/div>\n\n\n\n<div style=\"height:20px\" aria-hidden=\"true\" class=\"wp-block-spacer\"><\/div>\n\n\n\n<div class=\"wp-block-media-text is-stacked-on-mobile\" style=\"grid-template-columns:18% auto\"><figure class=\"wp-block-media-text__media\"><img loading=\"lazy\" decoding=\"async\" width=\"268\" height=\"265\" src=\"https:\/\/www.upjs.sk\/app\/uploads\/sites\/7\/2022\/10\/foto-varecha-ff.jpg\" alt=\"\" class=\"wp-image-16736 size-full\"\/><\/figure><div class=\"wp-block-media-text__content\">\n<p><strong>Mgr. Vladim\u00edr Varecha<\/strong><br>Graduate in Mass-Media Studies (2013)<\/p>\n<\/div><\/div>\n\n\n\n<div style=\"height:20px\" aria-hidden=\"true\" class=\"wp-block-spacer\"><\/div>\n\n\n\n<div class=\"wp-block-media-text is-stacked-on-mobile\" style=\"grid-template-columns:18% auto\"><figure class=\"wp-block-media-text__media\"><img loading=\"lazy\" decoding=\"async\" width=\"268\" height=\"265\" src=\"https:\/\/www.upjs.sk\/app\/uploads\/sites\/7\/2022\/10\/foto-uspesny-absolvent.png\" alt=\"\" class=\"wp-image-16737 size-full\"\/><\/figure><div class=\"wp-block-media-text__content\">\n<p><strong>Mgr. Nikoleta Vodov\u00e1<\/strong><br>Graduate in Psychology (2020)<\/p>\n<\/div><\/div>\n\n\n\n<div style=\"height:20px\" aria-hidden=\"true\" class=\"wp-block-spacer\"><\/div>\n\n\n\n<div class=\"wp-block-media-text is-stacked-on-mobile\" style=\"grid-template-columns:18% auto\"><figure class=\"wp-block-media-text__media\"><img loading=\"lazy\" decoding=\"async\" width=\"268\" height=\"265\" src=\"https:\/\/www.upjs.sk\/app\/uploads\/sites\/7\/2022\/10\/foto-zibrinyiova-ff.jpg\" alt=\"\" class=\"wp-image-16738 size-full\"\/><\/figure><div class=\"wp-block-media-text__content\">\n<p><strong>Mgr. Veronika Zibrinyiov\u00e1, PhD.<\/strong><br>Graduate in Psychology (2013) and in PhD Study Programme Social Psychology and Psychology of Work (2016)<\/p>\n<\/div><\/div>\n","protected":false},"excerpt":{"rendered":"<p>Mgr. Richard Bodn\u00e1rGraduate in Psychology (2018) Mgr. Mat\u00fa\u0161 Draganovsk\u00fdGraduate in English Language for European Institutions and Economy (2014) Mgr. Martin Fazeka\u0161Graduate in Mass-Media Studies (2014) and graduate of Supplementary Pedagogical Study (2016) Mgr. Franti\u0161ek J\u00f3skaGraduate in Social Work (2018) Mgr. Zdenka Ko\u0161ov\u00e1Graduate in Social Work (2011) Mgr. T\u00edmea Krauszov\u00e1Graduate in English Language for European Institutions &hellip; <a href=\"https:\/\/www.upjs.sk\/filozoficka-fakulta\/en\/successful-graduates\/\">Continued<\/a><\/p>\n","protected":false},"author":1,"featured_media":0,"parent":0,"menu_order":25,"comment_status":"closed","ping_status":"closed","template":"","meta":{"_acf_changed":false,"_editorskit_title_hidden":false,"_editorskit_reading_time":1,"_editorskit_is_block_options_detached":false,"_editorskit_block_options_position":"{}","footnotes":""},"categories":[],"tags":[],"class_list":["post-52634","page","type-page","status-publish","hentry"],"acf":{"acf_link_na_externy_obsah":""},"yoast_head":"<!-- This site is optimized with the Yoast SEO plugin v27.4 - https:\/\/yoast.com\/product\/yoast-seo-wordpress\/ -->\n<title>Successful Graduates - Filozofick\u00e1 fakulta | UPJ\u0160<\/title>\n<meta name=\"robots\" content=\"index, follow, max-snippet:-1, max-image-preview:large, max-video-preview:-1\" \/>\n<link rel=\"canonical\" href=\"https:\/\/www.upjs.sk\/filozoficka-fakulta\/en\/successful-graduates\/\" \/>\n<meta property=\"og:locale\" content=\"en_US\" \/>\n<meta property=\"og:type\" content=\"article\" \/>\n<meta property=\"og:title\" content=\"Successful Graduates - Filozofick\u00e1 fakulta | UPJ\u0160\" \/>\n<meta property=\"og:description\" content=\"Mgr. Richard Bodn\u00e1rGraduate in Psychology (2018) Mgr. Mat\u00fa\u0161 Draganovsk\u00fdGraduate in English Language for European Institutions and Economy (2014) Mgr. Martin Fazeka\u0161Graduate in Mass-Media Studies (2014) and graduate of Supplementary Pedagogical Study (2016) Mgr. Franti\u0161ek J\u00f3skaGraduate in Social Work (2018) Mgr. Zdenka Ko\u0161ov\u00e1Graduate in Social Work (2011) Mgr. T\u00edmea Krauszov\u00e1Graduate in English Language for European Institutions &hellip; Continued\" \/>\n<meta property=\"og:url\" content=\"https:\/\/www.upjs.sk\/filozoficka-fakulta\/en\/successful-graduates\/\" \/>\n<meta property=\"og:site_name\" content=\"Filozofick\u00e1 fakulta | UPJ\u0160\" \/>\n<meta property=\"article:modified_time\" content=\"2025-02-27T07:40:28+00:00\" \/>\n<meta property=\"og:image\" content=\"https:\/\/www.upjs.sk\/app\/uploads\/sites\/7\/2022\/10\/foto-bodnar-ff.jpg\" \/>\n\t<meta property=\"og:image:width\" content=\"268\" \/>\n\t<meta property=\"og:image:height\" content=\"265\" \/>\n\t<meta property=\"og:image:type\" content=\"image\/jpeg\" \/>\n<meta name=\"twitter:card\" content=\"summary_large_image\" \/>\n<meta name=\"twitter:label1\" content=\"Est. reading time\" \/>\n\t<meta name=\"twitter:data1\" content=\"5 minutes\" \/>\n<script type=\"application\/ld+json\" class=\"yoast-schema-graph\">{\"@context\":\"https:\\\/\\\/schema.org\",\"@graph\":[{\"@type\":\"WebPage\",\"@id\":\"https:\\\/\\\/www.upjs.sk\\\/filozoficka-fakulta\\\/en\\\/successful-graduates\\\/\",\"url\":\"https:\\\/\\\/www.upjs.sk\\\/filozoficka-fakulta\\\/en\\\/successful-graduates\\\/\",\"name\":\"Successful Graduates - Filozofick\u00e1 fakulta | UPJ\u0160\",\"isPartOf\":{\"@id\":\"https:\\\/\\\/www.upjs.sk\\\/filozoficka-fakulta\\\/en\\\/#website\"},\"primaryImageOfPage\":{\"@id\":\"https:\\\/\\\/www.upjs.sk\\\/filozoficka-fakulta\\\/en\\\/successful-graduates\\\/#primaryimage\"},\"image\":{\"@id\":\"https:\\\/\\\/www.upjs.sk\\\/filozoficka-fakulta\\\/en\\\/successful-graduates\\\/#primaryimage\"},\"thumbnailUrl\":\"https:\\\/\\\/www.upjs.sk\\\/app\\\/uploads\\\/sites\\\/7\\\/2022\\\/10\\\/foto-bodnar-ff.jpg\",\"datePublished\":\"2022-02-02T14:47:28+00:00\",\"dateModified\":\"2025-02-27T07:40:28+00:00\",\"breadcrumb\":{\"@id\":\"https:\\\/\\\/www.upjs.sk\\\/filozoficka-fakulta\\\/en\\\/successful-graduates\\\/#breadcrumb\"},\"inLanguage\":\"en-US\",\"potentialAction\":[{\"@type\":\"ReadAction\",\"target\":[\"https:\\\/\\\/www.upjs.sk\\\/filozoficka-fakulta\\\/en\\\/successful-graduates\\\/\"]}]},{\"@type\":\"ImageObject\",\"inLanguage\":\"en-US\",\"@id\":\"https:\\\/\\\/www.upjs.sk\\\/filozoficka-fakulta\\\/en\\\/successful-graduates\\\/#primaryimage\",\"url\":\"https:\\\/\\\/www.upjs.sk\\\/app\\\/uploads\\\/sites\\\/7\\\/2022\\\/10\\\/foto-bodnar-ff.jpg\",\"contentUrl\":\"https:\\\/\\\/www.upjs.sk\\\/app\\\/uploads\\\/sites\\\/7\\\/2022\\\/10\\\/foto-bodnar-ff.jpg\"},{\"@type\":\"BreadcrumbList\",\"@id\":\"https:\\\/\\\/www.upjs.sk\\\/filozoficka-fakulta\\\/en\\\/successful-graduates\\\/#breadcrumb\",\"itemListElement\":[{\"@type\":\"ListItem\",\"position\":1,\"name\":\"Home\",\"item\":\"https:\\\/\\\/www.upjs.sk\\\/filozoficka-fakulta\\\/en\\\/\"},{\"@type\":\"ListItem\",\"position\":2,\"name\":\"Successful Graduates\"}]},{\"@type\":\"WebSite\",\"@id\":\"https:\\\/\\\/www.upjs.sk\\\/filozoficka-fakulta\\\/en\\\/#website\",\"url\":\"https:\\\/\\\/www.upjs.sk\\\/filozoficka-fakulta\\\/en\\\/\",\"name\":\"Filozofick\u00e1 fakulta | UPJ\u0160\",\"description\":\"\",\"publisher\":{\"@id\":\"https:\\\/\\\/www.upjs.sk\\\/filozoficka-fakulta\\\/en\\\/#organization\"},\"potentialAction\":[{\"@type\":\"SearchAction\",\"target\":{\"@type\":\"EntryPoint\",\"urlTemplate\":\"https:\\\/\\\/www.upjs.sk\\\/filozoficka-fakulta\\\/en\\\/?s={search_term_string}\"},\"query-input\":{\"@type\":\"PropertyValueSpecification\",\"valueRequired\":true,\"valueName\":\"search_term_string\"}}],\"inLanguage\":\"en-US\"},{\"@type\":\"Organization\",\"@id\":\"https:\\\/\\\/www.upjs.sk\\\/filozoficka-fakulta\\\/en\\\/#organization\",\"name\":\"Filozofick\u00e1 fakulta | UPJ\u0160\",\"url\":\"https:\\\/\\\/www.upjs.sk\\\/filozoficka-fakulta\\\/en\\\/\",\"logo\":{\"@type\":\"ImageObject\",\"inLanguage\":\"en-US\",\"@id\":\"https:\\\/\\\/www.upjs.sk\\\/filozoficka-fakulta\\\/en\\\/#\\\/schema\\\/logo\\\/image\\\/\",\"url\":\"https:\\\/\\\/www.upjs.sk\\\/app\\\/uploads\\\/sites\\\/7\\\/2023\\\/02\\\/FF_ENG_frame.svg\",\"contentUrl\":\"https:\\\/\\\/www.upjs.sk\\\/app\\\/uploads\\\/sites\\\/7\\\/2023\\\/02\\\/FF_ENG_frame.svg\",\"width\":292,\"height\":61,\"caption\":\"Filozofick\u00e1 fakulta | UPJ\u0160\"},\"image\":{\"@id\":\"https:\\\/\\\/www.upjs.sk\\\/filozoficka-fakulta\\\/en\\\/#\\\/schema\\\/logo\\\/image\\\/\"}}]}<\/script>\n<!-- \/ Yoast SEO plugin. -->","yoast_head_json":{"title":"Successful Graduates - Filozofick\u00e1 fakulta | UPJ\u0160","robots":{"index":"index","follow":"follow","max-snippet":"max-snippet:-1","max-image-preview":"max-image-preview:large","max-video-preview":"max-video-preview:-1"},"canonical":"https:\/\/www.upjs.sk\/filozoficka-fakulta\/en\/successful-graduates\/","og_locale":"en_US","og_type":"article","og_title":"Successful Graduates - Filozofick\u00e1 fakulta | UPJ\u0160","og_description":"Mgr. Richard Bodn\u00e1rGraduate in Psychology (2018) Mgr. Mat\u00fa\u0161 Draganovsk\u00fdGraduate in English Language for European Institutions and Economy (2014) Mgr. Martin Fazeka\u0161Graduate in Mass-Media Studies (2014) and graduate of Supplementary Pedagogical Study (2016) Mgr. Franti\u0161ek J\u00f3skaGraduate in Social Work (2018) Mgr. Zdenka Ko\u0161ov\u00e1Graduate in Social Work (2011) Mgr. T\u00edmea Krauszov\u00e1Graduate in English Language for European Institutions &hellip; Continued","og_url":"https:\/\/www.upjs.sk\/filozoficka-fakulta\/en\/successful-graduates\/","og_site_name":"Filozofick\u00e1 fakulta | UPJ\u0160","article_modified_time":"2025-02-27T07:40:28+00:00","og_image":[{"width":268,"height":265,"url":"https:\/\/www.upjs.sk\/app\/uploads\/sites\/7\/2022\/10\/foto-bodnar-ff.jpg","type":"image\/jpeg"}],"twitter_card":"summary_large_image","twitter_misc":{"Est. reading time":"5 minutes"},"schema":{"@context":"https:\/\/schema.org","@graph":[{"@type":"WebPage","@id":"https:\/\/www.upjs.sk\/filozoficka-fakulta\/en\/successful-graduates\/","url":"https:\/\/www.upjs.sk\/filozoficka-fakulta\/en\/successful-graduates\/","name":"Successful Graduates - Filozofick\u00e1 fakulta | UPJ\u0160","isPartOf":{"@id":"https:\/\/www.upjs.sk\/filozoficka-fakulta\/en\/#website"},"primaryImageOfPage":{"@id":"https:\/\/www.upjs.sk\/filozoficka-fakulta\/en\/successful-graduates\/#primaryimage"},"image":{"@id":"https:\/\/www.upjs.sk\/filozoficka-fakulta\/en\/successful-graduates\/#primaryimage"},"thumbnailUrl":"https:\/\/www.upjs.sk\/app\/uploads\/sites\/7\/2022\/10\/foto-bodnar-ff.jpg","datePublished":"2022-02-02T14:47:28+00:00","dateModified":"2025-02-27T07:40:28+00:00","breadcrumb":{"@id":"https:\/\/www.upjs.sk\/filozoficka-fakulta\/en\/successful-graduates\/#breadcrumb"},"inLanguage":"en-US","potentialAction":[{"@type":"ReadAction","target":["https:\/\/www.upjs.sk\/filozoficka-fakulta\/en\/successful-graduates\/"]}]},{"@type":"ImageObject","inLanguage":"en-US","@id":"https:\/\/www.upjs.sk\/filozoficka-fakulta\/en\/successful-graduates\/#primaryimage","url":"https:\/\/www.upjs.sk\/app\/uploads\/sites\/7\/2022\/10\/foto-bodnar-ff.jpg","contentUrl":"https:\/\/www.upjs.sk\/app\/uploads\/sites\/7\/2022\/10\/foto-bodnar-ff.jpg"},{"@type":"BreadcrumbList","@id":"https:\/\/www.upjs.sk\/filozoficka-fakulta\/en\/successful-graduates\/#breadcrumb","itemListElement":[{"@type":"ListItem","position":1,"name":"Home","item":"https:\/\/www.upjs.sk\/filozoficka-fakulta\/en\/"},{"@type":"ListItem","position":2,"name":"Successful Graduates"}]},{"@type":"WebSite","@id":"https:\/\/www.upjs.sk\/filozoficka-fakulta\/en\/#website","url":"https:\/\/www.upjs.sk\/filozoficka-fakulta\/en\/","name":"Filozofick\u00e1 fakulta | UPJ\u0160","description":"","publisher":{"@id":"https:\/\/www.upjs.sk\/filozoficka-fakulta\/en\/#organization"},"potentialAction":[{"@type":"SearchAction","target":{"@type":"EntryPoint","urlTemplate":"https:\/\/www.upjs.sk\/filozoficka-fakulta\/en\/?s={search_term_string}"},"query-input":{"@type":"PropertyValueSpecification","valueRequired":true,"valueName":"search_term_string"}}],"inLanguage":"en-US"},{"@type":"Organization","@id":"https:\/\/www.upjs.sk\/filozoficka-fakulta\/en\/#organization","name":"Filozofick\u00e1 fakulta | UPJ\u0160","url":"https:\/\/www.upjs.sk\/filozoficka-fakulta\/en\/","logo":{"@type":"ImageObject","inLanguage":"en-US","@id":"https:\/\/www.upjs.sk\/filozoficka-fakulta\/en\/#\/schema\/logo\/image\/","url":"https:\/\/www.upjs.sk\/app\/uploads\/sites\/7\/2023\/02\/FF_ENG_frame.svg","contentUrl":"https:\/\/www.upjs.sk\/app\/uploads\/sites\/7\/2023\/02\/FF_ENG_frame.svg","width":292,"height":61,"caption":"Filozofick\u00e1 fakulta | UPJ\u0160"},"image":{"@id":"https:\/\/www.upjs.sk\/filozoficka-fakulta\/en\/#\/schema\/logo\/image\/"}}]}},"_links":{"self":[{"href":"https:\/\/www.upjs.sk\/filozoficka-fakulta\/en\/wp-json\/wp\/v2\/pages\/52634","targetHints":{"allow":["GET"]}}],"collection":[{"href":"https:\/\/www.upjs.sk\/filozoficka-fakulta\/en\/wp-json\/wp\/v2\/pages"}],"about":[{"href":"https:\/\/www.upjs.sk\/filozoficka-fakulta\/en\/wp-json\/wp\/v2\/types\/page"}],"author":[{"embeddable":true,"href":"https:\/\/www.upjs.sk\/filozoficka-fakulta\/en\/wp-json\/wp\/v2\/users\/1"}],"replies":[{"embeddable":true,"href":"https:\/\/www.upjs.sk\/filozoficka-fakulta\/en\/wp-json\/wp\/v2\/comments?post=52634"}],"version-history":[{"count":14,"href":"https:\/\/www.upjs.sk\/filozoficka-fakulta\/en\/wp-json\/wp\/v2\/pages\/52634\/revisions"}],"predecessor-version":[{"id":54145,"href":"https:\/\/www.upjs.sk\/filozoficka-fakulta\/en\/wp-json\/wp\/v2\/pages\/52634\/revisions\/54145"}],"wp:attachment":[{"href":"https:\/\/www.upjs.sk\/filozoficka-fakulta\/en\/wp-json\/wp\/v2\/media?parent=52634"}],"wp:term":[{"taxonomy":"category","embeddable":true,"href":"https:\/\/www.upjs.sk\/filozoficka-fakulta\/en\/wp-json\/wp\/v2\/categories?post=52634"},{"taxonomy":"post_tag","embeddable":true,"href":"https:\/\/www.upjs.sk\/filozoficka-fakulta\/en\/wp-json\/wp\/v2\/tags?post=52634"}],"curies":[{"name":"wp","href":"https:\/\/api.w.org\/{rel}","templated":true}]}}