{"id":10955,"date":"2022-09-03T22:12:07","date_gmt":"2022-09-03T22:12:07","guid":{"rendered":"https:\/\/www.upjs.sk\/filozoficka-fakulta\/info-pre-studentov\/harmonogramar\/"},"modified":"2025-08-14T07:12:23","modified_gmt":"2025-08-14T06:12:23","slug":"harmonogramar","status":"publish","type":"page","link":"https:\/\/www.upjs.sk\/filozoficka-fakulta\/info-pre-studentov\/harmonogramar\/","title":{"rendered":"Harmonogram akademick\u00e9ho roka"},"content":{"rendered":"<style>.kb-row-layout-id10955_da3d39-eb > .kt-row-column-wrap{align-content:start;}:where(.kb-row-layout-id10955_da3d39-eb > .kt-row-column-wrap) > .wp-block-kadence-column{justify-content:start;}.kb-row-layout-id10955_da3d39-eb > .kt-row-column-wrap{column-gap:var(--global-kb-gap-md, 2rem);row-gap:var(--global-kb-gap-md, 2rem);padding-top:var(--global-kb-spacing-sm, 1.5rem);padding-bottom:var(--global-kb-spacing-sm, 1.5rem);grid-template-columns:repeat(2, minmax(0, 1fr));}.kb-row-layout-id10955_da3d39-eb > .kt-row-layout-overlay{opacity:0.30;}@media all and (max-width: 1024px){.kb-row-layout-id10955_da3d39-eb > .kt-row-column-wrap{grid-template-columns:repeat(2, minmax(0, 1fr));}}@media all and (max-width: 767px){.kb-row-layout-id10955_da3d39-eb > .kt-row-column-wrap{grid-template-columns:minmax(0, 1fr);}}<\/style><div class=\"kb-row-layout-wrap kb-row-layout-id10955_da3d39-eb alignnone wp-block-kadence-rowlayout\"><div class=\"kt-row-column-wrap kt-has-2-columns kt-row-layout-equal kt-tab-layout-inherit kt-mobile-layout-row kt-row-valign-top\">\n<style>.kadence-column10955_74b063-9f > .kt-inside-inner-col,.kadence-column10955_74b063-9f > .kt-inside-inner-col:before{border-top-left-radius:0px;border-top-right-radius:0px;border-bottom-right-radius:0px;border-bottom-left-radius:0px;}.kadence-column10955_74b063-9f > .kt-inside-inner-col{column-gap:var(--global-kb-gap-sm, 1rem);}.kadence-column10955_74b063-9f > .kt-inside-inner-col{flex-direction:column;}.kadence-column10955_74b063-9f > .kt-inside-inner-col > .aligncenter{width:100%;}.kadence-column10955_74b063-9f > .kt-inside-inner-col:before{opacity:0.3;}.kadence-column10955_74b063-9f{position:relative;}@media all and (max-width: 1024px){.kadence-column10955_74b063-9f > .kt-inside-inner-col{flex-direction:column;justify-content:center;}}@media all and (max-width: 767px){.kadence-column10955_74b063-9f > .kt-inside-inner-col{flex-direction:column;justify-content:center;}}<\/style>\n<div class=\"wp-block-kadence-column kadence-column10955_74b063-9f\"><div class=\"kt-inside-inner-col\"><style>.wp-block-kadence-column.kb-section-dir-horizontal > .kt-inside-inner-col > .kt-info-box10955_413560-1e .kt-blocks-info-box-link-wrap{max-width:unset;}.kt-info-box10955_413560-1e .kt-blocks-info-box-link-wrap{border-top-left-radius:5px;border-top-right-radius:5px;border-bottom-right-radius:5px;border-bottom-left-radius:5px;background:#F4F4F4;padding-top:var(--global-kb-spacing-xs, 1rem);padding-right:var(--global-kb-spacing-xs, 1rem);padding-bottom:var(--global-kb-spacing-xs, 1rem);padding-left:var(--global-kb-spacing-xs, 1rem);}.kt-info-box10955_413560-1e .kadence-info-box-icon-container .kt-info-svg-icon, .kt-info-box10955_413560-1e .kt-info-svg-icon-flip, .kt-info-box10955_413560-1e .kt-blocks-info-box-number{font-size:50px;}.kt-info-box10955_413560-1e .kt-blocks-info-box-media{border-top-width:0px;border-right-width:0px;border-bottom-width:0px;border-left-width:0px;padding-top:10px;padding-right:10px;padding-bottom:10px;padding-left:10px;}.kt-info-box10955_413560-1e .kt-blocks-info-box-media-container{margin-top:0px;margin-right:15px;margin-bottom:0px;margin-left:15px;}.kt-info-box10955_413560-1e .kt-infobox-textcontent h3.kt-blocks-info-box-title{color:#F5AF00;}.wp-block-kadence-infobox.kt-info-box10955_413560-1e .kt-blocks-info-box-text{font-size:var(--global-kb-font-size-md, 1.25rem);}.kt-info-box10955_413560-1e .kt-blocks-info-box-learnmore{background:transparent;border-width:0px 0px 0px 0px;padding-top:4px;padding-right:8px;padding-bottom:4px;padding-left:8px;margin-top:10px;margin-right:0px;margin-bottom:10px;margin-left:0px;}<\/style>\n<div class=\"wp-block-kadence-infobox kt-info-box10955_413560-1e\"><a class=\"kt-blocks-info-box-link-wrap info-box-link kt-blocks-info-box-media-align-top kt-info-halign-center\" target=\"_blank\" rel=\"noopener noreferrer\" href=\"https:\/\/intranet.upjs.sk\/op\/op.Public.php?documentid=9326\"><div class=\"kt-blocks-info-box-media-container\"><div class=\"kt-blocks-info-box-media kt-info-media-animate-none\"><div class=\"kadence-info-box-icon-container kt-info-icon-animate-none\"><div class=\"kadence-info-box-icon-inner-container\"><span class=\"kb-svg-icon-wrap kb-svg-icon-fe_calendar kt-info-svg-icon\"><svg viewBox=\"0 0 24 24\"  fill=\"none\" stroke=\"currentColor\" stroke-width=\"2\" stroke-linecap=\"round\" stroke-linejoin=\"round\" xmlns=\"http:\/\/www.w3.org\/2000\/svg\"  aria-hidden=\"true\"><rect x=\"3\" y=\"4\" width=\"18\" height=\"18\" rx=\"2\" ry=\"2\"\/><line x1=\"16\" y1=\"2\" x2=\"16\" y2=\"6\"\/><line x1=\"8\" y1=\"2\" x2=\"8\" y2=\"6\"\/><line x1=\"3\" y1=\"10\" x2=\"21\" y2=\"10\"\/><\/svg><\/span><\/div><\/div><\/div><\/div><div class=\"kt-infobox-textcontent\"><h3 class=\"kt-blocks-info-box-title\">Harmonogram akademick\u00e9ho roka<\/h3><p class=\"kt-blocks-info-box-text\"><strong>2024\/2025<\/strong><\/p><\/div><\/a><\/div>\n<\/div><\/div>\n\n\n<style>.kadence-column10955_1d5ced-28 > .kt-inside-inner-col,.kadence-column10955_1d5ced-28 > .kt-inside-inner-col:before{border-top-left-radius:0px;border-top-right-radius:0px;border-bottom-right-radius:0px;border-bottom-left-radius:0px;}.kadence-column10955_1d5ced-28 > .kt-inside-inner-col{column-gap:var(--global-kb-gap-sm, 1rem);}.kadence-column10955_1d5ced-28 > .kt-inside-inner-col{flex-direction:column;}.kadence-column10955_1d5ced-28 > .kt-inside-inner-col > .aligncenter{width:100%;}.kadence-column10955_1d5ced-28 > .kt-inside-inner-col:before{opacity:0.3;}.kadence-column10955_1d5ced-28{position:relative;}@media all and (max-width: 1024px){.kadence-column10955_1d5ced-28 > .kt-inside-inner-col{flex-direction:column;justify-content:center;}}@media all and (max-width: 767px){.kadence-column10955_1d5ced-28 > .kt-inside-inner-col{flex-direction:column;justify-content:center;}}<\/style>\n<div class=\"wp-block-kadence-column kadence-column10955_1d5ced-28\"><div class=\"kt-inside-inner-col\"><style>.wp-block-kadence-column.kb-section-dir-horizontal > .kt-inside-inner-col > .kt-info-box10955_09cf7f-e7 .kt-blocks-info-box-link-wrap{max-width:unset;}.kt-info-box10955_09cf7f-e7 .kt-blocks-info-box-link-wrap{border-top-left-radius:5px;border-top-right-radius:5px;border-bottom-right-radius:5px;border-bottom-left-radius:5px;background:#F4F4F4;padding-top:var(--global-kb-spacing-xs, 1rem);padding-right:var(--global-kb-spacing-xs, 1rem);padding-bottom:var(--global-kb-spacing-xs, 1rem);padding-left:var(--global-kb-spacing-xs, 1rem);}.kt-info-box10955_09cf7f-e7 .kadence-info-box-icon-container .kt-info-svg-icon, .kt-info-box10955_09cf7f-e7 .kt-info-svg-icon-flip, .kt-info-box10955_09cf7f-e7 .kt-blocks-info-box-number{font-size:50px;}.kt-info-box10955_09cf7f-e7 .kt-blocks-info-box-media{border-top-width:0px;border-right-width:0px;border-bottom-width:0px;border-left-width:0px;padding-top:10px;padding-right:10px;padding-bottom:10px;padding-left:10px;}.kt-info-box10955_09cf7f-e7 .kt-blocks-info-box-media-container{margin-top:0px;margin-right:15px;margin-bottom:0px;margin-left:15px;}.kt-info-box10955_09cf7f-e7 .kt-infobox-textcontent h3.kt-blocks-info-box-title{color:#F5AF00;}.wp-block-kadence-infobox.kt-info-box10955_09cf7f-e7 .kt-blocks-info-box-text{font-size:var(--global-kb-font-size-md, 1.25rem);}.kt-info-box10955_09cf7f-e7 .kt-blocks-info-box-learnmore{background:transparent;border-width:0px 0px 0px 0px;padding-top:4px;padding-right:8px;padding-bottom:4px;padding-left:8px;margin-top:10px;margin-right:0px;margin-bottom:10px;margin-left:0px;}<\/style>\n<div class=\"wp-block-kadence-infobox kt-info-box10955_09cf7f-e7\"><a class=\"kt-blocks-info-box-link-wrap info-box-link kt-blocks-info-box-media-align-top kt-info-halign-center\" target=\"_blank\" rel=\"noopener noreferrer\" href=\"https:\/\/intranet.upjs.sk\/op\/op.Public.php?documentid=10275\"><div class=\"kt-blocks-info-box-media-container\"><div class=\"kt-blocks-info-box-media kt-info-media-animate-none\"><div class=\"kadence-info-box-icon-container kt-info-icon-animate-none\"><div class=\"kadence-info-box-icon-inner-container\"><span class=\"kb-svg-icon-wrap kb-svg-icon-fe_calendar kt-info-svg-icon\"><svg viewBox=\"0 0 24 24\"  fill=\"none\" stroke=\"currentColor\" stroke-width=\"2\" stroke-linecap=\"round\" stroke-linejoin=\"round\" xmlns=\"http:\/\/www.w3.org\/2000\/svg\"  aria-hidden=\"true\"><rect x=\"3\" y=\"4\" width=\"18\" height=\"18\" rx=\"2\" ry=\"2\"\/><line x1=\"16\" y1=\"2\" x2=\"16\" y2=\"6\"\/><line x1=\"8\" y1=\"2\" x2=\"8\" y2=\"6\"\/><line x1=\"3\" y1=\"10\" x2=\"21\" y2=\"10\"\/><\/svg><\/span><\/div><\/div><\/div><\/div><div class=\"kt-infobox-textcontent\"><h3 class=\"kt-blocks-info-box-title\">Harmonogram akademick\u00e9ho roka<\/h3><p class=\"kt-blocks-info-box-text\"><strong>2025\/2026<\/strong><\/p><\/div><\/a><\/div>\n<\/div><\/div>\n\n<\/div><\/div>","protected":false},"excerpt":{"rendered":"","protected":false},"author":1,"featured_media":0,"parent":16333,"menu_order":5,"comment_status":"closed","ping_status":"closed","template":"","meta":{"_acf_changed":false,"_editorskit_title_hidden":false,"_editorskit_reading_time":1,"_editorskit_is_block_options_detached":false,"_editorskit_block_options_position":"{}","footnotes":""},"categories":[],"tags":[],"class_list":["post-10955","page","type-page","status-publish","hentry"],"acf":{"acf_link_na_externy_obsah":""},"yoast_head":"<!-- This site is optimized with the Yoast SEO plugin v27.4 - https:\/\/yoast.com\/product\/yoast-seo-wordpress\/ -->\n<title>Harmonogram akademick\u00e9ho roka - Filozofick\u00e1 fakulta | UPJ\u0160<\/title>\n<meta name=\"robots\" content=\"index, follow, max-snippet:-1, max-image-preview:large, max-video-preview:-1\" \/>\n<link rel=\"canonical\" href=\"https:\/\/www.upjs.sk\/filozoficka-fakulta\/info-pre-studentov\/harmonogramar\/\" \/>\n<meta property=\"og:locale\" content=\"sk_SK\" \/>\n<meta property=\"og:type\" content=\"article\" \/>\n<meta property=\"og:title\" content=\"Harmonogram akademick\u00e9ho roka - Filozofick\u00e1 fakulta | UPJ\u0160\" \/>\n<meta property=\"og:url\" content=\"https:\/\/www.upjs.sk\/filozoficka-fakulta\/info-pre-studentov\/harmonogramar\/\" \/>\n<meta property=\"og:site_name\" content=\"Filozofick\u00e1 fakulta | UPJ\u0160\" \/>\n<meta property=\"article:modified_time\" content=\"2025-08-14T06:12:23+00:00\" \/>\n<meta name=\"twitter:card\" content=\"summary_large_image\" \/>\n<meta name=\"twitter:label1\" content=\"Predpokladan\u00fd \u010das \u010d\u00edtania\" \/>\n\t<meta name=\"twitter:data1\" content=\"1 min\u00fata\" \/>\n<script type=\"application\/ld+json\" class=\"yoast-schema-graph\">{\"@context\":\"https:\\\/\\\/schema.org\",\"@graph\":[{\"@type\":\"WebPage\",\"@id\":\"https:\\\/\\\/www.upjs.sk\\\/filozoficka-fakulta\\\/info-pre-studentov\\\/harmonogramar\\\/\",\"url\":\"https:\\\/\\\/www.upjs.sk\\\/filozoficka-fakulta\\\/info-pre-studentov\\\/harmonogramar\\\/\",\"name\":\"Harmonogram akademick\u00e9ho roka - Filozofick\u00e1 fakulta | UPJ\u0160\",\"isPartOf\":{\"@id\":\"https:\\\/\\\/www.upjs.sk\\\/filozoficka-fakulta\\\/#website\"},\"datePublished\":\"2022-09-03T22:12:07+00:00\",\"dateModified\":\"2025-08-14T06:12:23+00:00\",\"breadcrumb\":{\"@id\":\"https:\\\/\\\/www.upjs.sk\\\/filozoficka-fakulta\\\/info-pre-studentov\\\/harmonogramar\\\/#breadcrumb\"},\"inLanguage\":\"sk-SK\",\"potentialAction\":[{\"@type\":\"ReadAction\",\"target\":[\"https:\\\/\\\/www.upjs.sk\\\/filozoficka-fakulta\\\/info-pre-studentov\\\/harmonogramar\\\/\"]}]},{\"@type\":\"BreadcrumbList\",\"@id\":\"https:\\\/\\\/www.upjs.sk\\\/filozoficka-fakulta\\\/info-pre-studentov\\\/harmonogramar\\\/#breadcrumb\",\"itemListElement\":[{\"@type\":\"ListItem\",\"position\":1,\"name\":\"Home\",\"item\":\"https:\\\/\\\/www.upjs.sk\\\/filozoficka-fakulta\\\/\"},{\"@type\":\"ListItem\",\"position\":2,\"name\":\"\u0160t\u00fadium na fakulte\",\"item\":\"https:\\\/\\\/www.upjs.sk\\\/filozoficka-fakulta\\\/info-pre-studentov\\\/\"},{\"@type\":\"ListItem\",\"position\":3,\"name\":\"Harmonogram akademick\u00e9ho roka\"}]},{\"@type\":\"WebSite\",\"@id\":\"https:\\\/\\\/www.upjs.sk\\\/filozoficka-fakulta\\\/#website\",\"url\":\"https:\\\/\\\/www.upjs.sk\\\/filozoficka-fakulta\\\/\",\"name\":\"Filozofick\u00e1 fakulta | UPJ\u0160\",\"description\":\"\",\"publisher\":{\"@id\":\"https:\\\/\\\/www.upjs.sk\\\/filozoficka-fakulta\\\/#organization\"},\"potentialAction\":[{\"@type\":\"SearchAction\",\"target\":{\"@type\":\"EntryPoint\",\"urlTemplate\":\"https:\\\/\\\/www.upjs.sk\\\/filozoficka-fakulta\\\/?s={search_term_string}\"},\"query-input\":{\"@type\":\"PropertyValueSpecification\",\"valueRequired\":true,\"valueName\":\"search_term_string\"}}],\"inLanguage\":\"sk-SK\"},{\"@type\":\"Organization\",\"@id\":\"https:\\\/\\\/www.upjs.sk\\\/filozoficka-fakulta\\\/#organization\",\"name\":\"Filozofick\u00e1 fakulta | UPJ\u0160\",\"url\":\"https:\\\/\\\/www.upjs.sk\\\/filozoficka-fakulta\\\/\",\"logo\":{\"@type\":\"ImageObject\",\"inLanguage\":\"sk-SK\",\"@id\":\"https:\\\/\\\/www.upjs.sk\\\/filozoficka-fakulta\\\/#\\\/schema\\\/logo\\\/image\\\/\",\"url\":\"https:\\\/\\\/www.upjs.sk\\\/app\\\/uploads\\\/sites\\\/7\\\/2022\\\/09\\\/logo-filozoficka-fakulta.png\",\"contentUrl\":\"https:\\\/\\\/www.upjs.sk\\\/app\\\/uploads\\\/sites\\\/7\\\/2022\\\/09\\\/logo-filozoficka-fakulta.png\",\"width\":415,\"height\":87,\"caption\":\"Filozofick\u00e1 fakulta | UPJ\u0160\"},\"image\":{\"@id\":\"https:\\\/\\\/www.upjs.sk\\\/filozoficka-fakulta\\\/#\\\/schema\\\/logo\\\/image\\\/\"}}]}<\/script>\n<!-- \/ Yoast SEO plugin. -->","yoast_head_json":{"title":"Harmonogram akademick\u00e9ho roka - Filozofick\u00e1 fakulta | UPJ\u0160","robots":{"index":"index","follow":"follow","max-snippet":"max-snippet:-1","max-image-preview":"max-image-preview:large","max-video-preview":"max-video-preview:-1"},"canonical":"https:\/\/www.upjs.sk\/filozoficka-fakulta\/info-pre-studentov\/harmonogramar\/","og_locale":"sk_SK","og_type":"article","og_title":"Harmonogram akademick\u00e9ho roka - Filozofick\u00e1 fakulta | UPJ\u0160","og_url":"https:\/\/www.upjs.sk\/filozoficka-fakulta\/info-pre-studentov\/harmonogramar\/","og_site_name":"Filozofick\u00e1 fakulta | UPJ\u0160","article_modified_time":"2025-08-14T06:12:23+00:00","twitter_card":"summary_large_image","twitter_misc":{"Predpokladan\u00fd \u010das \u010d\u00edtania":"1 min\u00fata"},"schema":{"@context":"https:\/\/schema.org","@graph":[{"@type":"WebPage","@id":"https:\/\/www.upjs.sk\/filozoficka-fakulta\/info-pre-studentov\/harmonogramar\/","url":"https:\/\/www.upjs.sk\/filozoficka-fakulta\/info-pre-studentov\/harmonogramar\/","name":"Harmonogram akademick\u00e9ho roka - Filozofick\u00e1 fakulta | UPJ\u0160","isPartOf":{"@id":"https:\/\/www.upjs.sk\/filozoficka-fakulta\/#website"},"datePublished":"2022-09-03T22:12:07+00:00","dateModified":"2025-08-14T06:12:23+00:00","breadcrumb":{"@id":"https:\/\/www.upjs.sk\/filozoficka-fakulta\/info-pre-studentov\/harmonogramar\/#breadcrumb"},"inLanguage":"sk-SK","potentialAction":[{"@type":"ReadAction","target":["https:\/\/www.upjs.sk\/filozoficka-fakulta\/info-pre-studentov\/harmonogramar\/"]}]},{"@type":"BreadcrumbList","@id":"https:\/\/www.upjs.sk\/filozoficka-fakulta\/info-pre-studentov\/harmonogramar\/#breadcrumb","itemListElement":[{"@type":"ListItem","position":1,"name":"Home","item":"https:\/\/www.upjs.sk\/filozoficka-fakulta\/"},{"@type":"ListItem","position":2,"name":"\u0160t\u00fadium na fakulte","item":"https:\/\/www.upjs.sk\/filozoficka-fakulta\/info-pre-studentov\/"},{"@type":"ListItem","position":3,"name":"Harmonogram akademick\u00e9ho roka"}]},{"@type":"WebSite","@id":"https:\/\/www.upjs.sk\/filozoficka-fakulta\/#website","url":"https:\/\/www.upjs.sk\/filozoficka-fakulta\/","name":"Filozofick\u00e1 fakulta | UPJ\u0160","description":"","publisher":{"@id":"https:\/\/www.upjs.sk\/filozoficka-fakulta\/#organization"},"potentialAction":[{"@type":"SearchAction","target":{"@type":"EntryPoint","urlTemplate":"https:\/\/www.upjs.sk\/filozoficka-fakulta\/?s={search_term_string}"},"query-input":{"@type":"PropertyValueSpecification","valueRequired":true,"valueName":"search_term_string"}}],"inLanguage":"sk-SK"},{"@type":"Organization","@id":"https:\/\/www.upjs.sk\/filozoficka-fakulta\/#organization","name":"Filozofick\u00e1 fakulta | UPJ\u0160","url":"https:\/\/www.upjs.sk\/filozoficka-fakulta\/","logo":{"@type":"ImageObject","inLanguage":"sk-SK","@id":"https:\/\/www.upjs.sk\/filozoficka-fakulta\/#\/schema\/logo\/image\/","url":"https:\/\/www.upjs.sk\/app\/uploads\/sites\/7\/2022\/09\/logo-filozoficka-fakulta.png","contentUrl":"https:\/\/www.upjs.sk\/app\/uploads\/sites\/7\/2022\/09\/logo-filozoficka-fakulta.png","width":415,"height":87,"caption":"Filozofick\u00e1 fakulta | UPJ\u0160"},"image":{"@id":"https:\/\/www.upjs.sk\/filozoficka-fakulta\/#\/schema\/logo\/image\/"}}]}},"_links":{"self":[{"href":"https:\/\/www.upjs.sk\/filozoficka-fakulta\/wp-json\/wp\/v2\/pages\/10955","targetHints":{"allow":["GET"]}}],"collection":[{"href":"https:\/\/www.upjs.sk\/filozoficka-fakulta\/wp-json\/wp\/v2\/pages"}],"about":[{"href":"https:\/\/www.upjs.sk\/filozoficka-fakulta\/wp-json\/wp\/v2\/types\/page"}],"author":[{"embeddable":true,"href":"https:\/\/www.upjs.sk\/filozoficka-fakulta\/wp-json\/wp\/v2\/users\/1"}],"replies":[{"embeddable":true,"href":"https:\/\/www.upjs.sk\/filozoficka-fakulta\/wp-json\/wp\/v2\/comments?post=10955"}],"version-history":[{"count":16,"href":"https:\/\/www.upjs.sk\/filozoficka-fakulta\/wp-json\/wp\/v2\/pages\/10955\/revisions"}],"predecessor-version":[{"id":55119,"href":"https:\/\/www.upjs.sk\/filozoficka-fakulta\/wp-json\/wp\/v2\/pages\/10955\/revisions\/55119"}],"up":[{"embeddable":true,"href":"https:\/\/www.upjs.sk\/filozoficka-fakulta\/wp-json\/wp\/v2\/pages\/16333"}],"wp:attachment":[{"href":"https:\/\/www.upjs.sk\/filozoficka-fakulta\/wp-json\/wp\/v2\/media?parent=10955"}],"wp:term":[{"taxonomy":"category","embeddable":true,"href":"https:\/\/www.upjs.sk\/filozoficka-fakulta\/wp-json\/wp\/v2\/categories?post=10955"},{"taxonomy":"post_tag","embeddable":true,"href":"https:\/\/www.upjs.sk\/filozoficka-fakulta\/wp-json\/wp\/v2\/tags?post=10955"}],"curies":[{"name":"wp","href":"https:\/\/api.w.org\/{rel}","templated":true}]}}