{"id":10958,"date":"2022-09-03T22:16:50","date_gmt":"2022-09-03T22:16:50","guid":{"rendered":"https:\/\/www.upjs.sk\/filozoficka-fakulta\/info-pre-studentov\/legislativa\/"},"modified":"2026-03-11T13:37:09","modified_gmt":"2026-03-11T12:37:09","slug":"legislativa","status":"publish","type":"page","link":"https:\/\/www.upjs.sk\/filozoficka-fakulta\/info-pre-studentov\/legislativa\/","title":{"rendered":"Legislat\u00edva"},"content":{"rendered":"\n<ul class=\"wp-block-list\">\n<li><a href=\"https:\/\/intranet.upjs.sk\/op\/op.Public.php?documentid=10255\" target=\"_blank\" rel=\"noreferrer noopener\">\u0160tudijn\u00fd poriadok UPJ\u0160 v Ko\u0161iciach pre 1., 2. a spojen\u00fd 1. a 2. stupe\u0148 \u0161t\u00fadia<\/a> <mark style=\"background-color:rgba(0, 0, 0, 0);color:#ed1c24\" class=\"has-inline-color\"><strong><sup>nov\u00e9<\/sup><\/strong><\/mark> <span style=\"font-size: 10px;\">(s \u00fa\u010dinnos\u0165ou od 1. 9. 2025)<\/span><\/li>\n\n\n\n<li><a href=\"https:\/\/intranet.upjs.sk\/op\/op.Public.php?documentid=4311\" target=\"_blank\" rel=\"noopener\">Smernica dekanky k realiz\u00e1cii \u0160tudijn\u00e9ho poriadku UPJ\u0160 v Ko\u0161iciach na Filozofickej fakulte UPJ\u0160<\/a><mark style=\"background-color:rgba(0, 0, 0, 0);color:#ed1c24\" class=\"has-inline-color\"> <strong><sup>nov\u00e9<\/sup><\/strong><\/mark> <span style=\"font-size: 10px;\">(s \u00fa\u010dinnos\u0165ou od 22. 9. 2025)<\/span><\/li>\n\n\n\n<li><a href=\"https:\/\/www.slov-lex.sk\/pravne-predpisy\/SK\/ZZ\/2019\/244\/20190901\" target=\"_blank\" rel=\"noopener\">Vyhl\u00e1\u0161ka M\u0160VVa\u0160 SR \u010d. 244\/2019 Zb. z. o s\u00fastave \u0161tudijn\u00fdch odborov Slovenskej republiky<\/a><\/li>\n<\/ul>\n\n\n\n<ul class=\"wp-block-list\">\n<li><a href=\"https:\/\/intranet.upjs.sk\/op\/op.Public.php?documentid=10074\" target=\"_blank\" rel=\"noopener\">Rozhodnutie rektora \u010d. 9\/2025<\/a>&nbsp;o ur\u010den\u00ed \u0161koln\u00e9ho, poplatkov spojen\u00fdch so \u0161t\u00fadiom a o \u00fahrad\u00e1ch n\u00e1kladov spojen\u00fdch so zvy\u0161ovan\u00edm kvalifik\u00e1cie v ak. roku 2025\/2026 na UPJ\u0160 v Ko\u0161iciach <span style=\"font-size: 10px;\">(\u00fa\u010dinnos\u0165 od 1. 9. 2025)<\/span><br><a href=\"https:\/\/intranet.upjs.sk\/op\/op.Public.php?documentid=10256\" target=\"_blank\" rel=\"noreferrer noopener\">Dodatok \u010d. 1<\/a><\/li>\n\n\n\n<li><a href=\"https:\/\/intranet.upjs.sk\/op\/op.Public.php?documentid=10866\" target=\"_blank\" rel=\"noreferrer noopener\">Rozhodnutie rektora \u010d. 3\/2026<\/a>\u00a0o ur\u010den\u00ed \u0161koln\u00e9ho, poplatkov spojen\u00fdch so \u0161t\u00fadiom a o \u00fahrad\u00e1ch n\u00e1kladov spojen\u00fdch so zvy\u0161ovan\u00edm kvalifik\u00e1cie v ak. roku 2026\/2027 na UPJ\u0160 v Ko\u0161iciach <span style=\"font-size: 10px;\">(\u00fa\u010dinnos\u0165 od 1. 9. 2026)<\/span><\/li>\n\n\n\n<li><a href=\"https:\/\/intranet.upjs.sk\/op\/op.Public.php?documentid=7668\" target=\"_blank\" rel=\"noopener\">Metodick\u00fd pokyn 2\/2022 pre sp\u00f4sob v\u00fdpo\u010dtu v\u00fd\u0161ky \u0161koln\u00e9ho<\/a><\/li>\n<\/ul>\n\n\n\n<ul class=\"wp-block-list\">\n<li><a href=\"https:\/\/intranet.upjs.sk\/op\/op.Public.php?documentid=1540\" target=\"_blank\" rel=\"noopener\">\u0160tipendijn\u00fd poriadok UPJ\u0160 v Ko\u0161iciach<\/a><\/li>\n\n\n\n<li><a href=\"https:\/\/intranet.upjs.sk\/op\/op.Public.php?documentid=7588\" target=\"_blank\" rel=\"noopener\">Smernica \u010d. 1\/2017 k realiz\u00e1cii \u0160tipendijn\u00e9ho poriadku UPJ\u0160 v Ko\u0161iciach na Filozofickej fakulte<\/a> (motiva\u010dn\u00e9 \u0161tipendi\u00e1)<\/li>\n\n\n\n<li><a href=\"https:\/\/intranet.upjs.sk\/op\/op.Public.php?documentid=1631\" target=\"_blank\" rel=\"noopener\">Smernica k realiz\u00e1cii \u0161tudentsk\u00fdch mobil\u00edt Erasmus+ na Filozofickej fakulte Univerzity Pavla Jozefa \u0160af\u00e1rika v Ko\u0161iciach<\/a><\/li>\n\n\n\n<li><a href=\"https:\/\/intranet.upjs.sk\/op\/op.Public.php?documentid=1605\" target=\"_blank\" rel=\"noopener\">Smernica, ktorou sa upravuj\u00fa pravidl\u00e1 obsadzovania poz\u00edci\u00ed pomocn\u00fdch vedeck\u00fdch s\u00edl na Filozofickej fakulte Univerzity Pavla Jozefa \u0160af\u00e1rika v&nbsp;Ko\u0161iciach<\/a><\/li>\n\n\n\n<li><a href=\"https:\/\/intranet.upjs.sk\/op\/op.Public.php?documentid=1607\" target=\"_blank\" rel=\"noopener\">Smernica k realiz\u00e1cii dopl\u0148uj\u00faceho pedagogick\u00e9ho \u0161t\u00fadia na Filozofickej fakulte Univerzity Pavla Jozefa \u0160af\u00e1rika v Ko\u0161iciach a na Pr\u00edrodovedeckej fakulte Univerzity Pavla Jozefa \u0160af\u00e1rika v&nbsp;Ko\u0161iciach<\/a><\/li>\n<\/ul>\n\n\n\n<ul class=\"wp-block-list\">\n<li><a href=\"https:\/\/intranet.upjs.sk\/op\/op.Public.php?documentid=5981\" target=\"_blank\" rel=\"noopener\">Disciplin\u00e1rny poriadok pre \u0161tudentov Filozofickej fakulty UPJ\u0160 v Ko\u0161iciach<\/a><\/li>\n\n\n\n<li><a href=\"https:\/\/intranet.upjs.sk\/op\/op.Public.php?documentid=7561\" target=\"_blank\" rel=\"noopener\">Rokovac\u00ed poriadok Disciplin\u00e1rnej komisie Filozofickej fakulty UPJ\u0160 v Ko\u0161iciach<\/a><\/li>\n\n\n\n<li><a href=\"https:\/\/www.upjs.sk\/app\/uploads\/sites\/7\/2022\/09\/smernica-1-2011.pdf\" target=\"_blank\" rel=\"noopener\">Smernica \u010d. 1\/2011<\/a> o z\u00e1kladn\u00fdch n\u00e1le\u017eitostiach z\u00e1vere\u010dn\u00fdch pr\u00e1c, rigor\u00f3znych pr\u00e1c a habilita\u010dn\u00fdch pr\u00e1c, ich spr\u00edstupnen\u00ed po dobu ich uchovania a kontrole originality platn\u00e1 pre UPJ\u0160 v Ko\u0161iciach a jej s\u00fa\u010dast\u00ed<br><a href=\"https:\/\/www.upjs.sk\/app\/uploads\/sites\/7\/2022\/09\/Smernica-1-2011-dod-1.pdf\" target=\"_blank\" rel=\"noopener\">Dodatok \u010d. 1<\/a>,&nbsp;<a href=\"https:\/\/www.upjs.sk\/app\/uploads\/sites\/7\/2022\/09\/Smernica-1-2011-dod-2.pdf\" target=\"_blank\" rel=\"noopener\">Dodatok \u010d. 2<\/a>,&nbsp;<a href=\"https:\/\/www.upjs.sk\/app\/uploads\/sites\/7\/2022\/09\/Smernica-1-2011-dod-3.pdf\" target=\"_blank\" rel=\"noopener\">Dodatok \u010d. 3<\/a>,&nbsp;<a href=\"https:\/\/www.upjs.sk\/app\/uploads\/sites\/7\/2022\/09\/Smernica-1-2011-dod-4.pdf\" target=\"_blank\" rel=\"noopener\">Dodatok \u010d. 4<\/a><\/li>\n\n\n\n<li><a href=\"https:\/\/intranet.upjs.sk\/op\/op.Public.php?documentid=1613\" target=\"_blank\" rel=\"noopener\">\u0160tat\u00fat Ceny dekana \u0161tudentom bakal\u00e1rskeho a magistersk\u00e9ho \u0161t\u00fadia na FF UPJ\u0160 v Ko\u0161iciach<\/a><\/li>\n<\/ul>\n\n\n\n<p>&nbsp;<\/p>\n","protected":false},"excerpt":{"rendered":"<p>&nbsp;<\/p>\n","protected":false},"author":1,"featured_media":0,"parent":16333,"menu_order":6,"comment_status":"closed","ping_status":"closed","template":"","meta":{"_acf_changed":false,"_editorskit_title_hidden":false,"_editorskit_reading_time":1,"_editorskit_is_block_options_detached":false,"_editorskit_block_options_position":"{}","footnotes":""},"categories":[],"tags":[],"class_list":["post-10958","page","type-page","status-publish","hentry"],"acf":{"acf_link_na_externy_obsah":""},"yoast_head":"<!-- This site is optimized with the Yoast SEO plugin v27.2 - https:\/\/yoast.com\/product\/yoast-seo-wordpress\/ -->\n<title>Legislat\u00edva - Filozofick\u00e1 fakulta | UPJ\u0160<\/title>\n<meta name=\"robots\" content=\"index, follow, max-snippet:-1, max-image-preview:large, max-video-preview:-1\" \/>\n<link rel=\"canonical\" href=\"https:\/\/www.upjs.sk\/filozoficka-fakulta\/info-pre-studentov\/legislativa\/\" \/>\n<meta property=\"og:locale\" content=\"sk_SK\" \/>\n<meta property=\"og:type\" content=\"article\" \/>\n<meta property=\"og:title\" content=\"Legislat\u00edva - Filozofick\u00e1 fakulta | UPJ\u0160\" \/>\n<meta property=\"og:description\" content=\"&nbsp;\" \/>\n<meta property=\"og:url\" content=\"https:\/\/www.upjs.sk\/filozoficka-fakulta\/info-pre-studentov\/legislativa\/\" \/>\n<meta property=\"og:site_name\" content=\"Filozofick\u00e1 fakulta | UPJ\u0160\" \/>\n<meta property=\"article:modified_time\" content=\"2026-03-11T12:37:09+00:00\" \/>\n<meta name=\"twitter:card\" content=\"summary_large_image\" \/>\n<meta name=\"twitter:label1\" content=\"Predpokladan\u00fd \u010das \u010d\u00edtania\" \/>\n\t<meta name=\"twitter:data1\" content=\"2 min\u00faty\" \/>\n<script type=\"application\/ld+json\" class=\"yoast-schema-graph\">{\"@context\":\"https:\/\/schema.org\",\"@graph\":[{\"@type\":\"WebPage\",\"@id\":\"https:\/\/www.upjs.sk\/filozoficka-fakulta\/info-pre-studentov\/legislativa\/\",\"url\":\"https:\/\/www.upjs.sk\/filozoficka-fakulta\/info-pre-studentov\/legislativa\/\",\"name\":\"Legislat\u00edva - Filozofick\u00e1 fakulta | UPJ\u0160\",\"isPartOf\":{\"@id\":\"https:\/\/www.upjs.sk\/filozoficka-fakulta\/#website\"},\"datePublished\":\"2022-09-03T22:16:50+00:00\",\"dateModified\":\"2026-03-11T12:37:09+00:00\",\"breadcrumb\":{\"@id\":\"https:\/\/www.upjs.sk\/filozoficka-fakulta\/info-pre-studentov\/legislativa\/#breadcrumb\"},\"inLanguage\":\"sk-SK\",\"potentialAction\":[{\"@type\":\"ReadAction\",\"target\":[\"https:\/\/www.upjs.sk\/filozoficka-fakulta\/info-pre-studentov\/legislativa\/\"]}]},{\"@type\":\"BreadcrumbList\",\"@id\":\"https:\/\/www.upjs.sk\/filozoficka-fakulta\/info-pre-studentov\/legislativa\/#breadcrumb\",\"itemListElement\":[{\"@type\":\"ListItem\",\"position\":1,\"name\":\"Home\",\"item\":\"https:\/\/www.upjs.sk\/filozoficka-fakulta\/\"},{\"@type\":\"ListItem\",\"position\":2,\"name\":\"\u0160t\u00fadium na fakulte\",\"item\":\"https:\/\/www.upjs.sk\/filozoficka-fakulta\/info-pre-studentov\/\"},{\"@type\":\"ListItem\",\"position\":3,\"name\":\"Legislat\u00edva\"}]},{\"@type\":\"WebSite\",\"@id\":\"https:\/\/www.upjs.sk\/filozoficka-fakulta\/#website\",\"url\":\"https:\/\/www.upjs.sk\/filozoficka-fakulta\/\",\"name\":\"Filozofick\u00e1 fakulta | UPJ\u0160\",\"description\":\"\",\"publisher\":{\"@id\":\"https:\/\/www.upjs.sk\/filozoficka-fakulta\/#organization\"},\"potentialAction\":[{\"@type\":\"SearchAction\",\"target\":{\"@type\":\"EntryPoint\",\"urlTemplate\":\"https:\/\/www.upjs.sk\/filozoficka-fakulta\/?s={search_term_string}\"},\"query-input\":{\"@type\":\"PropertyValueSpecification\",\"valueRequired\":true,\"valueName\":\"search_term_string\"}}],\"inLanguage\":\"sk-SK\"},{\"@type\":\"Organization\",\"@id\":\"https:\/\/www.upjs.sk\/filozoficka-fakulta\/#organization\",\"name\":\"Filozofick\u00e1 fakulta | UPJ\u0160\",\"url\":\"https:\/\/www.upjs.sk\/filozoficka-fakulta\/\",\"logo\":{\"@type\":\"ImageObject\",\"inLanguage\":\"sk-SK\",\"@id\":\"https:\/\/www.upjs.sk\/filozoficka-fakulta\/#\/schema\/logo\/image\/\",\"url\":\"https:\/\/www.upjs.sk\/app\/uploads\/sites\/7\/2022\/09\/logo-filozoficka-fakulta.png\",\"contentUrl\":\"https:\/\/www.upjs.sk\/app\/uploads\/sites\/7\/2022\/09\/logo-filozoficka-fakulta.png\",\"width\":415,\"height\":87,\"caption\":\"Filozofick\u00e1 fakulta | UPJ\u0160\"},\"image\":{\"@id\":\"https:\/\/www.upjs.sk\/filozoficka-fakulta\/#\/schema\/logo\/image\/\"}}]}<\/script>\n<!-- \/ Yoast SEO plugin. -->","yoast_head_json":{"title":"Legislat\u00edva - Filozofick\u00e1 fakulta | UPJ\u0160","robots":{"index":"index","follow":"follow","max-snippet":"max-snippet:-1","max-image-preview":"max-image-preview:large","max-video-preview":"max-video-preview:-1"},"canonical":"https:\/\/www.upjs.sk\/filozoficka-fakulta\/info-pre-studentov\/legislativa\/","og_locale":"sk_SK","og_type":"article","og_title":"Legislat\u00edva - Filozofick\u00e1 fakulta | UPJ\u0160","og_description":"&nbsp;","og_url":"https:\/\/www.upjs.sk\/filozoficka-fakulta\/info-pre-studentov\/legislativa\/","og_site_name":"Filozofick\u00e1 fakulta | UPJ\u0160","article_modified_time":"2026-03-11T12:37:09+00:00","twitter_card":"summary_large_image","twitter_misc":{"Predpokladan\u00fd \u010das \u010d\u00edtania":"2 min\u00faty"},"schema":{"@context":"https:\/\/schema.org","@graph":[{"@type":"WebPage","@id":"https:\/\/www.upjs.sk\/filozoficka-fakulta\/info-pre-studentov\/legislativa\/","url":"https:\/\/www.upjs.sk\/filozoficka-fakulta\/info-pre-studentov\/legislativa\/","name":"Legislat\u00edva - Filozofick\u00e1 fakulta | UPJ\u0160","isPartOf":{"@id":"https:\/\/www.upjs.sk\/filozoficka-fakulta\/#website"},"datePublished":"2022-09-03T22:16:50+00:00","dateModified":"2026-03-11T12:37:09+00:00","breadcrumb":{"@id":"https:\/\/www.upjs.sk\/filozoficka-fakulta\/info-pre-studentov\/legislativa\/#breadcrumb"},"inLanguage":"sk-SK","potentialAction":[{"@type":"ReadAction","target":["https:\/\/www.upjs.sk\/filozoficka-fakulta\/info-pre-studentov\/legislativa\/"]}]},{"@type":"BreadcrumbList","@id":"https:\/\/www.upjs.sk\/filozoficka-fakulta\/info-pre-studentov\/legislativa\/#breadcrumb","itemListElement":[{"@type":"ListItem","position":1,"name":"Home","item":"https:\/\/www.upjs.sk\/filozoficka-fakulta\/"},{"@type":"ListItem","position":2,"name":"\u0160t\u00fadium na fakulte","item":"https:\/\/www.upjs.sk\/filozoficka-fakulta\/info-pre-studentov\/"},{"@type":"ListItem","position":3,"name":"Legislat\u00edva"}]},{"@type":"WebSite","@id":"https:\/\/www.upjs.sk\/filozoficka-fakulta\/#website","url":"https:\/\/www.upjs.sk\/filozoficka-fakulta\/","name":"Filozofick\u00e1 fakulta | UPJ\u0160","description":"","publisher":{"@id":"https:\/\/www.upjs.sk\/filozoficka-fakulta\/#organization"},"potentialAction":[{"@type":"SearchAction","target":{"@type":"EntryPoint","urlTemplate":"https:\/\/www.upjs.sk\/filozoficka-fakulta\/?s={search_term_string}"},"query-input":{"@type":"PropertyValueSpecification","valueRequired":true,"valueName":"search_term_string"}}],"inLanguage":"sk-SK"},{"@type":"Organization","@id":"https:\/\/www.upjs.sk\/filozoficka-fakulta\/#organization","name":"Filozofick\u00e1 fakulta | UPJ\u0160","url":"https:\/\/www.upjs.sk\/filozoficka-fakulta\/","logo":{"@type":"ImageObject","inLanguage":"sk-SK","@id":"https:\/\/www.upjs.sk\/filozoficka-fakulta\/#\/schema\/logo\/image\/","url":"https:\/\/www.upjs.sk\/app\/uploads\/sites\/7\/2022\/09\/logo-filozoficka-fakulta.png","contentUrl":"https:\/\/www.upjs.sk\/app\/uploads\/sites\/7\/2022\/09\/logo-filozoficka-fakulta.png","width":415,"height":87,"caption":"Filozofick\u00e1 fakulta | UPJ\u0160"},"image":{"@id":"https:\/\/www.upjs.sk\/filozoficka-fakulta\/#\/schema\/logo\/image\/"}}]}},"_links":{"self":[{"href":"https:\/\/www.upjs.sk\/filozoficka-fakulta\/wp-json\/wp\/v2\/pages\/10958","targetHints":{"allow":["GET"]}}],"collection":[{"href":"https:\/\/www.upjs.sk\/filozoficka-fakulta\/wp-json\/wp\/v2\/pages"}],"about":[{"href":"https:\/\/www.upjs.sk\/filozoficka-fakulta\/wp-json\/wp\/v2\/types\/page"}],"author":[{"embeddable":true,"href":"https:\/\/www.upjs.sk\/filozoficka-fakulta\/wp-json\/wp\/v2\/users\/1"}],"replies":[{"embeddable":true,"href":"https:\/\/www.upjs.sk\/filozoficka-fakulta\/wp-json\/wp\/v2\/comments?post=10958"}],"version-history":[{"count":20,"href":"https:\/\/www.upjs.sk\/filozoficka-fakulta\/wp-json\/wp\/v2\/pages\/10958\/revisions"}],"predecessor-version":[{"id":59323,"href":"https:\/\/www.upjs.sk\/filozoficka-fakulta\/wp-json\/wp\/v2\/pages\/10958\/revisions\/59323"}],"up":[{"embeddable":true,"href":"https:\/\/www.upjs.sk\/filozoficka-fakulta\/wp-json\/wp\/v2\/pages\/16333"}],"wp:attachment":[{"href":"https:\/\/www.upjs.sk\/filozoficka-fakulta\/wp-json\/wp\/v2\/media?parent=10958"}],"wp:term":[{"taxonomy":"category","embeddable":true,"href":"https:\/\/www.upjs.sk\/filozoficka-fakulta\/wp-json\/wp\/v2\/categories?post=10958"},{"taxonomy":"post_tag","embeddable":true,"href":"https:\/\/www.upjs.sk\/filozoficka-fakulta\/wp-json\/wp\/v2\/tags?post=10958"}],"curies":[{"name":"wp","href":"https:\/\/api.w.org\/{rel}","templated":true}]}}