{"id":11000,"date":"2021-05-19T10:33:54","date_gmt":"2021-05-19T10:33:54","guid":{"rendered":"https:\/\/www.upjs.sk\/filozoficka-fakulta\/info-pre-studentov\/tlacivaff\/"},"modified":"2025-09-03T08:48:55","modified_gmt":"2025-09-03T07:48:55","slug":"tlacivaff","status":"publish","type":"page","link":"https:\/\/www.upjs.sk\/filozoficka-fakulta\/info-pre-studentov\/tlacivaff\/","title":{"rendered":"Tla\u010div\u00e1"},"content":{"rendered":"<p><u><a href=\"https:\/\/www.upjs.sk\/app\/uploads\/sites\/7\/2022\/09\/ziadosti-postupy-2017.pdf\" target=\"_blank\" rel=\"noopener\">Postupy pri vybavovan\u00ed \u017eiadost\u00ed \u0161tudentov FF UPJ\u0160<\/a><\/u><\/p>\n<ul>\n<li><a href=\"https:\/\/www.upjs.sk\/app\/uploads\/sites\/7\/2023\/05\/ziadost-2023.pdf\" target=\"_blank\" rel=\"noopener\">\u017diados\u0165<\/a><\/li>\n<li><a href=\"https:\/\/www.upjs.sk\/app\/uploads\/sites\/7\/2022\/09\/ziadost-o-prerusenie-studia-2013-14.pdf\" target=\"_blank\" rel=\"noopener\">\u017diados\u0165 o preru\u0161enie \u0161t\u00fadia<\/a><\/li>\n<li><a href=\"https:\/\/www.upjs.sk\/app\/uploads\/sites\/7\/2025\/09\/ziadost-o-ISP-092025.pdf\" target=\"_blank\" rel=\"noopener\">\u017diados\u0165 o\u00a0individu\u00e1lny pl\u00e1n vzdel\u00e1vania<\/a><\/li>\n<li><a href=\"https:\/\/www.upjs.sk\/app\/uploads\/sites\/7\/2022\/09\/ziadost-o-pridanie-predmetu-2018.pdf\" target=\"_blank\" rel=\"noopener\">\u017diados\u0165 o pridanie predmetu<\/a>\u00a0(be\u017en\u00fd predmet)<\/li>\n<li><a href=\"https:\/\/www.upjs.sk\/app\/uploads\/sites\/7\/2022\/09\/ziadost-o-pridanie-predmetu-SS-2016.pdf\" target=\"_blank\" rel=\"noopener\">\u017diados\u0165 o pridanie predmetu<\/a>\u00a0(predmet \u0161t\u00e1tnej sk\u00fa\u0161ky)<\/li>\n<li><a href=\"https:\/\/www.upjs.sk\/app\/uploads\/sites\/7\/2022\/09\/ziadost-o-skrt-2019.pdf\" target=\"_blank\" rel=\"noopener\">\u017diados\u0165 o \u0161krt<\/a>\u00a0(be\u017en\u00fd predmet)<\/li>\n<li><a href=\"https:\/\/www.upjs.sk\/app\/uploads\/sites\/7\/2022\/09\/ziadost-o-skrt-SS-2017.pdf\" target=\"_blank\" rel=\"noopener\">\u017diados\u0165 o \u0161krt<\/a>\u00a0(predmet \u0161t\u00e1tnej sk\u00fa\u0161ky)<\/li>\n<li><a href=\"https:\/\/www.upjs.sk\/app\/uploads\/sites\/7\/2023\/03\/ziadost-o-uznanie-predmetu-2023.pdf\" target=\"_blank\" rel=\"noopener\">\u017diados\u0165 o uznanie predmetu<\/a><\/li>\n<li><a href=\"https:\/\/www.upjs.sk\/app\/uploads\/sites\/7\/2023\/03\/ziadost-o-zapis-predmetov-absolv-pocas-pobytu-Eplus-2023.pdf\" target=\"_blank\" rel=\"noopener\">\u017diados\u0165 o z\u00e1pis\u00a0 predmetov absolvovan\u00fdch po\u010das \u0161tudijn\u00e9ho pobytu Erasmus<\/a><\/li>\n<li><a href=\"https:\/\/www.upjs.sk\/app\/uploads\/sites\/7\/2022\/11\/potvrdenie-pri-ukonceni-preruseni-studia-2022.pdf\" target=\"_blank\" rel=\"noopener\">Potvrdenie pri ukon\u010den\u00ed, resp. preru\u0161en\u00ed \u0161t\u00fadia<\/a><\/li>\n<li style=\"text-align: justify;\"><a href=\"https:\/\/www.upjs.sk\/app\/uploads\/sites\/7\/2022\/09\/skolne-ziadost.pdf\" target=\"_blank\" rel=\"noopener\">\u017diados\u0165\u00a0o odpustenie \/ zn\u00ed\u017eenie \/ odlo\u017eenie term\u00ednu splatnosti \u0161koln\u00e9ho<\/a><\/li>\n<\/ul>\n","protected":false},"excerpt":{"rendered":"<p>Postupy pri vybavovan\u00ed \u017eiadost\u00ed \u0161tudentov FF UPJ\u0160 \u017diados\u0165 \u017diados\u0165 o preru\u0161enie \u0161t\u00fadia \u017diados\u0165 o\u00a0individu\u00e1lny pl\u00e1n vzdel\u00e1vania \u017diados\u0165 o pridanie predmetu\u00a0(be\u017en\u00fd predmet) \u017diados\u0165 o pridanie predmetu\u00a0(predmet \u0161t\u00e1tnej sk\u00fa\u0161ky) \u017diados\u0165 o \u0161krt\u00a0(be\u017en\u00fd predmet) \u017diados\u0165 o \u0161krt\u00a0(predmet \u0161t\u00e1tnej sk\u00fa\u0161ky) \u017diados\u0165 o uznanie predmetu \u017diados\u0165 o z\u00e1pis\u00a0 predmetov absolvovan\u00fdch po\u010das \u0161tudijn\u00e9ho pobytu Erasmus Potvrdenie pri ukon\u010den\u00ed, resp. preru\u0161en\u00ed \u0161t\u00fadia &hellip; <a href=\"https:\/\/www.upjs.sk\/filozoficka-fakulta\/info-pre-studentov\/tlacivaff\/\">\u010c\u00edta\u0165 \u010falej<\/a><\/p>\n","protected":false},"author":1,"featured_media":0,"parent":16333,"menu_order":1,"comment_status":"closed","ping_status":"closed","template":"","meta":{"_acf_changed":false,"_editorskit_title_hidden":false,"_editorskit_reading_time":1,"_editorskit_is_block_options_detached":false,"_editorskit_block_options_position":"{}","footnotes":""},"categories":[],"tags":[],"class_list":["post-11000","page","type-page","status-publish","hentry"],"acf":{"acf_link_na_externy_obsah":""},"yoast_head":"<!-- This site is optimized with the Yoast SEO plugin v27.4 - https:\/\/yoast.com\/product\/yoast-seo-wordpress\/ -->\n<title>Tla\u010div\u00e1 - Filozofick\u00e1 fakulta | UPJ\u0160<\/title>\n<meta name=\"robots\" content=\"index, follow, max-snippet:-1, max-image-preview:large, max-video-preview:-1\" \/>\n<link rel=\"canonical\" href=\"https:\/\/www.upjs.sk\/filozoficka-fakulta\/info-pre-studentov\/tlacivaff\/\" \/>\n<meta property=\"og:locale\" content=\"sk_SK\" \/>\n<meta property=\"og:type\" content=\"article\" \/>\n<meta property=\"og:title\" content=\"Tla\u010div\u00e1 - Filozofick\u00e1 fakulta | UPJ\u0160\" \/>\n<meta property=\"og:description\" content=\"Postupy pri vybavovan\u00ed \u017eiadost\u00ed \u0161tudentov FF UPJ\u0160 \u017diados\u0165 \u017diados\u0165 o preru\u0161enie \u0161t\u00fadia \u017diados\u0165 o\u00a0individu\u00e1lny pl\u00e1n vzdel\u00e1vania \u017diados\u0165 o pridanie predmetu\u00a0(be\u017en\u00fd predmet) \u017diados\u0165 o pridanie predmetu\u00a0(predmet \u0161t\u00e1tnej sk\u00fa\u0161ky) \u017diados\u0165 o \u0161krt\u00a0(be\u017en\u00fd predmet) \u017diados\u0165 o \u0161krt\u00a0(predmet \u0161t\u00e1tnej sk\u00fa\u0161ky) \u017diados\u0165 o uznanie predmetu \u017diados\u0165 o z\u00e1pis\u00a0 predmetov absolvovan\u00fdch po\u010das \u0161tudijn\u00e9ho pobytu Erasmus Potvrdenie pri ukon\u010den\u00ed, resp. preru\u0161en\u00ed \u0161t\u00fadia &hellip; \u010c\u00edta\u0165 \u010falej\" \/>\n<meta property=\"og:url\" content=\"https:\/\/www.upjs.sk\/filozoficka-fakulta\/info-pre-studentov\/tlacivaff\/\" \/>\n<meta property=\"og:site_name\" content=\"Filozofick\u00e1 fakulta | UPJ\u0160\" \/>\n<meta property=\"article:modified_time\" content=\"2025-09-03T07:48:55+00:00\" \/>\n<meta name=\"twitter:card\" content=\"summary_large_image\" \/>\n<meta name=\"twitter:label1\" content=\"Predpokladan\u00fd \u010das \u010d\u00edtania\" \/>\n\t<meta name=\"twitter:data1\" content=\"1 min\u00fata\" \/>\n<script type=\"application\/ld+json\" class=\"yoast-schema-graph\">{\"@context\":\"https:\\\/\\\/schema.org\",\"@graph\":[{\"@type\":\"WebPage\",\"@id\":\"https:\\\/\\\/www.upjs.sk\\\/filozoficka-fakulta\\\/info-pre-studentov\\\/tlacivaff\\\/\",\"url\":\"https:\\\/\\\/www.upjs.sk\\\/filozoficka-fakulta\\\/info-pre-studentov\\\/tlacivaff\\\/\",\"name\":\"Tla\u010div\u00e1 - Filozofick\u00e1 fakulta | UPJ\u0160\",\"isPartOf\":{\"@id\":\"https:\\\/\\\/www.upjs.sk\\\/filozoficka-fakulta\\\/#website\"},\"datePublished\":\"2021-05-19T10:33:54+00:00\",\"dateModified\":\"2025-09-03T07:48:55+00:00\",\"breadcrumb\":{\"@id\":\"https:\\\/\\\/www.upjs.sk\\\/filozoficka-fakulta\\\/info-pre-studentov\\\/tlacivaff\\\/#breadcrumb\"},\"inLanguage\":\"sk-SK\",\"potentialAction\":[{\"@type\":\"ReadAction\",\"target\":[\"https:\\\/\\\/www.upjs.sk\\\/filozoficka-fakulta\\\/info-pre-studentov\\\/tlacivaff\\\/\"]}]},{\"@type\":\"BreadcrumbList\",\"@id\":\"https:\\\/\\\/www.upjs.sk\\\/filozoficka-fakulta\\\/info-pre-studentov\\\/tlacivaff\\\/#breadcrumb\",\"itemListElement\":[{\"@type\":\"ListItem\",\"position\":1,\"name\":\"Home\",\"item\":\"https:\\\/\\\/www.upjs.sk\\\/filozoficka-fakulta\\\/\"},{\"@type\":\"ListItem\",\"position\":2,\"name\":\"\u0160t\u00fadium na fakulte\",\"item\":\"https:\\\/\\\/www.upjs.sk\\\/filozoficka-fakulta\\\/info-pre-studentov\\\/\"},{\"@type\":\"ListItem\",\"position\":3,\"name\":\"Tla\u010div\u00e1\"}]},{\"@type\":\"WebSite\",\"@id\":\"https:\\\/\\\/www.upjs.sk\\\/filozoficka-fakulta\\\/#website\",\"url\":\"https:\\\/\\\/www.upjs.sk\\\/filozoficka-fakulta\\\/\",\"name\":\"Filozofick\u00e1 fakulta | UPJ\u0160\",\"description\":\"\",\"publisher\":{\"@id\":\"https:\\\/\\\/www.upjs.sk\\\/filozoficka-fakulta\\\/#organization\"},\"potentialAction\":[{\"@type\":\"SearchAction\",\"target\":{\"@type\":\"EntryPoint\",\"urlTemplate\":\"https:\\\/\\\/www.upjs.sk\\\/filozoficka-fakulta\\\/?s={search_term_string}\"},\"query-input\":{\"@type\":\"PropertyValueSpecification\",\"valueRequired\":true,\"valueName\":\"search_term_string\"}}],\"inLanguage\":\"sk-SK\"},{\"@type\":\"Organization\",\"@id\":\"https:\\\/\\\/www.upjs.sk\\\/filozoficka-fakulta\\\/#organization\",\"name\":\"Filozofick\u00e1 fakulta | UPJ\u0160\",\"url\":\"https:\\\/\\\/www.upjs.sk\\\/filozoficka-fakulta\\\/\",\"logo\":{\"@type\":\"ImageObject\",\"inLanguage\":\"sk-SK\",\"@id\":\"https:\\\/\\\/www.upjs.sk\\\/filozoficka-fakulta\\\/#\\\/schema\\\/logo\\\/image\\\/\",\"url\":\"https:\\\/\\\/www.upjs.sk\\\/app\\\/uploads\\\/sites\\\/7\\\/2022\\\/09\\\/logo-filozoficka-fakulta.png\",\"contentUrl\":\"https:\\\/\\\/www.upjs.sk\\\/app\\\/uploads\\\/sites\\\/7\\\/2022\\\/09\\\/logo-filozoficka-fakulta.png\",\"width\":415,\"height\":87,\"caption\":\"Filozofick\u00e1 fakulta | UPJ\u0160\"},\"image\":{\"@id\":\"https:\\\/\\\/www.upjs.sk\\\/filozoficka-fakulta\\\/#\\\/schema\\\/logo\\\/image\\\/\"}}]}<\/script>\n<!-- \/ Yoast SEO plugin. -->","yoast_head_json":{"title":"Tla\u010div\u00e1 - Filozofick\u00e1 fakulta | UPJ\u0160","robots":{"index":"index","follow":"follow","max-snippet":"max-snippet:-1","max-image-preview":"max-image-preview:large","max-video-preview":"max-video-preview:-1"},"canonical":"https:\/\/www.upjs.sk\/filozoficka-fakulta\/info-pre-studentov\/tlacivaff\/","og_locale":"sk_SK","og_type":"article","og_title":"Tla\u010div\u00e1 - Filozofick\u00e1 fakulta | UPJ\u0160","og_description":"Postupy pri vybavovan\u00ed \u017eiadost\u00ed \u0161tudentov FF UPJ\u0160 \u017diados\u0165 \u017diados\u0165 o preru\u0161enie \u0161t\u00fadia \u017diados\u0165 o\u00a0individu\u00e1lny pl\u00e1n vzdel\u00e1vania \u017diados\u0165 o pridanie predmetu\u00a0(be\u017en\u00fd predmet) \u017diados\u0165 o pridanie predmetu\u00a0(predmet \u0161t\u00e1tnej sk\u00fa\u0161ky) \u017diados\u0165 o \u0161krt\u00a0(be\u017en\u00fd predmet) \u017diados\u0165 o \u0161krt\u00a0(predmet \u0161t\u00e1tnej sk\u00fa\u0161ky) \u017diados\u0165 o uznanie predmetu \u017diados\u0165 o z\u00e1pis\u00a0 predmetov absolvovan\u00fdch po\u010das \u0161tudijn\u00e9ho pobytu Erasmus Potvrdenie pri ukon\u010den\u00ed, resp. preru\u0161en\u00ed \u0161t\u00fadia &hellip; \u010c\u00edta\u0165 \u010falej","og_url":"https:\/\/www.upjs.sk\/filozoficka-fakulta\/info-pre-studentov\/tlacivaff\/","og_site_name":"Filozofick\u00e1 fakulta | UPJ\u0160","article_modified_time":"2025-09-03T07:48:55+00:00","twitter_card":"summary_large_image","twitter_misc":{"Predpokladan\u00fd \u010das \u010d\u00edtania":"1 min\u00fata"},"schema":{"@context":"https:\/\/schema.org","@graph":[{"@type":"WebPage","@id":"https:\/\/www.upjs.sk\/filozoficka-fakulta\/info-pre-studentov\/tlacivaff\/","url":"https:\/\/www.upjs.sk\/filozoficka-fakulta\/info-pre-studentov\/tlacivaff\/","name":"Tla\u010div\u00e1 - Filozofick\u00e1 fakulta | UPJ\u0160","isPartOf":{"@id":"https:\/\/www.upjs.sk\/filozoficka-fakulta\/#website"},"datePublished":"2021-05-19T10:33:54+00:00","dateModified":"2025-09-03T07:48:55+00:00","breadcrumb":{"@id":"https:\/\/www.upjs.sk\/filozoficka-fakulta\/info-pre-studentov\/tlacivaff\/#breadcrumb"},"inLanguage":"sk-SK","potentialAction":[{"@type":"ReadAction","target":["https:\/\/www.upjs.sk\/filozoficka-fakulta\/info-pre-studentov\/tlacivaff\/"]}]},{"@type":"BreadcrumbList","@id":"https:\/\/www.upjs.sk\/filozoficka-fakulta\/info-pre-studentov\/tlacivaff\/#breadcrumb","itemListElement":[{"@type":"ListItem","position":1,"name":"Home","item":"https:\/\/www.upjs.sk\/filozoficka-fakulta\/"},{"@type":"ListItem","position":2,"name":"\u0160t\u00fadium na fakulte","item":"https:\/\/www.upjs.sk\/filozoficka-fakulta\/info-pre-studentov\/"},{"@type":"ListItem","position":3,"name":"Tla\u010div\u00e1"}]},{"@type":"WebSite","@id":"https:\/\/www.upjs.sk\/filozoficka-fakulta\/#website","url":"https:\/\/www.upjs.sk\/filozoficka-fakulta\/","name":"Filozofick\u00e1 fakulta | UPJ\u0160","description":"","publisher":{"@id":"https:\/\/www.upjs.sk\/filozoficka-fakulta\/#organization"},"potentialAction":[{"@type":"SearchAction","target":{"@type":"EntryPoint","urlTemplate":"https:\/\/www.upjs.sk\/filozoficka-fakulta\/?s={search_term_string}"},"query-input":{"@type":"PropertyValueSpecification","valueRequired":true,"valueName":"search_term_string"}}],"inLanguage":"sk-SK"},{"@type":"Organization","@id":"https:\/\/www.upjs.sk\/filozoficka-fakulta\/#organization","name":"Filozofick\u00e1 fakulta | UPJ\u0160","url":"https:\/\/www.upjs.sk\/filozoficka-fakulta\/","logo":{"@type":"ImageObject","inLanguage":"sk-SK","@id":"https:\/\/www.upjs.sk\/filozoficka-fakulta\/#\/schema\/logo\/image\/","url":"https:\/\/www.upjs.sk\/app\/uploads\/sites\/7\/2022\/09\/logo-filozoficka-fakulta.png","contentUrl":"https:\/\/www.upjs.sk\/app\/uploads\/sites\/7\/2022\/09\/logo-filozoficka-fakulta.png","width":415,"height":87,"caption":"Filozofick\u00e1 fakulta | UPJ\u0160"},"image":{"@id":"https:\/\/www.upjs.sk\/filozoficka-fakulta\/#\/schema\/logo\/image\/"}}]}},"_links":{"self":[{"href":"https:\/\/www.upjs.sk\/filozoficka-fakulta\/wp-json\/wp\/v2\/pages\/11000","targetHints":{"allow":["GET"]}}],"collection":[{"href":"https:\/\/www.upjs.sk\/filozoficka-fakulta\/wp-json\/wp\/v2\/pages"}],"about":[{"href":"https:\/\/www.upjs.sk\/filozoficka-fakulta\/wp-json\/wp\/v2\/types\/page"}],"author":[{"embeddable":true,"href":"https:\/\/www.upjs.sk\/filozoficka-fakulta\/wp-json\/wp\/v2\/users\/1"}],"replies":[{"embeddable":true,"href":"https:\/\/www.upjs.sk\/filozoficka-fakulta\/wp-json\/wp\/v2\/comments?post=11000"}],"version-history":[{"count":17,"href":"https:\/\/www.upjs.sk\/filozoficka-fakulta\/wp-json\/wp\/v2\/pages\/11000\/revisions"}],"predecessor-version":[{"id":56244,"href":"https:\/\/www.upjs.sk\/filozoficka-fakulta\/wp-json\/wp\/v2\/pages\/11000\/revisions\/56244"}],"up":[{"embeddable":true,"href":"https:\/\/www.upjs.sk\/filozoficka-fakulta\/wp-json\/wp\/v2\/pages\/16333"}],"wp:attachment":[{"href":"https:\/\/www.upjs.sk\/filozoficka-fakulta\/wp-json\/wp\/v2\/media?parent=11000"}],"wp:term":[{"taxonomy":"category","embeddable":true,"href":"https:\/\/www.upjs.sk\/filozoficka-fakulta\/wp-json\/wp\/v2\/categories?post=11000"},{"taxonomy":"post_tag","embeddable":true,"href":"https:\/\/www.upjs.sk\/filozoficka-fakulta\/wp-json\/wp\/v2\/tags?post=11000"}],"curies":[{"name":"wp","href":"https:\/\/api.w.org\/{rel}","templated":true}]}}