{"id":11019,"date":"2022-09-16T22:38:52","date_gmt":"2022-09-16T22:38:52","guid":{"rendered":"https:\/\/www.upjs.sk\/filozoficka-fakulta\/info-pre-studentov\/stipendia-pozicky\/"},"modified":"2025-09-04T16:07:03","modified_gmt":"2025-09-04T15:07:03","slug":"stipendia-pozicky","status":"publish","type":"page","link":"https:\/\/www.upjs.sk\/filozoficka-fakulta\/info-pre-studentov\/stipendia-pozicky\/","title":{"rendered":"\u0160tipendi\u00e1 a p\u00f4\u017ei\u010dky"},"content":{"rendered":"<style>.wp-block-kadence-spacer.kt-block-spacer-11019_04385d-72 .kt-block-spacer{height:30px;}.wp-block-kadence-spacer.kt-block-spacer-11019_04385d-72 .kt-divider{border-top-width:1px;height:1px;border-top-color:#eee;width:80%;border-top-style:solid;}<\/style>\n<div class=\"wp-block-kadence-spacer aligncenter kt-block-spacer-11019_04385d-72\"><div class=\"kt-block-spacer kt-block-spacer-halign-center\"><hr class=\"kt-divider\"\/><\/div><\/div>\n\n\n\n<h5 class=\"wp-block-heading\"><span style=\"color: #e6930f\"><strong>Tehotensk\u00e9 \u0161tipendium<\/strong><\/span><\/h5>\n\n\n\n<p><strong>Kontakt:<\/strong><br><strong>Ing. Vladim\u00edra Albertov\u00e1<\/strong><br>E-mail: <a href=\"mailto:vladimira.albertova@upjs.sk\">vladimira.albertova@upjs.sk<\/a><br>Tel.: 055 234 7183<\/p>\n\n\n\n<p><strong><a aria-label=\" (opens in a new tab)\" href=\"https:\/\/intranet.upjs.sk\/op\/op.Public.php?documentid=1540\" target=\"_blank\" rel=\"noreferrer noopener\" class=\"ek-link\">Poskytovanie tehotensk\u00e9ho \u0161tipendia \u0161tudentk\u00e1m UPJ\u0160<\/a><\/strong> (\u010cl. 5)<\/p>\n\n\n<style>.wp-block-kadence-spacer.kt-block-spacer-11019_0f65bf-cb .kt-block-spacer{height:30px;}.wp-block-kadence-spacer.kt-block-spacer-11019_0f65bf-cb .kt-divider{border-top-width:1px;height:1px;border-top-color:#eee;width:80%;border-top-style:solid;}<\/style>\n<div class=\"wp-block-kadence-spacer aligncenter kt-block-spacer-11019_0f65bf-cb\"><div class=\"kt-block-spacer kt-block-spacer-halign-center\"><hr class=\"kt-divider\"\/><\/div><\/div>\n\n\n\n<h5 class=\"wp-block-heading\"><span style=\"color: #e6930f\"><strong>Soci\u00e1lne \u0161tipendium<\/strong><\/span><\/h5>\n\n\n\n<p><strong>Kontakt:<\/strong><br><strong>Ing. Vladim\u00edra Albertov\u00e1<\/strong><br>E-mail:&nbsp;<a href=\"mailto:vladimira.albertova@upjs.sk\">vladimira.albertova@upjs.sk<\/a><br>Tel.: 055 234 7183<\/p>\n\n\n\n<p><strong><span style=\"color: #e6930f\">Inform\u00e1cie pre \u017eiadate\u013eov o priznanie soci\u00e1lneho \u0161tipendia<\/span><\/strong><\/p>\n\n\n\n<p><u><strong>Pr\u00e1vne predpisy<\/strong> upravuj\u00face prizn\u00e1vanie soci\u00e1lnych \u0161tipendi\u00ed a s\u00favisiace pr\u00e1vne predpisy<\/u><\/p>\n\n\n\n<p>&#8211; <a href=\"https:\/\/www.zakonypreludi.sk\/zz\/2002-131\" target=\"_blank\" rel=\"noopener\">Z\u00e1kon \u010d. 131\/2002 Z. z. o vysok\u00fdch \u0161kol\u00e1ch a o vysok\u00fdch \u0161kol\u00e1ch a o zmene a doplnen\u00ed niektor\u00fdch z\u00e1konov<\/a><br>&#8211; <a href=\"https:\/\/www.upjs.sk\/app\/uploads\/sites\/7\/2022\/09\/vyhlaska-soc-stip-uplneznenie-092013.pdf\" target=\"_blank\" rel=\"noopener\">Vyhl\u00e1\u0161ka Ministerstva \u0161kolstva, vedy, v\u00fdskumu a \u0161portu Slovenskej republiky \u010d. 102\/2006 Z. z. o prizn\u00e1van\u00ed soci\u00e1lneho \u0161tipendia \u0161tudentom vysok\u00fdch \u0161k\u00f4l<\/a><br>&#8211; <a href=\"https:\/\/intranet.upjs.sk\/op\/op.Public.php?documentid=1540\" target=\"_blank\" rel=\"noopener\">\u0160tipendijn\u00fd poriadok UPJ\u0160 v Ko\u0161iciach<\/a><\/p>\n\n\n\n<p><strong><u>V\u0161eobecn\u00e9 inform\u00e1cie<\/u><\/strong><\/p>\n\n\n\n<p><strong>Na soci\u00e1lne \u0161tipendium m\u00e1 n\u00e1rok <\/strong>ka\u017ed\u00fd \u0161tudent:<br>&#8211; prv\u00e9ho \u0161t\u00fadia v dennej forme vysokej \u0161koly na Slovensku,<br>&#8211; ktor\u00fd m\u00e1 na \u00fazem\u00ed SR trval\u00fd pobyt,<br>&#8211; ak neprekro\u010dil \u0161tandardn\u00fa d\u013a\u017eku \u0161t\u00fadia,<br>&#8211; ak mesa\u010dn\u00fd pr\u00edjem jeho rodiny nie je vy\u0161\u0161\u00ed ako hranica pr\u00edjmu stanoven\u00e1 na z\u00e1klade \u017eivotn\u00e9ho minima.<\/p>\n\n\n\n<p><strong>Na soci\u00e1lne \u0161tipendium nem\u00e1 n\u00e1rok&nbsp;<\/strong>\u0161tudent, ktor\u00fd:<br>&#8211; \u0161tuduje v externej forme \u0161t\u00fadia,<br>&#8211; \u0161tuduje pr\u00edslu\u0161n\u00fd \u0161tudijn\u00fd program dlh\u0161ie, ako je jeho \u0161tandardn\u00e1 d\u013a\u017eka (toto obmedzenie neplat\u00ed, ak sa jedn\u00e1 o \u0161tudenta so zdravotn\u00fdm postihnut\u00edm, ak je prekro\u010denie \u0161tandardnej d\u013a\u017eky \u0161t\u00fadia sp\u00f4soben\u00e9 jeho zdravotn\u00fdm postihnut\u00edm),<br>&#8211; \u0161tuduje \u0161tudijn\u00fd program v bakal\u00e1rskom stupni \u0161t\u00fadia a pritom u\u017e je dr\u017eite\u013eom titulu Bc. z in\u00e9ho predch\u00e1dzaj\u00faceho \u0161t\u00fadia,<br>&#8211; u\u017e dosiahol vysoko\u0161kolsk\u00e9 vzdelanie II. stup\u0148a (t.j. je absolventom napr. magistersk\u00e9ho alebo in\u017einierskeho stup\u0148a \u0161t\u00fadia),<br>&#8211; mal poskytnut\u00e9 soci\u00e1lne \u0161tipendium v pr\u00edslu\u0161nom roku \u0161t\u00fadia alebo v jeho \u010dasti v \u0161tudijnom programe pr\u00edslu\u0161n\u00e9ho vysoko\u0161kolsk\u00e9ho vzdelania.<\/p>\n\n\n\n<p><strong>V\u00fd\u0161ka soci\u00e1lneho \u0161tipendia:<\/strong><br>&#8211; <strong>minim\u00e1lne je 10 eur mesa\u010dne<\/strong>,<br>&#8211; aktu\u00e1lne <strong>najviac 330 eur mesa\u010dne<\/strong>, ak \u017eiadate\u013e \u0161tuduje <strong>v mieste bydliska<\/strong>,<br>&#8211; aktu\u00e1lne <strong>najviac 395 eur mesa\u010dne<\/strong>, ak \u017eiadate\u013e \u0161tuduje <strong>30 a viac kilometrov<\/strong> od miesta bydliska.<br>V\u00fd\u0161ka sa zaokr\u00fah\u013euje na cel\u00e9 p\u00e4\u0165 eur\u00e1 smerom nahor.<\/p>\n\n\n\n<p><u><strong>\u010co mus\u00edte urobi\u0165<\/strong><\/u><\/p>\n\n\n\n<p>&#8211; poda\u0165 si \u017eiados\u0165 o priznanie soci\u00e1lneho \u0161tipendia,<br>&#8211; k \u017eiadosti mus\u00edte prilo\u017ei\u0165 <a href=\"https:\/\/www.upjs.sk\/app\/uploads\/sites\/7\/2025\/09\/soc-stipendium-doklady-092025.pdf\" target=\"_blank\" rel=\"noreferrer noopener\">doklady<\/a> o v\u00fd\u0161ke pr\u00edjmu a o rodinnej situ\u00e1ci\u00ed \u2013 ostatn\u00fdch de\u0165och, man\u017eelstve at\u010f.,<br>&#8211; \u0161tipendium sa \u017eiadate\u013eovi prizn\u00e1va od mesiaca, v ktorom bola \u017eiados\u0165 podan\u00e1,<br>&#8211; <a href=\"https:\/\/www.upjs.sk\/app\/uploads\/sites\/7\/2022\/09\/soc-stipendium-manual-pre-ziadatela-2020.pdf\" target=\"_blank\" rel=\"noopener\">Manu\u00e1l pre \u017eiadate\u013eov o soci\u00e1lne \u0161tipendium<\/a>.<\/p>\n\n\n\n<p><a href=\"https:\/\/studentskefinancie.sk\/stipendium?utm_campaign=Newsletter&amp;utm_source=2014-09&amp;utm_medium=email\" target=\"_blank\" rel=\"noopener\">Kalkula\u010dka na v\u00fdpo\u010det soci\u00e1lneho \u0161tipendia<\/a><\/p>\n\n\n\n<p>Oznamujeme \u0161tudentom FF, \u017eiadate\u013eom o soci\u00e1lne \u0161tipendium, \u017ee \u017eiadosti o soci\u00e1lne \u0161tipendium m\u00f4\u017eu poda\u0165 aj na sekretari\u00e1te Dekan\u00e1tu FF, \u0160rob\u00e1rova 2, Ko\u0161ice (\u010d. dver\u00ed 111).<\/p>\n\n\n\n<p><u><strong>Na stiahnutie<\/strong><\/u><\/p>\n\n\n\n<ul class=\"wp-block-list\">\n<li><a href=\"https:\/\/www.upjs.sk\/app\/uploads\/sites\/7\/2022\/09\/1-soc-stip-ziadost2015.pdf\" target=\"_blank\" rel=\"noopener\">\u017eiados\u0165 o priznanie soci\u00e1lneho \u0161tipendia<\/a><\/li>\n\n\n\n<li><a href=\"https:\/\/www.upjs.sk\/app\/uploads\/sites\/7\/2022\/09\/4-osoby-zijuce-v-domacnosti-2013-14.pdf\" target=\"_blank\" rel=\"noopener\">osoby \u017eij\u00face v dom\u00e1cnosti<\/a><\/li>\n\n\n\n<li><a href=\"https:\/\/www.upjs.sk\/app\/uploads\/sites\/7\/2022\/09\/6-soc-stipendia-priklady-vypoctu-naroku-2014.pdf\" target=\"_blank\" rel=\"noopener\">pr\u00edklady v\u00fdpo\u010dtu n\u00e1roku \u017eiadate\u013ea na soci\u00e1lne \u0161tipendium<\/a><\/li>\n\n\n\n<li><a href=\"https:\/\/www.upjs.sk\/app\/uploads\/sites\/7\/2022\/09\/7-soc-stip-cestne-vyhlasenie-ziadatela-2012-1.pdf\" target=\"_blank\" rel=\"noopener\">\u010destn\u00e9 vyhl\u00e1senie \u017eiadate\u013ea<\/a><\/li>\n\n\n\n<li><a href=\"https:\/\/www.upjs.sk\/app\/uploads\/sites\/7\/2022\/09\/8-soc-stipendium-cestne-vyhlasenie-vyzivne-2011-12.pdf\" target=\"_blank\" rel=\"noopener\">\u010destn\u00e9 vyhl\u00e1senie \u2013 v\u00fd\u017eivn\u00e9<\/a><\/li>\n\n\n\n<li><a href=\"https:\/\/www.upjs.sk\/app\/uploads\/sites\/7\/2022\/09\/9-soc-stipendium-cestne-vyhlasenie-ine-prijmy-2011-12.pdf\" target=\"_blank\" rel=\"noopener\">\u010destn\u00e9 vyhl\u00e1senie \u2013 in\u00e9 pr\u00edjmy za posledn\u00e9 3 mesiace<\/a>&nbsp;(pri poberan\u00ed d\u00f4chodku, matersk\u00e9ho, rodi\u010dovsk\u00e9ho pr\u00edspevku)<\/li>\n\n\n\n<li><a href=\"https:\/\/www.upjs.sk\/app\/uploads\/sites\/7\/2022\/11\/10-soc-stipendium-cestne-vyhlasenie-ine-prijmy-predchadzajuci-kalendarny-rok.pdf\" target=\"_blank\" rel=\"noopener\">\u010destn\u00e9 vyhl\u00e1senie \u2013 in\u00e9 pr\u00edjmy za predch\u00e1dzaj\u00faci rok<\/a> (pri dlhodobom poberan\u00ed d\u00f4chodku)<\/li>\n<\/ul>\n\n\n<style>.wp-block-kadence-spacer.kt-block-spacer-11019_0cafda-0a .kt-block-spacer{height:30px;}.wp-block-kadence-spacer.kt-block-spacer-11019_0cafda-0a .kt-divider{border-top-width:1px;height:1px;border-top-color:#eee;width:80%;border-top-style:solid;}<\/style>\n<div class=\"wp-block-kadence-spacer aligncenter kt-block-spacer-11019_0cafda-0a\"><div class=\"kt-block-spacer kt-block-spacer-halign-center\"><hr class=\"kt-divider\"\/><\/div><\/div>\n\n\n\n<h5 class=\"wp-block-heading\"><span style=\"color: #e6930f\"><strong>P\u00f4\u017ei\u010dky pre \u0161tudentov<\/strong><\/span><\/h5>\n\n\n\n<p>\u0160tudenti vysok\u00fdch \u0161k\u00f4l maj\u00fa mo\u017enos\u0165 po\u017eiada\u0165 o zv\u00fdhodnen\u00fa p\u00f4\u017ei\u010dku z <a href=\"https:\/\/www.fnpv.sk\" target=\"_blank\" rel=\"noopener\">Fondu na podporu vzdel\u00e1vania<\/a>.<\/p>\n","protected":false},"excerpt":{"rendered":"<p>Tehotensk\u00e9 \u0161tipendium Kontakt:Ing. Vladim\u00edra Albertov\u00e1E-mail: vladimira.albertova@upjs.skTel.: 055 234 7183 Poskytovanie tehotensk\u00e9ho \u0161tipendia \u0161tudentk\u00e1m UPJ\u0160 (\u010cl. 5) Soci\u00e1lne \u0161tipendium Kontakt:Ing. Vladim\u00edra Albertov\u00e1E-mail:&nbsp;vladimira.albertova@upjs.skTel.: 055 234 7183 Inform\u00e1cie pre \u017eiadate\u013eov o priznanie soci\u00e1lneho \u0161tipendia Pr\u00e1vne predpisy upravuj\u00face prizn\u00e1vanie soci\u00e1lnych \u0161tipendi\u00ed a s\u00favisiace pr\u00e1vne predpisy &#8211; Z\u00e1kon \u010d. 131\/2002 Z. z. o vysok\u00fdch \u0161kol\u00e1ch a o vysok\u00fdch \u0161kol\u00e1ch a &hellip; <a href=\"https:\/\/www.upjs.sk\/filozoficka-fakulta\/info-pre-studentov\/stipendia-pozicky\/\">\u010c\u00edta\u0165 \u010falej<\/a><\/p>\n","protected":false},"author":1,"featured_media":0,"parent":16333,"menu_order":3,"comment_status":"closed","ping_status":"closed","template":"","meta":{"_acf_changed":false,"_editorskit_title_hidden":false,"_editorskit_reading_time":2,"_editorskit_is_block_options_detached":false,"_editorskit_block_options_position":"{}","footnotes":""},"categories":[],"tags":[],"class_list":["post-11019","page","type-page","status-publish","hentry"],"acf":{"acf_link_na_externy_obsah":""},"yoast_head":"<!-- This site is optimized with the Yoast SEO plugin v27.2 - https:\/\/yoast.com\/product\/yoast-seo-wordpress\/ -->\n<title>\u0160tipendi\u00e1 a p\u00f4\u017ei\u010dky - Filozofick\u00e1 fakulta | UPJ\u0160<\/title>\n<meta name=\"robots\" content=\"index, follow, max-snippet:-1, max-image-preview:large, max-video-preview:-1\" \/>\n<link rel=\"canonical\" href=\"https:\/\/www.upjs.sk\/filozoficka-fakulta\/info-pre-studentov\/stipendia-pozicky\/\" \/>\n<meta property=\"og:locale\" content=\"sk_SK\" \/>\n<meta property=\"og:type\" content=\"article\" \/>\n<meta property=\"og:title\" content=\"\u0160tipendi\u00e1 a p\u00f4\u017ei\u010dky - Filozofick\u00e1 fakulta | UPJ\u0160\" \/>\n<meta property=\"og:description\" content=\"Tehotensk\u00e9 \u0161tipendium Kontakt:Ing. Vladim\u00edra Albertov\u00e1E-mail: vladimira.albertova@upjs.skTel.: 055 234 7183 Poskytovanie tehotensk\u00e9ho \u0161tipendia \u0161tudentk\u00e1m UPJ\u0160 (\u010cl. 5) Soci\u00e1lne \u0161tipendium Kontakt:Ing. Vladim\u00edra Albertov\u00e1E-mail:&nbsp;vladimira.albertova@upjs.skTel.: 055 234 7183 Inform\u00e1cie pre \u017eiadate\u013eov o priznanie soci\u00e1lneho \u0161tipendia Pr\u00e1vne predpisy upravuj\u00face prizn\u00e1vanie soci\u00e1lnych \u0161tipendi\u00ed a s\u00favisiace pr\u00e1vne predpisy &#8211; Z\u00e1kon \u010d. 131\/2002 Z. z. o vysok\u00fdch \u0161kol\u00e1ch a o vysok\u00fdch \u0161kol\u00e1ch a &hellip; \u010c\u00edta\u0165 \u010falej\" \/>\n<meta property=\"og:url\" content=\"https:\/\/www.upjs.sk\/filozoficka-fakulta\/info-pre-studentov\/stipendia-pozicky\/\" \/>\n<meta property=\"og:site_name\" content=\"Filozofick\u00e1 fakulta | UPJ\u0160\" \/>\n<meta property=\"article:modified_time\" content=\"2025-09-04T15:07:03+00:00\" \/>\n<meta name=\"twitter:card\" content=\"summary_large_image\" \/>\n<meta name=\"twitter:label1\" content=\"Predpokladan\u00fd \u010das \u010d\u00edtania\" \/>\n\t<meta name=\"twitter:data1\" content=\"3 min\u00faty\" \/>\n<script type=\"application\/ld+json\" class=\"yoast-schema-graph\">{\"@context\":\"https:\/\/schema.org\",\"@graph\":[{\"@type\":\"WebPage\",\"@id\":\"https:\/\/www.upjs.sk\/filozoficka-fakulta\/info-pre-studentov\/stipendia-pozicky\/\",\"url\":\"https:\/\/www.upjs.sk\/filozoficka-fakulta\/info-pre-studentov\/stipendia-pozicky\/\",\"name\":\"\u0160tipendi\u00e1 a p\u00f4\u017ei\u010dky - Filozofick\u00e1 fakulta | UPJ\u0160\",\"isPartOf\":{\"@id\":\"https:\/\/www.upjs.sk\/filozoficka-fakulta\/#website\"},\"datePublished\":\"2022-09-16T22:38:52+00:00\",\"dateModified\":\"2025-09-04T15:07:03+00:00\",\"breadcrumb\":{\"@id\":\"https:\/\/www.upjs.sk\/filozoficka-fakulta\/info-pre-studentov\/stipendia-pozicky\/#breadcrumb\"},\"inLanguage\":\"sk-SK\",\"potentialAction\":[{\"@type\":\"ReadAction\",\"target\":[\"https:\/\/www.upjs.sk\/filozoficka-fakulta\/info-pre-studentov\/stipendia-pozicky\/\"]}]},{\"@type\":\"BreadcrumbList\",\"@id\":\"https:\/\/www.upjs.sk\/filozoficka-fakulta\/info-pre-studentov\/stipendia-pozicky\/#breadcrumb\",\"itemListElement\":[{\"@type\":\"ListItem\",\"position\":1,\"name\":\"Home\",\"item\":\"https:\/\/www.upjs.sk\/filozoficka-fakulta\/\"},{\"@type\":\"ListItem\",\"position\":2,\"name\":\"\u0160t\u00fadium na fakulte\",\"item\":\"https:\/\/www.upjs.sk\/filozoficka-fakulta\/info-pre-studentov\/\"},{\"@type\":\"ListItem\",\"position\":3,\"name\":\"\u0160tipendi\u00e1 a p\u00f4\u017ei\u010dky\"}]},{\"@type\":\"WebSite\",\"@id\":\"https:\/\/www.upjs.sk\/filozoficka-fakulta\/#website\",\"url\":\"https:\/\/www.upjs.sk\/filozoficka-fakulta\/\",\"name\":\"Filozofick\u00e1 fakulta | UPJ\u0160\",\"description\":\"\",\"publisher\":{\"@id\":\"https:\/\/www.upjs.sk\/filozoficka-fakulta\/#organization\"},\"potentialAction\":[{\"@type\":\"SearchAction\",\"target\":{\"@type\":\"EntryPoint\",\"urlTemplate\":\"https:\/\/www.upjs.sk\/filozoficka-fakulta\/?s={search_term_string}\"},\"query-input\":{\"@type\":\"PropertyValueSpecification\",\"valueRequired\":true,\"valueName\":\"search_term_string\"}}],\"inLanguage\":\"sk-SK\"},{\"@type\":\"Organization\",\"@id\":\"https:\/\/www.upjs.sk\/filozoficka-fakulta\/#organization\",\"name\":\"Filozofick\u00e1 fakulta | UPJ\u0160\",\"url\":\"https:\/\/www.upjs.sk\/filozoficka-fakulta\/\",\"logo\":{\"@type\":\"ImageObject\",\"inLanguage\":\"sk-SK\",\"@id\":\"https:\/\/www.upjs.sk\/filozoficka-fakulta\/#\/schema\/logo\/image\/\",\"url\":\"https:\/\/www.upjs.sk\/app\/uploads\/sites\/7\/2022\/09\/logo-filozoficka-fakulta.png\",\"contentUrl\":\"https:\/\/www.upjs.sk\/app\/uploads\/sites\/7\/2022\/09\/logo-filozoficka-fakulta.png\",\"width\":415,\"height\":87,\"caption\":\"Filozofick\u00e1 fakulta | UPJ\u0160\"},\"image\":{\"@id\":\"https:\/\/www.upjs.sk\/filozoficka-fakulta\/#\/schema\/logo\/image\/\"}}]}<\/script>\n<!-- \/ Yoast SEO plugin. -->","yoast_head_json":{"title":"\u0160tipendi\u00e1 a p\u00f4\u017ei\u010dky - Filozofick\u00e1 fakulta | UPJ\u0160","robots":{"index":"index","follow":"follow","max-snippet":"max-snippet:-1","max-image-preview":"max-image-preview:large","max-video-preview":"max-video-preview:-1"},"canonical":"https:\/\/www.upjs.sk\/filozoficka-fakulta\/info-pre-studentov\/stipendia-pozicky\/","og_locale":"sk_SK","og_type":"article","og_title":"\u0160tipendi\u00e1 a p\u00f4\u017ei\u010dky - Filozofick\u00e1 fakulta | UPJ\u0160","og_description":"Tehotensk\u00e9 \u0161tipendium Kontakt:Ing. Vladim\u00edra Albertov\u00e1E-mail: vladimira.albertova@upjs.skTel.: 055 234 7183 Poskytovanie tehotensk\u00e9ho \u0161tipendia \u0161tudentk\u00e1m UPJ\u0160 (\u010cl. 5) Soci\u00e1lne \u0161tipendium Kontakt:Ing. Vladim\u00edra Albertov\u00e1E-mail:&nbsp;vladimira.albertova@upjs.skTel.: 055 234 7183 Inform\u00e1cie pre \u017eiadate\u013eov o priznanie soci\u00e1lneho \u0161tipendia Pr\u00e1vne predpisy upravuj\u00face prizn\u00e1vanie soci\u00e1lnych \u0161tipendi\u00ed a s\u00favisiace pr\u00e1vne predpisy &#8211; Z\u00e1kon \u010d. 131\/2002 Z. z. o vysok\u00fdch \u0161kol\u00e1ch a o vysok\u00fdch \u0161kol\u00e1ch a &hellip; \u010c\u00edta\u0165 \u010falej","og_url":"https:\/\/www.upjs.sk\/filozoficka-fakulta\/info-pre-studentov\/stipendia-pozicky\/","og_site_name":"Filozofick\u00e1 fakulta | UPJ\u0160","article_modified_time":"2025-09-04T15:07:03+00:00","twitter_card":"summary_large_image","twitter_misc":{"Predpokladan\u00fd \u010das \u010d\u00edtania":"3 min\u00faty"},"schema":{"@context":"https:\/\/schema.org","@graph":[{"@type":"WebPage","@id":"https:\/\/www.upjs.sk\/filozoficka-fakulta\/info-pre-studentov\/stipendia-pozicky\/","url":"https:\/\/www.upjs.sk\/filozoficka-fakulta\/info-pre-studentov\/stipendia-pozicky\/","name":"\u0160tipendi\u00e1 a p\u00f4\u017ei\u010dky - Filozofick\u00e1 fakulta | UPJ\u0160","isPartOf":{"@id":"https:\/\/www.upjs.sk\/filozoficka-fakulta\/#website"},"datePublished":"2022-09-16T22:38:52+00:00","dateModified":"2025-09-04T15:07:03+00:00","breadcrumb":{"@id":"https:\/\/www.upjs.sk\/filozoficka-fakulta\/info-pre-studentov\/stipendia-pozicky\/#breadcrumb"},"inLanguage":"sk-SK","potentialAction":[{"@type":"ReadAction","target":["https:\/\/www.upjs.sk\/filozoficka-fakulta\/info-pre-studentov\/stipendia-pozicky\/"]}]},{"@type":"BreadcrumbList","@id":"https:\/\/www.upjs.sk\/filozoficka-fakulta\/info-pre-studentov\/stipendia-pozicky\/#breadcrumb","itemListElement":[{"@type":"ListItem","position":1,"name":"Home","item":"https:\/\/www.upjs.sk\/filozoficka-fakulta\/"},{"@type":"ListItem","position":2,"name":"\u0160t\u00fadium na fakulte","item":"https:\/\/www.upjs.sk\/filozoficka-fakulta\/info-pre-studentov\/"},{"@type":"ListItem","position":3,"name":"\u0160tipendi\u00e1 a p\u00f4\u017ei\u010dky"}]},{"@type":"WebSite","@id":"https:\/\/www.upjs.sk\/filozoficka-fakulta\/#website","url":"https:\/\/www.upjs.sk\/filozoficka-fakulta\/","name":"Filozofick\u00e1 fakulta | UPJ\u0160","description":"","publisher":{"@id":"https:\/\/www.upjs.sk\/filozoficka-fakulta\/#organization"},"potentialAction":[{"@type":"SearchAction","target":{"@type":"EntryPoint","urlTemplate":"https:\/\/www.upjs.sk\/filozoficka-fakulta\/?s={search_term_string}"},"query-input":{"@type":"PropertyValueSpecification","valueRequired":true,"valueName":"search_term_string"}}],"inLanguage":"sk-SK"},{"@type":"Organization","@id":"https:\/\/www.upjs.sk\/filozoficka-fakulta\/#organization","name":"Filozofick\u00e1 fakulta | UPJ\u0160","url":"https:\/\/www.upjs.sk\/filozoficka-fakulta\/","logo":{"@type":"ImageObject","inLanguage":"sk-SK","@id":"https:\/\/www.upjs.sk\/filozoficka-fakulta\/#\/schema\/logo\/image\/","url":"https:\/\/www.upjs.sk\/app\/uploads\/sites\/7\/2022\/09\/logo-filozoficka-fakulta.png","contentUrl":"https:\/\/www.upjs.sk\/app\/uploads\/sites\/7\/2022\/09\/logo-filozoficka-fakulta.png","width":415,"height":87,"caption":"Filozofick\u00e1 fakulta | UPJ\u0160"},"image":{"@id":"https:\/\/www.upjs.sk\/filozoficka-fakulta\/#\/schema\/logo\/image\/"}}]}},"_links":{"self":[{"href":"https:\/\/www.upjs.sk\/filozoficka-fakulta\/wp-json\/wp\/v2\/pages\/11019","targetHints":{"allow":["GET"]}}],"collection":[{"href":"https:\/\/www.upjs.sk\/filozoficka-fakulta\/wp-json\/wp\/v2\/pages"}],"about":[{"href":"https:\/\/www.upjs.sk\/filozoficka-fakulta\/wp-json\/wp\/v2\/types\/page"}],"author":[{"embeddable":true,"href":"https:\/\/www.upjs.sk\/filozoficka-fakulta\/wp-json\/wp\/v2\/users\/1"}],"replies":[{"embeddable":true,"href":"https:\/\/www.upjs.sk\/filozoficka-fakulta\/wp-json\/wp\/v2\/comments?post=11019"}],"version-history":[{"count":20,"href":"https:\/\/www.upjs.sk\/filozoficka-fakulta\/wp-json\/wp\/v2\/pages\/11019\/revisions"}],"predecessor-version":[{"id":56274,"href":"https:\/\/www.upjs.sk\/filozoficka-fakulta\/wp-json\/wp\/v2\/pages\/11019\/revisions\/56274"}],"up":[{"embeddable":true,"href":"https:\/\/www.upjs.sk\/filozoficka-fakulta\/wp-json\/wp\/v2\/pages\/16333"}],"wp:attachment":[{"href":"https:\/\/www.upjs.sk\/filozoficka-fakulta\/wp-json\/wp\/v2\/media?parent=11019"}],"wp:term":[{"taxonomy":"category","embeddable":true,"href":"https:\/\/www.upjs.sk\/filozoficka-fakulta\/wp-json\/wp\/v2\/categories?post=11019"},{"taxonomy":"post_tag","embeddable":true,"href":"https:\/\/www.upjs.sk\/filozoficka-fakulta\/wp-json\/wp\/v2\/tags?post=11019"}],"curies":[{"name":"wp","href":"https:\/\/api.w.org\/{rel}","templated":true}]}}