{"id":11270,"date":"2022-08-24T08:43:38","date_gmt":"2022-08-24T08:43:38","guid":{"rendered":"https:\/\/www.upjs.sk\/filozoficka-fakulta\/info-pre-studentov\/pomoc-2\/"},"modified":"2026-04-07T13:44:08","modified_gmt":"2026-04-07T12:44:08","slug":"help","status":"publish","type":"page","link":"https:\/\/www.upjs.sk\/filozoficka-fakulta\/info-pre-studentov\/help\/","title":{"rendered":"Potrebuje\u0161 pom\u00f4c\u0165?"},"content":{"rendered":"\n<figure class=\"wp-block-table\"><table class=\"has-filozoficka-f-background-color has-background\"><tbody><tr><td><span style=\"font-size: 18px;\"><strong>\u00bb \u0160tudijn\u00e9 oddelenie<\/strong><\/span><\/td><\/tr><\/tbody><\/table><\/figure>\n\n\n\n<ul class=\"wp-block-list\">\n<li>Zabezpe\u010duje agendu prij\u00edmacieho konania, \u0161tudijn\u00fa administrat\u00edvu a \u010fal\u0161ie \u010dinnosti spojen\u00e9 so \u0161t\u00fadiom. \u0160tudijn\u00e9 referentky pom\u00e1haj\u00fa \u0161tudentom rie\u0161i\u0165 \u0161tudijn\u00e9 z\u00e1le\u017eitosti v s\u00favislosti so vznikom, priebehom i ukon\u010den\u00edm \u0161t\u00fadia.<\/li>\n\n\n\n<li><strong><a href=\"\/filozoficka-fakulta\/info-pre-studentov\/studijne-oddelenie\/\" target=\"_blank\" rel=\"noopener\">\u0160tudijn\u00e9 oddelenie<\/a><\/strong><\/li>\n<\/ul>\n\n\n\n<div style=\"height:20px\" aria-hidden=\"true\" class=\"wp-block-spacer\"><\/div>\n\n\n\n<figure class=\"wp-block-table\"><table class=\"has-filozoficka-f-background-color has-background\"><tbody><tr><td><span style=\"font-size: 18px;\"><strong>\u00bb \u0160tudijn\u00fd poradca (t\u00fator)<\/strong><\/span><\/td><\/tr><\/tbody><\/table><\/figure>\n\n\n\n<ul class=\"wp-block-list\">\n<li>Osoba poskytuj\u00faca poradenstvo oh\u013eadom obsahu konkr\u00e9tneho \u0161tudijn\u00e9ho programu. \u0160tudijn\u00fd poradca je n\u00e1pomocn\u00fd \u0161tudentovi pri zostavovan\u00ed osobn\u00e9ho \u0161tudijn\u00e9ho pl\u00e1nu,&nbsp;pri prihlasovan\u00ed sa na rozvrh hod\u00edn a pri \u0165a\u017ekostiach&nbsp;v \u0161t\u00fadiu.<\/li>\n\n\n\n<li><strong><a href=\"https:\/\/www.upjs.sk\/app\/uploads\/sites\/7\/2026\/04\/tutoriFF-2025-2026-aktual.pdf\" target=\"_blank\" rel=\"noreferrer noopener\">\u0160tudijn\u00ed poradcovia<\/a><\/strong><\/li>\n<\/ul>\n\n\n\n<div style=\"height:20px\" aria-hidden=\"true\" class=\"wp-block-spacer\"><\/div>\n\n\n\n<figure class=\"wp-block-table\"><table class=\"has-filozoficka-f-background-color has-background\"><tbody><tr><td><span style=\"font-size: 18px;\"><strong>\u00bb Vyu\u010duj\u00faci<\/strong><\/span><\/td><\/tr><\/tbody><\/table><\/figure>\n\n\n\n<ul class=\"wp-block-list\">\n<li>Vyu\u010duj\u00faci zabezpe\u010duje v\u00fdu\u010dbu (predn\u00e1\u0161ky, semin\u00e1re a cvi\u010denia), vedie z\u00e1vere\u010dn\u00e9 pr\u00e1ce, poskytuje konzult\u00e1cie.<\/li>\n\n\n\n<li>Vyu\u010duj\u00faci jednotliv\u00fdch predmetov s\u00fa uveden\u00ed v \u0161tudijnom pl\u00e1ne, resp. v rozvrhu hod\u00edn v AiS2.<\/li>\n\n\n\n<li>Kontakt: meno.priezvisko@upjs.sk<\/li>\n<\/ul>\n\n\n\n<div style=\"height:20px\" aria-hidden=\"true\" class=\"wp-block-spacer\"><\/div>\n\n\n\n<figure class=\"wp-block-table\"><table class=\"has-filozoficka-f-background-color has-background\"><tbody><tr><td><span style=\"font-size: 18px;\"><strong>\u00bb Osoba zodpovedn\u00e1 za realiz\u00e1ciu \u0161tudijn\u00e9ho programu<\/strong><\/span><\/td><\/tr><\/tbody><\/table><\/figure>\n\n\n\n<ul class=\"wp-block-list\">\n<li>Osoba s kompetenciami a zodpovednos\u0165ou za uskuto\u010d\u0148ovanie, rozvoj a zabezpe\u010denie kvality \u0161tudijn\u00e9ho programu garantuje odborn\u00fa kvalitu a obsahovu\u0301 spra\u0301vnost\u030c na\u0301vrhu s\u030ctudijne\u0301ho programu.<\/li>\n\n\n\n<li>Osoba zodpovedn\u00e1 za realiz\u00e1ciu \u0161tudijn\u00e9ho programu je uveden\u00e1 v \u0161tudijnom pl\u00e1ne \u0161tudijn\u00e9ho programu.<br><a aria-label=\"Register \u0161tudijn\u00fdch programov (opens in a new tab)\" href=\"https:\/\/studijne-programy.upjs.sk\/fakulta\/FF\" target=\"_blank\" rel=\"noreferrer noopener\" class=\"ek-link\">Register \u0161tudijn\u00fdch programov<\/a><\/li>\n\n\n\n<li>Kontakt: meno.priezvisko@upjs.sk<\/li>\n<\/ul>\n\n\n\n<div style=\"height:20px\" aria-hidden=\"true\" class=\"wp-block-spacer\"><\/div>\n\n\n\n<figure class=\"wp-block-table\"><table class=\"has-filozoficka-f-background-color has-background\"><tbody><tr><td><span style=\"font-size: 18px;\"><strong>\u00bb Ved\u00faci katedry<\/strong><\/span><\/td><\/tr><\/tbody><\/table><\/figure>\n\n\n\n<ul class=\"wp-block-list\">\n<li>Ved\u00faci katedry riadi chod katedry.<\/li>\n\n\n\n<li>Kontakty s\u00fa uveden\u00e9 na webov\u00fdch str\u00e1nkach katedier (Person\u00e1lne obsadenie).<br><a href=\"https:\/\/www.upjs.sk\/filozoficka-fakulta\/fakulta\/organizacna-struktura\/\" target=\"_blank\" rel=\"noreferrer noopener\">Dekan\u00e1t a katedry<\/a><\/li>\n<\/ul>\n\n\n\n<div style=\"height:20px\" aria-hidden=\"true\" class=\"wp-block-spacer\"><\/div>\n\n\n\n<figure class=\"wp-block-table\"><table class=\"has-filozoficka-f-background-color has-background\"><tbody><tr><td><span style=\"font-size: 18px;\"><strong>\u00bb Koordin\u00e1tor \u0161tudentsk\u00fdch mobil\u00edt<\/strong><\/span><\/td><\/tr><\/tbody><\/table><\/figure>\n\n\n\n<ul class=\"wp-block-list\">\n<li>Koordin\u00e1tori \u0161tudentsk\u00fdch mobil\u00edt poskytuj\u00fa inform\u00e1cie o mo\u017enostiach mobil\u00edt a&nbsp;o konkr\u00e9tnom postupe administrat\u00edvneho zabezpe\u010denia.<\/li>\n\n\n\n<li><a href=\"https:\/\/www.upjs.sk\/filozoficka-fakulta\/info-pre-studentov\/mobility\/\" target=\"_blank\" aria-label=\"\u0160tudentsk\u00e9 mobility (opens in a new tab)\" rel=\"noreferrer noopener\" class=\"ek-link\"><strong>\u0160tudentsk\u00e9 mobility<\/strong><\/a><\/li>\n<\/ul>\n\n\n\n<div style=\"height:20px\" aria-hidden=\"true\" class=\"wp-block-spacer\"><\/div>\n\n\n\n<figure class=\"wp-block-table\"><table class=\"has-filozoficka-f-background-color has-background\"><tbody><tr><td><span style=\"font-size: 18px;\"><strong>\u00bb Akademick\u00fd informa\u010dn\u00fd syst\u00e9m AiS2<\/strong><\/span><\/td><\/tr><\/tbody><\/table><\/figure>\n\n\n\n<ul class=\"wp-block-list\">\n<li><strong><a href=\"https:\/\/ais2.upjs.sk\/ais\/portal\/changeTab.do?tab=3\" target=\"_blank\" rel=\"noopener\">probl\u00e9m s prihl\u00e1sen\u00edm<\/a><\/strong><\/li>\n\n\n\n<li><strong><a href=\"https:\/\/ais2.upjs.sk\/ais\/portal\/pages\/portal_layout.jsp?submenu=29\" target=\"_blank\" rel=\"noopener\">rie\u0161enie probl\u00e9mov s\u00favisiacich s pou\u017e\u00edvan\u00edm AiS2<\/a><\/strong><\/li>\n<\/ul>\n\n\n\n<div style=\"height:20px\" aria-hidden=\"true\" class=\"wp-block-spacer\"><\/div>\n\n\n\n<figure class=\"wp-block-table\"><table class=\"has-filozoficka-f-background-color has-background\"><tbody><tr><td><span style=\"font-size: 18px;\"><strong>\u00bb Office 365 (univerzitn\u00fd e-mail, MS Teams)<\/strong><\/span><\/td><\/tr><\/tbody><\/table><\/figure>\n\n\n\n<ul class=\"wp-block-list\">\n<li>rie\u0161enie u\u017e\u00edvate\u013esk\u00fdch a technick\u00fdch probl\u00e9mov<\/li>\n\n\n\n<li><strong><a href=\"https:\/\/www.upjs.sk\/app\/uploads\/sites\/7\/2024\/05\/AiS2-reset-hesla-Office365-sk.pdf\" target=\"_blank\" aria-label=\"reset Office 365 hesla (opens in a new tab)\" rel=\"noreferrer noopener\" class=\"ek-link\">reset Office 365 hesla<\/a><\/strong><\/li>\n<\/ul>\n\n\n\n<div style=\"height:20px\" aria-hidden=\"true\" class=\"wp-block-spacer\"><\/div>\n\n\n\n<figure class=\"wp-block-table\"><table class=\"has-filozoficka-f-background-color has-background\"><tbody><tr><td><span style=\"font-size: 18px;\"><strong>\u00bb Univerzitn\u00e9 poradensk\u00e9 centrum UNIPOC<\/strong><\/span><\/td><\/tr><\/tbody><\/table><\/figure>\n\n\n\n<ul class=\"wp-block-list\">\n<li><strong><a href=\"\/pracoviska\/unipoc\/poradenstvo\/\" target=\"_blank\" rel=\"noopener\">Poradenstvo<\/a><\/strong>\n<ul class=\"wp-block-list\">\n<li>pr\u00e1vne<\/li>\n\n\n\n<li>psychologick\u00e9<\/li>\n\n\n\n<li>soci\u00e1lne<\/li>\n\n\n\n<li>poradenstvo &#8211; efekt\u00edvne u\u010denie<\/li>\n<\/ul>\n<\/li>\n\n\n\n<li><strong><a href=\"\/pracoviska\/unipoc\/karierove-sluzby\/\" target=\"_blank\" rel=\"noopener\">Kari\u00e9rov\u00e9 slu\u017eby<\/a><\/strong><\/li>\n\n\n\n<li><strong><a href=\"\/pracoviska\/unipoc\/specialne-edukacne-potreby\/\" target=\"_blank\" rel=\"noopener\">Podpora \u0161tudentov so \u0161pecifick\u00fdmi potrebami<\/a><\/strong><\/li>\n<\/ul>\n\n\n\n<div style=\"height:20px\" aria-hidden=\"true\" class=\"wp-block-spacer\"><\/div>\n\n\n\n<figure class=\"wp-block-table\"><table class=\"has-filozoficka-f-background-color has-background\"><tbody><tr><td><span style=\"font-size: 18px;\"><strong>\u00bb ISIC<\/strong><\/span><\/td><\/tr><\/tbody><\/table><\/figure>\n\n\n\n<ul class=\"wp-block-list\">\n<li>V\u00fddaj a prolong\u00e1cia \u0161tudentsk\u00fdch preukazov ISIC.<\/li>\n\n\n\n<li>Kontakt: <strong><a href=\"\/pracoviska\/ciakt\/aio\/\" target=\"_blank\" rel=\"noopener\">Spr\u00e1va AIO<\/a><\/strong><\/li>\n<\/ul>\n","protected":false},"excerpt":{"rendered":"<p>\u00bb \u0160tudijn\u00e9 oddelenie \u00bb \u0160tudijn\u00fd poradca (t\u00fator) \u00bb Vyu\u010duj\u00faci \u00bb Osoba zodpovedn\u00e1 za realiz\u00e1ciu \u0161tudijn\u00e9ho programu \u00bb Ved\u00faci katedry \u00bb Koordin\u00e1tor \u0161tudentsk\u00fdch mobil\u00edt \u00bb Akademick\u00fd informa\u010dn\u00fd syst\u00e9m AiS2 \u00bb Office 365 (univerzitn\u00fd e-mail, MS Teams) \u00bb Univerzitn\u00e9 poradensk\u00e9 centrum UNIPOC \u00bb ISIC<\/p>\n","protected":false},"author":1,"featured_media":0,"parent":16333,"menu_order":9,"comment_status":"closed","ping_status":"closed","template":"","meta":{"_acf_changed":false,"_editorskit_title_hidden":false,"_editorskit_reading_time":1,"_editorskit_is_block_options_detached":false,"_editorskit_block_options_position":"{}","footnotes":""},"categories":[],"tags":[],"class_list":["post-11270","page","type-page","status-publish","hentry"],"acf":{"acf_link_na_externy_obsah":""},"yoast_head":"<!-- This site is optimized with the Yoast SEO plugin v27.2 - https:\/\/yoast.com\/product\/yoast-seo-wordpress\/ -->\n<title>Potrebuje\u0161 pom\u00f4c\u0165? - Filozofick\u00e1 fakulta | UPJ\u0160<\/title>\n<meta name=\"robots\" content=\"index, follow, max-snippet:-1, max-image-preview:large, max-video-preview:-1\" \/>\n<link rel=\"canonical\" href=\"https:\/\/www.upjs.sk\/filozoficka-fakulta\/info-pre-studentov\/help\/\" \/>\n<meta property=\"og:locale\" content=\"sk_SK\" \/>\n<meta property=\"og:type\" content=\"article\" \/>\n<meta property=\"og:title\" content=\"Potrebuje\u0161 pom\u00f4c\u0165? - Filozofick\u00e1 fakulta | UPJ\u0160\" \/>\n<meta property=\"og:description\" content=\"\u00bb \u0160tudijn\u00e9 oddelenie \u00bb \u0160tudijn\u00fd poradca (t\u00fator) \u00bb Vyu\u010duj\u00faci \u00bb Osoba zodpovedn\u00e1 za realiz\u00e1ciu \u0161tudijn\u00e9ho programu \u00bb Ved\u00faci katedry \u00bb Koordin\u00e1tor \u0161tudentsk\u00fdch mobil\u00edt \u00bb Akademick\u00fd informa\u010dn\u00fd syst\u00e9m AiS2 \u00bb Office 365 (univerzitn\u00fd e-mail, MS Teams) \u00bb Univerzitn\u00e9 poradensk\u00e9 centrum UNIPOC \u00bb ISIC\" \/>\n<meta property=\"og:url\" content=\"https:\/\/www.upjs.sk\/filozoficka-fakulta\/info-pre-studentov\/help\/\" \/>\n<meta property=\"og:site_name\" content=\"Filozofick\u00e1 fakulta | UPJ\u0160\" \/>\n<meta property=\"article:modified_time\" content=\"2026-04-07T12:44:08+00:00\" \/>\n<meta name=\"twitter:card\" content=\"summary_large_image\" \/>\n<meta name=\"twitter:label1\" content=\"Predpokladan\u00fd \u010das \u010d\u00edtania\" \/>\n\t<meta name=\"twitter:data1\" content=\"2 min\u00faty\" \/>\n<script type=\"application\/ld+json\" class=\"yoast-schema-graph\">{\"@context\":\"https:\/\/schema.org\",\"@graph\":[{\"@type\":\"WebPage\",\"@id\":\"https:\/\/www.upjs.sk\/filozoficka-fakulta\/info-pre-studentov\/help\/\",\"url\":\"https:\/\/www.upjs.sk\/filozoficka-fakulta\/info-pre-studentov\/help\/\",\"name\":\"Potrebuje\u0161 pom\u00f4c\u0165? - Filozofick\u00e1 fakulta | UPJ\u0160\",\"isPartOf\":{\"@id\":\"https:\/\/www.upjs.sk\/filozoficka-fakulta\/#website\"},\"datePublished\":\"2022-08-24T08:43:38+00:00\",\"dateModified\":\"2026-04-07T12:44:08+00:00\",\"breadcrumb\":{\"@id\":\"https:\/\/www.upjs.sk\/filozoficka-fakulta\/info-pre-studentov\/help\/#breadcrumb\"},\"inLanguage\":\"sk-SK\",\"potentialAction\":[{\"@type\":\"ReadAction\",\"target\":[\"https:\/\/www.upjs.sk\/filozoficka-fakulta\/info-pre-studentov\/help\/\"]}]},{\"@type\":\"BreadcrumbList\",\"@id\":\"https:\/\/www.upjs.sk\/filozoficka-fakulta\/info-pre-studentov\/help\/#breadcrumb\",\"itemListElement\":[{\"@type\":\"ListItem\",\"position\":1,\"name\":\"Home\",\"item\":\"https:\/\/www.upjs.sk\/filozoficka-fakulta\/\"},{\"@type\":\"ListItem\",\"position\":2,\"name\":\"\u0160t\u00fadium na fakulte\",\"item\":\"https:\/\/www.upjs.sk\/filozoficka-fakulta\/info-pre-studentov\/\"},{\"@type\":\"ListItem\",\"position\":3,\"name\":\"Potrebuje\u0161 pom\u00f4c\u0165?\"}]},{\"@type\":\"WebSite\",\"@id\":\"https:\/\/www.upjs.sk\/filozoficka-fakulta\/#website\",\"url\":\"https:\/\/www.upjs.sk\/filozoficka-fakulta\/\",\"name\":\"Filozofick\u00e1 fakulta | UPJ\u0160\",\"description\":\"\",\"publisher\":{\"@id\":\"https:\/\/www.upjs.sk\/filozoficka-fakulta\/#organization\"},\"potentialAction\":[{\"@type\":\"SearchAction\",\"target\":{\"@type\":\"EntryPoint\",\"urlTemplate\":\"https:\/\/www.upjs.sk\/filozoficka-fakulta\/?s={search_term_string}\"},\"query-input\":{\"@type\":\"PropertyValueSpecification\",\"valueRequired\":true,\"valueName\":\"search_term_string\"}}],\"inLanguage\":\"sk-SK\"},{\"@type\":\"Organization\",\"@id\":\"https:\/\/www.upjs.sk\/filozoficka-fakulta\/#organization\",\"name\":\"Filozofick\u00e1 fakulta | UPJ\u0160\",\"url\":\"https:\/\/www.upjs.sk\/filozoficka-fakulta\/\",\"logo\":{\"@type\":\"ImageObject\",\"inLanguage\":\"sk-SK\",\"@id\":\"https:\/\/www.upjs.sk\/filozoficka-fakulta\/#\/schema\/logo\/image\/\",\"url\":\"https:\/\/www.upjs.sk\/app\/uploads\/sites\/7\/2022\/09\/logo-filozoficka-fakulta.png\",\"contentUrl\":\"https:\/\/www.upjs.sk\/app\/uploads\/sites\/7\/2022\/09\/logo-filozoficka-fakulta.png\",\"width\":415,\"height\":87,\"caption\":\"Filozofick\u00e1 fakulta | UPJ\u0160\"},\"image\":{\"@id\":\"https:\/\/www.upjs.sk\/filozoficka-fakulta\/#\/schema\/logo\/image\/\"}}]}<\/script>\n<!-- \/ Yoast SEO plugin. -->","yoast_head_json":{"title":"Potrebuje\u0161 pom\u00f4c\u0165? - Filozofick\u00e1 fakulta | UPJ\u0160","robots":{"index":"index","follow":"follow","max-snippet":"max-snippet:-1","max-image-preview":"max-image-preview:large","max-video-preview":"max-video-preview:-1"},"canonical":"https:\/\/www.upjs.sk\/filozoficka-fakulta\/info-pre-studentov\/help\/","og_locale":"sk_SK","og_type":"article","og_title":"Potrebuje\u0161 pom\u00f4c\u0165? - Filozofick\u00e1 fakulta | UPJ\u0160","og_description":"\u00bb \u0160tudijn\u00e9 oddelenie \u00bb \u0160tudijn\u00fd poradca (t\u00fator) \u00bb Vyu\u010duj\u00faci \u00bb Osoba zodpovedn\u00e1 za realiz\u00e1ciu \u0161tudijn\u00e9ho programu \u00bb Ved\u00faci katedry \u00bb Koordin\u00e1tor \u0161tudentsk\u00fdch mobil\u00edt \u00bb Akademick\u00fd informa\u010dn\u00fd syst\u00e9m AiS2 \u00bb Office 365 (univerzitn\u00fd e-mail, MS Teams) \u00bb Univerzitn\u00e9 poradensk\u00e9 centrum UNIPOC \u00bb ISIC","og_url":"https:\/\/www.upjs.sk\/filozoficka-fakulta\/info-pre-studentov\/help\/","og_site_name":"Filozofick\u00e1 fakulta | UPJ\u0160","article_modified_time":"2026-04-07T12:44:08+00:00","twitter_card":"summary_large_image","twitter_misc":{"Predpokladan\u00fd \u010das \u010d\u00edtania":"2 min\u00faty"},"schema":{"@context":"https:\/\/schema.org","@graph":[{"@type":"WebPage","@id":"https:\/\/www.upjs.sk\/filozoficka-fakulta\/info-pre-studentov\/help\/","url":"https:\/\/www.upjs.sk\/filozoficka-fakulta\/info-pre-studentov\/help\/","name":"Potrebuje\u0161 pom\u00f4c\u0165? - Filozofick\u00e1 fakulta | UPJ\u0160","isPartOf":{"@id":"https:\/\/www.upjs.sk\/filozoficka-fakulta\/#website"},"datePublished":"2022-08-24T08:43:38+00:00","dateModified":"2026-04-07T12:44:08+00:00","breadcrumb":{"@id":"https:\/\/www.upjs.sk\/filozoficka-fakulta\/info-pre-studentov\/help\/#breadcrumb"},"inLanguage":"sk-SK","potentialAction":[{"@type":"ReadAction","target":["https:\/\/www.upjs.sk\/filozoficka-fakulta\/info-pre-studentov\/help\/"]}]},{"@type":"BreadcrumbList","@id":"https:\/\/www.upjs.sk\/filozoficka-fakulta\/info-pre-studentov\/help\/#breadcrumb","itemListElement":[{"@type":"ListItem","position":1,"name":"Home","item":"https:\/\/www.upjs.sk\/filozoficka-fakulta\/"},{"@type":"ListItem","position":2,"name":"\u0160t\u00fadium na fakulte","item":"https:\/\/www.upjs.sk\/filozoficka-fakulta\/info-pre-studentov\/"},{"@type":"ListItem","position":3,"name":"Potrebuje\u0161 pom\u00f4c\u0165?"}]},{"@type":"WebSite","@id":"https:\/\/www.upjs.sk\/filozoficka-fakulta\/#website","url":"https:\/\/www.upjs.sk\/filozoficka-fakulta\/","name":"Filozofick\u00e1 fakulta | UPJ\u0160","description":"","publisher":{"@id":"https:\/\/www.upjs.sk\/filozoficka-fakulta\/#organization"},"potentialAction":[{"@type":"SearchAction","target":{"@type":"EntryPoint","urlTemplate":"https:\/\/www.upjs.sk\/filozoficka-fakulta\/?s={search_term_string}"},"query-input":{"@type":"PropertyValueSpecification","valueRequired":true,"valueName":"search_term_string"}}],"inLanguage":"sk-SK"},{"@type":"Organization","@id":"https:\/\/www.upjs.sk\/filozoficka-fakulta\/#organization","name":"Filozofick\u00e1 fakulta | UPJ\u0160","url":"https:\/\/www.upjs.sk\/filozoficka-fakulta\/","logo":{"@type":"ImageObject","inLanguage":"sk-SK","@id":"https:\/\/www.upjs.sk\/filozoficka-fakulta\/#\/schema\/logo\/image\/","url":"https:\/\/www.upjs.sk\/app\/uploads\/sites\/7\/2022\/09\/logo-filozoficka-fakulta.png","contentUrl":"https:\/\/www.upjs.sk\/app\/uploads\/sites\/7\/2022\/09\/logo-filozoficka-fakulta.png","width":415,"height":87,"caption":"Filozofick\u00e1 fakulta | UPJ\u0160"},"image":{"@id":"https:\/\/www.upjs.sk\/filozoficka-fakulta\/#\/schema\/logo\/image\/"}}]}},"_links":{"self":[{"href":"https:\/\/www.upjs.sk\/filozoficka-fakulta\/wp-json\/wp\/v2\/pages\/11270","targetHints":{"allow":["GET"]}}],"collection":[{"href":"https:\/\/www.upjs.sk\/filozoficka-fakulta\/wp-json\/wp\/v2\/pages"}],"about":[{"href":"https:\/\/www.upjs.sk\/filozoficka-fakulta\/wp-json\/wp\/v2\/types\/page"}],"author":[{"embeddable":true,"href":"https:\/\/www.upjs.sk\/filozoficka-fakulta\/wp-json\/wp\/v2\/users\/1"}],"replies":[{"embeddable":true,"href":"https:\/\/www.upjs.sk\/filozoficka-fakulta\/wp-json\/wp\/v2\/comments?post=11270"}],"version-history":[{"count":20,"href":"https:\/\/www.upjs.sk\/filozoficka-fakulta\/wp-json\/wp\/v2\/pages\/11270\/revisions"}],"predecessor-version":[{"id":59528,"href":"https:\/\/www.upjs.sk\/filozoficka-fakulta\/wp-json\/wp\/v2\/pages\/11270\/revisions\/59528"}],"up":[{"embeddable":true,"href":"https:\/\/www.upjs.sk\/filozoficka-fakulta\/wp-json\/wp\/v2\/pages\/16333"}],"wp:attachment":[{"href":"https:\/\/www.upjs.sk\/filozoficka-fakulta\/wp-json\/wp\/v2\/media?parent=11270"}],"wp:term":[{"taxonomy":"category","embeddable":true,"href":"https:\/\/www.upjs.sk\/filozoficka-fakulta\/wp-json\/wp\/v2\/categories?post=11270"},{"taxonomy":"post_tag","embeddable":true,"href":"https:\/\/www.upjs.sk\/filozoficka-fakulta\/wp-json\/wp\/v2\/tags?post=11270"}],"curies":[{"name":"wp","href":"https:\/\/api.w.org\/{rel}","templated":true}]}}